{"id":201690,"date":"2025-10-15T15:56:09","date_gmt":"2025-10-15T13:56:09","guid":{"rendered":"https:\/\/www.sestogrado.it\/?post_type=product&#038;p=201690"},"modified":"2026-02-05T12:25:12","modified_gmt":"2026-02-05T11:25:12","slug":"camp-g-blizzard-guanti-da-alpinismo","status":"publish","type":"product","link":"https:\/\/www.sestogrado.it\/it\/prodotto\/camp-g-blizzard-guanti-da-alpinismo\/","title":{"rendered":"Camp G Blizzard guanti da alpinismo"},"content":{"rendered":"<p>I Camp G Blizzard sono dei guanti molto caldi, all&#8217;insegna della polivalenza, dedicati ad alpinismo invernale, misto, scialpinismo. E&#8217; un guanto\u00a0studiato per ottime prestazioni in tutte le attivit\u00e0 in montagna durante le giornate pi\u00f9 fredde. La termicit\u00e0 \u00e8 garantita dall\u2019imbottitura in PrimaLoft\u00ae Gold 100 g\/m<sup>2<\/sup>\u00a0e Hyperloft 100 g\/m<sup>2<\/sup>\u00a0sul dorso e PrimaLoft<sup>\u00ae<\/sup>\u00a0Gold Eco Grip Control 100 g\/m<sup>2<\/sup>\u00a0sul palmo. L\u2019imbottitura in PrimaLoft\u00ae Gold Eco Grip Control, il palmo con tecnologia \u201cNo Slip\u201d (antiscivolo) e le dita con costruzione \u201cRound Finger\u201d, senza cuciture sulla punta, assicurano un\u2019ottima precisione e presa sugli attrezzi. Oltre alla normale chiusura, un cinturino con velcro permette di stringere il G Blizzard all\u2019altezza del polso, incrementando l\u2019isolamento termico e l\u2019aderenza del guanto sulla mano. La membrana DRYZONE<sup>\u00ae<\/sup>\u00a0assicura l\u2019impermeabilit\u00e0, mentre la pelle di capra \u00e8 sinonimo di robustezza e durata.<\/p>\n<ul>\n<li>Guanto robusto, molto caldo, sensibile e polivalente<\/li>\n<li>Palmo con tecnologia \u201cNo Slip\u201d (antiscivolo) per garantire la miglior presa sugli attrezzi<\/li>\n<li>Membrana DRYZONE<sup>\u00ae<\/sup>\u00a0impermeabile e traspirante<\/li>\n<li>Imbottitura in PrimaLoft<sup>\u00ae<\/sup>\u00a0Gold 100 g\/m<sup>2<\/sup>\u00a0+ Hyperloft 100 g\/m<sup>2<\/sup>\u00a0sul dorso e in PrimaLoft\u00ae Gold Eco Grip Control 100 g\/m<sup>2<\/sup>\u00a0sul palmo<\/li>\n<li>Palmo, dorso e dita in morbida e resistente pelle di capra, idrorepellente e traspirante<\/li>\n<li>Dita preformate con costruzione \u201cRound Finger\u201d senza cuciture sulla punta, con fourchette per una vestibilit\u00e0 performante e una presa solida e precisa sugli attrezzi<\/li>\n<li>Pollice e indice touch screen<\/li>\n<li>Polso allungato con lacciolo elastico per evitare di perdere il guanto quando non indossato<\/li>\n<li>Tiretto sul polso per calzare il guanto<\/li>\n<li>Doppia chiusura con velcro, anteriore e posteriore, per incrementare l\u2019isolamento e assicurare la massima aderenza del guanto sulla mano<\/li>\n<li>Asola sul dito medio per appendere il guanto quando non in uso<\/li>\n<li>Fibbie per accoppiare i guanti<\/li>\n<\/ul>\n<p>Come scegliere la taglia:<\/p>\n<p><img decoding=\"async\" class=\"size-full wp-image-23609 img-fluid alignnone\" src=\"https:\/\/www.sestogrado.it\/wp-content\/uploads\/2019\/10\/mano.png\" alt=\"mano\" width=\"300\" height=\"300\" srcset=\"https:\/\/www.sestogrado.it\/wp-content\/uploads\/2019\/10\/mano.png 300w, https:\/\/www.sestogrado.it\/wp-content\/uploads\/2019\/10\/mano-100x100.png 100w, https:\/\/www.sestogrado.it\/wp-content\/uploads\/2019\/10\/mano-220x220.png 220w, https:\/\/www.sestogrado.it\/wp-content\/uploads\/2019\/10\/mano-150x150.png 150w, https:\/\/www.sestogrado.it\/wp-content\/uploads\/2019\/10\/mano-45x45.png 45w, https:\/\/www.sestogrado.it\/wp-content\/uploads\/2019\/10\/mano-64x64.png 64w, https:\/\/www.sestogrado.it\/wp-content\/uploads\/2019\/10\/mano-80x80.png 80w\" sizes=\"(max-width: 300px) 100vw, 300px\" \/><\/p>\n<p>&nbsp;<\/p>\n<p>XS 12.7cm<\/p>\n<p>S 15.24cm<\/p>\n<p>M 17.78cm<\/p>\n<p>L 20.32cm<\/p>\n<p>XL 22.86cm<\/p>\n<p>XXL 25.40cm<\/p>\n<p>XXXL 27.94cm<\/p>\n<p>&nbsp;<\/p>\n<p>&nbsp;<\/p>\n<p>Passione, lavoro e semplicit\u00e0 sono alcune delle parole chiave che da sempre hanno contraddistinto il modo di essere di C.A.M.P. Fondata nel 1889 a Premana, paese dell\u2019alta Valsassina dove tutt\u2019oggi ha la sua sede, C.A.M.P. realizza prodotti che aiutano a realizzare i sogni ed i progetti di tutti coloro che frequentano la montagna.<\/p>","protected":false},"excerpt":{"rendered":"<p>I Camp G Blizzard sono dei guanti molto caldi, all&#8217;insegna della polivalenza, dedicati ad alpinismo invernale, misto, scialpinismo. E&#8217; un [&hellip;]<\/p>\n","protected":false},"featured_media":201698,"comment_status":"open","ping_status":"closed","template":"","meta":{"_acf_changed":false},"product_brand":[31],"product_cat":[1428],"product_tag":[],"class_list":{"0":"post-201690","1":"product","2":"type-product","3":"status-publish","4":"has-post-thumbnail","6":"product_brand-camp","7":"product_cat-guanti-da-alpinismo","9":"first","10":"instock","11":"sale","12":"taxable","13":"shipping-taxable","14":"purchasable","15":"product-type-variable"},"acf":[],"yoast_head":"<!-- This site is optimized with the Yoast SEO plugin v26.4 - https:\/\/yoast.com\/wordpress\/plugins\/seo\/ -->\n<title>Camp G Blizzard guanti da alpinismo - Sestogrado<\/title>\n<meta name=\"description\" content=\"I Camp G Blizzard sono dei guanti molto caldi, all&#039;insegna della polivalenza, dedicati ad alpinismo invernale, misto, scialpinismo. E&#039; un guanto\u00a0studiato per ottime prestazioni in tutte le attivit\u00e0 in montagna durante le giornate pi\u00f9 fredde. La termicit\u00e0 \u00e8 garantita dall\u2019imbottitura in PrimaLoft\u00ae Gold 100 g\/m2\u00a0e Hyperloft 100 g\/m2\u00a0sul dorso e PrimaLoft\u00ae\u00a0Gold Eco Grip Control 100 g\/m2\u00a0sul palmo. L\u2019imbottitura in PrimaLoft\u00ae Gold Eco Grip Control, il palmo con tecnologia \u201cNo Slip\u201d (antiscivolo) e le dita con costruzione \u201cRound Finger\u201d, senza cuciture sulla punta, assicurano un\u2019ottima precisione e presa sugli attrezzi. Oltre alla normale chiusura, un cinturino con velcro permette di stringere il G Blizzard all\u2019altezza del polso, incrementando l\u2019isolamento termico e l\u2019aderenza del guanto sulla mano. La membrana DRYZONE\u00ae\u00a0assicura l\u2019impermeabilit\u00e0, mentre la pelle di capra \u00e8 sinonimo di robustezza e durata.\" \/>\n<meta name=\"robots\" content=\"index, follow, max-snippet:-1, max-image-preview:large, max-video-preview:-1\" \/>\n<link rel=\"canonical\" href=\"https:\/\/www.sestogrado.it\/it\/prodotto\/camp-g-blizzard-guanti-da-alpinismo\/\" \/>\n<meta property=\"og:locale\" content=\"it_IT\" \/>\n<meta property=\"og:type\" content=\"article\" \/>\n<meta property=\"og:title\" content=\"Camp G Blizzard guanti da alpinismo - Sestogrado\" \/>\n<meta property=\"og:description\" content=\"I Camp G Blizzard sono dei guanti molto caldi, all&#039;insegna della polivalenza, dedicati ad alpinismo invernale, misto, scialpinismo. E&#039; un guanto\u00a0studiato per ottime prestazioni in tutte le attivit\u00e0 in montagna durante le giornate pi\u00f9 fredde. La termicit\u00e0 \u00e8 garantita dall\u2019imbottitura in PrimaLoft\u00ae Gold 100 g\/m2\u00a0e Hyperloft 100 g\/m2\u00a0sul dorso e PrimaLoft\u00ae\u00a0Gold Eco Grip Control 100 g\/m2\u00a0sul palmo. L\u2019imbottitura in PrimaLoft\u00ae Gold Eco Grip Control, il palmo con tecnologia \u201cNo Slip\u201d (antiscivolo) e le dita con costruzione \u201cRound Finger\u201d, senza cuciture sulla punta, assicurano un\u2019ottima precisione e presa sugli attrezzi. Oltre alla normale chiusura, un cinturino con velcro permette di stringere il G Blizzard all\u2019altezza del polso, incrementando l\u2019isolamento termico e l\u2019aderenza del guanto sulla mano. La membrana DRYZONE\u00ae\u00a0assicura l\u2019impermeabilit\u00e0, mentre la pelle di capra \u00e8 sinonimo di robustezza e durata.\" \/>\n<meta property=\"og:url\" content=\"https:\/\/www.sestogrado.it\/it\/prodotto\/camp-g-blizzard-guanti-da-alpinismo\/\" \/>\n<meta property=\"og:site_name\" content=\"Sestogrado\" \/>\n<meta property=\"article:publisher\" content=\"https:\/\/www.facebook.com\/pages\/Sestogrado\/1542635979353017?ref=bookmarks\" \/>\n<meta property=\"article:modified_time\" content=\"2026-02-05T11:25:12+00:00\" \/>\n<meta property=\"og:image\" content=\"https:\/\/www.sestogrado.it\/wp-content\/uploads\/2025\/10\/01.jpg\" \/>\n\t<meta property=\"og:image:width\" content=\"1200\" \/>\n\t<meta property=\"og:image:height\" content=\"1200\" \/>\n\t<meta property=\"og:image:type\" content=\"image\/jpeg\" \/>\n<meta name=\"twitter:label1\" content=\"Disponibilit\u00e0\" \/>\n\t<meta name=\"twitter:data1\" content=\"In stock\" \/>\n<script type=\"application\/ld+json\" class=\"yoast-schema-graph\">{\"@context\":\"https:\/\/schema.org\",\"@graph\":[{\"@type\":\"WebPage\",\"@id\":\"https:\/\/www.sestogrado.it\/it\/prodotto\/camp-g-blizzard-guanti-da-alpinismo\/\",\"url\":\"https:\/\/www.sestogrado.it\/it\/prodotto\/camp-g-blizzard-guanti-da-alpinismo\/\",\"name\":\"Camp G Blizzard guanti da alpinismo - Sestogrado\",\"isPartOf\":{\"@id\":\"https:\/\/www.sestogrado.it\/it\/#website\"},\"primaryImageOfPage\":{\"@id\":\"https:\/\/www.sestogrado.it\/it\/prodotto\/camp-g-blizzard-guanti-da-alpinismo\/#primaryimage\"},\"image\":{\"@id\":\"https:\/\/www.sestogrado.it\/prodotto\/camp-g-blizzard-guanti-da-alpinismo\/#primaryimage\"},\"thumbnailUrl\":\"https:\/\/www.sestogrado.it\/wp-content\/uploads\/2025\/10\/01.jpg\",\"datePublished\":\"2025-10-15T13:56:09+00:00\",\"dateModified\":\"2026-02-05T11:25:12+00:00\",\"description\":\"I Camp G Blizzard sono dei guanti molto caldi, all'insegna della polivalenza, dedicati ad alpinismo invernale, misto, scialpinismo. E' un guanto\u00a0studiato per ottime prestazioni in tutte le attivit\u00e0 in montagna durante le giornate pi\u00f9 fredde. La termicit\u00e0 \u00e8 garantita dall\u2019imbottitura in PrimaLoft\u00ae Gold 100 g\/m2\u00a0e Hyperloft 100 g\/m2\u00a0sul dorso e PrimaLoft\u00ae\u00a0Gold Eco Grip Control 100 g\/m2\u00a0sul palmo. L\u2019imbottitura in PrimaLoft\u00ae Gold Eco Grip Control, il palmo con tecnologia \u201cNo Slip\u201d (antiscivolo) e le dita con costruzione \u201cRound Finger\u201d, senza cuciture sulla punta, assicurano un\u2019ottima precisione e presa sugli attrezzi. Oltre alla normale chiusura, un cinturino con velcro permette di stringere il G Blizzard all\u2019altezza del polso, incrementando l\u2019isolamento termico e l\u2019aderenza del guanto sulla mano. La membrana DRYZONE\u00ae\u00a0assicura l\u2019impermeabilit\u00e0, mentre la pelle di capra \u00e8 sinonimo di robustezza e durata.\",\"breadcrumb\":{\"@id\":\"https:\/\/www.sestogrado.it\/it\/prodotto\/camp-g-blizzard-guanti-da-alpinismo\/#breadcrumb\"},\"inLanguage\":\"it-IT\",\"potentialAction\":[{\"@type\":\"ReadAction\",\"target\":[[\"https:\/\/www.sestogrado.it\/it\/prodotto\/camp-g-blizzard-guanti-da-alpinismo\/\"]]}]},{\"@type\":\"ImageObject\",\"inLanguage\":\"it-IT\",\"@id\":\"https:\/\/www.sestogrado.it\/it\/prodotto\/camp-g-blizzard-guanti-da-alpinismo\/#primaryimage\",\"url\":\"https:\/\/www.sestogrado.it\/wp-content\/uploads\/2025\/10\/01.jpg\",\"contentUrl\":\"https:\/\/www.sestogrado.it\/wp-content\/uploads\/2025\/10\/01.jpg\",\"width\":1200,\"height\":1200,\"caption\":\"camp g blizzard\"},{\"@type\":\"BreadcrumbList\",\"@id\":\"https:\/\/www.sestogrado.it\/it\/prodotto\/camp-g-blizzard-guanti-da-alpinismo\/#breadcrumb\",\"itemListElement\":[{\"@type\":\"ListItem\",\"position\":1,\"name\":\"Home\",\"item\":\"https:\/\/www.sestogrado.it\/it\/\"},{\"@type\":\"ListItem\",\"position\":2,\"name\":\"Shop\",\"item\":\"https:\/\/www.sestogrado.it\/it\/shop\/\"},{\"@type\":\"ListItem\",\"position\":3,\"name\":\"Camp G Blizzard guanti da alpinismo\"}]},{\"@type\":\"WebSite\",\"@id\":\"https:\/\/www.sestogrado.it\/it\/#website\",\"url\":\"https:\/\/www.sestogrado.it\/it\/\",\"name\":\"Sestogrado\",\"description\":\"yes we climb\",\"publisher\":{\"@id\":\"https:\/\/www.sestogrado.it\/it\/#organization\"},\"potentialAction\":[{\"@type\":\"SearchAction\",\"target\":{\"@type\":\"EntryPoint\",\"urlTemplate\":\"https:\/\/www.sestogrado.it\/it\/?s={search_term_string}\"},\"query-input\":{\"@type\":\"PropertyValueSpecification\",\"valueRequired\":true,\"valueName\":\"search_term_string\"}}],\"inLanguage\":\"it-IT\"},{\"@type\":\"Organization\",\"@id\":\"https:\/\/www.sestogrado.it\/it\/#organization\",\"name\":\"Sestogrado\",\"url\":\"https:\/\/www.sestogrado.it\/it\/\",\"logo\":{\"@type\":\"ImageObject\",\"inLanguage\":\"it-IT\",\"@id\":\"https:\/\/www.sestogrado.it\/it\/#\/schema\/logo\/image\/\",\"url\":\"https:\/\/www.sestogrado.it\/wp-content\/uploads\/2015\/03\/sestogrado-favicon.png\",\"contentUrl\":\"https:\/\/www.sestogrado.it\/wp-content\/uploads\/2015\/03\/sestogrado-favicon.png\",\"width\":260,\"height\":260,\"caption\":\"Sestogrado\"},\"image\":{\"@id\":\"https:\/\/www.sestogrado.it\/it\/#\/schema\/logo\/image\/\"},\"sameAs\":[\"https:\/\/www.facebook.com\/pages\/Sestogrado\/1542635979353017?ref=bookmarks\",\"https:\/\/www.youtube.com\/channel\/UC847kAfTkaJsWpc1jtQwr3Q\"],\"hasMerchantReturnPolicy\":{\"@type\":\"MerchantReturnPolicy\",\"merchantReturnLink\":\"https:\/\/www.sestogrado.it\/it\/termini-e-condizioni\/\"}}]}<\/script>\n<meta property=\"product:brand\" content=\"Camp\" \/>\n<meta property=\"og:availability\" content=\"instock\" \/>\n<meta property=\"product:availability\" content=\"instock\" \/>\n<meta property=\"product:condition\" content=\"new\" \/>\n<!-- \/ Yoast SEO plugin. -->","yoast_head_json":{"title":"Camp G Blizzard guanti da alpinismo - Sestogrado","description":"I Camp G Blizzard sono dei guanti molto caldi, all'insegna della polivalenza, dedicati ad alpinismo invernale, misto, scialpinismo. E' un guanto\u00a0studiato per ottime prestazioni in tutte le attivit\u00e0 in montagna durante le giornate pi\u00f9 fredde. La termicit\u00e0 \u00e8 garantita dall\u2019imbottitura in PrimaLoft\u00ae Gold 100 g\/m2\u00a0e Hyperloft 100 g\/m2\u00a0sul dorso e PrimaLoft\u00ae\u00a0Gold Eco Grip Control 100 g\/m2\u00a0sul palmo. L\u2019imbottitura in PrimaLoft\u00ae Gold Eco Grip Control, il palmo con tecnologia \u201cNo Slip\u201d (antiscivolo) e le dita con costruzione \u201cRound Finger\u201d, senza cuciture sulla punta, assicurano un\u2019ottima precisione e presa sugli attrezzi. Oltre alla normale chiusura, un cinturino con velcro permette di stringere il G Blizzard all\u2019altezza del polso, incrementando l\u2019isolamento termico e l\u2019aderenza del guanto sulla mano. La membrana DRYZONE\u00ae\u00a0assicura l\u2019impermeabilit\u00e0, mentre la pelle di capra \u00e8 sinonimo di robustezza e durata.","robots":{"index":"index","follow":"follow","max-snippet":"max-snippet:-1","max-image-preview":"max-image-preview:large","max-video-preview":"max-video-preview:-1"},"canonical":"https:\/\/www.sestogrado.it\/it\/prodotto\/camp-g-blizzard-guanti-da-alpinismo\/","og_locale":"it_IT","og_type":"article","og_title":"Camp G Blizzard guanti da alpinismo - Sestogrado","og_description":"I Camp G Blizzard sono dei guanti molto caldi, all'insegna della polivalenza, dedicati ad alpinismo invernale, misto, scialpinismo. E' un guanto\u00a0studiato per ottime prestazioni in tutte le attivit\u00e0 in montagna durante le giornate pi\u00f9 fredde. La termicit\u00e0 \u00e8 garantita dall\u2019imbottitura in PrimaLoft\u00ae Gold 100 g\/m2\u00a0e Hyperloft 100 g\/m2\u00a0sul dorso e PrimaLoft\u00ae\u00a0Gold Eco Grip Control 100 g\/m2\u00a0sul palmo. L\u2019imbottitura in PrimaLoft\u00ae Gold Eco Grip Control, il palmo con tecnologia \u201cNo Slip\u201d (antiscivolo) e le dita con costruzione \u201cRound Finger\u201d, senza cuciture sulla punta, assicurano un\u2019ottima precisione e presa sugli attrezzi. Oltre alla normale chiusura, un cinturino con velcro permette di stringere il G Blizzard all\u2019altezza del polso, incrementando l\u2019isolamento termico e l\u2019aderenza del guanto sulla mano. La membrana DRYZONE\u00ae\u00a0assicura l\u2019impermeabilit\u00e0, mentre la pelle di capra \u00e8 sinonimo di robustezza e durata.","og_url":"https:\/\/www.sestogrado.it\/it\/prodotto\/camp-g-blizzard-guanti-da-alpinismo\/","og_site_name":"Sestogrado","article_publisher":"https:\/\/www.facebook.com\/pages\/Sestogrado\/1542635979353017?ref=bookmarks","article_modified_time":"2026-02-05T11:25:12+00:00","og_image":[{"width":1200,"height":1200,"url":"https:\/\/www.sestogrado.it\/wp-content\/uploads\/2025\/10\/01.jpg","type":"image\/jpeg"}],"twitter_misc":{"Disponibilit\u00e0":"In stock"},"schema":{"@context":"https:\/\/schema.org","@graph":[{"@type":"WebPage","@id":"https:\/\/www.sestogrado.it\/it\/prodotto\/camp-g-blizzard-guanti-da-alpinismo\/","url":"https:\/\/www.sestogrado.it\/it\/prodotto\/camp-g-blizzard-guanti-da-alpinismo\/","name":"Camp G Blizzard guanti da alpinismo - Sestogrado","isPartOf":{"@id":"https:\/\/www.sestogrado.it\/it\/#website"},"primaryImageOfPage":{"@id":"https:\/\/www.sestogrado.it\/it\/prodotto\/camp-g-blizzard-guanti-da-alpinismo\/#primaryimage"},"image":{"@id":"https:\/\/www.sestogrado.it\/prodotto\/camp-g-blizzard-guanti-da-alpinismo\/#primaryimage"},"thumbnailUrl":"https:\/\/www.sestogrado.it\/wp-content\/uploads\/2025\/10\/01.jpg","datePublished":"2025-10-15T13:56:09+00:00","dateModified":"2026-02-05T11:25:12+00:00","description":"I Camp G Blizzard sono dei guanti molto caldi, all'insegna della polivalenza, dedicati ad alpinismo invernale, misto, scialpinismo. E' un guanto\u00a0studiato per ottime prestazioni in tutte le attivit\u00e0 in montagna durante le giornate pi\u00f9 fredde. La termicit\u00e0 \u00e8 garantita dall\u2019imbottitura in PrimaLoft\u00ae Gold 100 g\/m2\u00a0e Hyperloft 100 g\/m2\u00a0sul dorso e PrimaLoft\u00ae\u00a0Gold Eco Grip Control 100 g\/m2\u00a0sul palmo. L\u2019imbottitura in PrimaLoft\u00ae Gold Eco Grip Control, il palmo con tecnologia \u201cNo Slip\u201d (antiscivolo) e le dita con costruzione \u201cRound Finger\u201d, senza cuciture sulla punta, assicurano un\u2019ottima precisione e presa sugli attrezzi. Oltre alla normale chiusura, un cinturino con velcro permette di stringere il G Blizzard all\u2019altezza del polso, incrementando l\u2019isolamento termico e l\u2019aderenza del guanto sulla mano. La membrana DRYZONE\u00ae\u00a0assicura l\u2019impermeabilit\u00e0, mentre la pelle di capra \u00e8 sinonimo di robustezza e durata.","breadcrumb":{"@id":"https:\/\/www.sestogrado.it\/it\/prodotto\/camp-g-blizzard-guanti-da-alpinismo\/#breadcrumb"},"inLanguage":"it-IT","potentialAction":[{"@type":"ReadAction","target":[["https:\/\/www.sestogrado.it\/it\/prodotto\/camp-g-blizzard-guanti-da-alpinismo\/"]]}]},{"@type":"ImageObject","inLanguage":"it-IT","@id":"https:\/\/www.sestogrado.it\/it\/prodotto\/camp-g-blizzard-guanti-da-alpinismo\/#primaryimage","url":"https:\/\/www.sestogrado.it\/wp-content\/uploads\/2025\/10\/01.jpg","contentUrl":"https:\/\/www.sestogrado.it\/wp-content\/uploads\/2025\/10\/01.jpg","width":1200,"height":1200,"caption":"camp g blizzard"},{"@type":"BreadcrumbList","@id":"https:\/\/www.sestogrado.it\/it\/prodotto\/camp-g-blizzard-guanti-da-alpinismo\/#breadcrumb","itemListElement":[{"@type":"ListItem","position":1,"name":"Home","item":"https:\/\/www.sestogrado.it\/it\/"},{"@type":"ListItem","position":2,"name":"Shop","item":"https:\/\/www.sestogrado.it\/it\/shop\/"},{"@type":"ListItem","position":3,"name":"Camp G Blizzard guanti da alpinismo"}]},{"@type":"WebSite","@id":"https:\/\/www.sestogrado.it\/it\/#website","url":"https:\/\/www.sestogrado.it\/it\/","name":"Sestogrado","description":"yes we climb","publisher":{"@id":"https:\/\/www.sestogrado.it\/it\/#organization"},"potentialAction":[{"@type":"SearchAction","target":{"@type":"EntryPoint","urlTemplate":"https:\/\/www.sestogrado.it\/it\/?s={search_term_string}"},"query-input":{"@type":"PropertyValueSpecification","valueRequired":true,"valueName":"search_term_string"}}],"inLanguage":"it-IT"},{"@type":"Organization","@id":"https:\/\/www.sestogrado.it\/it\/#organization","name":"Sestogrado","url":"https:\/\/www.sestogrado.it\/it\/","logo":{"@type":"ImageObject","inLanguage":"it-IT","@id":"https:\/\/www.sestogrado.it\/it\/#\/schema\/logo\/image\/","url":"https:\/\/www.sestogrado.it\/wp-content\/uploads\/2015\/03\/sestogrado-favicon.png","contentUrl":"https:\/\/www.sestogrado.it\/wp-content\/uploads\/2015\/03\/sestogrado-favicon.png","width":260,"height":260,"caption":"Sestogrado"},"image":{"@id":"https:\/\/www.sestogrado.it\/it\/#\/schema\/logo\/image\/"},"sameAs":["https:\/\/www.facebook.com\/pages\/Sestogrado\/1542635979353017?ref=bookmarks","https:\/\/www.youtube.com\/channel\/UC847kAfTkaJsWpc1jtQwr3Q"],"hasMerchantReturnPolicy":{"@type":"MerchantReturnPolicy","merchantReturnLink":"https:\/\/www.sestogrado.it\/it\/termini-e-condizioni\/"}}]},"product_brand":"Camp","og_availability":"instock","product_availability":"instock","product_condition":"new"},"_links":{"self":[{"href":"https:\/\/www.sestogrado.it\/it\/wp-json\/wp\/v2\/product\/201690","targetHints":{"allow":["GET"]}}],"collection":[{"href":"https:\/\/www.sestogrado.it\/it\/wp-json\/wp\/v2\/product"}],"about":[{"href":"https:\/\/www.sestogrado.it\/it\/wp-json\/wp\/v2\/types\/product"}],"replies":[{"embeddable":true,"href":"https:\/\/www.sestogrado.it\/it\/wp-json\/wp\/v2\/comments?post=201690"}],"wp:featuredmedia":[{"embeddable":true,"href":"https:\/\/www.sestogrado.it\/it\/wp-json\/wp\/v2\/media\/201698"}],"wp:attachment":[{"href":"https:\/\/www.sestogrado.it\/it\/wp-json\/wp\/v2\/media?parent=201690"}],"wp:term":[{"taxonomy":"product_brand","embeddable":true,"href":"https:\/\/www.sestogrado.it\/it\/wp-json\/wp\/v2\/product_brand?post=201690"},{"taxonomy":"product_cat","embeddable":true,"href":"https:\/\/www.sestogrado.it\/it\/wp-json\/wp\/v2\/product_cat?post=201690"},{"taxonomy":"product_tag","embeddable":true,"href":"https:\/\/www.sestogrado.it\/it\/wp-json\/wp\/v2\/product_tag?post=201690"}],"curies":[{"name":"wp","href":"https:\/\/api.w.org\/{rel}","templated":true}]}}