{"id":201406,"date":"2025-09-24T11:34:27","date_gmt":"2025-09-24T09:34:27","guid":{"rendered":"https:\/\/www.sestogrado.it\/?post_type=product&#038;p=201406"},"modified":"2026-04-26T22:28:37","modified_gmt":"2026-04-26T20:28:37","slug":"camp-orbit-express-ks-mixte-rinvio-leva-filo","status":"publish","type":"product","link":"https:\/\/www.sestogrado.it\/it\/prodotto\/camp-orbit-express-ks-mixte-rinvio-leva-filo\/","title":{"rendered":"Camp Orbit Express KS Mixte rinvio leva filo"},"content":{"rendered":"<p>Il Camp Orbit Express KS Mixte \u00e8 la &#8220;via di mezzo&#8221; tra i rinvii <a href=\"https:\/\/www.sestogrado.it\/it\/prodotto\/camp-orbit-express-ks-rinvio-rinvii-arrampicata\/\" target=\"_blank\" rel=\"noopener\">Orbit Express KS<\/a> a leva piena e gli <a href=\"https:\/\/www.sestogrado.it\/it\/prodotto\/camp-orbit-wire-express-ks-rinvio-rinvii-arrampicata\/\" target=\"_blank\" rel=\"noopener\">Orbit Wire KS<\/a> a filo. E&#8217; un rinvio che unisce un moschettone a leva piena lato spit, per massima solidit\u00e0 ed un moschettone a filo, lato corda per ottimizzare la leggerezza e rendere pi\u00f9 fluido l&#8217;inserimento della corda.<\/p>\n<p>L\u2019Orbit leva dritta presenta un naso particolarmente sottile con geometria SphereLock per la massima sicurezza. L\u2019Orbit Wire si distingue per leggerezza, estrema funzionalit\u00e0 e grande robustezza. La fettuccia in Nylon da 16 mm \u00e8 disponibile in 2 lunghezze (12 e 18 cm). Il connettore inferiore \u00e8 mantenuto in posizione dal Karstop Evo integrato.<\/p>\n<p>La leva a filo del moschettone lato corda garantisce leggerezza ed evita il fenomeno del <a href=\"https:\/\/www.sestogrado.it\/it\/apertura-accidentale-dei-rinvii\/\" target=\"_blank\" rel=\"noopener noreferrer\">gate flutter<\/a>, ed apertura involontaria della leva. I moschettoni Orbit sono particolarmente robusti e disegnati per assicurare un&#8217;eccellente scorrimento delle corde. Dimensioni e apertura garantiscono un&#8217;ottima maneggevolezza.<\/p>\n<ul>\n<li>Rinvio ideale per l\u2019arrampicata sportiva e il trad<\/li>\n<li>Con moschettone Orbit leva dritta per gli ancoraggi e moschettone Orbit Wire per la corda<\/li>\n<li>Fettuccia in Nylon da 16 mm (lunghezza 12 e 18 cm)\u00a0dotata di ferma moschettone Karstop Evo integrato<\/li>\n<\/ul>\n<p>&nbsp;<\/p>\n<p>I Camp Orbit Express KS Mixte sono un prodotto polivalente, ideale sia per l&#8217;alpinismo sia per l&#8217;arrampicata sportiva, che mette a disposizione l&#8217;alta qualit\u00e0 CAMP ad un prezzo competitivo.<\/p>\n<p>&nbsp;<\/p>\n<p>Passione, lavoro e semplicit\u00e0 sono alcune delle parole chiave che da sempre hanno contraddistinto il modo di essere di C.A.M.P.<br \/>\nLa passione \u00e8 quella per la montagna e per i prodotti che aiutano a realizzare i sogni ed i progetti di tutti coloro che la frequentano; il lavoro \u00e8 quello tramandato da oltre 115 anni in quattro distinte generazioni succedutesi alla guida dell\u2019azienda e la semplicit\u00e0 \u00e8 quella che contraddistingue un modo di essere e relazionarsi basato sulla seriet\u00e0 e lealt\u00e0.<\/p>","protected":false},"excerpt":{"rendered":"<p>Il Camp Orbit Express KS Mixte \u00e8 la &#8220;via di mezzo&#8221; tra i rinvii Orbit Express KS a leva piena [&hellip;]<\/p>\n","protected":false},"featured_media":201411,"comment_status":"open","ping_status":"closed","template":"","meta":{"_acf_changed":false},"product_brand":[31],"product_cat":[133],"product_tag":[],"class_list":{"0":"post-201406","1":"product","2":"type-product","3":"status-publish","4":"has-post-thumbnail","6":"product_brand-camp","7":"product_cat-rinvii","9":"first","10":"instock","11":"sale","12":"taxable","13":"shipping-taxable","14":"purchasable","15":"product-type-variable"},"acf":[],"yoast_head":"<!-- This site is optimized with the Yoast SEO plugin v26.4 - https:\/\/yoast.com\/wordpress\/plugins\/seo\/ -->\n<title>Camp Orbit Express KS Mixte rinvio leva filo - Sestogrado<\/title>\n<meta name=\"description\" content=\"Il Camp Orbit Express KS Mixte \u00e8 la &quot;via di mezzo&quot; tra i rinvii Orbit Express KS a leva piena e gli Orbit Wire KS a filo. E&#039; un rinvio che unisce un moschettone a leva piena lato spit, per massima solidit\u00e0 ed un moschettone a filo, lato corda per ottimizzare la leggerezza e rendere pi\u00f9 fluido l&#039;inserimento della corda.L\u2019Orbit leva dritta presenta un naso particolarmente sottile con geometria SphereLock per la massima sicurezza. L\u2019Orbit Wire si distingue per leggerezza, estrema funzionalit\u00e0 e grande robustezza. La fettuccia in Nylon da 16 mm \u00e8 disponibile in 2 lunghezze (12 e 18 cm). Il connettore inferiore \u00e8 mantenuto in posizione dal Karstop Evo integrato.\" \/>\n<meta name=\"robots\" content=\"index, follow, max-snippet:-1, max-image-preview:large, max-video-preview:-1\" \/>\n<link rel=\"canonical\" href=\"https:\/\/www.sestogrado.it\/it\/prodotto\/camp-orbit-express-ks-mixte-rinvio-leva-filo\/\" \/>\n<meta property=\"og:locale\" content=\"it_IT\" \/>\n<meta property=\"og:type\" content=\"article\" \/>\n<meta property=\"og:title\" content=\"Camp Orbit Express KS Mixte rinvio leva filo - Sestogrado\" \/>\n<meta property=\"og:description\" content=\"Il Camp Orbit Express KS Mixte \u00e8 la &quot;via di mezzo&quot; tra i rinvii Orbit Express KS a leva piena e gli Orbit Wire KS a filo. E&#039; un rinvio che unisce un moschettone a leva piena lato spit, per massima solidit\u00e0 ed un moschettone a filo, lato corda per ottimizzare la leggerezza e rendere pi\u00f9 fluido l&#039;inserimento della corda.L\u2019Orbit leva dritta presenta un naso particolarmente sottile con geometria SphereLock per la massima sicurezza. L\u2019Orbit Wire si distingue per leggerezza, estrema funzionalit\u00e0 e grande robustezza. La fettuccia in Nylon da 16 mm \u00e8 disponibile in 2 lunghezze (12 e 18 cm). Il connettore inferiore \u00e8 mantenuto in posizione dal Karstop Evo integrato.\" \/>\n<meta property=\"og:url\" content=\"https:\/\/www.sestogrado.it\/it\/prodotto\/camp-orbit-express-ks-mixte-rinvio-leva-filo\/\" \/>\n<meta property=\"og:site_name\" content=\"Sestogrado\" \/>\n<meta property=\"article:publisher\" content=\"https:\/\/www.facebook.com\/pages\/Sestogrado\/1542635979353017?ref=bookmarks\" \/>\n<meta property=\"article:modified_time\" content=\"2026-04-26T20:28:37+00:00\" \/>\n<meta property=\"og:image\" content=\"https:\/\/www.sestogrado.it\/wp-content\/uploads\/2025\/09\/mixte-12.jpg\" \/>\n\t<meta property=\"og:image:width\" content=\"1200\" \/>\n\t<meta property=\"og:image:height\" content=\"1200\" \/>\n\t<meta property=\"og:image:type\" content=\"image\/jpeg\" \/>\n<meta name=\"twitter:label1\" content=\"Disponibilit\u00e0\" \/>\n\t<meta name=\"twitter:data1\" content=\"In stock\" \/>\n<script type=\"application\/ld+json\" class=\"yoast-schema-graph\">{\"@context\":\"https:\/\/schema.org\",\"@graph\":[{\"@type\":\"WebPage\",\"@id\":\"https:\/\/www.sestogrado.it\/it\/prodotto\/camp-orbit-express-ks-mixte-rinvio-leva-filo\/\",\"url\":\"https:\/\/www.sestogrado.it\/it\/prodotto\/camp-orbit-express-ks-mixte-rinvio-leva-filo\/\",\"name\":\"Camp Orbit Express KS Mixte rinvio leva filo - Sestogrado\",\"isPartOf\":{\"@id\":\"https:\/\/www.sestogrado.it\/it\/#website\"},\"primaryImageOfPage\":{\"@id\":\"https:\/\/www.sestogrado.it\/it\/prodotto\/camp-orbit-express-ks-mixte-rinvio-leva-filo\/#primaryimage\"},\"image\":{\"@id\":\"https:\/\/www.sestogrado.it\/prodotto\/camp-orbit-express-ks-mixte-rinvio-leva-filo\/#primaryimage\"},\"thumbnailUrl\":\"https:\/\/www.sestogrado.it\/wp-content\/uploads\/2025\/09\/mixte-12.jpg\",\"datePublished\":\"2025-09-24T09:34:27+00:00\",\"dateModified\":\"2026-04-26T20:28:37+00:00\",\"description\":\"Il Camp Orbit Express KS Mixte \u00e8 la \\\"via di mezzo\\\" tra i rinvii Orbit Express KS a leva piena e gli Orbit Wire KS a filo. E' un rinvio che unisce un moschettone a leva piena lato spit, per massima solidit\u00e0 ed un moschettone a filo, lato corda per ottimizzare la leggerezza e rendere pi\u00f9 fluido l'inserimento della corda.L\u2019Orbit leva dritta presenta un naso particolarmente sottile con geometria SphereLock per la massima sicurezza. L\u2019Orbit Wire si distingue per leggerezza, estrema funzionalit\u00e0 e grande robustezza. La fettuccia in Nylon da 16 mm \u00e8 disponibile in 2 lunghezze (12 e 18 cm). Il connettore inferiore \u00e8 mantenuto in posizione dal Karstop Evo integrato.\",\"breadcrumb\":{\"@id\":\"https:\/\/www.sestogrado.it\/it\/prodotto\/camp-orbit-express-ks-mixte-rinvio-leva-filo\/#breadcrumb\"},\"inLanguage\":\"it-IT\",\"potentialAction\":[{\"@type\":\"ReadAction\",\"target\":[[\"https:\/\/www.sestogrado.it\/it\/prodotto\/camp-orbit-express-ks-mixte-rinvio-leva-filo\/\"]]}]},{\"@type\":\"ImageObject\",\"inLanguage\":\"it-IT\",\"@id\":\"https:\/\/www.sestogrado.it\/it\/prodotto\/camp-orbit-express-ks-mixte-rinvio-leva-filo\/#primaryimage\",\"url\":\"https:\/\/www.sestogrado.it\/wp-content\/uploads\/2025\/09\/mixte-12.jpg\",\"contentUrl\":\"https:\/\/www.sestogrado.it\/wp-content\/uploads\/2025\/09\/mixte-12.jpg\",\"width\":1200,\"height\":1200,\"caption\":\"mixte-12\"},{\"@type\":\"BreadcrumbList\",\"@id\":\"https:\/\/www.sestogrado.it\/it\/prodotto\/camp-orbit-express-ks-mixte-rinvio-leva-filo\/#breadcrumb\",\"itemListElement\":[{\"@type\":\"ListItem\",\"position\":1,\"name\":\"Home\",\"item\":\"https:\/\/www.sestogrado.it\/it\/\"},{\"@type\":\"ListItem\",\"position\":2,\"name\":\"Shop\",\"item\":\"https:\/\/www.sestogrado.it\/it\/shop\/\"},{\"@type\":\"ListItem\",\"position\":3,\"name\":\"Camp Orbit Express KS Mixte rinvio leva filo\"}]},{\"@type\":\"WebSite\",\"@id\":\"https:\/\/www.sestogrado.it\/it\/#website\",\"url\":\"https:\/\/www.sestogrado.it\/it\/\",\"name\":\"Sestogrado\",\"description\":\"yes we climb\",\"publisher\":{\"@id\":\"https:\/\/www.sestogrado.it\/it\/#organization\"},\"potentialAction\":[{\"@type\":\"SearchAction\",\"target\":{\"@type\":\"EntryPoint\",\"urlTemplate\":\"https:\/\/www.sestogrado.it\/it\/?s={search_term_string}\"},\"query-input\":{\"@type\":\"PropertyValueSpecification\",\"valueRequired\":true,\"valueName\":\"search_term_string\"}}],\"inLanguage\":\"it-IT\"},{\"@type\":\"Organization\",\"@id\":\"https:\/\/www.sestogrado.it\/it\/#organization\",\"name\":\"Sestogrado\",\"url\":\"https:\/\/www.sestogrado.it\/it\/\",\"logo\":{\"@type\":\"ImageObject\",\"inLanguage\":\"it-IT\",\"@id\":\"https:\/\/www.sestogrado.it\/it\/#\/schema\/logo\/image\/\",\"url\":\"https:\/\/www.sestogrado.it\/wp-content\/uploads\/2015\/03\/sestogrado-favicon.png\",\"contentUrl\":\"https:\/\/www.sestogrado.it\/wp-content\/uploads\/2015\/03\/sestogrado-favicon.png\",\"width\":260,\"height\":260,\"caption\":\"Sestogrado\"},\"image\":{\"@id\":\"https:\/\/www.sestogrado.it\/it\/#\/schema\/logo\/image\/\"},\"sameAs\":[\"https:\/\/www.facebook.com\/pages\/Sestogrado\/1542635979353017?ref=bookmarks\",\"https:\/\/www.youtube.com\/channel\/UC847kAfTkaJsWpc1jtQwr3Q\"],\"hasMerchantReturnPolicy\":{\"@type\":\"MerchantReturnPolicy\",\"merchantReturnLink\":\"https:\/\/www.sestogrado.it\/it\/termini-e-condizioni\/\"}}]}<\/script>\n<meta property=\"product:brand\" content=\"Camp\" \/>\n<meta property=\"og:availability\" content=\"instock\" \/>\n<meta property=\"product:availability\" content=\"instock\" \/>\n<meta property=\"product:condition\" content=\"new\" \/>\n<!-- \/ Yoast SEO plugin. -->","yoast_head_json":{"title":"Camp Orbit Express KS Mixte rinvio leva filo - Sestogrado","description":"Il Camp Orbit Express KS Mixte \u00e8 la \"via di mezzo\" tra i rinvii Orbit Express KS a leva piena e gli Orbit Wire KS a filo. E' un rinvio che unisce un moschettone a leva piena lato spit, per massima solidit\u00e0 ed un moschettone a filo, lato corda per ottimizzare la leggerezza e rendere pi\u00f9 fluido l'inserimento della corda.L\u2019Orbit leva dritta presenta un naso particolarmente sottile con geometria SphereLock per la massima sicurezza. L\u2019Orbit Wire si distingue per leggerezza, estrema funzionalit\u00e0 e grande robustezza. La fettuccia in Nylon da 16 mm \u00e8 disponibile in 2 lunghezze (12 e 18 cm). Il connettore inferiore \u00e8 mantenuto in posizione dal Karstop Evo integrato.","robots":{"index":"index","follow":"follow","max-snippet":"max-snippet:-1","max-image-preview":"max-image-preview:large","max-video-preview":"max-video-preview:-1"},"canonical":"https:\/\/www.sestogrado.it\/it\/prodotto\/camp-orbit-express-ks-mixte-rinvio-leva-filo\/","og_locale":"it_IT","og_type":"article","og_title":"Camp Orbit Express KS Mixte rinvio leva filo - Sestogrado","og_description":"Il Camp Orbit Express KS Mixte \u00e8 la \"via di mezzo\" tra i rinvii Orbit Express KS a leva piena e gli Orbit Wire KS a filo. E' un rinvio che unisce un moschettone a leva piena lato spit, per massima solidit\u00e0 ed un moschettone a filo, lato corda per ottimizzare la leggerezza e rendere pi\u00f9 fluido l'inserimento della corda.L\u2019Orbit leva dritta presenta un naso particolarmente sottile con geometria SphereLock per la massima sicurezza. L\u2019Orbit Wire si distingue per leggerezza, estrema funzionalit\u00e0 e grande robustezza. La fettuccia in Nylon da 16 mm \u00e8 disponibile in 2 lunghezze (12 e 18 cm). Il connettore inferiore \u00e8 mantenuto in posizione dal Karstop Evo integrato.","og_url":"https:\/\/www.sestogrado.it\/it\/prodotto\/camp-orbit-express-ks-mixte-rinvio-leva-filo\/","og_site_name":"Sestogrado","article_publisher":"https:\/\/www.facebook.com\/pages\/Sestogrado\/1542635979353017?ref=bookmarks","article_modified_time":"2026-04-26T20:28:37+00:00","og_image":[{"width":1200,"height":1200,"url":"https:\/\/www.sestogrado.it\/wp-content\/uploads\/2025\/09\/mixte-12.jpg","type":"image\/jpeg"}],"twitter_misc":{"Disponibilit\u00e0":"In stock"},"schema":{"@context":"https:\/\/schema.org","@graph":[{"@type":"WebPage","@id":"https:\/\/www.sestogrado.it\/it\/prodotto\/camp-orbit-express-ks-mixte-rinvio-leva-filo\/","url":"https:\/\/www.sestogrado.it\/it\/prodotto\/camp-orbit-express-ks-mixte-rinvio-leva-filo\/","name":"Camp Orbit Express KS Mixte rinvio leva filo - Sestogrado","isPartOf":{"@id":"https:\/\/www.sestogrado.it\/it\/#website"},"primaryImageOfPage":{"@id":"https:\/\/www.sestogrado.it\/it\/prodotto\/camp-orbit-express-ks-mixte-rinvio-leva-filo\/#primaryimage"},"image":{"@id":"https:\/\/www.sestogrado.it\/prodotto\/camp-orbit-express-ks-mixte-rinvio-leva-filo\/#primaryimage"},"thumbnailUrl":"https:\/\/www.sestogrado.it\/wp-content\/uploads\/2025\/09\/mixte-12.jpg","datePublished":"2025-09-24T09:34:27+00:00","dateModified":"2026-04-26T20:28:37+00:00","description":"Il Camp Orbit Express KS Mixte \u00e8 la \"via di mezzo\" tra i rinvii Orbit Express KS a leva piena e gli Orbit Wire KS a filo. E' un rinvio che unisce un moschettone a leva piena lato spit, per massima solidit\u00e0 ed un moschettone a filo, lato corda per ottimizzare la leggerezza e rendere pi\u00f9 fluido l'inserimento della corda.L\u2019Orbit leva dritta presenta un naso particolarmente sottile con geometria SphereLock per la massima sicurezza. L\u2019Orbit Wire si distingue per leggerezza, estrema funzionalit\u00e0 e grande robustezza. La fettuccia in Nylon da 16 mm \u00e8 disponibile in 2 lunghezze (12 e 18 cm). Il connettore inferiore \u00e8 mantenuto in posizione dal Karstop Evo integrato.","breadcrumb":{"@id":"https:\/\/www.sestogrado.it\/it\/prodotto\/camp-orbit-express-ks-mixte-rinvio-leva-filo\/#breadcrumb"},"inLanguage":"it-IT","potentialAction":[{"@type":"ReadAction","target":[["https:\/\/www.sestogrado.it\/it\/prodotto\/camp-orbit-express-ks-mixte-rinvio-leva-filo\/"]]}]},{"@type":"ImageObject","inLanguage":"it-IT","@id":"https:\/\/www.sestogrado.it\/it\/prodotto\/camp-orbit-express-ks-mixte-rinvio-leva-filo\/#primaryimage","url":"https:\/\/www.sestogrado.it\/wp-content\/uploads\/2025\/09\/mixte-12.jpg","contentUrl":"https:\/\/www.sestogrado.it\/wp-content\/uploads\/2025\/09\/mixte-12.jpg","width":1200,"height":1200,"caption":"mixte-12"},{"@type":"BreadcrumbList","@id":"https:\/\/www.sestogrado.it\/it\/prodotto\/camp-orbit-express-ks-mixte-rinvio-leva-filo\/#breadcrumb","itemListElement":[{"@type":"ListItem","position":1,"name":"Home","item":"https:\/\/www.sestogrado.it\/it\/"},{"@type":"ListItem","position":2,"name":"Shop","item":"https:\/\/www.sestogrado.it\/it\/shop\/"},{"@type":"ListItem","position":3,"name":"Camp Orbit Express KS Mixte rinvio leva filo"}]},{"@type":"WebSite","@id":"https:\/\/www.sestogrado.it\/it\/#website","url":"https:\/\/www.sestogrado.it\/it\/","name":"Sestogrado","description":"yes we climb","publisher":{"@id":"https:\/\/www.sestogrado.it\/it\/#organization"},"potentialAction":[{"@type":"SearchAction","target":{"@type":"EntryPoint","urlTemplate":"https:\/\/www.sestogrado.it\/it\/?s={search_term_string}"},"query-input":{"@type":"PropertyValueSpecification","valueRequired":true,"valueName":"search_term_string"}}],"inLanguage":"it-IT"},{"@type":"Organization","@id":"https:\/\/www.sestogrado.it\/it\/#organization","name":"Sestogrado","url":"https:\/\/www.sestogrado.it\/it\/","logo":{"@type":"ImageObject","inLanguage":"it-IT","@id":"https:\/\/www.sestogrado.it\/it\/#\/schema\/logo\/image\/","url":"https:\/\/www.sestogrado.it\/wp-content\/uploads\/2015\/03\/sestogrado-favicon.png","contentUrl":"https:\/\/www.sestogrado.it\/wp-content\/uploads\/2015\/03\/sestogrado-favicon.png","width":260,"height":260,"caption":"Sestogrado"},"image":{"@id":"https:\/\/www.sestogrado.it\/it\/#\/schema\/logo\/image\/"},"sameAs":["https:\/\/www.facebook.com\/pages\/Sestogrado\/1542635979353017?ref=bookmarks","https:\/\/www.youtube.com\/channel\/UC847kAfTkaJsWpc1jtQwr3Q"],"hasMerchantReturnPolicy":{"@type":"MerchantReturnPolicy","merchantReturnLink":"https:\/\/www.sestogrado.it\/it\/termini-e-condizioni\/"}}]},"product_brand":"Camp","og_availability":"instock","product_availability":"instock","product_condition":"new"},"_links":{"self":[{"href":"https:\/\/www.sestogrado.it\/it\/wp-json\/wp\/v2\/product\/201406","targetHints":{"allow":["GET"]}}],"collection":[{"href":"https:\/\/www.sestogrado.it\/it\/wp-json\/wp\/v2\/product"}],"about":[{"href":"https:\/\/www.sestogrado.it\/it\/wp-json\/wp\/v2\/types\/product"}],"replies":[{"embeddable":true,"href":"https:\/\/www.sestogrado.it\/it\/wp-json\/wp\/v2\/comments?post=201406"}],"wp:featuredmedia":[{"embeddable":true,"href":"https:\/\/www.sestogrado.it\/it\/wp-json\/wp\/v2\/media\/201411"}],"wp:attachment":[{"href":"https:\/\/www.sestogrado.it\/it\/wp-json\/wp\/v2\/media?parent=201406"}],"wp:term":[{"taxonomy":"product_brand","embeddable":true,"href":"https:\/\/www.sestogrado.it\/it\/wp-json\/wp\/v2\/product_brand?post=201406"},{"taxonomy":"product_cat","embeddable":true,"href":"https:\/\/www.sestogrado.it\/it\/wp-json\/wp\/v2\/product_cat?post=201406"},{"taxonomy":"product_tag","embeddable":true,"href":"https:\/\/www.sestogrado.it\/it\/wp-json\/wp\/v2\/product_tag?post=201406"}],"curies":[{"name":"wp","href":"https:\/\/api.w.org\/{rel}","templated":true}]}}