{"id":2014,"date":"2015-07-20T15:22:23","date_gmt":"2015-07-20T13:22:23","guid":{"rendered":"http:\/\/www.sestogrado.it\/?post_type=product&#038;p=2014"},"modified":"2026-04-23T23:40:38","modified_gmt":"2026-04-23T21:40:38","slug":"dmm-pivot-assicuratore-discensore-arrampicata","status":"publish","type":"product","link":"https:\/\/www.sestogrado.it\/it\/prodotto\/dmm-pivot-assicuratore-discensore-arrampicata\/","title":{"rendered":"DMM Pivot assicuratore discensore arrampicata"},"content":{"rendered":"<p>Versatile, funzionale ed innovativo, il DMM Pivot \u00e8 lo stato dell&#8217;arte dell&#8217;assicuratore tipo secchiello.<\/p>\n<p>Il Pivot \u00e8 un assicuratore discensore che fornisce ottime prestazioni come assicuratore ventrale, ma che da il meglio di s\u00e9 quando, installato sulla sosta, lo si usa per assicurare il secondo con corda dall&#8217;alto. In questa modalit\u00e0 il DMM Pivot, grazie al sistema pivot (in attesa di registrazione brevetto internazionale), consente un controllo ed una possibilit\u00e0 di calata del secondo unica, rispetto agli altri dispositivi della stessa categoria.<\/p>\n<p>L&#8217;anello ad inclinazione variabile consente all&#8217;assicuratore di calare uno o due secondi, simultaneamente o individualmente, con totale controllo usando il foro per l&#8217;inserimento del moschettone (se si ha molta forza nelle dita si riesce a far calare il compagno anche senza inserimento del moschettone).<\/p>\n<p>Il DMM Pivot, ovviamente, pu\u00f2 essere usato per calate in corda doppia.<\/p>\n<ul class=\"features\">\n<li>Dispositivo multi uso ultraleggero<\/li>\n<li>Il sistema Pivot garantisce un facile controllo della corda, specialmente quando si effettuano calate in modalit\u00e0 guide<\/li>\n<li>Utilizzabile con corde da 7.3mm fino a 11mm. Ottimizzato per corde da 8mm a 10.5mm<\/li>\n<li>Peso solo 72g<\/li>\n<li>Raccomandato l&#8217;utilizzo con il moschettone <a href=\"https:\/\/www.sestogrado.it\/prodotto\/ferramenta\/dmm-rhino-moschettone-anti-rotazione-arrampicata\/\" target=\"_blank\" rel=\"noopener noreferrer\">Rhino <\/a>per un ancor maggiore controllo delle manovre<\/li>\n<\/ul>\n<p>Vuoi farti un&#8217;idea pi\u00f9 precisa delle caratteristiche del Pivot? Noi di Sestogrado lo abbiamo provato in falesia su monotiri e vie multipitch e questa \u00e8 la nostra <a href=\"https:\/\/www.sestogrado.it\/box\/dmm-pivot-recensione\/\" target=\"_blank\" rel=\"noopener noreferrer\">recensione<\/a>.<\/p>\n<p>&nbsp;<\/p>\n<p>La DMM \u00e8 un\u2019azienda gallese nata nel 1981 da un gruppo di appassionati il cui obiettivo era quello di rendere il miglior equipaggiamento possibile al miglior prezzo. L\u2019innovazione \u00e8 la chiave dello sviluppo della DMM che oggi realizza prodotti di eccellenza e che \u00e8 l\u2019unico fornitore di prodotti hardware della Gran Bretagna nonch\u00e9 azienda leader a livello mondiale.<\/p>\n<p>&nbsp;<\/p>\n<p>&nbsp;<\/p>\n<p>Nel 2015 il Pivot ha vinto il <a href=\"http:\/\/dmmclimbing.com\/news\/2015\/07\/pivot-wins-outdoor-industry-award\/\" target=\"_blank\" rel=\"noopener noreferrer\">premio come prodotto pi\u00f9 innovativo<\/a> alla fiera Outdoor2015 di Friedrichshafen<\/p>\n<p><img decoding=\"async\" class=\"alignleft size-full wp-image-2019\" src=\"https:\/\/www.sestogrado.it\/wp-content\/uploads\/2015\/07\/winner_2015_Outdoor.jpg\" alt=\"winner_2015_Outdoor\" width=\"200\" height=\"113\" srcset=\"https:\/\/www.sestogrado.it\/wp-content\/uploads\/2015\/07\/winner_2015_Outdoor.jpg 200w, https:\/\/www.sestogrado.it\/wp-content\/uploads\/2015\/07\/winner_2015_Outdoor-113x64.jpg 113w\" sizes=\"(max-width: 200px) 100vw, 200px\" \/><\/p>\n<p>&nbsp;<\/p>\n<p>&nbsp;<\/p>\n<p>&nbsp;<\/p>\n<p>&nbsp;<\/p>\n<p>&nbsp;<\/p>\n<p>&nbsp;<\/p>\n<div class=\"embed-responsive embed-responsive-16by9\"><iframe title=\"Pivot Belay Device\" src=\"https:\/\/player.vimeo.com\/video\/122737551?dnt=1&amp;app_id=122963\" width=\"500\" height=\"281\" frameborder=\"0\" allow=\"autoplay; fullscreen; picture-in-picture; clipboard-write; encrypted-media; web-share\" referrerpolicy=\"strict-origin-when-cross-origin\"><\/iframe><\/div>\n<p>&nbsp;<\/p>\n","protected":false},"excerpt":{"rendered":"<p>Versatile, funzionale ed innovativo, il DMM Pivot \u00e8 lo stato dell&#8217;arte dell&#8217;assicuratore tipo secchiello. Il Pivot \u00e8 un assicuratore discensore [&hellip;]<\/p>\n","protected":false},"featured_media":55574,"comment_status":"open","ping_status":"closed","template":"","meta":{"_acf_changed":false},"product_brand":[86],"product_cat":[17,134],"product_tag":[],"class_list":{"0":"post-2014","1":"product","2":"type-product","3":"status-publish","4":"has-post-thumbnail","6":"product_brand-dmm","7":"product_cat-ferramenta","8":"product_cat-assicuratori","10":"first","11":"instock","12":"sale","13":"taxable","14":"shipping-taxable","15":"purchasable","16":"product-type-variable"},"acf":[],"yoast_head":"<!-- This site is optimized with the Yoast SEO plugin v26.4 - https:\/\/yoast.com\/wordpress\/plugins\/seo\/ -->\n<title>DMM Pivot assicuratore discensore arrampicata - Sestogrado<\/title>\n<meta name=\"description\" content=\"Versatile, funzionale ed innovativo, il DMM Pivot \u00e8 lo stato dell&#039;arte dell&#039;assicuratore tipo secchiello.Il Pivot \u00e8 un assicuratore discensore che fornisce ottime prestazioni come assicuratore ventrale, ma che da il meglio di s\u00e9 quando, installato sulla sosta, lo si usa per assicurare il secondo con corda dall&#039;alto. In questa modalit\u00e0 il DMM Pivot, grazie al sistema pivot (in attesa di registrazione brevetto internazionale), consente un controllo ed una possibilit\u00e0 di calata del secondo unica, rispetto agli altri dispositivi della stessa categoria.L&#039;anello ad inclinazione variabile consente all&#039;assicuratore di calare uno o due secondi, simultaneamente o individualmente, con totale controllo usando il foro per l&#039;inserimento del moschettone (se si ha molta forza nelle dita si riesce a far calare il compagno anche senza inserimento del moschettone).\" \/>\n<meta name=\"robots\" content=\"index, follow, max-snippet:-1, max-image-preview:large, max-video-preview:-1\" \/>\n<link rel=\"canonical\" href=\"https:\/\/www.sestogrado.it\/it\/prodotto\/dmm-pivot-assicuratore-discensore-arrampicata\/\" \/>\n<meta property=\"og:locale\" content=\"it_IT\" \/>\n<meta property=\"og:type\" content=\"article\" \/>\n<meta property=\"og:title\" content=\"DMM Pivot assicuratore discensore arrampicata - Sestogrado\" \/>\n<meta property=\"og:description\" content=\"Versatile, funzionale ed innovativo, il DMM Pivot \u00e8 lo stato dell&#039;arte dell&#039;assicuratore tipo secchiello.Il Pivot \u00e8 un assicuratore discensore che fornisce ottime prestazioni come assicuratore ventrale, ma che da il meglio di s\u00e9 quando, installato sulla sosta, lo si usa per assicurare il secondo con corda dall&#039;alto. In questa modalit\u00e0 il DMM Pivot, grazie al sistema pivot (in attesa di registrazione brevetto internazionale), consente un controllo ed una possibilit\u00e0 di calata del secondo unica, rispetto agli altri dispositivi della stessa categoria.L&#039;anello ad inclinazione variabile consente all&#039;assicuratore di calare uno o due secondi, simultaneamente o individualmente, con totale controllo usando il foro per l&#039;inserimento del moschettone (se si ha molta forza nelle dita si riesce a far calare il compagno anche senza inserimento del moschettone).\" \/>\n<meta property=\"og:url\" content=\"https:\/\/www.sestogrado.it\/it\/prodotto\/dmm-pivot-assicuratore-discensore-arrampicata\/\" \/>\n<meta property=\"og:site_name\" content=\"Sestogrado\" \/>\n<meta property=\"article:publisher\" content=\"https:\/\/www.facebook.com\/pages\/Sestogrado\/1542635979353017?ref=bookmarks\" \/>\n<meta property=\"article:modified_time\" content=\"2026-04-23T21:40:38+00:00\" \/>\n<meta property=\"og:image\" content=\"https:\/\/www.sestogrado.it\/wp-content\/uploads\/2015\/07\/Lime.jpeg\" \/>\n\t<meta property=\"og:image:width\" content=\"956\" \/>\n\t<meta property=\"og:image:height\" content=\"956\" \/>\n\t<meta property=\"og:image:type\" content=\"image\/jpeg\" \/>\n<meta name=\"twitter:label1\" content=\"Disponibilit\u00e0\" \/>\n\t<meta name=\"twitter:data1\" content=\"In stock\" \/>\n<script type=\"application\/ld+json\" class=\"yoast-schema-graph\">{\"@context\":\"https:\/\/schema.org\",\"@graph\":[{\"@type\":\"WebPage\",\"@id\":\"https:\/\/www.sestogrado.it\/it\/prodotto\/dmm-pivot-assicuratore-discensore-arrampicata\/\",\"url\":\"https:\/\/www.sestogrado.it\/it\/prodotto\/dmm-pivot-assicuratore-discensore-arrampicata\/\",\"name\":\"DMM Pivot assicuratore discensore arrampicata - Sestogrado\",\"isPartOf\":{\"@id\":\"https:\/\/www.sestogrado.it\/it\/#website\"},\"primaryImageOfPage\":{\"@id\":\"https:\/\/www.sestogrado.it\/it\/prodotto\/dmm-pivot-assicuratore-discensore-arrampicata\/#primaryimage\"},\"image\":{\"@id\":\"https:\/\/www.sestogrado.it\/prodotto\/dmm-pivot-assicuratore-discensore-arrampicata\/#primaryimage\"},\"thumbnailUrl\":\"https:\/\/www.sestogrado.it\/wp-content\/uploads\/2015\/07\/Lime.jpeg\",\"datePublished\":\"2015-07-20T13:22:23+00:00\",\"dateModified\":\"2026-04-23T21:40:38+00:00\",\"description\":\"Versatile, funzionale ed innovativo, il DMM Pivot \u00e8 lo stato dell'arte dell'assicuratore tipo secchiello.Il Pivot \u00e8 un assicuratore discensore che fornisce ottime prestazioni come assicuratore ventrale, ma che da il meglio di s\u00e9 quando, installato sulla sosta, lo si usa per assicurare il secondo con corda dall'alto. In questa modalit\u00e0 il DMM Pivot, grazie al sistema pivot (in attesa di registrazione brevetto internazionale), consente un controllo ed una possibilit\u00e0 di calata del secondo unica, rispetto agli altri dispositivi della stessa categoria.L'anello ad inclinazione variabile consente all'assicuratore di calare uno o due secondi, simultaneamente o individualmente, con totale controllo usando il foro per l'inserimento del moschettone (se si ha molta forza nelle dita si riesce a far calare il compagno anche senza inserimento del moschettone).\",\"breadcrumb\":{\"@id\":\"https:\/\/www.sestogrado.it\/it\/prodotto\/dmm-pivot-assicuratore-discensore-arrampicata\/#breadcrumb\"},\"inLanguage\":\"it-IT\",\"potentialAction\":[{\"@type\":\"ReadAction\",\"target\":[[\"https:\/\/www.sestogrado.it\/it\/prodotto\/dmm-pivot-assicuratore-discensore-arrampicata\/\"]]}]},{\"@type\":\"ImageObject\",\"inLanguage\":\"it-IT\",\"@id\":\"https:\/\/www.sestogrado.it\/it\/prodotto\/dmm-pivot-assicuratore-discensore-arrampicata\/#primaryimage\",\"url\":\"https:\/\/www.sestogrado.it\/wp-content\/uploads\/2015\/07\/Lime.jpeg\",\"contentUrl\":\"https:\/\/www.sestogrado.it\/wp-content\/uploads\/2015\/07\/Lime.jpeg\",\"width\":956,\"height\":956,\"caption\":\"dmm pivot Lime\"},{\"@type\":\"BreadcrumbList\",\"@id\":\"https:\/\/www.sestogrado.it\/it\/prodotto\/dmm-pivot-assicuratore-discensore-arrampicata\/#breadcrumb\",\"itemListElement\":[{\"@type\":\"ListItem\",\"position\":1,\"name\":\"Home\",\"item\":\"https:\/\/www.sestogrado.it\/it\/\"},{\"@type\":\"ListItem\",\"position\":2,\"name\":\"Shop\",\"item\":\"https:\/\/www.sestogrado.it\/it\/shop\/\"},{\"@type\":\"ListItem\",\"position\":3,\"name\":\"DMM Pivot assicuratore discensore arrampicata\"}]},{\"@type\":\"WebSite\",\"@id\":\"https:\/\/www.sestogrado.it\/it\/#website\",\"url\":\"https:\/\/www.sestogrado.it\/it\/\",\"name\":\"Sestogrado\",\"description\":\"yes we climb\",\"publisher\":{\"@id\":\"https:\/\/www.sestogrado.it\/it\/#organization\"},\"potentialAction\":[{\"@type\":\"SearchAction\",\"target\":{\"@type\":\"EntryPoint\",\"urlTemplate\":\"https:\/\/www.sestogrado.it\/it\/?s={search_term_string}\"},\"query-input\":{\"@type\":\"PropertyValueSpecification\",\"valueRequired\":true,\"valueName\":\"search_term_string\"}}],\"inLanguage\":\"it-IT\"},{\"@type\":\"Organization\",\"@id\":\"https:\/\/www.sestogrado.it\/it\/#organization\",\"name\":\"Sestogrado\",\"url\":\"https:\/\/www.sestogrado.it\/it\/\",\"logo\":{\"@type\":\"ImageObject\",\"inLanguage\":\"it-IT\",\"@id\":\"https:\/\/www.sestogrado.it\/it\/#\/schema\/logo\/image\/\",\"url\":\"https:\/\/www.sestogrado.it\/wp-content\/uploads\/2015\/03\/sestogrado-favicon.png\",\"contentUrl\":\"https:\/\/www.sestogrado.it\/wp-content\/uploads\/2015\/03\/sestogrado-favicon.png\",\"width\":260,\"height\":260,\"caption\":\"Sestogrado\"},\"image\":{\"@id\":\"https:\/\/www.sestogrado.it\/it\/#\/schema\/logo\/image\/\"},\"sameAs\":[\"https:\/\/www.facebook.com\/pages\/Sestogrado\/1542635979353017?ref=bookmarks\",\"https:\/\/www.youtube.com\/channel\/UC847kAfTkaJsWpc1jtQwr3Q\"],\"hasMerchantReturnPolicy\":{\"@type\":\"MerchantReturnPolicy\",\"merchantReturnLink\":\"https:\/\/www.sestogrado.it\/it\/termini-e-condizioni\/\"}}]}<\/script>\n<meta property=\"product:brand\" content=\"DMM\" \/>\n<meta property=\"og:availability\" content=\"instock\" \/>\n<meta property=\"product:availability\" content=\"instock\" \/>\n<meta property=\"product:condition\" content=\"new\" \/>\n<!-- \/ Yoast SEO plugin. -->","yoast_head_json":{"title":"DMM Pivot assicuratore discensore arrampicata - Sestogrado","description":"Versatile, funzionale ed innovativo, il DMM Pivot \u00e8 lo stato dell'arte dell'assicuratore tipo secchiello.Il Pivot \u00e8 un assicuratore discensore che fornisce ottime prestazioni come assicuratore ventrale, ma che da il meglio di s\u00e9 quando, installato sulla sosta, lo si usa per assicurare il secondo con corda dall'alto. In questa modalit\u00e0 il DMM Pivot, grazie al sistema pivot (in attesa di registrazione brevetto internazionale), consente un controllo ed una possibilit\u00e0 di calata del secondo unica, rispetto agli altri dispositivi della stessa categoria.L'anello ad inclinazione variabile consente all'assicuratore di calare uno o due secondi, simultaneamente o individualmente, con totale controllo usando il foro per l'inserimento del moschettone (se si ha molta forza nelle dita si riesce a far calare il compagno anche senza inserimento del moschettone).","robots":{"index":"index","follow":"follow","max-snippet":"max-snippet:-1","max-image-preview":"max-image-preview:large","max-video-preview":"max-video-preview:-1"},"canonical":"https:\/\/www.sestogrado.it\/it\/prodotto\/dmm-pivot-assicuratore-discensore-arrampicata\/","og_locale":"it_IT","og_type":"article","og_title":"DMM Pivot assicuratore discensore arrampicata - Sestogrado","og_description":"Versatile, funzionale ed innovativo, il DMM Pivot \u00e8 lo stato dell'arte dell'assicuratore tipo secchiello.Il Pivot \u00e8 un assicuratore discensore che fornisce ottime prestazioni come assicuratore ventrale, ma che da il meglio di s\u00e9 quando, installato sulla sosta, lo si usa per assicurare il secondo con corda dall'alto. In questa modalit\u00e0 il DMM Pivot, grazie al sistema pivot (in attesa di registrazione brevetto internazionale), consente un controllo ed una possibilit\u00e0 di calata del secondo unica, rispetto agli altri dispositivi della stessa categoria.L'anello ad inclinazione variabile consente all'assicuratore di calare uno o due secondi, simultaneamente o individualmente, con totale controllo usando il foro per l'inserimento del moschettone (se si ha molta forza nelle dita si riesce a far calare il compagno anche senza inserimento del moschettone).","og_url":"https:\/\/www.sestogrado.it\/it\/prodotto\/dmm-pivot-assicuratore-discensore-arrampicata\/","og_site_name":"Sestogrado","article_publisher":"https:\/\/www.facebook.com\/pages\/Sestogrado\/1542635979353017?ref=bookmarks","article_modified_time":"2026-04-23T21:40:38+00:00","og_image":[{"width":956,"height":956,"url":"https:\/\/www.sestogrado.it\/wp-content\/uploads\/2015\/07\/Lime.jpeg","type":"image\/jpeg"}],"twitter_misc":{"Disponibilit\u00e0":"In stock"},"schema":{"@context":"https:\/\/schema.org","@graph":[{"@type":"WebPage","@id":"https:\/\/www.sestogrado.it\/it\/prodotto\/dmm-pivot-assicuratore-discensore-arrampicata\/","url":"https:\/\/www.sestogrado.it\/it\/prodotto\/dmm-pivot-assicuratore-discensore-arrampicata\/","name":"DMM Pivot assicuratore discensore arrampicata - Sestogrado","isPartOf":{"@id":"https:\/\/www.sestogrado.it\/it\/#website"},"primaryImageOfPage":{"@id":"https:\/\/www.sestogrado.it\/it\/prodotto\/dmm-pivot-assicuratore-discensore-arrampicata\/#primaryimage"},"image":{"@id":"https:\/\/www.sestogrado.it\/prodotto\/dmm-pivot-assicuratore-discensore-arrampicata\/#primaryimage"},"thumbnailUrl":"https:\/\/www.sestogrado.it\/wp-content\/uploads\/2015\/07\/Lime.jpeg","datePublished":"2015-07-20T13:22:23+00:00","dateModified":"2026-04-23T21:40:38+00:00","description":"Versatile, funzionale ed innovativo, il DMM Pivot \u00e8 lo stato dell'arte dell'assicuratore tipo secchiello.Il Pivot \u00e8 un assicuratore discensore che fornisce ottime prestazioni come assicuratore ventrale, ma che da il meglio di s\u00e9 quando, installato sulla sosta, lo si usa per assicurare il secondo con corda dall'alto. In questa modalit\u00e0 il DMM Pivot, grazie al sistema pivot (in attesa di registrazione brevetto internazionale), consente un controllo ed una possibilit\u00e0 di calata del secondo unica, rispetto agli altri dispositivi della stessa categoria.L'anello ad inclinazione variabile consente all'assicuratore di calare uno o due secondi, simultaneamente o individualmente, con totale controllo usando il foro per l'inserimento del moschettone (se si ha molta forza nelle dita si riesce a far calare il compagno anche senza inserimento del moschettone).","breadcrumb":{"@id":"https:\/\/www.sestogrado.it\/it\/prodotto\/dmm-pivot-assicuratore-discensore-arrampicata\/#breadcrumb"},"inLanguage":"it-IT","potentialAction":[{"@type":"ReadAction","target":[["https:\/\/www.sestogrado.it\/it\/prodotto\/dmm-pivot-assicuratore-discensore-arrampicata\/"]]}]},{"@type":"ImageObject","inLanguage":"it-IT","@id":"https:\/\/www.sestogrado.it\/it\/prodotto\/dmm-pivot-assicuratore-discensore-arrampicata\/#primaryimage","url":"https:\/\/www.sestogrado.it\/wp-content\/uploads\/2015\/07\/Lime.jpeg","contentUrl":"https:\/\/www.sestogrado.it\/wp-content\/uploads\/2015\/07\/Lime.jpeg","width":956,"height":956,"caption":"dmm pivot Lime"},{"@type":"BreadcrumbList","@id":"https:\/\/www.sestogrado.it\/it\/prodotto\/dmm-pivot-assicuratore-discensore-arrampicata\/#breadcrumb","itemListElement":[{"@type":"ListItem","position":1,"name":"Home","item":"https:\/\/www.sestogrado.it\/it\/"},{"@type":"ListItem","position":2,"name":"Shop","item":"https:\/\/www.sestogrado.it\/it\/shop\/"},{"@type":"ListItem","position":3,"name":"DMM Pivot assicuratore discensore arrampicata"}]},{"@type":"WebSite","@id":"https:\/\/www.sestogrado.it\/it\/#website","url":"https:\/\/www.sestogrado.it\/it\/","name":"Sestogrado","description":"yes we climb","publisher":{"@id":"https:\/\/www.sestogrado.it\/it\/#organization"},"potentialAction":[{"@type":"SearchAction","target":{"@type":"EntryPoint","urlTemplate":"https:\/\/www.sestogrado.it\/it\/?s={search_term_string}"},"query-input":{"@type":"PropertyValueSpecification","valueRequired":true,"valueName":"search_term_string"}}],"inLanguage":"it-IT"},{"@type":"Organization","@id":"https:\/\/www.sestogrado.it\/it\/#organization","name":"Sestogrado","url":"https:\/\/www.sestogrado.it\/it\/","logo":{"@type":"ImageObject","inLanguage":"it-IT","@id":"https:\/\/www.sestogrado.it\/it\/#\/schema\/logo\/image\/","url":"https:\/\/www.sestogrado.it\/wp-content\/uploads\/2015\/03\/sestogrado-favicon.png","contentUrl":"https:\/\/www.sestogrado.it\/wp-content\/uploads\/2015\/03\/sestogrado-favicon.png","width":260,"height":260,"caption":"Sestogrado"},"image":{"@id":"https:\/\/www.sestogrado.it\/it\/#\/schema\/logo\/image\/"},"sameAs":["https:\/\/www.facebook.com\/pages\/Sestogrado\/1542635979353017?ref=bookmarks","https:\/\/www.youtube.com\/channel\/UC847kAfTkaJsWpc1jtQwr3Q"],"hasMerchantReturnPolicy":{"@type":"MerchantReturnPolicy","merchantReturnLink":"https:\/\/www.sestogrado.it\/it\/termini-e-condizioni\/"}}]},"product_brand":"DMM","og_availability":"instock","product_availability":"instock","product_condition":"new"},"_links":{"self":[{"href":"https:\/\/www.sestogrado.it\/it\/wp-json\/wp\/v2\/product\/2014","targetHints":{"allow":["GET"]}}],"collection":[{"href":"https:\/\/www.sestogrado.it\/it\/wp-json\/wp\/v2\/product"}],"about":[{"href":"https:\/\/www.sestogrado.it\/it\/wp-json\/wp\/v2\/types\/product"}],"replies":[{"embeddable":true,"href":"https:\/\/www.sestogrado.it\/it\/wp-json\/wp\/v2\/comments?post=2014"}],"wp:featuredmedia":[{"embeddable":true,"href":"https:\/\/www.sestogrado.it\/it\/wp-json\/wp\/v2\/media\/55574"}],"wp:attachment":[{"href":"https:\/\/www.sestogrado.it\/it\/wp-json\/wp\/v2\/media?parent=2014"}],"wp:term":[{"taxonomy":"product_brand","embeddable":true,"href":"https:\/\/www.sestogrado.it\/it\/wp-json\/wp\/v2\/product_brand?post=2014"},{"taxonomy":"product_cat","embeddable":true,"href":"https:\/\/www.sestogrado.it\/it\/wp-json\/wp\/v2\/product_cat?post=2014"},{"taxonomy":"product_tag","embeddable":true,"href":"https:\/\/www.sestogrado.it\/it\/wp-json\/wp\/v2\/product_tag?post=2014"}],"curies":[{"name":"wp","href":"https:\/\/api.w.org\/{rel}","templated":true}]}}