{"id":201026,"date":"2025-09-04T10:25:21","date_gmt":"2025-09-04T08:25:21","guid":{"rendered":"https:\/\/www.sestogrado.it\/?post_type=product&#038;p=201026"},"modified":"2026-04-09T11:03:12","modified_gmt":"2026-04-09T09:03:12","slug":"millet-bossons-2-reg-sacco-a-pelo-sintetico","status":"publish","type":"product","link":"https:\/\/www.sestogrado.it\/it\/prodotto\/millet-bossons-2-reg-sacco-a-pelo-sintetico\/","title":{"rendered":"Millet Bossons -2 reg sacco a pelo sintetico"},"content":{"rendered":"<p>Per le nostre notti in montagna fino a -2\u00b0C, portiamo il nostro sacco a pelo BOSSONS -2\u00b0 REG nella sua sacca di compressione. Il calore delle sue fibre di poliestere sintetico M-Loft riciclato al 100% garantisce notti confortevoli con una perfetta gestione dell&#8217;umidit\u00e0. Quando arriva la sera, ti infili velocemente dentro attraverso l&#8217;apertura centrale a 3\/4 con cerniera a doppio cursore. Come avvolti in un grande piumino, fai uscire le gambe dal fondo della cerniera centrale e le braccia dalle due cerniere laterali e ti godi la serata, bella e calda. Per la notte chiudiamo tutte le aperture e alziamo il cappuccio regolabile con coulisse per trattenere il massimo calore. Un nuovo saccoletto tecnico da montagna, a forma di sarcofago, ispirato al comfort e all&#8217;ergonomia delle giacche alpine.<\/p>\n<ul>\n<li>Forma a mummia comfort<\/li>\n<li>Isolamento sintetico in fibre di poliestere riciclate M-Loft<\/li>\n<li>Zip centrale 3\/4<\/li>\n<li>Zip antimpigliamento<\/li>\n<li>Zip a doppio cursore per facilitare la ventilazione<\/li>\n<li>Patta antifreddo interna<\/li>\n<li>Tiralampo fosforescenti<\/li>\n<li>Non accoppiabile<\/li>\n<li>Zip laterali per tirare fuori le braccia<\/li>\n<li>Sacca di compressione<\/li>\n<li>Lunghezza: 215 cm<\/li>\n<li>Altezza massima dell&#8217;utente: 185 cm<\/li>\n<li>Larghezza delle spalle: 75 cm<\/li>\n<li>Volume del sacco di compressione: 6.5 litri<\/li>\n<li>Peso: 1200g<\/li>\n<li>Dimensioni del sacco di compressione: 33 cm x 20 cm<\/li>\n<li>Temperatura di comfort: 3 \u00b0C<\/li>\n<li>Temperatura limite di comfort: -2 \u00b0C<\/li>\n<li>Temperatura estrema: -18 \u00b0C<\/li>\n<\/ul>\n<p><iframe src=\"\/\/www.youtube.com\/embed\/9cyexiMS0Jo\" width=\"560\" height=\"314\" allowfullscreen=\"allowfullscreen\"><\/iframe><\/p>\n<p><i><strong>Temperatura di comfort:<\/strong><\/i>\u00a0fino a questa temperatura, l&#8217;utente, in posizione rilassata sulla schiena, non avverte alcun freddo.<br \/>\n<i><strong>Temperatura limite di comfort:<\/strong><\/i>\u00a0tra la temperatura di comfort e la temperatura limite di comfort, l&#8217;utente deve adottare una posizione raccolta per mantenere un livello di calore confortevole. Sotto la temperatura limite di comfort, l&#8217;utente pu\u00f2 avvertire il freddo.<br \/>\n<i><strong>Temperatura estrema:<\/strong><\/i>\u00a0temperatura alla quale l&#8217;utente avvertir\u00e0 una grande sensazione di freddo che pu\u00f2 danneggiare la salute (ipotermia). Non \u00e8 consigliabile per un utente raggiungere i limiti estremi.<\/p>","protected":false},"excerpt":{"rendered":"<p>Per le nostre notti in montagna fino a -2\u00b0C, portiamo il nostro sacco a pelo BOSSONS -2\u00b0 REG nella sua [&hellip;]<\/p>\n","protected":false},"featured_media":201031,"comment_status":"open","ping_status":"closed","template":"","meta":{"_acf_changed":false},"product_brand":[312],"product_cat":[577],"product_tag":[],"class_list":{"0":"post-201026","1":"product","2":"type-product","3":"status-publish","4":"has-post-thumbnail","6":"product_brand-millet","7":"product_cat-sacchi-a-pelo","9":"first","10":"instock","11":"sale","12":"taxable","13":"shipping-taxable","14":"purchasable","15":"product-type-simple"},"acf":[],"yoast_head":"<!-- This site is optimized with the Yoast SEO plugin v26.4 - https:\/\/yoast.com\/wordpress\/plugins\/seo\/ -->\n<title>Millet Bossons -2 reg sacco a pelo sintetico - Sestogrado<\/title>\n<meta name=\"description\" content=\"Per le nostre notti in montagna fino a -2\u00b0C, portiamo il nostro sacco a pelo BOSSONS -2\u00b0 REG nella sua sacca di compressione. Il calore delle sue fibre di poliestere sintetico M-Loft riciclato al 100% garantisce notti confortevoli con una perfetta gestione dell&#039;umidit\u00e0. Quando arriva la sera, ti infili velocemente dentro attraverso l&#039;apertura centrale a 3\/4 con cerniera a doppio cursore. Come avvolti in un grande piumino, fai uscire le gambe dal fondo della cerniera centrale e le braccia dalle due cerniere laterali e ti godi la serata, bella e calda. Per la notte chiudiamo tutte le aperture e alziamo il cappuccio regolabile con coulisse per trattenere il massimo calore. Un nuovo saccoletto tecnico da montagna, a forma di sarcofago, ispirato al comfort e all&#039;ergonomia delle giacche alpine.\" \/>\n<meta name=\"robots\" content=\"index, follow, max-snippet:-1, max-image-preview:large, max-video-preview:-1\" \/>\n<link rel=\"canonical\" href=\"https:\/\/www.sestogrado.it\/it\/prodotto\/millet-bossons-2-reg-sacco-a-pelo-sintetico\/\" \/>\n<meta property=\"og:locale\" content=\"it_IT\" \/>\n<meta property=\"og:type\" content=\"article\" \/>\n<meta property=\"og:title\" content=\"Millet Bossons -2 reg sacco a pelo sintetico - Sestogrado\" \/>\n<meta property=\"og:description\" content=\"Per le nostre notti in montagna fino a -2\u00b0C, portiamo il nostro sacco a pelo BOSSONS -2\u00b0 REG nella sua sacca di compressione. Il calore delle sue fibre di poliestere sintetico M-Loft riciclato al 100% garantisce notti confortevoli con una perfetta gestione dell&#039;umidit\u00e0. Quando arriva la sera, ti infili velocemente dentro attraverso l&#039;apertura centrale a 3\/4 con cerniera a doppio cursore. Come avvolti in un grande piumino, fai uscire le gambe dal fondo della cerniera centrale e le braccia dalle due cerniere laterali e ti godi la serata, bella e calda. Per la notte chiudiamo tutte le aperture e alziamo il cappuccio regolabile con coulisse per trattenere il massimo calore. Un nuovo saccoletto tecnico da montagna, a forma di sarcofago, ispirato al comfort e all&#039;ergonomia delle giacche alpine.\" \/>\n<meta property=\"og:url\" content=\"https:\/\/www.sestogrado.it\/it\/prodotto\/millet-bossons-2-reg-sacco-a-pelo-sintetico\/\" \/>\n<meta property=\"og:site_name\" content=\"Sestogrado\" \/>\n<meta property=\"article:publisher\" content=\"https:\/\/www.facebook.com\/pages\/Sestogrado\/1542635979353017?ref=bookmarks\" \/>\n<meta property=\"article:modified_time\" content=\"2026-04-09T09:03:12+00:00\" \/>\n<meta property=\"og:image\" content=\"https:\/\/www.sestogrado.it\/wp-content\/uploads\/2025\/09\/MIC1160_N3170_C5H_0-scaled.jpg\" \/>\n\t<meta property=\"og:image:width\" content=\"2560\" \/>\n\t<meta property=\"og:image:height\" content=\"2560\" \/>\n\t<meta property=\"og:image:type\" content=\"image\/jpeg\" \/>\n<meta name=\"twitter:label1\" content=\"Prezzo\" \/>\n\t<meta name=\"twitter:data1\" content=\"&euro;&nbsp;159,00\" \/>\n\t<meta name=\"twitter:label2\" content=\"Disponibilit\u00e0\" \/>\n\t<meta name=\"twitter:data2\" content=\"In stock\" \/>\n<script type=\"application\/ld+json\" class=\"yoast-schema-graph\">{\"@context\":\"https:\/\/schema.org\",\"@graph\":[{\"@type\":\"WebPage\",\"@id\":\"https:\/\/www.sestogrado.it\/it\/prodotto\/millet-bossons-2-reg-sacco-a-pelo-sintetico\/\",\"url\":\"https:\/\/www.sestogrado.it\/it\/prodotto\/millet-bossons-2-reg-sacco-a-pelo-sintetico\/\",\"name\":\"Millet Bossons -2 reg sacco a pelo sintetico - Sestogrado\",\"isPartOf\":{\"@id\":\"https:\/\/www.sestogrado.it\/it\/#website\"},\"primaryImageOfPage\":{\"@id\":\"https:\/\/www.sestogrado.it\/it\/prodotto\/millet-bossons-2-reg-sacco-a-pelo-sintetico\/#primaryimage\"},\"image\":{\"@id\":\"https:\/\/www.sestogrado.it\/prodotto\/millet-bossons-2-reg-sacco-a-pelo-sintetico\/#primaryimage\"},\"thumbnailUrl\":\"https:\/\/www.sestogrado.it\/wp-content\/uploads\/2025\/09\/MIC1160_N3170_C5H_0-scaled.jpg\",\"datePublished\":\"2025-09-04T08:25:21+00:00\",\"dateModified\":\"2026-04-09T09:03:12+00:00\",\"description\":\"Per le nostre notti in montagna fino a -2\u00b0C, portiamo il nostro sacco a pelo BOSSONS -2\u00b0 REG nella sua sacca di compressione. Il calore delle sue fibre di poliestere sintetico M-Loft riciclato al 100% garantisce notti confortevoli con una perfetta gestione dell'umidit\u00e0. Quando arriva la sera, ti infili velocemente dentro attraverso l'apertura centrale a 3\/4 con cerniera a doppio cursore. Come avvolti in un grande piumino, fai uscire le gambe dal fondo della cerniera centrale e le braccia dalle due cerniere laterali e ti godi la serata, bella e calda. Per la notte chiudiamo tutte le aperture e alziamo il cappuccio regolabile con coulisse per trattenere il massimo calore. Un nuovo saccoletto tecnico da montagna, a forma di sarcofago, ispirato al comfort e all'ergonomia delle giacche alpine.\",\"breadcrumb\":{\"@id\":\"https:\/\/www.sestogrado.it\/it\/prodotto\/millet-bossons-2-reg-sacco-a-pelo-sintetico\/#breadcrumb\"},\"inLanguage\":\"it-IT\",\"potentialAction\":[{\"@type\":\"ReadAction\",\"target\":[[\"https:\/\/www.sestogrado.it\/it\/prodotto\/millet-bossons-2-reg-sacco-a-pelo-sintetico\/\"]]}]},{\"@type\":\"ImageObject\",\"inLanguage\":\"it-IT\",\"@id\":\"https:\/\/www.sestogrado.it\/it\/prodotto\/millet-bossons-2-reg-sacco-a-pelo-sintetico\/#primaryimage\",\"url\":\"https:\/\/www.sestogrado.it\/wp-content\/uploads\/2025\/09\/MIC1160_N3170_C5H_0-scaled.jpg\",\"contentUrl\":\"https:\/\/www.sestogrado.it\/wp-content\/uploads\/2025\/09\/MIC1160_N3170_C5H_0-scaled.jpg\",\"width\":2560,\"height\":2560,\"caption\":\"bossons -2\"},{\"@type\":\"BreadcrumbList\",\"@id\":\"https:\/\/www.sestogrado.it\/it\/prodotto\/millet-bossons-2-reg-sacco-a-pelo-sintetico\/#breadcrumb\",\"itemListElement\":[{\"@type\":\"ListItem\",\"position\":1,\"name\":\"Home\",\"item\":\"https:\/\/www.sestogrado.it\/it\/\"},{\"@type\":\"ListItem\",\"position\":2,\"name\":\"Shop\",\"item\":\"https:\/\/www.sestogrado.it\/it\/shop\/\"},{\"@type\":\"ListItem\",\"position\":3,\"name\":\"Millet Bossons -2 reg sacco a pelo sintetico\"}]},{\"@type\":\"WebSite\",\"@id\":\"https:\/\/www.sestogrado.it\/it\/#website\",\"url\":\"https:\/\/www.sestogrado.it\/it\/\",\"name\":\"Sestogrado\",\"description\":\"yes we climb\",\"publisher\":{\"@id\":\"https:\/\/www.sestogrado.it\/it\/#organization\"},\"potentialAction\":[{\"@type\":\"SearchAction\",\"target\":{\"@type\":\"EntryPoint\",\"urlTemplate\":\"https:\/\/www.sestogrado.it\/it\/?s={search_term_string}\"},\"query-input\":{\"@type\":\"PropertyValueSpecification\",\"valueRequired\":true,\"valueName\":\"search_term_string\"}}],\"inLanguage\":\"it-IT\"},{\"@type\":\"Organization\",\"@id\":\"https:\/\/www.sestogrado.it\/it\/#organization\",\"name\":\"Sestogrado\",\"url\":\"https:\/\/www.sestogrado.it\/it\/\",\"logo\":{\"@type\":\"ImageObject\",\"inLanguage\":\"it-IT\",\"@id\":\"https:\/\/www.sestogrado.it\/it\/#\/schema\/logo\/image\/\",\"url\":\"https:\/\/www.sestogrado.it\/wp-content\/uploads\/2015\/03\/sestogrado-favicon.png\",\"contentUrl\":\"https:\/\/www.sestogrado.it\/wp-content\/uploads\/2015\/03\/sestogrado-favicon.png\",\"width\":260,\"height\":260,\"caption\":\"Sestogrado\"},\"image\":{\"@id\":\"https:\/\/www.sestogrado.it\/it\/#\/schema\/logo\/image\/\"},\"sameAs\":[\"https:\/\/www.facebook.com\/pages\/Sestogrado\/1542635979353017?ref=bookmarks\",\"https:\/\/www.youtube.com\/channel\/UC847kAfTkaJsWpc1jtQwr3Q\"],\"hasMerchantReturnPolicy\":{\"@type\":\"MerchantReturnPolicy\",\"merchantReturnLink\":\"https:\/\/www.sestogrado.it\/it\/termini-e-condizioni\/\"}}]}<\/script>\n<meta property=\"product:brand\" content=\"Millet\" \/>\n<meta property=\"product:price:amount\" content=\"159.00\" \/>\n<meta property=\"product:price:currency\" content=\"EUR\" \/>\n<meta property=\"og:availability\" content=\"instock\" \/>\n<meta property=\"product:availability\" content=\"instock\" \/>\n<meta property=\"product:condition\" content=\"new\" \/>\n<!-- \/ Yoast SEO plugin. -->","yoast_head_json":{"title":"Millet Bossons -2 reg sacco a pelo sintetico - Sestogrado","description":"Per le nostre notti in montagna fino a -2\u00b0C, portiamo il nostro sacco a pelo BOSSONS -2\u00b0 REG nella sua sacca di compressione. Il calore delle sue fibre di poliestere sintetico M-Loft riciclato al 100% garantisce notti confortevoli con una perfetta gestione dell'umidit\u00e0. Quando arriva la sera, ti infili velocemente dentro attraverso l'apertura centrale a 3\/4 con cerniera a doppio cursore. Come avvolti in un grande piumino, fai uscire le gambe dal fondo della cerniera centrale e le braccia dalle due cerniere laterali e ti godi la serata, bella e calda. Per la notte chiudiamo tutte le aperture e alziamo il cappuccio regolabile con coulisse per trattenere il massimo calore. Un nuovo saccoletto tecnico da montagna, a forma di sarcofago, ispirato al comfort e all'ergonomia delle giacche alpine.","robots":{"index":"index","follow":"follow","max-snippet":"max-snippet:-1","max-image-preview":"max-image-preview:large","max-video-preview":"max-video-preview:-1"},"canonical":"https:\/\/www.sestogrado.it\/it\/prodotto\/millet-bossons-2-reg-sacco-a-pelo-sintetico\/","og_locale":"it_IT","og_type":"article","og_title":"Millet Bossons -2 reg sacco a pelo sintetico - Sestogrado","og_description":"Per le nostre notti in montagna fino a -2\u00b0C, portiamo il nostro sacco a pelo BOSSONS -2\u00b0 REG nella sua sacca di compressione. Il calore delle sue fibre di poliestere sintetico M-Loft riciclato al 100% garantisce notti confortevoli con una perfetta gestione dell'umidit\u00e0. Quando arriva la sera, ti infili velocemente dentro attraverso l'apertura centrale a 3\/4 con cerniera a doppio cursore. Come avvolti in un grande piumino, fai uscire le gambe dal fondo della cerniera centrale e le braccia dalle due cerniere laterali e ti godi la serata, bella e calda. Per la notte chiudiamo tutte le aperture e alziamo il cappuccio regolabile con coulisse per trattenere il massimo calore. Un nuovo saccoletto tecnico da montagna, a forma di sarcofago, ispirato al comfort e all'ergonomia delle giacche alpine.","og_url":"https:\/\/www.sestogrado.it\/it\/prodotto\/millet-bossons-2-reg-sacco-a-pelo-sintetico\/","og_site_name":"Sestogrado","article_publisher":"https:\/\/www.facebook.com\/pages\/Sestogrado\/1542635979353017?ref=bookmarks","article_modified_time":"2026-04-09T09:03:12+00:00","og_image":[{"width":2560,"height":2560,"url":"https:\/\/www.sestogrado.it\/wp-content\/uploads\/2025\/09\/MIC1160_N3170_C5H_0-scaled.jpg","type":"image\/jpeg"}],"twitter_misc":{"Prezzo":"&euro;&nbsp;159,00","Disponibilit\u00e0":"In stock"},"schema":{"@context":"https:\/\/schema.org","@graph":[{"@type":"WebPage","@id":"https:\/\/www.sestogrado.it\/it\/prodotto\/millet-bossons-2-reg-sacco-a-pelo-sintetico\/","url":"https:\/\/www.sestogrado.it\/it\/prodotto\/millet-bossons-2-reg-sacco-a-pelo-sintetico\/","name":"Millet Bossons -2 reg sacco a pelo sintetico - Sestogrado","isPartOf":{"@id":"https:\/\/www.sestogrado.it\/it\/#website"},"primaryImageOfPage":{"@id":"https:\/\/www.sestogrado.it\/it\/prodotto\/millet-bossons-2-reg-sacco-a-pelo-sintetico\/#primaryimage"},"image":{"@id":"https:\/\/www.sestogrado.it\/prodotto\/millet-bossons-2-reg-sacco-a-pelo-sintetico\/#primaryimage"},"thumbnailUrl":"https:\/\/www.sestogrado.it\/wp-content\/uploads\/2025\/09\/MIC1160_N3170_C5H_0-scaled.jpg","datePublished":"2025-09-04T08:25:21+00:00","dateModified":"2026-04-09T09:03:12+00:00","description":"Per le nostre notti in montagna fino a -2\u00b0C, portiamo il nostro sacco a pelo BOSSONS -2\u00b0 REG nella sua sacca di compressione. Il calore delle sue fibre di poliestere sintetico M-Loft riciclato al 100% garantisce notti confortevoli con una perfetta gestione dell'umidit\u00e0. Quando arriva la sera, ti infili velocemente dentro attraverso l'apertura centrale a 3\/4 con cerniera a doppio cursore. Come avvolti in un grande piumino, fai uscire le gambe dal fondo della cerniera centrale e le braccia dalle due cerniere laterali e ti godi la serata, bella e calda. Per la notte chiudiamo tutte le aperture e alziamo il cappuccio regolabile con coulisse per trattenere il massimo calore. Un nuovo saccoletto tecnico da montagna, a forma di sarcofago, ispirato al comfort e all'ergonomia delle giacche alpine.","breadcrumb":{"@id":"https:\/\/www.sestogrado.it\/it\/prodotto\/millet-bossons-2-reg-sacco-a-pelo-sintetico\/#breadcrumb"},"inLanguage":"it-IT","potentialAction":[{"@type":"ReadAction","target":[["https:\/\/www.sestogrado.it\/it\/prodotto\/millet-bossons-2-reg-sacco-a-pelo-sintetico\/"]]}]},{"@type":"ImageObject","inLanguage":"it-IT","@id":"https:\/\/www.sestogrado.it\/it\/prodotto\/millet-bossons-2-reg-sacco-a-pelo-sintetico\/#primaryimage","url":"https:\/\/www.sestogrado.it\/wp-content\/uploads\/2025\/09\/MIC1160_N3170_C5H_0-scaled.jpg","contentUrl":"https:\/\/www.sestogrado.it\/wp-content\/uploads\/2025\/09\/MIC1160_N3170_C5H_0-scaled.jpg","width":2560,"height":2560,"caption":"bossons -2"},{"@type":"BreadcrumbList","@id":"https:\/\/www.sestogrado.it\/it\/prodotto\/millet-bossons-2-reg-sacco-a-pelo-sintetico\/#breadcrumb","itemListElement":[{"@type":"ListItem","position":1,"name":"Home","item":"https:\/\/www.sestogrado.it\/it\/"},{"@type":"ListItem","position":2,"name":"Shop","item":"https:\/\/www.sestogrado.it\/it\/shop\/"},{"@type":"ListItem","position":3,"name":"Millet Bossons -2 reg sacco a pelo sintetico"}]},{"@type":"WebSite","@id":"https:\/\/www.sestogrado.it\/it\/#website","url":"https:\/\/www.sestogrado.it\/it\/","name":"Sestogrado","description":"yes we climb","publisher":{"@id":"https:\/\/www.sestogrado.it\/it\/#organization"},"potentialAction":[{"@type":"SearchAction","target":{"@type":"EntryPoint","urlTemplate":"https:\/\/www.sestogrado.it\/it\/?s={search_term_string}"},"query-input":{"@type":"PropertyValueSpecification","valueRequired":true,"valueName":"search_term_string"}}],"inLanguage":"it-IT"},{"@type":"Organization","@id":"https:\/\/www.sestogrado.it\/it\/#organization","name":"Sestogrado","url":"https:\/\/www.sestogrado.it\/it\/","logo":{"@type":"ImageObject","inLanguage":"it-IT","@id":"https:\/\/www.sestogrado.it\/it\/#\/schema\/logo\/image\/","url":"https:\/\/www.sestogrado.it\/wp-content\/uploads\/2015\/03\/sestogrado-favicon.png","contentUrl":"https:\/\/www.sestogrado.it\/wp-content\/uploads\/2015\/03\/sestogrado-favicon.png","width":260,"height":260,"caption":"Sestogrado"},"image":{"@id":"https:\/\/www.sestogrado.it\/it\/#\/schema\/logo\/image\/"},"sameAs":["https:\/\/www.facebook.com\/pages\/Sestogrado\/1542635979353017?ref=bookmarks","https:\/\/www.youtube.com\/channel\/UC847kAfTkaJsWpc1jtQwr3Q"],"hasMerchantReturnPolicy":{"@type":"MerchantReturnPolicy","merchantReturnLink":"https:\/\/www.sestogrado.it\/it\/termini-e-condizioni\/"}}]},"product_brand":"Millet","product_price_amount":"159.00","product_price_currency":"EUR","og_availability":"instock","product_availability":"instock","product_condition":"new"},"_links":{"self":[{"href":"https:\/\/www.sestogrado.it\/it\/wp-json\/wp\/v2\/product\/201026","targetHints":{"allow":["GET"]}}],"collection":[{"href":"https:\/\/www.sestogrado.it\/it\/wp-json\/wp\/v2\/product"}],"about":[{"href":"https:\/\/www.sestogrado.it\/it\/wp-json\/wp\/v2\/types\/product"}],"replies":[{"embeddable":true,"href":"https:\/\/www.sestogrado.it\/it\/wp-json\/wp\/v2\/comments?post=201026"}],"wp:featuredmedia":[{"embeddable":true,"href":"https:\/\/www.sestogrado.it\/it\/wp-json\/wp\/v2\/media\/201031"}],"wp:attachment":[{"href":"https:\/\/www.sestogrado.it\/it\/wp-json\/wp\/v2\/media?parent=201026"}],"wp:term":[{"taxonomy":"product_brand","embeddable":true,"href":"https:\/\/www.sestogrado.it\/it\/wp-json\/wp\/v2\/product_brand?post=201026"},{"taxonomy":"product_cat","embeddable":true,"href":"https:\/\/www.sestogrado.it\/it\/wp-json\/wp\/v2\/product_cat?post=201026"},{"taxonomy":"product_tag","embeddable":true,"href":"https:\/\/www.sestogrado.it\/it\/wp-json\/wp\/v2\/product_tag?post=201026"}],"curies":[{"name":"wp","href":"https:\/\/api.w.org\/{rel}","templated":true}]}}