{"id":199603,"date":"2025-08-27T12:51:17","date_gmt":"2025-08-27T10:51:17","guid":{"rendered":"https:\/\/www.sestogrado.it\/?post_type=product&#038;p=199603"},"modified":"2025-08-27T12:51:17","modified_gmt":"2025-08-27T10:51:17","slug":"petzl-maestro-s-discensore-con-carrucola-bloccante-integrata","status":"publish","type":"product","link":"https:\/\/www.sestogrado.it\/it\/prodotto\/petzl-maestro-s-discensore-con-carrucola-bloccante-integrata\/","title":{"rendered":"Petzl Maestro S discensore con carrucola bloccante integrata"},"content":{"rendered":"<p>Il PETZL MAESTRO S \u00e8 un discensore progettato per le operazioni di soccorso tecnico. Facilita la movimentazione di carichi pesanti, in calata come in sollevamento, e pu\u00f2 essere utilizzato come sistema principale e in autoassicurazione. Questa polivalenza consente ai soccorritori di adattarsi a tutte le configurazioni riscontrate sul luogo dell\u2019intervento. La maniglia ergonomica e il freno integrato consentono di controllare comodamente la calata. Il passaggio dalla posizione di calata a quella di sollevamento \u00e8 immediato, senza dover recuperare il carico. La carrucola bloccante integrata, con puleggia di grande diametro su cuscinetti a sfere sigillati, garantisce un eccellente rendimento nel sollevamento. Il sistema AUTO-LOCK blocca automaticamente la corda quando la maniglia non \u00e8 utilizzata. Una volta bloccata, la corda pu\u00f2 essere recuperata senza dover utilizzare la maniglia. Il discensore MAESTRO S \u00e8 compatibile con corde da 10,5 a 11,5 mm e consente la movimentazione di carichi pesanti fino a 250 kg.<\/p>\n<div class=\"list\">\n<ul>\n<li>Grande polivalenza di utilizzo, ideale per il soccorso tecnico:<br \/>\n&#8211; il sistema di bloccaggio con carrucola bloccante integrata consente di utilizzare lo stesso dispositivo per la calata e il sollevamento,<br \/>\n&#8211; si utilizza come sistema principale singolo o doppio e in autoassicurazione (maggiori informazioni su questa tecnica nella nota informativa e nei consigli tecnici sul sito www.petzl.com).<br \/>\n&#8211; il punto di collegamento inferiore consente di realizzare differenti tipi di recupero,<br \/>\n&#8211; il foro nella maniglia consente d\u2019installare un cordino per il controllo da remoto.<\/li>\n<li>Facilit\u00e0 e rapidit\u00e0 di utilizzo:<br \/>\n&#8211; l\u2019installazione della corda \u00e8 facilitata, grazie alle marcature indicate sul dispositivo,<br \/>\n&#8211; la maniglia ergonomica consente di liberare progressivamente la corda e controllare comodamente la calata,<br \/>\n&#8211; il passaggio dalla posizione di calata a quella di sollevamento avviene immediatamente, senza dover recuperare il carico.<br \/>\n&#8211; il sistema AUTO-LOCK consente di bloccare automaticamente la corda quando la maniglia non \u00e8 utilizzata. Una volta bloccata, la corda pu\u00f2 essere recuperata senza dover utilizzare la maniglia.<\/li>\n<li>Efficacia nella movimentazione di carichi pesanti:<br \/>\n&#8211; la carrucola bloccante integrata, con puleggia di grande diametro su cuscinetti a sfere sigillati, dispone di un senso di rotazione unico per un eccellente rendimento nel sollevamento,<br \/>\n&#8211; la puleggia sfaccettata consente di aumentare le zone di attrito con la corda per un\u2019ulteriore azione frenante in calata,<br \/>\n&#8211; il freno integrato al dispositivo modula la frizione in funzione del carico e del diametro di corda.<\/li>\n<li>Compatibile con corde da 10,5 a 11,5 mm di diametro per la movimentazione di carichi fino a 250 kg. Altre caratteristiche di utilizzo:<br \/>\n&#8211; possibilit\u00e0 di utilizzo con una corda da 10 mm per un carico massimo di utilizzo fino a 150 kg,<br \/>\n&#8211; movimentazione di carichi pesanti fino a 272 kg con una corda da 11 mm di diametro certificata NFPA General Use.<br \/>\nMaggiori informazioni nella nota informativa disponibile sul sito www.petzl.com.<\/li>\n<\/ul>\n<\/div>\n<div class=\"list\">\n<ul>\n<li>Materiali: alluminio, acciaio inossidabile, poliammide<\/li>\n<li>Peso: 1100 g<\/li>\n<li>Diametro della corda min.: 10,5 mm<\/li>\n<li>Diametro della corda max.: 11,5 mm<\/li>\n<li>Tipo di puleggia: sfaccettata su cuscinetti a sfere sigillati<\/li>\n<li>Carico massimo di utilizzo: &#8211; 150 kg con una corda da 10 a 11,5 mm, &#8211; 250 kg con una corda da 10,5 a 11,5 mm, &#8211; 272 kg con una corda da 11 mm di diametro certificata NFPA General Use. Maggiori informazioni nella nota informativa disponibile sul sito www.petzl.com.<\/li>\n<li>Carico di rottura: 18 kN x 2 = 36 kN<\/li>\n<li>Rendimento: 86 %<\/li>\n<li>Certificazioni: CE EN 12841 tipo C, CE EN 341, NFPA 2500 General Use, NFPA 2500 Technical Use, ANSI Z359.9, ANSI Z459.1, EAC<\/li>\n<\/ul>\n<\/div>\n<p>&nbsp;<\/p>\n<p>Petzl \u00e8 un\u2019azienda leader nel mondo dell\u2019alpinismo, dell\u2019arrampicata e dell&#8217;attrezzatura lavoro. Nota per la produzione e commercializzazione del Grigri, fornisce migliaia di atleti nel mondo con i migliori prodotti tecnici da arrampicata.<\/p>","protected":false},"excerpt":{"rendered":"<p>Il PETZL MAESTRO S \u00e8 un discensore progettato per le operazioni di soccorso tecnico. Facilita la movimentazione di carichi pesanti, [&hellip;]<\/p>\n","protected":false},"featured_media":199604,"comment_status":"open","ping_status":"closed","template":"","meta":{"_acf_changed":false},"product_brand":[50],"product_cat":[512],"product_tag":[],"class_list":{"0":"post-199603","1":"product","2":"type-product","3":"status-publish","4":"has-post-thumbnail","6":"product_brand-petzl","7":"product_cat-discensori-e-bloccanti","9":"first","10":"instock","11":"sale","12":"taxable","13":"shipping-taxable","14":"purchasable","15":"product-type-simple"},"acf":[],"yoast_head":"<!-- This site is optimized with the Yoast SEO plugin v26.4 - https:\/\/yoast.com\/wordpress\/plugins\/seo\/ -->\n<title>Petzl Maestro S discensore con carrucola bloccante integrata - Sestogrado<\/title>\n<meta name=\"description\" content=\"Il PETZL MAESTRO S \u00e8 un discensore progettato per le operazioni di soccorso tecnico. Facilita la movimentazione di carichi pesanti, in calata come in sollevamento, e pu\u00f2 essere utilizzato come sistema principale e in autoassicurazione. Questa polivalenza consente ai soccorritori di adattarsi a tutte le configurazioni riscontrate sul luogo dell\u2019intervento. La maniglia ergonomica e il freno integrato consentono di controllare comodamente la calata. Il passaggio dalla posizione di calata a quella di sollevamento \u00e8 immediato, senza dover recuperare il carico. La carrucola bloccante integrata, con puleggia di grande diametro su cuscinetti a sfere sigillati, garantisce un eccellente rendimento nel sollevamento. Il sistema AUTO-LOCK blocca automaticamente la corda quando la maniglia non \u00e8 utilizzata. Una volta bloccata, la corda pu\u00f2 essere recuperata senza dover utilizzare la maniglia. Il discensore MAESTRO S \u00e8 compatibile con corde da 10,5 a 11,5 mm e consente la movimentazione di carichi pesanti fino a 250 kg.\" \/>\n<meta name=\"robots\" content=\"index, follow, max-snippet:-1, max-image-preview:large, max-video-preview:-1\" \/>\n<link rel=\"canonical\" href=\"https:\/\/www.sestogrado.it\/it\/prodotto\/petzl-maestro-s-discensore-con-carrucola-bloccante-integrata\/\" \/>\n<meta property=\"og:locale\" content=\"it_IT\" \/>\n<meta property=\"og:type\" content=\"article\" \/>\n<meta property=\"og:title\" content=\"Petzl Maestro S discensore con carrucola bloccante integrata - Sestogrado\" \/>\n<meta property=\"og:description\" content=\"Il PETZL MAESTRO S \u00e8 un discensore progettato per le operazioni di soccorso tecnico. Facilita la movimentazione di carichi pesanti, in calata come in sollevamento, e pu\u00f2 essere utilizzato come sistema principale e in autoassicurazione. Questa polivalenza consente ai soccorritori di adattarsi a tutte le configurazioni riscontrate sul luogo dell\u2019intervento. La maniglia ergonomica e il freno integrato consentono di controllare comodamente la calata. Il passaggio dalla posizione di calata a quella di sollevamento \u00e8 immediato, senza dover recuperare il carico. La carrucola bloccante integrata, con puleggia di grande diametro su cuscinetti a sfere sigillati, garantisce un eccellente rendimento nel sollevamento. Il sistema AUTO-LOCK blocca automaticamente la corda quando la maniglia non \u00e8 utilizzata. Una volta bloccata, la corda pu\u00f2 essere recuperata senza dover utilizzare la maniglia. Il discensore MAESTRO S \u00e8 compatibile con corde da 10,5 a 11,5 mm e consente la movimentazione di carichi pesanti fino a 250 kg.\" \/>\n<meta property=\"og:url\" content=\"https:\/\/www.sestogrado.it\/it\/prodotto\/petzl-maestro-s-discensore-con-carrucola-bloccante-integrata\/\" \/>\n<meta property=\"og:site_name\" content=\"Sestogrado\" \/>\n<meta property=\"article:publisher\" content=\"https:\/\/www.facebook.com\/pages\/Sestogrado\/1542635979353017?ref=bookmarks\" \/>\n<meta property=\"og:image\" content=\"https:\/\/www.sestogrado.it\/wp-content\/uploads\/2025\/08\/01-5.jpg\" \/>\n\t<meta property=\"og:image:width\" content=\"1174\" \/>\n\t<meta property=\"og:image:height\" content=\"1173\" \/>\n\t<meta property=\"og:image:type\" content=\"image\/jpeg\" \/>\n<meta name=\"twitter:label1\" content=\"Prezzo\" \/>\n\t<meta name=\"twitter:data1\" content=\"&euro;&nbsp;449,00\" \/>\n\t<meta name=\"twitter:label2\" content=\"Disponibilit\u00e0\" \/>\n\t<meta name=\"twitter:data2\" content=\"In stock\" \/>\n<script type=\"application\/ld+json\" class=\"yoast-schema-graph\">{\"@context\":\"https:\/\/schema.org\",\"@graph\":[{\"@type\":\"WebPage\",\"@id\":\"https:\/\/www.sestogrado.it\/it\/prodotto\/petzl-maestro-s-discensore-con-carrucola-bloccante-integrata\/\",\"url\":\"https:\/\/www.sestogrado.it\/it\/prodotto\/petzl-maestro-s-discensore-con-carrucola-bloccante-integrata\/\",\"name\":\"Petzl Maestro S discensore con carrucola bloccante integrata - Sestogrado\",\"isPartOf\":{\"@id\":\"https:\/\/www.sestogrado.it\/it\/#website\"},\"primaryImageOfPage\":{\"@id\":\"https:\/\/www.sestogrado.it\/it\/prodotto\/petzl-maestro-s-discensore-con-carrucola-bloccante-integrata\/#primaryimage\"},\"image\":{\"@id\":\"https:\/\/www.sestogrado.it\/prodotto\/petzl-maestro-s-discensore-con-carrucola-bloccante-integrata\/#primaryimage\"},\"thumbnailUrl\":\"https:\/\/www.sestogrado.it\/wp-content\/uploads\/2025\/08\/01-5.jpg\",\"datePublished\":\"2025-08-27T10:51:17+00:00\",\"description\":\"Il PETZL MAESTRO S \u00e8 un discensore progettato per le operazioni di soccorso tecnico. Facilita la movimentazione di carichi pesanti, in calata come in sollevamento, e pu\u00f2 essere utilizzato come sistema principale e in autoassicurazione. Questa polivalenza consente ai soccorritori di adattarsi a tutte le configurazioni riscontrate sul luogo dell\u2019intervento. La maniglia ergonomica e il freno integrato consentono di controllare comodamente la calata. Il passaggio dalla posizione di calata a quella di sollevamento \u00e8 immediato, senza dover recuperare il carico. La carrucola bloccante integrata, con puleggia di grande diametro su cuscinetti a sfere sigillati, garantisce un eccellente rendimento nel sollevamento. Il sistema AUTO-LOCK blocca automaticamente la corda quando la maniglia non \u00e8 utilizzata. Una volta bloccata, la corda pu\u00f2 essere recuperata senza dover utilizzare la maniglia. Il discensore MAESTRO S \u00e8 compatibile con corde da 10,5 a 11,5 mm e consente la movimentazione di carichi pesanti fino a 250 kg.\",\"breadcrumb\":{\"@id\":\"https:\/\/www.sestogrado.it\/it\/prodotto\/petzl-maestro-s-discensore-con-carrucola-bloccante-integrata\/#breadcrumb\"},\"inLanguage\":\"it-IT\",\"potentialAction\":[{\"@type\":\"ReadAction\",\"target\":[[\"https:\/\/www.sestogrado.it\/it\/prodotto\/petzl-maestro-s-discensore-con-carrucola-bloccante-integrata\/\"]]}]},{\"@type\":\"ImageObject\",\"inLanguage\":\"it-IT\",\"@id\":\"https:\/\/www.sestogrado.it\/it\/prodotto\/petzl-maestro-s-discensore-con-carrucola-bloccante-integrata\/#primaryimage\",\"url\":\"https:\/\/www.sestogrado.it\/wp-content\/uploads\/2025\/08\/01-5.jpg\",\"contentUrl\":\"https:\/\/www.sestogrado.it\/wp-content\/uploads\/2025\/08\/01-5.jpg\",\"width\":1174,\"height\":1173,\"caption\":\"petzl maestro s\"},{\"@type\":\"BreadcrumbList\",\"@id\":\"https:\/\/www.sestogrado.it\/it\/prodotto\/petzl-maestro-s-discensore-con-carrucola-bloccante-integrata\/#breadcrumb\",\"itemListElement\":[{\"@type\":\"ListItem\",\"position\":1,\"name\":\"Home\",\"item\":\"https:\/\/www.sestogrado.it\/it\/\"},{\"@type\":\"ListItem\",\"position\":2,\"name\":\"Shop\",\"item\":\"https:\/\/www.sestogrado.it\/it\/shop\/\"},{\"@type\":\"ListItem\",\"position\":3,\"name\":\"Petzl Maestro S discensore con carrucola bloccante integrata\"}]},{\"@type\":\"WebSite\",\"@id\":\"https:\/\/www.sestogrado.it\/it\/#website\",\"url\":\"https:\/\/www.sestogrado.it\/it\/\",\"name\":\"Sestogrado\",\"description\":\"yes we climb\",\"publisher\":{\"@id\":\"https:\/\/www.sestogrado.it\/it\/#organization\"},\"potentialAction\":[{\"@type\":\"SearchAction\",\"target\":{\"@type\":\"EntryPoint\",\"urlTemplate\":\"https:\/\/www.sestogrado.it\/it\/?s={search_term_string}\"},\"query-input\":{\"@type\":\"PropertyValueSpecification\",\"valueRequired\":true,\"valueName\":\"search_term_string\"}}],\"inLanguage\":\"it-IT\"},{\"@type\":\"Organization\",\"@id\":\"https:\/\/www.sestogrado.it\/it\/#organization\",\"name\":\"Sestogrado\",\"url\":\"https:\/\/www.sestogrado.it\/it\/\",\"logo\":{\"@type\":\"ImageObject\",\"inLanguage\":\"it-IT\",\"@id\":\"https:\/\/www.sestogrado.it\/it\/#\/schema\/logo\/image\/\",\"url\":\"https:\/\/www.sestogrado.it\/wp-content\/uploads\/2015\/03\/sestogrado-favicon.png\",\"contentUrl\":\"https:\/\/www.sestogrado.it\/wp-content\/uploads\/2015\/03\/sestogrado-favicon.png\",\"width\":260,\"height\":260,\"caption\":\"Sestogrado\"},\"image\":{\"@id\":\"https:\/\/www.sestogrado.it\/it\/#\/schema\/logo\/image\/\"},\"sameAs\":[\"https:\/\/www.facebook.com\/pages\/Sestogrado\/1542635979353017?ref=bookmarks\",\"https:\/\/www.youtube.com\/channel\/UC847kAfTkaJsWpc1jtQwr3Q\"],\"hasMerchantReturnPolicy\":{\"@type\":\"MerchantReturnPolicy\",\"merchantReturnLink\":\"https:\/\/www.sestogrado.it\/it\/termini-e-condizioni\/\"}}]}<\/script>\n<meta property=\"product:brand\" content=\"Petzl\" \/>\n<meta property=\"product:price:amount\" content=\"449.00\" \/>\n<meta property=\"product:price:currency\" content=\"EUR\" \/>\n<meta property=\"og:availability\" content=\"instock\" \/>\n<meta property=\"product:availability\" content=\"instock\" \/>\n<meta property=\"product:condition\" content=\"new\" \/>\n<!-- \/ Yoast SEO plugin. -->","yoast_head_json":{"title":"Petzl Maestro S discensore con carrucola bloccante integrata - Sestogrado","description":"Il PETZL MAESTRO S \u00e8 un discensore progettato per le operazioni di soccorso tecnico. Facilita la movimentazione di carichi pesanti, in calata come in sollevamento, e pu\u00f2 essere utilizzato come sistema principale e in autoassicurazione. Questa polivalenza consente ai soccorritori di adattarsi a tutte le configurazioni riscontrate sul luogo dell\u2019intervento. La maniglia ergonomica e il freno integrato consentono di controllare comodamente la calata. Il passaggio dalla posizione di calata a quella di sollevamento \u00e8 immediato, senza dover recuperare il carico. La carrucola bloccante integrata, con puleggia di grande diametro su cuscinetti a sfere sigillati, garantisce un eccellente rendimento nel sollevamento. Il sistema AUTO-LOCK blocca automaticamente la corda quando la maniglia non \u00e8 utilizzata. Una volta bloccata, la corda pu\u00f2 essere recuperata senza dover utilizzare la maniglia. Il discensore MAESTRO S \u00e8 compatibile con corde da 10,5 a 11,5 mm e consente la movimentazione di carichi pesanti fino a 250 kg.","robots":{"index":"index","follow":"follow","max-snippet":"max-snippet:-1","max-image-preview":"max-image-preview:large","max-video-preview":"max-video-preview:-1"},"canonical":"https:\/\/www.sestogrado.it\/it\/prodotto\/petzl-maestro-s-discensore-con-carrucola-bloccante-integrata\/","og_locale":"it_IT","og_type":"article","og_title":"Petzl Maestro S discensore con carrucola bloccante integrata - Sestogrado","og_description":"Il PETZL MAESTRO S \u00e8 un discensore progettato per le operazioni di soccorso tecnico. Facilita la movimentazione di carichi pesanti, in calata come in sollevamento, e pu\u00f2 essere utilizzato come sistema principale e in autoassicurazione. Questa polivalenza consente ai soccorritori di adattarsi a tutte le configurazioni riscontrate sul luogo dell\u2019intervento. La maniglia ergonomica e il freno integrato consentono di controllare comodamente la calata. Il passaggio dalla posizione di calata a quella di sollevamento \u00e8 immediato, senza dover recuperare il carico. La carrucola bloccante integrata, con puleggia di grande diametro su cuscinetti a sfere sigillati, garantisce un eccellente rendimento nel sollevamento. Il sistema AUTO-LOCK blocca automaticamente la corda quando la maniglia non \u00e8 utilizzata. Una volta bloccata, la corda pu\u00f2 essere recuperata senza dover utilizzare la maniglia. Il discensore MAESTRO S \u00e8 compatibile con corde da 10,5 a 11,5 mm e consente la movimentazione di carichi pesanti fino a 250 kg.","og_url":"https:\/\/www.sestogrado.it\/it\/prodotto\/petzl-maestro-s-discensore-con-carrucola-bloccante-integrata\/","og_site_name":"Sestogrado","article_publisher":"https:\/\/www.facebook.com\/pages\/Sestogrado\/1542635979353017?ref=bookmarks","og_image":[{"width":1174,"height":1173,"url":"https:\/\/www.sestogrado.it\/wp-content\/uploads\/2025\/08\/01-5.jpg","type":"image\/jpeg"}],"twitter_misc":{"Prezzo":"&euro;&nbsp;449,00","Disponibilit\u00e0":"In stock"},"schema":{"@context":"https:\/\/schema.org","@graph":[{"@type":"WebPage","@id":"https:\/\/www.sestogrado.it\/it\/prodotto\/petzl-maestro-s-discensore-con-carrucola-bloccante-integrata\/","url":"https:\/\/www.sestogrado.it\/it\/prodotto\/petzl-maestro-s-discensore-con-carrucola-bloccante-integrata\/","name":"Petzl Maestro S discensore con carrucola bloccante integrata - Sestogrado","isPartOf":{"@id":"https:\/\/www.sestogrado.it\/it\/#website"},"primaryImageOfPage":{"@id":"https:\/\/www.sestogrado.it\/it\/prodotto\/petzl-maestro-s-discensore-con-carrucola-bloccante-integrata\/#primaryimage"},"image":{"@id":"https:\/\/www.sestogrado.it\/prodotto\/petzl-maestro-s-discensore-con-carrucola-bloccante-integrata\/#primaryimage"},"thumbnailUrl":"https:\/\/www.sestogrado.it\/wp-content\/uploads\/2025\/08\/01-5.jpg","datePublished":"2025-08-27T10:51:17+00:00","description":"Il PETZL MAESTRO S \u00e8 un discensore progettato per le operazioni di soccorso tecnico. Facilita la movimentazione di carichi pesanti, in calata come in sollevamento, e pu\u00f2 essere utilizzato come sistema principale e in autoassicurazione. Questa polivalenza consente ai soccorritori di adattarsi a tutte le configurazioni riscontrate sul luogo dell\u2019intervento. La maniglia ergonomica e il freno integrato consentono di controllare comodamente la calata. Il passaggio dalla posizione di calata a quella di sollevamento \u00e8 immediato, senza dover recuperare il carico. La carrucola bloccante integrata, con puleggia di grande diametro su cuscinetti a sfere sigillati, garantisce un eccellente rendimento nel sollevamento. Il sistema AUTO-LOCK blocca automaticamente la corda quando la maniglia non \u00e8 utilizzata. Una volta bloccata, la corda pu\u00f2 essere recuperata senza dover utilizzare la maniglia. Il discensore MAESTRO S \u00e8 compatibile con corde da 10,5 a 11,5 mm e consente la movimentazione di carichi pesanti fino a 250 kg.","breadcrumb":{"@id":"https:\/\/www.sestogrado.it\/it\/prodotto\/petzl-maestro-s-discensore-con-carrucola-bloccante-integrata\/#breadcrumb"},"inLanguage":"it-IT","potentialAction":[{"@type":"ReadAction","target":[["https:\/\/www.sestogrado.it\/it\/prodotto\/petzl-maestro-s-discensore-con-carrucola-bloccante-integrata\/"]]}]},{"@type":"ImageObject","inLanguage":"it-IT","@id":"https:\/\/www.sestogrado.it\/it\/prodotto\/petzl-maestro-s-discensore-con-carrucola-bloccante-integrata\/#primaryimage","url":"https:\/\/www.sestogrado.it\/wp-content\/uploads\/2025\/08\/01-5.jpg","contentUrl":"https:\/\/www.sestogrado.it\/wp-content\/uploads\/2025\/08\/01-5.jpg","width":1174,"height":1173,"caption":"petzl maestro s"},{"@type":"BreadcrumbList","@id":"https:\/\/www.sestogrado.it\/it\/prodotto\/petzl-maestro-s-discensore-con-carrucola-bloccante-integrata\/#breadcrumb","itemListElement":[{"@type":"ListItem","position":1,"name":"Home","item":"https:\/\/www.sestogrado.it\/it\/"},{"@type":"ListItem","position":2,"name":"Shop","item":"https:\/\/www.sestogrado.it\/it\/shop\/"},{"@type":"ListItem","position":3,"name":"Petzl Maestro S discensore con carrucola bloccante integrata"}]},{"@type":"WebSite","@id":"https:\/\/www.sestogrado.it\/it\/#website","url":"https:\/\/www.sestogrado.it\/it\/","name":"Sestogrado","description":"yes we climb","publisher":{"@id":"https:\/\/www.sestogrado.it\/it\/#organization"},"potentialAction":[{"@type":"SearchAction","target":{"@type":"EntryPoint","urlTemplate":"https:\/\/www.sestogrado.it\/it\/?s={search_term_string}"},"query-input":{"@type":"PropertyValueSpecification","valueRequired":true,"valueName":"search_term_string"}}],"inLanguage":"it-IT"},{"@type":"Organization","@id":"https:\/\/www.sestogrado.it\/it\/#organization","name":"Sestogrado","url":"https:\/\/www.sestogrado.it\/it\/","logo":{"@type":"ImageObject","inLanguage":"it-IT","@id":"https:\/\/www.sestogrado.it\/it\/#\/schema\/logo\/image\/","url":"https:\/\/www.sestogrado.it\/wp-content\/uploads\/2015\/03\/sestogrado-favicon.png","contentUrl":"https:\/\/www.sestogrado.it\/wp-content\/uploads\/2015\/03\/sestogrado-favicon.png","width":260,"height":260,"caption":"Sestogrado"},"image":{"@id":"https:\/\/www.sestogrado.it\/it\/#\/schema\/logo\/image\/"},"sameAs":["https:\/\/www.facebook.com\/pages\/Sestogrado\/1542635979353017?ref=bookmarks","https:\/\/www.youtube.com\/channel\/UC847kAfTkaJsWpc1jtQwr3Q"],"hasMerchantReturnPolicy":{"@type":"MerchantReturnPolicy","merchantReturnLink":"https:\/\/www.sestogrado.it\/it\/termini-e-condizioni\/"}}]},"product_brand":"Petzl","product_price_amount":"449.00","product_price_currency":"EUR","og_availability":"instock","product_availability":"instock","product_condition":"new"},"_links":{"self":[{"href":"https:\/\/www.sestogrado.it\/it\/wp-json\/wp\/v2\/product\/199603","targetHints":{"allow":["GET"]}}],"collection":[{"href":"https:\/\/www.sestogrado.it\/it\/wp-json\/wp\/v2\/product"}],"about":[{"href":"https:\/\/www.sestogrado.it\/it\/wp-json\/wp\/v2\/types\/product"}],"replies":[{"embeddable":true,"href":"https:\/\/www.sestogrado.it\/it\/wp-json\/wp\/v2\/comments?post=199603"}],"wp:featuredmedia":[{"embeddable":true,"href":"https:\/\/www.sestogrado.it\/it\/wp-json\/wp\/v2\/media\/199604"}],"wp:attachment":[{"href":"https:\/\/www.sestogrado.it\/it\/wp-json\/wp\/v2\/media?parent=199603"}],"wp:term":[{"taxonomy":"product_brand","embeddable":true,"href":"https:\/\/www.sestogrado.it\/it\/wp-json\/wp\/v2\/product_brand?post=199603"},{"taxonomy":"product_cat","embeddable":true,"href":"https:\/\/www.sestogrado.it\/it\/wp-json\/wp\/v2\/product_cat?post=199603"},{"taxonomy":"product_tag","embeddable":true,"href":"https:\/\/www.sestogrado.it\/it\/wp-json\/wp\/v2\/product_tag?post=199603"}],"curies":[{"name":"wp","href":"https:\/\/api.w.org\/{rel}","templated":true}]}}