{"id":199573,"date":"2025-08-27T13:04:52","date_gmt":"2025-08-27T11:04:52","guid":{"rendered":"https:\/\/www.sestogrado.it\/?post_type=product&#038;p=199573"},"modified":"2025-08-27T13:04:53","modified_gmt":"2025-08-27T11:04:53","slug":"petzl-simple-discensore-da-speleologia-semplice-e-leggero","status":"publish","type":"product","link":"https:\/\/www.sestogrado.it\/it\/prodotto\/petzl-simple-discensore-da-speleologia-semplice-e-leggero\/","title":{"rendered":"Petzl Simple discensore da speleologia semplice e leggero"},"content":{"rendered":"<p>PETZL SIMPLE, come indica il suo nome, \u00e8 un discensore da speleologia di facile utilizzo. Si utilizza con corde semistatiche da 8,5 a 11 mm di diametro. Con un peso e un ingombro ridotti, semplifica la progressione nei passaggi stretti. Le carrucole possono essere ribaltate o sostituite per prolungare la durata di utilizzo nel tempo.<\/p>\n<div class=\"list\">\n<ul>\n<li>Semplicit\u00e0 di utilizzo:<br \/>\n&#8211; grande facilit\u00e0 di utilizzo. La regolazione della velocit\u00e0 di discesa si effettua serrando pi\u00f9 o meno il capo libero della corda,<br \/>\n&#8211; schema d\u2019installazione della corda inciso sul discensore,<br \/>\n&#8211; clicchetto di apertura sulla flangia apribile che permette d\u2019inserire facilmente la corda, tenendo il dispositivo collegato all\u2019imbracatura, e facilitando il superamento dei frazionamenti,<br \/>\n&#8211; lungo foro di collegamento che consente di ribaltare il moschettone FREINO Z e rendere il discensore imperdibile nei trasferimenti dal portamateriale al punto di attacco.<br \/>\n&#8211; compatibile con le corde semistatiche da 8,5 a 11 mm di diametro.<\/li>\n<li>Leggerezza e ingombro ridotto:<br \/>\n&#8211; solo 240 g,<br \/>\n&#8211; composto da due carrucole in alluminio per privilegiare la leggerezza,<br \/>\n&#8211; design sobrio, per ridurre il rischio d\u2019incastro nei passaggi stretti.<\/li>\n<li>Durata di vita del dispositivo ottimizzata girando le carrucole o sostituendole (D004CA00).<\/li>\n<\/ul>\n<\/div>\n<div class=\"list\">\n<ul>\n<li>Materiali: alluminio<\/li>\n<li>Peso: 240 g<\/li>\n<li>Compatibilit\u00e0 corda: corda semistatica da 8,5 a 11 mm<\/li>\n<\/ul>\n<p>Petzl \u00e8 un\u2019azienda leader nel mondo dell\u2019alpinismo, dell\u2019arrampicata e dell&#8217;attrezzatura lavoro. Nota per la produzione e commercializzazione del Grigri, fornisce migliaia di atleti nel mondo con i migliori prodotti tecnici da arrampicata.<\/p>\n<\/div>\n<p><\/p>","protected":false},"excerpt":{"rendered":"<p>PETZL SIMPLE, come indica il suo nome, \u00e8 un discensore da speleologia di facile utilizzo. Si utilizza con corde semistatiche [&hellip;]<\/p>\n","protected":false},"featured_media":199574,"comment_status":"open","ping_status":"closed","template":"","meta":{"_acf_changed":false},"product_brand":[50],"product_cat":[512],"product_tag":[],"class_list":{"0":"post-199573","1":"product","2":"type-product","3":"status-publish","4":"has-post-thumbnail","6":"product_brand-petzl","7":"product_cat-discensori-e-bloccanti","9":"first","10":"instock","11":"sale","12":"taxable","13":"shipping-taxable","14":"purchasable","15":"product-type-simple"},"acf":[],"yoast_head":"<!-- This site is optimized with the Yoast SEO plugin v26.4 - https:\/\/yoast.com\/wordpress\/plugins\/seo\/ -->\n<title>Petzl Simple discensore da speleologia semplice e leggero - Sestogrado<\/title>\n<meta name=\"description\" content=\"PETZL SIMPLE, come indica il suo nome, \u00e8 un discensore da speleologia di facile utilizzo. Si utilizza con corde semistatiche da 8,5 a 11 mm di diametro. Con un peso e un ingombro ridotti, semplifica la progressione nei passaggi stretti. Le carrucole possono essere ribaltate o sostituite per prolungare la durata di utilizzo nel tempo.\" \/>\n<meta name=\"robots\" content=\"index, follow, max-snippet:-1, max-image-preview:large, max-video-preview:-1\" \/>\n<link rel=\"canonical\" href=\"https:\/\/www.sestogrado.it\/it\/prodotto\/petzl-simple-discensore-da-speleologia-semplice-e-leggero\/\" \/>\n<meta property=\"og:locale\" content=\"it_IT\" \/>\n<meta property=\"og:type\" content=\"article\" \/>\n<meta property=\"og:title\" content=\"Petzl Simple discensore da speleologia semplice e leggero - Sestogrado\" \/>\n<meta property=\"og:description\" content=\"PETZL SIMPLE, come indica il suo nome, \u00e8 un discensore da speleologia di facile utilizzo. Si utilizza con corde semistatiche da 8,5 a 11 mm di diametro. Con un peso e un ingombro ridotti, semplifica la progressione nei passaggi stretti. Le carrucole possono essere ribaltate o sostituite per prolungare la durata di utilizzo nel tempo.\" \/>\n<meta property=\"og:url\" content=\"https:\/\/www.sestogrado.it\/it\/prodotto\/petzl-simple-discensore-da-speleologia-semplice-e-leggero\/\" \/>\n<meta property=\"og:site_name\" content=\"Sestogrado\" \/>\n<meta property=\"article:publisher\" content=\"https:\/\/www.facebook.com\/pages\/Sestogrado\/1542635979353017?ref=bookmarks\" \/>\n<meta property=\"article:modified_time\" content=\"2025-08-27T11:04:53+00:00\" \/>\n<meta property=\"og:image\" content=\"https:\/\/www.sestogrado.it\/wp-content\/uploads\/2025\/08\/01-1.jpg\" \/>\n\t<meta property=\"og:image:width\" content=\"1200\" \/>\n\t<meta property=\"og:image:height\" content=\"1200\" \/>\n\t<meta property=\"og:image:type\" content=\"image\/jpeg\" \/>\n<meta name=\"twitter:label1\" content=\"Prezzo\" \/>\n\t<meta name=\"twitter:data1\" content=\"&euro;&nbsp;62,70\" \/>\n\t<meta name=\"twitter:label2\" content=\"Disponibilit\u00e0\" \/>\n\t<meta name=\"twitter:data2\" content=\"In stock\" \/>\n<script type=\"application\/ld+json\" class=\"yoast-schema-graph\">{\"@context\":\"https:\/\/schema.org\",\"@graph\":[{\"@type\":\"WebPage\",\"@id\":\"https:\/\/www.sestogrado.it\/it\/prodotto\/petzl-simple-discensore-da-speleologia-semplice-e-leggero\/\",\"url\":\"https:\/\/www.sestogrado.it\/it\/prodotto\/petzl-simple-discensore-da-speleologia-semplice-e-leggero\/\",\"name\":\"Petzl Simple discensore da speleologia semplice e leggero - Sestogrado\",\"isPartOf\":{\"@id\":\"https:\/\/www.sestogrado.it\/it\/#website\"},\"primaryImageOfPage\":{\"@id\":\"https:\/\/www.sestogrado.it\/it\/prodotto\/petzl-simple-discensore-da-speleologia-semplice-e-leggero\/#primaryimage\"},\"image\":{\"@id\":\"https:\/\/www.sestogrado.it\/prodotto\/petzl-simple-discensore-da-speleologia-semplice-e-leggero\/#primaryimage\"},\"thumbnailUrl\":\"https:\/\/www.sestogrado.it\/wp-content\/uploads\/2025\/08\/01-1.jpg\",\"datePublished\":\"2025-08-27T11:04:52+00:00\",\"dateModified\":\"2025-08-27T11:04:53+00:00\",\"description\":\"PETZL SIMPLE, come indica il suo nome, \u00e8 un discensore da speleologia di facile utilizzo. Si utilizza con corde semistatiche da 8,5 a 11 mm di diametro. Con un peso e un ingombro ridotti, semplifica la progressione nei passaggi stretti. Le carrucole possono essere ribaltate o sostituite per prolungare la durata di utilizzo nel tempo.\",\"breadcrumb\":{\"@id\":\"https:\/\/www.sestogrado.it\/it\/prodotto\/petzl-simple-discensore-da-speleologia-semplice-e-leggero\/#breadcrumb\"},\"inLanguage\":\"it-IT\",\"potentialAction\":[{\"@type\":\"ReadAction\",\"target\":[[\"https:\/\/www.sestogrado.it\/it\/prodotto\/petzl-simple-discensore-da-speleologia-semplice-e-leggero\/\"]]}]},{\"@type\":\"ImageObject\",\"inLanguage\":\"it-IT\",\"@id\":\"https:\/\/www.sestogrado.it\/it\/prodotto\/petzl-simple-discensore-da-speleologia-semplice-e-leggero\/#primaryimage\",\"url\":\"https:\/\/www.sestogrado.it\/wp-content\/uploads\/2025\/08\/01-1.jpg\",\"contentUrl\":\"https:\/\/www.sestogrado.it\/wp-content\/uploads\/2025\/08\/01-1.jpg\",\"width\":1200,\"height\":1200,\"caption\":\"petzl simple\"},{\"@type\":\"BreadcrumbList\",\"@id\":\"https:\/\/www.sestogrado.it\/it\/prodotto\/petzl-simple-discensore-da-speleologia-semplice-e-leggero\/#breadcrumb\",\"itemListElement\":[{\"@type\":\"ListItem\",\"position\":1,\"name\":\"Home\",\"item\":\"https:\/\/www.sestogrado.it\/it\/\"},{\"@type\":\"ListItem\",\"position\":2,\"name\":\"Shop\",\"item\":\"https:\/\/www.sestogrado.it\/it\/shop\/\"},{\"@type\":\"ListItem\",\"position\":3,\"name\":\"Petzl Simple discensore da speleologia semplice e leggero\"}]},{\"@type\":\"WebSite\",\"@id\":\"https:\/\/www.sestogrado.it\/it\/#website\",\"url\":\"https:\/\/www.sestogrado.it\/it\/\",\"name\":\"Sestogrado\",\"description\":\"yes we climb\",\"publisher\":{\"@id\":\"https:\/\/www.sestogrado.it\/it\/#organization\"},\"potentialAction\":[{\"@type\":\"SearchAction\",\"target\":{\"@type\":\"EntryPoint\",\"urlTemplate\":\"https:\/\/www.sestogrado.it\/it\/?s={search_term_string}\"},\"query-input\":{\"@type\":\"PropertyValueSpecification\",\"valueRequired\":true,\"valueName\":\"search_term_string\"}}],\"inLanguage\":\"it-IT\"},{\"@type\":\"Organization\",\"@id\":\"https:\/\/www.sestogrado.it\/it\/#organization\",\"name\":\"Sestogrado\",\"url\":\"https:\/\/www.sestogrado.it\/it\/\",\"logo\":{\"@type\":\"ImageObject\",\"inLanguage\":\"it-IT\",\"@id\":\"https:\/\/www.sestogrado.it\/it\/#\/schema\/logo\/image\/\",\"url\":\"https:\/\/www.sestogrado.it\/wp-content\/uploads\/2015\/03\/sestogrado-favicon.png\",\"contentUrl\":\"https:\/\/www.sestogrado.it\/wp-content\/uploads\/2015\/03\/sestogrado-favicon.png\",\"width\":260,\"height\":260,\"caption\":\"Sestogrado\"},\"image\":{\"@id\":\"https:\/\/www.sestogrado.it\/it\/#\/schema\/logo\/image\/\"},\"sameAs\":[\"https:\/\/www.facebook.com\/pages\/Sestogrado\/1542635979353017?ref=bookmarks\",\"https:\/\/www.youtube.com\/channel\/UC847kAfTkaJsWpc1jtQwr3Q\"],\"hasMerchantReturnPolicy\":{\"@type\":\"MerchantReturnPolicy\",\"merchantReturnLink\":\"https:\/\/www.sestogrado.it\/it\/termini-e-condizioni\/\"}}]}<\/script>\n<meta property=\"product:brand\" content=\"Petzl\" \/>\n<meta property=\"product:price:amount\" content=\"62.70\" \/>\n<meta property=\"product:price:currency\" content=\"EUR\" \/>\n<meta property=\"og:availability\" content=\"instock\" \/>\n<meta property=\"product:availability\" content=\"instock\" \/>\n<meta property=\"product:condition\" content=\"new\" \/>\n<!-- \/ Yoast SEO plugin. -->","yoast_head_json":{"title":"Petzl Simple discensore da speleologia semplice e leggero - Sestogrado","description":"PETZL SIMPLE, come indica il suo nome, \u00e8 un discensore da speleologia di facile utilizzo. Si utilizza con corde semistatiche da 8,5 a 11 mm di diametro. Con un peso e un ingombro ridotti, semplifica la progressione nei passaggi stretti. Le carrucole possono essere ribaltate o sostituite per prolungare la durata di utilizzo nel tempo.","robots":{"index":"index","follow":"follow","max-snippet":"max-snippet:-1","max-image-preview":"max-image-preview:large","max-video-preview":"max-video-preview:-1"},"canonical":"https:\/\/www.sestogrado.it\/it\/prodotto\/petzl-simple-discensore-da-speleologia-semplice-e-leggero\/","og_locale":"it_IT","og_type":"article","og_title":"Petzl Simple discensore da speleologia semplice e leggero - Sestogrado","og_description":"PETZL SIMPLE, come indica il suo nome, \u00e8 un discensore da speleologia di facile utilizzo. Si utilizza con corde semistatiche da 8,5 a 11 mm di diametro. Con un peso e un ingombro ridotti, semplifica la progressione nei passaggi stretti. Le carrucole possono essere ribaltate o sostituite per prolungare la durata di utilizzo nel tempo.","og_url":"https:\/\/www.sestogrado.it\/it\/prodotto\/petzl-simple-discensore-da-speleologia-semplice-e-leggero\/","og_site_name":"Sestogrado","article_publisher":"https:\/\/www.facebook.com\/pages\/Sestogrado\/1542635979353017?ref=bookmarks","article_modified_time":"2025-08-27T11:04:53+00:00","og_image":[{"width":1200,"height":1200,"url":"https:\/\/www.sestogrado.it\/wp-content\/uploads\/2025\/08\/01-1.jpg","type":"image\/jpeg"}],"twitter_misc":{"Prezzo":"&euro;&nbsp;62,70","Disponibilit\u00e0":"In stock"},"schema":{"@context":"https:\/\/schema.org","@graph":[{"@type":"WebPage","@id":"https:\/\/www.sestogrado.it\/it\/prodotto\/petzl-simple-discensore-da-speleologia-semplice-e-leggero\/","url":"https:\/\/www.sestogrado.it\/it\/prodotto\/petzl-simple-discensore-da-speleologia-semplice-e-leggero\/","name":"Petzl Simple discensore da speleologia semplice e leggero - Sestogrado","isPartOf":{"@id":"https:\/\/www.sestogrado.it\/it\/#website"},"primaryImageOfPage":{"@id":"https:\/\/www.sestogrado.it\/it\/prodotto\/petzl-simple-discensore-da-speleologia-semplice-e-leggero\/#primaryimage"},"image":{"@id":"https:\/\/www.sestogrado.it\/prodotto\/petzl-simple-discensore-da-speleologia-semplice-e-leggero\/#primaryimage"},"thumbnailUrl":"https:\/\/www.sestogrado.it\/wp-content\/uploads\/2025\/08\/01-1.jpg","datePublished":"2025-08-27T11:04:52+00:00","dateModified":"2025-08-27T11:04:53+00:00","description":"PETZL SIMPLE, come indica il suo nome, \u00e8 un discensore da speleologia di facile utilizzo. Si utilizza con corde semistatiche da 8,5 a 11 mm di diametro. Con un peso e un ingombro ridotti, semplifica la progressione nei passaggi stretti. Le carrucole possono essere ribaltate o sostituite per prolungare la durata di utilizzo nel tempo.","breadcrumb":{"@id":"https:\/\/www.sestogrado.it\/it\/prodotto\/petzl-simple-discensore-da-speleologia-semplice-e-leggero\/#breadcrumb"},"inLanguage":"it-IT","potentialAction":[{"@type":"ReadAction","target":[["https:\/\/www.sestogrado.it\/it\/prodotto\/petzl-simple-discensore-da-speleologia-semplice-e-leggero\/"]]}]},{"@type":"ImageObject","inLanguage":"it-IT","@id":"https:\/\/www.sestogrado.it\/it\/prodotto\/petzl-simple-discensore-da-speleologia-semplice-e-leggero\/#primaryimage","url":"https:\/\/www.sestogrado.it\/wp-content\/uploads\/2025\/08\/01-1.jpg","contentUrl":"https:\/\/www.sestogrado.it\/wp-content\/uploads\/2025\/08\/01-1.jpg","width":1200,"height":1200,"caption":"petzl simple"},{"@type":"BreadcrumbList","@id":"https:\/\/www.sestogrado.it\/it\/prodotto\/petzl-simple-discensore-da-speleologia-semplice-e-leggero\/#breadcrumb","itemListElement":[{"@type":"ListItem","position":1,"name":"Home","item":"https:\/\/www.sestogrado.it\/it\/"},{"@type":"ListItem","position":2,"name":"Shop","item":"https:\/\/www.sestogrado.it\/it\/shop\/"},{"@type":"ListItem","position":3,"name":"Petzl Simple discensore da speleologia semplice e leggero"}]},{"@type":"WebSite","@id":"https:\/\/www.sestogrado.it\/it\/#website","url":"https:\/\/www.sestogrado.it\/it\/","name":"Sestogrado","description":"yes we climb","publisher":{"@id":"https:\/\/www.sestogrado.it\/it\/#organization"},"potentialAction":[{"@type":"SearchAction","target":{"@type":"EntryPoint","urlTemplate":"https:\/\/www.sestogrado.it\/it\/?s={search_term_string}"},"query-input":{"@type":"PropertyValueSpecification","valueRequired":true,"valueName":"search_term_string"}}],"inLanguage":"it-IT"},{"@type":"Organization","@id":"https:\/\/www.sestogrado.it\/it\/#organization","name":"Sestogrado","url":"https:\/\/www.sestogrado.it\/it\/","logo":{"@type":"ImageObject","inLanguage":"it-IT","@id":"https:\/\/www.sestogrado.it\/it\/#\/schema\/logo\/image\/","url":"https:\/\/www.sestogrado.it\/wp-content\/uploads\/2015\/03\/sestogrado-favicon.png","contentUrl":"https:\/\/www.sestogrado.it\/wp-content\/uploads\/2015\/03\/sestogrado-favicon.png","width":260,"height":260,"caption":"Sestogrado"},"image":{"@id":"https:\/\/www.sestogrado.it\/it\/#\/schema\/logo\/image\/"},"sameAs":["https:\/\/www.facebook.com\/pages\/Sestogrado\/1542635979353017?ref=bookmarks","https:\/\/www.youtube.com\/channel\/UC847kAfTkaJsWpc1jtQwr3Q"],"hasMerchantReturnPolicy":{"@type":"MerchantReturnPolicy","merchantReturnLink":"https:\/\/www.sestogrado.it\/it\/termini-e-condizioni\/"}}]},"product_brand":"Petzl","product_price_amount":"62.70","product_price_currency":"EUR","og_availability":"instock","product_availability":"instock","product_condition":"new"},"_links":{"self":[{"href":"https:\/\/www.sestogrado.it\/it\/wp-json\/wp\/v2\/product\/199573","targetHints":{"allow":["GET"]}}],"collection":[{"href":"https:\/\/www.sestogrado.it\/it\/wp-json\/wp\/v2\/product"}],"about":[{"href":"https:\/\/www.sestogrado.it\/it\/wp-json\/wp\/v2\/types\/product"}],"replies":[{"embeddable":true,"href":"https:\/\/www.sestogrado.it\/it\/wp-json\/wp\/v2\/comments?post=199573"}],"wp:featuredmedia":[{"embeddable":true,"href":"https:\/\/www.sestogrado.it\/it\/wp-json\/wp\/v2\/media\/199574"}],"wp:attachment":[{"href":"https:\/\/www.sestogrado.it\/it\/wp-json\/wp\/v2\/media?parent=199573"}],"wp:term":[{"taxonomy":"product_brand","embeddable":true,"href":"https:\/\/www.sestogrado.it\/it\/wp-json\/wp\/v2\/product_brand?post=199573"},{"taxonomy":"product_cat","embeddable":true,"href":"https:\/\/www.sestogrado.it\/it\/wp-json\/wp\/v2\/product_cat?post=199573"},{"taxonomy":"product_tag","embeddable":true,"href":"https:\/\/www.sestogrado.it\/it\/wp-json\/wp\/v2\/product_tag?post=199573"}],"curies":[{"name":"wp","href":"https:\/\/api.w.org\/{rel}","templated":true}]}}