{"id":19941,"date":"2019-03-07T14:46:00","date_gmt":"2019-03-07T13:46:00","guid":{"rendered":"https:\/\/www.sestogrado.it\/?post_type=product&#038;p=19941"},"modified":"2026-04-23T14:35:30","modified_gmt":"2026-04-23T12:35:30","slug":"grivel-trail-vario-bastoncini-trekking","status":"publish","type":"product","link":"https:\/\/www.sestogrado.it\/it\/prodotto\/grivel-trail-vario-bastoncini-trekking\/","title":{"rendered":"Grivel Trail Vario bastoncini da alpinismo trail escursionismo"},"content":{"rendered":"<p>I Grivel Trail Vario sono dei bastoncini 4 stagioni ideale per il trail running o l&#8217;alpinismo. Utilizzano il sistema The Knee su due segmenti, per chiuderlo rapidamente ed un sistema tradizionale a clip, per regolarne la lunghezza. In questo modo il Grivel Trail Vario \u00e8 regolabile da 112 a 130cm, in funzione del tipo di attivit\u00e0 che si sta effettuando.<\/p>\n<p>Unendo i due sistemi, il The Knee e quello a leva esterna, si ha un bastone tradizionale, leggero e resistente per camminare in montagna.<\/p>\n<ul>\n<li>Unisce i due sistemi KNEE e leva esterna per un bastone tradizionale.<\/li>\n<li>Il sistema di regolazione della parte superiore con una leva esterna per bloccare e sbloccare permette di regolare la lunghezza del bastone.<\/li>\n<li>KNEE system nella parte bassa per richiuderlo.<\/li>\n<li>Impugnatura in EVA ergonomica, lunga, confortevole ed areata.<\/li>\n<li>Due rotelle, per l\u2019estate e per l\u2019inverno.<\/li>\n<li>Misura regolabile 112 &#8211; 130cm<\/li>\n<\/ul>\n<p>Il Grivel Trail Vario \u00e8 un bastoncino che unisce la regolabilit\u00e0 dei bastoni tradizionali, alla tecnicit\u00e0 e compattezza offerta dal sistema di chiusura The Knee.<\/p>\n<p><em>Il prezzo \u00e8 riferito alla coppia di bastoncini.<\/em><\/p>\n<p>&nbsp;<\/p>","protected":false},"excerpt":{"rendered":"<p>I Grivel Trail Vario sono dei bastoncini 4 stagioni ideale per il trail running o l&#8217;alpinismo. Utilizzano il sistema The [&hellip;]<\/p>\n","protected":false},"featured_media":96980,"comment_status":"open","ping_status":"closed","template":"","meta":{"_acf_changed":false},"product_brand":[126],"product_cat":[572],"product_tag":[],"class_list":{"0":"post-19941","1":"product","2":"type-product","3":"status-publish","4":"has-post-thumbnail","6":"product_brand-grivel","7":"product_cat-bastoncini","9":"first","10":"instock","11":"sale","12":"taxable","13":"shipping-taxable","14":"purchasable","15":"product-type-simple"},"acf":[],"yoast_head":"<!-- This site is optimized with the Yoast SEO plugin v26.4 - https:\/\/yoast.com\/wordpress\/plugins\/seo\/ -->\n<title>Grivel Trail Vario bastoncini da alpinismo trail escursionismo - Sestogrado<\/title>\n<meta name=\"description\" content=\"I Grivel Trail Vario sono dei bastoncini da trekking\u00a04 stagioni ideale per il trail running o l&#039;alpinismo. Utilizzano il sistema The Knee su due segmenti, per chiuderlo rapidamente ed un sistema tradizionale a clip, per regolarne la lunghezza.\" \/>\n<meta name=\"robots\" content=\"index, follow, max-snippet:-1, max-image-preview:large, max-video-preview:-1\" \/>\n<link rel=\"canonical\" href=\"https:\/\/www.sestogrado.it\/it\/prodotto\/grivel-trail-vario-bastoncini-trekking\/\" \/>\n<meta property=\"og:locale\" content=\"it_IT\" \/>\n<meta property=\"og:type\" content=\"article\" \/>\n<meta property=\"og:title\" content=\"Grivel Trail Vario bastoncini da alpinismo trail escursionismo - Sestogrado\" \/>\n<meta property=\"og:description\" content=\"I Grivel Trail Vario sono dei bastoncini da trekking\u00a04 stagioni ideale per il trail running o l&#039;alpinismo. Utilizzano il sistema The Knee su due segmenti, per chiuderlo rapidamente ed un sistema tradizionale a clip, per regolarne la lunghezza.\" \/>\n<meta property=\"og:url\" content=\"https:\/\/www.sestogrado.it\/it\/prodotto\/grivel-trail-vario-bastoncini-trekking\/\" \/>\n<meta property=\"og:site_name\" content=\"Sestogrado\" \/>\n<meta property=\"article:publisher\" content=\"https:\/\/www.facebook.com\/pages\/Sestogrado\/1542635979353017?ref=bookmarks\" \/>\n<meta property=\"article:modified_time\" content=\"2026-04-23T12:35:30+00:00\" \/>\n<meta property=\"og:image\" content=\"https:\/\/www.sestogrado.it\/wp-content\/uploads\/2019\/03\/air-01.jpg\" \/>\n\t<meta property=\"og:image:width\" content=\"1494\" \/>\n\t<meta property=\"og:image:height\" content=\"1495\" \/>\n\t<meta property=\"og:image:type\" content=\"image\/jpeg\" \/>\n<meta name=\"twitter:label1\" content=\"Prezzo\" \/>\n\t<meta name=\"twitter:data1\" content=\"&euro;&nbsp;99,00\" \/>\n\t<meta name=\"twitter:label2\" content=\"Disponibilit\u00e0\" \/>\n\t<meta name=\"twitter:data2\" content=\"In stock\" \/>\n<script type=\"application\/ld+json\" class=\"yoast-schema-graph\">{\"@context\":\"https:\/\/schema.org\",\"@graph\":[{\"@type\":\"WebPage\",\"@id\":\"https:\/\/www.sestogrado.it\/it\/prodotto\/grivel-trail-vario-bastoncini-trekking\/\",\"url\":\"https:\/\/www.sestogrado.it\/it\/prodotto\/grivel-trail-vario-bastoncini-trekking\/\",\"name\":\"Grivel Trail Vario bastoncini da alpinismo trail escursionismo - Sestogrado\",\"isPartOf\":{\"@id\":\"https:\/\/www.sestogrado.it\/it\/#website\"},\"primaryImageOfPage\":{\"@id\":\"https:\/\/www.sestogrado.it\/it\/prodotto\/grivel-trail-vario-bastoncini-trekking\/#primaryimage\"},\"image\":{\"@id\":\"https:\/\/www.sestogrado.it\/prodotto\/grivel-trail-vario-bastoncini-trekking\/#primaryimage\"},\"thumbnailUrl\":\"https:\/\/www.sestogrado.it\/wp-content\/uploads\/2019\/03\/air-01.jpg\",\"datePublished\":\"2019-03-07T13:46:00+00:00\",\"dateModified\":\"2026-04-23T12:35:30+00:00\",\"description\":\"I Grivel Trail Vario sono dei bastoncini da trekking\u00a04 stagioni ideale per il trail running o l'alpinismo. Utilizzano il sistema The Knee su due segmenti, per chiuderlo rapidamente ed un sistema tradizionale a clip, per regolarne la lunghezza.\",\"breadcrumb\":{\"@id\":\"https:\/\/www.sestogrado.it\/it\/prodotto\/grivel-trail-vario-bastoncini-trekking\/#breadcrumb\"},\"inLanguage\":\"it-IT\",\"potentialAction\":[{\"@type\":\"ReadAction\",\"target\":[[\"https:\/\/www.sestogrado.it\/it\/prodotto\/grivel-trail-vario-bastoncini-trekking\/\"]]}]},{\"@type\":\"ImageObject\",\"inLanguage\":\"it-IT\",\"@id\":\"https:\/\/www.sestogrado.it\/it\/prodotto\/grivel-trail-vario-bastoncini-trekking\/#primaryimage\",\"url\":\"https:\/\/www.sestogrado.it\/wp-content\/uploads\/2019\/03\/air-01.jpg\",\"contentUrl\":\"https:\/\/www.sestogrado.it\/wp-content\/uploads\/2019\/03\/air-01.jpg\",\"width\":1494,\"height\":1495,\"caption\":\"grivel trail vario\"},{\"@type\":\"BreadcrumbList\",\"@id\":\"https:\/\/www.sestogrado.it\/it\/prodotto\/grivel-trail-vario-bastoncini-trekking\/#breadcrumb\",\"itemListElement\":[{\"@type\":\"ListItem\",\"position\":1,\"name\":\"Home\",\"item\":\"https:\/\/www.sestogrado.it\/it\/\"},{\"@type\":\"ListItem\",\"position\":2,\"name\":\"Shop\",\"item\":\"https:\/\/www.sestogrado.it\/it\/shop\/\"},{\"@type\":\"ListItem\",\"position\":3,\"name\":\"Grivel Trail Vario bastoncini da alpinismo trail escursionismo\"}]},{\"@type\":\"WebSite\",\"@id\":\"https:\/\/www.sestogrado.it\/it\/#website\",\"url\":\"https:\/\/www.sestogrado.it\/it\/\",\"name\":\"Sestogrado\",\"description\":\"yes we climb\",\"publisher\":{\"@id\":\"https:\/\/www.sestogrado.it\/it\/#organization\"},\"potentialAction\":[{\"@type\":\"SearchAction\",\"target\":{\"@type\":\"EntryPoint\",\"urlTemplate\":\"https:\/\/www.sestogrado.it\/it\/?s={search_term_string}\"},\"query-input\":{\"@type\":\"PropertyValueSpecification\",\"valueRequired\":true,\"valueName\":\"search_term_string\"}}],\"inLanguage\":\"it-IT\"},{\"@type\":\"Organization\",\"@id\":\"https:\/\/www.sestogrado.it\/it\/#organization\",\"name\":\"Sestogrado\",\"url\":\"https:\/\/www.sestogrado.it\/it\/\",\"logo\":{\"@type\":\"ImageObject\",\"inLanguage\":\"it-IT\",\"@id\":\"https:\/\/www.sestogrado.it\/it\/#\/schema\/logo\/image\/\",\"url\":\"https:\/\/www.sestogrado.it\/wp-content\/uploads\/2015\/03\/sestogrado-favicon.png\",\"contentUrl\":\"https:\/\/www.sestogrado.it\/wp-content\/uploads\/2015\/03\/sestogrado-favicon.png\",\"width\":260,\"height\":260,\"caption\":\"Sestogrado\"},\"image\":{\"@id\":\"https:\/\/www.sestogrado.it\/it\/#\/schema\/logo\/image\/\"},\"sameAs\":[\"https:\/\/www.facebook.com\/pages\/Sestogrado\/1542635979353017?ref=bookmarks\",\"https:\/\/www.youtube.com\/channel\/UC847kAfTkaJsWpc1jtQwr3Q\"],\"hasMerchantReturnPolicy\":{\"@type\":\"MerchantReturnPolicy\",\"merchantReturnLink\":\"https:\/\/www.sestogrado.it\/it\/termini-e-condizioni\/\"}}]}<\/script>\n<meta property=\"product:brand\" content=\"Grivel\" \/>\n<meta property=\"product:price:amount\" content=\"99.00\" \/>\n<meta property=\"product:price:currency\" content=\"EUR\" \/>\n<meta property=\"og:availability\" content=\"instock\" \/>\n<meta property=\"product:availability\" content=\"instock\" \/>\n<meta property=\"product:condition\" content=\"new\" \/>\n<!-- \/ Yoast SEO plugin. -->","yoast_head_json":{"title":"Grivel Trail Vario bastoncini da alpinismo trail escursionismo - Sestogrado","description":"I Grivel Trail Vario sono dei bastoncini da trekking\u00a04 stagioni ideale per il trail running o l'alpinismo. Utilizzano il sistema The Knee su due segmenti, per chiuderlo rapidamente ed un sistema tradizionale a clip, per regolarne la lunghezza.","robots":{"index":"index","follow":"follow","max-snippet":"max-snippet:-1","max-image-preview":"max-image-preview:large","max-video-preview":"max-video-preview:-1"},"canonical":"https:\/\/www.sestogrado.it\/it\/prodotto\/grivel-trail-vario-bastoncini-trekking\/","og_locale":"it_IT","og_type":"article","og_title":"Grivel Trail Vario bastoncini da alpinismo trail escursionismo - Sestogrado","og_description":"I Grivel Trail Vario sono dei bastoncini da trekking\u00a04 stagioni ideale per il trail running o l'alpinismo. Utilizzano il sistema The Knee su due segmenti, per chiuderlo rapidamente ed un sistema tradizionale a clip, per regolarne la lunghezza.","og_url":"https:\/\/www.sestogrado.it\/it\/prodotto\/grivel-trail-vario-bastoncini-trekking\/","og_site_name":"Sestogrado","article_publisher":"https:\/\/www.facebook.com\/pages\/Sestogrado\/1542635979353017?ref=bookmarks","article_modified_time":"2026-04-23T12:35:30+00:00","og_image":[{"width":1494,"height":1495,"url":"https:\/\/www.sestogrado.it\/wp-content\/uploads\/2019\/03\/air-01.jpg","type":"image\/jpeg"}],"twitter_misc":{"Prezzo":"&euro;&nbsp;99,00","Disponibilit\u00e0":"In stock"},"schema":{"@context":"https:\/\/schema.org","@graph":[{"@type":"WebPage","@id":"https:\/\/www.sestogrado.it\/it\/prodotto\/grivel-trail-vario-bastoncini-trekking\/","url":"https:\/\/www.sestogrado.it\/it\/prodotto\/grivel-trail-vario-bastoncini-trekking\/","name":"Grivel Trail Vario bastoncini da alpinismo trail escursionismo - Sestogrado","isPartOf":{"@id":"https:\/\/www.sestogrado.it\/it\/#website"},"primaryImageOfPage":{"@id":"https:\/\/www.sestogrado.it\/it\/prodotto\/grivel-trail-vario-bastoncini-trekking\/#primaryimage"},"image":{"@id":"https:\/\/www.sestogrado.it\/prodotto\/grivel-trail-vario-bastoncini-trekking\/#primaryimage"},"thumbnailUrl":"https:\/\/www.sestogrado.it\/wp-content\/uploads\/2019\/03\/air-01.jpg","datePublished":"2019-03-07T13:46:00+00:00","dateModified":"2026-04-23T12:35:30+00:00","description":"I Grivel Trail Vario sono dei bastoncini da trekking\u00a04 stagioni ideale per il trail running o l'alpinismo. Utilizzano il sistema The Knee su due segmenti, per chiuderlo rapidamente ed un sistema tradizionale a clip, per regolarne la lunghezza.","breadcrumb":{"@id":"https:\/\/www.sestogrado.it\/it\/prodotto\/grivel-trail-vario-bastoncini-trekking\/#breadcrumb"},"inLanguage":"it-IT","potentialAction":[{"@type":"ReadAction","target":[["https:\/\/www.sestogrado.it\/it\/prodotto\/grivel-trail-vario-bastoncini-trekking\/"]]}]},{"@type":"ImageObject","inLanguage":"it-IT","@id":"https:\/\/www.sestogrado.it\/it\/prodotto\/grivel-trail-vario-bastoncini-trekking\/#primaryimage","url":"https:\/\/www.sestogrado.it\/wp-content\/uploads\/2019\/03\/air-01.jpg","contentUrl":"https:\/\/www.sestogrado.it\/wp-content\/uploads\/2019\/03\/air-01.jpg","width":1494,"height":1495,"caption":"grivel trail vario"},{"@type":"BreadcrumbList","@id":"https:\/\/www.sestogrado.it\/it\/prodotto\/grivel-trail-vario-bastoncini-trekking\/#breadcrumb","itemListElement":[{"@type":"ListItem","position":1,"name":"Home","item":"https:\/\/www.sestogrado.it\/it\/"},{"@type":"ListItem","position":2,"name":"Shop","item":"https:\/\/www.sestogrado.it\/it\/shop\/"},{"@type":"ListItem","position":3,"name":"Grivel Trail Vario bastoncini da alpinismo trail escursionismo"}]},{"@type":"WebSite","@id":"https:\/\/www.sestogrado.it\/it\/#website","url":"https:\/\/www.sestogrado.it\/it\/","name":"Sestogrado","description":"yes we climb","publisher":{"@id":"https:\/\/www.sestogrado.it\/it\/#organization"},"potentialAction":[{"@type":"SearchAction","target":{"@type":"EntryPoint","urlTemplate":"https:\/\/www.sestogrado.it\/it\/?s={search_term_string}"},"query-input":{"@type":"PropertyValueSpecification","valueRequired":true,"valueName":"search_term_string"}}],"inLanguage":"it-IT"},{"@type":"Organization","@id":"https:\/\/www.sestogrado.it\/it\/#organization","name":"Sestogrado","url":"https:\/\/www.sestogrado.it\/it\/","logo":{"@type":"ImageObject","inLanguage":"it-IT","@id":"https:\/\/www.sestogrado.it\/it\/#\/schema\/logo\/image\/","url":"https:\/\/www.sestogrado.it\/wp-content\/uploads\/2015\/03\/sestogrado-favicon.png","contentUrl":"https:\/\/www.sestogrado.it\/wp-content\/uploads\/2015\/03\/sestogrado-favicon.png","width":260,"height":260,"caption":"Sestogrado"},"image":{"@id":"https:\/\/www.sestogrado.it\/it\/#\/schema\/logo\/image\/"},"sameAs":["https:\/\/www.facebook.com\/pages\/Sestogrado\/1542635979353017?ref=bookmarks","https:\/\/www.youtube.com\/channel\/UC847kAfTkaJsWpc1jtQwr3Q"],"hasMerchantReturnPolicy":{"@type":"MerchantReturnPolicy","merchantReturnLink":"https:\/\/www.sestogrado.it\/it\/termini-e-condizioni\/"}}]},"product_brand":"Grivel","product_price_amount":"99.00","product_price_currency":"EUR","og_availability":"instock","product_availability":"instock","product_condition":"new"},"_links":{"self":[{"href":"https:\/\/www.sestogrado.it\/it\/wp-json\/wp\/v2\/product\/19941","targetHints":{"allow":["GET"]}}],"collection":[{"href":"https:\/\/www.sestogrado.it\/it\/wp-json\/wp\/v2\/product"}],"about":[{"href":"https:\/\/www.sestogrado.it\/it\/wp-json\/wp\/v2\/types\/product"}],"replies":[{"embeddable":true,"href":"https:\/\/www.sestogrado.it\/it\/wp-json\/wp\/v2\/comments?post=19941"}],"wp:featuredmedia":[{"embeddable":true,"href":"https:\/\/www.sestogrado.it\/it\/wp-json\/wp\/v2\/media\/96980"}],"wp:attachment":[{"href":"https:\/\/www.sestogrado.it\/it\/wp-json\/wp\/v2\/media?parent=19941"}],"wp:term":[{"taxonomy":"product_brand","embeddable":true,"href":"https:\/\/www.sestogrado.it\/it\/wp-json\/wp\/v2\/product_brand?post=19941"},{"taxonomy":"product_cat","embeddable":true,"href":"https:\/\/www.sestogrado.it\/it\/wp-json\/wp\/v2\/product_cat?post=19941"},{"taxonomy":"product_tag","embeddable":true,"href":"https:\/\/www.sestogrado.it\/it\/wp-json\/wp\/v2\/product_tag?post=19941"}],"curies":[{"name":"wp","href":"https:\/\/api.w.org\/{rel}","templated":true}]}}