{"id":19803,"date":"2022-04-27T09:59:50","date_gmt":"2022-04-27T07:59:50","guid":{"rendered":"https:\/\/www.sestogrado.it\/?post_type=product&#038;p=19803"},"modified":"2026-04-13T16:28:40","modified_gmt":"2026-04-13T14:28:40","slug":"millet-bivy-bag-sacco-da-bivacco-copri-sacco-a-pelo","status":"publish","type":"product","link":"https:\/\/www.sestogrado.it\/it\/prodotto\/millet-bivy-bag-sacco-da-bivacco-copri-sacco-a-pelo\/","title":{"rendered":"Millet Bivy Bag sacco da bivacco copri sacco a pelo"},"content":{"rendered":"<p>Pernottamenti all&#8217;aperto, con pioggia e vento non sono un problema con il Millet Bivy Bag, il sacco da bivacco traspirante e totalmente impermeabile.<\/p>\n<p>Il Millet Bivy Bag \u00e8 realizzato con lo stesso materiale delle giacche antipioggia di Millet ed ha una forma a mummia, \u00e8 realizzato in polyamide 70D 210T ed ha una membrana Dry Edge. Il risultato \u00e8 che il sacco da bivacco \u00e8 insieme compatto e traspirante. Il peso non supera i 450 grammi, in ogni caso possiede accessori utili: cappuccio con visierino, zona di aerazioni sui piedi, con chiusura in velcro.<\/p>\n<p>Il Millet Bivy Bag \u00e8 facile da stipare nello zaino e da trasportare: dimensione chiusa 22x9cm. Aperto il sacco misura 215cm in lunghezza, 82cm alle spalle e 45cm di larghezza ai piedi. Impermeabilit\u00e0: 10.000mm<\/p>\n<p>&nbsp;<\/p>\n<p>&nbsp;<\/p>\n<p><img decoding=\"async\" class=\"size-full wp-image-19804 alignnone\" src=\"https:\/\/www.sestogrado.it\/wp-content\/uploads\/2019\/02\/mil-dryedge.png\" alt=\"mil-dryedge\" width=\"120\" height=\"120\" srcset=\"https:\/\/www.sestogrado.it\/wp-content\/uploads\/2019\/02\/mil-dryedge.png 120w, https:\/\/www.sestogrado.it\/wp-content\/uploads\/2019\/02\/mil-dryedge-100x100.png 100w, https:\/\/www.sestogrado.it\/wp-content\/uploads\/2019\/02\/mil-dryedge-150x150.png 150w, https:\/\/www.sestogrado.it\/wp-content\/uploads\/2019\/02\/mil-dryedge-350x350.png 350w, https:\/\/www.sestogrado.it\/wp-content\/uploads\/2019\/02\/mil-dryedge-45x45.png 45w, https:\/\/www.sestogrado.it\/wp-content\/uploads\/2019\/02\/mil-dryedge-64x64.png 64w\" sizes=\"(max-width: 120px) 100vw, 120px\" \/><\/p>\n<p>La membrana\u00a0DRYEDGE\u2122 assicura prestazioni di impermeabilit\u00e0 e traspirabilit\u00e0 eccezionali. E&#8217; perfetta per attivit\u00e0 intensive.<\/p>\n<p><em>Il moschettone HMS rappresentato in foto serve per dare un&#8217;idea delle dimensioni del sacco una volta chiuso e non \u00e8 fornito con il saccoletto.<\/em><\/p>","protected":false},"excerpt":{"rendered":"<p>Pernottamenti all&#8217;aperto, con pioggia e vento non sono un problema con il Millet Bivy Bag, il sacco da bivacco traspirante [&hellip;]<\/p>\n","protected":false},"featured_media":100343,"comment_status":"open","ping_status":"closed","template":"","meta":{"_acf_changed":false},"product_brand":[312],"product_cat":[577,661],"product_tag":[],"class_list":{"0":"post-19803","1":"product","2":"type-product","3":"status-publish","4":"has-post-thumbnail","6":"product_brand-millet","7":"product_cat-sacchi-a-pelo","8":"product_cat-tende","10":"first","11":"instock","12":"sale","13":"taxable","14":"shipping-taxable","15":"purchasable","16":"product-type-simple"},"acf":[],"yoast_head":"<!-- This site is optimized with the Yoast SEO plugin v26.4 - https:\/\/yoast.com\/wordpress\/plugins\/seo\/ -->\n<title>Millet Bivy Bag sacco da bivacco copri sacco a pelo - Sestogrado<\/title>\n<meta name=\"description\" content=\"Pernottamenti all&#039;aperto, con pioggia e vento non sono un problema con il Millet Bivy Bag, il sacco da bivacco traspirante e totalmente impermeabile. Il Millet Bivy Bag \u00e8 realizzato con lo stesso materiale delle giacche antipioggia di Millet ed ha una forma a mummia, \u00e8 realizzato in polyamide 70D 210T.\" \/>\n<meta name=\"robots\" content=\"index, follow, max-snippet:-1, max-image-preview:large, max-video-preview:-1\" \/>\n<link rel=\"canonical\" href=\"https:\/\/www.sestogrado.it\/it\/prodotto\/millet-bivy-bag-sacco-da-bivacco-copri-sacco-a-pelo\/\" \/>\n<meta property=\"og:locale\" content=\"it_IT\" \/>\n<meta property=\"og:type\" content=\"article\" \/>\n<meta property=\"og:title\" content=\"Millet Bivy Bag sacco da bivacco copri sacco a pelo - Sestogrado\" \/>\n<meta property=\"og:description\" content=\"Pernottamenti all&#039;aperto, con pioggia e vento non sono un problema con il Millet Bivy Bag, il sacco da bivacco traspirante e totalmente impermeabile. Il Millet Bivy Bag \u00e8 realizzato con lo stesso materiale delle giacche antipioggia di Millet ed ha una forma a mummia, \u00e8 realizzato in polyamide 70D 210T.\" \/>\n<meta property=\"og:url\" content=\"https:\/\/www.sestogrado.it\/it\/prodotto\/millet-bivy-bag-sacco-da-bivacco-copri-sacco-a-pelo\/\" \/>\n<meta property=\"og:site_name\" content=\"Sestogrado\" \/>\n<meta property=\"article:publisher\" content=\"https:\/\/www.facebook.com\/pages\/Sestogrado\/1542635979353017?ref=bookmarks\" \/>\n<meta property=\"article:modified_time\" content=\"2026-04-13T14:28:40+00:00\" \/>\n<meta property=\"og:image\" content=\"https:\/\/www.sestogrado.it\/wp-content\/uploads\/2019\/02\/mic1040-3744-1-sursac-gris-bivy-bag_7.jpg\" \/>\n\t<meta property=\"og:image:width\" content=\"2000\" \/>\n\t<meta property=\"og:image:height\" content=\"2000\" \/>\n\t<meta property=\"og:image:type\" content=\"image\/jpeg\" \/>\n<meta name=\"twitter:label1\" content=\"Prezzo\" \/>\n\t<meta name=\"twitter:data1\" content=\"&euro;&nbsp;99,00\" \/>\n\t<meta name=\"twitter:label2\" content=\"Disponibilit\u00e0\" \/>\n\t<meta name=\"twitter:data2\" content=\"In stock\" \/>\n<script type=\"application\/ld+json\" class=\"yoast-schema-graph\">{\"@context\":\"https:\/\/schema.org\",\"@graph\":[{\"@type\":\"WebPage\",\"@id\":\"https:\/\/www.sestogrado.it\/it\/prodotto\/millet-bivy-bag-sacco-da-bivacco-copri-sacco-a-pelo\/\",\"url\":\"https:\/\/www.sestogrado.it\/it\/prodotto\/millet-bivy-bag-sacco-da-bivacco-copri-sacco-a-pelo\/\",\"name\":\"Millet Bivy Bag sacco da bivacco copri sacco a pelo - Sestogrado\",\"isPartOf\":{\"@id\":\"https:\/\/www.sestogrado.it\/it\/#website\"},\"primaryImageOfPage\":{\"@id\":\"https:\/\/www.sestogrado.it\/it\/prodotto\/millet-bivy-bag-sacco-da-bivacco-copri-sacco-a-pelo\/#primaryimage\"},\"image\":{\"@id\":\"https:\/\/www.sestogrado.it\/prodotto\/millet-bivy-bag-sacco-da-bivacco-copri-sacco-a-pelo\/#primaryimage\"},\"thumbnailUrl\":\"https:\/\/www.sestogrado.it\/wp-content\/uploads\/2019\/02\/mic1040-3744-1-sursac-gris-bivy-bag_7.jpg\",\"datePublished\":\"2022-04-27T07:59:50+00:00\",\"dateModified\":\"2026-04-13T14:28:40+00:00\",\"description\":\"Pernottamenti all'aperto, con pioggia e vento non sono un problema con il Millet Bivy Bag, il sacco da bivacco traspirante e totalmente impermeabile. Il Millet Bivy Bag \u00e8 realizzato con lo stesso materiale delle giacche antipioggia di Millet ed ha una forma a mummia, \u00e8 realizzato in polyamide 70D 210T.\",\"breadcrumb\":{\"@id\":\"https:\/\/www.sestogrado.it\/it\/prodotto\/millet-bivy-bag-sacco-da-bivacco-copri-sacco-a-pelo\/#breadcrumb\"},\"inLanguage\":\"it-IT\",\"potentialAction\":[{\"@type\":\"ReadAction\",\"target\":[[\"https:\/\/www.sestogrado.it\/it\/prodotto\/millet-bivy-bag-sacco-da-bivacco-copri-sacco-a-pelo\/\"]]}]},{\"@type\":\"ImageObject\",\"inLanguage\":\"it-IT\",\"@id\":\"https:\/\/www.sestogrado.it\/it\/prodotto\/millet-bivy-bag-sacco-da-bivacco-copri-sacco-a-pelo\/#primaryimage\",\"url\":\"https:\/\/www.sestogrado.it\/wp-content\/uploads\/2019\/02\/mic1040-3744-1-sursac-gris-bivy-bag_7.jpg\",\"contentUrl\":\"https:\/\/www.sestogrado.it\/wp-content\/uploads\/2019\/02\/mic1040-3744-1-sursac-gris-bivy-bag_7.jpg\",\"width\":2000,\"height\":2000,\"caption\":\"millet bivy bag\"},{\"@type\":\"BreadcrumbList\",\"@id\":\"https:\/\/www.sestogrado.it\/it\/prodotto\/millet-bivy-bag-sacco-da-bivacco-copri-sacco-a-pelo\/#breadcrumb\",\"itemListElement\":[{\"@type\":\"ListItem\",\"position\":1,\"name\":\"Home\",\"item\":\"https:\/\/www.sestogrado.it\/it\/\"},{\"@type\":\"ListItem\",\"position\":2,\"name\":\"Shop\",\"item\":\"https:\/\/www.sestogrado.it\/it\/shop\/\"},{\"@type\":\"ListItem\",\"position\":3,\"name\":\"Millet Bivy Bag sacco da bivacco copri sacco a pelo\"}]},{\"@type\":\"WebSite\",\"@id\":\"https:\/\/www.sestogrado.it\/it\/#website\",\"url\":\"https:\/\/www.sestogrado.it\/it\/\",\"name\":\"Sestogrado\",\"description\":\"yes we climb\",\"publisher\":{\"@id\":\"https:\/\/www.sestogrado.it\/it\/#organization\"},\"potentialAction\":[{\"@type\":\"SearchAction\",\"target\":{\"@type\":\"EntryPoint\",\"urlTemplate\":\"https:\/\/www.sestogrado.it\/it\/?s={search_term_string}\"},\"query-input\":{\"@type\":\"PropertyValueSpecification\",\"valueRequired\":true,\"valueName\":\"search_term_string\"}}],\"inLanguage\":\"it-IT\"},{\"@type\":\"Organization\",\"@id\":\"https:\/\/www.sestogrado.it\/it\/#organization\",\"name\":\"Sestogrado\",\"url\":\"https:\/\/www.sestogrado.it\/it\/\",\"logo\":{\"@type\":\"ImageObject\",\"inLanguage\":\"it-IT\",\"@id\":\"https:\/\/www.sestogrado.it\/it\/#\/schema\/logo\/image\/\",\"url\":\"https:\/\/www.sestogrado.it\/wp-content\/uploads\/2015\/03\/sestogrado-favicon.png\",\"contentUrl\":\"https:\/\/www.sestogrado.it\/wp-content\/uploads\/2015\/03\/sestogrado-favicon.png\",\"width\":260,\"height\":260,\"caption\":\"Sestogrado\"},\"image\":{\"@id\":\"https:\/\/www.sestogrado.it\/it\/#\/schema\/logo\/image\/\"},\"sameAs\":[\"https:\/\/www.facebook.com\/pages\/Sestogrado\/1542635979353017?ref=bookmarks\",\"https:\/\/www.youtube.com\/channel\/UC847kAfTkaJsWpc1jtQwr3Q\"],\"hasMerchantReturnPolicy\":{\"@type\":\"MerchantReturnPolicy\",\"merchantReturnLink\":\"https:\/\/www.sestogrado.it\/it\/termini-e-condizioni\/\"}}]}<\/script>\n<meta property=\"product:brand\" content=\"Millet\" \/>\n<meta property=\"product:price:amount\" content=\"99.00\" \/>\n<meta property=\"product:price:currency\" content=\"EUR\" \/>\n<meta property=\"og:availability\" content=\"instock\" \/>\n<meta property=\"product:availability\" content=\"instock\" \/>\n<meta property=\"product:condition\" content=\"new\" \/>\n<!-- \/ Yoast SEO plugin. -->","yoast_head_json":{"title":"Millet Bivy Bag sacco da bivacco copri sacco a pelo - Sestogrado","description":"Pernottamenti all'aperto, con pioggia e vento non sono un problema con il Millet Bivy Bag, il sacco da bivacco traspirante e totalmente impermeabile. Il Millet Bivy Bag \u00e8 realizzato con lo stesso materiale delle giacche antipioggia di Millet ed ha una forma a mummia, \u00e8 realizzato in polyamide 70D 210T.","robots":{"index":"index","follow":"follow","max-snippet":"max-snippet:-1","max-image-preview":"max-image-preview:large","max-video-preview":"max-video-preview:-1"},"canonical":"https:\/\/www.sestogrado.it\/it\/prodotto\/millet-bivy-bag-sacco-da-bivacco-copri-sacco-a-pelo\/","og_locale":"it_IT","og_type":"article","og_title":"Millet Bivy Bag sacco da bivacco copri sacco a pelo - Sestogrado","og_description":"Pernottamenti all'aperto, con pioggia e vento non sono un problema con il Millet Bivy Bag, il sacco da bivacco traspirante e totalmente impermeabile. Il Millet Bivy Bag \u00e8 realizzato con lo stesso materiale delle giacche antipioggia di Millet ed ha una forma a mummia, \u00e8 realizzato in polyamide 70D 210T.","og_url":"https:\/\/www.sestogrado.it\/it\/prodotto\/millet-bivy-bag-sacco-da-bivacco-copri-sacco-a-pelo\/","og_site_name":"Sestogrado","article_publisher":"https:\/\/www.facebook.com\/pages\/Sestogrado\/1542635979353017?ref=bookmarks","article_modified_time":"2026-04-13T14:28:40+00:00","og_image":[{"width":2000,"height":2000,"url":"https:\/\/www.sestogrado.it\/wp-content\/uploads\/2019\/02\/mic1040-3744-1-sursac-gris-bivy-bag_7.jpg","type":"image\/jpeg"}],"twitter_misc":{"Prezzo":"&euro;&nbsp;99,00","Disponibilit\u00e0":"In stock"},"schema":{"@context":"https:\/\/schema.org","@graph":[{"@type":"WebPage","@id":"https:\/\/www.sestogrado.it\/it\/prodotto\/millet-bivy-bag-sacco-da-bivacco-copri-sacco-a-pelo\/","url":"https:\/\/www.sestogrado.it\/it\/prodotto\/millet-bivy-bag-sacco-da-bivacco-copri-sacco-a-pelo\/","name":"Millet Bivy Bag sacco da bivacco copri sacco a pelo - Sestogrado","isPartOf":{"@id":"https:\/\/www.sestogrado.it\/it\/#website"},"primaryImageOfPage":{"@id":"https:\/\/www.sestogrado.it\/it\/prodotto\/millet-bivy-bag-sacco-da-bivacco-copri-sacco-a-pelo\/#primaryimage"},"image":{"@id":"https:\/\/www.sestogrado.it\/prodotto\/millet-bivy-bag-sacco-da-bivacco-copri-sacco-a-pelo\/#primaryimage"},"thumbnailUrl":"https:\/\/www.sestogrado.it\/wp-content\/uploads\/2019\/02\/mic1040-3744-1-sursac-gris-bivy-bag_7.jpg","datePublished":"2022-04-27T07:59:50+00:00","dateModified":"2026-04-13T14:28:40+00:00","description":"Pernottamenti all'aperto, con pioggia e vento non sono un problema con il Millet Bivy Bag, il sacco da bivacco traspirante e totalmente impermeabile. Il Millet Bivy Bag \u00e8 realizzato con lo stesso materiale delle giacche antipioggia di Millet ed ha una forma a mummia, \u00e8 realizzato in polyamide 70D 210T.","breadcrumb":{"@id":"https:\/\/www.sestogrado.it\/it\/prodotto\/millet-bivy-bag-sacco-da-bivacco-copri-sacco-a-pelo\/#breadcrumb"},"inLanguage":"it-IT","potentialAction":[{"@type":"ReadAction","target":[["https:\/\/www.sestogrado.it\/it\/prodotto\/millet-bivy-bag-sacco-da-bivacco-copri-sacco-a-pelo\/"]]}]},{"@type":"ImageObject","inLanguage":"it-IT","@id":"https:\/\/www.sestogrado.it\/it\/prodotto\/millet-bivy-bag-sacco-da-bivacco-copri-sacco-a-pelo\/#primaryimage","url":"https:\/\/www.sestogrado.it\/wp-content\/uploads\/2019\/02\/mic1040-3744-1-sursac-gris-bivy-bag_7.jpg","contentUrl":"https:\/\/www.sestogrado.it\/wp-content\/uploads\/2019\/02\/mic1040-3744-1-sursac-gris-bivy-bag_7.jpg","width":2000,"height":2000,"caption":"millet bivy bag"},{"@type":"BreadcrumbList","@id":"https:\/\/www.sestogrado.it\/it\/prodotto\/millet-bivy-bag-sacco-da-bivacco-copri-sacco-a-pelo\/#breadcrumb","itemListElement":[{"@type":"ListItem","position":1,"name":"Home","item":"https:\/\/www.sestogrado.it\/it\/"},{"@type":"ListItem","position":2,"name":"Shop","item":"https:\/\/www.sestogrado.it\/it\/shop\/"},{"@type":"ListItem","position":3,"name":"Millet Bivy Bag sacco da bivacco copri sacco a pelo"}]},{"@type":"WebSite","@id":"https:\/\/www.sestogrado.it\/it\/#website","url":"https:\/\/www.sestogrado.it\/it\/","name":"Sestogrado","description":"yes we climb","publisher":{"@id":"https:\/\/www.sestogrado.it\/it\/#organization"},"potentialAction":[{"@type":"SearchAction","target":{"@type":"EntryPoint","urlTemplate":"https:\/\/www.sestogrado.it\/it\/?s={search_term_string}"},"query-input":{"@type":"PropertyValueSpecification","valueRequired":true,"valueName":"search_term_string"}}],"inLanguage":"it-IT"},{"@type":"Organization","@id":"https:\/\/www.sestogrado.it\/it\/#organization","name":"Sestogrado","url":"https:\/\/www.sestogrado.it\/it\/","logo":{"@type":"ImageObject","inLanguage":"it-IT","@id":"https:\/\/www.sestogrado.it\/it\/#\/schema\/logo\/image\/","url":"https:\/\/www.sestogrado.it\/wp-content\/uploads\/2015\/03\/sestogrado-favicon.png","contentUrl":"https:\/\/www.sestogrado.it\/wp-content\/uploads\/2015\/03\/sestogrado-favicon.png","width":260,"height":260,"caption":"Sestogrado"},"image":{"@id":"https:\/\/www.sestogrado.it\/it\/#\/schema\/logo\/image\/"},"sameAs":["https:\/\/www.facebook.com\/pages\/Sestogrado\/1542635979353017?ref=bookmarks","https:\/\/www.youtube.com\/channel\/UC847kAfTkaJsWpc1jtQwr3Q"],"hasMerchantReturnPolicy":{"@type":"MerchantReturnPolicy","merchantReturnLink":"https:\/\/www.sestogrado.it\/it\/termini-e-condizioni\/"}}]},"product_brand":"Millet","product_price_amount":"99.00","product_price_currency":"EUR","og_availability":"instock","product_availability":"instock","product_condition":"new"},"_links":{"self":[{"href":"https:\/\/www.sestogrado.it\/it\/wp-json\/wp\/v2\/product\/19803","targetHints":{"allow":["GET"]}}],"collection":[{"href":"https:\/\/www.sestogrado.it\/it\/wp-json\/wp\/v2\/product"}],"about":[{"href":"https:\/\/www.sestogrado.it\/it\/wp-json\/wp\/v2\/types\/product"}],"replies":[{"embeddable":true,"href":"https:\/\/www.sestogrado.it\/it\/wp-json\/wp\/v2\/comments?post=19803"}],"wp:featuredmedia":[{"embeddable":true,"href":"https:\/\/www.sestogrado.it\/it\/wp-json\/wp\/v2\/media\/100343"}],"wp:attachment":[{"href":"https:\/\/www.sestogrado.it\/it\/wp-json\/wp\/v2\/media?parent=19803"}],"wp:term":[{"taxonomy":"product_brand","embeddable":true,"href":"https:\/\/www.sestogrado.it\/it\/wp-json\/wp\/v2\/product_brand?post=19803"},{"taxonomy":"product_cat","embeddable":true,"href":"https:\/\/www.sestogrado.it\/it\/wp-json\/wp\/v2\/product_cat?post=19803"},{"taxonomy":"product_tag","embeddable":true,"href":"https:\/\/www.sestogrado.it\/it\/wp-json\/wp\/v2\/product_tag?post=19803"}],"curies":[{"name":"wp","href":"https:\/\/api.w.org\/{rel}","templated":true}]}}