{"id":19754,"date":"2023-06-06T11:00:47","date_gmt":"2023-06-06T09:00:47","guid":{"rendered":"https:\/\/www.sestogrado.it\/?post_type=product&#038;p=19754"},"modified":"2026-04-06T09:00:01","modified_gmt":"2026-04-06T07:00:01","slug":"millet-baikal-1100-saccoletto-sacco-a-pelo-sintetico","status":"publish","type":"product","link":"https:\/\/www.sestogrado.it\/it\/prodotto\/millet-baikal-1100-saccoletto-sacco-a-pelo-sintetico\/","title":{"rendered":"Millet Baikal 1100 saccoletto sacco a pelo sintetico"},"content":{"rendered":"<p>Il Millet Baikal 1100 \u00e8 un sacco a pelo sintetico robusto e polivalente dalle elevate capacit\u00e0 termiche. L&#8217;imbottitura \u00e8 in microfibra sintetica con propriet\u00e0 idrorepellenti, lo strato esterno in polyamide Ripstop protegge dal freddo e dall&#8217;umidit\u00e0.<\/p>\n<p>Questo sacco a pelo tre stagioni con imbottitura sintetica, progettato per l&#8217;escursionismo e il trekking, gestisce molto bene le condizioni di bagnato. &#8220;Sotto la tenda, spesso devi fare i conti con la condensa&#8221;, spiega Antoine, product manager. &#8220;L&#8217;umidit\u00e0 pu\u00f2 provenire dal corpo, ma pu\u00f2 anche essere molto bagnata fuori, quando nevica o piove. C&#8217;\u00e8 anche l&#8217;umidit\u00e0 del terreno. L&#8217;imbottitura sintetica risponde bene a tutti questi tipi di umidit\u00e0.&#8221; Altri vantaggi dell&#8217;imbottitura sintetica? Convenienza e facilit\u00e0 di cura: &#8220;Puoi lavare in lavatrice un sacchetto di riempimento sintetico e conservarlo compresso&#8221;. BAIKAL ti consente di scegliere in base alle temperature di comfort che pi\u00f9 ti si addicono.<\/p>\n<p>Il Millet Baikal 1100 pu\u00f2 essere tranquillamente lavato in lavatrice.<\/p>\n<ul>\n<li>forma avvolgente a mummia<\/li>\n<li>microfibra sintetica protegge da freddo ed umidit\u00e0<\/li>\n<li>tasca interna<\/li>\n<li>zip interna\/esterna e\u00a0lembo isolante vicino alla chiusura<\/li>\n<li>cappuccio con cordino<\/li>\n<li>sinistra e destra possono essere agganciate per fare un unico sacco matrimoniale<\/li>\n<\/ul>\n<p>&nbsp;<\/p>\n<p>Il Millet Baikal 1100 ha una temperatura comfort di 5\u00b0, un limite di 0\u00b0 ed un limite estremo di -16\u00b0 ed \u00e8 idoneo a bivacchi in contesti severi e freddi.<\/p>\n<p><img decoding=\"async\" class=\"size-full wp-image-19753 alignnone\" src=\"https:\/\/www.sestogrado.it\/wp-content\/uploads\/2019\/02\/mil-low-impact.png\" alt=\"mil-low-impact\" width=\"120\" height=\"120\" srcset=\"https:\/\/www.sestogrado.it\/wp-content\/uploads\/2019\/02\/mil-low-impact.png 120w, https:\/\/www.sestogrado.it\/wp-content\/uploads\/2019\/02\/mil-low-impact-100x100.png 100w, https:\/\/www.sestogrado.it\/wp-content\/uploads\/2019\/02\/mil-low-impact-150x150.png 150w, https:\/\/www.sestogrado.it\/wp-content\/uploads\/2019\/02\/mil-low-impact-350x350.png 350w, https:\/\/www.sestogrado.it\/wp-content\/uploads\/2019\/02\/mil-low-impact-45x45.png 45w, https:\/\/www.sestogrado.it\/wp-content\/uploads\/2019\/02\/mil-low-impact-64x64.png 64w\" sizes=\"(max-width: 120px) 100vw, 120px\" \/><\/p>\n<p>Il Low Impact \u00e8 uno standard ecologico basato su due criteri: materiali eco-friendly per almeno il 40%, e certificazioni, per cui almeno l&#8217;80% del peso del prodotto deve essere approvato Bluesign\u00ae<\/p>\n<p><em>Il moschettone HMS rappresentato in foto serve per dare un&#8217;idea delle dimensioni del sacco una volta chiuso e non \u00e8 fornito con il saccoletto.<\/em><\/p>","protected":false},"excerpt":{"rendered":"<p>Il Millet Baikal 1100 \u00e8 un sacco a pelo sintetico robusto e polivalente dalle elevate capacit\u00e0 termiche. L&#8217;imbottitura \u00e8 in [&hellip;]<\/p>\n","protected":false},"featured_media":134128,"comment_status":"open","ping_status":"closed","template":"","meta":{"_acf_changed":false},"product_brand":[312],"product_cat":[577],"product_tag":[],"class_list":{"0":"post-19754","1":"product","2":"type-product","3":"status-publish","4":"has-post-thumbnail","6":"product_brand-millet","7":"product_cat-sacchi-a-pelo","9":"first","10":"outofstock","11":"sale","12":"taxable","13":"shipping-taxable","14":"purchasable","15":"product-type-variable"},"acf":[],"yoast_head":"<!-- This site is optimized with the Yoast SEO plugin v26.4 - https:\/\/yoast.com\/wordpress\/plugins\/seo\/ -->\n<title>Millet Baikal 1100 saccoletto sacco a pelo sintetico - Sestogrado<\/title>\n<meta name=\"description\" content=\"Il Millet Baikal 1100 \u00e8 un sacco a pelo sintetico robusto e polivalente dalle elevate capacit\u00e0 termiche. L&#039;imbottitura \u00e8 in microfibra sintetica con propriet\u00e0 idrorepellenti, lo strato esterno in polyamide Ripstop protegge dal freddo e dall&#039;umidit\u00e0.Questo sacco a pelo tre stagioni con imbottitura sintetica, progettato per l&#039;escursionismo e il trekking, gestisce molto bene le condizioni di bagnato. &quot;Sotto la tenda, spesso devi fare i conti con la condensa&quot;, spiega Antoine, product manager. &quot;L&#039;umidit\u00e0 pu\u00f2 provenire dal corpo, ma pu\u00f2 anche essere molto bagnata fuori, quando nevica o piove. C&#039;\u00e8 anche l&#039;umidit\u00e0 del terreno. L&#039;imbottitura sintetica risponde bene a tutti questi tipi di umidit\u00e0.&quot; Altri vantaggi dell&#039;imbottitura sintetica? Convenienza e facilit\u00e0 di cura: &quot;Puoi lavare in lavatrice un sacchetto di riempimento sintetico e conservarlo compresso&quot;. BAIKAL ti consente di scegliere in base alle temperature di comfort che pi\u00f9 ti si addicono.Il Millet Baikal 1100 pu\u00f2 essere tranquillamente lavato in lavatrice.\" \/>\n<meta name=\"robots\" content=\"index, follow, max-snippet:-1, max-image-preview:large, max-video-preview:-1\" \/>\n<link rel=\"canonical\" href=\"https:\/\/www.sestogrado.it\/it\/prodotto\/millet-baikal-1100-saccoletto-sacco-a-pelo-sintetico\/\" \/>\n<meta property=\"og:locale\" content=\"it_IT\" \/>\n<meta property=\"og:type\" content=\"article\" \/>\n<meta property=\"og:title\" content=\"Millet Baikal 1100 saccoletto sacco a pelo sintetico - Sestogrado\" \/>\n<meta property=\"og:description\" content=\"Il Millet Baikal 1100 \u00e8 un sacco a pelo sintetico robusto e polivalente dalle elevate capacit\u00e0 termiche. L&#039;imbottitura \u00e8 in microfibra sintetica con propriet\u00e0 idrorepellenti, lo strato esterno in polyamide Ripstop protegge dal freddo e dall&#039;umidit\u00e0.Questo sacco a pelo tre stagioni con imbottitura sintetica, progettato per l&#039;escursionismo e il trekking, gestisce molto bene le condizioni di bagnato. &quot;Sotto la tenda, spesso devi fare i conti con la condensa&quot;, spiega Antoine, product manager. &quot;L&#039;umidit\u00e0 pu\u00f2 provenire dal corpo, ma pu\u00f2 anche essere molto bagnata fuori, quando nevica o piove. C&#039;\u00e8 anche l&#039;umidit\u00e0 del terreno. L&#039;imbottitura sintetica risponde bene a tutti questi tipi di umidit\u00e0.&quot; Altri vantaggi dell&#039;imbottitura sintetica? Convenienza e facilit\u00e0 di cura: &quot;Puoi lavare in lavatrice un sacchetto di riempimento sintetico e conservarlo compresso&quot;. BAIKAL ti consente di scegliere in base alle temperature di comfort che pi\u00f9 ti si addicono.Il Millet Baikal 1100 pu\u00f2 essere tranquillamente lavato in lavatrice.\" \/>\n<meta property=\"og:url\" content=\"https:\/\/www.sestogrado.it\/it\/prodotto\/millet-baikal-1100-saccoletto-sacco-a-pelo-sintetico\/\" \/>\n<meta property=\"og:site_name\" content=\"Sestogrado\" \/>\n<meta property=\"article:publisher\" content=\"https:\/\/www.facebook.com\/pages\/Sestogrado\/1542635979353017?ref=bookmarks\" \/>\n<meta property=\"article:modified_time\" content=\"2026-04-06T07:00:01+00:00\" \/>\n<meta property=\"og:image\" content=\"https:\/\/www.sestogrado.it\/wp-content\/uploads\/2019\/02\/MIC1130_7317_C3E_0.jpg\" \/>\n\t<meta property=\"og:image:width\" content=\"1000\" \/>\n\t<meta property=\"og:image:height\" content=\"1000\" \/>\n\t<meta property=\"og:image:type\" content=\"image\/jpeg\" \/>\n<meta name=\"twitter:label1\" content=\"Disponibilit\u00e0\" \/>\n\t<meta name=\"twitter:data1\" content=\"Esaurito\" \/>\n<script type=\"application\/ld+json\" class=\"yoast-schema-graph\">{\"@context\":\"https:\/\/schema.org\",\"@graph\":[{\"@type\":\"WebPage\",\"@id\":\"https:\/\/www.sestogrado.it\/it\/prodotto\/millet-baikal-1100-saccoletto-sacco-a-pelo-sintetico\/\",\"url\":\"https:\/\/www.sestogrado.it\/it\/prodotto\/millet-baikal-1100-saccoletto-sacco-a-pelo-sintetico\/\",\"name\":\"Millet Baikal 1100 saccoletto sacco a pelo sintetico - Sestogrado\",\"isPartOf\":{\"@id\":\"https:\/\/www.sestogrado.it\/it\/#website\"},\"primaryImageOfPage\":{\"@id\":\"https:\/\/www.sestogrado.it\/it\/prodotto\/millet-baikal-1100-saccoletto-sacco-a-pelo-sintetico\/#primaryimage\"},\"image\":{\"@id\":\"https:\/\/www.sestogrado.it\/prodotto\/millet-baikal-1100-saccoletto-sacco-a-pelo-sintetico\/#primaryimage\"},\"thumbnailUrl\":\"https:\/\/www.sestogrado.it\/wp-content\/uploads\/2019\/02\/MIC1130_7317_C3E_0.jpg\",\"datePublished\":\"2023-06-06T09:00:47+00:00\",\"dateModified\":\"2026-04-06T07:00:01+00:00\",\"description\":\"Il Millet Baikal 1100 \u00e8 un sacco a pelo sintetico robusto e polivalente dalle elevate capacit\u00e0 termiche. L'imbottitura \u00e8 in microfibra sintetica con propriet\u00e0 idrorepellenti, lo strato esterno in polyamide Ripstop protegge dal freddo e dall'umidit\u00e0.Questo sacco a pelo tre stagioni con imbottitura sintetica, progettato per l'escursionismo e il trekking, gestisce molto bene le condizioni di bagnato. \\\"Sotto la tenda, spesso devi fare i conti con la condensa\\\", spiega Antoine, product manager. \\\"L'umidit\u00e0 pu\u00f2 provenire dal corpo, ma pu\u00f2 anche essere molto bagnata fuori, quando nevica o piove. C'\u00e8 anche l'umidit\u00e0 del terreno. L'imbottitura sintetica risponde bene a tutti questi tipi di umidit\u00e0.\\\" Altri vantaggi dell'imbottitura sintetica? Convenienza e facilit\u00e0 di cura: \\\"Puoi lavare in lavatrice un sacchetto di riempimento sintetico e conservarlo compresso\\\". BAIKAL ti consente di scegliere in base alle temperature di comfort che pi\u00f9 ti si addicono.Il Millet Baikal 1100 pu\u00f2 essere tranquillamente lavato in lavatrice.\",\"breadcrumb\":{\"@id\":\"https:\/\/www.sestogrado.it\/it\/prodotto\/millet-baikal-1100-saccoletto-sacco-a-pelo-sintetico\/#breadcrumb\"},\"inLanguage\":\"it-IT\",\"potentialAction\":[{\"@type\":\"ReadAction\",\"target\":[[\"https:\/\/www.sestogrado.it\/it\/prodotto\/millet-baikal-1100-saccoletto-sacco-a-pelo-sintetico\/\"]]}]},{\"@type\":\"ImageObject\",\"inLanguage\":\"it-IT\",\"@id\":\"https:\/\/www.sestogrado.it\/it\/prodotto\/millet-baikal-1100-saccoletto-sacco-a-pelo-sintetico\/#primaryimage\",\"url\":\"https:\/\/www.sestogrado.it\/wp-content\/uploads\/2019\/02\/MIC1130_7317_C3E_0.jpg\",\"contentUrl\":\"https:\/\/www.sestogrado.it\/wp-content\/uploads\/2019\/02\/MIC1130_7317_C3E_0.jpg\",\"width\":1000,\"height\":1000,\"caption\":\"baikal 1100 regular\"},{\"@type\":\"BreadcrumbList\",\"@id\":\"https:\/\/www.sestogrado.it\/it\/prodotto\/millet-baikal-1100-saccoletto-sacco-a-pelo-sintetico\/#breadcrumb\",\"itemListElement\":[{\"@type\":\"ListItem\",\"position\":1,\"name\":\"Home\",\"item\":\"https:\/\/www.sestogrado.it\/it\/\"},{\"@type\":\"ListItem\",\"position\":2,\"name\":\"Shop\",\"item\":\"https:\/\/www.sestogrado.it\/it\/shop\/\"},{\"@type\":\"ListItem\",\"position\":3,\"name\":\"Millet Baikal 1100 saccoletto sacco a pelo sintetico\"}]},{\"@type\":\"WebSite\",\"@id\":\"https:\/\/www.sestogrado.it\/it\/#website\",\"url\":\"https:\/\/www.sestogrado.it\/it\/\",\"name\":\"Sestogrado\",\"description\":\"yes we climb\",\"publisher\":{\"@id\":\"https:\/\/www.sestogrado.it\/it\/#organization\"},\"potentialAction\":[{\"@type\":\"SearchAction\",\"target\":{\"@type\":\"EntryPoint\",\"urlTemplate\":\"https:\/\/www.sestogrado.it\/it\/?s={search_term_string}\"},\"query-input\":{\"@type\":\"PropertyValueSpecification\",\"valueRequired\":true,\"valueName\":\"search_term_string\"}}],\"inLanguage\":\"it-IT\"},{\"@type\":\"Organization\",\"@id\":\"https:\/\/www.sestogrado.it\/it\/#organization\",\"name\":\"Sestogrado\",\"url\":\"https:\/\/www.sestogrado.it\/it\/\",\"logo\":{\"@type\":\"ImageObject\",\"inLanguage\":\"it-IT\",\"@id\":\"https:\/\/www.sestogrado.it\/it\/#\/schema\/logo\/image\/\",\"url\":\"https:\/\/www.sestogrado.it\/wp-content\/uploads\/2015\/03\/sestogrado-favicon.png\",\"contentUrl\":\"https:\/\/www.sestogrado.it\/wp-content\/uploads\/2015\/03\/sestogrado-favicon.png\",\"width\":260,\"height\":260,\"caption\":\"Sestogrado\"},\"image\":{\"@id\":\"https:\/\/www.sestogrado.it\/it\/#\/schema\/logo\/image\/\"},\"sameAs\":[\"https:\/\/www.facebook.com\/pages\/Sestogrado\/1542635979353017?ref=bookmarks\",\"https:\/\/www.youtube.com\/channel\/UC847kAfTkaJsWpc1jtQwr3Q\"],\"hasMerchantReturnPolicy\":{\"@type\":\"MerchantReturnPolicy\",\"merchantReturnLink\":\"https:\/\/www.sestogrado.it\/it\/termini-e-condizioni\/\"}}]}<\/script>\n<meta property=\"product:brand\" content=\"Millet\" \/>\n<meta property=\"og:availability\" content=\"out of stock\" \/>\n<meta property=\"product:availability\" content=\"out of stock\" \/>\n<meta property=\"product:condition\" content=\"new\" \/>\n<!-- \/ Yoast SEO plugin. -->","yoast_head_json":{"title":"Millet Baikal 1100 saccoletto sacco a pelo sintetico - Sestogrado","description":"Il Millet Baikal 1100 \u00e8 un sacco a pelo sintetico robusto e polivalente dalle elevate capacit\u00e0 termiche. L'imbottitura \u00e8 in microfibra sintetica con propriet\u00e0 idrorepellenti, lo strato esterno in polyamide Ripstop protegge dal freddo e dall'umidit\u00e0.Questo sacco a pelo tre stagioni con imbottitura sintetica, progettato per l'escursionismo e il trekking, gestisce molto bene le condizioni di bagnato. \"Sotto la tenda, spesso devi fare i conti con la condensa\", spiega Antoine, product manager. \"L'umidit\u00e0 pu\u00f2 provenire dal corpo, ma pu\u00f2 anche essere molto bagnata fuori, quando nevica o piove. C'\u00e8 anche l'umidit\u00e0 del terreno. L'imbottitura sintetica risponde bene a tutti questi tipi di umidit\u00e0.\" Altri vantaggi dell'imbottitura sintetica? Convenienza e facilit\u00e0 di cura: \"Puoi lavare in lavatrice un sacchetto di riempimento sintetico e conservarlo compresso\". BAIKAL ti consente di scegliere in base alle temperature di comfort che pi\u00f9 ti si addicono.Il Millet Baikal 1100 pu\u00f2 essere tranquillamente lavato in lavatrice.","robots":{"index":"index","follow":"follow","max-snippet":"max-snippet:-1","max-image-preview":"max-image-preview:large","max-video-preview":"max-video-preview:-1"},"canonical":"https:\/\/www.sestogrado.it\/it\/prodotto\/millet-baikal-1100-saccoletto-sacco-a-pelo-sintetico\/","og_locale":"it_IT","og_type":"article","og_title":"Millet Baikal 1100 saccoletto sacco a pelo sintetico - Sestogrado","og_description":"Il Millet Baikal 1100 \u00e8 un sacco a pelo sintetico robusto e polivalente dalle elevate capacit\u00e0 termiche. L'imbottitura \u00e8 in microfibra sintetica con propriet\u00e0 idrorepellenti, lo strato esterno in polyamide Ripstop protegge dal freddo e dall'umidit\u00e0.Questo sacco a pelo tre stagioni con imbottitura sintetica, progettato per l'escursionismo e il trekking, gestisce molto bene le condizioni di bagnato. \"Sotto la tenda, spesso devi fare i conti con la condensa\", spiega Antoine, product manager. \"L'umidit\u00e0 pu\u00f2 provenire dal corpo, ma pu\u00f2 anche essere molto bagnata fuori, quando nevica o piove. C'\u00e8 anche l'umidit\u00e0 del terreno. L'imbottitura sintetica risponde bene a tutti questi tipi di umidit\u00e0.\" Altri vantaggi dell'imbottitura sintetica? Convenienza e facilit\u00e0 di cura: \"Puoi lavare in lavatrice un sacchetto di riempimento sintetico e conservarlo compresso\". BAIKAL ti consente di scegliere in base alle temperature di comfort che pi\u00f9 ti si addicono.Il Millet Baikal 1100 pu\u00f2 essere tranquillamente lavato in lavatrice.","og_url":"https:\/\/www.sestogrado.it\/it\/prodotto\/millet-baikal-1100-saccoletto-sacco-a-pelo-sintetico\/","og_site_name":"Sestogrado","article_publisher":"https:\/\/www.facebook.com\/pages\/Sestogrado\/1542635979353017?ref=bookmarks","article_modified_time":"2026-04-06T07:00:01+00:00","og_image":[{"width":1000,"height":1000,"url":"https:\/\/www.sestogrado.it\/wp-content\/uploads\/2019\/02\/MIC1130_7317_C3E_0.jpg","type":"image\/jpeg"}],"twitter_misc":{"Disponibilit\u00e0":"Esaurito"},"schema":{"@context":"https:\/\/schema.org","@graph":[{"@type":"WebPage","@id":"https:\/\/www.sestogrado.it\/it\/prodotto\/millet-baikal-1100-saccoletto-sacco-a-pelo-sintetico\/","url":"https:\/\/www.sestogrado.it\/it\/prodotto\/millet-baikal-1100-saccoletto-sacco-a-pelo-sintetico\/","name":"Millet Baikal 1100 saccoletto sacco a pelo sintetico - Sestogrado","isPartOf":{"@id":"https:\/\/www.sestogrado.it\/it\/#website"},"primaryImageOfPage":{"@id":"https:\/\/www.sestogrado.it\/it\/prodotto\/millet-baikal-1100-saccoletto-sacco-a-pelo-sintetico\/#primaryimage"},"image":{"@id":"https:\/\/www.sestogrado.it\/prodotto\/millet-baikal-1100-saccoletto-sacco-a-pelo-sintetico\/#primaryimage"},"thumbnailUrl":"https:\/\/www.sestogrado.it\/wp-content\/uploads\/2019\/02\/MIC1130_7317_C3E_0.jpg","datePublished":"2023-06-06T09:00:47+00:00","dateModified":"2026-04-06T07:00:01+00:00","description":"Il Millet Baikal 1100 \u00e8 un sacco a pelo sintetico robusto e polivalente dalle elevate capacit\u00e0 termiche. L'imbottitura \u00e8 in microfibra sintetica con propriet\u00e0 idrorepellenti, lo strato esterno in polyamide Ripstop protegge dal freddo e dall'umidit\u00e0.Questo sacco a pelo tre stagioni con imbottitura sintetica, progettato per l'escursionismo e il trekking, gestisce molto bene le condizioni di bagnato. \"Sotto la tenda, spesso devi fare i conti con la condensa\", spiega Antoine, product manager. \"L'umidit\u00e0 pu\u00f2 provenire dal corpo, ma pu\u00f2 anche essere molto bagnata fuori, quando nevica o piove. C'\u00e8 anche l'umidit\u00e0 del terreno. L'imbottitura sintetica risponde bene a tutti questi tipi di umidit\u00e0.\" Altri vantaggi dell'imbottitura sintetica? Convenienza e facilit\u00e0 di cura: \"Puoi lavare in lavatrice un sacchetto di riempimento sintetico e conservarlo compresso\". BAIKAL ti consente di scegliere in base alle temperature di comfort che pi\u00f9 ti si addicono.Il Millet Baikal 1100 pu\u00f2 essere tranquillamente lavato in lavatrice.","breadcrumb":{"@id":"https:\/\/www.sestogrado.it\/it\/prodotto\/millet-baikal-1100-saccoletto-sacco-a-pelo-sintetico\/#breadcrumb"},"inLanguage":"it-IT","potentialAction":[{"@type":"ReadAction","target":[["https:\/\/www.sestogrado.it\/it\/prodotto\/millet-baikal-1100-saccoletto-sacco-a-pelo-sintetico\/"]]}]},{"@type":"ImageObject","inLanguage":"it-IT","@id":"https:\/\/www.sestogrado.it\/it\/prodotto\/millet-baikal-1100-saccoletto-sacco-a-pelo-sintetico\/#primaryimage","url":"https:\/\/www.sestogrado.it\/wp-content\/uploads\/2019\/02\/MIC1130_7317_C3E_0.jpg","contentUrl":"https:\/\/www.sestogrado.it\/wp-content\/uploads\/2019\/02\/MIC1130_7317_C3E_0.jpg","width":1000,"height":1000,"caption":"baikal 1100 regular"},{"@type":"BreadcrumbList","@id":"https:\/\/www.sestogrado.it\/it\/prodotto\/millet-baikal-1100-saccoletto-sacco-a-pelo-sintetico\/#breadcrumb","itemListElement":[{"@type":"ListItem","position":1,"name":"Home","item":"https:\/\/www.sestogrado.it\/it\/"},{"@type":"ListItem","position":2,"name":"Shop","item":"https:\/\/www.sestogrado.it\/it\/shop\/"},{"@type":"ListItem","position":3,"name":"Millet Baikal 1100 saccoletto sacco a pelo sintetico"}]},{"@type":"WebSite","@id":"https:\/\/www.sestogrado.it\/it\/#website","url":"https:\/\/www.sestogrado.it\/it\/","name":"Sestogrado","description":"yes we climb","publisher":{"@id":"https:\/\/www.sestogrado.it\/it\/#organization"},"potentialAction":[{"@type":"SearchAction","target":{"@type":"EntryPoint","urlTemplate":"https:\/\/www.sestogrado.it\/it\/?s={search_term_string}"},"query-input":{"@type":"PropertyValueSpecification","valueRequired":true,"valueName":"search_term_string"}}],"inLanguage":"it-IT"},{"@type":"Organization","@id":"https:\/\/www.sestogrado.it\/it\/#organization","name":"Sestogrado","url":"https:\/\/www.sestogrado.it\/it\/","logo":{"@type":"ImageObject","inLanguage":"it-IT","@id":"https:\/\/www.sestogrado.it\/it\/#\/schema\/logo\/image\/","url":"https:\/\/www.sestogrado.it\/wp-content\/uploads\/2015\/03\/sestogrado-favicon.png","contentUrl":"https:\/\/www.sestogrado.it\/wp-content\/uploads\/2015\/03\/sestogrado-favicon.png","width":260,"height":260,"caption":"Sestogrado"},"image":{"@id":"https:\/\/www.sestogrado.it\/it\/#\/schema\/logo\/image\/"},"sameAs":["https:\/\/www.facebook.com\/pages\/Sestogrado\/1542635979353017?ref=bookmarks","https:\/\/www.youtube.com\/channel\/UC847kAfTkaJsWpc1jtQwr3Q"],"hasMerchantReturnPolicy":{"@type":"MerchantReturnPolicy","merchantReturnLink":"https:\/\/www.sestogrado.it\/it\/termini-e-condizioni\/"}}]},"product_brand":"Millet","og_availability":"out of stock","product_availability":"out of stock","product_condition":"new"},"_links":{"self":[{"href":"https:\/\/www.sestogrado.it\/it\/wp-json\/wp\/v2\/product\/19754","targetHints":{"allow":["GET"]}}],"collection":[{"href":"https:\/\/www.sestogrado.it\/it\/wp-json\/wp\/v2\/product"}],"about":[{"href":"https:\/\/www.sestogrado.it\/it\/wp-json\/wp\/v2\/types\/product"}],"replies":[{"embeddable":true,"href":"https:\/\/www.sestogrado.it\/it\/wp-json\/wp\/v2\/comments?post=19754"}],"wp:featuredmedia":[{"embeddable":true,"href":"https:\/\/www.sestogrado.it\/it\/wp-json\/wp\/v2\/media\/134128"}],"wp:attachment":[{"href":"https:\/\/www.sestogrado.it\/it\/wp-json\/wp\/v2\/media?parent=19754"}],"wp:term":[{"taxonomy":"product_brand","embeddable":true,"href":"https:\/\/www.sestogrado.it\/it\/wp-json\/wp\/v2\/product_brand?post=19754"},{"taxonomy":"product_cat","embeddable":true,"href":"https:\/\/www.sestogrado.it\/it\/wp-json\/wp\/v2\/product_cat?post=19754"},{"taxonomy":"product_tag","embeddable":true,"href":"https:\/\/www.sestogrado.it\/it\/wp-json\/wp\/v2\/product_tag?post=19754"}],"curies":[{"name":"wp","href":"https:\/\/api.w.org\/{rel}","templated":true}]}}