{"id":19749,"date":"2019-02-25T11:21:25","date_gmt":"2019-02-25T10:21:25","guid":{"rendered":"https:\/\/www.sestogrado.it\/?post_type=product&#038;p=19749"},"modified":"2026-04-09T10:59:49","modified_gmt":"2026-04-09T08:59:49","slug":"millet-baikal-750-saccoletto-sacco-a-pelo","status":"publish","type":"product","link":"https:\/\/www.sestogrado.it\/it\/prodotto\/millet-baikal-750-saccoletto-sacco-a-pelo\/","title":{"rendered":"Millet Baikal 750 saccoletto sacco a pelo"},"content":{"rendered":"<p>Il Millet Baikal 750 \u00e8 un sacco a pelo ideale per pernottamenti occasionali all\u2019aperto. Noi di MILLET sappiamo come realizzare sacchi a pelo da spedizione e applichiamo tutta la nostra esperienza nel settore della montagna all\u2019intera gamma. Questo modello 2 stagioni con isolamento sintetico, ad esempio, offre una protezione ottimale contro le condizioni di umidit\u00e0. &#8220;In tenda dobbiamo spesso fare i conti con la condensa&#8221;, spiega Antoine, Capo prodotto. &#8220;L\u2019umidit\u00e0 pu\u00f2 provenire sia dall\u2019interno, dal nostro corpo, che dall\u2019esterno, ad esempio in caso di pioggia o per bivacchi in riva al mare. Anche il terreno emana umidit\u00e0. L\u2019isolamento sintetico garantisce una buona reazione a tutte queste forme di umidit\u00e0&#8221;. I materiali sintetici si distinguono anche per l\u2019accessibilit\u00e0 e la facilit\u00e0 di manutenzione: &#8220;\u00c8 possibile lavare un sacco a pelo sintetico in lavatrice e metterlo via compresso&#8221;. &#8220;Un elemento indispensabile per la vita di tutti i giorni, che si avvale di tutto il know-how tecnico di MILLET.<\/p>\n<ul>\n<li>Forma a mummia comfort<\/li>\n<li>Isolamento sintetico in fibre di poliestere riciclato ReLOFT<\/li>\n<li>Zip laterale a \u00be per accesso e uscita agevolati<\/li>\n<li>Zip a doppio cursore per facilitare la ventilazione<\/li>\n<li>Patta antifreddo interna<\/li>\n<li>Accoppiabile<\/li>\n<li>Disponibile con apertura a zip a destra<\/li>\n<li>Cappuccio preformato con coulisse<\/li>\n<li>1 tasca interna<\/li>\n<li>Sacca di compressione<\/li>\n<li>Lunghezza: 215 cm<\/li>\n<li>Altezza massima dell&#8217;utente: 185 cm<\/li>\n<li>Larghezza delle spalle: 75 cm<\/li>\n<li>Volume del sacco di compressione: 3.5 litri<\/li>\n<li>Dimensioni del sacco di compressione: 30 cm x 17 cm<\/li>\n<\/ul>\n<p>&nbsp;<\/p>\n<p>Il Millet Baikal 750 ha una temperatura comfort di 10\u00b0, un limite di 6\u00b0 ed un limite estremo di -6\u00b0<\/p>\n<p><img decoding=\"async\" class=\"size-full wp-image-19753 alignnone\" src=\"https:\/\/www.sestogrado.it\/wp-content\/uploads\/2019\/02\/mil-low-impact.png\" alt=\"mil-low-impact\" width=\"120\" height=\"120\" srcset=\"https:\/\/www.sestogrado.it\/wp-content\/uploads\/2019\/02\/mil-low-impact.png 120w, https:\/\/www.sestogrado.it\/wp-content\/uploads\/2019\/02\/mil-low-impact-100x100.png 100w, https:\/\/www.sestogrado.it\/wp-content\/uploads\/2019\/02\/mil-low-impact-150x150.png 150w, https:\/\/www.sestogrado.it\/wp-content\/uploads\/2019\/02\/mil-low-impact-350x350.png 350w, https:\/\/www.sestogrado.it\/wp-content\/uploads\/2019\/02\/mil-low-impact-45x45.png 45w, https:\/\/www.sestogrado.it\/wp-content\/uploads\/2019\/02\/mil-low-impact-64x64.png 64w\" sizes=\"(max-width: 120px) 100vw, 120px\" \/><\/p>\n<p>Il Low Impact \u00e8 uno standard ecologico basato su due criteri: materiali eco-friendly per almeno il 40%, e certificazioni, per cui almeno l&#8217;80% del peso del prodotto deve essere approvato Bluesign\u00ae<\/p>\n<p><em>Il moschettone HMS rappresentato in foto serve per dare un&#8217;idea delle dimensioni del sacco una volta chiuso e non \u00e8 fornito con il saccoletto.<\/em><\/p>","protected":false},"excerpt":{"rendered":"<p>Il Millet Baikal 750 \u00e8 un sacco a pelo ideale per pernottamenti occasionali all\u2019aperto. Noi di MILLET sappiamo come realizzare [&hellip;]<\/p>\n","protected":false},"featured_media":145321,"comment_status":"open","ping_status":"closed","template":"","meta":{"_acf_changed":false},"product_brand":[312],"product_cat":[577],"product_tag":[],"class_list":{"0":"post-19749","1":"product","2":"type-product","3":"status-publish","4":"has-post-thumbnail","6":"product_brand-millet","7":"product_cat-sacchi-a-pelo","9":"first","10":"instock","11":"sale","12":"taxable","13":"shipping-taxable","14":"purchasable","15":"product-type-variable"},"acf":[],"yoast_head":"<!-- This site is optimized with the Yoast SEO plugin v26.4 - https:\/\/yoast.com\/wordpress\/plugins\/seo\/ -->\n<title>Millet Baikal 750 saccoletto sacco a pelo - Sestogrado<\/title>\n<meta name=\"description\" content=\"Il Millet Baikal 750 \u00e8 un sacco a pelo sintetico robusto e polivalente. L&#039;imbottitura \u00e8 in microfibra sintetica con propriet\u00e0 idrorepellenti, lo strato esterno in polyamide Ripstop protegge dal freddo e dall&#039;umidit\u00e0. La fibra sintetica ha la caratteristica positiva di essere particolarmente resistente all&#039;umidit\u00e0.\" \/>\n<meta name=\"robots\" content=\"index, follow, max-snippet:-1, max-image-preview:large, max-video-preview:-1\" \/>\n<link rel=\"canonical\" href=\"https:\/\/www.sestogrado.it\/it\/prodotto\/millet-baikal-750-saccoletto-sacco-a-pelo\/\" \/>\n<meta property=\"og:locale\" content=\"it_IT\" \/>\n<meta property=\"og:type\" content=\"article\" \/>\n<meta property=\"og:title\" content=\"Millet Baikal 750 saccoletto sacco a pelo - Sestogrado\" \/>\n<meta property=\"og:description\" content=\"Il Millet Baikal 750 \u00e8 un sacco a pelo sintetico robusto e polivalente. L&#039;imbottitura \u00e8 in microfibra sintetica con propriet\u00e0 idrorepellenti, lo strato esterno in polyamide Ripstop protegge dal freddo e dall&#039;umidit\u00e0. La fibra sintetica ha la caratteristica positiva di essere particolarmente resistente all&#039;umidit\u00e0.\" \/>\n<meta property=\"og:url\" content=\"https:\/\/www.sestogrado.it\/it\/prodotto\/millet-baikal-750-saccoletto-sacco-a-pelo\/\" \/>\n<meta property=\"og:site_name\" content=\"Sestogrado\" \/>\n<meta property=\"article:publisher\" content=\"https:\/\/www.facebook.com\/pages\/Sestogrado\/1542635979353017?ref=bookmarks\" \/>\n<meta property=\"article:modified_time\" content=\"2026-04-09T08:59:49+00:00\" \/>\n<meta property=\"og:image\" content=\"https:\/\/www.sestogrado.it\/wp-content\/uploads\/2019\/02\/MIC1133_4333_C2E_0-scaled.jpg\" \/>\n\t<meta property=\"og:image:width\" content=\"2560\" \/>\n\t<meta property=\"og:image:height\" content=\"2560\" \/>\n\t<meta property=\"og:image:type\" content=\"image\/jpeg\" \/>\n<meta name=\"twitter:label1\" content=\"Disponibilit\u00e0\" \/>\n\t<meta name=\"twitter:data1\" content=\"In stock\" \/>\n<script type=\"application\/ld+json\" class=\"yoast-schema-graph\">{\"@context\":\"https:\/\/schema.org\",\"@graph\":[{\"@type\":\"WebPage\",\"@id\":\"https:\/\/www.sestogrado.it\/it\/prodotto\/millet-baikal-750-saccoletto-sacco-a-pelo\/\",\"url\":\"https:\/\/www.sestogrado.it\/it\/prodotto\/millet-baikal-750-saccoletto-sacco-a-pelo\/\",\"name\":\"Millet Baikal 750 saccoletto sacco a pelo - Sestogrado\",\"isPartOf\":{\"@id\":\"https:\/\/www.sestogrado.it\/it\/#website\"},\"primaryImageOfPage\":{\"@id\":\"https:\/\/www.sestogrado.it\/it\/prodotto\/millet-baikal-750-saccoletto-sacco-a-pelo\/#primaryimage\"},\"image\":{\"@id\":\"https:\/\/www.sestogrado.it\/prodotto\/millet-baikal-750-saccoletto-sacco-a-pelo\/#primaryimage\"},\"thumbnailUrl\":\"https:\/\/www.sestogrado.it\/wp-content\/uploads\/2019\/02\/MIC1133_4333_C2E_0-scaled.jpg\",\"datePublished\":\"2019-02-25T10:21:25+00:00\",\"dateModified\":\"2026-04-09T08:59:49+00:00\",\"description\":\"Il Millet Baikal 750 \u00e8 un sacco a pelo sintetico robusto e polivalente. L'imbottitura \u00e8 in microfibra sintetica con propriet\u00e0 idrorepellenti, lo strato esterno in polyamide Ripstop protegge dal freddo e dall'umidit\u00e0. La fibra sintetica ha la caratteristica positiva di essere particolarmente resistente all'umidit\u00e0.\",\"breadcrumb\":{\"@id\":\"https:\/\/www.sestogrado.it\/it\/prodotto\/millet-baikal-750-saccoletto-sacco-a-pelo\/#breadcrumb\"},\"inLanguage\":\"it-IT\",\"potentialAction\":[{\"@type\":\"ReadAction\",\"target\":[[\"https:\/\/www.sestogrado.it\/it\/prodotto\/millet-baikal-750-saccoletto-sacco-a-pelo\/\"]]}]},{\"@type\":\"ImageObject\",\"inLanguage\":\"it-IT\",\"@id\":\"https:\/\/www.sestogrado.it\/it\/prodotto\/millet-baikal-750-saccoletto-sacco-a-pelo\/#primaryimage\",\"url\":\"https:\/\/www.sestogrado.it\/wp-content\/uploads\/2019\/02\/MIC1133_4333_C2E_0-scaled.jpg\",\"contentUrl\":\"https:\/\/www.sestogrado.it\/wp-content\/uploads\/2019\/02\/MIC1133_4333_C2E_0-scaled.jpg\",\"width\":2560,\"height\":2560,\"caption\":\"baikal 750\"},{\"@type\":\"BreadcrumbList\",\"@id\":\"https:\/\/www.sestogrado.it\/it\/prodotto\/millet-baikal-750-saccoletto-sacco-a-pelo\/#breadcrumb\",\"itemListElement\":[{\"@type\":\"ListItem\",\"position\":1,\"name\":\"Home\",\"item\":\"https:\/\/www.sestogrado.it\/it\/\"},{\"@type\":\"ListItem\",\"position\":2,\"name\":\"Shop\",\"item\":\"https:\/\/www.sestogrado.it\/it\/shop\/\"},{\"@type\":\"ListItem\",\"position\":3,\"name\":\"Millet Baikal 750 saccoletto sacco a pelo\"}]},{\"@type\":\"WebSite\",\"@id\":\"https:\/\/www.sestogrado.it\/it\/#website\",\"url\":\"https:\/\/www.sestogrado.it\/it\/\",\"name\":\"Sestogrado\",\"description\":\"yes we climb\",\"publisher\":{\"@id\":\"https:\/\/www.sestogrado.it\/it\/#organization\"},\"potentialAction\":[{\"@type\":\"SearchAction\",\"target\":{\"@type\":\"EntryPoint\",\"urlTemplate\":\"https:\/\/www.sestogrado.it\/it\/?s={search_term_string}\"},\"query-input\":{\"@type\":\"PropertyValueSpecification\",\"valueRequired\":true,\"valueName\":\"search_term_string\"}}],\"inLanguage\":\"it-IT\"},{\"@type\":\"Organization\",\"@id\":\"https:\/\/www.sestogrado.it\/it\/#organization\",\"name\":\"Sestogrado\",\"url\":\"https:\/\/www.sestogrado.it\/it\/\",\"logo\":{\"@type\":\"ImageObject\",\"inLanguage\":\"it-IT\",\"@id\":\"https:\/\/www.sestogrado.it\/it\/#\/schema\/logo\/image\/\",\"url\":\"https:\/\/www.sestogrado.it\/wp-content\/uploads\/2015\/03\/sestogrado-favicon.png\",\"contentUrl\":\"https:\/\/www.sestogrado.it\/wp-content\/uploads\/2015\/03\/sestogrado-favicon.png\",\"width\":260,\"height\":260,\"caption\":\"Sestogrado\"},\"image\":{\"@id\":\"https:\/\/www.sestogrado.it\/it\/#\/schema\/logo\/image\/\"},\"sameAs\":[\"https:\/\/www.facebook.com\/pages\/Sestogrado\/1542635979353017?ref=bookmarks\",\"https:\/\/www.youtube.com\/channel\/UC847kAfTkaJsWpc1jtQwr3Q\"],\"hasMerchantReturnPolicy\":{\"@type\":\"MerchantReturnPolicy\",\"merchantReturnLink\":\"https:\/\/www.sestogrado.it\/it\/termini-e-condizioni\/\"}}]}<\/script>\n<meta property=\"product:brand\" content=\"Millet\" \/>\n<meta property=\"og:availability\" content=\"instock\" \/>\n<meta property=\"product:availability\" content=\"instock\" \/>\n<meta property=\"product:condition\" content=\"new\" \/>\n<!-- \/ Yoast SEO plugin. -->","yoast_head_json":{"title":"Millet Baikal 750 saccoletto sacco a pelo - Sestogrado","description":"Il Millet Baikal 750 \u00e8 un sacco a pelo sintetico robusto e polivalente. L'imbottitura \u00e8 in microfibra sintetica con propriet\u00e0 idrorepellenti, lo strato esterno in polyamide Ripstop protegge dal freddo e dall'umidit\u00e0. La fibra sintetica ha la caratteristica positiva di essere particolarmente resistente all'umidit\u00e0.","robots":{"index":"index","follow":"follow","max-snippet":"max-snippet:-1","max-image-preview":"max-image-preview:large","max-video-preview":"max-video-preview:-1"},"canonical":"https:\/\/www.sestogrado.it\/it\/prodotto\/millet-baikal-750-saccoletto-sacco-a-pelo\/","og_locale":"it_IT","og_type":"article","og_title":"Millet Baikal 750 saccoletto sacco a pelo - Sestogrado","og_description":"Il Millet Baikal 750 \u00e8 un sacco a pelo sintetico robusto e polivalente. L'imbottitura \u00e8 in microfibra sintetica con propriet\u00e0 idrorepellenti, lo strato esterno in polyamide Ripstop protegge dal freddo e dall'umidit\u00e0. La fibra sintetica ha la caratteristica positiva di essere particolarmente resistente all'umidit\u00e0.","og_url":"https:\/\/www.sestogrado.it\/it\/prodotto\/millet-baikal-750-saccoletto-sacco-a-pelo\/","og_site_name":"Sestogrado","article_publisher":"https:\/\/www.facebook.com\/pages\/Sestogrado\/1542635979353017?ref=bookmarks","article_modified_time":"2026-04-09T08:59:49+00:00","og_image":[{"width":2560,"height":2560,"url":"https:\/\/www.sestogrado.it\/wp-content\/uploads\/2019\/02\/MIC1133_4333_C2E_0-scaled.jpg","type":"image\/jpeg"}],"twitter_misc":{"Disponibilit\u00e0":"In stock"},"schema":{"@context":"https:\/\/schema.org","@graph":[{"@type":"WebPage","@id":"https:\/\/www.sestogrado.it\/it\/prodotto\/millet-baikal-750-saccoletto-sacco-a-pelo\/","url":"https:\/\/www.sestogrado.it\/it\/prodotto\/millet-baikal-750-saccoletto-sacco-a-pelo\/","name":"Millet Baikal 750 saccoletto sacco a pelo - Sestogrado","isPartOf":{"@id":"https:\/\/www.sestogrado.it\/it\/#website"},"primaryImageOfPage":{"@id":"https:\/\/www.sestogrado.it\/it\/prodotto\/millet-baikal-750-saccoletto-sacco-a-pelo\/#primaryimage"},"image":{"@id":"https:\/\/www.sestogrado.it\/prodotto\/millet-baikal-750-saccoletto-sacco-a-pelo\/#primaryimage"},"thumbnailUrl":"https:\/\/www.sestogrado.it\/wp-content\/uploads\/2019\/02\/MIC1133_4333_C2E_0-scaled.jpg","datePublished":"2019-02-25T10:21:25+00:00","dateModified":"2026-04-09T08:59:49+00:00","description":"Il Millet Baikal 750 \u00e8 un sacco a pelo sintetico robusto e polivalente. L'imbottitura \u00e8 in microfibra sintetica con propriet\u00e0 idrorepellenti, lo strato esterno in polyamide Ripstop protegge dal freddo e dall'umidit\u00e0. La fibra sintetica ha la caratteristica positiva di essere particolarmente resistente all'umidit\u00e0.","breadcrumb":{"@id":"https:\/\/www.sestogrado.it\/it\/prodotto\/millet-baikal-750-saccoletto-sacco-a-pelo\/#breadcrumb"},"inLanguage":"it-IT","potentialAction":[{"@type":"ReadAction","target":[["https:\/\/www.sestogrado.it\/it\/prodotto\/millet-baikal-750-saccoletto-sacco-a-pelo\/"]]}]},{"@type":"ImageObject","inLanguage":"it-IT","@id":"https:\/\/www.sestogrado.it\/it\/prodotto\/millet-baikal-750-saccoletto-sacco-a-pelo\/#primaryimage","url":"https:\/\/www.sestogrado.it\/wp-content\/uploads\/2019\/02\/MIC1133_4333_C2E_0-scaled.jpg","contentUrl":"https:\/\/www.sestogrado.it\/wp-content\/uploads\/2019\/02\/MIC1133_4333_C2E_0-scaled.jpg","width":2560,"height":2560,"caption":"baikal 750"},{"@type":"BreadcrumbList","@id":"https:\/\/www.sestogrado.it\/it\/prodotto\/millet-baikal-750-saccoletto-sacco-a-pelo\/#breadcrumb","itemListElement":[{"@type":"ListItem","position":1,"name":"Home","item":"https:\/\/www.sestogrado.it\/it\/"},{"@type":"ListItem","position":2,"name":"Shop","item":"https:\/\/www.sestogrado.it\/it\/shop\/"},{"@type":"ListItem","position":3,"name":"Millet Baikal 750 saccoletto sacco a pelo"}]},{"@type":"WebSite","@id":"https:\/\/www.sestogrado.it\/it\/#website","url":"https:\/\/www.sestogrado.it\/it\/","name":"Sestogrado","description":"yes we climb","publisher":{"@id":"https:\/\/www.sestogrado.it\/it\/#organization"},"potentialAction":[{"@type":"SearchAction","target":{"@type":"EntryPoint","urlTemplate":"https:\/\/www.sestogrado.it\/it\/?s={search_term_string}"},"query-input":{"@type":"PropertyValueSpecification","valueRequired":true,"valueName":"search_term_string"}}],"inLanguage":"it-IT"},{"@type":"Organization","@id":"https:\/\/www.sestogrado.it\/it\/#organization","name":"Sestogrado","url":"https:\/\/www.sestogrado.it\/it\/","logo":{"@type":"ImageObject","inLanguage":"it-IT","@id":"https:\/\/www.sestogrado.it\/it\/#\/schema\/logo\/image\/","url":"https:\/\/www.sestogrado.it\/wp-content\/uploads\/2015\/03\/sestogrado-favicon.png","contentUrl":"https:\/\/www.sestogrado.it\/wp-content\/uploads\/2015\/03\/sestogrado-favicon.png","width":260,"height":260,"caption":"Sestogrado"},"image":{"@id":"https:\/\/www.sestogrado.it\/it\/#\/schema\/logo\/image\/"},"sameAs":["https:\/\/www.facebook.com\/pages\/Sestogrado\/1542635979353017?ref=bookmarks","https:\/\/www.youtube.com\/channel\/UC847kAfTkaJsWpc1jtQwr3Q"],"hasMerchantReturnPolicy":{"@type":"MerchantReturnPolicy","merchantReturnLink":"https:\/\/www.sestogrado.it\/it\/termini-e-condizioni\/"}}]},"product_brand":"Millet","og_availability":"instock","product_availability":"instock","product_condition":"new"},"_links":{"self":[{"href":"https:\/\/www.sestogrado.it\/it\/wp-json\/wp\/v2\/product\/19749","targetHints":{"allow":["GET"]}}],"collection":[{"href":"https:\/\/www.sestogrado.it\/it\/wp-json\/wp\/v2\/product"}],"about":[{"href":"https:\/\/www.sestogrado.it\/it\/wp-json\/wp\/v2\/types\/product"}],"replies":[{"embeddable":true,"href":"https:\/\/www.sestogrado.it\/it\/wp-json\/wp\/v2\/comments?post=19749"}],"wp:featuredmedia":[{"embeddable":true,"href":"https:\/\/www.sestogrado.it\/it\/wp-json\/wp\/v2\/media\/145321"}],"wp:attachment":[{"href":"https:\/\/www.sestogrado.it\/it\/wp-json\/wp\/v2\/media?parent=19749"}],"wp:term":[{"taxonomy":"product_brand","embeddable":true,"href":"https:\/\/www.sestogrado.it\/it\/wp-json\/wp\/v2\/product_brand?post=19749"},{"taxonomy":"product_cat","embeddable":true,"href":"https:\/\/www.sestogrado.it\/it\/wp-json\/wp\/v2\/product_cat?post=19749"},{"taxonomy":"product_tag","embeddable":true,"href":"https:\/\/www.sestogrado.it\/it\/wp-json\/wp\/v2\/product_tag?post=19749"}],"curies":[{"name":"wp","href":"https:\/\/api.w.org\/{rel}","templated":true}]}}