{"id":19695,"date":"2019-02-21T11:48:15","date_gmt":"2019-02-21T10:48:15","guid":{"rendered":"https:\/\/www.sestogrado.it\/?post_type=product&#038;p=19695"},"modified":"2019-10-20T14:39:39","modified_gmt":"2019-10-20T12:39:39","slug":"grivel-condor-bastoncini-trekking-lama-acciaio","status":"publish","type":"product","link":"https:\/\/www.sestogrado.it\/it\/prodotto\/grivel-condor-bastoncini-trekking-lama-acciaio\/","title":{"rendered":"Grivel Condor bastoncini da trekking con lama in acciaio"},"content":{"rendered":"<p>I Bastoncini Grivel Condor hanno una lama in acciaio forgiato a caldo estraibile che li rende ideali su pendii impegnativi, in condizioni difficili, su terreno alpinistico.<\/p>\n<p>La lama ha una dentatura importante, in grado di garantire una forte tenuta. In posizione chiusa la lama rimane protetta ed i Condor possono essere utilizzati come un normale bastoncino.<\/p>\n<p>L&#8217;impugnatura del Grivel Condor \u00e8 a doppia intensit\u00e0, per cui la sezione gialla \u00e8 pi\u00f9 dura e garantisce massima solidit\u00e0; quella nera in gomma garantisce il comfort e l\u2019isolamento termico. In progressione \u00e8 possibile impugnare sia la parte verticale dell\u2019impugnatura, per una forte trazione, o la parte superiore orizzontale per un pi\u00f9 forte supporto. Durante la discesa la lama, rivolta verso la pendenza, consente una efficace manovra di arresto. La forma chiusa della maniglia protegge la mano in tutte le situazioni e garantisce l\u2019isolamento termico dalla neve e dalle superfici fredde.<\/p>\n<ul>\n<li>lama forgiata a caldo estraibile per superare situazioni difficili o pericolose<\/li>\n<li>manico a 2 sezioni regolabile lunghezza 84-135cm<\/li>\n<li>fettuccia removibile<\/li>\n<li>rotella invernale<\/li>\n<\/ul>\n<p>&nbsp;<\/p>\n<p>Il Grivel Condor \u00e8 un prodotto specialistico di alta gamma, riservato a chi effettua attivit\u00e0 alpinistica su terreni duri ed impegnativi.<\/p>\n<p><em>Il prezzo \u00e8 riferito ad un singolo bastoncino.<\/em><\/p>\n<p>&nbsp;<\/p>","protected":false},"excerpt":{"rendered":"<p>I Bastoncini Grivel Condor hanno una lama in acciaio forgiato a caldo estraibile che li rende ideali su pendii impegnativi, [&hellip;]<\/p>\n","protected":false},"featured_media":19697,"comment_status":"open","ping_status":"closed","template":"","meta":{"_acf_changed":false},"product_brand":[126],"product_cat":[572],"product_tag":[],"class_list":{"0":"post-19695","1":"product","2":"type-product","3":"status-publish","4":"has-post-thumbnail","6":"product_brand-grivel","7":"product_cat-bastoncini","9":"first","10":"outofstock","11":"sale","12":"taxable","13":"shipping-taxable","14":"purchasable","15":"product-type-simple"},"acf":[],"yoast_head":"<!-- This site is optimized with the Yoast SEO plugin v26.4 - https:\/\/yoast.com\/wordpress\/plugins\/seo\/ -->\n<title>Grivel Condor bastoncini da trekking con lama in acciaio - Sestogrado<\/title>\n<meta name=\"description\" content=\"I Bastoncini Grivel Condor hanno una lama in acciaio forgiato a caldo estraibile che li rende ideali su pendii impegnativi, in condizioni difficili, su terreno alpinistico. La lama ha una dentatura importante, in grado di garantire una forte tenuta. In posizione chiusa la lama rimane protetta.\" \/>\n<meta name=\"robots\" content=\"index, follow, max-snippet:-1, max-image-preview:large, max-video-preview:-1\" \/>\n<link rel=\"canonical\" href=\"https:\/\/www.sestogrado.it\/it\/prodotto\/grivel-condor-bastoncini-trekking-lama-acciaio\/\" \/>\n<meta property=\"og:locale\" content=\"it_IT\" \/>\n<meta property=\"og:type\" content=\"article\" \/>\n<meta property=\"og:title\" content=\"Grivel Condor bastoncini da trekking con lama in acciaio - Sestogrado\" \/>\n<meta property=\"og:description\" content=\"I Bastoncini Grivel Condor hanno una lama in acciaio forgiato a caldo estraibile che li rende ideali su pendii impegnativi, in condizioni difficili, su terreno alpinistico. La lama ha una dentatura importante, in grado di garantire una forte tenuta. In posizione chiusa la lama rimane protetta.\" \/>\n<meta property=\"og:url\" content=\"https:\/\/www.sestogrado.it\/it\/prodotto\/grivel-condor-bastoncini-trekking-lama-acciaio\/\" \/>\n<meta property=\"og:site_name\" content=\"Sestogrado\" \/>\n<meta property=\"article:publisher\" content=\"https:\/\/www.facebook.com\/pages\/Sestogrado\/1542635979353017?ref=bookmarks\" \/>\n<meta property=\"article:modified_time\" content=\"2019-10-20T12:39:39+00:00\" \/>\n<meta property=\"og:image\" content=\"https:\/\/www.sestogrado.it\/wp-content\/uploads\/2019\/02\/04bis.jpg\" \/>\n\t<meta property=\"og:image:width\" content=\"1146\" \/>\n\t<meta property=\"og:image:height\" content=\"1146\" \/>\n\t<meta property=\"og:image:type\" content=\"image\/jpeg\" \/>\n<meta name=\"twitter:label1\" content=\"Prezzo\" \/>\n\t<meta name=\"twitter:data1\" content=\"&euro;&nbsp;89,00\" \/>\n\t<meta name=\"twitter:label2\" content=\"Disponibilit\u00e0\" \/>\n\t<meta name=\"twitter:data2\" content=\"Esaurito\" \/>\n<script type=\"application\/ld+json\" class=\"yoast-schema-graph\">{\"@context\":\"https:\/\/schema.org\",\"@graph\":[{\"@type\":\"WebPage\",\"@id\":\"https:\/\/www.sestogrado.it\/it\/prodotto\/grivel-condor-bastoncini-trekking-lama-acciaio\/\",\"url\":\"https:\/\/www.sestogrado.it\/it\/prodotto\/grivel-condor-bastoncini-trekking-lama-acciaio\/\",\"name\":\"Grivel Condor bastoncini da trekking con lama in acciaio - Sestogrado\",\"isPartOf\":{\"@id\":\"https:\/\/www.sestogrado.it\/it\/#website\"},\"primaryImageOfPage\":{\"@id\":\"https:\/\/www.sestogrado.it\/it\/prodotto\/grivel-condor-bastoncini-trekking-lama-acciaio\/#primaryimage\"},\"image\":{\"@id\":\"https:\/\/www.sestogrado.it\/prodotto\/grivel-condor-bastoncini-trekking-lama-acciaio\/#primaryimage\"},\"thumbnailUrl\":\"https:\/\/www.sestogrado.it\/wp-content\/uploads\/2019\/02\/04bis.jpg\",\"datePublished\":\"2019-02-21T10:48:15+00:00\",\"dateModified\":\"2019-10-20T12:39:39+00:00\",\"description\":\"I Bastoncini Grivel Condor hanno una lama in acciaio forgiato a caldo estraibile che li rende ideali su pendii impegnativi, in condizioni difficili, su terreno alpinistico. La lama ha una dentatura importante, in grado di garantire una forte tenuta. In posizione chiusa la lama rimane protetta.\",\"breadcrumb\":{\"@id\":\"https:\/\/www.sestogrado.it\/it\/prodotto\/grivel-condor-bastoncini-trekking-lama-acciaio\/#breadcrumb\"},\"inLanguage\":\"it-IT\",\"potentialAction\":[{\"@type\":\"ReadAction\",\"target\":[[\"https:\/\/www.sestogrado.it\/it\/prodotto\/grivel-condor-bastoncini-trekking-lama-acciaio\/\"]]}]},{\"@type\":\"ImageObject\",\"inLanguage\":\"it-IT\",\"@id\":\"https:\/\/www.sestogrado.it\/it\/prodotto\/grivel-condor-bastoncini-trekking-lama-acciaio\/#primaryimage\",\"url\":\"https:\/\/www.sestogrado.it\/wp-content\/uploads\/2019\/02\/04bis.jpg\",\"contentUrl\":\"https:\/\/www.sestogrado.it\/wp-content\/uploads\/2019\/02\/04bis.jpg\",\"width\":1146,\"height\":1146,\"caption\":\"grivel condor\"},{\"@type\":\"BreadcrumbList\",\"@id\":\"https:\/\/www.sestogrado.it\/it\/prodotto\/grivel-condor-bastoncini-trekking-lama-acciaio\/#breadcrumb\",\"itemListElement\":[{\"@type\":\"ListItem\",\"position\":1,\"name\":\"Home\",\"item\":\"https:\/\/www.sestogrado.it\/it\/\"},{\"@type\":\"ListItem\",\"position\":2,\"name\":\"Shop\",\"item\":\"https:\/\/www.sestogrado.it\/it\/shop\/\"},{\"@type\":\"ListItem\",\"position\":3,\"name\":\"Grivel Condor bastoncini da trekking con lama in acciaio\"}]},{\"@type\":\"WebSite\",\"@id\":\"https:\/\/www.sestogrado.it\/it\/#website\",\"url\":\"https:\/\/www.sestogrado.it\/it\/\",\"name\":\"Sestogrado\",\"description\":\"yes we climb\",\"publisher\":{\"@id\":\"https:\/\/www.sestogrado.it\/it\/#organization\"},\"potentialAction\":[{\"@type\":\"SearchAction\",\"target\":{\"@type\":\"EntryPoint\",\"urlTemplate\":\"https:\/\/www.sestogrado.it\/it\/?s={search_term_string}\"},\"query-input\":{\"@type\":\"PropertyValueSpecification\",\"valueRequired\":true,\"valueName\":\"search_term_string\"}}],\"inLanguage\":\"it-IT\"},{\"@type\":\"Organization\",\"@id\":\"https:\/\/www.sestogrado.it\/it\/#organization\",\"name\":\"Sestogrado\",\"url\":\"https:\/\/www.sestogrado.it\/it\/\",\"logo\":{\"@type\":\"ImageObject\",\"inLanguage\":\"it-IT\",\"@id\":\"https:\/\/www.sestogrado.it\/it\/#\/schema\/logo\/image\/\",\"url\":\"https:\/\/www.sestogrado.it\/wp-content\/uploads\/2015\/03\/sestogrado-favicon.png\",\"contentUrl\":\"https:\/\/www.sestogrado.it\/wp-content\/uploads\/2015\/03\/sestogrado-favicon.png\",\"width\":260,\"height\":260,\"caption\":\"Sestogrado\"},\"image\":{\"@id\":\"https:\/\/www.sestogrado.it\/it\/#\/schema\/logo\/image\/\"},\"sameAs\":[\"https:\/\/www.facebook.com\/pages\/Sestogrado\/1542635979353017?ref=bookmarks\",\"https:\/\/www.youtube.com\/channel\/UC847kAfTkaJsWpc1jtQwr3Q\"],\"hasMerchantReturnPolicy\":{\"@type\":\"MerchantReturnPolicy\",\"merchantReturnLink\":\"https:\/\/www.sestogrado.it\/it\/termini-e-condizioni\/\"}}]}<\/script>\n<meta property=\"product:brand\" content=\"Grivel\" \/>\n<meta property=\"product:price:amount\" content=\"89.00\" \/>\n<meta property=\"product:price:currency\" content=\"EUR\" \/>\n<meta property=\"og:availability\" content=\"out of stock\" \/>\n<meta property=\"product:availability\" content=\"out of stock\" \/>\n<meta property=\"product:condition\" content=\"new\" \/>\n<!-- \/ Yoast SEO plugin. -->","yoast_head_json":{"title":"Grivel Condor bastoncini da trekking con lama in acciaio - Sestogrado","description":"I Bastoncini Grivel Condor hanno una lama in acciaio forgiato a caldo estraibile che li rende ideali su pendii impegnativi, in condizioni difficili, su terreno alpinistico. La lama ha una dentatura importante, in grado di garantire una forte tenuta. In posizione chiusa la lama rimane protetta.","robots":{"index":"index","follow":"follow","max-snippet":"max-snippet:-1","max-image-preview":"max-image-preview:large","max-video-preview":"max-video-preview:-1"},"canonical":"https:\/\/www.sestogrado.it\/it\/prodotto\/grivel-condor-bastoncini-trekking-lama-acciaio\/","og_locale":"it_IT","og_type":"article","og_title":"Grivel Condor bastoncini da trekking con lama in acciaio - Sestogrado","og_description":"I Bastoncini Grivel Condor hanno una lama in acciaio forgiato a caldo estraibile che li rende ideali su pendii impegnativi, in condizioni difficili, su terreno alpinistico. La lama ha una dentatura importante, in grado di garantire una forte tenuta. In posizione chiusa la lama rimane protetta.","og_url":"https:\/\/www.sestogrado.it\/it\/prodotto\/grivel-condor-bastoncini-trekking-lama-acciaio\/","og_site_name":"Sestogrado","article_publisher":"https:\/\/www.facebook.com\/pages\/Sestogrado\/1542635979353017?ref=bookmarks","article_modified_time":"2019-10-20T12:39:39+00:00","og_image":[{"width":1146,"height":1146,"url":"https:\/\/www.sestogrado.it\/wp-content\/uploads\/2019\/02\/04bis.jpg","type":"image\/jpeg"}],"twitter_misc":{"Prezzo":"&euro;&nbsp;89,00","Disponibilit\u00e0":"Esaurito"},"schema":{"@context":"https:\/\/schema.org","@graph":[{"@type":"WebPage","@id":"https:\/\/www.sestogrado.it\/it\/prodotto\/grivel-condor-bastoncini-trekking-lama-acciaio\/","url":"https:\/\/www.sestogrado.it\/it\/prodotto\/grivel-condor-bastoncini-trekking-lama-acciaio\/","name":"Grivel Condor bastoncini da trekking con lama in acciaio - Sestogrado","isPartOf":{"@id":"https:\/\/www.sestogrado.it\/it\/#website"},"primaryImageOfPage":{"@id":"https:\/\/www.sestogrado.it\/it\/prodotto\/grivel-condor-bastoncini-trekking-lama-acciaio\/#primaryimage"},"image":{"@id":"https:\/\/www.sestogrado.it\/prodotto\/grivel-condor-bastoncini-trekking-lama-acciaio\/#primaryimage"},"thumbnailUrl":"https:\/\/www.sestogrado.it\/wp-content\/uploads\/2019\/02\/04bis.jpg","datePublished":"2019-02-21T10:48:15+00:00","dateModified":"2019-10-20T12:39:39+00:00","description":"I Bastoncini Grivel Condor hanno una lama in acciaio forgiato a caldo estraibile che li rende ideali su pendii impegnativi, in condizioni difficili, su terreno alpinistico. La lama ha una dentatura importante, in grado di garantire una forte tenuta. In posizione chiusa la lama rimane protetta.","breadcrumb":{"@id":"https:\/\/www.sestogrado.it\/it\/prodotto\/grivel-condor-bastoncini-trekking-lama-acciaio\/#breadcrumb"},"inLanguage":"it-IT","potentialAction":[{"@type":"ReadAction","target":[["https:\/\/www.sestogrado.it\/it\/prodotto\/grivel-condor-bastoncini-trekking-lama-acciaio\/"]]}]},{"@type":"ImageObject","inLanguage":"it-IT","@id":"https:\/\/www.sestogrado.it\/it\/prodotto\/grivel-condor-bastoncini-trekking-lama-acciaio\/#primaryimage","url":"https:\/\/www.sestogrado.it\/wp-content\/uploads\/2019\/02\/04bis.jpg","contentUrl":"https:\/\/www.sestogrado.it\/wp-content\/uploads\/2019\/02\/04bis.jpg","width":1146,"height":1146,"caption":"grivel condor"},{"@type":"BreadcrumbList","@id":"https:\/\/www.sestogrado.it\/it\/prodotto\/grivel-condor-bastoncini-trekking-lama-acciaio\/#breadcrumb","itemListElement":[{"@type":"ListItem","position":1,"name":"Home","item":"https:\/\/www.sestogrado.it\/it\/"},{"@type":"ListItem","position":2,"name":"Shop","item":"https:\/\/www.sestogrado.it\/it\/shop\/"},{"@type":"ListItem","position":3,"name":"Grivel Condor bastoncini da trekking con lama in acciaio"}]},{"@type":"WebSite","@id":"https:\/\/www.sestogrado.it\/it\/#website","url":"https:\/\/www.sestogrado.it\/it\/","name":"Sestogrado","description":"yes we climb","publisher":{"@id":"https:\/\/www.sestogrado.it\/it\/#organization"},"potentialAction":[{"@type":"SearchAction","target":{"@type":"EntryPoint","urlTemplate":"https:\/\/www.sestogrado.it\/it\/?s={search_term_string}"},"query-input":{"@type":"PropertyValueSpecification","valueRequired":true,"valueName":"search_term_string"}}],"inLanguage":"it-IT"},{"@type":"Organization","@id":"https:\/\/www.sestogrado.it\/it\/#organization","name":"Sestogrado","url":"https:\/\/www.sestogrado.it\/it\/","logo":{"@type":"ImageObject","inLanguage":"it-IT","@id":"https:\/\/www.sestogrado.it\/it\/#\/schema\/logo\/image\/","url":"https:\/\/www.sestogrado.it\/wp-content\/uploads\/2015\/03\/sestogrado-favicon.png","contentUrl":"https:\/\/www.sestogrado.it\/wp-content\/uploads\/2015\/03\/sestogrado-favicon.png","width":260,"height":260,"caption":"Sestogrado"},"image":{"@id":"https:\/\/www.sestogrado.it\/it\/#\/schema\/logo\/image\/"},"sameAs":["https:\/\/www.facebook.com\/pages\/Sestogrado\/1542635979353017?ref=bookmarks","https:\/\/www.youtube.com\/channel\/UC847kAfTkaJsWpc1jtQwr3Q"],"hasMerchantReturnPolicy":{"@type":"MerchantReturnPolicy","merchantReturnLink":"https:\/\/www.sestogrado.it\/it\/termini-e-condizioni\/"}}]},"product_brand":"Grivel","product_price_amount":"89.00","product_price_currency":"EUR","og_availability":"out of stock","product_availability":"out of stock","product_condition":"new"},"_links":{"self":[{"href":"https:\/\/www.sestogrado.it\/it\/wp-json\/wp\/v2\/product\/19695","targetHints":{"allow":["GET"]}}],"collection":[{"href":"https:\/\/www.sestogrado.it\/it\/wp-json\/wp\/v2\/product"}],"about":[{"href":"https:\/\/www.sestogrado.it\/it\/wp-json\/wp\/v2\/types\/product"}],"replies":[{"embeddable":true,"href":"https:\/\/www.sestogrado.it\/it\/wp-json\/wp\/v2\/comments?post=19695"}],"wp:featuredmedia":[{"embeddable":true,"href":"https:\/\/www.sestogrado.it\/it\/wp-json\/wp\/v2\/media\/19697"}],"wp:attachment":[{"href":"https:\/\/www.sestogrado.it\/it\/wp-json\/wp\/v2\/media?parent=19695"}],"wp:term":[{"taxonomy":"product_brand","embeddable":true,"href":"https:\/\/www.sestogrado.it\/it\/wp-json\/wp\/v2\/product_brand?post=19695"},{"taxonomy":"product_cat","embeddable":true,"href":"https:\/\/www.sestogrado.it\/it\/wp-json\/wp\/v2\/product_cat?post=19695"},{"taxonomy":"product_tag","embeddable":true,"href":"https:\/\/www.sestogrado.it\/it\/wp-json\/wp\/v2\/product_tag?post=19695"}],"curies":[{"name":"wp","href":"https:\/\/api.w.org\/{rel}","templated":true}]}}