{"id":19672,"date":"2019-02-21T15:33:44","date_gmt":"2019-02-21T14:33:44","guid":{"rendered":"https:\/\/www.sestogrado.it\/?post_type=product&#038;p=19672"},"modified":"2026-04-15T18:50:16","modified_gmt":"2026-04-15T16:50:16","slug":"grivel-trail-3-three-bastoncini-da-trekking","status":"publish","type":"product","link":"https:\/\/www.sestogrado.it\/it\/prodotto\/grivel-trail-3-three-bastoncini-da-trekking\/","title":{"rendered":"Grivel Trail 3 Three bastoncini da trekking"},"content":{"rendered":"<p>I Grivel Trail 3 three sono dei bastoncini da trekking durevoli, 4 stagioni, estremamente versatili. Possono essere utilizzati dal trekking, al running, dallo sci all&#8217;alpinismo. Il manico \u00e8 realizzato in Alluminio 7075 per massima resistenza, l&#8217;impugnatura Eva Foam Long Grip \u00e8 ergonomica, confortevole e traspirante, dotata di fettuccia a strappo removibile, per non perderlo.<\/p>\n<p>Il Grivel Trail 3 \u00e8 dotato dell&#8217;innovativo sistema di regolazione The Knee, un sistema con cui il bastoncino viene piegato in 3 segmenti e rapidamente chiuso o aperto.<\/p>\n<ul>\n<li>sistema The Kneee apri\/chiudi rapido con cui ogni segmento si aggancia all&#8217;altro<\/li>\n<li>laccio estraibile regolabile<\/li>\n<li>impugnatura di grandi dimensioni in gomma Eva ergonomica<\/li>\n<li>corpo del bastone in alluminio 7075<\/li>\n<li>2 rosette per l&#8217;estate e per l&#8217;inverno incluse<\/li>\n<li>taglie: 112 cm, 122 cm, 130 cm<\/li>\n<\/ul>\n<p>Il Grivel Trail 3, grazie al sistema The Kneee, \u00e8 un bastoncino tecnico e compatto, da chiusi i pi\u00f9 corti in commercio. Ogni sezione del bastone \u00e8 collegato alla successiva, un antiscivolo in metallo protegge\u00a0fermamente e rinforza il bastone.<\/p>\n<p>Ripiegati occupano pochissimo spazio, <strong>da 40cm a 45cm<\/strong>, in base alla lunghezza degli stessi (da 112 a 130cm).<\/p>\n<p><strong><em>Il prezzo \u00e8 riferito alla coppia di bastoncini.<\/em><\/strong><\/p>","protected":false},"excerpt":{"rendered":"<p>I Grivel Trail 3 three sono dei bastoncini da trekking durevoli, 4 stagioni, estremamente versatili. Possono essere utilizzati dal trekking, [&hellip;]<\/p>\n","protected":false},"featured_media":101681,"comment_status":"open","ping_status":"closed","template":"","meta":{"_acf_changed":false},"product_brand":[126],"product_cat":[572],"product_tag":[],"class_list":{"0":"post-19672","1":"product","2":"type-product","3":"status-publish","4":"has-post-thumbnail","6":"product_brand-grivel","7":"product_cat-bastoncini","9":"first","10":"instock","11":"sale","12":"taxable","13":"shipping-taxable","14":"purchasable","15":"product-type-variable"},"acf":[],"yoast_head":"<!-- This site is optimized with the Yoast SEO plugin v26.4 - https:\/\/yoast.com\/wordpress\/plugins\/seo\/ -->\n<title>Grivel Trail 3 Three bastoncini da trekking - Sestogrado<\/title>\n<meta name=\"description\" content=\"I Grivel Trail 3 three sono dei bastoncini da trekking durevoli, 4 stagioni, estremamente versatili. Possono essere utilizzati dal trekking, al running, dallo sci all&#039;alpinismo. Il manico \u00e8 realizzato in Alluminio 7075 per massima resistenza, l&#039;impugnatura Eva Foam Long Grip \u00e8 ergonomica, confortevole e traspirante.\" \/>\n<meta name=\"robots\" content=\"index, follow, max-snippet:-1, max-image-preview:large, max-video-preview:-1\" \/>\n<link rel=\"canonical\" href=\"https:\/\/www.sestogrado.it\/it\/prodotto\/grivel-trail-3-three-bastoncini-da-trekking\/\" \/>\n<meta property=\"og:locale\" content=\"it_IT\" \/>\n<meta property=\"og:type\" content=\"article\" \/>\n<meta property=\"og:title\" content=\"Grivel Trail 3 Three bastoncini da trekking - Sestogrado\" \/>\n<meta property=\"og:description\" content=\"I Grivel Trail 3 three sono dei bastoncini da trekking durevoli, 4 stagioni, estremamente versatili. Possono essere utilizzati dal trekking, al running, dallo sci all&#039;alpinismo. Il manico \u00e8 realizzato in Alluminio 7075 per massima resistenza, l&#039;impugnatura Eva Foam Long Grip \u00e8 ergonomica, confortevole e traspirante.\" \/>\n<meta property=\"og:url\" content=\"https:\/\/www.sestogrado.it\/it\/prodotto\/grivel-trail-3-three-bastoncini-da-trekking\/\" \/>\n<meta property=\"og:site_name\" content=\"Sestogrado\" \/>\n<meta property=\"article:publisher\" content=\"https:\/\/www.facebook.com\/pages\/Sestogrado\/1542635979353017?ref=bookmarks\" \/>\n<meta property=\"article:modified_time\" content=\"2026-04-15T16:50:16+00:00\" \/>\n<meta property=\"og:image\" content=\"https:\/\/www.sestogrado.it\/wp-content\/uploads\/2019\/02\/trail-3-black.jpg\" \/>\n\t<meta property=\"og:image:width\" content=\"1695\" \/>\n\t<meta property=\"og:image:height\" content=\"1695\" \/>\n\t<meta property=\"og:image:type\" content=\"image\/jpeg\" \/>\n<meta name=\"twitter:label1\" content=\"Disponibilit\u00e0\" \/>\n\t<meta name=\"twitter:data1\" content=\"In stock\" \/>\n<script type=\"application\/ld+json\" class=\"yoast-schema-graph\">{\"@context\":\"https:\/\/schema.org\",\"@graph\":[{\"@type\":\"WebPage\",\"@id\":\"https:\/\/www.sestogrado.it\/it\/prodotto\/grivel-trail-3-three-bastoncini-da-trekking\/\",\"url\":\"https:\/\/www.sestogrado.it\/it\/prodotto\/grivel-trail-3-three-bastoncini-da-trekking\/\",\"name\":\"Grivel Trail 3 Three bastoncini da trekking - Sestogrado\",\"isPartOf\":{\"@id\":\"https:\/\/www.sestogrado.it\/it\/#website\"},\"primaryImageOfPage\":{\"@id\":\"https:\/\/www.sestogrado.it\/it\/prodotto\/grivel-trail-3-three-bastoncini-da-trekking\/#primaryimage\"},\"image\":{\"@id\":\"https:\/\/www.sestogrado.it\/prodotto\/grivel-trail-3-three-bastoncini-da-trekking\/#primaryimage\"},\"thumbnailUrl\":\"https:\/\/www.sestogrado.it\/wp-content\/uploads\/2019\/02\/trail-3-black.jpg\",\"datePublished\":\"2019-02-21T14:33:44+00:00\",\"dateModified\":\"2026-04-15T16:50:16+00:00\",\"description\":\"I Grivel Trail 3 three sono dei bastoncini da trekking durevoli, 4 stagioni, estremamente versatili. Possono essere utilizzati dal trekking, al running, dallo sci all'alpinismo. Il manico \u00e8 realizzato in Alluminio 7075 per massima resistenza, l'impugnatura Eva Foam Long Grip \u00e8 ergonomica, confortevole e traspirante.\",\"breadcrumb\":{\"@id\":\"https:\/\/www.sestogrado.it\/it\/prodotto\/grivel-trail-3-three-bastoncini-da-trekking\/#breadcrumb\"},\"inLanguage\":\"it-IT\",\"potentialAction\":[{\"@type\":\"ReadAction\",\"target\":[[\"https:\/\/www.sestogrado.it\/it\/prodotto\/grivel-trail-3-three-bastoncini-da-trekking\/\"]]}]},{\"@type\":\"ImageObject\",\"inLanguage\":\"it-IT\",\"@id\":\"https:\/\/www.sestogrado.it\/it\/prodotto\/grivel-trail-3-three-bastoncini-da-trekking\/#primaryimage\",\"url\":\"https:\/\/www.sestogrado.it\/wp-content\/uploads\/2019\/02\/trail-3-black.jpg\",\"contentUrl\":\"https:\/\/www.sestogrado.it\/wp-content\/uploads\/2019\/02\/trail-3-black.jpg\",\"width\":1695,\"height\":1695,\"caption\":\"trail 3 nero\"},{\"@type\":\"BreadcrumbList\",\"@id\":\"https:\/\/www.sestogrado.it\/it\/prodotto\/grivel-trail-3-three-bastoncini-da-trekking\/#breadcrumb\",\"itemListElement\":[{\"@type\":\"ListItem\",\"position\":1,\"name\":\"Home\",\"item\":\"https:\/\/www.sestogrado.it\/it\/\"},{\"@type\":\"ListItem\",\"position\":2,\"name\":\"Shop\",\"item\":\"https:\/\/www.sestogrado.it\/it\/shop\/\"},{\"@type\":\"ListItem\",\"position\":3,\"name\":\"Grivel Trail 3 Three bastoncini da trekking\"}]},{\"@type\":\"WebSite\",\"@id\":\"https:\/\/www.sestogrado.it\/it\/#website\",\"url\":\"https:\/\/www.sestogrado.it\/it\/\",\"name\":\"Sestogrado\",\"description\":\"yes we climb\",\"publisher\":{\"@id\":\"https:\/\/www.sestogrado.it\/it\/#organization\"},\"potentialAction\":[{\"@type\":\"SearchAction\",\"target\":{\"@type\":\"EntryPoint\",\"urlTemplate\":\"https:\/\/www.sestogrado.it\/it\/?s={search_term_string}\"},\"query-input\":{\"@type\":\"PropertyValueSpecification\",\"valueRequired\":true,\"valueName\":\"search_term_string\"}}],\"inLanguage\":\"it-IT\"},{\"@type\":\"Organization\",\"@id\":\"https:\/\/www.sestogrado.it\/it\/#organization\",\"name\":\"Sestogrado\",\"url\":\"https:\/\/www.sestogrado.it\/it\/\",\"logo\":{\"@type\":\"ImageObject\",\"inLanguage\":\"it-IT\",\"@id\":\"https:\/\/www.sestogrado.it\/it\/#\/schema\/logo\/image\/\",\"url\":\"https:\/\/www.sestogrado.it\/wp-content\/uploads\/2015\/03\/sestogrado-favicon.png\",\"contentUrl\":\"https:\/\/www.sestogrado.it\/wp-content\/uploads\/2015\/03\/sestogrado-favicon.png\",\"width\":260,\"height\":260,\"caption\":\"Sestogrado\"},\"image\":{\"@id\":\"https:\/\/www.sestogrado.it\/it\/#\/schema\/logo\/image\/\"},\"sameAs\":[\"https:\/\/www.facebook.com\/pages\/Sestogrado\/1542635979353017?ref=bookmarks\",\"https:\/\/www.youtube.com\/channel\/UC847kAfTkaJsWpc1jtQwr3Q\"],\"hasMerchantReturnPolicy\":{\"@type\":\"MerchantReturnPolicy\",\"merchantReturnLink\":\"https:\/\/www.sestogrado.it\/it\/termini-e-condizioni\/\"}}]}<\/script>\n<meta property=\"product:brand\" content=\"Grivel\" \/>\n<meta property=\"og:availability\" content=\"instock\" \/>\n<meta property=\"product:availability\" content=\"instock\" \/>\n<meta property=\"product:condition\" content=\"new\" \/>\n<!-- \/ Yoast SEO plugin. -->","yoast_head_json":{"title":"Grivel Trail 3 Three bastoncini da trekking - Sestogrado","description":"I Grivel Trail 3 three sono dei bastoncini da trekking durevoli, 4 stagioni, estremamente versatili. Possono essere utilizzati dal trekking, al running, dallo sci all'alpinismo. Il manico \u00e8 realizzato in Alluminio 7075 per massima resistenza, l'impugnatura Eva Foam Long Grip \u00e8 ergonomica, confortevole e traspirante.","robots":{"index":"index","follow":"follow","max-snippet":"max-snippet:-1","max-image-preview":"max-image-preview:large","max-video-preview":"max-video-preview:-1"},"canonical":"https:\/\/www.sestogrado.it\/it\/prodotto\/grivel-trail-3-three-bastoncini-da-trekking\/","og_locale":"it_IT","og_type":"article","og_title":"Grivel Trail 3 Three bastoncini da trekking - Sestogrado","og_description":"I Grivel Trail 3 three sono dei bastoncini da trekking durevoli, 4 stagioni, estremamente versatili. Possono essere utilizzati dal trekking, al running, dallo sci all'alpinismo. Il manico \u00e8 realizzato in Alluminio 7075 per massima resistenza, l'impugnatura Eva Foam Long Grip \u00e8 ergonomica, confortevole e traspirante.","og_url":"https:\/\/www.sestogrado.it\/it\/prodotto\/grivel-trail-3-three-bastoncini-da-trekking\/","og_site_name":"Sestogrado","article_publisher":"https:\/\/www.facebook.com\/pages\/Sestogrado\/1542635979353017?ref=bookmarks","article_modified_time":"2026-04-15T16:50:16+00:00","og_image":[{"width":1695,"height":1695,"url":"https:\/\/www.sestogrado.it\/wp-content\/uploads\/2019\/02\/trail-3-black.jpg","type":"image\/jpeg"}],"twitter_misc":{"Disponibilit\u00e0":"In stock"},"schema":{"@context":"https:\/\/schema.org","@graph":[{"@type":"WebPage","@id":"https:\/\/www.sestogrado.it\/it\/prodotto\/grivel-trail-3-three-bastoncini-da-trekking\/","url":"https:\/\/www.sestogrado.it\/it\/prodotto\/grivel-trail-3-three-bastoncini-da-trekking\/","name":"Grivel Trail 3 Three bastoncini da trekking - Sestogrado","isPartOf":{"@id":"https:\/\/www.sestogrado.it\/it\/#website"},"primaryImageOfPage":{"@id":"https:\/\/www.sestogrado.it\/it\/prodotto\/grivel-trail-3-three-bastoncini-da-trekking\/#primaryimage"},"image":{"@id":"https:\/\/www.sestogrado.it\/prodotto\/grivel-trail-3-three-bastoncini-da-trekking\/#primaryimage"},"thumbnailUrl":"https:\/\/www.sestogrado.it\/wp-content\/uploads\/2019\/02\/trail-3-black.jpg","datePublished":"2019-02-21T14:33:44+00:00","dateModified":"2026-04-15T16:50:16+00:00","description":"I Grivel Trail 3 three sono dei bastoncini da trekking durevoli, 4 stagioni, estremamente versatili. Possono essere utilizzati dal trekking, al running, dallo sci all'alpinismo. Il manico \u00e8 realizzato in Alluminio 7075 per massima resistenza, l'impugnatura Eva Foam Long Grip \u00e8 ergonomica, confortevole e traspirante.","breadcrumb":{"@id":"https:\/\/www.sestogrado.it\/it\/prodotto\/grivel-trail-3-three-bastoncini-da-trekking\/#breadcrumb"},"inLanguage":"it-IT","potentialAction":[{"@type":"ReadAction","target":[["https:\/\/www.sestogrado.it\/it\/prodotto\/grivel-trail-3-three-bastoncini-da-trekking\/"]]}]},{"@type":"ImageObject","inLanguage":"it-IT","@id":"https:\/\/www.sestogrado.it\/it\/prodotto\/grivel-trail-3-three-bastoncini-da-trekking\/#primaryimage","url":"https:\/\/www.sestogrado.it\/wp-content\/uploads\/2019\/02\/trail-3-black.jpg","contentUrl":"https:\/\/www.sestogrado.it\/wp-content\/uploads\/2019\/02\/trail-3-black.jpg","width":1695,"height":1695,"caption":"trail 3 nero"},{"@type":"BreadcrumbList","@id":"https:\/\/www.sestogrado.it\/it\/prodotto\/grivel-trail-3-three-bastoncini-da-trekking\/#breadcrumb","itemListElement":[{"@type":"ListItem","position":1,"name":"Home","item":"https:\/\/www.sestogrado.it\/it\/"},{"@type":"ListItem","position":2,"name":"Shop","item":"https:\/\/www.sestogrado.it\/it\/shop\/"},{"@type":"ListItem","position":3,"name":"Grivel Trail 3 Three bastoncini da trekking"}]},{"@type":"WebSite","@id":"https:\/\/www.sestogrado.it\/it\/#website","url":"https:\/\/www.sestogrado.it\/it\/","name":"Sestogrado","description":"yes we climb","publisher":{"@id":"https:\/\/www.sestogrado.it\/it\/#organization"},"potentialAction":[{"@type":"SearchAction","target":{"@type":"EntryPoint","urlTemplate":"https:\/\/www.sestogrado.it\/it\/?s={search_term_string}"},"query-input":{"@type":"PropertyValueSpecification","valueRequired":true,"valueName":"search_term_string"}}],"inLanguage":"it-IT"},{"@type":"Organization","@id":"https:\/\/www.sestogrado.it\/it\/#organization","name":"Sestogrado","url":"https:\/\/www.sestogrado.it\/it\/","logo":{"@type":"ImageObject","inLanguage":"it-IT","@id":"https:\/\/www.sestogrado.it\/it\/#\/schema\/logo\/image\/","url":"https:\/\/www.sestogrado.it\/wp-content\/uploads\/2015\/03\/sestogrado-favicon.png","contentUrl":"https:\/\/www.sestogrado.it\/wp-content\/uploads\/2015\/03\/sestogrado-favicon.png","width":260,"height":260,"caption":"Sestogrado"},"image":{"@id":"https:\/\/www.sestogrado.it\/it\/#\/schema\/logo\/image\/"},"sameAs":["https:\/\/www.facebook.com\/pages\/Sestogrado\/1542635979353017?ref=bookmarks","https:\/\/www.youtube.com\/channel\/UC847kAfTkaJsWpc1jtQwr3Q"],"hasMerchantReturnPolicy":{"@type":"MerchantReturnPolicy","merchantReturnLink":"https:\/\/www.sestogrado.it\/it\/termini-e-condizioni\/"}}]},"product_brand":"Grivel","og_availability":"instock","product_availability":"instock","product_condition":"new"},"_links":{"self":[{"href":"https:\/\/www.sestogrado.it\/it\/wp-json\/wp\/v2\/product\/19672","targetHints":{"allow":["GET"]}}],"collection":[{"href":"https:\/\/www.sestogrado.it\/it\/wp-json\/wp\/v2\/product"}],"about":[{"href":"https:\/\/www.sestogrado.it\/it\/wp-json\/wp\/v2\/types\/product"}],"replies":[{"embeddable":true,"href":"https:\/\/www.sestogrado.it\/it\/wp-json\/wp\/v2\/comments?post=19672"}],"wp:featuredmedia":[{"embeddable":true,"href":"https:\/\/www.sestogrado.it\/it\/wp-json\/wp\/v2\/media\/101681"}],"wp:attachment":[{"href":"https:\/\/www.sestogrado.it\/it\/wp-json\/wp\/v2\/media?parent=19672"}],"wp:term":[{"taxonomy":"product_brand","embeddable":true,"href":"https:\/\/www.sestogrado.it\/it\/wp-json\/wp\/v2\/product_brand?post=19672"},{"taxonomy":"product_cat","embeddable":true,"href":"https:\/\/www.sestogrado.it\/it\/wp-json\/wp\/v2\/product_cat?post=19672"},{"taxonomy":"product_tag","embeddable":true,"href":"https:\/\/www.sestogrado.it\/it\/wp-json\/wp\/v2\/product_tag?post=19672"}],"curies":[{"name":"wp","href":"https:\/\/api.w.org\/{rel}","templated":true}]}}