{"id":19667,"date":"2019-02-21T11:53:29","date_gmt":"2019-02-21T10:53:29","guid":{"rendered":"https:\/\/www.sestogrado.it\/?post_type=product&#038;p=19667"},"modified":"2026-03-12T13:13:19","modified_gmt":"2026-03-12T12:13:19","slug":"camp-carbon-mix-plus-bastoncini-da-trekking","status":"publish","type":"product","link":"https:\/\/www.sestogrado.it\/it\/prodotto\/camp-carbon-mix-plus-bastoncini-da-trekking\/","title":{"rendered":"Camp Carbon Mix Plus bastoncini da trekking"},"content":{"rendered":"<p>Il Camp Carbon Mix Plus \u00e8 un bastoncino pieghevole realizzato in fibra di carbonio e alluminio. Oltre alla normale impugnatura superiore, presenta un&#8217;impugnatura inferiore che consente di adattare l&#8217;altezza della presa senza accorciare l&#8217;attrezzo. I laccioli ergonomici incrementano il comfort in ogni condizione di utilizzo. Il cavetto in acciaio interno, rivestito in poliammide, \u00e8 flessibile e resistente e permette di montare e smontare il bastoncino con facilit\u00e0 in tutte le situazioni. Il montaggio \u00e8 agevolato e reso pi\u00f9 veloce dalla speciale forma conica dei raccordi dei segmenti. Il segmento superiore \u00e8 dotato di un efficace sistema di bloccaggio con clip in alluminio, che consente una rapida e sicura regolazione della lunghezza.<\/p>\n<ul>\n<li>Bastoncino pieghevole in fibra di carbonio e alluminio<\/li>\n<li>5 segmenti con cavetto in acciaio interno da 1.5 mm di diametro rivestito in poliammide<\/li>\n<li>Raccordi dei segmenti di forma conica per agevolare e velocizzare il montaggio<\/li>\n<li>Doppia impugnatura in materiale espanso<\/li>\n<li>Laccioli ergonomici e regolabili, in materiale morbido<\/li>\n<li>Facile da montare e da smontare<\/li>\n<li>Rapidamente regolabile da 110 a 130 cm grazie alla clip in alluminio<\/li>\n<li>Lunghezza ripiegato 36 cm<\/li>\n<li>Il serraggio della vite che regola il bloccaggio della clip in alluminio non richiede l\u2019uso di cacciavite o altri attrezzi<\/li>\n<li>Puntale in metallo duro<\/li>\n<li>Copripuntale in gomma incluso<\/li>\n<li>Fornito con rotelle Minidart (montata di serie), Small e Large (incluse nella confezione) per l\u2019uso in ogni stagione<\/li>\n<li>Pratico sacchetto-custodia incluso<\/li>\n<\/ul>\n<p>Il Camp Carbon Mix \u00e8 un bastoncino adatto a trekking tecnici e impegnativi. E&#8217; estremamente compattabile e riponibile nello zaino: un ingombro di soli 36cm di lunghezza ed un peso di 436g.<\/p>\n<p><em>Il prezzo \u00e8 riferito alla coppia di bastoncini.<\/em><\/p>","protected":false},"excerpt":{"rendered":"<p>Il Camp Carbon Mix Plus \u00e8 un bastoncino pieghevole realizzato in fibra di carbonio e alluminio. Oltre alla normale impugnatura [&hellip;]<\/p>\n","protected":false},"featured_media":201077,"comment_status":"open","ping_status":"closed","template":"","meta":{"_acf_changed":false},"product_brand":[31],"product_cat":[572],"product_tag":[],"class_list":{"0":"post-19667","1":"product","2":"type-product","3":"status-publish","4":"has-post-thumbnail","6":"product_brand-camp","7":"product_cat-bastoncini","9":"first","10":"instock","11":"sale","12":"taxable","13":"shipping-taxable","14":"purchasable","15":"product-type-simple"},"acf":[],"yoast_head":"<!-- This site is optimized with the Yoast SEO plugin v26.4 - https:\/\/yoast.com\/wordpress\/plugins\/seo\/ -->\n<title>Camp Carbon Mix Plus bastoncini da trekking - Sestogrado<\/title>\n<meta name=\"description\" content=\"Il Camp Carbon Mix \u00e8 un bastoncino pieghevole realizzato in fibra di carbonio e alluminio per garantire la massima resistenza. Presenta una impugnatura superiore ed una inferiore che consente di adattare l&#039;altezza della presa senza accorciare il bastoncino.I laccioli ergonomici differenziati destro e sinistro aumentano il comfort in ogni condizione di utilizzo. Il cordino interno, rivestito in materiale plastico, permette di montare e smontare il bastoncino con facilit\u00e0 in tutte le situazioni. E&#039; inoltre previsto un sistema di microregolazione della tensione che garantisce un perfetto assemblaggio. Il segmento superiore \u00e8 dotato di un efficace sistema di bloccaggio con clip in alluminio che consente una rapida e sicura regolazione della lunghezza.\" \/>\n<meta name=\"robots\" content=\"index, follow, max-snippet:-1, max-image-preview:large, max-video-preview:-1\" \/>\n<link rel=\"canonical\" href=\"https:\/\/www.sestogrado.it\/it\/prodotto\/camp-carbon-mix-plus-bastoncini-da-trekking\/\" \/>\n<meta property=\"og:locale\" content=\"it_IT\" \/>\n<meta property=\"og:type\" content=\"article\" \/>\n<meta property=\"og:title\" content=\"Camp Carbon Mix Plus bastoncini da trekking - Sestogrado\" \/>\n<meta property=\"og:description\" content=\"Il Camp Carbon Mix \u00e8 un bastoncino pieghevole realizzato in fibra di carbonio e alluminio per garantire la massima resistenza. Presenta una impugnatura superiore ed una inferiore che consente di adattare l&#039;altezza della presa senza accorciare il bastoncino.I laccioli ergonomici differenziati destro e sinistro aumentano il comfort in ogni condizione di utilizzo. Il cordino interno, rivestito in materiale plastico, permette di montare e smontare il bastoncino con facilit\u00e0 in tutte le situazioni. E&#039; inoltre previsto un sistema di microregolazione della tensione che garantisce un perfetto assemblaggio. Il segmento superiore \u00e8 dotato di un efficace sistema di bloccaggio con clip in alluminio che consente una rapida e sicura regolazione della lunghezza.\" \/>\n<meta property=\"og:url\" content=\"https:\/\/www.sestogrado.it\/it\/prodotto\/camp-carbon-mix-plus-bastoncini-da-trekking\/\" \/>\n<meta property=\"og:site_name\" content=\"Sestogrado\" \/>\n<meta property=\"article:publisher\" content=\"https:\/\/www.facebook.com\/pages\/Sestogrado\/1542635979353017?ref=bookmarks\" \/>\n<meta property=\"article:modified_time\" content=\"2026-03-12T12:13:19+00:00\" \/>\n<meta property=\"og:image\" content=\"https:\/\/www.sestogrado.it\/wp-content\/uploads\/2019\/02\/01-25.jpg\" \/>\n\t<meta property=\"og:image:width\" content=\"1200\" \/>\n\t<meta property=\"og:image:height\" content=\"1200\" \/>\n\t<meta property=\"og:image:type\" content=\"image\/jpeg\" \/>\n<meta name=\"twitter:label1\" content=\"Prezzo\" \/>\n\t<meta name=\"twitter:data1\" content=\"&euro;&nbsp;105,90\" \/>\n\t<meta name=\"twitter:label2\" content=\"Disponibilit\u00e0\" \/>\n\t<meta name=\"twitter:data2\" content=\"In stock\" \/>\n<script type=\"application\/ld+json\" class=\"yoast-schema-graph\">{\"@context\":\"https:\/\/schema.org\",\"@graph\":[{\"@type\":\"WebPage\",\"@id\":\"https:\/\/www.sestogrado.it\/it\/prodotto\/camp-carbon-mix-plus-bastoncini-da-trekking\/\",\"url\":\"https:\/\/www.sestogrado.it\/it\/prodotto\/camp-carbon-mix-plus-bastoncini-da-trekking\/\",\"name\":\"Camp Carbon Mix Plus bastoncini da trekking - Sestogrado\",\"isPartOf\":{\"@id\":\"https:\/\/www.sestogrado.it\/it\/#website\"},\"primaryImageOfPage\":{\"@id\":\"https:\/\/www.sestogrado.it\/it\/prodotto\/camp-carbon-mix-plus-bastoncini-da-trekking\/#primaryimage\"},\"image\":{\"@id\":\"https:\/\/www.sestogrado.it\/prodotto\/camp-carbon-mix-plus-bastoncini-da-trekking\/#primaryimage\"},\"thumbnailUrl\":\"https:\/\/www.sestogrado.it\/wp-content\/uploads\/2019\/02\/01-25.jpg\",\"datePublished\":\"2019-02-21T10:53:29+00:00\",\"dateModified\":\"2026-03-12T12:13:19+00:00\",\"description\":\"Il Camp Carbon Mix \u00e8 un bastoncino pieghevole realizzato in fibra di carbonio e alluminio per garantire la massima resistenza. Presenta una impugnatura superiore ed una inferiore che consente di adattare l'altezza della presa senza accorciare il bastoncino.I laccioli ergonomici differenziati destro e sinistro aumentano il comfort in ogni condizione di utilizzo. Il cordino interno, rivestito in materiale plastico, permette di montare e smontare il bastoncino con facilit\u00e0 in tutte le situazioni. E' inoltre previsto un sistema di microregolazione della tensione che garantisce un perfetto assemblaggio. Il segmento superiore \u00e8 dotato di un efficace sistema di bloccaggio con clip in alluminio che consente una rapida e sicura regolazione della lunghezza.\",\"breadcrumb\":{\"@id\":\"https:\/\/www.sestogrado.it\/it\/prodotto\/camp-carbon-mix-plus-bastoncini-da-trekking\/#breadcrumb\"},\"inLanguage\":\"it-IT\",\"potentialAction\":[{\"@type\":\"ReadAction\",\"target\":[[\"https:\/\/www.sestogrado.it\/it\/prodotto\/camp-carbon-mix-plus-bastoncini-da-trekking\/\"]]}]},{\"@type\":\"ImageObject\",\"inLanguage\":\"it-IT\",\"@id\":\"https:\/\/www.sestogrado.it\/it\/prodotto\/camp-carbon-mix-plus-bastoncini-da-trekking\/#primaryimage\",\"url\":\"https:\/\/www.sestogrado.it\/wp-content\/uploads\/2019\/02\/01-25.jpg\",\"contentUrl\":\"https:\/\/www.sestogrado.it\/wp-content\/uploads\/2019\/02\/01-25.jpg\",\"width\":1200,\"height\":1200,\"caption\":\"carbon mix plus\"},{\"@type\":\"BreadcrumbList\",\"@id\":\"https:\/\/www.sestogrado.it\/it\/prodotto\/camp-carbon-mix-plus-bastoncini-da-trekking\/#breadcrumb\",\"itemListElement\":[{\"@type\":\"ListItem\",\"position\":1,\"name\":\"Home\",\"item\":\"https:\/\/www.sestogrado.it\/it\/\"},{\"@type\":\"ListItem\",\"position\":2,\"name\":\"Shop\",\"item\":\"https:\/\/www.sestogrado.it\/it\/shop\/\"},{\"@type\":\"ListItem\",\"position\":3,\"name\":\"Camp Carbon Mix Plus bastoncini da trekking\"}]},{\"@type\":\"WebSite\",\"@id\":\"https:\/\/www.sestogrado.it\/it\/#website\",\"url\":\"https:\/\/www.sestogrado.it\/it\/\",\"name\":\"Sestogrado\",\"description\":\"yes we climb\",\"publisher\":{\"@id\":\"https:\/\/www.sestogrado.it\/it\/#organization\"},\"potentialAction\":[{\"@type\":\"SearchAction\",\"target\":{\"@type\":\"EntryPoint\",\"urlTemplate\":\"https:\/\/www.sestogrado.it\/it\/?s={search_term_string}\"},\"query-input\":{\"@type\":\"PropertyValueSpecification\",\"valueRequired\":true,\"valueName\":\"search_term_string\"}}],\"inLanguage\":\"it-IT\"},{\"@type\":\"Organization\",\"@id\":\"https:\/\/www.sestogrado.it\/it\/#organization\",\"name\":\"Sestogrado\",\"url\":\"https:\/\/www.sestogrado.it\/it\/\",\"logo\":{\"@type\":\"ImageObject\",\"inLanguage\":\"it-IT\",\"@id\":\"https:\/\/www.sestogrado.it\/it\/#\/schema\/logo\/image\/\",\"url\":\"https:\/\/www.sestogrado.it\/wp-content\/uploads\/2015\/03\/sestogrado-favicon.png\",\"contentUrl\":\"https:\/\/www.sestogrado.it\/wp-content\/uploads\/2015\/03\/sestogrado-favicon.png\",\"width\":260,\"height\":260,\"caption\":\"Sestogrado\"},\"image\":{\"@id\":\"https:\/\/www.sestogrado.it\/it\/#\/schema\/logo\/image\/\"},\"sameAs\":[\"https:\/\/www.facebook.com\/pages\/Sestogrado\/1542635979353017?ref=bookmarks\",\"https:\/\/www.youtube.com\/channel\/UC847kAfTkaJsWpc1jtQwr3Q\"],\"hasMerchantReturnPolicy\":{\"@type\":\"MerchantReturnPolicy\",\"merchantReturnLink\":\"https:\/\/www.sestogrado.it\/it\/termini-e-condizioni\/\"}}]}<\/script>\n<meta property=\"product:brand\" content=\"Camp\" \/>\n<meta property=\"product:price:amount\" content=\"105.90\" \/>\n<meta property=\"product:price:currency\" content=\"EUR\" \/>\n<meta property=\"og:availability\" content=\"instock\" \/>\n<meta property=\"product:availability\" content=\"instock\" \/>\n<meta property=\"product:condition\" content=\"new\" \/>\n<!-- \/ Yoast SEO plugin. -->","yoast_head_json":{"title":"Camp Carbon Mix Plus bastoncini da trekking - Sestogrado","description":"Il Camp Carbon Mix \u00e8 un bastoncino pieghevole realizzato in fibra di carbonio e alluminio per garantire la massima resistenza. Presenta una impugnatura superiore ed una inferiore che consente di adattare l'altezza della presa senza accorciare il bastoncino.I laccioli ergonomici differenziati destro e sinistro aumentano il comfort in ogni condizione di utilizzo. Il cordino interno, rivestito in materiale plastico, permette di montare e smontare il bastoncino con facilit\u00e0 in tutte le situazioni. E' inoltre previsto un sistema di microregolazione della tensione che garantisce un perfetto assemblaggio. Il segmento superiore \u00e8 dotato di un efficace sistema di bloccaggio con clip in alluminio che consente una rapida e sicura regolazione della lunghezza.","robots":{"index":"index","follow":"follow","max-snippet":"max-snippet:-1","max-image-preview":"max-image-preview:large","max-video-preview":"max-video-preview:-1"},"canonical":"https:\/\/www.sestogrado.it\/it\/prodotto\/camp-carbon-mix-plus-bastoncini-da-trekking\/","og_locale":"it_IT","og_type":"article","og_title":"Camp Carbon Mix Plus bastoncini da trekking - Sestogrado","og_description":"Il Camp Carbon Mix \u00e8 un bastoncino pieghevole realizzato in fibra di carbonio e alluminio per garantire la massima resistenza. Presenta una impugnatura superiore ed una inferiore che consente di adattare l'altezza della presa senza accorciare il bastoncino.I laccioli ergonomici differenziati destro e sinistro aumentano il comfort in ogni condizione di utilizzo. Il cordino interno, rivestito in materiale plastico, permette di montare e smontare il bastoncino con facilit\u00e0 in tutte le situazioni. E' inoltre previsto un sistema di microregolazione della tensione che garantisce un perfetto assemblaggio. Il segmento superiore \u00e8 dotato di un efficace sistema di bloccaggio con clip in alluminio che consente una rapida e sicura regolazione della lunghezza.","og_url":"https:\/\/www.sestogrado.it\/it\/prodotto\/camp-carbon-mix-plus-bastoncini-da-trekking\/","og_site_name":"Sestogrado","article_publisher":"https:\/\/www.facebook.com\/pages\/Sestogrado\/1542635979353017?ref=bookmarks","article_modified_time":"2026-03-12T12:13:19+00:00","og_image":[{"width":1200,"height":1200,"url":"https:\/\/www.sestogrado.it\/wp-content\/uploads\/2019\/02\/01-25.jpg","type":"image\/jpeg"}],"twitter_misc":{"Prezzo":"&euro;&nbsp;105,90","Disponibilit\u00e0":"In stock"},"schema":{"@context":"https:\/\/schema.org","@graph":[{"@type":"WebPage","@id":"https:\/\/www.sestogrado.it\/it\/prodotto\/camp-carbon-mix-plus-bastoncini-da-trekking\/","url":"https:\/\/www.sestogrado.it\/it\/prodotto\/camp-carbon-mix-plus-bastoncini-da-trekking\/","name":"Camp Carbon Mix Plus bastoncini da trekking - Sestogrado","isPartOf":{"@id":"https:\/\/www.sestogrado.it\/it\/#website"},"primaryImageOfPage":{"@id":"https:\/\/www.sestogrado.it\/it\/prodotto\/camp-carbon-mix-plus-bastoncini-da-trekking\/#primaryimage"},"image":{"@id":"https:\/\/www.sestogrado.it\/prodotto\/camp-carbon-mix-plus-bastoncini-da-trekking\/#primaryimage"},"thumbnailUrl":"https:\/\/www.sestogrado.it\/wp-content\/uploads\/2019\/02\/01-25.jpg","datePublished":"2019-02-21T10:53:29+00:00","dateModified":"2026-03-12T12:13:19+00:00","description":"Il Camp Carbon Mix \u00e8 un bastoncino pieghevole realizzato in fibra di carbonio e alluminio per garantire la massima resistenza. Presenta una impugnatura superiore ed una inferiore che consente di adattare l'altezza della presa senza accorciare il bastoncino.I laccioli ergonomici differenziati destro e sinistro aumentano il comfort in ogni condizione di utilizzo. Il cordino interno, rivestito in materiale plastico, permette di montare e smontare il bastoncino con facilit\u00e0 in tutte le situazioni. E' inoltre previsto un sistema di microregolazione della tensione che garantisce un perfetto assemblaggio. Il segmento superiore \u00e8 dotato di un efficace sistema di bloccaggio con clip in alluminio che consente una rapida e sicura regolazione della lunghezza.","breadcrumb":{"@id":"https:\/\/www.sestogrado.it\/it\/prodotto\/camp-carbon-mix-plus-bastoncini-da-trekking\/#breadcrumb"},"inLanguage":"it-IT","potentialAction":[{"@type":"ReadAction","target":[["https:\/\/www.sestogrado.it\/it\/prodotto\/camp-carbon-mix-plus-bastoncini-da-trekking\/"]]}]},{"@type":"ImageObject","inLanguage":"it-IT","@id":"https:\/\/www.sestogrado.it\/it\/prodotto\/camp-carbon-mix-plus-bastoncini-da-trekking\/#primaryimage","url":"https:\/\/www.sestogrado.it\/wp-content\/uploads\/2019\/02\/01-25.jpg","contentUrl":"https:\/\/www.sestogrado.it\/wp-content\/uploads\/2019\/02\/01-25.jpg","width":1200,"height":1200,"caption":"carbon mix plus"},{"@type":"BreadcrumbList","@id":"https:\/\/www.sestogrado.it\/it\/prodotto\/camp-carbon-mix-plus-bastoncini-da-trekking\/#breadcrumb","itemListElement":[{"@type":"ListItem","position":1,"name":"Home","item":"https:\/\/www.sestogrado.it\/it\/"},{"@type":"ListItem","position":2,"name":"Shop","item":"https:\/\/www.sestogrado.it\/it\/shop\/"},{"@type":"ListItem","position":3,"name":"Camp Carbon Mix Plus bastoncini da trekking"}]},{"@type":"WebSite","@id":"https:\/\/www.sestogrado.it\/it\/#website","url":"https:\/\/www.sestogrado.it\/it\/","name":"Sestogrado","description":"yes we climb","publisher":{"@id":"https:\/\/www.sestogrado.it\/it\/#organization"},"potentialAction":[{"@type":"SearchAction","target":{"@type":"EntryPoint","urlTemplate":"https:\/\/www.sestogrado.it\/it\/?s={search_term_string}"},"query-input":{"@type":"PropertyValueSpecification","valueRequired":true,"valueName":"search_term_string"}}],"inLanguage":"it-IT"},{"@type":"Organization","@id":"https:\/\/www.sestogrado.it\/it\/#organization","name":"Sestogrado","url":"https:\/\/www.sestogrado.it\/it\/","logo":{"@type":"ImageObject","inLanguage":"it-IT","@id":"https:\/\/www.sestogrado.it\/it\/#\/schema\/logo\/image\/","url":"https:\/\/www.sestogrado.it\/wp-content\/uploads\/2015\/03\/sestogrado-favicon.png","contentUrl":"https:\/\/www.sestogrado.it\/wp-content\/uploads\/2015\/03\/sestogrado-favicon.png","width":260,"height":260,"caption":"Sestogrado"},"image":{"@id":"https:\/\/www.sestogrado.it\/it\/#\/schema\/logo\/image\/"},"sameAs":["https:\/\/www.facebook.com\/pages\/Sestogrado\/1542635979353017?ref=bookmarks","https:\/\/www.youtube.com\/channel\/UC847kAfTkaJsWpc1jtQwr3Q"],"hasMerchantReturnPolicy":{"@type":"MerchantReturnPolicy","merchantReturnLink":"https:\/\/www.sestogrado.it\/it\/termini-e-condizioni\/"}}]},"product_brand":"Camp","product_price_amount":"105.90","product_price_currency":"EUR","og_availability":"instock","product_availability":"instock","product_condition":"new"},"_links":{"self":[{"href":"https:\/\/www.sestogrado.it\/it\/wp-json\/wp\/v2\/product\/19667","targetHints":{"allow":["GET"]}}],"collection":[{"href":"https:\/\/www.sestogrado.it\/it\/wp-json\/wp\/v2\/product"}],"about":[{"href":"https:\/\/www.sestogrado.it\/it\/wp-json\/wp\/v2\/types\/product"}],"replies":[{"embeddable":true,"href":"https:\/\/www.sestogrado.it\/it\/wp-json\/wp\/v2\/comments?post=19667"}],"wp:featuredmedia":[{"embeddable":true,"href":"https:\/\/www.sestogrado.it\/it\/wp-json\/wp\/v2\/media\/201077"}],"wp:attachment":[{"href":"https:\/\/www.sestogrado.it\/it\/wp-json\/wp\/v2\/media?parent=19667"}],"wp:term":[{"taxonomy":"product_brand","embeddable":true,"href":"https:\/\/www.sestogrado.it\/it\/wp-json\/wp\/v2\/product_brand?post=19667"},{"taxonomy":"product_cat","embeddable":true,"href":"https:\/\/www.sestogrado.it\/it\/wp-json\/wp\/v2\/product_cat?post=19667"},{"taxonomy":"product_tag","embeddable":true,"href":"https:\/\/www.sestogrado.it\/it\/wp-json\/wp\/v2\/product_tag?post=19667"}],"curies":[{"name":"wp","href":"https:\/\/api.w.org\/{rel}","templated":true}]}}