{"id":19350,"date":"2024-02-29T07:09:26","date_gmt":"2024-02-29T06:09:26","guid":{"rendered":"https:\/\/www.sestogrado.it\/?post_type=product&#038;p=19350"},"modified":"2026-02-24T00:12:43","modified_gmt":"2026-02-23T23:12:43","slug":"grivel-transformer-bail-gabbietta-anteriore-per-trasformare-i-ramponi-in-semiautomatici","status":"publish","type":"product","link":"https:\/\/www.sestogrado.it\/it\/prodotto\/grivel-transformer-bail-gabbietta-anteriore-per-trasformare-i-ramponi-in-semiautomatici\/","title":{"rendered":"Grivel Transformer Bail gabbietta anteriore per trasformare i ramponi in semiautomatici"},"content":{"rendered":"<p>I Grivel Transformer Bail sono un accessorio per la conversione dei ramponi Grivel da Cramp-O-Matic (automatici per scarponi con bordo anteriore), o sprovvisti di gabbietta anteriore universale, a New Matic (quindi semiautomatici, per scarponi senza bordo anteriore), grazie alla gabbietta in grado di alloggiare qualsiasi scarpone.<\/p>\n<p>Vengono forniti in coppia. Migliorati rispetto alla versione precedente C2N Bail, sono ora disponibili in tre taglie, per meglio adattarsi ad ogni scarpone:<\/p>\n<ul>\n<li>S (7cm)<\/li>\n<li>M (9cm)<\/li>\n<li>L (11cm)<\/li>\n<\/ul>\n<p><strong>Come scegliere la taglia<\/strong>:<\/p>\n<p>La taglia non \u00e8 associata alla misura del piede, ma al tipo di scarpa\/scarpone con cui si intende utilizzare i ramponi.<\/p>\n<p>La taglia M \u00e8 quella montata &#8220;di serie&#8221; su tutti i ramponi Grivel e che \u00e8 compatibile con la stragrande maggioranza degli scarponi. La S \u00e8 indicata per scarpe da alpinismo tecnico veloce come la Ribelle S hd di Scarpa. Per tutti gli scarponi da alpinismo classico, come i Mont Blanc, va benissimo la taglia M. La taglia L deve essere presa in considerazione per gli scarponi da alta quota come i Phantom 6000.<\/p>\n<p>Per una rilevazione precisa, misurare l&#8217;altezza in cm del proprio scarpone in corrispondenza del dorso, all&#8217;altezza dell&#8217;osso dell&#8217;alluce. Che \u00e8 il punto in cui si andr\u00e0 a trovare l&#8217;allacciatura superiore della gabbietta.<\/p>\n<p>Compatibile per i modelli Grivel:<\/p>\n<ul>\n<li>Air Tech<\/li>\n<li>Air Tech Light<\/li>\n<li>G12<\/li>\n<li>G14<\/li>\n<\/ul>\n<p>&nbsp;<\/p>\n<p>Nata nel 1818 a Courmayeur, la Grivel \u00e8 un\u2019azienda italiana che produce attrezzature ed equipaggiamenti per alpinismo, arrampicata ed outdoor esportando in 26 paesi.\u00a0\u00a0L\u2019azienda ha ottenuto la certificazione GS T\u00dcV dal 1992, ISO 9001 dal 1996, ISO 1400 dal 2004.\u00a0L\u2019obiettivo di\u00a0Grivel \u00e8 di facilitare la vita agli alpinisti e agli amanti della montagna\u00a0con prodotti tecnologicamente avanzati.<\/p>","protected":false},"excerpt":{"rendered":"<p>I Grivel Transformer Bail sono un accessorio per la conversione dei ramponi Grivel da Cramp-O-Matic (automatici per scarponi con bordo [&hellip;]<\/p>\n","protected":false},"featured_media":156637,"comment_status":"open","ping_status":"closed","template":"","meta":{"_acf_changed":false},"product_brand":[126],"product_cat":[514],"product_tag":[],"class_list":{"0":"post-19350","1":"product","2":"type-product","3":"status-publish","4":"has-post-thumbnail","6":"product_brand-grivel","7":"product_cat-ricambi","9":"first","10":"instock","11":"taxable","12":"shipping-taxable","13":"purchasable","14":"product-type-variable"},"acf":[],"yoast_head":"<!-- This site is optimized with the Yoast SEO plugin v26.4 - https:\/\/yoast.com\/wordpress\/plugins\/seo\/ -->\n<title>Grivel Transformer Bail gabbietta anteriore per trasformare i ramponi in semiautomatici - Sestogrado<\/title>\n<meta name=\"description\" content=\"I Grivel Transformer Bail sono un accessorio per la conversione dei ramponi Grivel da Cramp-O-Matic (automatici per scarponi con bordo anteriore), o sprovvisti di gabbietta anteriore universale, a New Matic (quindi semiautomatici, per scarponi senza bordo anteriore), grazie alla gabbietta in grado di alloggiare qualsiasi scarpone.Vengono forniti in coppia. Migliorati rispetto alla versione precedente C2N Bail, sono ora disponibili in tre taglie, per meglio adattarsi ad ogni scarpone:S (7cm)M (9cm)L (11cm)Compatibile per i modelli Grivel:Air TechAir Tech LightG12G14\" \/>\n<meta name=\"robots\" content=\"index, follow, max-snippet:-1, max-image-preview:large, max-video-preview:-1\" \/>\n<link rel=\"canonical\" href=\"https:\/\/www.sestogrado.it\/it\/prodotto\/grivel-transformer-bail-gabbietta-anteriore-per-trasformare-i-ramponi-in-semiautomatici\/\" \/>\n<meta property=\"og:locale\" content=\"it_IT\" \/>\n<meta property=\"og:type\" content=\"article\" \/>\n<meta property=\"og:title\" content=\"Grivel Transformer Bail gabbietta anteriore per trasformare i ramponi in semiautomatici - Sestogrado\" \/>\n<meta property=\"og:description\" content=\"I Grivel Transformer Bail sono un accessorio per la conversione dei ramponi Grivel da Cramp-O-Matic (automatici per scarponi con bordo anteriore), o sprovvisti di gabbietta anteriore universale, a New Matic (quindi semiautomatici, per scarponi senza bordo anteriore), grazie alla gabbietta in grado di alloggiare qualsiasi scarpone.Vengono forniti in coppia. Migliorati rispetto alla versione precedente C2N Bail, sono ora disponibili in tre taglie, per meglio adattarsi ad ogni scarpone:S (7cm)M (9cm)L (11cm)Compatibile per i modelli Grivel:Air TechAir Tech LightG12G14\" \/>\n<meta property=\"og:url\" content=\"https:\/\/www.sestogrado.it\/it\/prodotto\/grivel-transformer-bail-gabbietta-anteriore-per-trasformare-i-ramponi-in-semiautomatici\/\" \/>\n<meta property=\"og:site_name\" content=\"Sestogrado\" \/>\n<meta property=\"article:publisher\" content=\"https:\/\/www.facebook.com\/pages\/Sestogrado\/1542635979353017?ref=bookmarks\" \/>\n<meta property=\"article:modified_time\" content=\"2026-02-23T23:12:43+00:00\" \/>\n<meta property=\"og:image\" content=\"https:\/\/www.sestogrado.it\/wp-content\/uploads\/2019\/01\/01-8.jpg\" \/>\n\t<meta property=\"og:image:width\" content=\"1400\" \/>\n\t<meta property=\"og:image:height\" content=\"1400\" \/>\n\t<meta property=\"og:image:type\" content=\"image\/jpeg\" \/>\n<meta name=\"twitter:label1\" content=\"Disponibilit\u00e0\" \/>\n\t<meta name=\"twitter:data1\" content=\"In stock\" \/>\n<script type=\"application\/ld+json\" class=\"yoast-schema-graph\">{\"@context\":\"https:\/\/schema.org\",\"@graph\":[{\"@type\":\"WebPage\",\"@id\":\"https:\/\/www.sestogrado.it\/it\/prodotto\/grivel-transformer-bail-gabbietta-anteriore-per-trasformare-i-ramponi-in-semiautomatici\/\",\"url\":\"https:\/\/www.sestogrado.it\/it\/prodotto\/grivel-transformer-bail-gabbietta-anteriore-per-trasformare-i-ramponi-in-semiautomatici\/\",\"name\":\"Grivel Transformer Bail gabbietta anteriore per trasformare i ramponi in semiautomatici - Sestogrado\",\"isPartOf\":{\"@id\":\"https:\/\/www.sestogrado.it\/it\/#website\"},\"primaryImageOfPage\":{\"@id\":\"https:\/\/www.sestogrado.it\/it\/prodotto\/grivel-transformer-bail-gabbietta-anteriore-per-trasformare-i-ramponi-in-semiautomatici\/#primaryimage\"},\"image\":{\"@id\":\"https:\/\/www.sestogrado.it\/prodotto\/grivel-transformer-bail-gabbietta-anteriore-per-trasformare-i-ramponi-in-semiautomatici\/#primaryimage\"},\"thumbnailUrl\":\"https:\/\/www.sestogrado.it\/wp-content\/uploads\/2019\/01\/01-8.jpg\",\"datePublished\":\"2024-02-29T06:09:26+00:00\",\"dateModified\":\"2026-02-23T23:12:43+00:00\",\"description\":\"I Grivel Transformer Bail sono un accessorio per la conversione dei ramponi Grivel da Cramp-O-Matic (automatici per scarponi con bordo anteriore), o sprovvisti di gabbietta anteriore universale, a New Matic (quindi semiautomatici, per scarponi senza bordo anteriore), grazie alla gabbietta in grado di alloggiare qualsiasi scarpone.Vengono forniti in coppia. Migliorati rispetto alla versione precedente C2N Bail, sono ora disponibili in tre taglie, per meglio adattarsi ad ogni scarpone:S (7cm)M (9cm)L (11cm)Compatibile per i modelli Grivel:Air TechAir Tech LightG12G14\",\"breadcrumb\":{\"@id\":\"https:\/\/www.sestogrado.it\/it\/prodotto\/grivel-transformer-bail-gabbietta-anteriore-per-trasformare-i-ramponi-in-semiautomatici\/#breadcrumb\"},\"inLanguage\":\"it-IT\",\"potentialAction\":[{\"@type\":\"ReadAction\",\"target\":[[\"https:\/\/www.sestogrado.it\/it\/prodotto\/grivel-transformer-bail-gabbietta-anteriore-per-trasformare-i-ramponi-in-semiautomatici\/\"]]}]},{\"@type\":\"ImageObject\",\"inLanguage\":\"it-IT\",\"@id\":\"https:\/\/www.sestogrado.it\/it\/prodotto\/grivel-transformer-bail-gabbietta-anteriore-per-trasformare-i-ramponi-in-semiautomatici\/#primaryimage\",\"url\":\"https:\/\/www.sestogrado.it\/wp-content\/uploads\/2019\/01\/01-8.jpg\",\"contentUrl\":\"https:\/\/www.sestogrado.it\/wp-content\/uploads\/2019\/01\/01-8.jpg\",\"width\":1400,\"height\":1400,\"caption\":\"grivel trasformer bail\"},{\"@type\":\"BreadcrumbList\",\"@id\":\"https:\/\/www.sestogrado.it\/it\/prodotto\/grivel-transformer-bail-gabbietta-anteriore-per-trasformare-i-ramponi-in-semiautomatici\/#breadcrumb\",\"itemListElement\":[{\"@type\":\"ListItem\",\"position\":1,\"name\":\"Home\",\"item\":\"https:\/\/www.sestogrado.it\/it\/\"},{\"@type\":\"ListItem\",\"position\":2,\"name\":\"Shop\",\"item\":\"https:\/\/www.sestogrado.it\/it\/shop\/\"},{\"@type\":\"ListItem\",\"position\":3,\"name\":\"Grivel Transformer Bail gabbietta anteriore per trasformare i ramponi in semiautomatici\"}]},{\"@type\":\"WebSite\",\"@id\":\"https:\/\/www.sestogrado.it\/it\/#website\",\"url\":\"https:\/\/www.sestogrado.it\/it\/\",\"name\":\"Sestogrado\",\"description\":\"yes we climb\",\"publisher\":{\"@id\":\"https:\/\/www.sestogrado.it\/it\/#organization\"},\"potentialAction\":[{\"@type\":\"SearchAction\",\"target\":{\"@type\":\"EntryPoint\",\"urlTemplate\":\"https:\/\/www.sestogrado.it\/it\/?s={search_term_string}\"},\"query-input\":{\"@type\":\"PropertyValueSpecification\",\"valueRequired\":true,\"valueName\":\"search_term_string\"}}],\"inLanguage\":\"it-IT\"},{\"@type\":\"Organization\",\"@id\":\"https:\/\/www.sestogrado.it\/it\/#organization\",\"name\":\"Sestogrado\",\"url\":\"https:\/\/www.sestogrado.it\/it\/\",\"logo\":{\"@type\":\"ImageObject\",\"inLanguage\":\"it-IT\",\"@id\":\"https:\/\/www.sestogrado.it\/it\/#\/schema\/logo\/image\/\",\"url\":\"https:\/\/www.sestogrado.it\/wp-content\/uploads\/2015\/03\/sestogrado-favicon.png\",\"contentUrl\":\"https:\/\/www.sestogrado.it\/wp-content\/uploads\/2015\/03\/sestogrado-favicon.png\",\"width\":260,\"height\":260,\"caption\":\"Sestogrado\"},\"image\":{\"@id\":\"https:\/\/www.sestogrado.it\/it\/#\/schema\/logo\/image\/\"},\"sameAs\":[\"https:\/\/www.facebook.com\/pages\/Sestogrado\/1542635979353017?ref=bookmarks\",\"https:\/\/www.youtube.com\/channel\/UC847kAfTkaJsWpc1jtQwr3Q\"],\"hasMerchantReturnPolicy\":{\"@type\":\"MerchantReturnPolicy\",\"merchantReturnLink\":\"https:\/\/www.sestogrado.it\/it\/termini-e-condizioni\/\"}}]}<\/script>\n<meta property=\"product:brand\" content=\"Grivel\" \/>\n<meta property=\"og:availability\" content=\"instock\" \/>\n<meta property=\"product:availability\" content=\"instock\" \/>\n<meta property=\"product:condition\" content=\"new\" \/>\n<!-- \/ Yoast SEO plugin. -->","yoast_head_json":{"title":"Grivel Transformer Bail gabbietta anteriore per trasformare i ramponi in semiautomatici - Sestogrado","description":"I Grivel Transformer Bail sono un accessorio per la conversione dei ramponi Grivel da Cramp-O-Matic (automatici per scarponi con bordo anteriore), o sprovvisti di gabbietta anteriore universale, a New Matic (quindi semiautomatici, per scarponi senza bordo anteriore), grazie alla gabbietta in grado di alloggiare qualsiasi scarpone.Vengono forniti in coppia. Migliorati rispetto alla versione precedente C2N Bail, sono ora disponibili in tre taglie, per meglio adattarsi ad ogni scarpone:S (7cm)M (9cm)L (11cm)Compatibile per i modelli Grivel:Air TechAir Tech LightG12G14","robots":{"index":"index","follow":"follow","max-snippet":"max-snippet:-1","max-image-preview":"max-image-preview:large","max-video-preview":"max-video-preview:-1"},"canonical":"https:\/\/www.sestogrado.it\/it\/prodotto\/grivel-transformer-bail-gabbietta-anteriore-per-trasformare-i-ramponi-in-semiautomatici\/","og_locale":"it_IT","og_type":"article","og_title":"Grivel Transformer Bail gabbietta anteriore per trasformare i ramponi in semiautomatici - Sestogrado","og_description":"I Grivel Transformer Bail sono un accessorio per la conversione dei ramponi Grivel da Cramp-O-Matic (automatici per scarponi con bordo anteriore), o sprovvisti di gabbietta anteriore universale, a New Matic (quindi semiautomatici, per scarponi senza bordo anteriore), grazie alla gabbietta in grado di alloggiare qualsiasi scarpone.Vengono forniti in coppia. Migliorati rispetto alla versione precedente C2N Bail, sono ora disponibili in tre taglie, per meglio adattarsi ad ogni scarpone:S (7cm)M (9cm)L (11cm)Compatibile per i modelli Grivel:Air TechAir Tech LightG12G14","og_url":"https:\/\/www.sestogrado.it\/it\/prodotto\/grivel-transformer-bail-gabbietta-anteriore-per-trasformare-i-ramponi-in-semiautomatici\/","og_site_name":"Sestogrado","article_publisher":"https:\/\/www.facebook.com\/pages\/Sestogrado\/1542635979353017?ref=bookmarks","article_modified_time":"2026-02-23T23:12:43+00:00","og_image":[{"width":1400,"height":1400,"url":"https:\/\/www.sestogrado.it\/wp-content\/uploads\/2019\/01\/01-8.jpg","type":"image\/jpeg"}],"twitter_misc":{"Disponibilit\u00e0":"In stock"},"schema":{"@context":"https:\/\/schema.org","@graph":[{"@type":"WebPage","@id":"https:\/\/www.sestogrado.it\/it\/prodotto\/grivel-transformer-bail-gabbietta-anteriore-per-trasformare-i-ramponi-in-semiautomatici\/","url":"https:\/\/www.sestogrado.it\/it\/prodotto\/grivel-transformer-bail-gabbietta-anteriore-per-trasformare-i-ramponi-in-semiautomatici\/","name":"Grivel Transformer Bail gabbietta anteriore per trasformare i ramponi in semiautomatici - Sestogrado","isPartOf":{"@id":"https:\/\/www.sestogrado.it\/it\/#website"},"primaryImageOfPage":{"@id":"https:\/\/www.sestogrado.it\/it\/prodotto\/grivel-transformer-bail-gabbietta-anteriore-per-trasformare-i-ramponi-in-semiautomatici\/#primaryimage"},"image":{"@id":"https:\/\/www.sestogrado.it\/prodotto\/grivel-transformer-bail-gabbietta-anteriore-per-trasformare-i-ramponi-in-semiautomatici\/#primaryimage"},"thumbnailUrl":"https:\/\/www.sestogrado.it\/wp-content\/uploads\/2019\/01\/01-8.jpg","datePublished":"2024-02-29T06:09:26+00:00","dateModified":"2026-02-23T23:12:43+00:00","description":"I Grivel Transformer Bail sono un accessorio per la conversione dei ramponi Grivel da Cramp-O-Matic (automatici per scarponi con bordo anteriore), o sprovvisti di gabbietta anteriore universale, a New Matic (quindi semiautomatici, per scarponi senza bordo anteriore), grazie alla gabbietta in grado di alloggiare qualsiasi scarpone.Vengono forniti in coppia. Migliorati rispetto alla versione precedente C2N Bail, sono ora disponibili in tre taglie, per meglio adattarsi ad ogni scarpone:S (7cm)M (9cm)L (11cm)Compatibile per i modelli Grivel:Air TechAir Tech LightG12G14","breadcrumb":{"@id":"https:\/\/www.sestogrado.it\/it\/prodotto\/grivel-transformer-bail-gabbietta-anteriore-per-trasformare-i-ramponi-in-semiautomatici\/#breadcrumb"},"inLanguage":"it-IT","potentialAction":[{"@type":"ReadAction","target":[["https:\/\/www.sestogrado.it\/it\/prodotto\/grivel-transformer-bail-gabbietta-anteriore-per-trasformare-i-ramponi-in-semiautomatici\/"]]}]},{"@type":"ImageObject","inLanguage":"it-IT","@id":"https:\/\/www.sestogrado.it\/it\/prodotto\/grivel-transformer-bail-gabbietta-anteriore-per-trasformare-i-ramponi-in-semiautomatici\/#primaryimage","url":"https:\/\/www.sestogrado.it\/wp-content\/uploads\/2019\/01\/01-8.jpg","contentUrl":"https:\/\/www.sestogrado.it\/wp-content\/uploads\/2019\/01\/01-8.jpg","width":1400,"height":1400,"caption":"grivel trasformer bail"},{"@type":"BreadcrumbList","@id":"https:\/\/www.sestogrado.it\/it\/prodotto\/grivel-transformer-bail-gabbietta-anteriore-per-trasformare-i-ramponi-in-semiautomatici\/#breadcrumb","itemListElement":[{"@type":"ListItem","position":1,"name":"Home","item":"https:\/\/www.sestogrado.it\/it\/"},{"@type":"ListItem","position":2,"name":"Shop","item":"https:\/\/www.sestogrado.it\/it\/shop\/"},{"@type":"ListItem","position":3,"name":"Grivel Transformer Bail gabbietta anteriore per trasformare i ramponi in semiautomatici"}]},{"@type":"WebSite","@id":"https:\/\/www.sestogrado.it\/it\/#website","url":"https:\/\/www.sestogrado.it\/it\/","name":"Sestogrado","description":"yes we climb","publisher":{"@id":"https:\/\/www.sestogrado.it\/it\/#organization"},"potentialAction":[{"@type":"SearchAction","target":{"@type":"EntryPoint","urlTemplate":"https:\/\/www.sestogrado.it\/it\/?s={search_term_string}"},"query-input":{"@type":"PropertyValueSpecification","valueRequired":true,"valueName":"search_term_string"}}],"inLanguage":"it-IT"},{"@type":"Organization","@id":"https:\/\/www.sestogrado.it\/it\/#organization","name":"Sestogrado","url":"https:\/\/www.sestogrado.it\/it\/","logo":{"@type":"ImageObject","inLanguage":"it-IT","@id":"https:\/\/www.sestogrado.it\/it\/#\/schema\/logo\/image\/","url":"https:\/\/www.sestogrado.it\/wp-content\/uploads\/2015\/03\/sestogrado-favicon.png","contentUrl":"https:\/\/www.sestogrado.it\/wp-content\/uploads\/2015\/03\/sestogrado-favicon.png","width":260,"height":260,"caption":"Sestogrado"},"image":{"@id":"https:\/\/www.sestogrado.it\/it\/#\/schema\/logo\/image\/"},"sameAs":["https:\/\/www.facebook.com\/pages\/Sestogrado\/1542635979353017?ref=bookmarks","https:\/\/www.youtube.com\/channel\/UC847kAfTkaJsWpc1jtQwr3Q"],"hasMerchantReturnPolicy":{"@type":"MerchantReturnPolicy","merchantReturnLink":"https:\/\/www.sestogrado.it\/it\/termini-e-condizioni\/"}}]},"product_brand":"Grivel","og_availability":"instock","product_availability":"instock","product_condition":"new"},"_links":{"self":[{"href":"https:\/\/www.sestogrado.it\/it\/wp-json\/wp\/v2\/product\/19350","targetHints":{"allow":["GET"]}}],"collection":[{"href":"https:\/\/www.sestogrado.it\/it\/wp-json\/wp\/v2\/product"}],"about":[{"href":"https:\/\/www.sestogrado.it\/it\/wp-json\/wp\/v2\/types\/product"}],"replies":[{"embeddable":true,"href":"https:\/\/www.sestogrado.it\/it\/wp-json\/wp\/v2\/comments?post=19350"}],"wp:featuredmedia":[{"embeddable":true,"href":"https:\/\/www.sestogrado.it\/it\/wp-json\/wp\/v2\/media\/156637"}],"wp:attachment":[{"href":"https:\/\/www.sestogrado.it\/it\/wp-json\/wp\/v2\/media?parent=19350"}],"wp:term":[{"taxonomy":"product_brand","embeddable":true,"href":"https:\/\/www.sestogrado.it\/it\/wp-json\/wp\/v2\/product_brand?post=19350"},{"taxonomy":"product_cat","embeddable":true,"href":"https:\/\/www.sestogrado.it\/it\/wp-json\/wp\/v2\/product_cat?post=19350"},{"taxonomy":"product_tag","embeddable":true,"href":"https:\/\/www.sestogrado.it\/it\/wp-json\/wp\/v2\/product_tag?post=19350"}],"curies":[{"name":"wp","href":"https:\/\/api.w.org\/{rel}","templated":true}]}}