{"id":1929,"date":"2015-07-08T08:59:00","date_gmt":"2015-07-08T06:59:00","guid":{"rendered":"http:\/\/www.sestogrado.it\/?post_type=product&#038;p=1929"},"modified":"2026-05-10T15:36:36","modified_gmt":"2026-05-10T13:36:36","slug":"black-diamond-atc-guide-assicuratore-discensore","status":"publish","type":"product","link":"https:\/\/www.sestogrado.it\/it\/prodotto\/black-diamond-atc-guide-assicuratore-discensore\/","title":{"rendered":"Black Diamond ATC Guide assicuratore discensore secchiello"},"content":{"rendered":"<p>Il Black Diamond ATC GUIDE \u00e8 il capostipite dei secchielli con funzionalit\u00e0 sia assicuratore sia discensore.<\/p>\n<p>Design ultraleggero, due modalit\u00e0 di frenaggio\u00a0e la modalit\u00e0 &#8220;guide&#8221; con cui si assicura un secondo in modalit\u00e0 auto bloccante dall&#8217;alto, fanno dell&#8217;ATC GUIDE un prodotto all around valido per molteplici situazioni in falesia e in montagna.<\/p>\n<p>Nell&#8217;ultima versione, il corpo \u00e8 stato reso pi\u00f9 sottile e leggero, il buco per collegare l\u2019ATC GUIDE alla sosta \u00e8 stato ovalizzato per rendere pi\u00f9 maneggevole l\u2019utilizzo in sicura dall\u2019alto. E\u2019 pi\u00f9 facile dare e recuperare corda.<\/p>\n<p>Molteplici possibilit\u00e0 di frenaggio forniscono la migliore forza frenante quando si effettua sicura o quando si effettuano calate in corda doppia con dispositivo in modalit\u00e0 discensore.<\/p>\n<ul>\n<li>Diverse possibilit\u00e0 di frenaggio modalit\u00e0 sicura e discensore<\/li>\n<li>Peso ridotto, soli 80g<\/li>\n<li>Modalit\u00e0 GUIDE con uno o due climbers<\/li>\n<li>Ampio buco ovalizzato per rendere le manovre di corda pi\u00f9 facili<\/li>\n<li>Il buco per sbloccare l\u2019autobloccaggio del ATC in modalit\u00e0 Guide, accetta moschettoni di piccole dimensioni<\/li>\n<li>Costruito con fusione a caldo per maggiore durata e resistenza<\/li>\n<li>Omologato per mezze corde\/gemelle da 8.1 a 11mm, corde singole da 8.9 a 11mm<\/li>\n<\/ul>\n<p>&nbsp;<\/p>\n<p>L\u2019assicuratore versatile per eccellenza, il Black Diamond ATC Guide \u00e8 un dispositivo polivalente, compatto, leggero e facile da portare.<\/p>\n<p>&nbsp;<\/p>\n<p>Black Diamond dal 1957 rappresenta un punto di riferimento mondiale per l&#8217;attrezzatura da arrampicata. Ci\u00f2 che all&#8217;inizio era una attivit\u00e0 artigianale con incudine e martello oggi si \u00e8 trasformata in una societ\u00e0 globale con uffici in tre continenti. Il segreto di Black Diamond \u00e8 sempre lo stesso: essere una societ\u00e0 formata da appassionati climber. In Black Diamond si continua a sognare su ci\u00f2 che potrebbe essere e si continua ad essere critici su ci\u00f2 che esiste. E&#8217; cos\u00ec che il processo creativo per la realizzazione della migliore attrezzatura da arrampicata non avr\u00e0 mai fine.<\/p>","protected":false},"excerpt":{"rendered":"<p>Il Black Diamond ATC GUIDE \u00e8 il capostipite dei secchielli con funzionalit\u00e0 sia assicuratore sia discensore. Design ultraleggero, due modalit\u00e0 [&hellip;]<\/p>\n","protected":false},"featured_media":31418,"comment_status":"open","ping_status":"closed","template":"","meta":{"_acf_changed":false},"product_brand":[121],"product_cat":[17,134],"product_tag":[],"class_list":{"0":"post-1929","1":"product","2":"type-product","3":"status-publish","4":"has-post-thumbnail","6":"product_brand-black-diamond","7":"product_cat-ferramenta","8":"product_cat-assicuratori","10":"first","11":"instock","12":"sale","13":"taxable","14":"shipping-taxable","15":"purchasable","16":"product-type-simple"},"acf":[],"yoast_head":"<!-- This site is optimized with the Yoast SEO plugin v26.4 - https:\/\/yoast.com\/wordpress\/plugins\/seo\/ -->\n<title>Black Diamond ATC Guide assicuratore discensore secchiello - Sestogrado<\/title>\n<meta name=\"description\" content=\"Il Black Diamond ATC GUIDE \u00e8 il capostipite dei secchielli con funzionalit\u00e0 sia assicuratore sia discensore.Design ultraleggero, due modalit\u00e0 di frenaggio\u00a0e la modalit\u00e0 &quot;guide&quot; con cui si assicura un secondo in modalit\u00e0 auto bloccante dall&#039;alto, fanno dell&#039;ATC GUIDE un prodotto all around valido per molteplici situazioni in falesia e in montagna.Nell&#039;ultima versione, il corpo \u00e8 stato reso pi\u00f9 sottile e leggero, il buco per collegare l\u2019ATC GUIDE alla sosta \u00e8 stato ovalizzato per rendere pi\u00f9 maneggevole l\u2019utilizzo in sicura dall\u2019alto. E\u2019 pi\u00f9 facile dare e recuperare corda.Molteplici possibilit\u00e0 di frenaggio forniscono la migliore forza frenante quando si effettua sicura o quando si effettuano calate in corda doppia con dispositivo in modalit\u00e0 discensore.\" \/>\n<meta name=\"robots\" content=\"index, follow, max-snippet:-1, max-image-preview:large, max-video-preview:-1\" \/>\n<link rel=\"canonical\" href=\"https:\/\/www.sestogrado.it\/it\/prodotto\/black-diamond-atc-guide-assicuratore-discensore\/\" \/>\n<meta property=\"og:locale\" content=\"it_IT\" \/>\n<meta property=\"og:type\" content=\"article\" \/>\n<meta property=\"og:title\" content=\"Black Diamond ATC Guide assicuratore discensore secchiello - Sestogrado\" \/>\n<meta property=\"og:description\" content=\"Il Black Diamond ATC GUIDE \u00e8 il capostipite dei secchielli con funzionalit\u00e0 sia assicuratore sia discensore.Design ultraleggero, due modalit\u00e0 di frenaggio\u00a0e la modalit\u00e0 &quot;guide&quot; con cui si assicura un secondo in modalit\u00e0 auto bloccante dall&#039;alto, fanno dell&#039;ATC GUIDE un prodotto all around valido per molteplici situazioni in falesia e in montagna.Nell&#039;ultima versione, il corpo \u00e8 stato reso pi\u00f9 sottile e leggero, il buco per collegare l\u2019ATC GUIDE alla sosta \u00e8 stato ovalizzato per rendere pi\u00f9 maneggevole l\u2019utilizzo in sicura dall\u2019alto. E\u2019 pi\u00f9 facile dare e recuperare corda.Molteplici possibilit\u00e0 di frenaggio forniscono la migliore forza frenante quando si effettua sicura o quando si effettuano calate in corda doppia con dispositivo in modalit\u00e0 discensore.\" \/>\n<meta property=\"og:url\" content=\"https:\/\/www.sestogrado.it\/it\/prodotto\/black-diamond-atc-guide-assicuratore-discensore\/\" \/>\n<meta property=\"og:site_name\" content=\"Sestogrado\" \/>\n<meta property=\"article:publisher\" content=\"https:\/\/www.facebook.com\/pages\/Sestogrado\/1542635979353017?ref=bookmarks\" \/>\n<meta property=\"article:modified_time\" content=\"2026-05-10T13:36:36+00:00\" \/>\n<meta property=\"og:image\" content=\"https:\/\/www.sestogrado.it\/wp-content\/uploads\/2015\/07\/black.jpg\" \/>\n\t<meta property=\"og:image:width\" content=\"600\" \/>\n\t<meta property=\"og:image:height\" content=\"540\" \/>\n\t<meta property=\"og:image:type\" content=\"image\/jpeg\" \/>\n<meta name=\"twitter:label1\" content=\"Prezzo\" \/>\n\t<meta name=\"twitter:data1\" content=\"&euro;&nbsp;27,90\" \/>\n\t<meta name=\"twitter:label2\" content=\"Disponibilit\u00e0\" \/>\n\t<meta name=\"twitter:data2\" content=\"In stock\" \/>\n<script type=\"application\/ld+json\" class=\"yoast-schema-graph\">{\"@context\":\"https:\/\/schema.org\",\"@graph\":[{\"@type\":\"WebPage\",\"@id\":\"https:\/\/www.sestogrado.it\/it\/prodotto\/black-diamond-atc-guide-assicuratore-discensore\/\",\"url\":\"https:\/\/www.sestogrado.it\/it\/prodotto\/black-diamond-atc-guide-assicuratore-discensore\/\",\"name\":\"Black Diamond ATC Guide assicuratore discensore secchiello - Sestogrado\",\"isPartOf\":{\"@id\":\"https:\/\/www.sestogrado.it\/it\/#website\"},\"primaryImageOfPage\":{\"@id\":\"https:\/\/www.sestogrado.it\/it\/prodotto\/black-diamond-atc-guide-assicuratore-discensore\/#primaryimage\"},\"image\":{\"@id\":\"https:\/\/www.sestogrado.it\/prodotto\/black-diamond-atc-guide-assicuratore-discensore\/#primaryimage\"},\"thumbnailUrl\":\"https:\/\/www.sestogrado.it\/wp-content\/uploads\/2015\/07\/black.jpg\",\"datePublished\":\"2015-07-08T06:59:00+00:00\",\"dateModified\":\"2026-05-10T13:36:36+00:00\",\"description\":\"Il Black Diamond ATC GUIDE \u00e8 il capostipite dei secchielli con funzionalit\u00e0 sia assicuratore sia discensore.Design ultraleggero, due modalit\u00e0 di frenaggio\u00a0e la modalit\u00e0 \\\"guide\\\" con cui si assicura un secondo in modalit\u00e0 auto bloccante dall'alto, fanno dell'ATC GUIDE un prodotto all around valido per molteplici situazioni in falesia e in montagna.Nell'ultima versione, il corpo \u00e8 stato reso pi\u00f9 sottile e leggero, il buco per collegare l\u2019ATC GUIDE alla sosta \u00e8 stato ovalizzato per rendere pi\u00f9 maneggevole l\u2019utilizzo in sicura dall\u2019alto. E\u2019 pi\u00f9 facile dare e recuperare corda.Molteplici possibilit\u00e0 di frenaggio forniscono la migliore forza frenante quando si effettua sicura o quando si effettuano calate in corda doppia con dispositivo in modalit\u00e0 discensore.\",\"breadcrumb\":{\"@id\":\"https:\/\/www.sestogrado.it\/it\/prodotto\/black-diamond-atc-guide-assicuratore-discensore\/#breadcrumb\"},\"inLanguage\":\"it-IT\",\"potentialAction\":[{\"@type\":\"ReadAction\",\"target\":[[\"https:\/\/www.sestogrado.it\/it\/prodotto\/black-diamond-atc-guide-assicuratore-discensore\/\"]]}]},{\"@type\":\"ImageObject\",\"inLanguage\":\"it-IT\",\"@id\":\"https:\/\/www.sestogrado.it\/it\/prodotto\/black-diamond-atc-guide-assicuratore-discensore\/#primaryimage\",\"url\":\"https:\/\/www.sestogrado.it\/wp-content\/uploads\/2015\/07\/black.jpg\",\"contentUrl\":\"https:\/\/www.sestogrado.it\/wp-content\/uploads\/2015\/07\/black.jpg\",\"width\":600,\"height\":540,\"caption\":\"atc guide black\"},{\"@type\":\"BreadcrumbList\",\"@id\":\"https:\/\/www.sestogrado.it\/it\/prodotto\/black-diamond-atc-guide-assicuratore-discensore\/#breadcrumb\",\"itemListElement\":[{\"@type\":\"ListItem\",\"position\":1,\"name\":\"Home\",\"item\":\"https:\/\/www.sestogrado.it\/it\/\"},{\"@type\":\"ListItem\",\"position\":2,\"name\":\"Shop\",\"item\":\"https:\/\/www.sestogrado.it\/it\/shop\/\"},{\"@type\":\"ListItem\",\"position\":3,\"name\":\"Black Diamond ATC Guide assicuratore discensore secchiello\"}]},{\"@type\":\"WebSite\",\"@id\":\"https:\/\/www.sestogrado.it\/it\/#website\",\"url\":\"https:\/\/www.sestogrado.it\/it\/\",\"name\":\"Sestogrado\",\"description\":\"yes we climb\",\"publisher\":{\"@id\":\"https:\/\/www.sestogrado.it\/it\/#organization\"},\"potentialAction\":[{\"@type\":\"SearchAction\",\"target\":{\"@type\":\"EntryPoint\",\"urlTemplate\":\"https:\/\/www.sestogrado.it\/it\/?s={search_term_string}\"},\"query-input\":{\"@type\":\"PropertyValueSpecification\",\"valueRequired\":true,\"valueName\":\"search_term_string\"}}],\"inLanguage\":\"it-IT\"},{\"@type\":\"Organization\",\"@id\":\"https:\/\/www.sestogrado.it\/it\/#organization\",\"name\":\"Sestogrado\",\"url\":\"https:\/\/www.sestogrado.it\/it\/\",\"logo\":{\"@type\":\"ImageObject\",\"inLanguage\":\"it-IT\",\"@id\":\"https:\/\/www.sestogrado.it\/it\/#\/schema\/logo\/image\/\",\"url\":\"https:\/\/www.sestogrado.it\/wp-content\/uploads\/2015\/03\/sestogrado-favicon.png\",\"contentUrl\":\"https:\/\/www.sestogrado.it\/wp-content\/uploads\/2015\/03\/sestogrado-favicon.png\",\"width\":260,\"height\":260,\"caption\":\"Sestogrado\"},\"image\":{\"@id\":\"https:\/\/www.sestogrado.it\/it\/#\/schema\/logo\/image\/\"},\"sameAs\":[\"https:\/\/www.facebook.com\/pages\/Sestogrado\/1542635979353017?ref=bookmarks\",\"https:\/\/www.youtube.com\/channel\/UC847kAfTkaJsWpc1jtQwr3Q\"],\"hasMerchantReturnPolicy\":{\"@type\":\"MerchantReturnPolicy\",\"merchantReturnLink\":\"https:\/\/www.sestogrado.it\/it\/termini-e-condizioni\/\"}}]}<\/script>\n<meta property=\"product:brand\" content=\"Black Diamond\" \/>\n<meta property=\"product:price:amount\" content=\"27.90\" \/>\n<meta property=\"product:price:currency\" content=\"EUR\" \/>\n<meta property=\"og:availability\" content=\"instock\" \/>\n<meta property=\"product:availability\" content=\"instock\" \/>\n<meta property=\"product:condition\" content=\"new\" \/>\n<!-- \/ Yoast SEO plugin. -->","yoast_head_json":{"title":"Black Diamond ATC Guide assicuratore discensore secchiello - Sestogrado","description":"Il Black Diamond ATC GUIDE \u00e8 il capostipite dei secchielli con funzionalit\u00e0 sia assicuratore sia discensore.Design ultraleggero, due modalit\u00e0 di frenaggio\u00a0e la modalit\u00e0 \"guide\" con cui si assicura un secondo in modalit\u00e0 auto bloccante dall'alto, fanno dell'ATC GUIDE un prodotto all around valido per molteplici situazioni in falesia e in montagna.Nell'ultima versione, il corpo \u00e8 stato reso pi\u00f9 sottile e leggero, il buco per collegare l\u2019ATC GUIDE alla sosta \u00e8 stato ovalizzato per rendere pi\u00f9 maneggevole l\u2019utilizzo in sicura dall\u2019alto. E\u2019 pi\u00f9 facile dare e recuperare corda.Molteplici possibilit\u00e0 di frenaggio forniscono la migliore forza frenante quando si effettua sicura o quando si effettuano calate in corda doppia con dispositivo in modalit\u00e0 discensore.","robots":{"index":"index","follow":"follow","max-snippet":"max-snippet:-1","max-image-preview":"max-image-preview:large","max-video-preview":"max-video-preview:-1"},"canonical":"https:\/\/www.sestogrado.it\/it\/prodotto\/black-diamond-atc-guide-assicuratore-discensore\/","og_locale":"it_IT","og_type":"article","og_title":"Black Diamond ATC Guide assicuratore discensore secchiello - Sestogrado","og_description":"Il Black Diamond ATC GUIDE \u00e8 il capostipite dei secchielli con funzionalit\u00e0 sia assicuratore sia discensore.Design ultraleggero, due modalit\u00e0 di frenaggio\u00a0e la modalit\u00e0 \"guide\" con cui si assicura un secondo in modalit\u00e0 auto bloccante dall'alto, fanno dell'ATC GUIDE un prodotto all around valido per molteplici situazioni in falesia e in montagna.Nell'ultima versione, il corpo \u00e8 stato reso pi\u00f9 sottile e leggero, il buco per collegare l\u2019ATC GUIDE alla sosta \u00e8 stato ovalizzato per rendere pi\u00f9 maneggevole l\u2019utilizzo in sicura dall\u2019alto. E\u2019 pi\u00f9 facile dare e recuperare corda.Molteplici possibilit\u00e0 di frenaggio forniscono la migliore forza frenante quando si effettua sicura o quando si effettuano calate in corda doppia con dispositivo in modalit\u00e0 discensore.","og_url":"https:\/\/www.sestogrado.it\/it\/prodotto\/black-diamond-atc-guide-assicuratore-discensore\/","og_site_name":"Sestogrado","article_publisher":"https:\/\/www.facebook.com\/pages\/Sestogrado\/1542635979353017?ref=bookmarks","article_modified_time":"2026-05-10T13:36:36+00:00","og_image":[{"width":600,"height":540,"url":"https:\/\/www.sestogrado.it\/wp-content\/uploads\/2015\/07\/black.jpg","type":"image\/jpeg"}],"twitter_misc":{"Prezzo":"&euro;&nbsp;27,90","Disponibilit\u00e0":"In stock"},"schema":{"@context":"https:\/\/schema.org","@graph":[{"@type":"WebPage","@id":"https:\/\/www.sestogrado.it\/it\/prodotto\/black-diamond-atc-guide-assicuratore-discensore\/","url":"https:\/\/www.sestogrado.it\/it\/prodotto\/black-diamond-atc-guide-assicuratore-discensore\/","name":"Black Diamond ATC Guide assicuratore discensore secchiello - Sestogrado","isPartOf":{"@id":"https:\/\/www.sestogrado.it\/it\/#website"},"primaryImageOfPage":{"@id":"https:\/\/www.sestogrado.it\/it\/prodotto\/black-diamond-atc-guide-assicuratore-discensore\/#primaryimage"},"image":{"@id":"https:\/\/www.sestogrado.it\/prodotto\/black-diamond-atc-guide-assicuratore-discensore\/#primaryimage"},"thumbnailUrl":"https:\/\/www.sestogrado.it\/wp-content\/uploads\/2015\/07\/black.jpg","datePublished":"2015-07-08T06:59:00+00:00","dateModified":"2026-05-10T13:36:36+00:00","description":"Il Black Diamond ATC GUIDE \u00e8 il capostipite dei secchielli con funzionalit\u00e0 sia assicuratore sia discensore.Design ultraleggero, due modalit\u00e0 di frenaggio\u00a0e la modalit\u00e0 \"guide\" con cui si assicura un secondo in modalit\u00e0 auto bloccante dall'alto, fanno dell'ATC GUIDE un prodotto all around valido per molteplici situazioni in falesia e in montagna.Nell'ultima versione, il corpo \u00e8 stato reso pi\u00f9 sottile e leggero, il buco per collegare l\u2019ATC GUIDE alla sosta \u00e8 stato ovalizzato per rendere pi\u00f9 maneggevole l\u2019utilizzo in sicura dall\u2019alto. E\u2019 pi\u00f9 facile dare e recuperare corda.Molteplici possibilit\u00e0 di frenaggio forniscono la migliore forza frenante quando si effettua sicura o quando si effettuano calate in corda doppia con dispositivo in modalit\u00e0 discensore.","breadcrumb":{"@id":"https:\/\/www.sestogrado.it\/it\/prodotto\/black-diamond-atc-guide-assicuratore-discensore\/#breadcrumb"},"inLanguage":"it-IT","potentialAction":[{"@type":"ReadAction","target":[["https:\/\/www.sestogrado.it\/it\/prodotto\/black-diamond-atc-guide-assicuratore-discensore\/"]]}]},{"@type":"ImageObject","inLanguage":"it-IT","@id":"https:\/\/www.sestogrado.it\/it\/prodotto\/black-diamond-atc-guide-assicuratore-discensore\/#primaryimage","url":"https:\/\/www.sestogrado.it\/wp-content\/uploads\/2015\/07\/black.jpg","contentUrl":"https:\/\/www.sestogrado.it\/wp-content\/uploads\/2015\/07\/black.jpg","width":600,"height":540,"caption":"atc guide black"},{"@type":"BreadcrumbList","@id":"https:\/\/www.sestogrado.it\/it\/prodotto\/black-diamond-atc-guide-assicuratore-discensore\/#breadcrumb","itemListElement":[{"@type":"ListItem","position":1,"name":"Home","item":"https:\/\/www.sestogrado.it\/it\/"},{"@type":"ListItem","position":2,"name":"Shop","item":"https:\/\/www.sestogrado.it\/it\/shop\/"},{"@type":"ListItem","position":3,"name":"Black Diamond ATC Guide assicuratore discensore secchiello"}]},{"@type":"WebSite","@id":"https:\/\/www.sestogrado.it\/it\/#website","url":"https:\/\/www.sestogrado.it\/it\/","name":"Sestogrado","description":"yes we climb","publisher":{"@id":"https:\/\/www.sestogrado.it\/it\/#organization"},"potentialAction":[{"@type":"SearchAction","target":{"@type":"EntryPoint","urlTemplate":"https:\/\/www.sestogrado.it\/it\/?s={search_term_string}"},"query-input":{"@type":"PropertyValueSpecification","valueRequired":true,"valueName":"search_term_string"}}],"inLanguage":"it-IT"},{"@type":"Organization","@id":"https:\/\/www.sestogrado.it\/it\/#organization","name":"Sestogrado","url":"https:\/\/www.sestogrado.it\/it\/","logo":{"@type":"ImageObject","inLanguage":"it-IT","@id":"https:\/\/www.sestogrado.it\/it\/#\/schema\/logo\/image\/","url":"https:\/\/www.sestogrado.it\/wp-content\/uploads\/2015\/03\/sestogrado-favicon.png","contentUrl":"https:\/\/www.sestogrado.it\/wp-content\/uploads\/2015\/03\/sestogrado-favicon.png","width":260,"height":260,"caption":"Sestogrado"},"image":{"@id":"https:\/\/www.sestogrado.it\/it\/#\/schema\/logo\/image\/"},"sameAs":["https:\/\/www.facebook.com\/pages\/Sestogrado\/1542635979353017?ref=bookmarks","https:\/\/www.youtube.com\/channel\/UC847kAfTkaJsWpc1jtQwr3Q"],"hasMerchantReturnPolicy":{"@type":"MerchantReturnPolicy","merchantReturnLink":"https:\/\/www.sestogrado.it\/it\/termini-e-condizioni\/"}}]},"product_brand":"Black Diamond","product_price_amount":"27.90","product_price_currency":"EUR","og_availability":"instock","product_availability":"instock","product_condition":"new"},"_links":{"self":[{"href":"https:\/\/www.sestogrado.it\/it\/wp-json\/wp\/v2\/product\/1929","targetHints":{"allow":["GET"]}}],"collection":[{"href":"https:\/\/www.sestogrado.it\/it\/wp-json\/wp\/v2\/product"}],"about":[{"href":"https:\/\/www.sestogrado.it\/it\/wp-json\/wp\/v2\/types\/product"}],"replies":[{"embeddable":true,"href":"https:\/\/www.sestogrado.it\/it\/wp-json\/wp\/v2\/comments?post=1929"}],"wp:featuredmedia":[{"embeddable":true,"href":"https:\/\/www.sestogrado.it\/it\/wp-json\/wp\/v2\/media\/31418"}],"wp:attachment":[{"href":"https:\/\/www.sestogrado.it\/it\/wp-json\/wp\/v2\/media?parent=1929"}],"wp:term":[{"taxonomy":"product_brand","embeddable":true,"href":"https:\/\/www.sestogrado.it\/it\/wp-json\/wp\/v2\/product_brand?post=1929"},{"taxonomy":"product_cat","embeddable":true,"href":"https:\/\/www.sestogrado.it\/it\/wp-json\/wp\/v2\/product_cat?post=1929"},{"taxonomy":"product_tag","embeddable":true,"href":"https:\/\/www.sestogrado.it\/it\/wp-json\/wp\/v2\/product_tag?post=1929"}],"curies":[{"name":"wp","href":"https:\/\/api.w.org\/{rel}","templated":true}]}}