{"id":19236,"date":"2019-01-16T11:29:08","date_gmt":"2019-01-16T10:29:08","guid":{"rendered":"https:\/\/www.sestogrado.it\/?post_type=product&#038;p=19236"},"modified":"2026-04-28T02:18:39","modified_gmt":"2026-04-28T00:18:39","slug":"beal-pulp-rinvio-rinvii-arrampicata","status":"publish","type":"product","link":"https:\/\/www.sestogrado.it\/it\/prodotto\/beal-pulp-rinvio-rinvii-arrampicata\/","title":{"rendered":"Beal Pulp rinvio rinvii arrampicata"},"content":{"rendered":"<p>Il Beal Pulp \u00e8 un rinvio da 11cm perfetto per l&#8217;arrampicata sportiva. Il Pulp \u00e8 composto da una fettuccia in nylon spessa 16mm e da due moschettoni a filo, in grado di offrire leggerezza e facilit\u00e0 di moschettonaggio.<\/p>\n<p>Il Beal Pulp \u00e8 dotato su lato roccia del moschettone &#8220;space wire&#8221;, con leva a filo, robusto e facile da maneggiare per l&#8217;inserimento sullo spit, mentre lato corda \u00e8 dotato del moschettone &#8220;cosmo wire&#8221;, sempre a filo e con una forma ottimizzata per l&#8217;inserimento della corda. Il cosmo wire \u00e8 dotato del sistema Rubbiner, in grado di garantire il corretto\u00a0posizionamento del moschettone sulla fettuccia.<\/p>\n<ul>\n<li>robusto e leggero con moschettoni ampi (90g l&#8217;intero rinvio)<\/li>\n<li>fettuccia in nylon tubolare spessa 16mm, durevole e facile da impugnare<\/li>\n<li>moschettone space wire resistente e facile da maneggiare, cosmo wire per un clip-in della corda senza pensieri<\/li>\n<li>sistema Rubbiner per garantire il corretto posizionamento del moschettone sulla fettuccia e una perfetta ripartizione dei carichi<\/li>\n<\/ul>\n<p>Solido e maneggevole, il Beal Pulp \u00e8 un rinvio ideale per l&#8217;arrampicata sportiva, con una fettuccia in nylon pratica da impugnare e con i moschettoni che facilitano la rinviata.<\/p>\n<p>&nbsp;<\/p>\n<p>&nbsp;<\/p>\n<p>Beal \u00e8 leader mondiale nella produzione di corde arrampicata da montagna grazie ad un avanzato sviluppo tecnologico nel processo \u00a0di fabbricazione che gli \u00e8 valso il certificato Iso 9001. Sempre attento alle esigenze degli arrampicatori, \u00e8 stata in grado di apportare dinamicit\u00e0 alla pratica dell\u2019arrampicata grazie ad un\u2019intensa attivit\u00e0 di ricerca. In particolare, Black Limit, Program System, trattamento Dry Cover, imbragature Aero, tecnologia Unicore.<\/p>\n","protected":false},"excerpt":{"rendered":"<p>Il Beal Pulp \u00e8 un rinvio da 11cm perfetto per l&#8217;arrampicata sportiva. Il Pulp \u00e8 composto da una fettuccia in [&hellip;]<\/p>\n","protected":false},"featured_media":19237,"comment_status":"open","ping_status":"closed","template":"","meta":{"_acf_changed":false},"product_brand":[84],"product_cat":[133],"product_tag":[486],"class_list":{"0":"post-19236","1":"product","2":"type-product","3":"status-publish","4":"has-post-thumbnail","6":"product_brand-beal","7":"product_cat-rinvii","8":"product_tag-rinvio-arrampicata","10":"first","11":"instock","12":"sale","13":"taxable","14":"shipping-taxable","15":"purchasable","16":"product-type-variable"},"acf":[],"yoast_head":"<!-- This site is optimized with the Yoast SEO plugin v26.4 - https:\/\/yoast.com\/wordpress\/plugins\/seo\/ -->\n<title>Beal Pulp rinvio rinvii arrampicata - Sestogrado<\/title>\n<meta name=\"description\" content=\"Il Beal Pulp \u00e8 un rinvio da 11cm perfetto per l&#039;arrampicata sportiva. Il Pulp \u00e8 composto da una fettuccia in nylon spessa 16mm e da due moschettoni a filo, in grado di offrire leggerezza e facilit\u00e0 di moschettonaggio. Il Beal Pulp \u00e8 dotato su lato roccia del moschettone &quot;space wire&quot;, con leva a filo. Solido e maneggevole, il Beal Pulp \u00e8 un rinvio ideale per l&#039;arrampicata sportiva, con una fettuccia in nylon pratica da impugnare e con i moschettoni che facilitano la rinviata.\" \/>\n<meta name=\"robots\" content=\"index, follow, max-snippet:-1, max-image-preview:large, max-video-preview:-1\" \/>\n<link rel=\"canonical\" href=\"https:\/\/www.sestogrado.it\/it\/prodotto\/beal-pulp-rinvio-rinvii-arrampicata\/\" \/>\n<meta property=\"og:locale\" content=\"it_IT\" \/>\n<meta property=\"og:type\" content=\"article\" \/>\n<meta property=\"og:title\" content=\"Beal Pulp rinvio rinvii arrampicata - Sestogrado\" \/>\n<meta property=\"og:description\" content=\"Il Beal Pulp \u00e8 un rinvio da 11cm perfetto per l&#039;arrampicata sportiva. Il Pulp \u00e8 composto da una fettuccia in nylon spessa 16mm e da due moschettoni a filo, in grado di offrire leggerezza e facilit\u00e0 di moschettonaggio. Il Beal Pulp \u00e8 dotato su lato roccia del moschettone &quot;space wire&quot;, con leva a filo. Solido e maneggevole, il Beal Pulp \u00e8 un rinvio ideale per l&#039;arrampicata sportiva, con una fettuccia in nylon pratica da impugnare e con i moschettoni che facilitano la rinviata.\" \/>\n<meta property=\"og:url\" content=\"https:\/\/www.sestogrado.it\/it\/prodotto\/beal-pulp-rinvio-rinvii-arrampicata\/\" \/>\n<meta property=\"og:site_name\" content=\"Sestogrado\" \/>\n<meta property=\"article:publisher\" content=\"https:\/\/www.facebook.com\/pages\/Sestogrado\/1542635979353017?ref=bookmarks\" \/>\n<meta property=\"article:modified_time\" content=\"2026-04-28T00:18:39+00:00\" \/>\n<meta property=\"og:image\" content=\"https:\/\/www.sestogrado.it\/wp-content\/uploads\/2019\/01\/01bis.jpg\" \/>\n\t<meta property=\"og:image:width\" content=\"1271\" \/>\n\t<meta property=\"og:image:height\" content=\"1271\" \/>\n\t<meta property=\"og:image:type\" content=\"image\/jpeg\" \/>\n<meta name=\"twitter:label1\" content=\"Disponibilit\u00e0\" \/>\n\t<meta name=\"twitter:data1\" content=\"In stock\" \/>\n<script type=\"application\/ld+json\" class=\"yoast-schema-graph\">{\"@context\":\"https:\/\/schema.org\",\"@graph\":[{\"@type\":\"WebPage\",\"@id\":\"https:\/\/www.sestogrado.it\/it\/prodotto\/beal-pulp-rinvio-rinvii-arrampicata\/\",\"url\":\"https:\/\/www.sestogrado.it\/it\/prodotto\/beal-pulp-rinvio-rinvii-arrampicata\/\",\"name\":\"Beal Pulp rinvio rinvii arrampicata - Sestogrado\",\"isPartOf\":{\"@id\":\"https:\/\/www.sestogrado.it\/it\/#website\"},\"primaryImageOfPage\":{\"@id\":\"https:\/\/www.sestogrado.it\/it\/prodotto\/beal-pulp-rinvio-rinvii-arrampicata\/#primaryimage\"},\"image\":{\"@id\":\"https:\/\/www.sestogrado.it\/prodotto\/beal-pulp-rinvio-rinvii-arrampicata\/#primaryimage\"},\"thumbnailUrl\":\"https:\/\/www.sestogrado.it\/wp-content\/uploads\/2019\/01\/01bis.jpg\",\"datePublished\":\"2019-01-16T10:29:08+00:00\",\"dateModified\":\"2026-04-28T00:18:39+00:00\",\"description\":\"Il Beal Pulp \u00e8 un rinvio da 11cm perfetto per l'arrampicata sportiva. Il Pulp \u00e8 composto da una fettuccia in nylon spessa 16mm e da due moschettoni a filo, in grado di offrire leggerezza e facilit\u00e0 di moschettonaggio. Il Beal Pulp \u00e8 dotato su lato roccia del moschettone \\\"space wire\\\", con leva a filo. Solido e maneggevole, il Beal Pulp \u00e8 un rinvio ideale per l'arrampicata sportiva, con una fettuccia in nylon pratica da impugnare e con i moschettoni che facilitano la rinviata.\",\"breadcrumb\":{\"@id\":\"https:\/\/www.sestogrado.it\/it\/prodotto\/beal-pulp-rinvio-rinvii-arrampicata\/#breadcrumb\"},\"inLanguage\":\"it-IT\",\"potentialAction\":[{\"@type\":\"ReadAction\",\"target\":[[\"https:\/\/www.sestogrado.it\/it\/prodotto\/beal-pulp-rinvio-rinvii-arrampicata\/\"]]}]},{\"@type\":\"ImageObject\",\"inLanguage\":\"it-IT\",\"@id\":\"https:\/\/www.sestogrado.it\/it\/prodotto\/beal-pulp-rinvio-rinvii-arrampicata\/#primaryimage\",\"url\":\"https:\/\/www.sestogrado.it\/wp-content\/uploads\/2019\/01\/01bis.jpg\",\"contentUrl\":\"https:\/\/www.sestogrado.it\/wp-content\/uploads\/2019\/01\/01bis.jpg\",\"width\":1271,\"height\":1271,\"caption\":\"beal pulp\"},{\"@type\":\"BreadcrumbList\",\"@id\":\"https:\/\/www.sestogrado.it\/it\/prodotto\/beal-pulp-rinvio-rinvii-arrampicata\/#breadcrumb\",\"itemListElement\":[{\"@type\":\"ListItem\",\"position\":1,\"name\":\"Home\",\"item\":\"https:\/\/www.sestogrado.it\/it\/\"},{\"@type\":\"ListItem\",\"position\":2,\"name\":\"Shop\",\"item\":\"https:\/\/www.sestogrado.it\/it\/shop\/\"},{\"@type\":\"ListItem\",\"position\":3,\"name\":\"Beal Pulp rinvio rinvii arrampicata\"}]},{\"@type\":\"WebSite\",\"@id\":\"https:\/\/www.sestogrado.it\/it\/#website\",\"url\":\"https:\/\/www.sestogrado.it\/it\/\",\"name\":\"Sestogrado\",\"description\":\"yes we climb\",\"publisher\":{\"@id\":\"https:\/\/www.sestogrado.it\/it\/#organization\"},\"potentialAction\":[{\"@type\":\"SearchAction\",\"target\":{\"@type\":\"EntryPoint\",\"urlTemplate\":\"https:\/\/www.sestogrado.it\/it\/?s={search_term_string}\"},\"query-input\":{\"@type\":\"PropertyValueSpecification\",\"valueRequired\":true,\"valueName\":\"search_term_string\"}}],\"inLanguage\":\"it-IT\"},{\"@type\":\"Organization\",\"@id\":\"https:\/\/www.sestogrado.it\/it\/#organization\",\"name\":\"Sestogrado\",\"url\":\"https:\/\/www.sestogrado.it\/it\/\",\"logo\":{\"@type\":\"ImageObject\",\"inLanguage\":\"it-IT\",\"@id\":\"https:\/\/www.sestogrado.it\/it\/#\/schema\/logo\/image\/\",\"url\":\"https:\/\/www.sestogrado.it\/wp-content\/uploads\/2015\/03\/sestogrado-favicon.png\",\"contentUrl\":\"https:\/\/www.sestogrado.it\/wp-content\/uploads\/2015\/03\/sestogrado-favicon.png\",\"width\":260,\"height\":260,\"caption\":\"Sestogrado\"},\"image\":{\"@id\":\"https:\/\/www.sestogrado.it\/it\/#\/schema\/logo\/image\/\"},\"sameAs\":[\"https:\/\/www.facebook.com\/pages\/Sestogrado\/1542635979353017?ref=bookmarks\",\"https:\/\/www.youtube.com\/channel\/UC847kAfTkaJsWpc1jtQwr3Q\"],\"hasMerchantReturnPolicy\":{\"@type\":\"MerchantReturnPolicy\",\"merchantReturnLink\":\"https:\/\/www.sestogrado.it\/it\/termini-e-condizioni\/\"}}]}<\/script>\n<meta property=\"product:brand\" content=\"Beal\" \/>\n<meta property=\"og:availability\" content=\"instock\" \/>\n<meta property=\"product:availability\" content=\"instock\" \/>\n<meta property=\"product:condition\" content=\"new\" \/>\n<!-- \/ Yoast SEO plugin. -->","yoast_head_json":{"title":"Beal Pulp rinvio rinvii arrampicata - Sestogrado","description":"Il Beal Pulp \u00e8 un rinvio da 11cm perfetto per l'arrampicata sportiva. Il Pulp \u00e8 composto da una fettuccia in nylon spessa 16mm e da due moschettoni a filo, in grado di offrire leggerezza e facilit\u00e0 di moschettonaggio. Il Beal Pulp \u00e8 dotato su lato roccia del moschettone \"space wire\", con leva a filo. Solido e maneggevole, il Beal Pulp \u00e8 un rinvio ideale per l'arrampicata sportiva, con una fettuccia in nylon pratica da impugnare e con i moschettoni che facilitano la rinviata.","robots":{"index":"index","follow":"follow","max-snippet":"max-snippet:-1","max-image-preview":"max-image-preview:large","max-video-preview":"max-video-preview:-1"},"canonical":"https:\/\/www.sestogrado.it\/it\/prodotto\/beal-pulp-rinvio-rinvii-arrampicata\/","og_locale":"it_IT","og_type":"article","og_title":"Beal Pulp rinvio rinvii arrampicata - Sestogrado","og_description":"Il Beal Pulp \u00e8 un rinvio da 11cm perfetto per l'arrampicata sportiva. Il Pulp \u00e8 composto da una fettuccia in nylon spessa 16mm e da due moschettoni a filo, in grado di offrire leggerezza e facilit\u00e0 di moschettonaggio. Il Beal Pulp \u00e8 dotato su lato roccia del moschettone \"space wire\", con leva a filo. Solido e maneggevole, il Beal Pulp \u00e8 un rinvio ideale per l'arrampicata sportiva, con una fettuccia in nylon pratica da impugnare e con i moschettoni che facilitano la rinviata.","og_url":"https:\/\/www.sestogrado.it\/it\/prodotto\/beal-pulp-rinvio-rinvii-arrampicata\/","og_site_name":"Sestogrado","article_publisher":"https:\/\/www.facebook.com\/pages\/Sestogrado\/1542635979353017?ref=bookmarks","article_modified_time":"2026-04-28T00:18:39+00:00","og_image":[{"width":1271,"height":1271,"url":"https:\/\/www.sestogrado.it\/wp-content\/uploads\/2019\/01\/01bis.jpg","type":"image\/jpeg"}],"twitter_misc":{"Disponibilit\u00e0":"In stock"},"schema":{"@context":"https:\/\/schema.org","@graph":[{"@type":"WebPage","@id":"https:\/\/www.sestogrado.it\/it\/prodotto\/beal-pulp-rinvio-rinvii-arrampicata\/","url":"https:\/\/www.sestogrado.it\/it\/prodotto\/beal-pulp-rinvio-rinvii-arrampicata\/","name":"Beal Pulp rinvio rinvii arrampicata - Sestogrado","isPartOf":{"@id":"https:\/\/www.sestogrado.it\/it\/#website"},"primaryImageOfPage":{"@id":"https:\/\/www.sestogrado.it\/it\/prodotto\/beal-pulp-rinvio-rinvii-arrampicata\/#primaryimage"},"image":{"@id":"https:\/\/www.sestogrado.it\/prodotto\/beal-pulp-rinvio-rinvii-arrampicata\/#primaryimage"},"thumbnailUrl":"https:\/\/www.sestogrado.it\/wp-content\/uploads\/2019\/01\/01bis.jpg","datePublished":"2019-01-16T10:29:08+00:00","dateModified":"2026-04-28T00:18:39+00:00","description":"Il Beal Pulp \u00e8 un rinvio da 11cm perfetto per l'arrampicata sportiva. Il Pulp \u00e8 composto da una fettuccia in nylon spessa 16mm e da due moschettoni a filo, in grado di offrire leggerezza e facilit\u00e0 di moschettonaggio. Il Beal Pulp \u00e8 dotato su lato roccia del moschettone \"space wire\", con leva a filo. Solido e maneggevole, il Beal Pulp \u00e8 un rinvio ideale per l'arrampicata sportiva, con una fettuccia in nylon pratica da impugnare e con i moschettoni che facilitano la rinviata.","breadcrumb":{"@id":"https:\/\/www.sestogrado.it\/it\/prodotto\/beal-pulp-rinvio-rinvii-arrampicata\/#breadcrumb"},"inLanguage":"it-IT","potentialAction":[{"@type":"ReadAction","target":[["https:\/\/www.sestogrado.it\/it\/prodotto\/beal-pulp-rinvio-rinvii-arrampicata\/"]]}]},{"@type":"ImageObject","inLanguage":"it-IT","@id":"https:\/\/www.sestogrado.it\/it\/prodotto\/beal-pulp-rinvio-rinvii-arrampicata\/#primaryimage","url":"https:\/\/www.sestogrado.it\/wp-content\/uploads\/2019\/01\/01bis.jpg","contentUrl":"https:\/\/www.sestogrado.it\/wp-content\/uploads\/2019\/01\/01bis.jpg","width":1271,"height":1271,"caption":"beal pulp"},{"@type":"BreadcrumbList","@id":"https:\/\/www.sestogrado.it\/it\/prodotto\/beal-pulp-rinvio-rinvii-arrampicata\/#breadcrumb","itemListElement":[{"@type":"ListItem","position":1,"name":"Home","item":"https:\/\/www.sestogrado.it\/it\/"},{"@type":"ListItem","position":2,"name":"Shop","item":"https:\/\/www.sestogrado.it\/it\/shop\/"},{"@type":"ListItem","position":3,"name":"Beal Pulp rinvio rinvii arrampicata"}]},{"@type":"WebSite","@id":"https:\/\/www.sestogrado.it\/it\/#website","url":"https:\/\/www.sestogrado.it\/it\/","name":"Sestogrado","description":"yes we climb","publisher":{"@id":"https:\/\/www.sestogrado.it\/it\/#organization"},"potentialAction":[{"@type":"SearchAction","target":{"@type":"EntryPoint","urlTemplate":"https:\/\/www.sestogrado.it\/it\/?s={search_term_string}"},"query-input":{"@type":"PropertyValueSpecification","valueRequired":true,"valueName":"search_term_string"}}],"inLanguage":"it-IT"},{"@type":"Organization","@id":"https:\/\/www.sestogrado.it\/it\/#organization","name":"Sestogrado","url":"https:\/\/www.sestogrado.it\/it\/","logo":{"@type":"ImageObject","inLanguage":"it-IT","@id":"https:\/\/www.sestogrado.it\/it\/#\/schema\/logo\/image\/","url":"https:\/\/www.sestogrado.it\/wp-content\/uploads\/2015\/03\/sestogrado-favicon.png","contentUrl":"https:\/\/www.sestogrado.it\/wp-content\/uploads\/2015\/03\/sestogrado-favicon.png","width":260,"height":260,"caption":"Sestogrado"},"image":{"@id":"https:\/\/www.sestogrado.it\/it\/#\/schema\/logo\/image\/"},"sameAs":["https:\/\/www.facebook.com\/pages\/Sestogrado\/1542635979353017?ref=bookmarks","https:\/\/www.youtube.com\/channel\/UC847kAfTkaJsWpc1jtQwr3Q"],"hasMerchantReturnPolicy":{"@type":"MerchantReturnPolicy","merchantReturnLink":"https:\/\/www.sestogrado.it\/it\/termini-e-condizioni\/"}}]},"product_brand":"Beal","og_availability":"instock","product_availability":"instock","product_condition":"new"},"_links":{"self":[{"href":"https:\/\/www.sestogrado.it\/it\/wp-json\/wp\/v2\/product\/19236","targetHints":{"allow":["GET"]}}],"collection":[{"href":"https:\/\/www.sestogrado.it\/it\/wp-json\/wp\/v2\/product"}],"about":[{"href":"https:\/\/www.sestogrado.it\/it\/wp-json\/wp\/v2\/types\/product"}],"replies":[{"embeddable":true,"href":"https:\/\/www.sestogrado.it\/it\/wp-json\/wp\/v2\/comments?post=19236"}],"wp:featuredmedia":[{"embeddable":true,"href":"https:\/\/www.sestogrado.it\/it\/wp-json\/wp\/v2\/media\/19237"}],"wp:attachment":[{"href":"https:\/\/www.sestogrado.it\/it\/wp-json\/wp\/v2\/media?parent=19236"}],"wp:term":[{"taxonomy":"product_brand","embeddable":true,"href":"https:\/\/www.sestogrado.it\/it\/wp-json\/wp\/v2\/product_brand?post=19236"},{"taxonomy":"product_cat","embeddable":true,"href":"https:\/\/www.sestogrado.it\/it\/wp-json\/wp\/v2\/product_cat?post=19236"},{"taxonomy":"product_tag","embeddable":true,"href":"https:\/\/www.sestogrado.it\/it\/wp-json\/wp\/v2\/product_tag?post=19236"}],"curies":[{"name":"wp","href":"https:\/\/api.w.org\/{rel}","templated":true}]}}