{"id":191384,"date":"2025-05-13T11:39:15","date_gmt":"2025-05-13T09:39:15","guid":{"rendered":"https:\/\/www.sestogrado.it\/?post_type=product&#038;p=191384"},"modified":"2026-04-28T02:18:37","modified_gmt":"2026-04-28T00:18:37","slug":"yy-vertical-climbing-mug-evo-tazza-da-arrampicata","status":"publish","type":"product","link":"https:\/\/www.sestogrado.it\/it\/prodotto\/yy-vertical-climbing-mug-evo-tazza-da-arrampicata\/","title":{"rendered":"YY Vertical Climbing Mug EVO tazza da arrampicata"},"content":{"rendered":"<p><\/p>\n<p data-start=\"0\" data-end=\"183\">Cerchi il regalo perfetto per un appassionato di arrampicata? Scopri la Climbing Mug Evo, la tazza originale che unisce la passione per l\u2019arrampicata al piacere di un buon caff\u00e8 o t\u00e8.<\/p>\n<p data-start=\"185\" data-end=\"516\" data-is-last-node=\"\" data-is-only-node=\"\">Inizia le tue giornate con un tocco di adrenalina grazie alla Climbing Mug Evo! Progettata appositamente per gli amanti dell\u2019arrampicata, questa tazza in ceramica unica nel suo genere \u00e8 molto pi\u00f9 di una semplice tazza. Ogni modello \u00e8 dotato di una vera presa da arrampicata, scolpita da Simon Favrot, shaper di fama internazionale.<\/p>\n<p data-start=\"0\" data-end=\"211\">Che tu faccia parte del team caff\u00e8 o sia un amante del t\u00e8, questa tazza si adatta a tutti i tuoi desideri. La sua capacit\u00e0 di 33 cl \u00e8 perfetta per gustare le tue bevande calde preferite.<\/p>\n<p data-start=\"213\" data-end=\"503\">Il regalo perfetto per gli appassionati di arrampicata<br data-start=\"267\" data-end=\"270\" \/>Regalare la Climbing Mug Evo \u00e8 molto pi\u00f9 che donare una semplice tazza:<br data-start=\"341\" data-end=\"344\" \/>\u2022 Un regalo originale che sorprender\u00e0 ogni climber<br data-start=\"394\" data-end=\"397\" \/>\u2022 Un accessorio unico per la pausa caff\u00e8 o t\u00e8<br data-start=\"442\" data-end=\"445\" \/>\u2022 Un legame con l\u2019arrampicata anche lontano dalla parete<\/p>\n<p data-start=\"213\" data-end=\"503\"><img decoding=\"async\" class=\"img-fluid alignnone wp-image-191391 \" src=\"https:\/\/www.sestogrado.it\/wp-content\/uploads\/2025\/05\/yyvertical-escalade-univers-grimpe-climbing-mug-evo-yellow-purple-blue.webp\" alt=\"mug evo\" width=\"782\" height=\"392\" srcset=\"https:\/\/www.sestogrado.it\/wp-content\/uploads\/2025\/05\/yyvertical-escalade-univers-grimpe-climbing-mug-evo-yellow-purple-blue.webp 1000w, https:\/\/www.sestogrado.it\/wp-content\/uploads\/2025\/05\/yyvertical-escalade-univers-grimpe-climbing-mug-evo-yellow-purple-blue-300x150.webp 300w, https:\/\/www.sestogrado.it\/wp-content\/uploads\/2025\/05\/yyvertical-escalade-univers-grimpe-climbing-mug-evo-yellow-purple-blue-768x385.webp 768w, https:\/\/www.sestogrado.it\/wp-content\/uploads\/2025\/05\/yyvertical-escalade-univers-grimpe-climbing-mug-evo-yellow-purple-blue-800x400.webp 800w, https:\/\/www.sestogrado.it\/wp-content\/uploads\/2025\/05\/yyvertical-escalade-univers-grimpe-climbing-mug-evo-yellow-purple-blue-160x80.webp 160w, https:\/\/www.sestogrado.it\/wp-content\/uploads\/2025\/05\/yyvertical-escalade-univers-grimpe-climbing-mug-evo-yellow-purple-blue-750x376.webp 750w, https:\/\/www.sestogrado.it\/wp-content\/uploads\/2025\/05\/yyvertical-escalade-univers-grimpe-climbing-mug-evo-yellow-purple-blue-120x60.webp 120w, https:\/\/www.sestogrado.it\/wp-content\/uploads\/2025\/05\/yyvertical-escalade-univers-grimpe-climbing-mug-evo-yellow-purple-blue-180x90.webp 180w\" sizes=\"(max-width: 782px) 100vw, 782px\" \/><\/p>\n<p data-start=\"505\" data-end=\"579\">\ud83d\udc49 Ideale per Natale, un compleanno o semplicemente per coccolarsi un po\u2019!<\/p>\n<p data-start=\"505\" data-end=\"579\">La tazza indispensabile per gli arrampicatori appassionati!<\/p>\n<p data-start=\"581\" data-end=\"665\" data-is-last-node=\"\" data-is-only-node=\"\">Scopri la tazza in ceramica originale con presa da arrampicata firmata Simon Favrot.<\/p>\n<p data-start=\"581\" data-end=\"665\" data-is-last-node=\"\" data-is-only-node=\"\"><img decoding=\"async\" class=\"alignnone size-medium wp-image-191392 img-fluid\" src=\"https:\/\/www.sestogrado.it\/wp-content\/uploads\/2025\/05\/yyvertical-escalade-univers-grimpe-climbing-mug-evo-blue-utilisation-6-300x300.webp\" alt=\"mug evo\" width=\"300\" height=\"300\" srcset=\"https:\/\/www.sestogrado.it\/wp-content\/uploads\/2025\/05\/yyvertical-escalade-univers-grimpe-climbing-mug-evo-blue-utilisation-6-300x300.webp 300w, https:\/\/www.sestogrado.it\/wp-content\/uploads\/2025\/05\/yyvertical-escalade-univers-grimpe-climbing-mug-evo-blue-utilisation-6-150x150.webp 150w, https:\/\/www.sestogrado.it\/wp-content\/uploads\/2025\/05\/yyvertical-escalade-univers-grimpe-climbing-mug-evo-blue-utilisation-6-768x768.webp 768w, https:\/\/www.sestogrado.it\/wp-content\/uploads\/2025\/05\/yyvertical-escalade-univers-grimpe-climbing-mug-evo-blue-utilisation-6-80x80.webp 80w, https:\/\/www.sestogrado.it\/wp-content\/uploads\/2025\/05\/yyvertical-escalade-univers-grimpe-climbing-mug-evo-blue-utilisation-6-45x45.webp 45w, https:\/\/www.sestogrado.it\/wp-content\/uploads\/2025\/05\/yyvertical-escalade-univers-grimpe-climbing-mug-evo-blue-utilisation-6-750x750.webp 750w, https:\/\/www.sestogrado.it\/wp-content\/uploads\/2025\/05\/yyvertical-escalade-univers-grimpe-climbing-mug-evo-blue-utilisation-6-100x100.webp 100w, https:\/\/www.sestogrado.it\/wp-content\/uploads\/2025\/05\/yyvertical-escalade-univers-grimpe-climbing-mug-evo-blue-utilisation-6-60x60.webp 60w, https:\/\/www.sestogrado.it\/wp-content\/uploads\/2025\/05\/yyvertical-escalade-univers-grimpe-climbing-mug-evo-blue-utilisation-6-90x90.webp 90w, https:\/\/www.sestogrado.it\/wp-content\/uploads\/2025\/05\/yyvertical-escalade-univers-grimpe-climbing-mug-evo-blue-utilisation-6.webp 1000w\" sizes=\"(max-width: 300px) 100vw, 300px\" \/> <img decoding=\"async\" class=\"alignnone size-medium wp-image-191393 img-fluid\" src=\"https:\/\/www.sestogrado.it\/wp-content\/uploads\/2025\/05\/yyvertical-escalade-univers-grimpe-climbing-mug-evo-purple-utilisation-3-300x300.webp\" alt=\"mug evo\" width=\"300\" height=\"300\" srcset=\"https:\/\/www.sestogrado.it\/wp-content\/uploads\/2025\/05\/yyvertical-escalade-univers-grimpe-climbing-mug-evo-purple-utilisation-3-300x300.webp 300w, https:\/\/www.sestogrado.it\/wp-content\/uploads\/2025\/05\/yyvertical-escalade-univers-grimpe-climbing-mug-evo-purple-utilisation-3-150x150.webp 150w, https:\/\/www.sestogrado.it\/wp-content\/uploads\/2025\/05\/yyvertical-escalade-univers-grimpe-climbing-mug-evo-purple-utilisation-3-768x768.webp 768w, https:\/\/www.sestogrado.it\/wp-content\/uploads\/2025\/05\/yyvertical-escalade-univers-grimpe-climbing-mug-evo-purple-utilisation-3-80x80.webp 80w, https:\/\/www.sestogrado.it\/wp-content\/uploads\/2025\/05\/yyvertical-escalade-univers-grimpe-climbing-mug-evo-purple-utilisation-3-45x45.webp 45w, https:\/\/www.sestogrado.it\/wp-content\/uploads\/2025\/05\/yyvertical-escalade-univers-grimpe-climbing-mug-evo-purple-utilisation-3-750x750.webp 750w, https:\/\/www.sestogrado.it\/wp-content\/uploads\/2025\/05\/yyvertical-escalade-univers-grimpe-climbing-mug-evo-purple-utilisation-3-100x100.webp 100w, https:\/\/www.sestogrado.it\/wp-content\/uploads\/2025\/05\/yyvertical-escalade-univers-grimpe-climbing-mug-evo-purple-utilisation-3-60x60.webp 60w, https:\/\/www.sestogrado.it\/wp-content\/uploads\/2025\/05\/yyvertical-escalade-univers-grimpe-climbing-mug-evo-purple-utilisation-3-90x90.webp 90w, https:\/\/www.sestogrado.it\/wp-content\/uploads\/2025\/05\/yyvertical-escalade-univers-grimpe-climbing-mug-evo-purple-utilisation-3.webp 1000w\" sizes=\"(max-width: 300px) 100vw, 300px\" \/> <img decoding=\"async\" class=\"alignnone size-medium wp-image-191394 img-fluid\" src=\"https:\/\/www.sestogrado.it\/wp-content\/uploads\/2025\/05\/yyvertical-escalade-univers-grimpe-climbing-mug-evo-utilisation-indoor-300x300.webp\" alt=\"mug evo\" width=\"300\" height=\"300\" srcset=\"https:\/\/www.sestogrado.it\/wp-content\/uploads\/2025\/05\/yyvertical-escalade-univers-grimpe-climbing-mug-evo-utilisation-indoor-300x300.webp 300w, https:\/\/www.sestogrado.it\/wp-content\/uploads\/2025\/05\/yyvertical-escalade-univers-grimpe-climbing-mug-evo-utilisation-indoor-150x150.webp 150w, https:\/\/www.sestogrado.it\/wp-content\/uploads\/2025\/05\/yyvertical-escalade-univers-grimpe-climbing-mug-evo-utilisation-indoor-768x768.webp 768w, https:\/\/www.sestogrado.it\/wp-content\/uploads\/2025\/05\/yyvertical-escalade-univers-grimpe-climbing-mug-evo-utilisation-indoor-80x80.webp 80w, https:\/\/www.sestogrado.it\/wp-content\/uploads\/2025\/05\/yyvertical-escalade-univers-grimpe-climbing-mug-evo-utilisation-indoor-45x45.webp 45w, https:\/\/www.sestogrado.it\/wp-content\/uploads\/2025\/05\/yyvertical-escalade-univers-grimpe-climbing-mug-evo-utilisation-indoor-750x750.webp 750w, https:\/\/www.sestogrado.it\/wp-content\/uploads\/2025\/05\/yyvertical-escalade-univers-grimpe-climbing-mug-evo-utilisation-indoor-100x100.webp 100w, https:\/\/www.sestogrado.it\/wp-content\/uploads\/2025\/05\/yyvertical-escalade-univers-grimpe-climbing-mug-evo-utilisation-indoor-60x60.webp 60w, https:\/\/www.sestogrado.it\/wp-content\/uploads\/2025\/05\/yyvertical-escalade-univers-grimpe-climbing-mug-evo-utilisation-indoor-90x90.webp 90w, https:\/\/www.sestogrado.it\/wp-content\/uploads\/2025\/05\/yyvertical-escalade-univers-grimpe-climbing-mug-evo-utilisation-indoor.webp 1000w\" sizes=\"(max-width: 300px) 100vw, 300px\" \/> <img decoding=\"async\" class=\"alignnone size-medium wp-image-191395 img-fluid\" src=\"https:\/\/www.sestogrado.it\/wp-content\/uploads\/2025\/05\/yyvertical-escalade-univers-grimpe-climbing-mug-evo-yellow-utilisation-3-300x300.webp\" alt=\"mug evo\" width=\"300\" height=\"300\" srcset=\"https:\/\/www.sestogrado.it\/wp-content\/uploads\/2025\/05\/yyvertical-escalade-univers-grimpe-climbing-mug-evo-yellow-utilisation-3-300x300.webp 300w, https:\/\/www.sestogrado.it\/wp-content\/uploads\/2025\/05\/yyvertical-escalade-univers-grimpe-climbing-mug-evo-yellow-utilisation-3-150x150.webp 150w, https:\/\/www.sestogrado.it\/wp-content\/uploads\/2025\/05\/yyvertical-escalade-univers-grimpe-climbing-mug-evo-yellow-utilisation-3-768x768.webp 768w, https:\/\/www.sestogrado.it\/wp-content\/uploads\/2025\/05\/yyvertical-escalade-univers-grimpe-climbing-mug-evo-yellow-utilisation-3-80x80.webp 80w, https:\/\/www.sestogrado.it\/wp-content\/uploads\/2025\/05\/yyvertical-escalade-univers-grimpe-climbing-mug-evo-yellow-utilisation-3-45x45.webp 45w, https:\/\/www.sestogrado.it\/wp-content\/uploads\/2025\/05\/yyvertical-escalade-univers-grimpe-climbing-mug-evo-yellow-utilisation-3-750x750.webp 750w, https:\/\/www.sestogrado.it\/wp-content\/uploads\/2025\/05\/yyvertical-escalade-univers-grimpe-climbing-mug-evo-yellow-utilisation-3-100x100.webp 100w, https:\/\/www.sestogrado.it\/wp-content\/uploads\/2025\/05\/yyvertical-escalade-univers-grimpe-climbing-mug-evo-yellow-utilisation-3-60x60.webp 60w, https:\/\/www.sestogrado.it\/wp-content\/uploads\/2025\/05\/yyvertical-escalade-univers-grimpe-climbing-mug-evo-yellow-utilisation-3-90x90.webp 90w, https:\/\/www.sestogrado.it\/wp-content\/uploads\/2025\/05\/yyvertical-escalade-univers-grimpe-climbing-mug-evo-yellow-utilisation-3.webp 1000w\" sizes=\"(max-width: 300px) 100vw, 300px\" \/><\/p>\n<p data-start=\"581\" data-end=\"665\" data-is-last-node=\"\" data-is-only-node=\"\">\n<p><\/p>","protected":false},"excerpt":{"rendered":"<p>Cerchi il regalo perfetto per un appassionato di arrampicata? Scopri la Climbing Mug Evo, la tazza originale che unisce la [&hellip;]<\/p>\n","protected":false},"featured_media":191396,"comment_status":"open","ping_status":"closed","template":"","meta":{"_acf_changed":false},"product_brand":[197],"product_cat":[141],"product_tag":[],"class_list":{"0":"post-191384","1":"product","2":"type-product","3":"status-publish","4":"has-post-thumbnail","6":"product_brand-yy","7":"product_cat-accessori-accessori","9":"first","10":"instock","11":"sale","12":"taxable","13":"shipping-taxable","14":"purchasable","15":"product-type-variable"},"acf":[],"yoast_head":"<!-- This site is optimized with the Yoast SEO plugin v26.4 - https:\/\/yoast.com\/wordpress\/plugins\/seo\/ -->\n<title>YY Vertical Climbing Mug EVO tazza da arrampicata - Sestogrado<\/title>\n<meta name=\"description\" content=\"Cerchi il regalo perfetto per un appassionato di arrampicata? Scopri la Climbing Mug Evo, la tazza originale che unisce la passione per l\u2019arrampicata al piacere di un buon caff\u00e8 o t\u00e8.Inizia le tue giornate con un tocco di adrenalina grazie alla Climbing Mug Evo! Progettata appositamente per gli amanti dell\u2019arrampicata, questa tazza in ceramica unica nel suo genere \u00e8 molto pi\u00f9 di una semplice tazza. Ogni modello \u00e8 dotato di una vera presa da arrampicata, scolpita da Simon Favrot, shaper di fama internazionale.Che tu faccia parte del team caff\u00e8 o sia un amante del t\u00e8, questa tazza si adatta a tutti i tuoi desideri. La sua capacit\u00e0 di 33 cl \u00e8 perfetta per gustare le tue bevande calde preferite.\" \/>\n<meta name=\"robots\" content=\"index, follow, max-snippet:-1, max-image-preview:large, max-video-preview:-1\" \/>\n<link rel=\"canonical\" href=\"https:\/\/www.sestogrado.it\/it\/prodotto\/yy-vertical-climbing-mug-evo-tazza-da-arrampicata\/\" \/>\n<meta property=\"og:locale\" content=\"it_IT\" \/>\n<meta property=\"og:type\" content=\"article\" \/>\n<meta property=\"og:title\" content=\"YY Vertical Climbing Mug EVO tazza da arrampicata - Sestogrado\" \/>\n<meta property=\"og:description\" content=\"Cerchi il regalo perfetto per un appassionato di arrampicata? Scopri la Climbing Mug Evo, la tazza originale che unisce la passione per l\u2019arrampicata al piacere di un buon caff\u00e8 o t\u00e8.Inizia le tue giornate con un tocco di adrenalina grazie alla Climbing Mug Evo! Progettata appositamente per gli amanti dell\u2019arrampicata, questa tazza in ceramica unica nel suo genere \u00e8 molto pi\u00f9 di una semplice tazza. Ogni modello \u00e8 dotato di una vera presa da arrampicata, scolpita da Simon Favrot, shaper di fama internazionale.Che tu faccia parte del team caff\u00e8 o sia un amante del t\u00e8, questa tazza si adatta a tutti i tuoi desideri. La sua capacit\u00e0 di 33 cl \u00e8 perfetta per gustare le tue bevande calde preferite.\" \/>\n<meta property=\"og:url\" content=\"https:\/\/www.sestogrado.it\/it\/prodotto\/yy-vertical-climbing-mug-evo-tazza-da-arrampicata\/\" \/>\n<meta property=\"og:site_name\" content=\"Sestogrado\" \/>\n<meta property=\"article:publisher\" content=\"https:\/\/www.facebook.com\/pages\/Sestogrado\/1542635979353017?ref=bookmarks\" \/>\n<meta property=\"article:modified_time\" content=\"2026-04-28T00:18:37+00:00\" \/>\n<meta property=\"og:image\" content=\"https:\/\/www.sestogrado.it\/wp-content\/uploads\/2025\/05\/01-blue.jpg\" \/>\n\t<meta property=\"og:image:width\" content=\"1701\" \/>\n\t<meta property=\"og:image:height\" content=\"1701\" \/>\n\t<meta property=\"og:image:type\" content=\"image\/jpeg\" \/>\n<meta name=\"twitter:label1\" content=\"Disponibilit\u00e0\" \/>\n\t<meta name=\"twitter:data1\" content=\"In stock\" \/>\n<script type=\"application\/ld+json\" class=\"yoast-schema-graph\">{\"@context\":\"https:\/\/schema.org\",\"@graph\":[{\"@type\":\"WebPage\",\"@id\":\"https:\/\/www.sestogrado.it\/it\/prodotto\/yy-vertical-climbing-mug-evo-tazza-da-arrampicata\/\",\"url\":\"https:\/\/www.sestogrado.it\/it\/prodotto\/yy-vertical-climbing-mug-evo-tazza-da-arrampicata\/\",\"name\":\"YY Vertical Climbing Mug EVO tazza da arrampicata - Sestogrado\",\"isPartOf\":{\"@id\":\"https:\/\/www.sestogrado.it\/it\/#website\"},\"primaryImageOfPage\":{\"@id\":\"https:\/\/www.sestogrado.it\/it\/prodotto\/yy-vertical-climbing-mug-evo-tazza-da-arrampicata\/#primaryimage\"},\"image\":{\"@id\":\"https:\/\/www.sestogrado.it\/prodotto\/yy-vertical-climbing-mug-evo-tazza-da-arrampicata\/#primaryimage\"},\"thumbnailUrl\":\"https:\/\/www.sestogrado.it\/wp-content\/uploads\/2025\/05\/01-blue.jpg\",\"datePublished\":\"2025-05-13T09:39:15+00:00\",\"dateModified\":\"2026-04-28T00:18:37+00:00\",\"description\":\"Cerchi il regalo perfetto per un appassionato di arrampicata? Scopri la Climbing Mug Evo, la tazza originale che unisce la passione per l\u2019arrampicata al piacere di un buon caff\u00e8 o t\u00e8.Inizia le tue giornate con un tocco di adrenalina grazie alla Climbing Mug Evo! Progettata appositamente per gli amanti dell\u2019arrampicata, questa tazza in ceramica unica nel suo genere \u00e8 molto pi\u00f9 di una semplice tazza. Ogni modello \u00e8 dotato di una vera presa da arrampicata, scolpita da Simon Favrot, shaper di fama internazionale.Che tu faccia parte del team caff\u00e8 o sia un amante del t\u00e8, questa tazza si adatta a tutti i tuoi desideri. La sua capacit\u00e0 di 33 cl \u00e8 perfetta per gustare le tue bevande calde preferite.\",\"breadcrumb\":{\"@id\":\"https:\/\/www.sestogrado.it\/it\/prodotto\/yy-vertical-climbing-mug-evo-tazza-da-arrampicata\/#breadcrumb\"},\"inLanguage\":\"it-IT\",\"potentialAction\":[{\"@type\":\"ReadAction\",\"target\":[[\"https:\/\/www.sestogrado.it\/it\/prodotto\/yy-vertical-climbing-mug-evo-tazza-da-arrampicata\/\"]]}]},{\"@type\":\"ImageObject\",\"inLanguage\":\"it-IT\",\"@id\":\"https:\/\/www.sestogrado.it\/it\/prodotto\/yy-vertical-climbing-mug-evo-tazza-da-arrampicata\/#primaryimage\",\"url\":\"https:\/\/www.sestogrado.it\/wp-content\/uploads\/2025\/05\/01-blue.jpg\",\"contentUrl\":\"https:\/\/www.sestogrado.it\/wp-content\/uploads\/2025\/05\/01-blue.jpg\",\"width\":1701,\"height\":1701},{\"@type\":\"BreadcrumbList\",\"@id\":\"https:\/\/www.sestogrado.it\/it\/prodotto\/yy-vertical-climbing-mug-evo-tazza-da-arrampicata\/#breadcrumb\",\"itemListElement\":[{\"@type\":\"ListItem\",\"position\":1,\"name\":\"Home\",\"item\":\"https:\/\/www.sestogrado.it\/it\/\"},{\"@type\":\"ListItem\",\"position\":2,\"name\":\"Shop\",\"item\":\"https:\/\/www.sestogrado.it\/it\/shop\/\"},{\"@type\":\"ListItem\",\"position\":3,\"name\":\"YY Vertical Climbing Mug EVO tazza da arrampicata\"}]},{\"@type\":\"WebSite\",\"@id\":\"https:\/\/www.sestogrado.it\/it\/#website\",\"url\":\"https:\/\/www.sestogrado.it\/it\/\",\"name\":\"Sestogrado\",\"description\":\"yes we climb\",\"publisher\":{\"@id\":\"https:\/\/www.sestogrado.it\/it\/#organization\"},\"potentialAction\":[{\"@type\":\"SearchAction\",\"target\":{\"@type\":\"EntryPoint\",\"urlTemplate\":\"https:\/\/www.sestogrado.it\/it\/?s={search_term_string}\"},\"query-input\":{\"@type\":\"PropertyValueSpecification\",\"valueRequired\":true,\"valueName\":\"search_term_string\"}}],\"inLanguage\":\"it-IT\"},{\"@type\":\"Organization\",\"@id\":\"https:\/\/www.sestogrado.it\/it\/#organization\",\"name\":\"Sestogrado\",\"url\":\"https:\/\/www.sestogrado.it\/it\/\",\"logo\":{\"@type\":\"ImageObject\",\"inLanguage\":\"it-IT\",\"@id\":\"https:\/\/www.sestogrado.it\/it\/#\/schema\/logo\/image\/\",\"url\":\"https:\/\/www.sestogrado.it\/wp-content\/uploads\/2015\/03\/sestogrado-favicon.png\",\"contentUrl\":\"https:\/\/www.sestogrado.it\/wp-content\/uploads\/2015\/03\/sestogrado-favicon.png\",\"width\":260,\"height\":260,\"caption\":\"Sestogrado\"},\"image\":{\"@id\":\"https:\/\/www.sestogrado.it\/it\/#\/schema\/logo\/image\/\"},\"sameAs\":[\"https:\/\/www.facebook.com\/pages\/Sestogrado\/1542635979353017?ref=bookmarks\",\"https:\/\/www.youtube.com\/channel\/UC847kAfTkaJsWpc1jtQwr3Q\"],\"hasMerchantReturnPolicy\":{\"@type\":\"MerchantReturnPolicy\",\"merchantReturnLink\":\"https:\/\/www.sestogrado.it\/it\/termini-e-condizioni\/\"}}]}<\/script>\n<meta property=\"product:brand\" content=\"YY Vertical\" \/>\n<meta property=\"og:availability\" content=\"instock\" \/>\n<meta property=\"product:availability\" content=\"instock\" \/>\n<meta property=\"product:condition\" content=\"new\" \/>\n<!-- \/ Yoast SEO plugin. -->","yoast_head_json":{"title":"YY Vertical Climbing Mug EVO tazza da arrampicata - Sestogrado","description":"Cerchi il regalo perfetto per un appassionato di arrampicata? Scopri la Climbing Mug Evo, la tazza originale che unisce la passione per l\u2019arrampicata al piacere di un buon caff\u00e8 o t\u00e8.Inizia le tue giornate con un tocco di adrenalina grazie alla Climbing Mug Evo! Progettata appositamente per gli amanti dell\u2019arrampicata, questa tazza in ceramica unica nel suo genere \u00e8 molto pi\u00f9 di una semplice tazza. Ogni modello \u00e8 dotato di una vera presa da arrampicata, scolpita da Simon Favrot, shaper di fama internazionale.Che tu faccia parte del team caff\u00e8 o sia un amante del t\u00e8, questa tazza si adatta a tutti i tuoi desideri. La sua capacit\u00e0 di 33 cl \u00e8 perfetta per gustare le tue bevande calde preferite.","robots":{"index":"index","follow":"follow","max-snippet":"max-snippet:-1","max-image-preview":"max-image-preview:large","max-video-preview":"max-video-preview:-1"},"canonical":"https:\/\/www.sestogrado.it\/it\/prodotto\/yy-vertical-climbing-mug-evo-tazza-da-arrampicata\/","og_locale":"it_IT","og_type":"article","og_title":"YY Vertical Climbing Mug EVO tazza da arrampicata - Sestogrado","og_description":"Cerchi il regalo perfetto per un appassionato di arrampicata? Scopri la Climbing Mug Evo, la tazza originale che unisce la passione per l\u2019arrampicata al piacere di un buon caff\u00e8 o t\u00e8.Inizia le tue giornate con un tocco di adrenalina grazie alla Climbing Mug Evo! Progettata appositamente per gli amanti dell\u2019arrampicata, questa tazza in ceramica unica nel suo genere \u00e8 molto pi\u00f9 di una semplice tazza. Ogni modello \u00e8 dotato di una vera presa da arrampicata, scolpita da Simon Favrot, shaper di fama internazionale.Che tu faccia parte del team caff\u00e8 o sia un amante del t\u00e8, questa tazza si adatta a tutti i tuoi desideri. La sua capacit\u00e0 di 33 cl \u00e8 perfetta per gustare le tue bevande calde preferite.","og_url":"https:\/\/www.sestogrado.it\/it\/prodotto\/yy-vertical-climbing-mug-evo-tazza-da-arrampicata\/","og_site_name":"Sestogrado","article_publisher":"https:\/\/www.facebook.com\/pages\/Sestogrado\/1542635979353017?ref=bookmarks","article_modified_time":"2026-04-28T00:18:37+00:00","og_image":[{"width":1701,"height":1701,"url":"https:\/\/www.sestogrado.it\/wp-content\/uploads\/2025\/05\/01-blue.jpg","type":"image\/jpeg"}],"twitter_misc":{"Disponibilit\u00e0":"In stock"},"schema":{"@context":"https:\/\/schema.org","@graph":[{"@type":"WebPage","@id":"https:\/\/www.sestogrado.it\/it\/prodotto\/yy-vertical-climbing-mug-evo-tazza-da-arrampicata\/","url":"https:\/\/www.sestogrado.it\/it\/prodotto\/yy-vertical-climbing-mug-evo-tazza-da-arrampicata\/","name":"YY Vertical Climbing Mug EVO tazza da arrampicata - Sestogrado","isPartOf":{"@id":"https:\/\/www.sestogrado.it\/it\/#website"},"primaryImageOfPage":{"@id":"https:\/\/www.sestogrado.it\/it\/prodotto\/yy-vertical-climbing-mug-evo-tazza-da-arrampicata\/#primaryimage"},"image":{"@id":"https:\/\/www.sestogrado.it\/prodotto\/yy-vertical-climbing-mug-evo-tazza-da-arrampicata\/#primaryimage"},"thumbnailUrl":"https:\/\/www.sestogrado.it\/wp-content\/uploads\/2025\/05\/01-blue.jpg","datePublished":"2025-05-13T09:39:15+00:00","dateModified":"2026-04-28T00:18:37+00:00","description":"Cerchi il regalo perfetto per un appassionato di arrampicata? Scopri la Climbing Mug Evo, la tazza originale che unisce la passione per l\u2019arrampicata al piacere di un buon caff\u00e8 o t\u00e8.Inizia le tue giornate con un tocco di adrenalina grazie alla Climbing Mug Evo! Progettata appositamente per gli amanti dell\u2019arrampicata, questa tazza in ceramica unica nel suo genere \u00e8 molto pi\u00f9 di una semplice tazza. Ogni modello \u00e8 dotato di una vera presa da arrampicata, scolpita da Simon Favrot, shaper di fama internazionale.Che tu faccia parte del team caff\u00e8 o sia un amante del t\u00e8, questa tazza si adatta a tutti i tuoi desideri. La sua capacit\u00e0 di 33 cl \u00e8 perfetta per gustare le tue bevande calde preferite.","breadcrumb":{"@id":"https:\/\/www.sestogrado.it\/it\/prodotto\/yy-vertical-climbing-mug-evo-tazza-da-arrampicata\/#breadcrumb"},"inLanguage":"it-IT","potentialAction":[{"@type":"ReadAction","target":[["https:\/\/www.sestogrado.it\/it\/prodotto\/yy-vertical-climbing-mug-evo-tazza-da-arrampicata\/"]]}]},{"@type":"ImageObject","inLanguage":"it-IT","@id":"https:\/\/www.sestogrado.it\/it\/prodotto\/yy-vertical-climbing-mug-evo-tazza-da-arrampicata\/#primaryimage","url":"https:\/\/www.sestogrado.it\/wp-content\/uploads\/2025\/05\/01-blue.jpg","contentUrl":"https:\/\/www.sestogrado.it\/wp-content\/uploads\/2025\/05\/01-blue.jpg","width":1701,"height":1701},{"@type":"BreadcrumbList","@id":"https:\/\/www.sestogrado.it\/it\/prodotto\/yy-vertical-climbing-mug-evo-tazza-da-arrampicata\/#breadcrumb","itemListElement":[{"@type":"ListItem","position":1,"name":"Home","item":"https:\/\/www.sestogrado.it\/it\/"},{"@type":"ListItem","position":2,"name":"Shop","item":"https:\/\/www.sestogrado.it\/it\/shop\/"},{"@type":"ListItem","position":3,"name":"YY Vertical Climbing Mug EVO tazza da arrampicata"}]},{"@type":"WebSite","@id":"https:\/\/www.sestogrado.it\/it\/#website","url":"https:\/\/www.sestogrado.it\/it\/","name":"Sestogrado","description":"yes we climb","publisher":{"@id":"https:\/\/www.sestogrado.it\/it\/#organization"},"potentialAction":[{"@type":"SearchAction","target":{"@type":"EntryPoint","urlTemplate":"https:\/\/www.sestogrado.it\/it\/?s={search_term_string}"},"query-input":{"@type":"PropertyValueSpecification","valueRequired":true,"valueName":"search_term_string"}}],"inLanguage":"it-IT"},{"@type":"Organization","@id":"https:\/\/www.sestogrado.it\/it\/#organization","name":"Sestogrado","url":"https:\/\/www.sestogrado.it\/it\/","logo":{"@type":"ImageObject","inLanguage":"it-IT","@id":"https:\/\/www.sestogrado.it\/it\/#\/schema\/logo\/image\/","url":"https:\/\/www.sestogrado.it\/wp-content\/uploads\/2015\/03\/sestogrado-favicon.png","contentUrl":"https:\/\/www.sestogrado.it\/wp-content\/uploads\/2015\/03\/sestogrado-favicon.png","width":260,"height":260,"caption":"Sestogrado"},"image":{"@id":"https:\/\/www.sestogrado.it\/it\/#\/schema\/logo\/image\/"},"sameAs":["https:\/\/www.facebook.com\/pages\/Sestogrado\/1542635979353017?ref=bookmarks","https:\/\/www.youtube.com\/channel\/UC847kAfTkaJsWpc1jtQwr3Q"],"hasMerchantReturnPolicy":{"@type":"MerchantReturnPolicy","merchantReturnLink":"https:\/\/www.sestogrado.it\/it\/termini-e-condizioni\/"}}]},"product_brand":"YY Vertical","og_availability":"instock","product_availability":"instock","product_condition":"new"},"_links":{"self":[{"href":"https:\/\/www.sestogrado.it\/it\/wp-json\/wp\/v2\/product\/191384","targetHints":{"allow":["GET"]}}],"collection":[{"href":"https:\/\/www.sestogrado.it\/it\/wp-json\/wp\/v2\/product"}],"about":[{"href":"https:\/\/www.sestogrado.it\/it\/wp-json\/wp\/v2\/types\/product"}],"replies":[{"embeddable":true,"href":"https:\/\/www.sestogrado.it\/it\/wp-json\/wp\/v2\/comments?post=191384"}],"wp:featuredmedia":[{"embeddable":true,"href":"https:\/\/www.sestogrado.it\/it\/wp-json\/wp\/v2\/media\/191396"}],"wp:attachment":[{"href":"https:\/\/www.sestogrado.it\/it\/wp-json\/wp\/v2\/media?parent=191384"}],"wp:term":[{"taxonomy":"product_brand","embeddable":true,"href":"https:\/\/www.sestogrado.it\/it\/wp-json\/wp\/v2\/product_brand?post=191384"},{"taxonomy":"product_cat","embeddable":true,"href":"https:\/\/www.sestogrado.it\/it\/wp-json\/wp\/v2\/product_cat?post=191384"},{"taxonomy":"product_tag","embeddable":true,"href":"https:\/\/www.sestogrado.it\/it\/wp-json\/wp\/v2\/product_tag?post=191384"}],"curies":[{"name":"wp","href":"https:\/\/api.w.org\/{rel}","templated":true}]}}