{"id":1913,"date":"2015-07-07T15:23:55","date_gmt":"2015-07-07T13:23:55","guid":{"rendered":"http:\/\/www.sestogrado.it\/?post_type=product&#038;p=1913"},"modified":"2026-03-27T13:35:11","modified_gmt":"2026-03-27T12:35:11","slug":"black-diamond-rocklock-moschettone-hms-arrampicata","status":"publish","type":"product","link":"https:\/\/www.sestogrado.it\/it\/prodotto\/black-diamond-rocklock-moschettone-hms-arrampicata\/","title":{"rendered":"Black Diamond RockLock moschettone HMS arrampicata"},"content":{"rendered":"<p>Il RockLock \u00e8 il moschettone HMS best seller mondiale di Black Diamond. Punti di forza sono la larghezza e la facilit\u00e0 di gestione che consente di chiuderlo con una sola mano. Ampio e facile da gestire, ha un&#8217;ottima apertura della leva, in grado di alloggiare comodamente il mezzo barcaiolo.<\/p>\n<ul>\n<li>ampia superficie<\/li>\n<li>la forma massimizza l&#8217;apertura della leva<\/li>\n<li>naso <a href=\"https:\/\/www.sestogrado.it\/rinvii-keylock-e-non-keylock\/\" target=\"_blank\" rel=\"noopener noreferrer\">keylock <\/a>anti impigliamento<\/li>\n<li>forgiato a caldo<\/li>\n<li>gestibile con una mano sola<\/li>\n<\/ul>\n<p>Black Diamond usa due differenti metodi di forgiatura per costruire moschettoni: caldo e stampaggio a freddo. Ognuno ha i suoi vantaggi ed utilizzandoli entrambi si riesce a raggiungere la forma migliore possibile, le dimensioni e la resistenza ideale per destinazione d&#8217;uso di ogni moschettone. Il Black Diamond Rocklock \u00e8 un moschettone forgiato a caldo, dalla forma ergonomica e facile da impugnare.<\/p>\n<p>&nbsp;<\/p>\n<p>Black Diamond dal 1957 rappresenta un punto di riferimento mondiale per l&#8217;attrezzatura da arrampicata. Ci\u00f2 che all&#8217;inizio era una attivit\u00e0 artigianale con incudine e martello oggi si \u00e8 trasformata in una societ\u00e0 globale con uffici in tre continenti. Il segreto di Black Diamond \u00e8 sempre lo stesso: essere una societ\u00e0 formata da appassionati climber. In Black Diamond si continua a sognare su ci\u00f2 che potrebbe essere e si continua ad essere critici su ci\u00f2 che esiste. E&#8217; cos\u00ec che il processo creativo per la realizzazione della migliore attrezzatura da arrampicata non avr\u00e0 mai fine.<\/p>\n<p>&nbsp;<\/p>","protected":false},"excerpt":{"rendered":"<p>Il RockLock \u00e8 il moschettone HMS best seller mondiale di Black Diamond. Punti di forza sono la larghezza e la [&hellip;]<\/p>\n","protected":false},"featured_media":29238,"comment_status":"open","ping_status":"closed","template":"","meta":{"_acf_changed":false},"product_brand":[121],"product_cat":[17,132],"product_tag":[418],"class_list":{"0":"post-1913","1":"product","2":"type-product","3":"status-publish","4":"has-post-thumbnail","6":"product_brand-black-diamond","7":"product_cat-ferramenta","8":"product_cat-moschettoni","9":"product_tag-moschettoni","11":"first","12":"instock","13":"sale","14":"taxable","15":"shipping-taxable","16":"purchasable","17":"product-type-variable"},"acf":[],"yoast_head":"<!-- This site is optimized with the Yoast SEO plugin v26.4 - https:\/\/yoast.com\/wordpress\/plugins\/seo\/ -->\n<title>Black Diamond RockLock moschettone HMS arrampicata - Sestogrado<\/title>\n<meta name=\"description\" content=\"Il BD Black Diamond RockLock \u00e8 un moschettone HMS. Precisamente \u00e8 il moschettone di BD pi\u00f9 venduto al mondo grazie alle sue caratteristiche tecniche. Black Diamond usa due differenti metodi di forgiatura per costruire moschettoni: caldo e stampaggio a freddo. Ognuno ha i suoi vantaggi.\" \/>\n<meta name=\"robots\" content=\"index, follow, max-snippet:-1, max-image-preview:large, max-video-preview:-1\" \/>\n<link rel=\"canonical\" href=\"https:\/\/www.sestogrado.it\/it\/prodotto\/black-diamond-rocklock-moschettone-hms-arrampicata\/\" \/>\n<meta property=\"og:locale\" content=\"it_IT\" \/>\n<meta property=\"og:type\" content=\"article\" \/>\n<meta property=\"og:title\" content=\"Black Diamond RockLock moschettone HMS arrampicata - Sestogrado\" \/>\n<meta property=\"og:description\" content=\"Il BD Black Diamond RockLock \u00e8 un moschettone HMS. Precisamente \u00e8 il moschettone di BD pi\u00f9 venduto al mondo grazie alle sue caratteristiche tecniche. Black Diamond usa due differenti metodi di forgiatura per costruire moschettoni: caldo e stampaggio a freddo. Ognuno ha i suoi vantaggi.\" \/>\n<meta property=\"og:url\" content=\"https:\/\/www.sestogrado.it\/it\/prodotto\/black-diamond-rocklock-moschettone-hms-arrampicata\/\" \/>\n<meta property=\"og:site_name\" content=\"Sestogrado\" \/>\n<meta property=\"article:publisher\" content=\"https:\/\/www.facebook.com\/pages\/Sestogrado\/1542635979353017?ref=bookmarks\" \/>\n<meta property=\"article:modified_time\" content=\"2026-03-27T12:35:11+00:00\" \/>\n<meta property=\"og:image\" content=\"https:\/\/www.sestogrado.it\/wp-content\/uploads\/2015\/07\/Rocklock-nero.jpg\" \/>\n\t<meta property=\"og:image:width\" content=\"1400\" \/>\n\t<meta property=\"og:image:height\" content=\"1400\" \/>\n\t<meta property=\"og:image:type\" content=\"image\/jpeg\" \/>\n<meta name=\"twitter:label1\" content=\"Disponibilit\u00e0\" \/>\n\t<meta name=\"twitter:data1\" content=\"In stock\" \/>\n<script type=\"application\/ld+json\" class=\"yoast-schema-graph\">{\"@context\":\"https:\/\/schema.org\",\"@graph\":[{\"@type\":\"WebPage\",\"@id\":\"https:\/\/www.sestogrado.it\/it\/prodotto\/black-diamond-rocklock-moschettone-hms-arrampicata\/\",\"url\":\"https:\/\/www.sestogrado.it\/it\/prodotto\/black-diamond-rocklock-moschettone-hms-arrampicata\/\",\"name\":\"Black Diamond RockLock moschettone HMS arrampicata - Sestogrado\",\"isPartOf\":{\"@id\":\"https:\/\/www.sestogrado.it\/it\/#website\"},\"primaryImageOfPage\":{\"@id\":\"https:\/\/www.sestogrado.it\/it\/prodotto\/black-diamond-rocklock-moschettone-hms-arrampicata\/#primaryimage\"},\"image\":{\"@id\":\"https:\/\/www.sestogrado.it\/prodotto\/black-diamond-rocklock-moschettone-hms-arrampicata\/#primaryimage\"},\"thumbnailUrl\":\"https:\/\/www.sestogrado.it\/wp-content\/uploads\/2015\/07\/Rocklock-nero.jpg\",\"datePublished\":\"2015-07-07T13:23:55+00:00\",\"dateModified\":\"2026-03-27T12:35:11+00:00\",\"description\":\"Il BD Black Diamond RockLock \u00e8 un moschettone HMS. Precisamente \u00e8 il moschettone di BD pi\u00f9 venduto al mondo grazie alle sue caratteristiche tecniche. Black Diamond usa due differenti metodi di forgiatura per costruire moschettoni: caldo e stampaggio a freddo. Ognuno ha i suoi vantaggi.\",\"breadcrumb\":{\"@id\":\"https:\/\/www.sestogrado.it\/it\/prodotto\/black-diamond-rocklock-moschettone-hms-arrampicata\/#breadcrumb\"},\"inLanguage\":\"it-IT\",\"potentialAction\":[{\"@type\":\"ReadAction\",\"target\":[[\"https:\/\/www.sestogrado.it\/it\/prodotto\/black-diamond-rocklock-moschettone-hms-arrampicata\/\"]]}]},{\"@type\":\"ImageObject\",\"inLanguage\":\"it-IT\",\"@id\":\"https:\/\/www.sestogrado.it\/it\/prodotto\/black-diamond-rocklock-moschettone-hms-arrampicata\/#primaryimage\",\"url\":\"https:\/\/www.sestogrado.it\/wp-content\/uploads\/2015\/07\/Rocklock-nero.jpg\",\"contentUrl\":\"https:\/\/www.sestogrado.it\/wp-content\/uploads\/2015\/07\/Rocklock-nero.jpg\",\"width\":1400,\"height\":1400,\"caption\":\"Rocklock nero\"},{\"@type\":\"BreadcrumbList\",\"@id\":\"https:\/\/www.sestogrado.it\/it\/prodotto\/black-diamond-rocklock-moschettone-hms-arrampicata\/#breadcrumb\",\"itemListElement\":[{\"@type\":\"ListItem\",\"position\":1,\"name\":\"Home\",\"item\":\"https:\/\/www.sestogrado.it\/it\/\"},{\"@type\":\"ListItem\",\"position\":2,\"name\":\"Shop\",\"item\":\"https:\/\/www.sestogrado.it\/it\/shop\/\"},{\"@type\":\"ListItem\",\"position\":3,\"name\":\"Black Diamond RockLock moschettone HMS arrampicata\"}]},{\"@type\":\"WebSite\",\"@id\":\"https:\/\/www.sestogrado.it\/it\/#website\",\"url\":\"https:\/\/www.sestogrado.it\/it\/\",\"name\":\"Sestogrado\",\"description\":\"yes we climb\",\"publisher\":{\"@id\":\"https:\/\/www.sestogrado.it\/it\/#organization\"},\"potentialAction\":[{\"@type\":\"SearchAction\",\"target\":{\"@type\":\"EntryPoint\",\"urlTemplate\":\"https:\/\/www.sestogrado.it\/it\/?s={search_term_string}\"},\"query-input\":{\"@type\":\"PropertyValueSpecification\",\"valueRequired\":true,\"valueName\":\"search_term_string\"}}],\"inLanguage\":\"it-IT\"},{\"@type\":\"Organization\",\"@id\":\"https:\/\/www.sestogrado.it\/it\/#organization\",\"name\":\"Sestogrado\",\"url\":\"https:\/\/www.sestogrado.it\/it\/\",\"logo\":{\"@type\":\"ImageObject\",\"inLanguage\":\"it-IT\",\"@id\":\"https:\/\/www.sestogrado.it\/it\/#\/schema\/logo\/image\/\",\"url\":\"https:\/\/www.sestogrado.it\/wp-content\/uploads\/2015\/03\/sestogrado-favicon.png\",\"contentUrl\":\"https:\/\/www.sestogrado.it\/wp-content\/uploads\/2015\/03\/sestogrado-favicon.png\",\"width\":260,\"height\":260,\"caption\":\"Sestogrado\"},\"image\":{\"@id\":\"https:\/\/www.sestogrado.it\/it\/#\/schema\/logo\/image\/\"},\"sameAs\":[\"https:\/\/www.facebook.com\/pages\/Sestogrado\/1542635979353017?ref=bookmarks\",\"https:\/\/www.youtube.com\/channel\/UC847kAfTkaJsWpc1jtQwr3Q\"],\"hasMerchantReturnPolicy\":{\"@type\":\"MerchantReturnPolicy\",\"merchantReturnLink\":\"https:\/\/www.sestogrado.it\/it\/termini-e-condizioni\/\"}}]}<\/script>\n<meta property=\"product:brand\" content=\"Black Diamond\" \/>\n<meta property=\"og:availability\" content=\"instock\" \/>\n<meta property=\"product:availability\" content=\"instock\" \/>\n<meta property=\"product:condition\" content=\"new\" \/>\n<!-- \/ Yoast SEO plugin. -->","yoast_head_json":{"title":"Black Diamond RockLock moschettone HMS arrampicata - Sestogrado","description":"Il BD Black Diamond RockLock \u00e8 un moschettone HMS. Precisamente \u00e8 il moschettone di BD pi\u00f9 venduto al mondo grazie alle sue caratteristiche tecniche. Black Diamond usa due differenti metodi di forgiatura per costruire moschettoni: caldo e stampaggio a freddo. Ognuno ha i suoi vantaggi.","robots":{"index":"index","follow":"follow","max-snippet":"max-snippet:-1","max-image-preview":"max-image-preview:large","max-video-preview":"max-video-preview:-1"},"canonical":"https:\/\/www.sestogrado.it\/it\/prodotto\/black-diamond-rocklock-moschettone-hms-arrampicata\/","og_locale":"it_IT","og_type":"article","og_title":"Black Diamond RockLock moschettone HMS arrampicata - Sestogrado","og_description":"Il BD Black Diamond RockLock \u00e8 un moschettone HMS. Precisamente \u00e8 il moschettone di BD pi\u00f9 venduto al mondo grazie alle sue caratteristiche tecniche. Black Diamond usa due differenti metodi di forgiatura per costruire moschettoni: caldo e stampaggio a freddo. Ognuno ha i suoi vantaggi.","og_url":"https:\/\/www.sestogrado.it\/it\/prodotto\/black-diamond-rocklock-moschettone-hms-arrampicata\/","og_site_name":"Sestogrado","article_publisher":"https:\/\/www.facebook.com\/pages\/Sestogrado\/1542635979353017?ref=bookmarks","article_modified_time":"2026-03-27T12:35:11+00:00","og_image":[{"width":1400,"height":1400,"url":"https:\/\/www.sestogrado.it\/wp-content\/uploads\/2015\/07\/Rocklock-nero.jpg","type":"image\/jpeg"}],"twitter_misc":{"Disponibilit\u00e0":"In stock"},"schema":{"@context":"https:\/\/schema.org","@graph":[{"@type":"WebPage","@id":"https:\/\/www.sestogrado.it\/it\/prodotto\/black-diamond-rocklock-moschettone-hms-arrampicata\/","url":"https:\/\/www.sestogrado.it\/it\/prodotto\/black-diamond-rocklock-moschettone-hms-arrampicata\/","name":"Black Diamond RockLock moschettone HMS arrampicata - Sestogrado","isPartOf":{"@id":"https:\/\/www.sestogrado.it\/it\/#website"},"primaryImageOfPage":{"@id":"https:\/\/www.sestogrado.it\/it\/prodotto\/black-diamond-rocklock-moschettone-hms-arrampicata\/#primaryimage"},"image":{"@id":"https:\/\/www.sestogrado.it\/prodotto\/black-diamond-rocklock-moschettone-hms-arrampicata\/#primaryimage"},"thumbnailUrl":"https:\/\/www.sestogrado.it\/wp-content\/uploads\/2015\/07\/Rocklock-nero.jpg","datePublished":"2015-07-07T13:23:55+00:00","dateModified":"2026-03-27T12:35:11+00:00","description":"Il BD Black Diamond RockLock \u00e8 un moschettone HMS. Precisamente \u00e8 il moschettone di BD pi\u00f9 venduto al mondo grazie alle sue caratteristiche tecniche. Black Diamond usa due differenti metodi di forgiatura per costruire moschettoni: caldo e stampaggio a freddo. Ognuno ha i suoi vantaggi.","breadcrumb":{"@id":"https:\/\/www.sestogrado.it\/it\/prodotto\/black-diamond-rocklock-moschettone-hms-arrampicata\/#breadcrumb"},"inLanguage":"it-IT","potentialAction":[{"@type":"ReadAction","target":[["https:\/\/www.sestogrado.it\/it\/prodotto\/black-diamond-rocklock-moschettone-hms-arrampicata\/"]]}]},{"@type":"ImageObject","inLanguage":"it-IT","@id":"https:\/\/www.sestogrado.it\/it\/prodotto\/black-diamond-rocklock-moschettone-hms-arrampicata\/#primaryimage","url":"https:\/\/www.sestogrado.it\/wp-content\/uploads\/2015\/07\/Rocklock-nero.jpg","contentUrl":"https:\/\/www.sestogrado.it\/wp-content\/uploads\/2015\/07\/Rocklock-nero.jpg","width":1400,"height":1400,"caption":"Rocklock nero"},{"@type":"BreadcrumbList","@id":"https:\/\/www.sestogrado.it\/it\/prodotto\/black-diamond-rocklock-moschettone-hms-arrampicata\/#breadcrumb","itemListElement":[{"@type":"ListItem","position":1,"name":"Home","item":"https:\/\/www.sestogrado.it\/it\/"},{"@type":"ListItem","position":2,"name":"Shop","item":"https:\/\/www.sestogrado.it\/it\/shop\/"},{"@type":"ListItem","position":3,"name":"Black Diamond RockLock moschettone HMS arrampicata"}]},{"@type":"WebSite","@id":"https:\/\/www.sestogrado.it\/it\/#website","url":"https:\/\/www.sestogrado.it\/it\/","name":"Sestogrado","description":"yes we climb","publisher":{"@id":"https:\/\/www.sestogrado.it\/it\/#organization"},"potentialAction":[{"@type":"SearchAction","target":{"@type":"EntryPoint","urlTemplate":"https:\/\/www.sestogrado.it\/it\/?s={search_term_string}"},"query-input":{"@type":"PropertyValueSpecification","valueRequired":true,"valueName":"search_term_string"}}],"inLanguage":"it-IT"},{"@type":"Organization","@id":"https:\/\/www.sestogrado.it\/it\/#organization","name":"Sestogrado","url":"https:\/\/www.sestogrado.it\/it\/","logo":{"@type":"ImageObject","inLanguage":"it-IT","@id":"https:\/\/www.sestogrado.it\/it\/#\/schema\/logo\/image\/","url":"https:\/\/www.sestogrado.it\/wp-content\/uploads\/2015\/03\/sestogrado-favicon.png","contentUrl":"https:\/\/www.sestogrado.it\/wp-content\/uploads\/2015\/03\/sestogrado-favicon.png","width":260,"height":260,"caption":"Sestogrado"},"image":{"@id":"https:\/\/www.sestogrado.it\/it\/#\/schema\/logo\/image\/"},"sameAs":["https:\/\/www.facebook.com\/pages\/Sestogrado\/1542635979353017?ref=bookmarks","https:\/\/www.youtube.com\/channel\/UC847kAfTkaJsWpc1jtQwr3Q"],"hasMerchantReturnPolicy":{"@type":"MerchantReturnPolicy","merchantReturnLink":"https:\/\/www.sestogrado.it\/it\/termini-e-condizioni\/"}}]},"product_brand":"Black Diamond","og_availability":"instock","product_availability":"instock","product_condition":"new"},"_links":{"self":[{"href":"https:\/\/www.sestogrado.it\/it\/wp-json\/wp\/v2\/product\/1913","targetHints":{"allow":["GET"]}}],"collection":[{"href":"https:\/\/www.sestogrado.it\/it\/wp-json\/wp\/v2\/product"}],"about":[{"href":"https:\/\/www.sestogrado.it\/it\/wp-json\/wp\/v2\/types\/product"}],"replies":[{"embeddable":true,"href":"https:\/\/www.sestogrado.it\/it\/wp-json\/wp\/v2\/comments?post=1913"}],"wp:featuredmedia":[{"embeddable":true,"href":"https:\/\/www.sestogrado.it\/it\/wp-json\/wp\/v2\/media\/29238"}],"wp:attachment":[{"href":"https:\/\/www.sestogrado.it\/it\/wp-json\/wp\/v2\/media?parent=1913"}],"wp:term":[{"taxonomy":"product_brand","embeddable":true,"href":"https:\/\/www.sestogrado.it\/it\/wp-json\/wp\/v2\/product_brand?post=1913"},{"taxonomy":"product_cat","embeddable":true,"href":"https:\/\/www.sestogrado.it\/it\/wp-json\/wp\/v2\/product_cat?post=1913"},{"taxonomy":"product_tag","embeddable":true,"href":"https:\/\/www.sestogrado.it\/it\/wp-json\/wp\/v2\/product_tag?post=1913"}],"curies":[{"name":"wp","href":"https:\/\/api.w.org\/{rel}","templated":true}]}}