{"id":1910,"date":"2015-07-07T10:34:24","date_gmt":"2015-07-07T08:34:24","guid":{"rendered":"http:\/\/www.sestogrado.it\/prodotto\/ferramenta\/black-diamond-oz-rackpack-set-moschettoni-arrampicata\/"},"modified":"2025-08-07T07:43:29","modified_gmt":"2025-08-07T05:43:29","slug":"black-diamond-oz-rackpack-set-moschettoni-arrampicata","status":"publish","type":"product","link":"https:\/\/www.sestogrado.it\/it\/prodotto\/black-diamond-oz-rackpack-set-moschettoni-arrampicata\/","title":{"rendered":"Black Diamond Oz RackPack set moschettoni"},"content":{"rendered":"<p>Il Black Diamond Oz RackPack \u00e8 composto da moschettoni dalla incredibile leggerezza, forgiati a caldo e da solo 28g!<\/p>\n<p>Quando sarai\u00a0ghisato e spompato che cerchi il friend giusto per proteggere il passaggio, sarai felice di avere con te il Black Diamond Oz RackPack, che dispone di 6 moschettoni Oz forgiati a caldo, con codice colore per facilitare l&#8217;identificazione della camma.<\/p>\n<p>La tecnonologia Hoodwire di Black Diamond utilizza un filo di acciaio inossidabile a forma di cappuccio che protegge il naso del moschettone, impedendo l&#8217;impigliamento\u00a0della corda.<\/p>\n<ul>\n<li>forgiati a caldo<\/li>\n<li>leva filo Hoodwire in acciaio inossidabile, protegge naso moschettone e facilita la pulizia<\/li>\n<li>nuova forma ottimizzata<\/li>\n<li>leggerezza (28g cad.)<\/li>\n<li>anodizzato in diversi colori per rapida e facile identificazione<\/li>\n<\/ul>\n<p>I Rackpack di moschettoni sono ideali per collegare all&#8217;imbrago friends, nuts o fettucce, associando ogni dispositivo al colore specifico del moschettone per una pi\u00f9 rapida identificazione della protezione che si vuole usare in parete, inoltre possono essere usati per svariati <a href=\"https:\/\/www.sestogrado.it\/rackpack-di-moschettoni\/\" target=\"_blank\" rel=\"noopener noreferrer\">utilizzi<\/a>, tra cui la\u00a0realizzare\u00a0di un <a href=\"https:\/\/www.sestogrado.it\/come-realizzare-un-rinvio-alpinistico\/\" target=\"_blank\" rel=\"noopener noreferrer\">rinvio alpinistico<\/a>.<\/p>\n<p>&nbsp;<\/p>\n<p>Black Diamond usa due differenti metodi di forgiatura per costruire moschettoni: caldo e stampaggio a freddo. Ognuno ha i suoi vantaggi ed utilizzandoli entrambi si riesce a raggiungere la forma migliore possibile, le dimensioni e la resistenza ideale per destinazione d&#8217;uso di ogni moschettone.<\/p>\n<div class=\"attributeItem first\">\n<p><span class=\"attributeName\">Peso:\u00a0\u00a028\u00a0<\/span><span class=\"attributeValue\">g\u00a0cad.<\/span><\/p>\n<div class=\"clearfix\"><\/div>\n<\/div>\n<div class=\"attributeItem \">\n<p><span class=\"attributeName\">Resistenza leva chiusa:\u00a0\u00a020\u00a0<\/span><span class=\"attributeValue\">kN<\/span><\/p>\n<div class=\"clearfix\"><\/div>\n<\/div>\n<div class=\"attributeItem \">\n<p><span class=\"attributeName\">Resistenza leva aperta: \u00a07<\/span><span class=\"attributeValue\">\u00a0kN<\/span><\/p>\n<div class=\"clearfix\"><\/div>\n<\/div>\n<div class=\"attributeItem \">\n<p><span class=\"attributeName\">Resistenza asse minore: \u00a07<\/span><span class=\"attributeValue\">\u00a0kN<\/span><\/p>\n<div class=\"clearfix\"><\/div>\n<\/div>\n<div class=\"attributeItem \"><span class=\"attributeName\">Apertura leva:\u00a0\u00a0<\/span><span class=\"attributeValue\">22 mm<\/span><\/div>\n<div class=\"attributeItem \"><\/div>\n<div class=\"attributeItem \">Black Diamond dal 1957 rappresenta un punto di riferimento mondiale per l&#8217;attrezzatura da arrampicata. Ci\u00f2 che all&#8217;inizio era una attivit\u00e0 artigianale con incudine e martello oggi si \u00e8 trasformata in una societ\u00e0 globale con uffici in tre continenti. Il segreto di Black Diamond \u00e8 sempre lo stesso: essere una societ\u00e0 formata da appassionati climber. In Black Diamond si continua a sognare su ci\u00f2 che potrebbe essere e si continua ad essere critici su ci\u00f2 che esiste. E&#8217; cos\u00ec che il processo creativo per la realizzazione della migliore attrezzatura da arrampicata non avr\u00e0 mai fine.<\/div>\n<div class=\"attributeItem \"><\/div>\n<div class=\"attributeItem \"><img decoding=\"async\" class=\"alignleft size-full wp-image-1906\" src=\"https:\/\/www.sestogrado.it\/wp-content\/uploads\/2015\/07\/t-hi_hoodwire.png\" alt=\"hoodwire\" width=\"450\" height=\"274\" srcset=\"https:\/\/www.sestogrado.it\/wp-content\/uploads\/2015\/07\/t-hi_hoodwire.png 450w, https:\/\/www.sestogrado.it\/wp-content\/uploads\/2015\/07\/t-hi_hoodwire-300x183.png 300w, https:\/\/www.sestogrado.it\/wp-content\/uploads\/2015\/07\/t-hi_hoodwire-105x64.png 105w\" sizes=\"(max-width: 450px) 100vw, 450px\" \/><\/div>\n<p><\/p>","protected":false},"excerpt":{"rendered":"<p>Il Black Diamond Oz RackPack \u00e8 composto da moschettoni dalla incredibile leggerezza, forgiati a caldo e da solo 28g! Quando [&hellip;]<\/p>\n","protected":false},"featured_media":1911,"comment_status":"open","ping_status":"closed","template":"","meta":{"_acf_changed":false},"product_brand":[121],"product_cat":[17,132],"product_tag":[],"class_list":{"0":"post-1910","1":"product","2":"type-product","3":"status-publish","4":"has-post-thumbnail","6":"product_brand-black-diamond","7":"product_cat-ferramenta","8":"product_cat-moschettoni","10":"first","11":"outofstock","12":"sale","13":"taxable","14":"shipping-taxable","15":"purchasable","16":"product-type-simple"},"acf":[],"yoast_head":"<!-- This site is optimized with the Yoast SEO plugin v26.4 - https:\/\/yoast.com\/wordpress\/plugins\/seo\/ -->\n<title>Black Diamond Oz RackPack set moschettoni - Sestogrado<\/title>\n<meta name=\"description\" content=\"BD Black Diamond Oz RackPack. Set di moschettoni ultraleggeri anodizzati in diversi colori ideali per essere abbinati ai friend da arrampicata camalot. I Rackpack di moschettoni sono ideali per collegare all&#039;imbrago friends, nuts o fettucce, associando ogni dispositivo al colore specifico del moschettone.\" \/>\n<meta name=\"robots\" content=\"index, follow, max-snippet:-1, max-image-preview:large, max-video-preview:-1\" \/>\n<link rel=\"canonical\" href=\"https:\/\/www.sestogrado.it\/it\/prodotto\/black-diamond-oz-rackpack-set-moschettoni-arrampicata\/\" \/>\n<meta property=\"og:locale\" content=\"it_IT\" \/>\n<meta property=\"og:type\" content=\"article\" \/>\n<meta property=\"og:title\" content=\"Black Diamond Oz RackPack set moschettoni - Sestogrado\" \/>\n<meta property=\"og:description\" content=\"BD Black Diamond Oz RackPack. Set di moschettoni ultraleggeri anodizzati in diversi colori ideali per essere abbinati ai friend da arrampicata camalot. I Rackpack di moschettoni sono ideali per collegare all&#039;imbrago friends, nuts o fettucce, associando ogni dispositivo al colore specifico del moschettone.\" \/>\n<meta property=\"og:url\" content=\"https:\/\/www.sestogrado.it\/it\/prodotto\/black-diamond-oz-rackpack-set-moschettoni-arrampicata\/\" \/>\n<meta property=\"og:site_name\" content=\"Sestogrado\" \/>\n<meta property=\"article:publisher\" content=\"https:\/\/www.facebook.com\/pages\/Sestogrado\/1542635979353017?ref=bookmarks\" \/>\n<meta property=\"article:modified_time\" content=\"2025-08-07T05:43:29+00:00\" \/>\n<meta property=\"og:image\" content=\"https:\/\/www.sestogrado.it\/wp-content\/uploads\/2015\/07\/oz-rackpack.jpg\" \/>\n\t<meta property=\"og:image:width\" content=\"720\" \/>\n\t<meta property=\"og:image:height\" content=\"960\" \/>\n\t<meta property=\"og:image:type\" content=\"image\/jpeg\" \/>\n<meta name=\"twitter:label1\" content=\"Prezzo\" \/>\n\t<meta name=\"twitter:data1\" content=\"&euro;&nbsp;69,90\" \/>\n\t<meta name=\"twitter:label2\" content=\"Disponibilit\u00e0\" \/>\n\t<meta name=\"twitter:data2\" content=\"Esaurito\" \/>\n<script type=\"application\/ld+json\" class=\"yoast-schema-graph\">{\"@context\":\"https:\/\/schema.org\",\"@graph\":[{\"@type\":\"WebPage\",\"@id\":\"https:\/\/www.sestogrado.it\/it\/prodotto\/black-diamond-oz-rackpack-set-moschettoni-arrampicata\/\",\"url\":\"https:\/\/www.sestogrado.it\/it\/prodotto\/black-diamond-oz-rackpack-set-moschettoni-arrampicata\/\",\"name\":\"Black Diamond Oz RackPack set moschettoni - Sestogrado\",\"isPartOf\":{\"@id\":\"https:\/\/www.sestogrado.it\/it\/#website\"},\"primaryImageOfPage\":{\"@id\":\"https:\/\/www.sestogrado.it\/it\/prodotto\/black-diamond-oz-rackpack-set-moschettoni-arrampicata\/#primaryimage\"},\"image\":{\"@id\":\"https:\/\/www.sestogrado.it\/prodotto\/black-diamond-oz-rackpack-set-moschettoni-arrampicata\/#primaryimage\"},\"thumbnailUrl\":\"https:\/\/www.sestogrado.it\/wp-content\/uploads\/2015\/07\/oz-rackpack.jpg\",\"datePublished\":\"2015-07-07T08:34:24+00:00\",\"dateModified\":\"2025-08-07T05:43:29+00:00\",\"description\":\"BD Black Diamond Oz RackPack. Set di moschettoni ultraleggeri anodizzati in diversi colori ideali per essere abbinati ai friend da arrampicata camalot. I Rackpack di moschettoni sono ideali per collegare all'imbrago friends, nuts o fettucce, associando ogni dispositivo al colore specifico del moschettone.\",\"breadcrumb\":{\"@id\":\"https:\/\/www.sestogrado.it\/it\/prodotto\/black-diamond-oz-rackpack-set-moschettoni-arrampicata\/#breadcrumb\"},\"inLanguage\":\"it-IT\",\"potentialAction\":[{\"@type\":\"ReadAction\",\"target\":[[\"https:\/\/www.sestogrado.it\/it\/prodotto\/black-diamond-oz-rackpack-set-moschettoni-arrampicata\/\"]]}]},{\"@type\":\"ImageObject\",\"inLanguage\":\"it-IT\",\"@id\":\"https:\/\/www.sestogrado.it\/it\/prodotto\/black-diamond-oz-rackpack-set-moschettoni-arrampicata\/#primaryimage\",\"url\":\"https:\/\/www.sestogrado.it\/wp-content\/uploads\/2015\/07\/oz-rackpack.jpg\",\"contentUrl\":\"https:\/\/www.sestogrado.it\/wp-content\/uploads\/2015\/07\/oz-rackpack.jpg\",\"width\":720,\"height\":960,\"caption\":\"oz rackpack\"},{\"@type\":\"BreadcrumbList\",\"@id\":\"https:\/\/www.sestogrado.it\/it\/prodotto\/black-diamond-oz-rackpack-set-moschettoni-arrampicata\/#breadcrumb\",\"itemListElement\":[{\"@type\":\"ListItem\",\"position\":1,\"name\":\"Home\",\"item\":\"https:\/\/www.sestogrado.it\/it\/\"},{\"@type\":\"ListItem\",\"position\":2,\"name\":\"Shop\",\"item\":\"https:\/\/www.sestogrado.it\/it\/shop\/\"},{\"@type\":\"ListItem\",\"position\":3,\"name\":\"Black Diamond Oz RackPack set moschettoni\"}]},{\"@type\":\"WebSite\",\"@id\":\"https:\/\/www.sestogrado.it\/it\/#website\",\"url\":\"https:\/\/www.sestogrado.it\/it\/\",\"name\":\"Sestogrado\",\"description\":\"yes we climb\",\"publisher\":{\"@id\":\"https:\/\/www.sestogrado.it\/it\/#organization\"},\"potentialAction\":[{\"@type\":\"SearchAction\",\"target\":{\"@type\":\"EntryPoint\",\"urlTemplate\":\"https:\/\/www.sestogrado.it\/it\/?s={search_term_string}\"},\"query-input\":{\"@type\":\"PropertyValueSpecification\",\"valueRequired\":true,\"valueName\":\"search_term_string\"}}],\"inLanguage\":\"it-IT\"},{\"@type\":\"Organization\",\"@id\":\"https:\/\/www.sestogrado.it\/it\/#organization\",\"name\":\"Sestogrado\",\"url\":\"https:\/\/www.sestogrado.it\/it\/\",\"logo\":{\"@type\":\"ImageObject\",\"inLanguage\":\"it-IT\",\"@id\":\"https:\/\/www.sestogrado.it\/it\/#\/schema\/logo\/image\/\",\"url\":\"https:\/\/www.sestogrado.it\/wp-content\/uploads\/2015\/03\/sestogrado-favicon.png\",\"contentUrl\":\"https:\/\/www.sestogrado.it\/wp-content\/uploads\/2015\/03\/sestogrado-favicon.png\",\"width\":260,\"height\":260,\"caption\":\"Sestogrado\"},\"image\":{\"@id\":\"https:\/\/www.sestogrado.it\/it\/#\/schema\/logo\/image\/\"},\"sameAs\":[\"https:\/\/www.facebook.com\/pages\/Sestogrado\/1542635979353017?ref=bookmarks\",\"https:\/\/www.youtube.com\/channel\/UC847kAfTkaJsWpc1jtQwr3Q\"],\"hasMerchantReturnPolicy\":{\"@type\":\"MerchantReturnPolicy\",\"merchantReturnLink\":\"https:\/\/www.sestogrado.it\/it\/termini-e-condizioni\/\"}}]}<\/script>\n<meta property=\"product:brand\" content=\"Black Diamond\" \/>\n<meta property=\"product:price:amount\" content=\"69.90\" \/>\n<meta property=\"product:price:currency\" content=\"EUR\" \/>\n<meta property=\"og:availability\" content=\"out of stock\" \/>\n<meta property=\"product:availability\" content=\"out of stock\" \/>\n<meta property=\"product:condition\" content=\"new\" \/>\n<!-- \/ Yoast SEO plugin. -->","yoast_head_json":{"title":"Black Diamond Oz RackPack set moschettoni - Sestogrado","description":"BD Black Diamond Oz RackPack. Set di moschettoni ultraleggeri anodizzati in diversi colori ideali per essere abbinati ai friend da arrampicata camalot. I Rackpack di moschettoni sono ideali per collegare all'imbrago friends, nuts o fettucce, associando ogni dispositivo al colore specifico del moschettone.","robots":{"index":"index","follow":"follow","max-snippet":"max-snippet:-1","max-image-preview":"max-image-preview:large","max-video-preview":"max-video-preview:-1"},"canonical":"https:\/\/www.sestogrado.it\/it\/prodotto\/black-diamond-oz-rackpack-set-moschettoni-arrampicata\/","og_locale":"it_IT","og_type":"article","og_title":"Black Diamond Oz RackPack set moschettoni - Sestogrado","og_description":"BD Black Diamond Oz RackPack. Set di moschettoni ultraleggeri anodizzati in diversi colori ideali per essere abbinati ai friend da arrampicata camalot. I Rackpack di moschettoni sono ideali per collegare all'imbrago friends, nuts o fettucce, associando ogni dispositivo al colore specifico del moschettone.","og_url":"https:\/\/www.sestogrado.it\/it\/prodotto\/black-diamond-oz-rackpack-set-moschettoni-arrampicata\/","og_site_name":"Sestogrado","article_publisher":"https:\/\/www.facebook.com\/pages\/Sestogrado\/1542635979353017?ref=bookmarks","article_modified_time":"2025-08-07T05:43:29+00:00","og_image":[{"width":720,"height":960,"url":"https:\/\/www.sestogrado.it\/wp-content\/uploads\/2015\/07\/oz-rackpack.jpg","type":"image\/jpeg"}],"twitter_misc":{"Prezzo":"&euro;&nbsp;69,90","Disponibilit\u00e0":"Esaurito"},"schema":{"@context":"https:\/\/schema.org","@graph":[{"@type":"WebPage","@id":"https:\/\/www.sestogrado.it\/it\/prodotto\/black-diamond-oz-rackpack-set-moschettoni-arrampicata\/","url":"https:\/\/www.sestogrado.it\/it\/prodotto\/black-diamond-oz-rackpack-set-moschettoni-arrampicata\/","name":"Black Diamond Oz RackPack set moschettoni - Sestogrado","isPartOf":{"@id":"https:\/\/www.sestogrado.it\/it\/#website"},"primaryImageOfPage":{"@id":"https:\/\/www.sestogrado.it\/it\/prodotto\/black-diamond-oz-rackpack-set-moschettoni-arrampicata\/#primaryimage"},"image":{"@id":"https:\/\/www.sestogrado.it\/prodotto\/black-diamond-oz-rackpack-set-moschettoni-arrampicata\/#primaryimage"},"thumbnailUrl":"https:\/\/www.sestogrado.it\/wp-content\/uploads\/2015\/07\/oz-rackpack.jpg","datePublished":"2015-07-07T08:34:24+00:00","dateModified":"2025-08-07T05:43:29+00:00","description":"BD Black Diamond Oz RackPack. Set di moschettoni ultraleggeri anodizzati in diversi colori ideali per essere abbinati ai friend da arrampicata camalot. I Rackpack di moschettoni sono ideali per collegare all'imbrago friends, nuts o fettucce, associando ogni dispositivo al colore specifico del moschettone.","breadcrumb":{"@id":"https:\/\/www.sestogrado.it\/it\/prodotto\/black-diamond-oz-rackpack-set-moschettoni-arrampicata\/#breadcrumb"},"inLanguage":"it-IT","potentialAction":[{"@type":"ReadAction","target":[["https:\/\/www.sestogrado.it\/it\/prodotto\/black-diamond-oz-rackpack-set-moschettoni-arrampicata\/"]]}]},{"@type":"ImageObject","inLanguage":"it-IT","@id":"https:\/\/www.sestogrado.it\/it\/prodotto\/black-diamond-oz-rackpack-set-moschettoni-arrampicata\/#primaryimage","url":"https:\/\/www.sestogrado.it\/wp-content\/uploads\/2015\/07\/oz-rackpack.jpg","contentUrl":"https:\/\/www.sestogrado.it\/wp-content\/uploads\/2015\/07\/oz-rackpack.jpg","width":720,"height":960,"caption":"oz rackpack"},{"@type":"BreadcrumbList","@id":"https:\/\/www.sestogrado.it\/it\/prodotto\/black-diamond-oz-rackpack-set-moschettoni-arrampicata\/#breadcrumb","itemListElement":[{"@type":"ListItem","position":1,"name":"Home","item":"https:\/\/www.sestogrado.it\/it\/"},{"@type":"ListItem","position":2,"name":"Shop","item":"https:\/\/www.sestogrado.it\/it\/shop\/"},{"@type":"ListItem","position":3,"name":"Black Diamond Oz RackPack set moschettoni"}]},{"@type":"WebSite","@id":"https:\/\/www.sestogrado.it\/it\/#website","url":"https:\/\/www.sestogrado.it\/it\/","name":"Sestogrado","description":"yes we climb","publisher":{"@id":"https:\/\/www.sestogrado.it\/it\/#organization"},"potentialAction":[{"@type":"SearchAction","target":{"@type":"EntryPoint","urlTemplate":"https:\/\/www.sestogrado.it\/it\/?s={search_term_string}"},"query-input":{"@type":"PropertyValueSpecification","valueRequired":true,"valueName":"search_term_string"}}],"inLanguage":"it-IT"},{"@type":"Organization","@id":"https:\/\/www.sestogrado.it\/it\/#organization","name":"Sestogrado","url":"https:\/\/www.sestogrado.it\/it\/","logo":{"@type":"ImageObject","inLanguage":"it-IT","@id":"https:\/\/www.sestogrado.it\/it\/#\/schema\/logo\/image\/","url":"https:\/\/www.sestogrado.it\/wp-content\/uploads\/2015\/03\/sestogrado-favicon.png","contentUrl":"https:\/\/www.sestogrado.it\/wp-content\/uploads\/2015\/03\/sestogrado-favicon.png","width":260,"height":260,"caption":"Sestogrado"},"image":{"@id":"https:\/\/www.sestogrado.it\/it\/#\/schema\/logo\/image\/"},"sameAs":["https:\/\/www.facebook.com\/pages\/Sestogrado\/1542635979353017?ref=bookmarks","https:\/\/www.youtube.com\/channel\/UC847kAfTkaJsWpc1jtQwr3Q"],"hasMerchantReturnPolicy":{"@type":"MerchantReturnPolicy","merchantReturnLink":"https:\/\/www.sestogrado.it\/it\/termini-e-condizioni\/"}}]},"product_brand":"Black Diamond","product_price_amount":"69.90","product_price_currency":"EUR","og_availability":"out of stock","product_availability":"out of stock","product_condition":"new"},"_links":{"self":[{"href":"https:\/\/www.sestogrado.it\/it\/wp-json\/wp\/v2\/product\/1910","targetHints":{"allow":["GET"]}}],"collection":[{"href":"https:\/\/www.sestogrado.it\/it\/wp-json\/wp\/v2\/product"}],"about":[{"href":"https:\/\/www.sestogrado.it\/it\/wp-json\/wp\/v2\/types\/product"}],"replies":[{"embeddable":true,"href":"https:\/\/www.sestogrado.it\/it\/wp-json\/wp\/v2\/comments?post=1910"}],"wp:featuredmedia":[{"embeddable":true,"href":"https:\/\/www.sestogrado.it\/it\/wp-json\/wp\/v2\/media\/1911"}],"wp:attachment":[{"href":"https:\/\/www.sestogrado.it\/it\/wp-json\/wp\/v2\/media?parent=1910"}],"wp:term":[{"taxonomy":"product_brand","embeddable":true,"href":"https:\/\/www.sestogrado.it\/it\/wp-json\/wp\/v2\/product_brand?post=1910"},{"taxonomy":"product_cat","embeddable":true,"href":"https:\/\/www.sestogrado.it\/it\/wp-json\/wp\/v2\/product_cat?post=1910"},{"taxonomy":"product_tag","embeddable":true,"href":"https:\/\/www.sestogrado.it\/it\/wp-json\/wp\/v2\/product_tag?post=1910"}],"curies":[{"name":"wp","href":"https:\/\/api.w.org\/{rel}","templated":true}]}}