{"id":190994,"date":"2025-05-08T11:53:54","date_gmt":"2025-05-08T09:53:54","guid":{"rendered":"https:\/\/www.sestogrado.it\/?post_type=product&#038;p=190994"},"modified":"2026-01-16T14:25:32","modified_gmt":"2026-01-16T13:25:32","slug":"camp-ed-150-evo-essential-saccoletto-sacco-a-pelo","status":"publish","type":"product","link":"https:\/\/www.sestogrado.it\/it\/prodotto\/camp-ed-150-evo-essential-saccoletto-sacco-a-pelo\/","title":{"rendered":"Camp ED 150 EVO essential saccoletto sacco a pelo"},"content":{"rendered":"<p>Il Camp ED 150 EVO \u00e8 il saccoletto pi\u00f9 leggero della collezione Essential di Camp, per avere la qualit\u00e0 e termicit\u00e0 impagabile della piuma, in condizioni miti. La versione EVO \u00e8 dotata di un design di alto livello, con una forma che segue esattamente quella del corpo ed una capacit\u00e0 termica che si adatta alle esigenze pi\u00f9 tecniche.<\/p>\n<p>Design di alto livello e qualit\u00e0 superiore dei materiali impiegati: ecco i motivi che rendono questa linea veramente unica. L\u2019imbottitura in piumino d\u2019anatra e il tessuto Araneum offrono la miglior combinazione di termicit\u00e0, leggerezza e volume. I sacchiletto ED Evo sono ideali quando occorre ridurre il peso al minimo grazie alla forma, alla costruzione del cappuccio e alla zip laterale corta. La lunghezza di 210 cm, che non compromette la compattezza del prodotto ripiegato, garantisce un buon comfort anche alle persone pi\u00f9 alte. La custodia \u00e8 multiuso, pensata per fare anche da Storage Bag. Il sistema di apertura-chiusura Roll-up la rende particolarmente ampia, mentre il sistema di fettucce con fibbie permette di ridurne ulteriormente il volume.<\/p>\n<p>Il Camp ED 150 EVO ha una soglia di comfort di 13\u00b0, una limite di 9\u00b0, ed una temperatura estrema di -3\u00b0. E&#8217; realizzato in due versioni, con cerniera a destra (colore grigio) e con cerniera a sinistra (nero), \u00e8 in piumino d&#8217;oca, realizzato con un design di alto livello e qualit\u00e0 superiore dei materiali impiegati, per dare massima termicit\u00e0 in poco spazio.<\/p>\n<p>L\u2019imbottitura in piumino d\u2019oca e il tessuto Araneum offrono la miglior combinazione di termicit\u00e0, leggerezza e volume. I sacchiletto ED sono ideali quando occorre ridurre il peso al minimo grazie alla forma che segue perfettamente quella del corpo umano, alla costruzione del cappuccio e alla zip laterale corta.<\/p>\n<ul>\n<li>Superleggero (430g), rapidamente comprimibile<\/li>\n<li>La migliore combinazione in termini di termicit\u00e0, leggerezza e volume<\/li>\n<li>210 cm di lunghezza per garantire un buon comfort anche alle persone pi\u00f9 alte<\/li>\n<li>Esterno in tessuto Araneum, idrorepellente, ed interno in T-Lite<\/li>\n<li>Imbottito in piuma d\u2019anatra<\/li>\n<li>Disponibile nelle versioni 700, 500, 300, 150<\/li>\n<li>Baffle Construction a canali per i modelli 700, 500 e 300, costruzione Stitched Through con cuciture passanti per il modello 150<\/li>\n<li>Ampia custodia multiuso con apertura-chiusura Roll-up e fettucce con fibbie rapide per compattarla<\/li>\n<li>Filling Power 700cuin<\/li>\n<\/ul>\n<p>&nbsp;<\/p>\n<p><strong>Baffle Construction (B.C.)<\/strong>: il Camp ED 150 \u00e8 realizzato con particolare costruzione a canali che evita i punti freddi.<\/p>\n<p><strong>Piuma d&#8217;oca<\/strong>: imbottitura al 100% naturale per ottenere le migliori performance in termini di peso e volume.<\/p>\n<p><strong>Filling Power<\/strong>: il filling power \u00e8 la capacit\u00e0 della piuma di rigonfiarsi e trattenere l&#8217;aria ed \u00e8 espressa in pollici cubi. Il Camp ED 150 EVO ha un filling power elevato di 700cuin, tanto \u00e8 maggiore il filling power, tanto pi\u00f9 l&#8217;imbottitura permette di trattenere il calore del corpo all&#8217;interno del saccoletto.<\/p>\n<p><strong>Collarino esterno imbottito<\/strong>: salsicciotto imbottito parafreddo posto attorno al cappuccio per garantire un perfetto isolamento.<\/p>\n<p><strong>Cappuccio preformato<\/strong>: concepito per dare il massimo comfort e protezione, regolabile con cordino elastico.<\/p>\n<p><strong>Cerniera a doppio cursore<\/strong>: per aprire\/chiudere il saccoletto in entrambe le direzioni, permette l&#8217;unione di due sacchiletto ed aiuta la ventilazione all&#8217;interno quando necessario.<\/p>\n<p><strong>Patella di protezione<\/strong>: salsicciotto imbottito posto lungo tutta la lunghezza della cerniera per mantenere il calore all&#8217;interno.<\/p>\n<p><strong>Sistema di aerazione<\/strong>: asole per fissare il saccoletto e farlo arieggiare.<\/p>\n<p><strong>Cordino di regolazione certificato<\/strong>: un cordino elastico ed una fettuccia permettono di individuare durante la notte quale parte stringere del cappuccio. Il cordino elastico stringe la met\u00e0 superiore del volto, mentre la fettuccia stringe la parte inferiore.<\/p>\n<p><strong>Tessuto<\/strong>: l&#8217;Araneum con cui \u00e8 realizzato il Camp ED 150 EVO \u00e8 un tessuto windproof in Nylon Ripstop superleggero e comprimibile. Possiede un eccezionale grado di traspirabilit\u00e0 ed \u00e8 idrorepellente.<\/p>\n<p><strong>Custodia<\/strong>: sacchetto custodia con 3 cinghie di compressione per ridurre il volume.<\/p>\n<p>&nbsp;<\/p>\n<p>Il Camp ED 150 EVO \u00e8 ideale per alpinismo e trekking estivo, notti in bivacco.<\/p>","protected":false},"excerpt":{"rendered":"<p>Il Camp ED 150 EVO \u00e8 il saccoletto pi\u00f9 leggero della collezione Essential di Camp, per avere la qualit\u00e0 e [&hellip;]<\/p>\n","protected":false},"featured_media":190998,"comment_status":"open","ping_status":"closed","template":"","meta":{"_acf_changed":false},"product_brand":[31],"product_cat":[577],"product_tag":[],"class_list":{"0":"post-190994","1":"product","2":"type-product","3":"status-publish","4":"has-post-thumbnail","6":"product_brand-camp","7":"product_cat-sacchi-a-pelo","9":"first","10":"instock","11":"sale","12":"taxable","13":"shipping-taxable","14":"purchasable","15":"product-type-variable"},"acf":[],"yoast_head":"<!-- This site is optimized with the Yoast SEO plugin v26.4 - https:\/\/yoast.com\/wordpress\/plugins\/seo\/ -->\n<title>Camp ED 150 EVO essential saccoletto sacco a pelo - Sestogrado<\/title>\n<meta name=\"description\" content=\"Il Camp ED 150 EVO \u00e8 il saccoletto pi\u00f9 leggero della collezione Essential di Camp, per avere la qualit\u00e0 e termicit\u00e0 impagabile della piuma, in condizioni miti. La versione EVO \u00e8 dotata di un design di alto livello, con una forma che segue esattamente quella del corpo ed una capacit\u00e0 termica che si adatta alle esigenze pi\u00f9 tecniche.Design di alto livello e qualit\u00e0 superiore dei materiali impiegati: ecco i motivi che rendono questa linea veramente unica. L\u2019imbottitura in piumino d\u2019anatra e il tessuto Araneum offrono la miglior combinazione di termicit\u00e0, leggerezza e volume.\" \/>\n<meta name=\"robots\" content=\"index, follow, max-snippet:-1, max-image-preview:large, max-video-preview:-1\" \/>\n<link rel=\"canonical\" href=\"https:\/\/www.sestogrado.it\/it\/prodotto\/camp-ed-150-evo-essential-saccoletto-sacco-a-pelo\/\" \/>\n<meta property=\"og:locale\" content=\"it_IT\" \/>\n<meta property=\"og:type\" content=\"article\" \/>\n<meta property=\"og:title\" content=\"Camp ED 150 EVO essential saccoletto sacco a pelo - Sestogrado\" \/>\n<meta property=\"og:description\" content=\"Il Camp ED 150 EVO \u00e8 il saccoletto pi\u00f9 leggero della collezione Essential di Camp, per avere la qualit\u00e0 e termicit\u00e0 impagabile della piuma, in condizioni miti. La versione EVO \u00e8 dotata di un design di alto livello, con una forma che segue esattamente quella del corpo ed una capacit\u00e0 termica che si adatta alle esigenze pi\u00f9 tecniche.Design di alto livello e qualit\u00e0 superiore dei materiali impiegati: ecco i motivi che rendono questa linea veramente unica. L\u2019imbottitura in piumino d\u2019anatra e il tessuto Araneum offrono la miglior combinazione di termicit\u00e0, leggerezza e volume.\" \/>\n<meta property=\"og:url\" content=\"https:\/\/www.sestogrado.it\/it\/prodotto\/camp-ed-150-evo-essential-saccoletto-sacco-a-pelo\/\" \/>\n<meta property=\"og:site_name\" content=\"Sestogrado\" \/>\n<meta property=\"article:publisher\" content=\"https:\/\/www.facebook.com\/pages\/Sestogrado\/1542635979353017?ref=bookmarks\" \/>\n<meta property=\"article:modified_time\" content=\"2026-01-16T13:25:32+00:00\" \/>\n<meta property=\"og:image\" content=\"https:\/\/www.sestogrado.it\/wp-content\/uploads\/2025\/05\/150-destra.jpg\" \/>\n\t<meta property=\"og:image:width\" content=\"1400\" \/>\n\t<meta property=\"og:image:height\" content=\"1400\" \/>\n\t<meta property=\"og:image:type\" content=\"image\/jpeg\" \/>\n<meta name=\"twitter:label1\" content=\"Disponibilit\u00e0\" \/>\n\t<meta name=\"twitter:data1\" content=\"In stock\" \/>\n<script type=\"application\/ld+json\" class=\"yoast-schema-graph\">{\"@context\":\"https:\/\/schema.org\",\"@graph\":[{\"@type\":\"WebPage\",\"@id\":\"https:\/\/www.sestogrado.it\/it\/prodotto\/camp-ed-150-evo-essential-saccoletto-sacco-a-pelo\/\",\"url\":\"https:\/\/www.sestogrado.it\/it\/prodotto\/camp-ed-150-evo-essential-saccoletto-sacco-a-pelo\/\",\"name\":\"Camp ED 150 EVO essential saccoletto sacco a pelo - Sestogrado\",\"isPartOf\":{\"@id\":\"https:\/\/www.sestogrado.it\/it\/#website\"},\"primaryImageOfPage\":{\"@id\":\"https:\/\/www.sestogrado.it\/it\/prodotto\/camp-ed-150-evo-essential-saccoletto-sacco-a-pelo\/#primaryimage\"},\"image\":{\"@id\":\"https:\/\/www.sestogrado.it\/prodotto\/camp-ed-150-evo-essential-saccoletto-sacco-a-pelo\/#primaryimage\"},\"thumbnailUrl\":\"https:\/\/www.sestogrado.it\/wp-content\/uploads\/2025\/05\/150-destra.jpg\",\"datePublished\":\"2025-05-08T09:53:54+00:00\",\"dateModified\":\"2026-01-16T13:25:32+00:00\",\"description\":\"Il Camp ED 150 EVO \u00e8 il saccoletto pi\u00f9 leggero della collezione Essential di Camp, per avere la qualit\u00e0 e termicit\u00e0 impagabile della piuma, in condizioni miti. La versione EVO \u00e8 dotata di un design di alto livello, con una forma che segue esattamente quella del corpo ed una capacit\u00e0 termica che si adatta alle esigenze pi\u00f9 tecniche.Design di alto livello e qualit\u00e0 superiore dei materiali impiegati: ecco i motivi che rendono questa linea veramente unica. L\u2019imbottitura in piumino d\u2019anatra e il tessuto Araneum offrono la miglior combinazione di termicit\u00e0, leggerezza e volume.\",\"breadcrumb\":{\"@id\":\"https:\/\/www.sestogrado.it\/it\/prodotto\/camp-ed-150-evo-essential-saccoletto-sacco-a-pelo\/#breadcrumb\"},\"inLanguage\":\"it-IT\",\"potentialAction\":[{\"@type\":\"ReadAction\",\"target\":[[\"https:\/\/www.sestogrado.it\/it\/prodotto\/camp-ed-150-evo-essential-saccoletto-sacco-a-pelo\/\"]]}]},{\"@type\":\"ImageObject\",\"inLanguage\":\"it-IT\",\"@id\":\"https:\/\/www.sestogrado.it\/it\/prodotto\/camp-ed-150-evo-essential-saccoletto-sacco-a-pelo\/#primaryimage\",\"url\":\"https:\/\/www.sestogrado.it\/wp-content\/uploads\/2025\/05\/150-destra.jpg\",\"contentUrl\":\"https:\/\/www.sestogrado.it\/wp-content\/uploads\/2025\/05\/150-destra.jpg\",\"width\":1400,\"height\":1400,\"caption\":\"ed 150 evo-destra\"},{\"@type\":\"BreadcrumbList\",\"@id\":\"https:\/\/www.sestogrado.it\/it\/prodotto\/camp-ed-150-evo-essential-saccoletto-sacco-a-pelo\/#breadcrumb\",\"itemListElement\":[{\"@type\":\"ListItem\",\"position\":1,\"name\":\"Home\",\"item\":\"https:\/\/www.sestogrado.it\/it\/\"},{\"@type\":\"ListItem\",\"position\":2,\"name\":\"Shop\",\"item\":\"https:\/\/www.sestogrado.it\/it\/shop\/\"},{\"@type\":\"ListItem\",\"position\":3,\"name\":\"Camp ED 150 EVO essential saccoletto sacco a pelo\"}]},{\"@type\":\"WebSite\",\"@id\":\"https:\/\/www.sestogrado.it\/it\/#website\",\"url\":\"https:\/\/www.sestogrado.it\/it\/\",\"name\":\"Sestogrado\",\"description\":\"yes we climb\",\"publisher\":{\"@id\":\"https:\/\/www.sestogrado.it\/it\/#organization\"},\"potentialAction\":[{\"@type\":\"SearchAction\",\"target\":{\"@type\":\"EntryPoint\",\"urlTemplate\":\"https:\/\/www.sestogrado.it\/it\/?s={search_term_string}\"},\"query-input\":{\"@type\":\"PropertyValueSpecification\",\"valueRequired\":true,\"valueName\":\"search_term_string\"}}],\"inLanguage\":\"it-IT\"},{\"@type\":\"Organization\",\"@id\":\"https:\/\/www.sestogrado.it\/it\/#organization\",\"name\":\"Sestogrado\",\"url\":\"https:\/\/www.sestogrado.it\/it\/\",\"logo\":{\"@type\":\"ImageObject\",\"inLanguage\":\"it-IT\",\"@id\":\"https:\/\/www.sestogrado.it\/it\/#\/schema\/logo\/image\/\",\"url\":\"https:\/\/www.sestogrado.it\/wp-content\/uploads\/2015\/03\/sestogrado-favicon.png\",\"contentUrl\":\"https:\/\/www.sestogrado.it\/wp-content\/uploads\/2015\/03\/sestogrado-favicon.png\",\"width\":260,\"height\":260,\"caption\":\"Sestogrado\"},\"image\":{\"@id\":\"https:\/\/www.sestogrado.it\/it\/#\/schema\/logo\/image\/\"},\"sameAs\":[\"https:\/\/www.facebook.com\/pages\/Sestogrado\/1542635979353017?ref=bookmarks\",\"https:\/\/www.youtube.com\/channel\/UC847kAfTkaJsWpc1jtQwr3Q\"],\"hasMerchantReturnPolicy\":{\"@type\":\"MerchantReturnPolicy\",\"merchantReturnLink\":\"https:\/\/www.sestogrado.it\/it\/termini-e-condizioni\/\"}}]}<\/script>\n<meta property=\"product:brand\" content=\"Camp\" \/>\n<meta property=\"og:availability\" content=\"instock\" \/>\n<meta property=\"product:availability\" content=\"instock\" \/>\n<meta property=\"product:condition\" content=\"new\" \/>\n<!-- \/ Yoast SEO plugin. -->","yoast_head_json":{"title":"Camp ED 150 EVO essential saccoletto sacco a pelo - Sestogrado","description":"Il Camp ED 150 EVO \u00e8 il saccoletto pi\u00f9 leggero della collezione Essential di Camp, per avere la qualit\u00e0 e termicit\u00e0 impagabile della piuma, in condizioni miti. La versione EVO \u00e8 dotata di un design di alto livello, con una forma che segue esattamente quella del corpo ed una capacit\u00e0 termica che si adatta alle esigenze pi\u00f9 tecniche.Design di alto livello e qualit\u00e0 superiore dei materiali impiegati: ecco i motivi che rendono questa linea veramente unica. L\u2019imbottitura in piumino d\u2019anatra e il tessuto Araneum offrono la miglior combinazione di termicit\u00e0, leggerezza e volume.","robots":{"index":"index","follow":"follow","max-snippet":"max-snippet:-1","max-image-preview":"max-image-preview:large","max-video-preview":"max-video-preview:-1"},"canonical":"https:\/\/www.sestogrado.it\/it\/prodotto\/camp-ed-150-evo-essential-saccoletto-sacco-a-pelo\/","og_locale":"it_IT","og_type":"article","og_title":"Camp ED 150 EVO essential saccoletto sacco a pelo - Sestogrado","og_description":"Il Camp ED 150 EVO \u00e8 il saccoletto pi\u00f9 leggero della collezione Essential di Camp, per avere la qualit\u00e0 e termicit\u00e0 impagabile della piuma, in condizioni miti. La versione EVO \u00e8 dotata di un design di alto livello, con una forma che segue esattamente quella del corpo ed una capacit\u00e0 termica che si adatta alle esigenze pi\u00f9 tecniche.Design di alto livello e qualit\u00e0 superiore dei materiali impiegati: ecco i motivi che rendono questa linea veramente unica. L\u2019imbottitura in piumino d\u2019anatra e il tessuto Araneum offrono la miglior combinazione di termicit\u00e0, leggerezza e volume.","og_url":"https:\/\/www.sestogrado.it\/it\/prodotto\/camp-ed-150-evo-essential-saccoletto-sacco-a-pelo\/","og_site_name":"Sestogrado","article_publisher":"https:\/\/www.facebook.com\/pages\/Sestogrado\/1542635979353017?ref=bookmarks","article_modified_time":"2026-01-16T13:25:32+00:00","og_image":[{"width":1400,"height":1400,"url":"https:\/\/www.sestogrado.it\/wp-content\/uploads\/2025\/05\/150-destra.jpg","type":"image\/jpeg"}],"twitter_misc":{"Disponibilit\u00e0":"In stock"},"schema":{"@context":"https:\/\/schema.org","@graph":[{"@type":"WebPage","@id":"https:\/\/www.sestogrado.it\/it\/prodotto\/camp-ed-150-evo-essential-saccoletto-sacco-a-pelo\/","url":"https:\/\/www.sestogrado.it\/it\/prodotto\/camp-ed-150-evo-essential-saccoletto-sacco-a-pelo\/","name":"Camp ED 150 EVO essential saccoletto sacco a pelo - Sestogrado","isPartOf":{"@id":"https:\/\/www.sestogrado.it\/it\/#website"},"primaryImageOfPage":{"@id":"https:\/\/www.sestogrado.it\/it\/prodotto\/camp-ed-150-evo-essential-saccoletto-sacco-a-pelo\/#primaryimage"},"image":{"@id":"https:\/\/www.sestogrado.it\/prodotto\/camp-ed-150-evo-essential-saccoletto-sacco-a-pelo\/#primaryimage"},"thumbnailUrl":"https:\/\/www.sestogrado.it\/wp-content\/uploads\/2025\/05\/150-destra.jpg","datePublished":"2025-05-08T09:53:54+00:00","dateModified":"2026-01-16T13:25:32+00:00","description":"Il Camp ED 150 EVO \u00e8 il saccoletto pi\u00f9 leggero della collezione Essential di Camp, per avere la qualit\u00e0 e termicit\u00e0 impagabile della piuma, in condizioni miti. La versione EVO \u00e8 dotata di un design di alto livello, con una forma che segue esattamente quella del corpo ed una capacit\u00e0 termica che si adatta alle esigenze pi\u00f9 tecniche.Design di alto livello e qualit\u00e0 superiore dei materiali impiegati: ecco i motivi che rendono questa linea veramente unica. L\u2019imbottitura in piumino d\u2019anatra e il tessuto Araneum offrono la miglior combinazione di termicit\u00e0, leggerezza e volume.","breadcrumb":{"@id":"https:\/\/www.sestogrado.it\/it\/prodotto\/camp-ed-150-evo-essential-saccoletto-sacco-a-pelo\/#breadcrumb"},"inLanguage":"it-IT","potentialAction":[{"@type":"ReadAction","target":[["https:\/\/www.sestogrado.it\/it\/prodotto\/camp-ed-150-evo-essential-saccoletto-sacco-a-pelo\/"]]}]},{"@type":"ImageObject","inLanguage":"it-IT","@id":"https:\/\/www.sestogrado.it\/it\/prodotto\/camp-ed-150-evo-essential-saccoletto-sacco-a-pelo\/#primaryimage","url":"https:\/\/www.sestogrado.it\/wp-content\/uploads\/2025\/05\/150-destra.jpg","contentUrl":"https:\/\/www.sestogrado.it\/wp-content\/uploads\/2025\/05\/150-destra.jpg","width":1400,"height":1400,"caption":"ed 150 evo-destra"},{"@type":"BreadcrumbList","@id":"https:\/\/www.sestogrado.it\/it\/prodotto\/camp-ed-150-evo-essential-saccoletto-sacco-a-pelo\/#breadcrumb","itemListElement":[{"@type":"ListItem","position":1,"name":"Home","item":"https:\/\/www.sestogrado.it\/it\/"},{"@type":"ListItem","position":2,"name":"Shop","item":"https:\/\/www.sestogrado.it\/it\/shop\/"},{"@type":"ListItem","position":3,"name":"Camp ED 150 EVO essential saccoletto sacco a pelo"}]},{"@type":"WebSite","@id":"https:\/\/www.sestogrado.it\/it\/#website","url":"https:\/\/www.sestogrado.it\/it\/","name":"Sestogrado","description":"yes we climb","publisher":{"@id":"https:\/\/www.sestogrado.it\/it\/#organization"},"potentialAction":[{"@type":"SearchAction","target":{"@type":"EntryPoint","urlTemplate":"https:\/\/www.sestogrado.it\/it\/?s={search_term_string}"},"query-input":{"@type":"PropertyValueSpecification","valueRequired":true,"valueName":"search_term_string"}}],"inLanguage":"it-IT"},{"@type":"Organization","@id":"https:\/\/www.sestogrado.it\/it\/#organization","name":"Sestogrado","url":"https:\/\/www.sestogrado.it\/it\/","logo":{"@type":"ImageObject","inLanguage":"it-IT","@id":"https:\/\/www.sestogrado.it\/it\/#\/schema\/logo\/image\/","url":"https:\/\/www.sestogrado.it\/wp-content\/uploads\/2015\/03\/sestogrado-favicon.png","contentUrl":"https:\/\/www.sestogrado.it\/wp-content\/uploads\/2015\/03\/sestogrado-favicon.png","width":260,"height":260,"caption":"Sestogrado"},"image":{"@id":"https:\/\/www.sestogrado.it\/it\/#\/schema\/logo\/image\/"},"sameAs":["https:\/\/www.facebook.com\/pages\/Sestogrado\/1542635979353017?ref=bookmarks","https:\/\/www.youtube.com\/channel\/UC847kAfTkaJsWpc1jtQwr3Q"],"hasMerchantReturnPolicy":{"@type":"MerchantReturnPolicy","merchantReturnLink":"https:\/\/www.sestogrado.it\/it\/termini-e-condizioni\/"}}]},"product_brand":"Camp","og_availability":"instock","product_availability":"instock","product_condition":"new"},"_links":{"self":[{"href":"https:\/\/www.sestogrado.it\/it\/wp-json\/wp\/v2\/product\/190994","targetHints":{"allow":["GET"]}}],"collection":[{"href":"https:\/\/www.sestogrado.it\/it\/wp-json\/wp\/v2\/product"}],"about":[{"href":"https:\/\/www.sestogrado.it\/it\/wp-json\/wp\/v2\/types\/product"}],"replies":[{"embeddable":true,"href":"https:\/\/www.sestogrado.it\/it\/wp-json\/wp\/v2\/comments?post=190994"}],"wp:featuredmedia":[{"embeddable":true,"href":"https:\/\/www.sestogrado.it\/it\/wp-json\/wp\/v2\/media\/190998"}],"wp:attachment":[{"href":"https:\/\/www.sestogrado.it\/it\/wp-json\/wp\/v2\/media?parent=190994"}],"wp:term":[{"taxonomy":"product_brand","embeddable":true,"href":"https:\/\/www.sestogrado.it\/it\/wp-json\/wp\/v2\/product_brand?post=190994"},{"taxonomy":"product_cat","embeddable":true,"href":"https:\/\/www.sestogrado.it\/it\/wp-json\/wp\/v2\/product_cat?post=190994"},{"taxonomy":"product_tag","embeddable":true,"href":"https:\/\/www.sestogrado.it\/it\/wp-json\/wp\/v2\/product_tag?post=190994"}],"curies":[{"name":"wp","href":"https:\/\/api.w.org\/{rel}","templated":true}]}}