{"id":190655,"date":"2025-05-05T11:41:55","date_gmt":"2025-05-05T09:41:55","guid":{"rendered":"https:\/\/www.sestogrado.it\/?post_type=product&#038;p=190655"},"modified":"2026-03-14T20:51:54","modified_gmt":"2026-03-14T19:51:54","slug":"ferrino-estella-40-zaino-da-escursionismo-e-hiking","status":"publish","type":"product","link":"https:\/\/www.sestogrado.it\/it\/prodotto\/ferrino-estella-40-zaino-da-escursionismo-e-hiking\/","title":{"rendered":"Ferrino Estella 40 zaino da escursionismo e hiking"},"content":{"rendered":"<p>Lo zaino da hiking <strong data-start=\"19\" data-end=\"41\">Ferrino Estella 40<\/strong> \u00e8 pensato per accompagnarti in ogni escursione con funzionalit\u00e0, comfort e sostenibilit\u00e0. Con una capacit\u00e0 ottimale per uscite di uno o pi\u00f9 giorni, \u00e8 l\u2019alleato perfetto per chi cerca uno zaino tecnico ma pratico. Grazie alla sua struttura ben organizzata, con numerose tasche \u2013 tra cui frontale, laterali, sul cappuccio e interna \u2013 consente di gestire al meglio l\u2019attrezzatura, tenendo tutto a portata di mano. Il sistema di schienale <strong data-start=\"477\" data-end=\"495\">Dry Net System<\/strong> con telaio in acciaio flessibile garantisce una distribuzione ottimale del carico e una ventilazione continua, riducendo la sudorazione anche durante i percorsi pi\u00f9 intensi. Realizzato in <strong data-start=\"684\" data-end=\"726\">poliestere ripstop 210D 100% riciclato<\/strong>, unisce resistenza e attenzione all\u2019ambiente. Progettato per offrire massima funzionalit\u00e0 anche su lunghi percorsi, unisce comfort, aerazione e sostenibilit\u00e0.<\/p>\n<p class=\"\" data-start=\"447\" data-end=\"478\"><strong data-start=\"447\" data-end=\"478\">Caratteristiche principali:<\/strong><\/p>\n<ul data-start=\"479\" data-end=\"1170\">\n<li class=\"\" data-start=\"479\" data-end=\"541\">\n<p class=\"\" data-start=\"481\" data-end=\"541\"><strong data-start=\"481\" data-end=\"497\">Capacit\u00e0 40L<\/strong>: ideale per escursioni di uno o pi\u00f9 giorni.<\/p>\n<\/li>\n<li class=\"\" data-start=\"542\" data-end=\"700\">\n<p class=\"\" data-start=\"544\" data-end=\"700\"><strong data-start=\"544\" data-end=\"568\">Dorso Dry Net System<\/strong>: schienale con rete sospesa e telaio in acciaio flessibile per una ventilazione eccellente e una perfetta distribuzione del carico.<\/p>\n<\/li>\n<li class=\"\" data-start=\"701\" data-end=\"818\">\n<p class=\"\" data-start=\"703\" data-end=\"818\"><strong data-start=\"703\" data-end=\"739\">Tessuto resistente e sostenibile<\/strong>: realizzato in <strong data-start=\"755\" data-end=\"797\">poliestere ripstop 210D 100% riciclato<\/strong>, leggero ma robusto.<\/p>\n<\/li>\n<li class=\"\" data-start=\"819\" data-end=\"971\">\n<p class=\"\" data-start=\"821\" data-end=\"971\"><strong data-start=\"821\" data-end=\"847\">Massima organizzazione<\/strong>: tasche laterali a soffietto, frontale in rete, interna sul dorso e sul cappuccio per avere tutto sempre a portata di mano.<\/p>\n<\/li>\n<li class=\"\" data-start=\"972\" data-end=\"1170\">\n<p class=\"\" data-start=\"974\" data-end=\"996\"><strong data-start=\"974\" data-end=\"995\">Accessori tecnici<\/strong>:<\/p>\n<ul data-start=\"999\" data-end=\"1170\">\n<li class=\"\" data-start=\"999\" data-end=\"1033\">\n<p class=\"\" data-start=\"1001\" data-end=\"1033\">Doppio porta bastoncini\/piccozza<\/p>\n<\/li>\n<li class=\"\" data-start=\"1036\" data-end=\"1085\">\n<p class=\"\" data-start=\"1038\" data-end=\"1085\">Porta materiali frontale con nastri addizionali<\/p>\n<\/li>\n<li class=\"\" data-start=\"1088\" data-end=\"1113\">\n<p class=\"\" data-start=\"1090\" data-end=\"1113\"><strong data-start=\"1090\" data-end=\"1113\">Copri zaino incluso<\/strong><\/p>\n<\/li>\n<li class=\"\" data-start=\"1116\" data-end=\"1170\">\n<p class=\"\" data-start=\"1118\" data-end=\"1170\">Compatibile con il sistema di idratazione <strong data-start=\"1160\" data-end=\"1170\">H2 Bag<\/strong><\/p>\n<\/li>\n<li class=\"\" data-start=\"1116\" data-end=\"1170\">\n<p class=\"\" data-start=\"1118\" data-end=\"1170\">Volume: 40L<\/p>\n<\/li>\n<li data-start=\"1116\" data-end=\"1170\">Peso: 1,39kg<\/li>\n<li data-start=\"1116\" data-end=\"1170\">Dimensioni: 36x28x70cm<\/li>\n<\/ul>\n<\/li>\n<\/ul>\n<p class=\"\" data-start=\"1172\" data-end=\"1338\"><strong data-start=\"1172\" data-end=\"1194\">Perch\u00e9 sceglierlo:<\/strong> \u00e8 lo zaino perfetto per chi ama muoversi in montagna con tutto l\u2019essenziale ben organizzato, senza rinunciare al comfort e alla traspirabilit\u00e0.<\/p>\n<p>&nbsp;<\/p>\n<p><img decoding=\"async\" class=\"img-fluid alignnone wp-image-97131 size-thumbnail\" src=\"https:\/\/www.sestogrado.it\/wp-content\/uploads\/2019\/10\/Immagine-2022-03-14-125406-150x150.jpg\" alt=\"recycled fabric\" width=\"150\" height=\"150\" srcset=\"https:\/\/www.sestogrado.it\/wp-content\/uploads\/2019\/10\/Immagine-2022-03-14-125406-150x150.jpg 150w, https:\/\/www.sestogrado.it\/wp-content\/uploads\/2019\/10\/Immagine-2022-03-14-125406-300x300.jpg 300w, https:\/\/www.sestogrado.it\/wp-content\/uploads\/2019\/10\/Immagine-2022-03-14-125406-100x100.jpg 100w, https:\/\/www.sestogrado.it\/wp-content\/uploads\/2019\/10\/Immagine-2022-03-14-125406-45x45.jpg 45w, https:\/\/www.sestogrado.it\/wp-content\/uploads\/2019\/10\/Immagine-2022-03-14-125406-220x220.jpg 220w, https:\/\/www.sestogrado.it\/wp-content\/uploads\/2019\/10\/Immagine-2022-03-14-125406-80x80.jpg 80w, https:\/\/www.sestogrado.it\/wp-content\/uploads\/2019\/10\/Immagine-2022-03-14-125406-60x60.jpg 60w, https:\/\/www.sestogrado.it\/wp-content\/uploads\/2019\/10\/Immagine-2022-03-14-125406-90x90.jpg 90w, https:\/\/www.sestogrado.it\/wp-content\/uploads\/2019\/10\/Immagine-2022-03-14-125406.jpg 500w\" sizes=\"(max-width: 150px) 100vw, 150px\" \/><\/p>\n<p>&nbsp;<\/p>\n<p>1870 Tutto inizia in un negozio di vernici, a Torino. Cesare Ferrino ha un\u2019intuizione rivoluzionaria: impermeabilizzare i tessuti. Il successo \u00e8 immediato, in tutta italia. Dal tessuto alla manifattura le prime tende in dotazione a esploratori e alpinisti, poi gli anni dell\u2019alpinismo leggendario, nel 1994 l\u2019installazione sul Monte Rosa a 3585 del HighLab, un laboratorio permanente in alta quota nel\u00a0rifugio Quintino Sella, per le prove di nuovi materiali e prototipi. Ferrino \u00e8 un punto di riferimento per le grandi avventure outdoor, nel 1870 come oggi.<\/p>","protected":false},"excerpt":{"rendered":"<p>Lo zaino da hiking Ferrino Estella 40 \u00e8 pensato per accompagnarti in ogni escursione con funzionalit\u00e0, comfort e sostenibilit\u00e0. Con [&hellip;]<\/p>\n","protected":false},"featured_media":190661,"comment_status":"open","ping_status":"closed","template":"","meta":{"_acf_changed":false},"product_brand":[614],"product_cat":[1432],"product_tag":[455],"class_list":{"0":"post-190655","1":"product","2":"type-product","3":"status-publish","4":"has-post-thumbnail","6":"product_brand-ferrino","7":"product_cat-escursionismo","8":"product_tag-zaino-alpinismo","10":"first","11":"instock","12":"sale","13":"taxable","14":"shipping-taxable","15":"purchasable","16":"product-type-variable"},"acf":[],"yoast_head":"<!-- This site is optimized with the Yoast SEO plugin v26.4 - https:\/\/yoast.com\/wordpress\/plugins\/seo\/ -->\n<title>Ferrino Estella 40 zaino da escursionismo e hiking - Sestogrado<\/title>\n<meta name=\"description\" content=\"Lo zaino da hiking Ferrino Estella 40 \u00e8 pensato per accompagnarti in ogni escursione con funzionalit\u00e0, comfort e sostenibilit\u00e0. Con una capacit\u00e0 ottimale per uscite di uno o pi\u00f9 giorni, \u00e8 l\u2019alleato perfetto per chi cerca uno zaino tecnico ma pratico. Grazie alla sua struttura ben organizzata, con numerose tasche \u2013 tra cui frontale, laterali, sul cappuccio e interna \u2013 consente di gestire al meglio l\u2019attrezzatura, tenendo tutto a portata di mano. Il sistema di schienale Dry Net System con telaio in acciaio flessibile garantisce una distribuzione ottimale del carico e una ventilazione continua, riducendo la sudorazione anche durante i percorsi pi\u00f9 intensi. Realizzato in poliestere ripstop 210D 100% riciclato, unisce resistenza e attenzione all\u2019ambiente. Progettato per offrire massima funzionalit\u00e0 anche su lunghi percorsi, unisce comfort, aerazione e sostenibilit\u00e0.\" \/>\n<meta name=\"robots\" content=\"index, follow, max-snippet:-1, max-image-preview:large, max-video-preview:-1\" \/>\n<link rel=\"canonical\" href=\"https:\/\/www.sestogrado.it\/it\/prodotto\/ferrino-estella-40-zaino-da-escursionismo-e-hiking\/\" \/>\n<meta property=\"og:locale\" content=\"it_IT\" \/>\n<meta property=\"og:type\" content=\"article\" \/>\n<meta property=\"og:title\" content=\"Ferrino Estella 40 zaino da escursionismo e hiking - Sestogrado\" \/>\n<meta property=\"og:description\" content=\"Lo zaino da hiking Ferrino Estella 40 \u00e8 pensato per accompagnarti in ogni escursione con funzionalit\u00e0, comfort e sostenibilit\u00e0. Con una capacit\u00e0 ottimale per uscite di uno o pi\u00f9 giorni, \u00e8 l\u2019alleato perfetto per chi cerca uno zaino tecnico ma pratico. Grazie alla sua struttura ben organizzata, con numerose tasche \u2013 tra cui frontale, laterali, sul cappuccio e interna \u2013 consente di gestire al meglio l\u2019attrezzatura, tenendo tutto a portata di mano. Il sistema di schienale Dry Net System con telaio in acciaio flessibile garantisce una distribuzione ottimale del carico e una ventilazione continua, riducendo la sudorazione anche durante i percorsi pi\u00f9 intensi. Realizzato in poliestere ripstop 210D 100% riciclato, unisce resistenza e attenzione all\u2019ambiente. Progettato per offrire massima funzionalit\u00e0 anche su lunghi percorsi, unisce comfort, aerazione e sostenibilit\u00e0.\" \/>\n<meta property=\"og:url\" content=\"https:\/\/www.sestogrado.it\/it\/prodotto\/ferrino-estella-40-zaino-da-escursionismo-e-hiking\/\" \/>\n<meta property=\"og:site_name\" content=\"Sestogrado\" \/>\n<meta property=\"article:publisher\" content=\"https:\/\/www.facebook.com\/pages\/Sestogrado\/1542635979353017?ref=bookmarks\" \/>\n<meta property=\"article:modified_time\" content=\"2026-03-14T19:51:54+00:00\" \/>\n<meta property=\"og:image\" content=\"https:\/\/www.sestogrado.it\/wp-content\/uploads\/2025\/05\/01.jpg\" \/>\n\t<meta property=\"og:image:width\" content=\"1200\" \/>\n\t<meta property=\"og:image:height\" content=\"1200\" \/>\n\t<meta property=\"og:image:type\" content=\"image\/jpeg\" \/>\n<meta name=\"twitter:label1\" content=\"Disponibilit\u00e0\" \/>\n\t<meta name=\"twitter:data1\" content=\"In stock\" \/>\n<script type=\"application\/ld+json\" class=\"yoast-schema-graph\">{\"@context\":\"https:\/\/schema.org\",\"@graph\":[{\"@type\":\"WebPage\",\"@id\":\"https:\/\/www.sestogrado.it\/it\/prodotto\/ferrino-estella-40-zaino-da-escursionismo-e-hiking\/\",\"url\":\"https:\/\/www.sestogrado.it\/it\/prodotto\/ferrino-estella-40-zaino-da-escursionismo-e-hiking\/\",\"name\":\"Ferrino Estella 40 zaino da escursionismo e hiking - Sestogrado\",\"isPartOf\":{\"@id\":\"https:\/\/www.sestogrado.it\/it\/#website\"},\"primaryImageOfPage\":{\"@id\":\"https:\/\/www.sestogrado.it\/it\/prodotto\/ferrino-estella-40-zaino-da-escursionismo-e-hiking\/#primaryimage\"},\"image\":{\"@id\":\"https:\/\/www.sestogrado.it\/prodotto\/ferrino-estella-40-zaino-da-escursionismo-e-hiking\/#primaryimage\"},\"thumbnailUrl\":\"https:\/\/www.sestogrado.it\/wp-content\/uploads\/2025\/05\/01.jpg\",\"datePublished\":\"2025-05-05T09:41:55+00:00\",\"dateModified\":\"2026-03-14T19:51:54+00:00\",\"description\":\"Lo zaino da hiking Ferrino Estella 40 \u00e8 pensato per accompagnarti in ogni escursione con funzionalit\u00e0, comfort e sostenibilit\u00e0. Con una capacit\u00e0 ottimale per uscite di uno o pi\u00f9 giorni, \u00e8 l\u2019alleato perfetto per chi cerca uno zaino tecnico ma pratico. Grazie alla sua struttura ben organizzata, con numerose tasche \u2013 tra cui frontale, laterali, sul cappuccio e interna \u2013 consente di gestire al meglio l\u2019attrezzatura, tenendo tutto a portata di mano. Il sistema di schienale Dry Net System con telaio in acciaio flessibile garantisce una distribuzione ottimale del carico e una ventilazione continua, riducendo la sudorazione anche durante i percorsi pi\u00f9 intensi. Realizzato in poliestere ripstop 210D 100% riciclato, unisce resistenza e attenzione all\u2019ambiente. Progettato per offrire massima funzionalit\u00e0 anche su lunghi percorsi, unisce comfort, aerazione e sostenibilit\u00e0.\",\"breadcrumb\":{\"@id\":\"https:\/\/www.sestogrado.it\/it\/prodotto\/ferrino-estella-40-zaino-da-escursionismo-e-hiking\/#breadcrumb\"},\"inLanguage\":\"it-IT\",\"potentialAction\":[{\"@type\":\"ReadAction\",\"target\":[[\"https:\/\/www.sestogrado.it\/it\/prodotto\/ferrino-estella-40-zaino-da-escursionismo-e-hiking\/\"]]}]},{\"@type\":\"ImageObject\",\"inLanguage\":\"it-IT\",\"@id\":\"https:\/\/www.sestogrado.it\/it\/prodotto\/ferrino-estella-40-zaino-da-escursionismo-e-hiking\/#primaryimage\",\"url\":\"https:\/\/www.sestogrado.it\/wp-content\/uploads\/2025\/05\/01.jpg\",\"contentUrl\":\"https:\/\/www.sestogrado.it\/wp-content\/uploads\/2025\/05\/01.jpg\",\"width\":1200,\"height\":1200,\"caption\":\"estella 40 giallo\"},{\"@type\":\"BreadcrumbList\",\"@id\":\"https:\/\/www.sestogrado.it\/it\/prodotto\/ferrino-estella-40-zaino-da-escursionismo-e-hiking\/#breadcrumb\",\"itemListElement\":[{\"@type\":\"ListItem\",\"position\":1,\"name\":\"Home\",\"item\":\"https:\/\/www.sestogrado.it\/it\/\"},{\"@type\":\"ListItem\",\"position\":2,\"name\":\"Shop\",\"item\":\"https:\/\/www.sestogrado.it\/it\/shop\/\"},{\"@type\":\"ListItem\",\"position\":3,\"name\":\"Ferrino Estella 40 zaino da escursionismo e hiking\"}]},{\"@type\":\"WebSite\",\"@id\":\"https:\/\/www.sestogrado.it\/it\/#website\",\"url\":\"https:\/\/www.sestogrado.it\/it\/\",\"name\":\"Sestogrado\",\"description\":\"yes we climb\",\"publisher\":{\"@id\":\"https:\/\/www.sestogrado.it\/it\/#organization\"},\"potentialAction\":[{\"@type\":\"SearchAction\",\"target\":{\"@type\":\"EntryPoint\",\"urlTemplate\":\"https:\/\/www.sestogrado.it\/it\/?s={search_term_string}\"},\"query-input\":{\"@type\":\"PropertyValueSpecification\",\"valueRequired\":true,\"valueName\":\"search_term_string\"}}],\"inLanguage\":\"it-IT\"},{\"@type\":\"Organization\",\"@id\":\"https:\/\/www.sestogrado.it\/it\/#organization\",\"name\":\"Sestogrado\",\"url\":\"https:\/\/www.sestogrado.it\/it\/\",\"logo\":{\"@type\":\"ImageObject\",\"inLanguage\":\"it-IT\",\"@id\":\"https:\/\/www.sestogrado.it\/it\/#\/schema\/logo\/image\/\",\"url\":\"https:\/\/www.sestogrado.it\/wp-content\/uploads\/2015\/03\/sestogrado-favicon.png\",\"contentUrl\":\"https:\/\/www.sestogrado.it\/wp-content\/uploads\/2015\/03\/sestogrado-favicon.png\",\"width\":260,\"height\":260,\"caption\":\"Sestogrado\"},\"image\":{\"@id\":\"https:\/\/www.sestogrado.it\/it\/#\/schema\/logo\/image\/\"},\"sameAs\":[\"https:\/\/www.facebook.com\/pages\/Sestogrado\/1542635979353017?ref=bookmarks\",\"https:\/\/www.youtube.com\/channel\/UC847kAfTkaJsWpc1jtQwr3Q\"],\"hasMerchantReturnPolicy\":{\"@type\":\"MerchantReturnPolicy\",\"merchantReturnLink\":\"https:\/\/www.sestogrado.it\/it\/termini-e-condizioni\/\"}}]}<\/script>\n<meta property=\"product:brand\" content=\"Ferrino\" \/>\n<meta property=\"og:availability\" content=\"instock\" \/>\n<meta property=\"product:availability\" content=\"instock\" \/>\n<meta property=\"product:condition\" content=\"new\" \/>\n<!-- \/ Yoast SEO plugin. -->","yoast_head_json":{"title":"Ferrino Estella 40 zaino da escursionismo e hiking - Sestogrado","description":"Lo zaino da hiking Ferrino Estella 40 \u00e8 pensato per accompagnarti in ogni escursione con funzionalit\u00e0, comfort e sostenibilit\u00e0. Con una capacit\u00e0 ottimale per uscite di uno o pi\u00f9 giorni, \u00e8 l\u2019alleato perfetto per chi cerca uno zaino tecnico ma pratico. Grazie alla sua struttura ben organizzata, con numerose tasche \u2013 tra cui frontale, laterali, sul cappuccio e interna \u2013 consente di gestire al meglio l\u2019attrezzatura, tenendo tutto a portata di mano. Il sistema di schienale Dry Net System con telaio in acciaio flessibile garantisce una distribuzione ottimale del carico e una ventilazione continua, riducendo la sudorazione anche durante i percorsi pi\u00f9 intensi. Realizzato in poliestere ripstop 210D 100% riciclato, unisce resistenza e attenzione all\u2019ambiente. Progettato per offrire massima funzionalit\u00e0 anche su lunghi percorsi, unisce comfort, aerazione e sostenibilit\u00e0.","robots":{"index":"index","follow":"follow","max-snippet":"max-snippet:-1","max-image-preview":"max-image-preview:large","max-video-preview":"max-video-preview:-1"},"canonical":"https:\/\/www.sestogrado.it\/it\/prodotto\/ferrino-estella-40-zaino-da-escursionismo-e-hiking\/","og_locale":"it_IT","og_type":"article","og_title":"Ferrino Estella 40 zaino da escursionismo e hiking - Sestogrado","og_description":"Lo zaino da hiking Ferrino Estella 40 \u00e8 pensato per accompagnarti in ogni escursione con funzionalit\u00e0, comfort e sostenibilit\u00e0. Con una capacit\u00e0 ottimale per uscite di uno o pi\u00f9 giorni, \u00e8 l\u2019alleato perfetto per chi cerca uno zaino tecnico ma pratico. Grazie alla sua struttura ben organizzata, con numerose tasche \u2013 tra cui frontale, laterali, sul cappuccio e interna \u2013 consente di gestire al meglio l\u2019attrezzatura, tenendo tutto a portata di mano. Il sistema di schienale Dry Net System con telaio in acciaio flessibile garantisce una distribuzione ottimale del carico e una ventilazione continua, riducendo la sudorazione anche durante i percorsi pi\u00f9 intensi. Realizzato in poliestere ripstop 210D 100% riciclato, unisce resistenza e attenzione all\u2019ambiente. Progettato per offrire massima funzionalit\u00e0 anche su lunghi percorsi, unisce comfort, aerazione e sostenibilit\u00e0.","og_url":"https:\/\/www.sestogrado.it\/it\/prodotto\/ferrino-estella-40-zaino-da-escursionismo-e-hiking\/","og_site_name":"Sestogrado","article_publisher":"https:\/\/www.facebook.com\/pages\/Sestogrado\/1542635979353017?ref=bookmarks","article_modified_time":"2026-03-14T19:51:54+00:00","og_image":[{"width":1200,"height":1200,"url":"https:\/\/www.sestogrado.it\/wp-content\/uploads\/2025\/05\/01.jpg","type":"image\/jpeg"}],"twitter_misc":{"Disponibilit\u00e0":"In stock"},"schema":{"@context":"https:\/\/schema.org","@graph":[{"@type":"WebPage","@id":"https:\/\/www.sestogrado.it\/it\/prodotto\/ferrino-estella-40-zaino-da-escursionismo-e-hiking\/","url":"https:\/\/www.sestogrado.it\/it\/prodotto\/ferrino-estella-40-zaino-da-escursionismo-e-hiking\/","name":"Ferrino Estella 40 zaino da escursionismo e hiking - Sestogrado","isPartOf":{"@id":"https:\/\/www.sestogrado.it\/it\/#website"},"primaryImageOfPage":{"@id":"https:\/\/www.sestogrado.it\/it\/prodotto\/ferrino-estella-40-zaino-da-escursionismo-e-hiking\/#primaryimage"},"image":{"@id":"https:\/\/www.sestogrado.it\/prodotto\/ferrino-estella-40-zaino-da-escursionismo-e-hiking\/#primaryimage"},"thumbnailUrl":"https:\/\/www.sestogrado.it\/wp-content\/uploads\/2025\/05\/01.jpg","datePublished":"2025-05-05T09:41:55+00:00","dateModified":"2026-03-14T19:51:54+00:00","description":"Lo zaino da hiking Ferrino Estella 40 \u00e8 pensato per accompagnarti in ogni escursione con funzionalit\u00e0, comfort e sostenibilit\u00e0. Con una capacit\u00e0 ottimale per uscite di uno o pi\u00f9 giorni, \u00e8 l\u2019alleato perfetto per chi cerca uno zaino tecnico ma pratico. Grazie alla sua struttura ben organizzata, con numerose tasche \u2013 tra cui frontale, laterali, sul cappuccio e interna \u2013 consente di gestire al meglio l\u2019attrezzatura, tenendo tutto a portata di mano. Il sistema di schienale Dry Net System con telaio in acciaio flessibile garantisce una distribuzione ottimale del carico e una ventilazione continua, riducendo la sudorazione anche durante i percorsi pi\u00f9 intensi. Realizzato in poliestere ripstop 210D 100% riciclato, unisce resistenza e attenzione all\u2019ambiente. Progettato per offrire massima funzionalit\u00e0 anche su lunghi percorsi, unisce comfort, aerazione e sostenibilit\u00e0.","breadcrumb":{"@id":"https:\/\/www.sestogrado.it\/it\/prodotto\/ferrino-estella-40-zaino-da-escursionismo-e-hiking\/#breadcrumb"},"inLanguage":"it-IT","potentialAction":[{"@type":"ReadAction","target":[["https:\/\/www.sestogrado.it\/it\/prodotto\/ferrino-estella-40-zaino-da-escursionismo-e-hiking\/"]]}]},{"@type":"ImageObject","inLanguage":"it-IT","@id":"https:\/\/www.sestogrado.it\/it\/prodotto\/ferrino-estella-40-zaino-da-escursionismo-e-hiking\/#primaryimage","url":"https:\/\/www.sestogrado.it\/wp-content\/uploads\/2025\/05\/01.jpg","contentUrl":"https:\/\/www.sestogrado.it\/wp-content\/uploads\/2025\/05\/01.jpg","width":1200,"height":1200,"caption":"estella 40 giallo"},{"@type":"BreadcrumbList","@id":"https:\/\/www.sestogrado.it\/it\/prodotto\/ferrino-estella-40-zaino-da-escursionismo-e-hiking\/#breadcrumb","itemListElement":[{"@type":"ListItem","position":1,"name":"Home","item":"https:\/\/www.sestogrado.it\/it\/"},{"@type":"ListItem","position":2,"name":"Shop","item":"https:\/\/www.sestogrado.it\/it\/shop\/"},{"@type":"ListItem","position":3,"name":"Ferrino Estella 40 zaino da escursionismo e hiking"}]},{"@type":"WebSite","@id":"https:\/\/www.sestogrado.it\/it\/#website","url":"https:\/\/www.sestogrado.it\/it\/","name":"Sestogrado","description":"yes we climb","publisher":{"@id":"https:\/\/www.sestogrado.it\/it\/#organization"},"potentialAction":[{"@type":"SearchAction","target":{"@type":"EntryPoint","urlTemplate":"https:\/\/www.sestogrado.it\/it\/?s={search_term_string}"},"query-input":{"@type":"PropertyValueSpecification","valueRequired":true,"valueName":"search_term_string"}}],"inLanguage":"it-IT"},{"@type":"Organization","@id":"https:\/\/www.sestogrado.it\/it\/#organization","name":"Sestogrado","url":"https:\/\/www.sestogrado.it\/it\/","logo":{"@type":"ImageObject","inLanguage":"it-IT","@id":"https:\/\/www.sestogrado.it\/it\/#\/schema\/logo\/image\/","url":"https:\/\/www.sestogrado.it\/wp-content\/uploads\/2015\/03\/sestogrado-favicon.png","contentUrl":"https:\/\/www.sestogrado.it\/wp-content\/uploads\/2015\/03\/sestogrado-favicon.png","width":260,"height":260,"caption":"Sestogrado"},"image":{"@id":"https:\/\/www.sestogrado.it\/it\/#\/schema\/logo\/image\/"},"sameAs":["https:\/\/www.facebook.com\/pages\/Sestogrado\/1542635979353017?ref=bookmarks","https:\/\/www.youtube.com\/channel\/UC847kAfTkaJsWpc1jtQwr3Q"],"hasMerchantReturnPolicy":{"@type":"MerchantReturnPolicy","merchantReturnLink":"https:\/\/www.sestogrado.it\/it\/termini-e-condizioni\/"}}]},"product_brand":"Ferrino","og_availability":"instock","product_availability":"instock","product_condition":"new"},"_links":{"self":[{"href":"https:\/\/www.sestogrado.it\/it\/wp-json\/wp\/v2\/product\/190655","targetHints":{"allow":["GET"]}}],"collection":[{"href":"https:\/\/www.sestogrado.it\/it\/wp-json\/wp\/v2\/product"}],"about":[{"href":"https:\/\/www.sestogrado.it\/it\/wp-json\/wp\/v2\/types\/product"}],"replies":[{"embeddable":true,"href":"https:\/\/www.sestogrado.it\/it\/wp-json\/wp\/v2\/comments?post=190655"}],"wp:featuredmedia":[{"embeddable":true,"href":"https:\/\/www.sestogrado.it\/it\/wp-json\/wp\/v2\/media\/190661"}],"wp:attachment":[{"href":"https:\/\/www.sestogrado.it\/it\/wp-json\/wp\/v2\/media?parent=190655"}],"wp:term":[{"taxonomy":"product_brand","embeddable":true,"href":"https:\/\/www.sestogrado.it\/it\/wp-json\/wp\/v2\/product_brand?post=190655"},{"taxonomy":"product_cat","embeddable":true,"href":"https:\/\/www.sestogrado.it\/it\/wp-json\/wp\/v2\/product_cat?post=190655"},{"taxonomy":"product_tag","embeddable":true,"href":"https:\/\/www.sestogrado.it\/it\/wp-json\/wp\/v2\/product_tag?post=190655"}],"curies":[{"name":"wp","href":"https:\/\/api.w.org\/{rel}","templated":true}]}}