{"id":189879,"date":"2025-04-23T11:40:47","date_gmt":"2025-04-23T09:40:47","guid":{"rendered":"https:\/\/www.sestogrado.it\/?post_type=product&#038;p=189879"},"modified":"2025-12-29T06:14:03","modified_gmt":"2025-12-29T05:14:03","slug":"black-diamond-rocklock-triple-lock-moschettone-hms-a-tre-movimenti","status":"publish","type":"product","link":"https:\/\/www.sestogrado.it\/it\/prodotto\/black-diamond-rocklock-triple-lock-moschettone-hms-a-tre-movimenti\/","title":{"rendered":"Black Diamond RockLock Triple Lock moschettone HMS a tre movimenti"},"content":{"rendered":"<p>Il RockLock Triple Lock \u00e8 la versione con la leva a tre movimenti del moschettone HMS best seller di Black Diamond. Il Rocklock Triple Lock, grazie alla leva a chiusura automatica a tre movimenti, \u00e8 particolarmente sicuro ed \u00e8 ideale come moschettone da collegare al dispositivo di assicurazione, per calate e per l&#8217;assicurazione di secondi. Punti di forza sono la larghezza e la facilit\u00e0 di gestione che consente di chiuderlo con una sola mano.<\/p>\n<ul>\n<li>leva a chiusura automatica triple lock a 3 movimenti<\/li>\n<li>la leva consente di gestirlo con una sola mano<\/li>\n<li>ampia superficie<\/li>\n<li>la forma massimizza l&#8217;apertura della leva<\/li>\n<li>moschettone di tipo HMS<\/li>\n<li>naso <a href=\"https:\/\/www.sestogrado.it\/rinvii-keylock-e-non-keylock\/\" target=\"_blank\" rel=\"noopener noreferrer\">keylock <\/a>anti impigliamento<\/li>\n<\/ul>\n<p>Black Diamond usa due differenti metodi di forgiatura per costruire moschettoni: caldo e stampaggio a freddo. Ognuno ha i suoi vantaggi ed utilizzandoli entrambi si riesce a raggiungere la forma migliore possibile, le dimensioni e la resistenza ideale per destinazione d&#8217;uso di ogni moschettone. Il Black Diamond Rocklock Triple Lock \u00e8 un moschettone autobloccante forgiato a caldo.<\/p>\n<p>&nbsp;<\/p>\n<p>Black Diamond dal 1957 rappresenta un punto di riferimento mondiale per l&#8217;attrezzatura da arrampicata. Ci\u00f2 che all&#8217;inizio era una attivit\u00e0 artigianale con incudine e martello oggi si \u00e8 trasformata in una societ\u00e0 globale con uffici in tre continenti. Il segreto di Black Diamond \u00e8 sempre lo stesso: essere una societ\u00e0 formata da appassionati climber. In Black Diamond si continua a sognare su ci\u00f2 che potrebbe essere e si continua ad essere critici su ci\u00f2 che esiste. E&#8217; cos\u00ec che il processo creativo per la realizzazione della migliore attrezzatura da arrampicata non avr\u00e0 mai fine.<\/p>\n<p>&nbsp;<\/p>","protected":false},"excerpt":{"rendered":"<p>Il RockLock Triple Lock \u00e8 la versione con la leva a tre movimenti del moschettone HMS best seller di Black [&hellip;]<\/p>\n","protected":false},"featured_media":189880,"comment_status":"open","ping_status":"closed","template":"","meta":{"_acf_changed":false},"product_brand":[121],"product_cat":[17,132],"product_tag":[],"class_list":{"0":"post-189879","1":"product","2":"type-product","3":"status-publish","4":"has-post-thumbnail","6":"product_brand-black-diamond","7":"product_cat-ferramenta","8":"product_cat-moschettoni","10":"first","11":"instock","12":"sale","13":"taxable","14":"shipping-taxable","15":"purchasable","16":"product-type-simple"},"acf":[],"yoast_head":"<!-- This site is optimized with the Yoast SEO plugin v26.4 - https:\/\/yoast.com\/wordpress\/plugins\/seo\/ -->\n<title>Black Diamond RockLock Triple Lock moschettone HMS a tre movimenti - Sestogrado<\/title>\n<meta name=\"description\" content=\"Il RockLock Triple Lock \u00e8 la versione con la leva a tre movimenti del moschettone HMS best seller di Black Diamond. Il Rocklock Triple Lock, grazie alla leva a chiusura automatica a tre movimenti, \u00e8 particolarmente sicuro ed \u00e8 ideale come moschettone da collegare al dispositivo di assicurazione, per calate e per l&#039;assicurazione di secondi. Punti di forza sono la larghezza e la facilit\u00e0 di gestione che consente di chiuderlo con una sola mano.\" \/>\n<meta name=\"robots\" content=\"index, follow, max-snippet:-1, max-image-preview:large, max-video-preview:-1\" \/>\n<link rel=\"canonical\" href=\"https:\/\/www.sestogrado.it\/it\/prodotto\/black-diamond-rocklock-triple-lock-moschettone-hms-a-tre-movimenti\/\" \/>\n<meta property=\"og:locale\" content=\"it_IT\" \/>\n<meta property=\"og:type\" content=\"article\" \/>\n<meta property=\"og:title\" content=\"Black Diamond RockLock Triple Lock moschettone HMS a tre movimenti - Sestogrado\" \/>\n<meta property=\"og:description\" content=\"Il RockLock Triple Lock \u00e8 la versione con la leva a tre movimenti del moschettone HMS best seller di Black Diamond. Il Rocklock Triple Lock, grazie alla leva a chiusura automatica a tre movimenti, \u00e8 particolarmente sicuro ed \u00e8 ideale come moschettone da collegare al dispositivo di assicurazione, per calate e per l&#039;assicurazione di secondi. Punti di forza sono la larghezza e la facilit\u00e0 di gestione che consente di chiuderlo con una sola mano.\" \/>\n<meta property=\"og:url\" content=\"https:\/\/www.sestogrado.it\/it\/prodotto\/black-diamond-rocklock-triple-lock-moschettone-hms-a-tre-movimenti\/\" \/>\n<meta property=\"og:site_name\" content=\"Sestogrado\" \/>\n<meta property=\"article:publisher\" content=\"https:\/\/www.facebook.com\/pages\/Sestogrado\/1542635979353017?ref=bookmarks\" \/>\n<meta property=\"article:modified_time\" content=\"2025-12-29T05:14:03+00:00\" \/>\n<meta property=\"og:image\" content=\"https:\/\/www.sestogrado.it\/wp-content\/uploads\/2025\/04\/triple.jpg\" \/>\n\t<meta property=\"og:image:width\" content=\"1000\" \/>\n\t<meta property=\"og:image:height\" content=\"1000\" \/>\n\t<meta property=\"og:image:type\" content=\"image\/jpeg\" \/>\n<meta name=\"twitter:label1\" content=\"Prezzo\" \/>\n\t<meta name=\"twitter:data1\" content=\"&euro;&nbsp;19,90\" \/>\n\t<meta name=\"twitter:label2\" content=\"Disponibilit\u00e0\" \/>\n\t<meta name=\"twitter:data2\" content=\"In stock\" \/>\n<script type=\"application\/ld+json\" class=\"yoast-schema-graph\">{\"@context\":\"https:\/\/schema.org\",\"@graph\":[{\"@type\":\"WebPage\",\"@id\":\"https:\/\/www.sestogrado.it\/it\/prodotto\/black-diamond-rocklock-triple-lock-moschettone-hms-a-tre-movimenti\/\",\"url\":\"https:\/\/www.sestogrado.it\/it\/prodotto\/black-diamond-rocklock-triple-lock-moschettone-hms-a-tre-movimenti\/\",\"name\":\"Black Diamond RockLock Triple Lock moschettone HMS a tre movimenti - Sestogrado\",\"isPartOf\":{\"@id\":\"https:\/\/www.sestogrado.it\/it\/#website\"},\"primaryImageOfPage\":{\"@id\":\"https:\/\/www.sestogrado.it\/it\/prodotto\/black-diamond-rocklock-triple-lock-moschettone-hms-a-tre-movimenti\/#primaryimage\"},\"image\":{\"@id\":\"https:\/\/www.sestogrado.it\/prodotto\/black-diamond-rocklock-triple-lock-moschettone-hms-a-tre-movimenti\/#primaryimage\"},\"thumbnailUrl\":\"https:\/\/www.sestogrado.it\/wp-content\/uploads\/2025\/04\/triple.jpg\",\"datePublished\":\"2025-04-23T09:40:47+00:00\",\"dateModified\":\"2025-12-29T05:14:03+00:00\",\"description\":\"Il RockLock Triple Lock \u00e8 la versione con la leva a tre movimenti del moschettone HMS best seller di Black Diamond. Il Rocklock Triple Lock, grazie alla leva a chiusura automatica a tre movimenti, \u00e8 particolarmente sicuro ed \u00e8 ideale come moschettone da collegare al dispositivo di assicurazione, per calate e per l'assicurazione di secondi. Punti di forza sono la larghezza e la facilit\u00e0 di gestione che consente di chiuderlo con una sola mano.\",\"breadcrumb\":{\"@id\":\"https:\/\/www.sestogrado.it\/it\/prodotto\/black-diamond-rocklock-triple-lock-moschettone-hms-a-tre-movimenti\/#breadcrumb\"},\"inLanguage\":\"it-IT\",\"potentialAction\":[{\"@type\":\"ReadAction\",\"target\":[[\"https:\/\/www.sestogrado.it\/it\/prodotto\/black-diamond-rocklock-triple-lock-moschettone-hms-a-tre-movimenti\/\"]]}]},{\"@type\":\"ImageObject\",\"inLanguage\":\"it-IT\",\"@id\":\"https:\/\/www.sestogrado.it\/it\/prodotto\/black-diamond-rocklock-triple-lock-moschettone-hms-a-tre-movimenti\/#primaryimage\",\"url\":\"https:\/\/www.sestogrado.it\/wp-content\/uploads\/2025\/04\/triple.jpg\",\"contentUrl\":\"https:\/\/www.sestogrado.it\/wp-content\/uploads\/2025\/04\/triple.jpg\",\"width\":1000,\"height\":1000,\"caption\":\"rocklock triple lock\"},{\"@type\":\"BreadcrumbList\",\"@id\":\"https:\/\/www.sestogrado.it\/it\/prodotto\/black-diamond-rocklock-triple-lock-moschettone-hms-a-tre-movimenti\/#breadcrumb\",\"itemListElement\":[{\"@type\":\"ListItem\",\"position\":1,\"name\":\"Home\",\"item\":\"https:\/\/www.sestogrado.it\/it\/\"},{\"@type\":\"ListItem\",\"position\":2,\"name\":\"Shop\",\"item\":\"https:\/\/www.sestogrado.it\/it\/shop\/\"},{\"@type\":\"ListItem\",\"position\":3,\"name\":\"Black Diamond RockLock Triple Lock moschettone HMS a tre movimenti\"}]},{\"@type\":\"WebSite\",\"@id\":\"https:\/\/www.sestogrado.it\/it\/#website\",\"url\":\"https:\/\/www.sestogrado.it\/it\/\",\"name\":\"Sestogrado\",\"description\":\"yes we climb\",\"publisher\":{\"@id\":\"https:\/\/www.sestogrado.it\/it\/#organization\"},\"potentialAction\":[{\"@type\":\"SearchAction\",\"target\":{\"@type\":\"EntryPoint\",\"urlTemplate\":\"https:\/\/www.sestogrado.it\/it\/?s={search_term_string}\"},\"query-input\":{\"@type\":\"PropertyValueSpecification\",\"valueRequired\":true,\"valueName\":\"search_term_string\"}}],\"inLanguage\":\"it-IT\"},{\"@type\":\"Organization\",\"@id\":\"https:\/\/www.sestogrado.it\/it\/#organization\",\"name\":\"Sestogrado\",\"url\":\"https:\/\/www.sestogrado.it\/it\/\",\"logo\":{\"@type\":\"ImageObject\",\"inLanguage\":\"it-IT\",\"@id\":\"https:\/\/www.sestogrado.it\/it\/#\/schema\/logo\/image\/\",\"url\":\"https:\/\/www.sestogrado.it\/wp-content\/uploads\/2015\/03\/sestogrado-favicon.png\",\"contentUrl\":\"https:\/\/www.sestogrado.it\/wp-content\/uploads\/2015\/03\/sestogrado-favicon.png\",\"width\":260,\"height\":260,\"caption\":\"Sestogrado\"},\"image\":{\"@id\":\"https:\/\/www.sestogrado.it\/it\/#\/schema\/logo\/image\/\"},\"sameAs\":[\"https:\/\/www.facebook.com\/pages\/Sestogrado\/1542635979353017?ref=bookmarks\",\"https:\/\/www.youtube.com\/channel\/UC847kAfTkaJsWpc1jtQwr3Q\"],\"hasMerchantReturnPolicy\":{\"@type\":\"MerchantReturnPolicy\",\"merchantReturnLink\":\"https:\/\/www.sestogrado.it\/it\/termini-e-condizioni\/\"}}]}<\/script>\n<meta property=\"product:brand\" content=\"Black Diamond\" \/>\n<meta property=\"product:price:amount\" content=\"19.90\" \/>\n<meta property=\"product:price:currency\" content=\"EUR\" \/>\n<meta property=\"og:availability\" content=\"instock\" \/>\n<meta property=\"product:availability\" content=\"instock\" \/>\n<meta property=\"product:condition\" content=\"new\" \/>\n<!-- \/ Yoast SEO plugin. -->","yoast_head_json":{"title":"Black Diamond RockLock Triple Lock moschettone HMS a tre movimenti - Sestogrado","description":"Il RockLock Triple Lock \u00e8 la versione con la leva a tre movimenti del moschettone HMS best seller di Black Diamond. Il Rocklock Triple Lock, grazie alla leva a chiusura automatica a tre movimenti, \u00e8 particolarmente sicuro ed \u00e8 ideale come moschettone da collegare al dispositivo di assicurazione, per calate e per l'assicurazione di secondi. Punti di forza sono la larghezza e la facilit\u00e0 di gestione che consente di chiuderlo con una sola mano.","robots":{"index":"index","follow":"follow","max-snippet":"max-snippet:-1","max-image-preview":"max-image-preview:large","max-video-preview":"max-video-preview:-1"},"canonical":"https:\/\/www.sestogrado.it\/it\/prodotto\/black-diamond-rocklock-triple-lock-moschettone-hms-a-tre-movimenti\/","og_locale":"it_IT","og_type":"article","og_title":"Black Diamond RockLock Triple Lock moschettone HMS a tre movimenti - Sestogrado","og_description":"Il RockLock Triple Lock \u00e8 la versione con la leva a tre movimenti del moschettone HMS best seller di Black Diamond. Il Rocklock Triple Lock, grazie alla leva a chiusura automatica a tre movimenti, \u00e8 particolarmente sicuro ed \u00e8 ideale come moschettone da collegare al dispositivo di assicurazione, per calate e per l'assicurazione di secondi. Punti di forza sono la larghezza e la facilit\u00e0 di gestione che consente di chiuderlo con una sola mano.","og_url":"https:\/\/www.sestogrado.it\/it\/prodotto\/black-diamond-rocklock-triple-lock-moschettone-hms-a-tre-movimenti\/","og_site_name":"Sestogrado","article_publisher":"https:\/\/www.facebook.com\/pages\/Sestogrado\/1542635979353017?ref=bookmarks","article_modified_time":"2025-12-29T05:14:03+00:00","og_image":[{"width":1000,"height":1000,"url":"https:\/\/www.sestogrado.it\/wp-content\/uploads\/2025\/04\/triple.jpg","type":"image\/jpeg"}],"twitter_misc":{"Prezzo":"&euro;&nbsp;19,90","Disponibilit\u00e0":"In stock"},"schema":{"@context":"https:\/\/schema.org","@graph":[{"@type":"WebPage","@id":"https:\/\/www.sestogrado.it\/it\/prodotto\/black-diamond-rocklock-triple-lock-moschettone-hms-a-tre-movimenti\/","url":"https:\/\/www.sestogrado.it\/it\/prodotto\/black-diamond-rocklock-triple-lock-moschettone-hms-a-tre-movimenti\/","name":"Black Diamond RockLock Triple Lock moschettone HMS a tre movimenti - Sestogrado","isPartOf":{"@id":"https:\/\/www.sestogrado.it\/it\/#website"},"primaryImageOfPage":{"@id":"https:\/\/www.sestogrado.it\/it\/prodotto\/black-diamond-rocklock-triple-lock-moschettone-hms-a-tre-movimenti\/#primaryimage"},"image":{"@id":"https:\/\/www.sestogrado.it\/prodotto\/black-diamond-rocklock-triple-lock-moschettone-hms-a-tre-movimenti\/#primaryimage"},"thumbnailUrl":"https:\/\/www.sestogrado.it\/wp-content\/uploads\/2025\/04\/triple.jpg","datePublished":"2025-04-23T09:40:47+00:00","dateModified":"2025-12-29T05:14:03+00:00","description":"Il RockLock Triple Lock \u00e8 la versione con la leva a tre movimenti del moschettone HMS best seller di Black Diamond. Il Rocklock Triple Lock, grazie alla leva a chiusura automatica a tre movimenti, \u00e8 particolarmente sicuro ed \u00e8 ideale come moschettone da collegare al dispositivo di assicurazione, per calate e per l'assicurazione di secondi. Punti di forza sono la larghezza e la facilit\u00e0 di gestione che consente di chiuderlo con una sola mano.","breadcrumb":{"@id":"https:\/\/www.sestogrado.it\/it\/prodotto\/black-diamond-rocklock-triple-lock-moschettone-hms-a-tre-movimenti\/#breadcrumb"},"inLanguage":"it-IT","potentialAction":[{"@type":"ReadAction","target":[["https:\/\/www.sestogrado.it\/it\/prodotto\/black-diamond-rocklock-triple-lock-moschettone-hms-a-tre-movimenti\/"]]}]},{"@type":"ImageObject","inLanguage":"it-IT","@id":"https:\/\/www.sestogrado.it\/it\/prodotto\/black-diamond-rocklock-triple-lock-moschettone-hms-a-tre-movimenti\/#primaryimage","url":"https:\/\/www.sestogrado.it\/wp-content\/uploads\/2025\/04\/triple.jpg","contentUrl":"https:\/\/www.sestogrado.it\/wp-content\/uploads\/2025\/04\/triple.jpg","width":1000,"height":1000,"caption":"rocklock triple lock"},{"@type":"BreadcrumbList","@id":"https:\/\/www.sestogrado.it\/it\/prodotto\/black-diamond-rocklock-triple-lock-moschettone-hms-a-tre-movimenti\/#breadcrumb","itemListElement":[{"@type":"ListItem","position":1,"name":"Home","item":"https:\/\/www.sestogrado.it\/it\/"},{"@type":"ListItem","position":2,"name":"Shop","item":"https:\/\/www.sestogrado.it\/it\/shop\/"},{"@type":"ListItem","position":3,"name":"Black Diamond RockLock Triple Lock moschettone HMS a tre movimenti"}]},{"@type":"WebSite","@id":"https:\/\/www.sestogrado.it\/it\/#website","url":"https:\/\/www.sestogrado.it\/it\/","name":"Sestogrado","description":"yes we climb","publisher":{"@id":"https:\/\/www.sestogrado.it\/it\/#organization"},"potentialAction":[{"@type":"SearchAction","target":{"@type":"EntryPoint","urlTemplate":"https:\/\/www.sestogrado.it\/it\/?s={search_term_string}"},"query-input":{"@type":"PropertyValueSpecification","valueRequired":true,"valueName":"search_term_string"}}],"inLanguage":"it-IT"},{"@type":"Organization","@id":"https:\/\/www.sestogrado.it\/it\/#organization","name":"Sestogrado","url":"https:\/\/www.sestogrado.it\/it\/","logo":{"@type":"ImageObject","inLanguage":"it-IT","@id":"https:\/\/www.sestogrado.it\/it\/#\/schema\/logo\/image\/","url":"https:\/\/www.sestogrado.it\/wp-content\/uploads\/2015\/03\/sestogrado-favicon.png","contentUrl":"https:\/\/www.sestogrado.it\/wp-content\/uploads\/2015\/03\/sestogrado-favicon.png","width":260,"height":260,"caption":"Sestogrado"},"image":{"@id":"https:\/\/www.sestogrado.it\/it\/#\/schema\/logo\/image\/"},"sameAs":["https:\/\/www.facebook.com\/pages\/Sestogrado\/1542635979353017?ref=bookmarks","https:\/\/www.youtube.com\/channel\/UC847kAfTkaJsWpc1jtQwr3Q"],"hasMerchantReturnPolicy":{"@type":"MerchantReturnPolicy","merchantReturnLink":"https:\/\/www.sestogrado.it\/it\/termini-e-condizioni\/"}}]},"product_brand":"Black Diamond","product_price_amount":"19.90","product_price_currency":"EUR","og_availability":"instock","product_availability":"instock","product_condition":"new"},"_links":{"self":[{"href":"https:\/\/www.sestogrado.it\/it\/wp-json\/wp\/v2\/product\/189879","targetHints":{"allow":["GET"]}}],"collection":[{"href":"https:\/\/www.sestogrado.it\/it\/wp-json\/wp\/v2\/product"}],"about":[{"href":"https:\/\/www.sestogrado.it\/it\/wp-json\/wp\/v2\/types\/product"}],"replies":[{"embeddable":true,"href":"https:\/\/www.sestogrado.it\/it\/wp-json\/wp\/v2\/comments?post=189879"}],"wp:featuredmedia":[{"embeddable":true,"href":"https:\/\/www.sestogrado.it\/it\/wp-json\/wp\/v2\/media\/189880"}],"wp:attachment":[{"href":"https:\/\/www.sestogrado.it\/it\/wp-json\/wp\/v2\/media?parent=189879"}],"wp:term":[{"taxonomy":"product_brand","embeddable":true,"href":"https:\/\/www.sestogrado.it\/it\/wp-json\/wp\/v2\/product_brand?post=189879"},{"taxonomy":"product_cat","embeddable":true,"href":"https:\/\/www.sestogrado.it\/it\/wp-json\/wp\/v2\/product_cat?post=189879"},{"taxonomy":"product_tag","embeddable":true,"href":"https:\/\/www.sestogrado.it\/it\/wp-json\/wp\/v2\/product_tag?post=189879"}],"curies":[{"name":"wp","href":"https:\/\/api.w.org\/{rel}","templated":true}]}}