{"id":189874,"date":"2025-04-23T11:24:29","date_gmt":"2025-04-23T09:24:29","guid":{"rendered":"https:\/\/www.sestogrado.it\/?post_type=product&#038;p=189874"},"modified":"2026-04-12T16:46:37","modified_gmt":"2026-04-12T14:46:37","slug":"black-diamond-pearlock-twistlock-moschettone-automatico-a-due-movimenti","status":"publish","type":"product","link":"https:\/\/www.sestogrado.it\/it\/prodotto\/black-diamond-pearlock-twistlock-moschettone-automatico-a-due-movimenti\/","title":{"rendered":"Black Diamond Pearlock Twistlock moschettone automatico a due movimenti"},"content":{"rendered":"<p>Il Black Diamond Pearlock Twistoclock \u00e8 un moschettone automatico a due movimenti di tipo HMS. Significa che per aprire la leva bisogna far ruotare la leva ed aprire la leva.<\/p>\n<p>E&#8217; dotato di leva twistlock e di un\u2019ampia superficie di contatto con la corda, che lo rende estremamente fluido durante l\u2019assicurazione, l\u2019uso del mezzo barcaiolo o come moschettone freno con un ATC Guide. La leva twistlock aggiunge un ulteriore livello di sicurezza a questo moschettone a forma di pera, robusto e versatile.<\/p>\n<p>La particolare ghiera zigrinata molto ruvida aiuta a chiudere agevolmente il moschettone e lo rende capiente e ideale per <strong>manovre su corda<\/strong>.<\/p>\n<ul>\n<li>Grande superficie per manovre di corda per manovre fluide e maggiore durata.<\/li>\n<li>Leva automatica di tipo Twistlock<\/li>\n<li>Forgiato a caldo per un peso minore: soli 76 g.<\/li>\n<li>Moschettone tipo <strong>HMS<\/strong>. Per un&#8217;assicurazione dinamica su mezzo barcaiolo o con un sistema di assicurazione.<\/li>\n<\/ul>\n<p>Black Diamond dal 1957 rappresenta un punto di riferimento mondiale per l\u2019attrezzatura da arrampicata. Ci\u00f2 che all\u2019inizio era una attivit\u00e0 artigianale con incudine e martello oggi si \u00e8 trasformata in una societ\u00e0 globale con uffici in tre continenti. Il segreto di Black Diamond \u00e8 sempre lo stesso: essere una societ\u00e0 formata da appassionati climber. In Black Diamond si continua a sognare su ci\u00f2 che potrebbe essere e si continua ad essere critici su ci\u00f2 che esiste. E\u2019 cos\u00ec che il processo creativo per la realizzazione della migliore attrezzatura da arrampicata non avr\u00e0 mai fine.<\/p>","protected":false},"excerpt":{"rendered":"<p>Il Black Diamond Pearlock Twistoclock \u00e8 un moschettone automatico a due movimenti di tipo HMS. Significa che per aprire la [&hellip;]<\/p>\n","protected":false},"featured_media":189878,"comment_status":"open","ping_status":"closed","template":"","meta":{"_acf_changed":false},"product_brand":[121],"product_cat":[132],"product_tag":[],"class_list":{"0":"post-189874","1":"product","2":"type-product","3":"status-publish","4":"has-post-thumbnail","6":"product_brand-black-diamond","7":"product_cat-moschettoni","9":"first","10":"instock","11":"sale","12":"taxable","13":"shipping-taxable","14":"purchasable","15":"product-type-simple"},"acf":[],"yoast_head":"<!-- This site is optimized with the Yoast SEO plugin v26.4 - https:\/\/yoast.com\/wordpress\/plugins\/seo\/ -->\n<title>Black Diamond Pearlock Twistlock moschettone automatico a due movimenti - Sestogrado<\/title>\n<meta name=\"description\" content=\"Il Black Diamond Pearlock Twistoclock \u00e8 un moschettone automatico a due movimenti di tipo HMS. Significa che per aprire la leva bisogna far ruotare la leva ed aprire la leva.E&#039; dotato di leva twistlock e di un\u2019ampia superficie di contatto con la corda, che lo rende estremamente fluido durante l\u2019assicurazione, l\u2019uso del mezzo barcaiolo o come moschettone freno con un ATC Guide. La leva twistlock aggiunge un ulteriore livello di sicurezza a questo moschettone a forma di pera, robusto e versatile.\" \/>\n<meta name=\"robots\" content=\"index, follow, max-snippet:-1, max-image-preview:large, max-video-preview:-1\" \/>\n<link rel=\"canonical\" href=\"https:\/\/www.sestogrado.it\/it\/prodotto\/black-diamond-pearlock-twistlock-moschettone-automatico-a-due-movimenti\/\" \/>\n<meta property=\"og:locale\" content=\"it_IT\" \/>\n<meta property=\"og:type\" content=\"article\" \/>\n<meta property=\"og:title\" content=\"Black Diamond Pearlock Twistlock moschettone automatico a due movimenti - Sestogrado\" \/>\n<meta property=\"og:description\" content=\"Il Black Diamond Pearlock Twistoclock \u00e8 un moschettone automatico a due movimenti di tipo HMS. Significa che per aprire la leva bisogna far ruotare la leva ed aprire la leva.E&#039; dotato di leva twistlock e di un\u2019ampia superficie di contatto con la corda, che lo rende estremamente fluido durante l\u2019assicurazione, l\u2019uso del mezzo barcaiolo o come moschettone freno con un ATC Guide. La leva twistlock aggiunge un ulteriore livello di sicurezza a questo moschettone a forma di pera, robusto e versatile.\" \/>\n<meta property=\"og:url\" content=\"https:\/\/www.sestogrado.it\/it\/prodotto\/black-diamond-pearlock-twistlock-moschettone-automatico-a-due-movimenti\/\" \/>\n<meta property=\"og:site_name\" content=\"Sestogrado\" \/>\n<meta property=\"article:publisher\" content=\"https:\/\/www.facebook.com\/pages\/Sestogrado\/1542635979353017?ref=bookmarks\" \/>\n<meta property=\"article:modified_time\" content=\"2026-04-12T14:46:37+00:00\" \/>\n<meta property=\"og:image\" content=\"https:\/\/www.sestogrado.it\/wp-content\/uploads\/2025\/04\/01-pear.jpg\" \/>\n\t<meta property=\"og:image:width\" content=\"1000\" \/>\n\t<meta property=\"og:image:height\" content=\"1000\" \/>\n\t<meta property=\"og:image:type\" content=\"image\/jpeg\" \/>\n<meta name=\"twitter:label1\" content=\"Prezzo\" \/>\n\t<meta name=\"twitter:data1\" content=\"&euro;&nbsp;17,90\" \/>\n\t<meta name=\"twitter:label2\" content=\"Disponibilit\u00e0\" \/>\n\t<meta name=\"twitter:data2\" content=\"In stock\" \/>\n<script type=\"application\/ld+json\" class=\"yoast-schema-graph\">{\"@context\":\"https:\/\/schema.org\",\"@graph\":[{\"@type\":\"WebPage\",\"@id\":\"https:\/\/www.sestogrado.it\/it\/prodotto\/black-diamond-pearlock-twistlock-moschettone-automatico-a-due-movimenti\/\",\"url\":\"https:\/\/www.sestogrado.it\/it\/prodotto\/black-diamond-pearlock-twistlock-moschettone-automatico-a-due-movimenti\/\",\"name\":\"Black Diamond Pearlock Twistlock moschettone automatico a due movimenti - Sestogrado\",\"isPartOf\":{\"@id\":\"https:\/\/www.sestogrado.it\/it\/#website\"},\"primaryImageOfPage\":{\"@id\":\"https:\/\/www.sestogrado.it\/it\/prodotto\/black-diamond-pearlock-twistlock-moschettone-automatico-a-due-movimenti\/#primaryimage\"},\"image\":{\"@id\":\"https:\/\/www.sestogrado.it\/prodotto\/black-diamond-pearlock-twistlock-moschettone-automatico-a-due-movimenti\/#primaryimage\"},\"thumbnailUrl\":\"https:\/\/www.sestogrado.it\/wp-content\/uploads\/2025\/04\/01-pear.jpg\",\"datePublished\":\"2025-04-23T09:24:29+00:00\",\"dateModified\":\"2026-04-12T14:46:37+00:00\",\"description\":\"Il Black Diamond Pearlock Twistoclock \u00e8 un moschettone automatico a due movimenti di tipo HMS. Significa che per aprire la leva bisogna far ruotare la leva ed aprire la leva.E' dotato di leva twistlock e di un\u2019ampia superficie di contatto con la corda, che lo rende estremamente fluido durante l\u2019assicurazione, l\u2019uso del mezzo barcaiolo o come moschettone freno con un ATC Guide. La leva twistlock aggiunge un ulteriore livello di sicurezza a questo moschettone a forma di pera, robusto e versatile.\",\"breadcrumb\":{\"@id\":\"https:\/\/www.sestogrado.it\/it\/prodotto\/black-diamond-pearlock-twistlock-moschettone-automatico-a-due-movimenti\/#breadcrumb\"},\"inLanguage\":\"it-IT\",\"potentialAction\":[{\"@type\":\"ReadAction\",\"target\":[[\"https:\/\/www.sestogrado.it\/it\/prodotto\/black-diamond-pearlock-twistlock-moschettone-automatico-a-due-movimenti\/\"]]}]},{\"@type\":\"ImageObject\",\"inLanguage\":\"it-IT\",\"@id\":\"https:\/\/www.sestogrado.it\/it\/prodotto\/black-diamond-pearlock-twistlock-moschettone-automatico-a-due-movimenti\/#primaryimage\",\"url\":\"https:\/\/www.sestogrado.it\/wp-content\/uploads\/2025\/04\/01-pear.jpg\",\"contentUrl\":\"https:\/\/www.sestogrado.it\/wp-content\/uploads\/2025\/04\/01-pear.jpg\",\"width\":1000,\"height\":1000,\"caption\":\"pearlock twistlock\"},{\"@type\":\"BreadcrumbList\",\"@id\":\"https:\/\/www.sestogrado.it\/it\/prodotto\/black-diamond-pearlock-twistlock-moschettone-automatico-a-due-movimenti\/#breadcrumb\",\"itemListElement\":[{\"@type\":\"ListItem\",\"position\":1,\"name\":\"Home\",\"item\":\"https:\/\/www.sestogrado.it\/it\/\"},{\"@type\":\"ListItem\",\"position\":2,\"name\":\"Shop\",\"item\":\"https:\/\/www.sestogrado.it\/it\/shop\/\"},{\"@type\":\"ListItem\",\"position\":3,\"name\":\"Black Diamond Pearlock Twistlock moschettone automatico a due movimenti\"}]},{\"@type\":\"WebSite\",\"@id\":\"https:\/\/www.sestogrado.it\/it\/#website\",\"url\":\"https:\/\/www.sestogrado.it\/it\/\",\"name\":\"Sestogrado\",\"description\":\"yes we climb\",\"publisher\":{\"@id\":\"https:\/\/www.sestogrado.it\/it\/#organization\"},\"potentialAction\":[{\"@type\":\"SearchAction\",\"target\":{\"@type\":\"EntryPoint\",\"urlTemplate\":\"https:\/\/www.sestogrado.it\/it\/?s={search_term_string}\"},\"query-input\":{\"@type\":\"PropertyValueSpecification\",\"valueRequired\":true,\"valueName\":\"search_term_string\"}}],\"inLanguage\":\"it-IT\"},{\"@type\":\"Organization\",\"@id\":\"https:\/\/www.sestogrado.it\/it\/#organization\",\"name\":\"Sestogrado\",\"url\":\"https:\/\/www.sestogrado.it\/it\/\",\"logo\":{\"@type\":\"ImageObject\",\"inLanguage\":\"it-IT\",\"@id\":\"https:\/\/www.sestogrado.it\/it\/#\/schema\/logo\/image\/\",\"url\":\"https:\/\/www.sestogrado.it\/wp-content\/uploads\/2015\/03\/sestogrado-favicon.png\",\"contentUrl\":\"https:\/\/www.sestogrado.it\/wp-content\/uploads\/2015\/03\/sestogrado-favicon.png\",\"width\":260,\"height\":260,\"caption\":\"Sestogrado\"},\"image\":{\"@id\":\"https:\/\/www.sestogrado.it\/it\/#\/schema\/logo\/image\/\"},\"sameAs\":[\"https:\/\/www.facebook.com\/pages\/Sestogrado\/1542635979353017?ref=bookmarks\",\"https:\/\/www.youtube.com\/channel\/UC847kAfTkaJsWpc1jtQwr3Q\"],\"hasMerchantReturnPolicy\":{\"@type\":\"MerchantReturnPolicy\",\"merchantReturnLink\":\"https:\/\/www.sestogrado.it\/it\/termini-e-condizioni\/\"}}]}<\/script>\n<meta property=\"product:brand\" content=\"Black Diamond\" \/>\n<meta property=\"product:price:amount\" content=\"17.90\" \/>\n<meta property=\"product:price:currency\" content=\"EUR\" \/>\n<meta property=\"og:availability\" content=\"instock\" \/>\n<meta property=\"product:availability\" content=\"instock\" \/>\n<meta property=\"product:condition\" content=\"new\" \/>\n<!-- \/ Yoast SEO plugin. -->","yoast_head_json":{"title":"Black Diamond Pearlock Twistlock moschettone automatico a due movimenti - Sestogrado","description":"Il Black Diamond Pearlock Twistoclock \u00e8 un moschettone automatico a due movimenti di tipo HMS. Significa che per aprire la leva bisogna far ruotare la leva ed aprire la leva.E' dotato di leva twistlock e di un\u2019ampia superficie di contatto con la corda, che lo rende estremamente fluido durante l\u2019assicurazione, l\u2019uso del mezzo barcaiolo o come moschettone freno con un ATC Guide. La leva twistlock aggiunge un ulteriore livello di sicurezza a questo moschettone a forma di pera, robusto e versatile.","robots":{"index":"index","follow":"follow","max-snippet":"max-snippet:-1","max-image-preview":"max-image-preview:large","max-video-preview":"max-video-preview:-1"},"canonical":"https:\/\/www.sestogrado.it\/it\/prodotto\/black-diamond-pearlock-twistlock-moschettone-automatico-a-due-movimenti\/","og_locale":"it_IT","og_type":"article","og_title":"Black Diamond Pearlock Twistlock moschettone automatico a due movimenti - Sestogrado","og_description":"Il Black Diamond Pearlock Twistoclock \u00e8 un moschettone automatico a due movimenti di tipo HMS. Significa che per aprire la leva bisogna far ruotare la leva ed aprire la leva.E' dotato di leva twistlock e di un\u2019ampia superficie di contatto con la corda, che lo rende estremamente fluido durante l\u2019assicurazione, l\u2019uso del mezzo barcaiolo o come moschettone freno con un ATC Guide. La leva twistlock aggiunge un ulteriore livello di sicurezza a questo moschettone a forma di pera, robusto e versatile.","og_url":"https:\/\/www.sestogrado.it\/it\/prodotto\/black-diamond-pearlock-twistlock-moschettone-automatico-a-due-movimenti\/","og_site_name":"Sestogrado","article_publisher":"https:\/\/www.facebook.com\/pages\/Sestogrado\/1542635979353017?ref=bookmarks","article_modified_time":"2026-04-12T14:46:37+00:00","og_image":[{"width":1000,"height":1000,"url":"https:\/\/www.sestogrado.it\/wp-content\/uploads\/2025\/04\/01-pear.jpg","type":"image\/jpeg"}],"twitter_misc":{"Prezzo":"&euro;&nbsp;17,90","Disponibilit\u00e0":"In stock"},"schema":{"@context":"https:\/\/schema.org","@graph":[{"@type":"WebPage","@id":"https:\/\/www.sestogrado.it\/it\/prodotto\/black-diamond-pearlock-twistlock-moschettone-automatico-a-due-movimenti\/","url":"https:\/\/www.sestogrado.it\/it\/prodotto\/black-diamond-pearlock-twistlock-moschettone-automatico-a-due-movimenti\/","name":"Black Diamond Pearlock Twistlock moschettone automatico a due movimenti - Sestogrado","isPartOf":{"@id":"https:\/\/www.sestogrado.it\/it\/#website"},"primaryImageOfPage":{"@id":"https:\/\/www.sestogrado.it\/it\/prodotto\/black-diamond-pearlock-twistlock-moschettone-automatico-a-due-movimenti\/#primaryimage"},"image":{"@id":"https:\/\/www.sestogrado.it\/prodotto\/black-diamond-pearlock-twistlock-moschettone-automatico-a-due-movimenti\/#primaryimage"},"thumbnailUrl":"https:\/\/www.sestogrado.it\/wp-content\/uploads\/2025\/04\/01-pear.jpg","datePublished":"2025-04-23T09:24:29+00:00","dateModified":"2026-04-12T14:46:37+00:00","description":"Il Black Diamond Pearlock Twistoclock \u00e8 un moschettone automatico a due movimenti di tipo HMS. Significa che per aprire la leva bisogna far ruotare la leva ed aprire la leva.E' dotato di leva twistlock e di un\u2019ampia superficie di contatto con la corda, che lo rende estremamente fluido durante l\u2019assicurazione, l\u2019uso del mezzo barcaiolo o come moschettone freno con un ATC Guide. La leva twistlock aggiunge un ulteriore livello di sicurezza a questo moschettone a forma di pera, robusto e versatile.","breadcrumb":{"@id":"https:\/\/www.sestogrado.it\/it\/prodotto\/black-diamond-pearlock-twistlock-moschettone-automatico-a-due-movimenti\/#breadcrumb"},"inLanguage":"it-IT","potentialAction":[{"@type":"ReadAction","target":[["https:\/\/www.sestogrado.it\/it\/prodotto\/black-diamond-pearlock-twistlock-moschettone-automatico-a-due-movimenti\/"]]}]},{"@type":"ImageObject","inLanguage":"it-IT","@id":"https:\/\/www.sestogrado.it\/it\/prodotto\/black-diamond-pearlock-twistlock-moschettone-automatico-a-due-movimenti\/#primaryimage","url":"https:\/\/www.sestogrado.it\/wp-content\/uploads\/2025\/04\/01-pear.jpg","contentUrl":"https:\/\/www.sestogrado.it\/wp-content\/uploads\/2025\/04\/01-pear.jpg","width":1000,"height":1000,"caption":"pearlock twistlock"},{"@type":"BreadcrumbList","@id":"https:\/\/www.sestogrado.it\/it\/prodotto\/black-diamond-pearlock-twistlock-moschettone-automatico-a-due-movimenti\/#breadcrumb","itemListElement":[{"@type":"ListItem","position":1,"name":"Home","item":"https:\/\/www.sestogrado.it\/it\/"},{"@type":"ListItem","position":2,"name":"Shop","item":"https:\/\/www.sestogrado.it\/it\/shop\/"},{"@type":"ListItem","position":3,"name":"Black Diamond Pearlock Twistlock moschettone automatico a due movimenti"}]},{"@type":"WebSite","@id":"https:\/\/www.sestogrado.it\/it\/#website","url":"https:\/\/www.sestogrado.it\/it\/","name":"Sestogrado","description":"yes we climb","publisher":{"@id":"https:\/\/www.sestogrado.it\/it\/#organization"},"potentialAction":[{"@type":"SearchAction","target":{"@type":"EntryPoint","urlTemplate":"https:\/\/www.sestogrado.it\/it\/?s={search_term_string}"},"query-input":{"@type":"PropertyValueSpecification","valueRequired":true,"valueName":"search_term_string"}}],"inLanguage":"it-IT"},{"@type":"Organization","@id":"https:\/\/www.sestogrado.it\/it\/#organization","name":"Sestogrado","url":"https:\/\/www.sestogrado.it\/it\/","logo":{"@type":"ImageObject","inLanguage":"it-IT","@id":"https:\/\/www.sestogrado.it\/it\/#\/schema\/logo\/image\/","url":"https:\/\/www.sestogrado.it\/wp-content\/uploads\/2015\/03\/sestogrado-favicon.png","contentUrl":"https:\/\/www.sestogrado.it\/wp-content\/uploads\/2015\/03\/sestogrado-favicon.png","width":260,"height":260,"caption":"Sestogrado"},"image":{"@id":"https:\/\/www.sestogrado.it\/it\/#\/schema\/logo\/image\/"},"sameAs":["https:\/\/www.facebook.com\/pages\/Sestogrado\/1542635979353017?ref=bookmarks","https:\/\/www.youtube.com\/channel\/UC847kAfTkaJsWpc1jtQwr3Q"],"hasMerchantReturnPolicy":{"@type":"MerchantReturnPolicy","merchantReturnLink":"https:\/\/www.sestogrado.it\/it\/termini-e-condizioni\/"}}]},"product_brand":"Black Diamond","product_price_amount":"17.90","product_price_currency":"EUR","og_availability":"instock","product_availability":"instock","product_condition":"new"},"_links":{"self":[{"href":"https:\/\/www.sestogrado.it\/it\/wp-json\/wp\/v2\/product\/189874","targetHints":{"allow":["GET"]}}],"collection":[{"href":"https:\/\/www.sestogrado.it\/it\/wp-json\/wp\/v2\/product"}],"about":[{"href":"https:\/\/www.sestogrado.it\/it\/wp-json\/wp\/v2\/types\/product"}],"replies":[{"embeddable":true,"href":"https:\/\/www.sestogrado.it\/it\/wp-json\/wp\/v2\/comments?post=189874"}],"wp:featuredmedia":[{"embeddable":true,"href":"https:\/\/www.sestogrado.it\/it\/wp-json\/wp\/v2\/media\/189878"}],"wp:attachment":[{"href":"https:\/\/www.sestogrado.it\/it\/wp-json\/wp\/v2\/media?parent=189874"}],"wp:term":[{"taxonomy":"product_brand","embeddable":true,"href":"https:\/\/www.sestogrado.it\/it\/wp-json\/wp\/v2\/product_brand?post=189874"},{"taxonomy":"product_cat","embeddable":true,"href":"https:\/\/www.sestogrado.it\/it\/wp-json\/wp\/v2\/product_cat?post=189874"},{"taxonomy":"product_tag","embeddable":true,"href":"https:\/\/www.sestogrado.it\/it\/wp-json\/wp\/v2\/product_tag?post=189874"}],"curies":[{"name":"wp","href":"https:\/\/api.w.org\/{rel}","templated":true}]}}