{"id":189379,"date":"2025-04-10T19:51:36","date_gmt":"2025-04-10T17:51:36","guid":{"rendered":"https:\/\/www.sestogrado.it\/?post_type=product&#038;p=189379"},"modified":"2025-12-20T00:22:55","modified_gmt":"2025-12-19T23:22:55","slug":"puglia-rock-falesie-e-deep-water-solo","status":"publish","type":"product","link":"https:\/\/www.sestogrado.it\/it\/prodotto\/puglia-rock-falesie-e-deep-water-solo\/","title":{"rendered":"Puglia Rock falesie e deep water solo"},"content":{"rendered":"<p>Per un territorio come quello pugliese, non certo famoso per le sue montagne, i dieci anni che ci separano dall\u2019ultima edizione possono sembrare un periodo breve, con poche novit\u00e0 significative. Non \u00e8 cosi, e si capisce subito dalla scelta di dedicare questa edizione totalmente all\u2019arrampicata in Puglia, riducendo la vastit\u00e0 territoriale delle precedenti guide\u00a0<em>A Sud (<\/em>Versante Sud, 2006).<br \/>\nSe vi chiedete dove sono le novit\u00e0, le principali dovrete cercarle in mare! La Puglia in questi ultimi anni \u00e8 diventata\u00a0<strong>una meta turistica importante anche per il\u00a0<em>Deep Water Solo<\/em><\/strong>\u00a0lungo le sue splendide scogliere. Ma anche nelle pi\u00f9\u00a0<strong>classiche falesie l\u2019arrampicata sportiva<\/strong>\u00a0sta seguendo il trend di tutto il resto d\u2019Italia e anche qui, dove alle poche montagne presenti si sostituiscono i numerosi canyon che chiamiamo gravine, vi \u00e8 stato un pullulare di nuovi itinerari.<br \/>\nAlcuni progetti si sono trasformati in vie, molti settori hanno assunto dimensioni significative, al punto da poterci scalare per pi\u00f9 giornate provando sempre itinerari diversi. Nuovi spot sono stati scoperti e alcuni sono ancora da valorizzare. Infine alcune falesie i cui ancoraggi risultavano deteriorati, in particolare quelle sul\u00a0<strong>Gargano<\/strong>, sono state riattrezzate e rinnovate con ulteriori itinerari. Con il contributo del progetto\u00a0<em>Books For Bolts<\/em>, quello di\u00a0<strong>Rocciaeresina<\/strong>\u00a0e delle societ\u00e0\u00a0<strong>Fasi<\/strong>\u00a0Pulgiesi, da\u00a0<strong>San Giovanni Rotondo<\/strong>\u00a0fino a\u00a0<strong>Santa Maria di Leuca<\/strong>, il parco giochi \u00e8 cresciuto in quantit\u00e0 e qualit\u00e0 dell\u2019offerta.<br \/>\nTroverete in Puglia\u00a0<strong>un piccolo paradiso di roccia<\/strong>\u00a0dove vi potrete divertire, sempre con un\u2019attenzione particolare alla sicurezza, al rispetto della natura e di chi vive e lavora sul territorio.<\/p>\n<p><strong>Graziano<\/strong>\u00a0<strong>Montel<\/strong>, classe \u201971, ha smosso tonnellate di roccia pugliese, creando e poi consolidando una realt\u00e0 tutt\u2019oggi in continuo sviluppo. Istruttore e Tracciatore Federale (FASI), dopo trent\u2019anni di attivit\u00e0 continua a essere il punto di riferimento nel territorio, attrezzando falesie sempre nuove, ristrutturandone di vecchie, scoprendo massi e dedicandosi alla tracciatura e all\u2019insegnamento indoor. Che si tratti di roccia, resina o\u00a0<em>Roccia&amp;resina<\/em>\u00a0la sua passione per il verticale \u00e8 inestinguibile e a tutto tondo, aperta al cambiamento veloce che la nostra disciplina sta vedendo negli ultimi anni. Se in una falesia pugliese doveste sentire il suono di un trapano, state pur certi che Graziano \u00e8 l\u00ec e che qualcosa di ancora nuovo sta nascendo!<\/p>\n<p>Sfoglia la preview:<\/p>\n<div class=\"embed-responsive embed-responsive-16by9\"><iframe title=\"PUGLIA Rock\u00a0\" src=\"https:\/\/e.issuu.com\/embed.html?u=edizioni_versante_sud&#038;d=pugliarock_issuu\" style=\"border:none; width: 500px; height: 383px;\" allow=\"clipboard-write,allow-top-navigation,allow-top-navigation-by-user-activation,allow-downloads,allow-scripts,allow-same-origin,allow-popups,allow-modals,allow-popups-to-escape-sandbox,allow-forms\"  allowfullscreen=\"true\"><\/iframe><\/div>\n<p>&nbsp;<\/p>\n<p>Versante Sud \u00e8 una casa editrice specializzata in guide di arrampicata, alpinismo, escursionismo, mtb e outdoor. Centinaia di titoli e libri sui migliori spot di arrampicata in Italia e nel mondo.<\/p>","protected":false},"excerpt":{"rendered":"<p>Per un territorio come quello pugliese, non certo famoso per le sue montagne, i dieci anni che ci separano dall\u2019ultima [&hellip;]<\/p>\n","protected":false},"featured_media":189380,"comment_status":"open","ping_status":"closed","template":"","meta":{"_acf_changed":false},"product_brand":[99],"product_cat":[98],"product_tag":[],"class_list":{"0":"post-189379","1":"product","2":"type-product","3":"status-publish","4":"has-post-thumbnail","6":"product_brand-versante-sud","7":"product_cat-libri","9":"first","10":"instock","11":"taxable","12":"shipping-taxable","13":"purchasable","14":"product-type-simple"},"acf":[],"yoast_head":"<!-- This site is optimized with the Yoast SEO plugin v26.4 - https:\/\/yoast.com\/wordpress\/plugins\/seo\/ -->\n<title>Puglia Rock falesie e deep water solo - Sestogrado<\/title>\n<meta name=\"description\" content=\"Per un territorio come quello pugliese, non certo famoso per le sue montagne, i dieci anni che ci separano dall\u2019ultima edizione possono sembrare un periodo breve, con poche novit\u00e0 significative. Non \u00e8 cosi, e si capisce subito dalla scelta di dedicare questa edizione totalmente all\u2019arrampicata in Puglia, riducendo la vastit\u00e0 territoriale delle precedenti guide\u00a0A Sud (Versante Sud, 2006).Se vi chiedete dove sono le novit\u00e0, le principali dovrete cercarle in mare! La Puglia in questi ultimi anni \u00e8 diventata\u00a0una meta turistica importante anche per il\u00a0Deep Water Solo\u00a0lungo le sue splendide scogliere. Ma anche nelle pi\u00f9\u00a0classiche falesie l\u2019arrampicata sportiva\u00a0sta seguendo il trend di tutto il resto d\u2019Italia e anche qui, dove alle poche montagne presenti si sostituiscono i numerosi canyon che chiamiamo gravine, vi \u00e8 stato un pullulare di nuovi itinerari.\" \/>\n<meta name=\"robots\" content=\"index, follow, max-snippet:-1, max-image-preview:large, max-video-preview:-1\" \/>\n<link rel=\"canonical\" href=\"https:\/\/www.sestogrado.it\/it\/prodotto\/puglia-rock-falesie-e-deep-water-solo\/\" \/>\n<meta property=\"og:locale\" content=\"it_IT\" \/>\n<meta property=\"og:type\" content=\"article\" \/>\n<meta property=\"og:title\" content=\"Puglia Rock falesie e deep water solo - Sestogrado\" \/>\n<meta property=\"og:description\" content=\"Per un territorio come quello pugliese, non certo famoso per le sue montagne, i dieci anni che ci separano dall\u2019ultima edizione possono sembrare un periodo breve, con poche novit\u00e0 significative. Non \u00e8 cosi, e si capisce subito dalla scelta di dedicare questa edizione totalmente all\u2019arrampicata in Puglia, riducendo la vastit\u00e0 territoriale delle precedenti guide\u00a0A Sud (Versante Sud, 2006).Se vi chiedete dove sono le novit\u00e0, le principali dovrete cercarle in mare! La Puglia in questi ultimi anni \u00e8 diventata\u00a0una meta turistica importante anche per il\u00a0Deep Water Solo\u00a0lungo le sue splendide scogliere. Ma anche nelle pi\u00f9\u00a0classiche falesie l\u2019arrampicata sportiva\u00a0sta seguendo il trend di tutto il resto d\u2019Italia e anche qui, dove alle poche montagne presenti si sostituiscono i numerosi canyon che chiamiamo gravine, vi \u00e8 stato un pullulare di nuovi itinerari.\" \/>\n<meta property=\"og:url\" content=\"https:\/\/www.sestogrado.it\/it\/prodotto\/puglia-rock-falesie-e-deep-water-solo\/\" \/>\n<meta property=\"og:site_name\" content=\"Sestogrado\" \/>\n<meta property=\"article:publisher\" content=\"https:\/\/www.facebook.com\/pages\/Sestogrado\/1542635979353017?ref=bookmarks\" \/>\n<meta property=\"article:modified_time\" content=\"2025-12-19T23:22:55+00:00\" \/>\n<meta property=\"og:image\" content=\"https:\/\/www.sestogrado.it\/wp-content\/uploads\/2025\/04\/01-puglia.jpg\" \/>\n\t<meta property=\"og:image:width\" content=\"900\" \/>\n\t<meta property=\"og:image:height\" content=\"900\" \/>\n\t<meta property=\"og:image:type\" content=\"image\/jpeg\" \/>\n<meta name=\"twitter:label1\" content=\"Prezzo\" \/>\n\t<meta name=\"twitter:data1\" content=\"&euro;&nbsp;28,00\" \/>\n\t<meta name=\"twitter:label2\" content=\"Disponibilit\u00e0\" \/>\n\t<meta name=\"twitter:data2\" content=\"In stock\" \/>\n<script type=\"application\/ld+json\" class=\"yoast-schema-graph\">{\"@context\":\"https:\/\/schema.org\",\"@graph\":[{\"@type\":\"WebPage\",\"@id\":\"https:\/\/www.sestogrado.it\/it\/prodotto\/puglia-rock-falesie-e-deep-water-solo\/\",\"url\":\"https:\/\/www.sestogrado.it\/it\/prodotto\/puglia-rock-falesie-e-deep-water-solo\/\",\"name\":\"Puglia Rock falesie e deep water solo - Sestogrado\",\"isPartOf\":{\"@id\":\"https:\/\/www.sestogrado.it\/it\/#website\"},\"primaryImageOfPage\":{\"@id\":\"https:\/\/www.sestogrado.it\/it\/prodotto\/puglia-rock-falesie-e-deep-water-solo\/#primaryimage\"},\"image\":{\"@id\":\"https:\/\/www.sestogrado.it\/prodotto\/puglia-rock-falesie-e-deep-water-solo\/#primaryimage\"},\"thumbnailUrl\":\"https:\/\/www.sestogrado.it\/wp-content\/uploads\/2025\/04\/01-puglia.jpg\",\"datePublished\":\"2025-04-10T17:51:36+00:00\",\"dateModified\":\"2025-12-19T23:22:55+00:00\",\"description\":\"Per un territorio come quello pugliese, non certo famoso per le sue montagne, i dieci anni che ci separano dall\u2019ultima edizione possono sembrare un periodo breve, con poche novit\u00e0 significative. Non \u00e8 cosi, e si capisce subito dalla scelta di dedicare questa edizione totalmente all\u2019arrampicata in Puglia, riducendo la vastit\u00e0 territoriale delle precedenti guide\u00a0A Sud (Versante Sud, 2006).Se vi chiedete dove sono le novit\u00e0, le principali dovrete cercarle in mare! La Puglia in questi ultimi anni \u00e8 diventata\u00a0una meta turistica importante anche per il\u00a0Deep Water Solo\u00a0lungo le sue splendide scogliere. Ma anche nelle pi\u00f9\u00a0classiche falesie l\u2019arrampicata sportiva\u00a0sta seguendo il trend di tutto il resto d\u2019Italia e anche qui, dove alle poche montagne presenti si sostituiscono i numerosi canyon che chiamiamo gravine, vi \u00e8 stato un pullulare di nuovi itinerari.\",\"breadcrumb\":{\"@id\":\"https:\/\/www.sestogrado.it\/it\/prodotto\/puglia-rock-falesie-e-deep-water-solo\/#breadcrumb\"},\"inLanguage\":\"it-IT\",\"potentialAction\":[{\"@type\":\"ReadAction\",\"target\":[[\"https:\/\/www.sestogrado.it\/it\/prodotto\/puglia-rock-falesie-e-deep-water-solo\/\"]]}]},{\"@type\":\"ImageObject\",\"inLanguage\":\"it-IT\",\"@id\":\"https:\/\/www.sestogrado.it\/it\/prodotto\/puglia-rock-falesie-e-deep-water-solo\/#primaryimage\",\"url\":\"https:\/\/www.sestogrado.it\/wp-content\/uploads\/2025\/04\/01-puglia.jpg\",\"contentUrl\":\"https:\/\/www.sestogrado.it\/wp-content\/uploads\/2025\/04\/01-puglia.jpg\",\"width\":900,\"height\":900,\"caption\":\"puglia rock\"},{\"@type\":\"BreadcrumbList\",\"@id\":\"https:\/\/www.sestogrado.it\/it\/prodotto\/puglia-rock-falesie-e-deep-water-solo\/#breadcrumb\",\"itemListElement\":[{\"@type\":\"ListItem\",\"position\":1,\"name\":\"Home\",\"item\":\"https:\/\/www.sestogrado.it\/it\/\"},{\"@type\":\"ListItem\",\"position\":2,\"name\":\"Shop\",\"item\":\"https:\/\/www.sestogrado.it\/it\/shop\/\"},{\"@type\":\"ListItem\",\"position\":3,\"name\":\"Puglia Rock falesie e deep water solo\"}]},{\"@type\":\"WebSite\",\"@id\":\"https:\/\/www.sestogrado.it\/it\/#website\",\"url\":\"https:\/\/www.sestogrado.it\/it\/\",\"name\":\"Sestogrado\",\"description\":\"yes we climb\",\"publisher\":{\"@id\":\"https:\/\/www.sestogrado.it\/it\/#organization\"},\"potentialAction\":[{\"@type\":\"SearchAction\",\"target\":{\"@type\":\"EntryPoint\",\"urlTemplate\":\"https:\/\/www.sestogrado.it\/it\/?s={search_term_string}\"},\"query-input\":{\"@type\":\"PropertyValueSpecification\",\"valueRequired\":true,\"valueName\":\"search_term_string\"}}],\"inLanguage\":\"it-IT\"},{\"@type\":\"Organization\",\"@id\":\"https:\/\/www.sestogrado.it\/it\/#organization\",\"name\":\"Sestogrado\",\"url\":\"https:\/\/www.sestogrado.it\/it\/\",\"logo\":{\"@type\":\"ImageObject\",\"inLanguage\":\"it-IT\",\"@id\":\"https:\/\/www.sestogrado.it\/it\/#\/schema\/logo\/image\/\",\"url\":\"https:\/\/www.sestogrado.it\/wp-content\/uploads\/2015\/03\/sestogrado-favicon.png\",\"contentUrl\":\"https:\/\/www.sestogrado.it\/wp-content\/uploads\/2015\/03\/sestogrado-favicon.png\",\"width\":260,\"height\":260,\"caption\":\"Sestogrado\"},\"image\":{\"@id\":\"https:\/\/www.sestogrado.it\/it\/#\/schema\/logo\/image\/\"},\"sameAs\":[\"https:\/\/www.facebook.com\/pages\/Sestogrado\/1542635979353017?ref=bookmarks\",\"https:\/\/www.youtube.com\/channel\/UC847kAfTkaJsWpc1jtQwr3Q\"],\"hasMerchantReturnPolicy\":{\"@type\":\"MerchantReturnPolicy\",\"merchantReturnLink\":\"https:\/\/www.sestogrado.it\/it\/termini-e-condizioni\/\"}}]}<\/script>\n<meta property=\"product:brand\" content=\"Versante Sud\" \/>\n<meta property=\"product:price:amount\" content=\"28.00\" \/>\n<meta property=\"product:price:currency\" content=\"EUR\" \/>\n<meta property=\"og:availability\" content=\"instock\" \/>\n<meta property=\"product:availability\" content=\"instock\" \/>\n<meta property=\"product:condition\" content=\"new\" \/>\n<!-- \/ Yoast SEO plugin. -->","yoast_head_json":{"title":"Puglia Rock falesie e deep water solo - Sestogrado","description":"Per un territorio come quello pugliese, non certo famoso per le sue montagne, i dieci anni che ci separano dall\u2019ultima edizione possono sembrare un periodo breve, con poche novit\u00e0 significative. Non \u00e8 cosi, e si capisce subito dalla scelta di dedicare questa edizione totalmente all\u2019arrampicata in Puglia, riducendo la vastit\u00e0 territoriale delle precedenti guide\u00a0A Sud (Versante Sud, 2006).Se vi chiedete dove sono le novit\u00e0, le principali dovrete cercarle in mare! La Puglia in questi ultimi anni \u00e8 diventata\u00a0una meta turistica importante anche per il\u00a0Deep Water Solo\u00a0lungo le sue splendide scogliere. Ma anche nelle pi\u00f9\u00a0classiche falesie l\u2019arrampicata sportiva\u00a0sta seguendo il trend di tutto il resto d\u2019Italia e anche qui, dove alle poche montagne presenti si sostituiscono i numerosi canyon che chiamiamo gravine, vi \u00e8 stato un pullulare di nuovi itinerari.","robots":{"index":"index","follow":"follow","max-snippet":"max-snippet:-1","max-image-preview":"max-image-preview:large","max-video-preview":"max-video-preview:-1"},"canonical":"https:\/\/www.sestogrado.it\/it\/prodotto\/puglia-rock-falesie-e-deep-water-solo\/","og_locale":"it_IT","og_type":"article","og_title":"Puglia Rock falesie e deep water solo - Sestogrado","og_description":"Per un territorio come quello pugliese, non certo famoso per le sue montagne, i dieci anni che ci separano dall\u2019ultima edizione possono sembrare un periodo breve, con poche novit\u00e0 significative. Non \u00e8 cosi, e si capisce subito dalla scelta di dedicare questa edizione totalmente all\u2019arrampicata in Puglia, riducendo la vastit\u00e0 territoriale delle precedenti guide\u00a0A Sud (Versante Sud, 2006).Se vi chiedete dove sono le novit\u00e0, le principali dovrete cercarle in mare! La Puglia in questi ultimi anni \u00e8 diventata\u00a0una meta turistica importante anche per il\u00a0Deep Water Solo\u00a0lungo le sue splendide scogliere. Ma anche nelle pi\u00f9\u00a0classiche falesie l\u2019arrampicata sportiva\u00a0sta seguendo il trend di tutto il resto d\u2019Italia e anche qui, dove alle poche montagne presenti si sostituiscono i numerosi canyon che chiamiamo gravine, vi \u00e8 stato un pullulare di nuovi itinerari.","og_url":"https:\/\/www.sestogrado.it\/it\/prodotto\/puglia-rock-falesie-e-deep-water-solo\/","og_site_name":"Sestogrado","article_publisher":"https:\/\/www.facebook.com\/pages\/Sestogrado\/1542635979353017?ref=bookmarks","article_modified_time":"2025-12-19T23:22:55+00:00","og_image":[{"width":900,"height":900,"url":"https:\/\/www.sestogrado.it\/wp-content\/uploads\/2025\/04\/01-puglia.jpg","type":"image\/jpeg"}],"twitter_misc":{"Prezzo":"&euro;&nbsp;28,00","Disponibilit\u00e0":"In stock"},"schema":{"@context":"https:\/\/schema.org","@graph":[{"@type":"WebPage","@id":"https:\/\/www.sestogrado.it\/it\/prodotto\/puglia-rock-falesie-e-deep-water-solo\/","url":"https:\/\/www.sestogrado.it\/it\/prodotto\/puglia-rock-falesie-e-deep-water-solo\/","name":"Puglia Rock falesie e deep water solo - Sestogrado","isPartOf":{"@id":"https:\/\/www.sestogrado.it\/it\/#website"},"primaryImageOfPage":{"@id":"https:\/\/www.sestogrado.it\/it\/prodotto\/puglia-rock-falesie-e-deep-water-solo\/#primaryimage"},"image":{"@id":"https:\/\/www.sestogrado.it\/prodotto\/puglia-rock-falesie-e-deep-water-solo\/#primaryimage"},"thumbnailUrl":"https:\/\/www.sestogrado.it\/wp-content\/uploads\/2025\/04\/01-puglia.jpg","datePublished":"2025-04-10T17:51:36+00:00","dateModified":"2025-12-19T23:22:55+00:00","description":"Per un territorio come quello pugliese, non certo famoso per le sue montagne, i dieci anni che ci separano dall\u2019ultima edizione possono sembrare un periodo breve, con poche novit\u00e0 significative. Non \u00e8 cosi, e si capisce subito dalla scelta di dedicare questa edizione totalmente all\u2019arrampicata in Puglia, riducendo la vastit\u00e0 territoriale delle precedenti guide\u00a0A Sud (Versante Sud, 2006).Se vi chiedete dove sono le novit\u00e0, le principali dovrete cercarle in mare! La Puglia in questi ultimi anni \u00e8 diventata\u00a0una meta turistica importante anche per il\u00a0Deep Water Solo\u00a0lungo le sue splendide scogliere. Ma anche nelle pi\u00f9\u00a0classiche falesie l\u2019arrampicata sportiva\u00a0sta seguendo il trend di tutto il resto d\u2019Italia e anche qui, dove alle poche montagne presenti si sostituiscono i numerosi canyon che chiamiamo gravine, vi \u00e8 stato un pullulare di nuovi itinerari.","breadcrumb":{"@id":"https:\/\/www.sestogrado.it\/it\/prodotto\/puglia-rock-falesie-e-deep-water-solo\/#breadcrumb"},"inLanguage":"it-IT","potentialAction":[{"@type":"ReadAction","target":[["https:\/\/www.sestogrado.it\/it\/prodotto\/puglia-rock-falesie-e-deep-water-solo\/"]]}]},{"@type":"ImageObject","inLanguage":"it-IT","@id":"https:\/\/www.sestogrado.it\/it\/prodotto\/puglia-rock-falesie-e-deep-water-solo\/#primaryimage","url":"https:\/\/www.sestogrado.it\/wp-content\/uploads\/2025\/04\/01-puglia.jpg","contentUrl":"https:\/\/www.sestogrado.it\/wp-content\/uploads\/2025\/04\/01-puglia.jpg","width":900,"height":900,"caption":"puglia rock"},{"@type":"BreadcrumbList","@id":"https:\/\/www.sestogrado.it\/it\/prodotto\/puglia-rock-falesie-e-deep-water-solo\/#breadcrumb","itemListElement":[{"@type":"ListItem","position":1,"name":"Home","item":"https:\/\/www.sestogrado.it\/it\/"},{"@type":"ListItem","position":2,"name":"Shop","item":"https:\/\/www.sestogrado.it\/it\/shop\/"},{"@type":"ListItem","position":3,"name":"Puglia Rock falesie e deep water solo"}]},{"@type":"WebSite","@id":"https:\/\/www.sestogrado.it\/it\/#website","url":"https:\/\/www.sestogrado.it\/it\/","name":"Sestogrado","description":"yes we climb","publisher":{"@id":"https:\/\/www.sestogrado.it\/it\/#organization"},"potentialAction":[{"@type":"SearchAction","target":{"@type":"EntryPoint","urlTemplate":"https:\/\/www.sestogrado.it\/it\/?s={search_term_string}"},"query-input":{"@type":"PropertyValueSpecification","valueRequired":true,"valueName":"search_term_string"}}],"inLanguage":"it-IT"},{"@type":"Organization","@id":"https:\/\/www.sestogrado.it\/it\/#organization","name":"Sestogrado","url":"https:\/\/www.sestogrado.it\/it\/","logo":{"@type":"ImageObject","inLanguage":"it-IT","@id":"https:\/\/www.sestogrado.it\/it\/#\/schema\/logo\/image\/","url":"https:\/\/www.sestogrado.it\/wp-content\/uploads\/2015\/03\/sestogrado-favicon.png","contentUrl":"https:\/\/www.sestogrado.it\/wp-content\/uploads\/2015\/03\/sestogrado-favicon.png","width":260,"height":260,"caption":"Sestogrado"},"image":{"@id":"https:\/\/www.sestogrado.it\/it\/#\/schema\/logo\/image\/"},"sameAs":["https:\/\/www.facebook.com\/pages\/Sestogrado\/1542635979353017?ref=bookmarks","https:\/\/www.youtube.com\/channel\/UC847kAfTkaJsWpc1jtQwr3Q"],"hasMerchantReturnPolicy":{"@type":"MerchantReturnPolicy","merchantReturnLink":"https:\/\/www.sestogrado.it\/it\/termini-e-condizioni\/"}}]},"product_brand":"Versante Sud","product_price_amount":"28.00","product_price_currency":"EUR","og_availability":"instock","product_availability":"instock","product_condition":"new"},"_links":{"self":[{"href":"https:\/\/www.sestogrado.it\/it\/wp-json\/wp\/v2\/product\/189379","targetHints":{"allow":["GET"]}}],"collection":[{"href":"https:\/\/www.sestogrado.it\/it\/wp-json\/wp\/v2\/product"}],"about":[{"href":"https:\/\/www.sestogrado.it\/it\/wp-json\/wp\/v2\/types\/product"}],"replies":[{"embeddable":true,"href":"https:\/\/www.sestogrado.it\/it\/wp-json\/wp\/v2\/comments?post=189379"}],"wp:featuredmedia":[{"embeddable":true,"href":"https:\/\/www.sestogrado.it\/it\/wp-json\/wp\/v2\/media\/189380"}],"wp:attachment":[{"href":"https:\/\/www.sestogrado.it\/it\/wp-json\/wp\/v2\/media?parent=189379"}],"wp:term":[{"taxonomy":"product_brand","embeddable":true,"href":"https:\/\/www.sestogrado.it\/it\/wp-json\/wp\/v2\/product_brand?post=189379"},{"taxonomy":"product_cat","embeddable":true,"href":"https:\/\/www.sestogrado.it\/it\/wp-json\/wp\/v2\/product_cat?post=189379"},{"taxonomy":"product_tag","embeddable":true,"href":"https:\/\/www.sestogrado.it\/it\/wp-json\/wp\/v2\/product_tag?post=189379"}],"curies":[{"name":"wp","href":"https:\/\/api.w.org\/{rel}","templated":true}]}}