{"id":189322,"date":"2025-04-17T10:46:17","date_gmt":"2025-04-17T08:46:17","guid":{"rendered":"https:\/\/www.sestogrado.it\/?post_type=product&#038;p=189322"},"modified":"2026-04-22T09:50:35","modified_gmt":"2026-04-22T07:50:35","slug":"beal-trinity-imbrago-arrampicata","status":"publish","type":"product","link":"https:\/\/www.sestogrado.it\/it\/prodotto\/beal-trinity-imbrago-arrampicata\/","title":{"rendered":"Beal Trinity imbrago arrampicata"},"content":{"rendered":"<p>Il Beal Trinity \u00e8 un imbrago da arrampicata a 3 fibbie che offre il miglior rapporto qualit\u00e0-comfort della sua categoria. Progettata per combinare regolazione precisa, leggerezza e comfort, si adatta perfettamente, grazie alle sue 4 taglie (S, M, L, XL) e alle sue 3 fibbie lavorate per una regolazione fluida e soddisfacente. Genere unisex, \u00e8 progettata per adattarsi a ogni arrampicatore, perch\u00e9 non \u00e8 il genere a definire la morfologia, ma le regolazioni che permettono a tutti di trovare la vestibilit\u00e0 perfetta. Il suo equilibrio ideale tra supporto e flessibilit\u00e0 garantisce una distribuzione uniforme su due fettucce all&#8217;interno dell&#8217;imbottitura. Trinity mette il piacere dell&#8217;arrampicata al centro dell&#8217;esperienza, per mantenere solo la libert\u00e0 di movimento.<\/p>\n<ul>\n<li>Una calzata precisa e intuitiva: 4 taglie e 3 fibbie studiate per una calzata perfetta, fluida e appagante.<\/li>\n<li>Ultra confortevole: distribuzione uniforme dei carichi su due fettucce integrate nell&#8217;imbottitura.<\/li>\n<li>Facile da indossare e regolare: regolazione rapida, ideale per tutti gli arrampicatori.<\/li>\n<li>Leggero e comodo da indossare: solo 332 g nella taglia S, 420 g nella taglia XL.<\/li>\n<li>Adatto a tutte le pratiche: comfort garantito in ambienti interni ed esterni.<\/li>\n<li>Pratico e funzionale: portamateriali rigidi, marcatura L\/R, ponte colorato per una legatura del nodo intuitivo.<\/li>\n<\/ul>\n<p>Il Beal Trinity \u00e8 un imbrago che pu\u00f2 essere utilizzato in falesia, come in palestra o su vie ferrate. Le fibbie consentono di regolare i cosciali anche con cambio di vestiario.<\/p>\n<p>&nbsp;<\/p>\n<p>Beal \u00e8 leader mondiale nella produzione di corde arrampicata da montagna grazie ad un avanzato sviluppo tecnologico nel processo \u00a0di fabbricazione che gli \u00e8 valso il certificato Iso 9001. Sempre attento alle esigenze degli arrampicatori, \u00e8 stata in grado di apportare dinamicit\u00e0 alla pratica dell\u2019arrampicata grazie ad un\u2019intensa attivit\u00e0 di ricerca. In particolare, Black Limit, Program System, trattamento Dry Cover, imbragature Aero, tecnologia Unicore.<\/p>","protected":false},"excerpt":{"rendered":"<p>Il Beal Trinity \u00e8 un imbrago da arrampicata a 3 fibbie che offre il miglior rapporto qualit\u00e0-comfort della sua categoria. [&hellip;]<\/p>\n","protected":false},"featured_media":189331,"comment_status":"open","ping_status":"closed","template":"","meta":{"_acf_changed":false},"product_brand":[84],"product_cat":[182,183],"product_tag":[],"class_list":{"0":"post-189322","1":"product","2":"type-product","3":"status-publish","4":"has-post-thumbnail","6":"product_brand-beal","7":"product_cat-sportivi","8":"product_cat-alpinismo","10":"first","11":"instock","12":"sale","13":"taxable","14":"shipping-taxable","15":"purchasable","16":"product-type-variable"},"acf":[],"yoast_head":"<!-- This site is optimized with the Yoast SEO plugin v26.4 - https:\/\/yoast.com\/wordpress\/plugins\/seo\/ -->\n<title>Beal Trinity imbrago arrampicata - Sestogrado<\/title>\n<meta name=\"description\" content=\"Il Beal Trinity \u00e8 un imbrago da arrampicata a 3 fibbie che offre il miglior rapporto qualit\u00e0-comfort della sua categoria. Progettata per combinare regolazione precisa, leggerezza e comfort, si adatta perfettamente, grazie alle sue 4 taglie (S, M, L, XL) e alle sue 3 fibbie lavorate per una regolazione fluida e soddisfacente. Genere unisex, \u00e8 progettata per adattarsi a ogni arrampicatore, perch\u00e9 non \u00e8 il genere a definire la morfologia, ma le regolazioni che permettono a tutti di trovare la vestibilit\u00e0 perfetta. Il suo equilibrio ideale tra supporto e flessibilit\u00e0 garantisce una distribuzione uniforme su due fettucce all&#039;interno dell&#039;imbottitura. Trinity mette il piacere dell&#039;arrampicata al centro dell&#039;esperienza, per mantenere solo la libert\u00e0 di movimento.\" \/>\n<meta name=\"robots\" content=\"index, follow, max-snippet:-1, max-image-preview:large, max-video-preview:-1\" \/>\n<link rel=\"canonical\" href=\"https:\/\/www.sestogrado.it\/it\/prodotto\/beal-trinity-imbrago-arrampicata\/\" \/>\n<meta property=\"og:locale\" content=\"it_IT\" \/>\n<meta property=\"og:type\" content=\"article\" \/>\n<meta property=\"og:title\" content=\"Beal Trinity imbrago arrampicata - Sestogrado\" \/>\n<meta property=\"og:description\" content=\"Il Beal Trinity \u00e8 un imbrago da arrampicata a 3 fibbie che offre il miglior rapporto qualit\u00e0-comfort della sua categoria. Progettata per combinare regolazione precisa, leggerezza e comfort, si adatta perfettamente, grazie alle sue 4 taglie (S, M, L, XL) e alle sue 3 fibbie lavorate per una regolazione fluida e soddisfacente. Genere unisex, \u00e8 progettata per adattarsi a ogni arrampicatore, perch\u00e9 non \u00e8 il genere a definire la morfologia, ma le regolazioni che permettono a tutti di trovare la vestibilit\u00e0 perfetta. Il suo equilibrio ideale tra supporto e flessibilit\u00e0 garantisce una distribuzione uniforme su due fettucce all&#039;interno dell&#039;imbottitura. Trinity mette il piacere dell&#039;arrampicata al centro dell&#039;esperienza, per mantenere solo la libert\u00e0 di movimento.\" \/>\n<meta property=\"og:url\" content=\"https:\/\/www.sestogrado.it\/it\/prodotto\/beal-trinity-imbrago-arrampicata\/\" \/>\n<meta property=\"og:site_name\" content=\"Sestogrado\" \/>\n<meta property=\"article:publisher\" content=\"https:\/\/www.facebook.com\/pages\/Sestogrado\/1542635979353017?ref=bookmarks\" \/>\n<meta property=\"article:modified_time\" content=\"2026-04-22T07:50:35+00:00\" \/>\n<meta property=\"og:image\" content=\"https:\/\/www.sestogrado.it\/wp-content\/uploads\/2025\/04\/01-5.jpg\" \/>\n\t<meta property=\"og:image:width\" content=\"1000\" \/>\n\t<meta property=\"og:image:height\" content=\"1000\" \/>\n\t<meta property=\"og:image:type\" content=\"image\/jpeg\" \/>\n<meta name=\"twitter:label1\" content=\"Disponibilit\u00e0\" \/>\n\t<meta name=\"twitter:data1\" content=\"In stock\" \/>\n<script type=\"application\/ld+json\" class=\"yoast-schema-graph\">{\"@context\":\"https:\/\/schema.org\",\"@graph\":[{\"@type\":\"WebPage\",\"@id\":\"https:\/\/www.sestogrado.it\/it\/prodotto\/beal-trinity-imbrago-arrampicata\/\",\"url\":\"https:\/\/www.sestogrado.it\/it\/prodotto\/beal-trinity-imbrago-arrampicata\/\",\"name\":\"Beal Trinity imbrago arrampicata - Sestogrado\",\"isPartOf\":{\"@id\":\"https:\/\/www.sestogrado.it\/it\/#website\"},\"primaryImageOfPage\":{\"@id\":\"https:\/\/www.sestogrado.it\/it\/prodotto\/beal-trinity-imbrago-arrampicata\/#primaryimage\"},\"image\":{\"@id\":\"https:\/\/www.sestogrado.it\/prodotto\/beal-trinity-imbrago-arrampicata\/#primaryimage\"},\"thumbnailUrl\":\"https:\/\/www.sestogrado.it\/wp-content\/uploads\/2025\/04\/01-5.jpg\",\"datePublished\":\"2025-04-17T08:46:17+00:00\",\"dateModified\":\"2026-04-22T07:50:35+00:00\",\"description\":\"Il Beal Trinity \u00e8 un imbrago da arrampicata a 3 fibbie che offre il miglior rapporto qualit\u00e0-comfort della sua categoria. Progettata per combinare regolazione precisa, leggerezza e comfort, si adatta perfettamente, grazie alle sue 4 taglie (S, M, L, XL) e alle sue 3 fibbie lavorate per una regolazione fluida e soddisfacente. Genere unisex, \u00e8 progettata per adattarsi a ogni arrampicatore, perch\u00e9 non \u00e8 il genere a definire la morfologia, ma le regolazioni che permettono a tutti di trovare la vestibilit\u00e0 perfetta. Il suo equilibrio ideale tra supporto e flessibilit\u00e0 garantisce una distribuzione uniforme su due fettucce all'interno dell'imbottitura. Trinity mette il piacere dell'arrampicata al centro dell'esperienza, per mantenere solo la libert\u00e0 di movimento.\",\"breadcrumb\":{\"@id\":\"https:\/\/www.sestogrado.it\/it\/prodotto\/beal-trinity-imbrago-arrampicata\/#breadcrumb\"},\"inLanguage\":\"it-IT\",\"potentialAction\":[{\"@type\":\"ReadAction\",\"target\":[[\"https:\/\/www.sestogrado.it\/it\/prodotto\/beal-trinity-imbrago-arrampicata\/\"]]}]},{\"@type\":\"ImageObject\",\"inLanguage\":\"it-IT\",\"@id\":\"https:\/\/www.sestogrado.it\/it\/prodotto\/beal-trinity-imbrago-arrampicata\/#primaryimage\",\"url\":\"https:\/\/www.sestogrado.it\/wp-content\/uploads\/2025\/04\/01-5.jpg\",\"contentUrl\":\"https:\/\/www.sestogrado.it\/wp-content\/uploads\/2025\/04\/01-5.jpg\",\"width\":1000,\"height\":1000,\"caption\":\"trinity verde\"},{\"@type\":\"BreadcrumbList\",\"@id\":\"https:\/\/www.sestogrado.it\/it\/prodotto\/beal-trinity-imbrago-arrampicata\/#breadcrumb\",\"itemListElement\":[{\"@type\":\"ListItem\",\"position\":1,\"name\":\"Home\",\"item\":\"https:\/\/www.sestogrado.it\/it\/\"},{\"@type\":\"ListItem\",\"position\":2,\"name\":\"Shop\",\"item\":\"https:\/\/www.sestogrado.it\/it\/shop\/\"},{\"@type\":\"ListItem\",\"position\":3,\"name\":\"Beal Trinity imbrago arrampicata\"}]},{\"@type\":\"WebSite\",\"@id\":\"https:\/\/www.sestogrado.it\/it\/#website\",\"url\":\"https:\/\/www.sestogrado.it\/it\/\",\"name\":\"Sestogrado\",\"description\":\"yes we climb\",\"publisher\":{\"@id\":\"https:\/\/www.sestogrado.it\/it\/#organization\"},\"potentialAction\":[{\"@type\":\"SearchAction\",\"target\":{\"@type\":\"EntryPoint\",\"urlTemplate\":\"https:\/\/www.sestogrado.it\/it\/?s={search_term_string}\"},\"query-input\":{\"@type\":\"PropertyValueSpecification\",\"valueRequired\":true,\"valueName\":\"search_term_string\"}}],\"inLanguage\":\"it-IT\"},{\"@type\":\"Organization\",\"@id\":\"https:\/\/www.sestogrado.it\/it\/#organization\",\"name\":\"Sestogrado\",\"url\":\"https:\/\/www.sestogrado.it\/it\/\",\"logo\":{\"@type\":\"ImageObject\",\"inLanguage\":\"it-IT\",\"@id\":\"https:\/\/www.sestogrado.it\/it\/#\/schema\/logo\/image\/\",\"url\":\"https:\/\/www.sestogrado.it\/wp-content\/uploads\/2015\/03\/sestogrado-favicon.png\",\"contentUrl\":\"https:\/\/www.sestogrado.it\/wp-content\/uploads\/2015\/03\/sestogrado-favicon.png\",\"width\":260,\"height\":260,\"caption\":\"Sestogrado\"},\"image\":{\"@id\":\"https:\/\/www.sestogrado.it\/it\/#\/schema\/logo\/image\/\"},\"sameAs\":[\"https:\/\/www.facebook.com\/pages\/Sestogrado\/1542635979353017?ref=bookmarks\",\"https:\/\/www.youtube.com\/channel\/UC847kAfTkaJsWpc1jtQwr3Q\"],\"hasMerchantReturnPolicy\":{\"@type\":\"MerchantReturnPolicy\",\"merchantReturnLink\":\"https:\/\/www.sestogrado.it\/it\/termini-e-condizioni\/\"}}]}<\/script>\n<meta property=\"product:brand\" content=\"Beal\" \/>\n<meta property=\"og:availability\" content=\"instock\" \/>\n<meta property=\"product:availability\" content=\"instock\" \/>\n<meta property=\"product:condition\" content=\"new\" \/>\n<!-- \/ Yoast SEO plugin. -->","yoast_head_json":{"title":"Beal Trinity imbrago arrampicata - Sestogrado","description":"Il Beal Trinity \u00e8 un imbrago da arrampicata a 3 fibbie che offre il miglior rapporto qualit\u00e0-comfort della sua categoria. Progettata per combinare regolazione precisa, leggerezza e comfort, si adatta perfettamente, grazie alle sue 4 taglie (S, M, L, XL) e alle sue 3 fibbie lavorate per una regolazione fluida e soddisfacente. Genere unisex, \u00e8 progettata per adattarsi a ogni arrampicatore, perch\u00e9 non \u00e8 il genere a definire la morfologia, ma le regolazioni che permettono a tutti di trovare la vestibilit\u00e0 perfetta. Il suo equilibrio ideale tra supporto e flessibilit\u00e0 garantisce una distribuzione uniforme su due fettucce all'interno dell'imbottitura. Trinity mette il piacere dell'arrampicata al centro dell'esperienza, per mantenere solo la libert\u00e0 di movimento.","robots":{"index":"index","follow":"follow","max-snippet":"max-snippet:-1","max-image-preview":"max-image-preview:large","max-video-preview":"max-video-preview:-1"},"canonical":"https:\/\/www.sestogrado.it\/it\/prodotto\/beal-trinity-imbrago-arrampicata\/","og_locale":"it_IT","og_type":"article","og_title":"Beal Trinity imbrago arrampicata - Sestogrado","og_description":"Il Beal Trinity \u00e8 un imbrago da arrampicata a 3 fibbie che offre il miglior rapporto qualit\u00e0-comfort della sua categoria. Progettata per combinare regolazione precisa, leggerezza e comfort, si adatta perfettamente, grazie alle sue 4 taglie (S, M, L, XL) e alle sue 3 fibbie lavorate per una regolazione fluida e soddisfacente. Genere unisex, \u00e8 progettata per adattarsi a ogni arrampicatore, perch\u00e9 non \u00e8 il genere a definire la morfologia, ma le regolazioni che permettono a tutti di trovare la vestibilit\u00e0 perfetta. Il suo equilibrio ideale tra supporto e flessibilit\u00e0 garantisce una distribuzione uniforme su due fettucce all'interno dell'imbottitura. Trinity mette il piacere dell'arrampicata al centro dell'esperienza, per mantenere solo la libert\u00e0 di movimento.","og_url":"https:\/\/www.sestogrado.it\/it\/prodotto\/beal-trinity-imbrago-arrampicata\/","og_site_name":"Sestogrado","article_publisher":"https:\/\/www.facebook.com\/pages\/Sestogrado\/1542635979353017?ref=bookmarks","article_modified_time":"2026-04-22T07:50:35+00:00","og_image":[{"width":1000,"height":1000,"url":"https:\/\/www.sestogrado.it\/wp-content\/uploads\/2025\/04\/01-5.jpg","type":"image\/jpeg"}],"twitter_misc":{"Disponibilit\u00e0":"In stock"},"schema":{"@context":"https:\/\/schema.org","@graph":[{"@type":"WebPage","@id":"https:\/\/www.sestogrado.it\/it\/prodotto\/beal-trinity-imbrago-arrampicata\/","url":"https:\/\/www.sestogrado.it\/it\/prodotto\/beal-trinity-imbrago-arrampicata\/","name":"Beal Trinity imbrago arrampicata - Sestogrado","isPartOf":{"@id":"https:\/\/www.sestogrado.it\/it\/#website"},"primaryImageOfPage":{"@id":"https:\/\/www.sestogrado.it\/it\/prodotto\/beal-trinity-imbrago-arrampicata\/#primaryimage"},"image":{"@id":"https:\/\/www.sestogrado.it\/prodotto\/beal-trinity-imbrago-arrampicata\/#primaryimage"},"thumbnailUrl":"https:\/\/www.sestogrado.it\/wp-content\/uploads\/2025\/04\/01-5.jpg","datePublished":"2025-04-17T08:46:17+00:00","dateModified":"2026-04-22T07:50:35+00:00","description":"Il Beal Trinity \u00e8 un imbrago da arrampicata a 3 fibbie che offre il miglior rapporto qualit\u00e0-comfort della sua categoria. Progettata per combinare regolazione precisa, leggerezza e comfort, si adatta perfettamente, grazie alle sue 4 taglie (S, M, L, XL) e alle sue 3 fibbie lavorate per una regolazione fluida e soddisfacente. Genere unisex, \u00e8 progettata per adattarsi a ogni arrampicatore, perch\u00e9 non \u00e8 il genere a definire la morfologia, ma le regolazioni che permettono a tutti di trovare la vestibilit\u00e0 perfetta. Il suo equilibrio ideale tra supporto e flessibilit\u00e0 garantisce una distribuzione uniforme su due fettucce all'interno dell'imbottitura. Trinity mette il piacere dell'arrampicata al centro dell'esperienza, per mantenere solo la libert\u00e0 di movimento.","breadcrumb":{"@id":"https:\/\/www.sestogrado.it\/it\/prodotto\/beal-trinity-imbrago-arrampicata\/#breadcrumb"},"inLanguage":"it-IT","potentialAction":[{"@type":"ReadAction","target":[["https:\/\/www.sestogrado.it\/it\/prodotto\/beal-trinity-imbrago-arrampicata\/"]]}]},{"@type":"ImageObject","inLanguage":"it-IT","@id":"https:\/\/www.sestogrado.it\/it\/prodotto\/beal-trinity-imbrago-arrampicata\/#primaryimage","url":"https:\/\/www.sestogrado.it\/wp-content\/uploads\/2025\/04\/01-5.jpg","contentUrl":"https:\/\/www.sestogrado.it\/wp-content\/uploads\/2025\/04\/01-5.jpg","width":1000,"height":1000,"caption":"trinity verde"},{"@type":"BreadcrumbList","@id":"https:\/\/www.sestogrado.it\/it\/prodotto\/beal-trinity-imbrago-arrampicata\/#breadcrumb","itemListElement":[{"@type":"ListItem","position":1,"name":"Home","item":"https:\/\/www.sestogrado.it\/it\/"},{"@type":"ListItem","position":2,"name":"Shop","item":"https:\/\/www.sestogrado.it\/it\/shop\/"},{"@type":"ListItem","position":3,"name":"Beal Trinity imbrago arrampicata"}]},{"@type":"WebSite","@id":"https:\/\/www.sestogrado.it\/it\/#website","url":"https:\/\/www.sestogrado.it\/it\/","name":"Sestogrado","description":"yes we climb","publisher":{"@id":"https:\/\/www.sestogrado.it\/it\/#organization"},"potentialAction":[{"@type":"SearchAction","target":{"@type":"EntryPoint","urlTemplate":"https:\/\/www.sestogrado.it\/it\/?s={search_term_string}"},"query-input":{"@type":"PropertyValueSpecification","valueRequired":true,"valueName":"search_term_string"}}],"inLanguage":"it-IT"},{"@type":"Organization","@id":"https:\/\/www.sestogrado.it\/it\/#organization","name":"Sestogrado","url":"https:\/\/www.sestogrado.it\/it\/","logo":{"@type":"ImageObject","inLanguage":"it-IT","@id":"https:\/\/www.sestogrado.it\/it\/#\/schema\/logo\/image\/","url":"https:\/\/www.sestogrado.it\/wp-content\/uploads\/2015\/03\/sestogrado-favicon.png","contentUrl":"https:\/\/www.sestogrado.it\/wp-content\/uploads\/2015\/03\/sestogrado-favicon.png","width":260,"height":260,"caption":"Sestogrado"},"image":{"@id":"https:\/\/www.sestogrado.it\/it\/#\/schema\/logo\/image\/"},"sameAs":["https:\/\/www.facebook.com\/pages\/Sestogrado\/1542635979353017?ref=bookmarks","https:\/\/www.youtube.com\/channel\/UC847kAfTkaJsWpc1jtQwr3Q"],"hasMerchantReturnPolicy":{"@type":"MerchantReturnPolicy","merchantReturnLink":"https:\/\/www.sestogrado.it\/it\/termini-e-condizioni\/"}}]},"product_brand":"Beal","og_availability":"instock","product_availability":"instock","product_condition":"new"},"_links":{"self":[{"href":"https:\/\/www.sestogrado.it\/it\/wp-json\/wp\/v2\/product\/189322","targetHints":{"allow":["GET"]}}],"collection":[{"href":"https:\/\/www.sestogrado.it\/it\/wp-json\/wp\/v2\/product"}],"about":[{"href":"https:\/\/www.sestogrado.it\/it\/wp-json\/wp\/v2\/types\/product"}],"replies":[{"embeddable":true,"href":"https:\/\/www.sestogrado.it\/it\/wp-json\/wp\/v2\/comments?post=189322"}],"wp:featuredmedia":[{"embeddable":true,"href":"https:\/\/www.sestogrado.it\/it\/wp-json\/wp\/v2\/media\/189331"}],"wp:attachment":[{"href":"https:\/\/www.sestogrado.it\/it\/wp-json\/wp\/v2\/media?parent=189322"}],"wp:term":[{"taxonomy":"product_brand","embeddable":true,"href":"https:\/\/www.sestogrado.it\/it\/wp-json\/wp\/v2\/product_brand?post=189322"},{"taxonomy":"product_cat","embeddable":true,"href":"https:\/\/www.sestogrado.it\/it\/wp-json\/wp\/v2\/product_cat?post=189322"},{"taxonomy":"product_tag","embeddable":true,"href":"https:\/\/www.sestogrado.it\/it\/wp-json\/wp\/v2\/product_tag?post=189322"}],"curies":[{"name":"wp","href":"https:\/\/api.w.org\/{rel}","templated":true}]}}