{"id":189262,"date":"2025-04-15T12:22:07","date_gmt":"2025-04-15T10:22:07","guid":{"rendered":"https:\/\/www.sestogrado.it\/?post_type=product&#038;p=189262"},"modified":"2025-04-15T12:22:08","modified_gmt":"2025-04-15T10:22:08","slug":"beal-neo-kid-imbrago-per-bambini","status":"publish","type":"product","link":"https:\/\/www.sestogrado.it\/it\/prodotto\/beal-neo-kid-imbrago-per-bambini\/","title":{"rendered":"Beal Neo KID imbrago per bambini"},"content":{"rendered":"<p>Il Beal Neo Kid \u00e8 un imbrago per bambini e ragazzini. Non importa l&#8217;et\u00e0 o il peso, il Neo Kid ha la stessa omologazione degli imbraghi per gli adulti, basta verificare la taglia di girovita e coscia.<\/p>\n<p>Con Neo Kids, il divertimento dell&#8217;arrampicata inizia non appena lo indossi! Facile da indossare come un capo d&#8217;abbigliamento, si regola in pochi secondi grazie alle sue fibbie ultra-fluide. Non c&#8217;\u00e8 bisogno di armeggiare: lo indossi, lo regoli in un solo gesto e sei pronto per arrampicare. Il suo ponte a contrasto permette al bambino di legarsi in modo istintivo e in totale sicurezza.<\/p>\n<p>Una volta in parete, puoi dimenticartene completamente. Leggero, morbido e super confortevole, segue tutti i tuoi movimenti senza intralciare. Mai pi\u00f9 &#8220;mi fa male&#8221; o &#8220;voglio toglierlo&#8221; a met\u00e0 sessione. Neo Kids \u00e8 la garanzia di un momento semplice e divertente, sia per i bambini che per i genitori.<\/p>\n<ul>\n<li>Facile come un capo d&#8217;abbigliamento &#8211; Si indossa e si regola in pochi secondi.<\/li>\n<li>Ponte a contrasto &#8211; Chiusura istintiva e sicura.<\/li>\n<li>Ultra confortevole &#8211; Imbottitura ergonomica, senza punti di pressione.<\/li>\n<li>Leggero &#8211; Completamente invisibile una volta indossato.<\/li>\n<li>Vestibilit\u00e0 adatta a tutto l&#8217;anno &#8211; Regolazione fluida per seguire le stagioni.<\/li>\n<li>Pratico e funzionale &#8211; 4 portaoggetti rigidi per avere tutto a portata di mano.<\/li>\n<li>Un look che piace &#8211; Colori moderni e dinamici, apprezzati dai bambini.<\/li>\n<\/ul>\n<p>&nbsp;<\/p>\n<p>Beal \u00e8 leader mondiale nella produzione di corde arrampicata da montagna grazie ad un avanzato sviluppo tecnologico nel processo \u00a0di fabbricazione che gli \u00e8 valso il certificato Iso 9001. Sempre attento alle esigenze degli arrampicatori, \u00e8 stata in grado di apportare dinamicit\u00e0 alla pratica dell\u2019arrampicata grazie ad un\u2019intensa attivit\u00e0 di ricerca. In particolare, Black Limit, Program System, trattamento Dry Cover, imbragature Aero, tecnologia Unicore.<\/p>","protected":false},"excerpt":{"rendered":"<p>Il Beal Neo Kid \u00e8 un imbrago per bambini e ragazzini. Non importa l&#8217;et\u00e0 o il peso, il Neo Kid [&hellip;]<\/p>\n","protected":false},"featured_media":189263,"comment_status":"open","ping_status":"closed","template":"","meta":{"_acf_changed":false},"product_brand":[84],"product_cat":[185],"product_tag":[],"class_list":{"0":"post-189262","1":"product","2":"type-product","3":"status-publish","4":"has-post-thumbnail","6":"product_brand-beal","7":"product_cat-bambino","9":"first","10":"instock","11":"sale","12":"taxable","13":"shipping-taxable","14":"purchasable","15":"product-type-simple"},"acf":[],"yoast_head":"<!-- This site is optimized with the Yoast SEO plugin v26.4 - https:\/\/yoast.com\/wordpress\/plugins\/seo\/ -->\n<title>Beal Neo KID imbrago per bambini - Sestogrado<\/title>\n<meta name=\"description\" content=\"Il Beal Neo Kid \u00e8 un imbrago per bambini e ragazzini. Non importa l&#039;et\u00e0 o il peso, il Neo Kid ha la stessa omologazione degli imbraghi per gli adulti, basta verificare la taglia di girovita e coscia.Con Neo Kids, il divertimento dell&#039;arrampicata inizia non appena lo indossi! Facile da indossare come un capo d&#039;abbigliamento, si regola in pochi secondi grazie alle sue fibbie ultra-fluide. Non c&#039;\u00e8 bisogno di armeggiare: lo indossi, lo regoli in un solo gesto e sei pronto per arrampicare. Il suo ponte a contrasto permette al bambino di legarsi in modo istintivo e in totale sicurezza.\" \/>\n<meta name=\"robots\" content=\"index, follow, max-snippet:-1, max-image-preview:large, max-video-preview:-1\" \/>\n<link rel=\"canonical\" href=\"https:\/\/www.sestogrado.it\/it\/prodotto\/beal-neo-kid-imbrago-per-bambini\/\" \/>\n<meta property=\"og:locale\" content=\"it_IT\" \/>\n<meta property=\"og:type\" content=\"article\" \/>\n<meta property=\"og:title\" content=\"Beal Neo KID imbrago per bambini - Sestogrado\" \/>\n<meta property=\"og:description\" content=\"Il Beal Neo Kid \u00e8 un imbrago per bambini e ragazzini. Non importa l&#039;et\u00e0 o il peso, il Neo Kid ha la stessa omologazione degli imbraghi per gli adulti, basta verificare la taglia di girovita e coscia.Con Neo Kids, il divertimento dell&#039;arrampicata inizia non appena lo indossi! Facile da indossare come un capo d&#039;abbigliamento, si regola in pochi secondi grazie alle sue fibbie ultra-fluide. Non c&#039;\u00e8 bisogno di armeggiare: lo indossi, lo regoli in un solo gesto e sei pronto per arrampicare. Il suo ponte a contrasto permette al bambino di legarsi in modo istintivo e in totale sicurezza.\" \/>\n<meta property=\"og:url\" content=\"https:\/\/www.sestogrado.it\/it\/prodotto\/beal-neo-kid-imbrago-per-bambini\/\" \/>\n<meta property=\"og:site_name\" content=\"Sestogrado\" \/>\n<meta property=\"article:publisher\" content=\"https:\/\/www.facebook.com\/pages\/Sestogrado\/1542635979353017?ref=bookmarks\" \/>\n<meta property=\"article:modified_time\" content=\"2025-04-15T10:22:08+00:00\" \/>\n<meta property=\"og:image\" content=\"https:\/\/www.sestogrado.it\/wp-content\/uploads\/2025\/04\/01-4.jpg\" \/>\n\t<meta property=\"og:image:width\" content=\"1100\" \/>\n\t<meta property=\"og:image:height\" content=\"1100\" \/>\n\t<meta property=\"og:image:type\" content=\"image\/jpeg\" \/>\n<meta name=\"twitter:label1\" content=\"Prezzo\" \/>\n\t<meta name=\"twitter:data1\" content=\"&euro;&nbsp;55,00\" \/>\n\t<meta name=\"twitter:label2\" content=\"Disponibilit\u00e0\" \/>\n\t<meta name=\"twitter:data2\" content=\"In stock\" \/>\n<script type=\"application\/ld+json\" class=\"yoast-schema-graph\">{\"@context\":\"https:\/\/schema.org\",\"@graph\":[{\"@type\":\"WebPage\",\"@id\":\"https:\/\/www.sestogrado.it\/it\/prodotto\/beal-neo-kid-imbrago-per-bambini\/\",\"url\":\"https:\/\/www.sestogrado.it\/it\/prodotto\/beal-neo-kid-imbrago-per-bambini\/\",\"name\":\"Beal Neo KID imbrago per bambini - Sestogrado\",\"isPartOf\":{\"@id\":\"https:\/\/www.sestogrado.it\/it\/#website\"},\"primaryImageOfPage\":{\"@id\":\"https:\/\/www.sestogrado.it\/it\/prodotto\/beal-neo-kid-imbrago-per-bambini\/#primaryimage\"},\"image\":{\"@id\":\"https:\/\/www.sestogrado.it\/prodotto\/beal-neo-kid-imbrago-per-bambini\/#primaryimage\"},\"thumbnailUrl\":\"https:\/\/www.sestogrado.it\/wp-content\/uploads\/2025\/04\/01-4.jpg\",\"datePublished\":\"2025-04-15T10:22:07+00:00\",\"dateModified\":\"2025-04-15T10:22:08+00:00\",\"description\":\"Il Beal Neo Kid \u00e8 un imbrago per bambini e ragazzini. Non importa l'et\u00e0 o il peso, il Neo Kid ha la stessa omologazione degli imbraghi per gli adulti, basta verificare la taglia di girovita e coscia.Con Neo Kids, il divertimento dell'arrampicata inizia non appena lo indossi! Facile da indossare come un capo d'abbigliamento, si regola in pochi secondi grazie alle sue fibbie ultra-fluide. Non c'\u00e8 bisogno di armeggiare: lo indossi, lo regoli in un solo gesto e sei pronto per arrampicare. Il suo ponte a contrasto permette al bambino di legarsi in modo istintivo e in totale sicurezza.\",\"breadcrumb\":{\"@id\":\"https:\/\/www.sestogrado.it\/it\/prodotto\/beal-neo-kid-imbrago-per-bambini\/#breadcrumb\"},\"inLanguage\":\"it-IT\",\"potentialAction\":[{\"@type\":\"ReadAction\",\"target\":[[\"https:\/\/www.sestogrado.it\/it\/prodotto\/beal-neo-kid-imbrago-per-bambini\/\"]]}]},{\"@type\":\"ImageObject\",\"inLanguage\":\"it-IT\",\"@id\":\"https:\/\/www.sestogrado.it\/it\/prodotto\/beal-neo-kid-imbrago-per-bambini\/#primaryimage\",\"url\":\"https:\/\/www.sestogrado.it\/wp-content\/uploads\/2025\/04\/01-4.jpg\",\"contentUrl\":\"https:\/\/www.sestogrado.it\/wp-content\/uploads\/2025\/04\/01-4.jpg\",\"width\":1100,\"height\":1100,\"caption\":\"beal neo kid\"},{\"@type\":\"BreadcrumbList\",\"@id\":\"https:\/\/www.sestogrado.it\/it\/prodotto\/beal-neo-kid-imbrago-per-bambini\/#breadcrumb\",\"itemListElement\":[{\"@type\":\"ListItem\",\"position\":1,\"name\":\"Home\",\"item\":\"https:\/\/www.sestogrado.it\/it\/\"},{\"@type\":\"ListItem\",\"position\":2,\"name\":\"Shop\",\"item\":\"https:\/\/www.sestogrado.it\/it\/shop\/\"},{\"@type\":\"ListItem\",\"position\":3,\"name\":\"Beal Neo KID imbrago per bambini\"}]},{\"@type\":\"WebSite\",\"@id\":\"https:\/\/www.sestogrado.it\/it\/#website\",\"url\":\"https:\/\/www.sestogrado.it\/it\/\",\"name\":\"Sestogrado\",\"description\":\"yes we climb\",\"publisher\":{\"@id\":\"https:\/\/www.sestogrado.it\/it\/#organization\"},\"potentialAction\":[{\"@type\":\"SearchAction\",\"target\":{\"@type\":\"EntryPoint\",\"urlTemplate\":\"https:\/\/www.sestogrado.it\/it\/?s={search_term_string}\"},\"query-input\":{\"@type\":\"PropertyValueSpecification\",\"valueRequired\":true,\"valueName\":\"search_term_string\"}}],\"inLanguage\":\"it-IT\"},{\"@type\":\"Organization\",\"@id\":\"https:\/\/www.sestogrado.it\/it\/#organization\",\"name\":\"Sestogrado\",\"url\":\"https:\/\/www.sestogrado.it\/it\/\",\"logo\":{\"@type\":\"ImageObject\",\"inLanguage\":\"it-IT\",\"@id\":\"https:\/\/www.sestogrado.it\/it\/#\/schema\/logo\/image\/\",\"url\":\"https:\/\/www.sestogrado.it\/wp-content\/uploads\/2015\/03\/sestogrado-favicon.png\",\"contentUrl\":\"https:\/\/www.sestogrado.it\/wp-content\/uploads\/2015\/03\/sestogrado-favicon.png\",\"width\":260,\"height\":260,\"caption\":\"Sestogrado\"},\"image\":{\"@id\":\"https:\/\/www.sestogrado.it\/it\/#\/schema\/logo\/image\/\"},\"sameAs\":[\"https:\/\/www.facebook.com\/pages\/Sestogrado\/1542635979353017?ref=bookmarks\",\"https:\/\/www.youtube.com\/channel\/UC847kAfTkaJsWpc1jtQwr3Q\"],\"hasMerchantReturnPolicy\":{\"@type\":\"MerchantReturnPolicy\",\"merchantReturnLink\":\"https:\/\/www.sestogrado.it\/it\/termini-e-condizioni\/\"}}]}<\/script>\n<meta property=\"product:brand\" content=\"Beal\" \/>\n<meta property=\"product:price:amount\" content=\"55.00\" \/>\n<meta property=\"product:price:currency\" content=\"EUR\" \/>\n<meta property=\"og:availability\" content=\"instock\" \/>\n<meta property=\"product:availability\" content=\"instock\" \/>\n<meta property=\"product:condition\" content=\"new\" \/>\n<!-- \/ Yoast SEO plugin. -->","yoast_head_json":{"title":"Beal Neo KID imbrago per bambini - Sestogrado","description":"Il Beal Neo Kid \u00e8 un imbrago per bambini e ragazzini. Non importa l'et\u00e0 o il peso, il Neo Kid ha la stessa omologazione degli imbraghi per gli adulti, basta verificare la taglia di girovita e coscia.Con Neo Kids, il divertimento dell'arrampicata inizia non appena lo indossi! Facile da indossare come un capo d'abbigliamento, si regola in pochi secondi grazie alle sue fibbie ultra-fluide. Non c'\u00e8 bisogno di armeggiare: lo indossi, lo regoli in un solo gesto e sei pronto per arrampicare. Il suo ponte a contrasto permette al bambino di legarsi in modo istintivo e in totale sicurezza.","robots":{"index":"index","follow":"follow","max-snippet":"max-snippet:-1","max-image-preview":"max-image-preview:large","max-video-preview":"max-video-preview:-1"},"canonical":"https:\/\/www.sestogrado.it\/it\/prodotto\/beal-neo-kid-imbrago-per-bambini\/","og_locale":"it_IT","og_type":"article","og_title":"Beal Neo KID imbrago per bambini - Sestogrado","og_description":"Il Beal Neo Kid \u00e8 un imbrago per bambini e ragazzini. Non importa l'et\u00e0 o il peso, il Neo Kid ha la stessa omologazione degli imbraghi per gli adulti, basta verificare la taglia di girovita e coscia.Con Neo Kids, il divertimento dell'arrampicata inizia non appena lo indossi! Facile da indossare come un capo d'abbigliamento, si regola in pochi secondi grazie alle sue fibbie ultra-fluide. Non c'\u00e8 bisogno di armeggiare: lo indossi, lo regoli in un solo gesto e sei pronto per arrampicare. Il suo ponte a contrasto permette al bambino di legarsi in modo istintivo e in totale sicurezza.","og_url":"https:\/\/www.sestogrado.it\/it\/prodotto\/beal-neo-kid-imbrago-per-bambini\/","og_site_name":"Sestogrado","article_publisher":"https:\/\/www.facebook.com\/pages\/Sestogrado\/1542635979353017?ref=bookmarks","article_modified_time":"2025-04-15T10:22:08+00:00","og_image":[{"width":1100,"height":1100,"url":"https:\/\/www.sestogrado.it\/wp-content\/uploads\/2025\/04\/01-4.jpg","type":"image\/jpeg"}],"twitter_misc":{"Prezzo":"&euro;&nbsp;55,00","Disponibilit\u00e0":"In stock"},"schema":{"@context":"https:\/\/schema.org","@graph":[{"@type":"WebPage","@id":"https:\/\/www.sestogrado.it\/it\/prodotto\/beal-neo-kid-imbrago-per-bambini\/","url":"https:\/\/www.sestogrado.it\/it\/prodotto\/beal-neo-kid-imbrago-per-bambini\/","name":"Beal Neo KID imbrago per bambini - Sestogrado","isPartOf":{"@id":"https:\/\/www.sestogrado.it\/it\/#website"},"primaryImageOfPage":{"@id":"https:\/\/www.sestogrado.it\/it\/prodotto\/beal-neo-kid-imbrago-per-bambini\/#primaryimage"},"image":{"@id":"https:\/\/www.sestogrado.it\/prodotto\/beal-neo-kid-imbrago-per-bambini\/#primaryimage"},"thumbnailUrl":"https:\/\/www.sestogrado.it\/wp-content\/uploads\/2025\/04\/01-4.jpg","datePublished":"2025-04-15T10:22:07+00:00","dateModified":"2025-04-15T10:22:08+00:00","description":"Il Beal Neo Kid \u00e8 un imbrago per bambini e ragazzini. Non importa l'et\u00e0 o il peso, il Neo Kid ha la stessa omologazione degli imbraghi per gli adulti, basta verificare la taglia di girovita e coscia.Con Neo Kids, il divertimento dell'arrampicata inizia non appena lo indossi! Facile da indossare come un capo d'abbigliamento, si regola in pochi secondi grazie alle sue fibbie ultra-fluide. Non c'\u00e8 bisogno di armeggiare: lo indossi, lo regoli in un solo gesto e sei pronto per arrampicare. Il suo ponte a contrasto permette al bambino di legarsi in modo istintivo e in totale sicurezza.","breadcrumb":{"@id":"https:\/\/www.sestogrado.it\/it\/prodotto\/beal-neo-kid-imbrago-per-bambini\/#breadcrumb"},"inLanguage":"it-IT","potentialAction":[{"@type":"ReadAction","target":[["https:\/\/www.sestogrado.it\/it\/prodotto\/beal-neo-kid-imbrago-per-bambini\/"]]}]},{"@type":"ImageObject","inLanguage":"it-IT","@id":"https:\/\/www.sestogrado.it\/it\/prodotto\/beal-neo-kid-imbrago-per-bambini\/#primaryimage","url":"https:\/\/www.sestogrado.it\/wp-content\/uploads\/2025\/04\/01-4.jpg","contentUrl":"https:\/\/www.sestogrado.it\/wp-content\/uploads\/2025\/04\/01-4.jpg","width":1100,"height":1100,"caption":"beal neo kid"},{"@type":"BreadcrumbList","@id":"https:\/\/www.sestogrado.it\/it\/prodotto\/beal-neo-kid-imbrago-per-bambini\/#breadcrumb","itemListElement":[{"@type":"ListItem","position":1,"name":"Home","item":"https:\/\/www.sestogrado.it\/it\/"},{"@type":"ListItem","position":2,"name":"Shop","item":"https:\/\/www.sestogrado.it\/it\/shop\/"},{"@type":"ListItem","position":3,"name":"Beal Neo KID imbrago per bambini"}]},{"@type":"WebSite","@id":"https:\/\/www.sestogrado.it\/it\/#website","url":"https:\/\/www.sestogrado.it\/it\/","name":"Sestogrado","description":"yes we climb","publisher":{"@id":"https:\/\/www.sestogrado.it\/it\/#organization"},"potentialAction":[{"@type":"SearchAction","target":{"@type":"EntryPoint","urlTemplate":"https:\/\/www.sestogrado.it\/it\/?s={search_term_string}"},"query-input":{"@type":"PropertyValueSpecification","valueRequired":true,"valueName":"search_term_string"}}],"inLanguage":"it-IT"},{"@type":"Organization","@id":"https:\/\/www.sestogrado.it\/it\/#organization","name":"Sestogrado","url":"https:\/\/www.sestogrado.it\/it\/","logo":{"@type":"ImageObject","inLanguage":"it-IT","@id":"https:\/\/www.sestogrado.it\/it\/#\/schema\/logo\/image\/","url":"https:\/\/www.sestogrado.it\/wp-content\/uploads\/2015\/03\/sestogrado-favicon.png","contentUrl":"https:\/\/www.sestogrado.it\/wp-content\/uploads\/2015\/03\/sestogrado-favicon.png","width":260,"height":260,"caption":"Sestogrado"},"image":{"@id":"https:\/\/www.sestogrado.it\/it\/#\/schema\/logo\/image\/"},"sameAs":["https:\/\/www.facebook.com\/pages\/Sestogrado\/1542635979353017?ref=bookmarks","https:\/\/www.youtube.com\/channel\/UC847kAfTkaJsWpc1jtQwr3Q"],"hasMerchantReturnPolicy":{"@type":"MerchantReturnPolicy","merchantReturnLink":"https:\/\/www.sestogrado.it\/it\/termini-e-condizioni\/"}}]},"product_brand":"Beal","product_price_amount":"55.00","product_price_currency":"EUR","og_availability":"instock","product_availability":"instock","product_condition":"new"},"_links":{"self":[{"href":"https:\/\/www.sestogrado.it\/it\/wp-json\/wp\/v2\/product\/189262","targetHints":{"allow":["GET"]}}],"collection":[{"href":"https:\/\/www.sestogrado.it\/it\/wp-json\/wp\/v2\/product"}],"about":[{"href":"https:\/\/www.sestogrado.it\/it\/wp-json\/wp\/v2\/types\/product"}],"replies":[{"embeddable":true,"href":"https:\/\/www.sestogrado.it\/it\/wp-json\/wp\/v2\/comments?post=189262"}],"wp:featuredmedia":[{"embeddable":true,"href":"https:\/\/www.sestogrado.it\/it\/wp-json\/wp\/v2\/media\/189263"}],"wp:attachment":[{"href":"https:\/\/www.sestogrado.it\/it\/wp-json\/wp\/v2\/media?parent=189262"}],"wp:term":[{"taxonomy":"product_brand","embeddable":true,"href":"https:\/\/www.sestogrado.it\/it\/wp-json\/wp\/v2\/product_brand?post=189262"},{"taxonomy":"product_cat","embeddable":true,"href":"https:\/\/www.sestogrado.it\/it\/wp-json\/wp\/v2\/product_cat?post=189262"},{"taxonomy":"product_tag","embeddable":true,"href":"https:\/\/www.sestogrado.it\/it\/wp-json\/wp\/v2\/product_tag?post=189262"}],"curies":[{"name":"wp","href":"https:\/\/api.w.org\/{rel}","templated":true}]}}