{"id":188804,"date":"2025-04-15T11:52:38","date_gmt":"2025-04-15T09:52:38","guid":{"rendered":"https:\/\/www.sestogrado.it\/?post_type=product&#038;p=188804"},"modified":"2026-02-23T09:51:37","modified_gmt":"2026-02-23T08:51:37","slug":"beal-neo-imbrago-arrampicata","status":"publish","type":"product","link":"https:\/\/www.sestogrado.it\/it\/prodotto\/beal-neo-imbrago-arrampicata\/","title":{"rendered":"Beal Neo imbrago arrampicata"},"content":{"rendered":"<p>Il Beal Neo \u00e8 un comodo imbrago a 4 fibbie, in grado di adattarsi al meglio a qualsiasi attivit\u00e0 alpinistica, dall&#8217;arrampicata in falesia, su vie lunghe, alle vie ferrate.<\/p>\n<p class=\"\" data-start=\"0\" data-end=\"181\">Si adatta a tutte le corporature, indipendentemente dal genere (donne e uomini), grazie alle sue 4 fibbie di regolazione che garantiscono una vestibilit\u00e0 precisa e fluida. Leggero, intuitivo e ultra-confortevole, ti permette di arrampicare senza stress, sia in palestra che all\u2019aperto. La regolazione fluida tiene conto delle variazioni di abbigliamento in base alla stagione, assicurando un sostegno ottimale in ogni situazione. I suoi colori vivaci, blu acceso e giallo, danno un tocco di energia a questo imbrago tanto pratico quanto piacevole da indossare.<\/p>\n<p class=\"\" data-start=\"0\" data-end=\"147\">Con soli 375 g in taglia 1 e 420 g in taglia 2, Neo \u00e8 un imbrago da arrampicata leggero, comodo da indossare e facile da trasportare. I suoi 4 portamateriali rigidi e preformati permettono un accesso rapido e agevole all\u2019attrezzatura, sia in palestra che in ambiente. Il sistema di regolazione fluido si adatta alle variazioni di abbigliamento stagionali, garantendo una vestibilit\u00e0 ottimale sia d\u2019estate che d\u2019inverno, anche con pantaloni pi\u00f9 spessi o un pile.<\/p>\n<ul>\n<li data-start=\"0\" data-end=\"137\">Si adatta a tutte le corporature \u2013 4 fibbie di regolazione e 2 taglie per una vestibilit\u00e0 precisa, indipendentemente dal genere.<\/li>\n<li data-start=\"139\" data-end=\"283\">Ultra-confortevole \u2013 Imbottitura ergonomica, materiali morbidi e traspiranti, distribuzione del carico studiata per il massimo comfort.<\/li>\n<li data-start=\"285\" data-end=\"401\">Facile da indossare e regolare \u2013 Vestibilit\u00e0 intuitiva, ideale per principianti e arrampicatori occasionali.<\/li>\n<li data-start=\"403\" data-end=\"473\">Leggero \u2013 Solo 375 g in taglia 1 e 420 g in taglia 2.<\/li>\n<li data-start=\"475\" data-end=\"595\">Versatile tutto l\u2019anno \u2013 Regolazione fluida che si adatta sia all\u2019abbigliamento estivo che a quello invernale.<\/li>\n<li data-start=\"597\" data-end=\"693\">Pratico e funzionale \u2013 4 portamateriali rigidi per un accesso rapido all\u2019attrezzatura.<\/li>\n<li data-start=\"695\" data-end=\"776\">Colori che si fanno notare \u2013 Design moderno che unisce stile e visibilit\u00e0.<\/li>\n<\/ul>\n<p>&nbsp;<\/p>\n<p>Beal \u00e8 leader mondiale nella produzione di corde arrampicata da montagna grazie ad un avanzato sviluppo tecnologico nel processo \u00a0di fabbricazione che gli \u00e8 valso il certificato Iso 9001. Sempre attento alle esigenze degli arrampicatori, \u00e8 stata in grado di apportare dinamicit\u00e0 alla pratica dell\u2019arrampicata grazie ad un\u2019intensa attivit\u00e0 di ricerca. In particolare, Black Limit, Program System, trattamento Dry Cover, imbragature Aero, tecnologia Unicore.<\/p>","protected":false},"excerpt":{"rendered":"<p>Il Beal Neo \u00e8 un comodo imbrago a 4 fibbie, in grado di adattarsi al meglio a qualsiasi attivit\u00e0 alpinistica, [&hellip;]<\/p>\n","protected":false},"featured_media":188806,"comment_status":"open","ping_status":"closed","template":"","meta":{"_acf_changed":false},"product_brand":[84],"product_cat":[182,183],"product_tag":[],"class_list":{"0":"post-188804","1":"product","2":"type-product","3":"status-publish","4":"has-post-thumbnail","6":"product_brand-beal","7":"product_cat-sportivi","8":"product_cat-alpinismo","10":"first","11":"instock","12":"sale","13":"taxable","14":"shipping-taxable","15":"purchasable","16":"product-type-variable"},"acf":[],"yoast_head":"<!-- This site is optimized with the Yoast SEO plugin v26.4 - https:\/\/yoast.com\/wordpress\/plugins\/seo\/ -->\n<title>Beal Neo imbrago arrampicata - Sestogrado<\/title>\n<meta name=\"description\" content=\"Il Beal Neo \u00e8 un comodo imbrago a 4 fibbie, in grado di adattarsi al meglio a qualsiasi attivit\u00e0 alpinistica, dall&#039;arrampicata in falesia, su vie lunghe, alle vie ferrate.Si adatta a tutte le corporature, indipendentemente dal genere (donne e uomini), grazie alle sue 4 fibbie di regolazione che garantiscono una vestibilit\u00e0 precisa e fluida. Leggero, intuitivo e ultra-confortevole, ti permette di arrampicare senza stress, sia in palestra che all\u2019aperto. La regolazione fluida tiene conto delle variazioni di abbigliamento in base alla stagione, assicurando un sostegno ottimale in ogni situazione. I suoi colori vivaci, blu acceso e giallo, danno un tocco di energia a questo imbrago tanto pratico quanto piacevole da indossare.\" \/>\n<meta name=\"robots\" content=\"index, follow, max-snippet:-1, max-image-preview:large, max-video-preview:-1\" \/>\n<link rel=\"canonical\" href=\"https:\/\/www.sestogrado.it\/it\/prodotto\/beal-neo-imbrago-arrampicata\/\" \/>\n<meta property=\"og:locale\" content=\"it_IT\" \/>\n<meta property=\"og:type\" content=\"article\" \/>\n<meta property=\"og:title\" content=\"Beal Neo imbrago arrampicata - Sestogrado\" \/>\n<meta property=\"og:description\" content=\"Il Beal Neo \u00e8 un comodo imbrago a 4 fibbie, in grado di adattarsi al meglio a qualsiasi attivit\u00e0 alpinistica, dall&#039;arrampicata in falesia, su vie lunghe, alle vie ferrate.Si adatta a tutte le corporature, indipendentemente dal genere (donne e uomini), grazie alle sue 4 fibbie di regolazione che garantiscono una vestibilit\u00e0 precisa e fluida. Leggero, intuitivo e ultra-confortevole, ti permette di arrampicare senza stress, sia in palestra che all\u2019aperto. La regolazione fluida tiene conto delle variazioni di abbigliamento in base alla stagione, assicurando un sostegno ottimale in ogni situazione. I suoi colori vivaci, blu acceso e giallo, danno un tocco di energia a questo imbrago tanto pratico quanto piacevole da indossare.\" \/>\n<meta property=\"og:url\" content=\"https:\/\/www.sestogrado.it\/it\/prodotto\/beal-neo-imbrago-arrampicata\/\" \/>\n<meta property=\"og:site_name\" content=\"Sestogrado\" \/>\n<meta property=\"article:publisher\" content=\"https:\/\/www.facebook.com\/pages\/Sestogrado\/1542635979353017?ref=bookmarks\" \/>\n<meta property=\"article:modified_time\" content=\"2026-02-23T08:51:37+00:00\" \/>\n<meta property=\"og:image\" content=\"https:\/\/www.sestogrado.it\/wp-content\/uploads\/2025\/04\/01-3.jpg\" \/>\n\t<meta property=\"og:image:width\" content=\"1000\" \/>\n\t<meta property=\"og:image:height\" content=\"1000\" \/>\n\t<meta property=\"og:image:type\" content=\"image\/jpeg\" \/>\n<meta name=\"twitter:label1\" content=\"Disponibilit\u00e0\" \/>\n\t<meta name=\"twitter:data1\" content=\"In stock\" \/>\n<script type=\"application\/ld+json\" class=\"yoast-schema-graph\">{\"@context\":\"https:\/\/schema.org\",\"@graph\":[{\"@type\":\"WebPage\",\"@id\":\"https:\/\/www.sestogrado.it\/it\/prodotto\/beal-neo-imbrago-arrampicata\/\",\"url\":\"https:\/\/www.sestogrado.it\/it\/prodotto\/beal-neo-imbrago-arrampicata\/\",\"name\":\"Beal Neo imbrago arrampicata - Sestogrado\",\"isPartOf\":{\"@id\":\"https:\/\/www.sestogrado.it\/it\/#website\"},\"primaryImageOfPage\":{\"@id\":\"https:\/\/www.sestogrado.it\/it\/prodotto\/beal-neo-imbrago-arrampicata\/#primaryimage\"},\"image\":{\"@id\":\"https:\/\/www.sestogrado.it\/prodotto\/beal-neo-imbrago-arrampicata\/#primaryimage\"},\"thumbnailUrl\":\"https:\/\/www.sestogrado.it\/wp-content\/uploads\/2025\/04\/01-3.jpg\",\"datePublished\":\"2025-04-15T09:52:38+00:00\",\"dateModified\":\"2026-02-23T08:51:37+00:00\",\"description\":\"Il Beal Neo \u00e8 un comodo imbrago a 4 fibbie, in grado di adattarsi al meglio a qualsiasi attivit\u00e0 alpinistica, dall'arrampicata in falesia, su vie lunghe, alle vie ferrate.Si adatta a tutte le corporature, indipendentemente dal genere (donne e uomini), grazie alle sue 4 fibbie di regolazione che garantiscono una vestibilit\u00e0 precisa e fluida. Leggero, intuitivo e ultra-confortevole, ti permette di arrampicare senza stress, sia in palestra che all\u2019aperto. La regolazione fluida tiene conto delle variazioni di abbigliamento in base alla stagione, assicurando un sostegno ottimale in ogni situazione. I suoi colori vivaci, blu acceso e giallo, danno un tocco di energia a questo imbrago tanto pratico quanto piacevole da indossare.\",\"breadcrumb\":{\"@id\":\"https:\/\/www.sestogrado.it\/it\/prodotto\/beal-neo-imbrago-arrampicata\/#breadcrumb\"},\"inLanguage\":\"it-IT\",\"potentialAction\":[{\"@type\":\"ReadAction\",\"target\":[[\"https:\/\/www.sestogrado.it\/it\/prodotto\/beal-neo-imbrago-arrampicata\/\"]]}]},{\"@type\":\"ImageObject\",\"inLanguage\":\"it-IT\",\"@id\":\"https:\/\/www.sestogrado.it\/it\/prodotto\/beal-neo-imbrago-arrampicata\/#primaryimage\",\"url\":\"https:\/\/www.sestogrado.it\/wp-content\/uploads\/2025\/04\/01-3.jpg\",\"contentUrl\":\"https:\/\/www.sestogrado.it\/wp-content\/uploads\/2025\/04\/01-3.jpg\",\"width\":1000,\"height\":1000,\"caption\":\"neo blue\"},{\"@type\":\"BreadcrumbList\",\"@id\":\"https:\/\/www.sestogrado.it\/it\/prodotto\/beal-neo-imbrago-arrampicata\/#breadcrumb\",\"itemListElement\":[{\"@type\":\"ListItem\",\"position\":1,\"name\":\"Home\",\"item\":\"https:\/\/www.sestogrado.it\/it\/\"},{\"@type\":\"ListItem\",\"position\":2,\"name\":\"Shop\",\"item\":\"https:\/\/www.sestogrado.it\/it\/shop\/\"},{\"@type\":\"ListItem\",\"position\":3,\"name\":\"Beal Neo imbrago arrampicata\"}]},{\"@type\":\"WebSite\",\"@id\":\"https:\/\/www.sestogrado.it\/it\/#website\",\"url\":\"https:\/\/www.sestogrado.it\/it\/\",\"name\":\"Sestogrado\",\"description\":\"yes we climb\",\"publisher\":{\"@id\":\"https:\/\/www.sestogrado.it\/it\/#organization\"},\"potentialAction\":[{\"@type\":\"SearchAction\",\"target\":{\"@type\":\"EntryPoint\",\"urlTemplate\":\"https:\/\/www.sestogrado.it\/it\/?s={search_term_string}\"},\"query-input\":{\"@type\":\"PropertyValueSpecification\",\"valueRequired\":true,\"valueName\":\"search_term_string\"}}],\"inLanguage\":\"it-IT\"},{\"@type\":\"Organization\",\"@id\":\"https:\/\/www.sestogrado.it\/it\/#organization\",\"name\":\"Sestogrado\",\"url\":\"https:\/\/www.sestogrado.it\/it\/\",\"logo\":{\"@type\":\"ImageObject\",\"inLanguage\":\"it-IT\",\"@id\":\"https:\/\/www.sestogrado.it\/it\/#\/schema\/logo\/image\/\",\"url\":\"https:\/\/www.sestogrado.it\/wp-content\/uploads\/2015\/03\/sestogrado-favicon.png\",\"contentUrl\":\"https:\/\/www.sestogrado.it\/wp-content\/uploads\/2015\/03\/sestogrado-favicon.png\",\"width\":260,\"height\":260,\"caption\":\"Sestogrado\"},\"image\":{\"@id\":\"https:\/\/www.sestogrado.it\/it\/#\/schema\/logo\/image\/\"},\"sameAs\":[\"https:\/\/www.facebook.com\/pages\/Sestogrado\/1542635979353017?ref=bookmarks\",\"https:\/\/www.youtube.com\/channel\/UC847kAfTkaJsWpc1jtQwr3Q\"],\"hasMerchantReturnPolicy\":{\"@type\":\"MerchantReturnPolicy\",\"merchantReturnLink\":\"https:\/\/www.sestogrado.it\/it\/termini-e-condizioni\/\"}}]}<\/script>\n<meta property=\"product:brand\" content=\"Beal\" \/>\n<meta property=\"og:availability\" content=\"instock\" \/>\n<meta property=\"product:availability\" content=\"instock\" \/>\n<meta property=\"product:condition\" content=\"new\" \/>\n<!-- \/ Yoast SEO plugin. -->","yoast_head_json":{"title":"Beal Neo imbrago arrampicata - Sestogrado","description":"Il Beal Neo \u00e8 un comodo imbrago a 4 fibbie, in grado di adattarsi al meglio a qualsiasi attivit\u00e0 alpinistica, dall'arrampicata in falesia, su vie lunghe, alle vie ferrate.Si adatta a tutte le corporature, indipendentemente dal genere (donne e uomini), grazie alle sue 4 fibbie di regolazione che garantiscono una vestibilit\u00e0 precisa e fluida. Leggero, intuitivo e ultra-confortevole, ti permette di arrampicare senza stress, sia in palestra che all\u2019aperto. La regolazione fluida tiene conto delle variazioni di abbigliamento in base alla stagione, assicurando un sostegno ottimale in ogni situazione. I suoi colori vivaci, blu acceso e giallo, danno un tocco di energia a questo imbrago tanto pratico quanto piacevole da indossare.","robots":{"index":"index","follow":"follow","max-snippet":"max-snippet:-1","max-image-preview":"max-image-preview:large","max-video-preview":"max-video-preview:-1"},"canonical":"https:\/\/www.sestogrado.it\/it\/prodotto\/beal-neo-imbrago-arrampicata\/","og_locale":"it_IT","og_type":"article","og_title":"Beal Neo imbrago arrampicata - Sestogrado","og_description":"Il Beal Neo \u00e8 un comodo imbrago a 4 fibbie, in grado di adattarsi al meglio a qualsiasi attivit\u00e0 alpinistica, dall'arrampicata in falesia, su vie lunghe, alle vie ferrate.Si adatta a tutte le corporature, indipendentemente dal genere (donne e uomini), grazie alle sue 4 fibbie di regolazione che garantiscono una vestibilit\u00e0 precisa e fluida. Leggero, intuitivo e ultra-confortevole, ti permette di arrampicare senza stress, sia in palestra che all\u2019aperto. La regolazione fluida tiene conto delle variazioni di abbigliamento in base alla stagione, assicurando un sostegno ottimale in ogni situazione. I suoi colori vivaci, blu acceso e giallo, danno un tocco di energia a questo imbrago tanto pratico quanto piacevole da indossare.","og_url":"https:\/\/www.sestogrado.it\/it\/prodotto\/beal-neo-imbrago-arrampicata\/","og_site_name":"Sestogrado","article_publisher":"https:\/\/www.facebook.com\/pages\/Sestogrado\/1542635979353017?ref=bookmarks","article_modified_time":"2026-02-23T08:51:37+00:00","og_image":[{"width":1000,"height":1000,"url":"https:\/\/www.sestogrado.it\/wp-content\/uploads\/2025\/04\/01-3.jpg","type":"image\/jpeg"}],"twitter_misc":{"Disponibilit\u00e0":"In stock"},"schema":{"@context":"https:\/\/schema.org","@graph":[{"@type":"WebPage","@id":"https:\/\/www.sestogrado.it\/it\/prodotto\/beal-neo-imbrago-arrampicata\/","url":"https:\/\/www.sestogrado.it\/it\/prodotto\/beal-neo-imbrago-arrampicata\/","name":"Beal Neo imbrago arrampicata - Sestogrado","isPartOf":{"@id":"https:\/\/www.sestogrado.it\/it\/#website"},"primaryImageOfPage":{"@id":"https:\/\/www.sestogrado.it\/it\/prodotto\/beal-neo-imbrago-arrampicata\/#primaryimage"},"image":{"@id":"https:\/\/www.sestogrado.it\/prodotto\/beal-neo-imbrago-arrampicata\/#primaryimage"},"thumbnailUrl":"https:\/\/www.sestogrado.it\/wp-content\/uploads\/2025\/04\/01-3.jpg","datePublished":"2025-04-15T09:52:38+00:00","dateModified":"2026-02-23T08:51:37+00:00","description":"Il Beal Neo \u00e8 un comodo imbrago a 4 fibbie, in grado di adattarsi al meglio a qualsiasi attivit\u00e0 alpinistica, dall'arrampicata in falesia, su vie lunghe, alle vie ferrate.Si adatta a tutte le corporature, indipendentemente dal genere (donne e uomini), grazie alle sue 4 fibbie di regolazione che garantiscono una vestibilit\u00e0 precisa e fluida. Leggero, intuitivo e ultra-confortevole, ti permette di arrampicare senza stress, sia in palestra che all\u2019aperto. La regolazione fluida tiene conto delle variazioni di abbigliamento in base alla stagione, assicurando un sostegno ottimale in ogni situazione. I suoi colori vivaci, blu acceso e giallo, danno un tocco di energia a questo imbrago tanto pratico quanto piacevole da indossare.","breadcrumb":{"@id":"https:\/\/www.sestogrado.it\/it\/prodotto\/beal-neo-imbrago-arrampicata\/#breadcrumb"},"inLanguage":"it-IT","potentialAction":[{"@type":"ReadAction","target":[["https:\/\/www.sestogrado.it\/it\/prodotto\/beal-neo-imbrago-arrampicata\/"]]}]},{"@type":"ImageObject","inLanguage":"it-IT","@id":"https:\/\/www.sestogrado.it\/it\/prodotto\/beal-neo-imbrago-arrampicata\/#primaryimage","url":"https:\/\/www.sestogrado.it\/wp-content\/uploads\/2025\/04\/01-3.jpg","contentUrl":"https:\/\/www.sestogrado.it\/wp-content\/uploads\/2025\/04\/01-3.jpg","width":1000,"height":1000,"caption":"neo blue"},{"@type":"BreadcrumbList","@id":"https:\/\/www.sestogrado.it\/it\/prodotto\/beal-neo-imbrago-arrampicata\/#breadcrumb","itemListElement":[{"@type":"ListItem","position":1,"name":"Home","item":"https:\/\/www.sestogrado.it\/it\/"},{"@type":"ListItem","position":2,"name":"Shop","item":"https:\/\/www.sestogrado.it\/it\/shop\/"},{"@type":"ListItem","position":3,"name":"Beal Neo imbrago arrampicata"}]},{"@type":"WebSite","@id":"https:\/\/www.sestogrado.it\/it\/#website","url":"https:\/\/www.sestogrado.it\/it\/","name":"Sestogrado","description":"yes we climb","publisher":{"@id":"https:\/\/www.sestogrado.it\/it\/#organization"},"potentialAction":[{"@type":"SearchAction","target":{"@type":"EntryPoint","urlTemplate":"https:\/\/www.sestogrado.it\/it\/?s={search_term_string}"},"query-input":{"@type":"PropertyValueSpecification","valueRequired":true,"valueName":"search_term_string"}}],"inLanguage":"it-IT"},{"@type":"Organization","@id":"https:\/\/www.sestogrado.it\/it\/#organization","name":"Sestogrado","url":"https:\/\/www.sestogrado.it\/it\/","logo":{"@type":"ImageObject","inLanguage":"it-IT","@id":"https:\/\/www.sestogrado.it\/it\/#\/schema\/logo\/image\/","url":"https:\/\/www.sestogrado.it\/wp-content\/uploads\/2015\/03\/sestogrado-favicon.png","contentUrl":"https:\/\/www.sestogrado.it\/wp-content\/uploads\/2015\/03\/sestogrado-favicon.png","width":260,"height":260,"caption":"Sestogrado"},"image":{"@id":"https:\/\/www.sestogrado.it\/it\/#\/schema\/logo\/image\/"},"sameAs":["https:\/\/www.facebook.com\/pages\/Sestogrado\/1542635979353017?ref=bookmarks","https:\/\/www.youtube.com\/channel\/UC847kAfTkaJsWpc1jtQwr3Q"],"hasMerchantReturnPolicy":{"@type":"MerchantReturnPolicy","merchantReturnLink":"https:\/\/www.sestogrado.it\/it\/termini-e-condizioni\/"}}]},"product_brand":"Beal","og_availability":"instock","product_availability":"instock","product_condition":"new"},"_links":{"self":[{"href":"https:\/\/www.sestogrado.it\/it\/wp-json\/wp\/v2\/product\/188804","targetHints":{"allow":["GET"]}}],"collection":[{"href":"https:\/\/www.sestogrado.it\/it\/wp-json\/wp\/v2\/product"}],"about":[{"href":"https:\/\/www.sestogrado.it\/it\/wp-json\/wp\/v2\/types\/product"}],"replies":[{"embeddable":true,"href":"https:\/\/www.sestogrado.it\/it\/wp-json\/wp\/v2\/comments?post=188804"}],"wp:featuredmedia":[{"embeddable":true,"href":"https:\/\/www.sestogrado.it\/it\/wp-json\/wp\/v2\/media\/188806"}],"wp:attachment":[{"href":"https:\/\/www.sestogrado.it\/it\/wp-json\/wp\/v2\/media?parent=188804"}],"wp:term":[{"taxonomy":"product_brand","embeddable":true,"href":"https:\/\/www.sestogrado.it\/it\/wp-json\/wp\/v2\/product_brand?post=188804"},{"taxonomy":"product_cat","embeddable":true,"href":"https:\/\/www.sestogrado.it\/it\/wp-json\/wp\/v2\/product_cat?post=188804"},{"taxonomy":"product_tag","embeddable":true,"href":"https:\/\/www.sestogrado.it\/it\/wp-json\/wp\/v2\/product_tag?post=188804"}],"curies":[{"name":"wp","href":"https:\/\/api.w.org\/{rel}","templated":true}]}}