{"id":188784,"date":"2025-04-15T11:51:20","date_gmt":"2025-04-15T09:51:20","guid":{"rendered":"https:\/\/www.sestogrado.it\/?post_type=product&#038;p=188784"},"modified":"2026-04-02T09:04:08","modified_gmt":"2026-04-02T07:04:08","slug":"beal-morpheus-imbrago-arrampicata","status":"publish","type":"product","link":"https:\/\/www.sestogrado.it\/it\/prodotto\/beal-morpheus-imbrago-arrampicata\/","title":{"rendered":"Beal Morpheus imbrago arrampicata"},"content":{"rendered":"<p><\/p>\n<p class=\"\" data-start=\"0\" data-end=\"383\">Il Beal Morpheus \u00e8 un imbrago polivalente pensato per le pareti d\u2019arrampicata fino alle vette innevate. Abbiamo intervistato arrampicatori appassionati provenienti da ogni disciplina \u2013 arrampicata indoor, vie a pi\u00f9 tiri, alpinismo, competizione \u2013 per creare un imbrago capace di adattarsi a ogni pratica senza compromettere leggerezza, comfort e intuitivit\u00e0.<\/p>\n<p class=\"\" data-start=\"385\" data-end=\"591\">Perch\u00e9 non bisogna soffrire per dare il massimo, \u00e8 stato progettato come un\u2019imbragatura \u201cseconda pelle\u201d, con un\u2019imbottitura dalla forma pi\u00f9 atletica che avvolge il corpo e libera i punti di pressione. Grazie alle sue 3 fibbie ergonomiche e alle 4 taglie disponibili (S, M, L, XL), garantisce una vestibilit\u00e0 precisa su ogni tipo di corporatura, indipendentemente dal genere. \u00c8 dotato di portamateriali rigidi e preformati, ganci dedicati per i portapin da alpinismo, e riferimenti visivi intelligenti come le marcature L\/R sulle cosce e un ponte colorato per una legatura fluido e immediata.<\/p>\n<p class=\"\" data-start=\"778\" data-end=\"872\">Il design unico e sofisticato del Morpheus \u00e8 una dichiarazione audace contro l\u2019uniformit\u00e0.<\/p>\n<ul>\n<li data-start=\"0\" data-end=\"115\">Vestibilit\u00e0 ultra-precisa \u2013 3 fibbie ultra-fluide e 4 taglie per una calzata perfetta su ogni corporatura.<\/li>\n<li data-start=\"117\" data-end=\"270\">Comfort impareggiabile \u2013 Imbottitura atletica con effetto seconda pelle e distribuzione del carico su tre punti per un\u2019arrampicata senza dolori.<\/li>\n<li data-start=\"272\" data-end=\"404\">Configurazione intuitiva \u2013 Fibbie ergonomiche, marcature L\/R sulle cosce, ponte colorato per un legaccio istintivo e rapido.<\/li>\n<li data-start=\"406\" data-end=\"516\">Ultra-leggero \u2013 Solo 310 g in taglia S, progettato per arrampicare pi\u00f9 a lungo senza costrizioni.<\/li>\n<li data-start=\"518\" data-end=\"645\">Pensato per tutte le discipline \u2013 Ideale per arrampicata sportiva, vie a pi\u00f9 tiri, big wall, alpinismo e competizione.<\/li>\n<li data-start=\"647\" data-end=\"790\">Dettagli tecnici che fanno la differenza \u2013 Portamateriali rigidi, ganci portopin, fettucce tagliate al laser per maggiore durabilit\u00e0.<\/li>\n<li data-start=\"792\" data-end=\"929\">Design unico e deciso \u2013 Con i suoi colori vivaci e il look originale, Morpheus \u00e8 una dichiarazione audace contro l\u2019uniformit\u00e0.<\/li>\n<\/ul>\n<p data-start=\"1558\" data-end=\"1675\">Beal \u00e8 leader mondiale nella produzione di corde arrampicata da montagna grazie ad un avanzato sviluppo tecnologico nel processo \u00a0di fabbricazione che gli \u00e8 valso il certificato Iso 9001. Sempre attento alle esigenze degli arrampicatori, \u00e8 stata in grado di apportare dinamicit\u00e0 alla pratica dell\u2019arrampicata grazie ad un\u2019intensa attivit\u00e0 di ricerca. In particolare, Black Limit, Program System, trattamento Dry Cover, imbragature Aero, tecnologia Unicore.<\/p>\n<p><\/p>","protected":false},"excerpt":{"rendered":"<p>Il Beal Morpheus \u00e8 un imbrago polivalente pensato per le pareti d\u2019arrampicata fino alle vette innevate. Abbiamo intervistato arrampicatori appassionati [&hellip;]<\/p>\n","protected":false},"featured_media":188785,"comment_status":"open","ping_status":"closed","template":"","meta":{"_acf_changed":false},"product_brand":[84],"product_cat":[182,183],"product_tag":[],"class_list":{"0":"post-188784","1":"product","2":"type-product","3":"status-publish","4":"has-post-thumbnail","6":"product_brand-beal","7":"product_cat-sportivi","8":"product_cat-alpinismo","10":"first","11":"instock","12":"sale","13":"taxable","14":"shipping-taxable","15":"purchasable","16":"product-type-variable"},"acf":[],"yoast_head":"<!-- This site is optimized with the Yoast SEO plugin v26.4 - https:\/\/yoast.com\/wordpress\/plugins\/seo\/ -->\n<title>Beal Morpheus imbrago arrampicata - Sestogrado<\/title>\n<meta name=\"description\" content=\"Il Beal Morpheus \u00e8 un imbrago polivalente pensato per le pareti d\u2019arrampicata fino alle vette innevate. Abbiamo intervistato arrampicatori appassionati provenienti da ogni disciplina \u2013 arrampicata indoor, vie a pi\u00f9 tiri, alpinismo, competizione \u2013 per creare un imbrago capace di adattarsi a ogni pratica senza compromettere leggerezza, comfort e intuitivit\u00e0.Perch\u00e9 non bisogna soffrire per dare il massimo, \u00e8 stato progettato come un\u2019imbragatura \u201cseconda pelle\u201d, con un\u2019imbottitura dalla forma pi\u00f9 atletica che avvolge il corpo e libera i punti di pressione. Grazie alle sue 3 fibbie ergonomiche e alle 4 taglie disponibili (S, M, L, XL), garantisce una vestibilit\u00e0 precisa su ogni tipo di corporatura, indipendentemente dal genere. \u00c8 dotato di portamateriali rigidi e preformati, ganci dedicati per i portapin da alpinismo, e riferimenti visivi intelligenti come le marcature L\/R sulle cosce e un ponte colorato per una legatura fluido e immediata.\" \/>\n<meta name=\"robots\" content=\"index, follow, max-snippet:-1, max-image-preview:large, max-video-preview:-1\" \/>\n<link rel=\"canonical\" href=\"https:\/\/www.sestogrado.it\/it\/prodotto\/beal-morpheus-imbrago-arrampicata\/\" \/>\n<meta property=\"og:locale\" content=\"it_IT\" \/>\n<meta property=\"og:type\" content=\"article\" \/>\n<meta property=\"og:title\" content=\"Beal Morpheus imbrago arrampicata - Sestogrado\" \/>\n<meta property=\"og:description\" content=\"Il Beal Morpheus \u00e8 un imbrago polivalente pensato per le pareti d\u2019arrampicata fino alle vette innevate. Abbiamo intervistato arrampicatori appassionati provenienti da ogni disciplina \u2013 arrampicata indoor, vie a pi\u00f9 tiri, alpinismo, competizione \u2013 per creare un imbrago capace di adattarsi a ogni pratica senza compromettere leggerezza, comfort e intuitivit\u00e0.Perch\u00e9 non bisogna soffrire per dare il massimo, \u00e8 stato progettato come un\u2019imbragatura \u201cseconda pelle\u201d, con un\u2019imbottitura dalla forma pi\u00f9 atletica che avvolge il corpo e libera i punti di pressione. Grazie alle sue 3 fibbie ergonomiche e alle 4 taglie disponibili (S, M, L, XL), garantisce una vestibilit\u00e0 precisa su ogni tipo di corporatura, indipendentemente dal genere. \u00c8 dotato di portamateriali rigidi e preformati, ganci dedicati per i portapin da alpinismo, e riferimenti visivi intelligenti come le marcature L\/R sulle cosce e un ponte colorato per una legatura fluido e immediata.\" \/>\n<meta property=\"og:url\" content=\"https:\/\/www.sestogrado.it\/it\/prodotto\/beal-morpheus-imbrago-arrampicata\/\" \/>\n<meta property=\"og:site_name\" content=\"Sestogrado\" \/>\n<meta property=\"article:publisher\" content=\"https:\/\/www.facebook.com\/pages\/Sestogrado\/1542635979353017?ref=bookmarks\" \/>\n<meta property=\"article:modified_time\" content=\"2026-04-02T07:04:08+00:00\" \/>\n<meta property=\"og:image\" content=\"https:\/\/www.sestogrado.it\/wp-content\/uploads\/2025\/04\/01-2.jpg\" \/>\n\t<meta property=\"og:image:width\" content=\"1200\" \/>\n\t<meta property=\"og:image:height\" content=\"1200\" \/>\n\t<meta property=\"og:image:type\" content=\"image\/jpeg\" \/>\n<meta name=\"twitter:label1\" content=\"Disponibilit\u00e0\" \/>\n\t<meta name=\"twitter:data1\" content=\"In stock\" \/>\n<script type=\"application\/ld+json\" class=\"yoast-schema-graph\">{\"@context\":\"https:\/\/schema.org\",\"@graph\":[{\"@type\":\"WebPage\",\"@id\":\"https:\/\/www.sestogrado.it\/it\/prodotto\/beal-morpheus-imbrago-arrampicata\/\",\"url\":\"https:\/\/www.sestogrado.it\/it\/prodotto\/beal-morpheus-imbrago-arrampicata\/\",\"name\":\"Beal Morpheus imbrago arrampicata - Sestogrado\",\"isPartOf\":{\"@id\":\"https:\/\/www.sestogrado.it\/it\/#website\"},\"primaryImageOfPage\":{\"@id\":\"https:\/\/www.sestogrado.it\/it\/prodotto\/beal-morpheus-imbrago-arrampicata\/#primaryimage\"},\"image\":{\"@id\":\"https:\/\/www.sestogrado.it\/prodotto\/beal-morpheus-imbrago-arrampicata\/#primaryimage\"},\"thumbnailUrl\":\"https:\/\/www.sestogrado.it\/wp-content\/uploads\/2025\/04\/01-2.jpg\",\"datePublished\":\"2025-04-15T09:51:20+00:00\",\"dateModified\":\"2026-04-02T07:04:08+00:00\",\"description\":\"Il Beal Morpheus \u00e8 un imbrago polivalente pensato per le pareti d\u2019arrampicata fino alle vette innevate. Abbiamo intervistato arrampicatori appassionati provenienti da ogni disciplina \u2013 arrampicata indoor, vie a pi\u00f9 tiri, alpinismo, competizione \u2013 per creare un imbrago capace di adattarsi a ogni pratica senza compromettere leggerezza, comfort e intuitivit\u00e0.Perch\u00e9 non bisogna soffrire per dare il massimo, \u00e8 stato progettato come un\u2019imbragatura \u201cseconda pelle\u201d, con un\u2019imbottitura dalla forma pi\u00f9 atletica che avvolge il corpo e libera i punti di pressione. Grazie alle sue 3 fibbie ergonomiche e alle 4 taglie disponibili (S, M, L, XL), garantisce una vestibilit\u00e0 precisa su ogni tipo di corporatura, indipendentemente dal genere. \u00c8 dotato di portamateriali rigidi e preformati, ganci dedicati per i portapin da alpinismo, e riferimenti visivi intelligenti come le marcature L\/R sulle cosce e un ponte colorato per una legatura fluido e immediata.\",\"breadcrumb\":{\"@id\":\"https:\/\/www.sestogrado.it\/it\/prodotto\/beal-morpheus-imbrago-arrampicata\/#breadcrumb\"},\"inLanguage\":\"it-IT\",\"potentialAction\":[{\"@type\":\"ReadAction\",\"target\":[[\"https:\/\/www.sestogrado.it\/it\/prodotto\/beal-morpheus-imbrago-arrampicata\/\"]]}]},{\"@type\":\"ImageObject\",\"inLanguage\":\"it-IT\",\"@id\":\"https:\/\/www.sestogrado.it\/it\/prodotto\/beal-morpheus-imbrago-arrampicata\/#primaryimage\",\"url\":\"https:\/\/www.sestogrado.it\/wp-content\/uploads\/2025\/04\/01-2.jpg\",\"contentUrl\":\"https:\/\/www.sestogrado.it\/wp-content\/uploads\/2025\/04\/01-2.jpg\",\"width\":1200,\"height\":1200,\"caption\":\"beal morpheus\"},{\"@type\":\"BreadcrumbList\",\"@id\":\"https:\/\/www.sestogrado.it\/it\/prodotto\/beal-morpheus-imbrago-arrampicata\/#breadcrumb\",\"itemListElement\":[{\"@type\":\"ListItem\",\"position\":1,\"name\":\"Home\",\"item\":\"https:\/\/www.sestogrado.it\/it\/\"},{\"@type\":\"ListItem\",\"position\":2,\"name\":\"Shop\",\"item\":\"https:\/\/www.sestogrado.it\/it\/shop\/\"},{\"@type\":\"ListItem\",\"position\":3,\"name\":\"Beal Morpheus imbrago arrampicata\"}]},{\"@type\":\"WebSite\",\"@id\":\"https:\/\/www.sestogrado.it\/it\/#website\",\"url\":\"https:\/\/www.sestogrado.it\/it\/\",\"name\":\"Sestogrado\",\"description\":\"yes we climb\",\"publisher\":{\"@id\":\"https:\/\/www.sestogrado.it\/it\/#organization\"},\"potentialAction\":[{\"@type\":\"SearchAction\",\"target\":{\"@type\":\"EntryPoint\",\"urlTemplate\":\"https:\/\/www.sestogrado.it\/it\/?s={search_term_string}\"},\"query-input\":{\"@type\":\"PropertyValueSpecification\",\"valueRequired\":true,\"valueName\":\"search_term_string\"}}],\"inLanguage\":\"it-IT\"},{\"@type\":\"Organization\",\"@id\":\"https:\/\/www.sestogrado.it\/it\/#organization\",\"name\":\"Sestogrado\",\"url\":\"https:\/\/www.sestogrado.it\/it\/\",\"logo\":{\"@type\":\"ImageObject\",\"inLanguage\":\"it-IT\",\"@id\":\"https:\/\/www.sestogrado.it\/it\/#\/schema\/logo\/image\/\",\"url\":\"https:\/\/www.sestogrado.it\/wp-content\/uploads\/2015\/03\/sestogrado-favicon.png\",\"contentUrl\":\"https:\/\/www.sestogrado.it\/wp-content\/uploads\/2015\/03\/sestogrado-favicon.png\",\"width\":260,\"height\":260,\"caption\":\"Sestogrado\"},\"image\":{\"@id\":\"https:\/\/www.sestogrado.it\/it\/#\/schema\/logo\/image\/\"},\"sameAs\":[\"https:\/\/www.facebook.com\/pages\/Sestogrado\/1542635979353017?ref=bookmarks\",\"https:\/\/www.youtube.com\/channel\/UC847kAfTkaJsWpc1jtQwr3Q\"],\"hasMerchantReturnPolicy\":{\"@type\":\"MerchantReturnPolicy\",\"merchantReturnLink\":\"https:\/\/www.sestogrado.it\/it\/termini-e-condizioni\/\"}}]}<\/script>\n<meta property=\"product:brand\" content=\"Beal\" \/>\n<meta property=\"og:availability\" content=\"instock\" \/>\n<meta property=\"product:availability\" content=\"instock\" \/>\n<meta property=\"product:condition\" content=\"new\" \/>\n<!-- \/ Yoast SEO plugin. -->","yoast_head_json":{"title":"Beal Morpheus imbrago arrampicata - Sestogrado","description":"Il Beal Morpheus \u00e8 un imbrago polivalente pensato per le pareti d\u2019arrampicata fino alle vette innevate. Abbiamo intervistato arrampicatori appassionati provenienti da ogni disciplina \u2013 arrampicata indoor, vie a pi\u00f9 tiri, alpinismo, competizione \u2013 per creare un imbrago capace di adattarsi a ogni pratica senza compromettere leggerezza, comfort e intuitivit\u00e0.Perch\u00e9 non bisogna soffrire per dare il massimo, \u00e8 stato progettato come un\u2019imbragatura \u201cseconda pelle\u201d, con un\u2019imbottitura dalla forma pi\u00f9 atletica che avvolge il corpo e libera i punti di pressione. Grazie alle sue 3 fibbie ergonomiche e alle 4 taglie disponibili (S, M, L, XL), garantisce una vestibilit\u00e0 precisa su ogni tipo di corporatura, indipendentemente dal genere. \u00c8 dotato di portamateriali rigidi e preformati, ganci dedicati per i portapin da alpinismo, e riferimenti visivi intelligenti come le marcature L\/R sulle cosce e un ponte colorato per una legatura fluido e immediata.","robots":{"index":"index","follow":"follow","max-snippet":"max-snippet:-1","max-image-preview":"max-image-preview:large","max-video-preview":"max-video-preview:-1"},"canonical":"https:\/\/www.sestogrado.it\/it\/prodotto\/beal-morpheus-imbrago-arrampicata\/","og_locale":"it_IT","og_type":"article","og_title":"Beal Morpheus imbrago arrampicata - Sestogrado","og_description":"Il Beal Morpheus \u00e8 un imbrago polivalente pensato per le pareti d\u2019arrampicata fino alle vette innevate. Abbiamo intervistato arrampicatori appassionati provenienti da ogni disciplina \u2013 arrampicata indoor, vie a pi\u00f9 tiri, alpinismo, competizione \u2013 per creare un imbrago capace di adattarsi a ogni pratica senza compromettere leggerezza, comfort e intuitivit\u00e0.Perch\u00e9 non bisogna soffrire per dare il massimo, \u00e8 stato progettato come un\u2019imbragatura \u201cseconda pelle\u201d, con un\u2019imbottitura dalla forma pi\u00f9 atletica che avvolge il corpo e libera i punti di pressione. Grazie alle sue 3 fibbie ergonomiche e alle 4 taglie disponibili (S, M, L, XL), garantisce una vestibilit\u00e0 precisa su ogni tipo di corporatura, indipendentemente dal genere. \u00c8 dotato di portamateriali rigidi e preformati, ganci dedicati per i portapin da alpinismo, e riferimenti visivi intelligenti come le marcature L\/R sulle cosce e un ponte colorato per una legatura fluido e immediata.","og_url":"https:\/\/www.sestogrado.it\/it\/prodotto\/beal-morpheus-imbrago-arrampicata\/","og_site_name":"Sestogrado","article_publisher":"https:\/\/www.facebook.com\/pages\/Sestogrado\/1542635979353017?ref=bookmarks","article_modified_time":"2026-04-02T07:04:08+00:00","og_image":[{"width":1200,"height":1200,"url":"https:\/\/www.sestogrado.it\/wp-content\/uploads\/2025\/04\/01-2.jpg","type":"image\/jpeg"}],"twitter_misc":{"Disponibilit\u00e0":"In stock"},"schema":{"@context":"https:\/\/schema.org","@graph":[{"@type":"WebPage","@id":"https:\/\/www.sestogrado.it\/it\/prodotto\/beal-morpheus-imbrago-arrampicata\/","url":"https:\/\/www.sestogrado.it\/it\/prodotto\/beal-morpheus-imbrago-arrampicata\/","name":"Beal Morpheus imbrago arrampicata - Sestogrado","isPartOf":{"@id":"https:\/\/www.sestogrado.it\/it\/#website"},"primaryImageOfPage":{"@id":"https:\/\/www.sestogrado.it\/it\/prodotto\/beal-morpheus-imbrago-arrampicata\/#primaryimage"},"image":{"@id":"https:\/\/www.sestogrado.it\/prodotto\/beal-morpheus-imbrago-arrampicata\/#primaryimage"},"thumbnailUrl":"https:\/\/www.sestogrado.it\/wp-content\/uploads\/2025\/04\/01-2.jpg","datePublished":"2025-04-15T09:51:20+00:00","dateModified":"2026-04-02T07:04:08+00:00","description":"Il Beal Morpheus \u00e8 un imbrago polivalente pensato per le pareti d\u2019arrampicata fino alle vette innevate. Abbiamo intervistato arrampicatori appassionati provenienti da ogni disciplina \u2013 arrampicata indoor, vie a pi\u00f9 tiri, alpinismo, competizione \u2013 per creare un imbrago capace di adattarsi a ogni pratica senza compromettere leggerezza, comfort e intuitivit\u00e0.Perch\u00e9 non bisogna soffrire per dare il massimo, \u00e8 stato progettato come un\u2019imbragatura \u201cseconda pelle\u201d, con un\u2019imbottitura dalla forma pi\u00f9 atletica che avvolge il corpo e libera i punti di pressione. Grazie alle sue 3 fibbie ergonomiche e alle 4 taglie disponibili (S, M, L, XL), garantisce una vestibilit\u00e0 precisa su ogni tipo di corporatura, indipendentemente dal genere. \u00c8 dotato di portamateriali rigidi e preformati, ganci dedicati per i portapin da alpinismo, e riferimenti visivi intelligenti come le marcature L\/R sulle cosce e un ponte colorato per una legatura fluido e immediata.","breadcrumb":{"@id":"https:\/\/www.sestogrado.it\/it\/prodotto\/beal-morpheus-imbrago-arrampicata\/#breadcrumb"},"inLanguage":"it-IT","potentialAction":[{"@type":"ReadAction","target":[["https:\/\/www.sestogrado.it\/it\/prodotto\/beal-morpheus-imbrago-arrampicata\/"]]}]},{"@type":"ImageObject","inLanguage":"it-IT","@id":"https:\/\/www.sestogrado.it\/it\/prodotto\/beal-morpheus-imbrago-arrampicata\/#primaryimage","url":"https:\/\/www.sestogrado.it\/wp-content\/uploads\/2025\/04\/01-2.jpg","contentUrl":"https:\/\/www.sestogrado.it\/wp-content\/uploads\/2025\/04\/01-2.jpg","width":1200,"height":1200,"caption":"beal morpheus"},{"@type":"BreadcrumbList","@id":"https:\/\/www.sestogrado.it\/it\/prodotto\/beal-morpheus-imbrago-arrampicata\/#breadcrumb","itemListElement":[{"@type":"ListItem","position":1,"name":"Home","item":"https:\/\/www.sestogrado.it\/it\/"},{"@type":"ListItem","position":2,"name":"Shop","item":"https:\/\/www.sestogrado.it\/it\/shop\/"},{"@type":"ListItem","position":3,"name":"Beal Morpheus imbrago arrampicata"}]},{"@type":"WebSite","@id":"https:\/\/www.sestogrado.it\/it\/#website","url":"https:\/\/www.sestogrado.it\/it\/","name":"Sestogrado","description":"yes we climb","publisher":{"@id":"https:\/\/www.sestogrado.it\/it\/#organization"},"potentialAction":[{"@type":"SearchAction","target":{"@type":"EntryPoint","urlTemplate":"https:\/\/www.sestogrado.it\/it\/?s={search_term_string}"},"query-input":{"@type":"PropertyValueSpecification","valueRequired":true,"valueName":"search_term_string"}}],"inLanguage":"it-IT"},{"@type":"Organization","@id":"https:\/\/www.sestogrado.it\/it\/#organization","name":"Sestogrado","url":"https:\/\/www.sestogrado.it\/it\/","logo":{"@type":"ImageObject","inLanguage":"it-IT","@id":"https:\/\/www.sestogrado.it\/it\/#\/schema\/logo\/image\/","url":"https:\/\/www.sestogrado.it\/wp-content\/uploads\/2015\/03\/sestogrado-favicon.png","contentUrl":"https:\/\/www.sestogrado.it\/wp-content\/uploads\/2015\/03\/sestogrado-favicon.png","width":260,"height":260,"caption":"Sestogrado"},"image":{"@id":"https:\/\/www.sestogrado.it\/it\/#\/schema\/logo\/image\/"},"sameAs":["https:\/\/www.facebook.com\/pages\/Sestogrado\/1542635979353017?ref=bookmarks","https:\/\/www.youtube.com\/channel\/UC847kAfTkaJsWpc1jtQwr3Q"],"hasMerchantReturnPolicy":{"@type":"MerchantReturnPolicy","merchantReturnLink":"https:\/\/www.sestogrado.it\/it\/termini-e-condizioni\/"}}]},"product_brand":"Beal","og_availability":"instock","product_availability":"instock","product_condition":"new"},"_links":{"self":[{"href":"https:\/\/www.sestogrado.it\/it\/wp-json\/wp\/v2\/product\/188784","targetHints":{"allow":["GET"]}}],"collection":[{"href":"https:\/\/www.sestogrado.it\/it\/wp-json\/wp\/v2\/product"}],"about":[{"href":"https:\/\/www.sestogrado.it\/it\/wp-json\/wp\/v2\/types\/product"}],"replies":[{"embeddable":true,"href":"https:\/\/www.sestogrado.it\/it\/wp-json\/wp\/v2\/comments?post=188784"}],"wp:featuredmedia":[{"embeddable":true,"href":"https:\/\/www.sestogrado.it\/it\/wp-json\/wp\/v2\/media\/188785"}],"wp:attachment":[{"href":"https:\/\/www.sestogrado.it\/it\/wp-json\/wp\/v2\/media?parent=188784"}],"wp:term":[{"taxonomy":"product_brand","embeddable":true,"href":"https:\/\/www.sestogrado.it\/it\/wp-json\/wp\/v2\/product_brand?post=188784"},{"taxonomy":"product_cat","embeddable":true,"href":"https:\/\/www.sestogrado.it\/it\/wp-json\/wp\/v2\/product_cat?post=188784"},{"taxonomy":"product_tag","embeddable":true,"href":"https:\/\/www.sestogrado.it\/it\/wp-json\/wp\/v2\/product_tag?post=188784"}],"curies":[{"name":"wp","href":"https:\/\/api.w.org\/{rel}","templated":true}]}}