{"id":188779,"date":"2025-04-10T08:35:20","date_gmt":"2025-04-10T06:35:20","guid":{"rendered":"https:\/\/www.sestogrado.it\/?post_type=product&#038;p=188779"},"modified":"2026-04-02T09:04:08","modified_gmt":"2026-04-02T07:04:08","slug":"beal-expresso-fit-longe-di-auto-assicurazione","status":"publish","type":"product","link":"https:\/\/www.sestogrado.it\/it\/prodotto\/beal-expresso-fit-longe-di-auto-assicurazione\/","title":{"rendered":"Beal Expresso FIT longe di auto assicurazione"},"content":{"rendered":"<p><\/p>\n<div class=\"flex max-w-full flex-col grow\">\n<div class=\"min-h-8 text-message relative flex w-full flex-col items-end gap-2 text-start break-words whitespace-normal [.text-message+&amp;]:mt-5\" dir=\"auto\" data-message-author-role=\"assistant\" data-message-id=\"41ff7fe2-8375-4ee7-abc4-5e861c443523\" data-message-model-slug=\"gpt-4o\">\n<div class=\"flex w-full flex-col gap-1 empty:hidden first:pt-[3px]\">\n<div class=\"markdown prose dark:prose-invert w-full break-words light\">\n<p class=\"\" data-start=\"0\" data-end=\"634\"><strong data-start=\"0\" data-end=\"16\">Il Beal Expresso Fit<\/strong> \u00e8 la versione regolabile dell\u2019<strong data-start=\"47\" data-end=\"59\">Expresso<\/strong>, l\u2019innovativa longe doppia di <strong data-start=\"90\" data-end=\"98\" data-is-only-node=\"\">BEAL<\/strong>. Ha un dispositivo di regolazione rapida, per definire la distanza dal punto di autoassicurazione e ha un secondo\u00a0ramo con un anello cucito in <strong data-start=\"259\" data-end=\"270\">Dyneema<\/strong>. Questo design brevettato riduce l\u2019ingombro e semplifica la gestione, soprattutto durante l\u2019allestimento delle calate in corda doppia. Si fissa all\u2019imbrago con un nodo a bocca di lupo, in conformit\u00e0 con la norma <strong data-start=\"483\" data-end=\"494\">EN17520<\/strong>, garantendo sicurezza e praticit\u00e0. Che tu stia cercando una longe regolabile o una doppia, <strong data-start=\"586\" data-end=\"602\">Expresso Fit<\/strong> soddisfa tutte le tue esigenze.<\/p>\n<ul>\n<li class=\"\" data-start=\"0\" data-end=\"64\">\n<p class=\"\" data-start=\"2\" data-end=\"64\"><strong data-start=\"2\" data-end=\"26\" data-is-only-node=\"\">Arrampicata sportiva<\/strong>: assicurati comodamente alla sosta.<\/p>\n<\/li>\n<li class=\"\" data-start=\"65\" data-end=\"150\">\n<p class=\"\" data-start=\"67\" data-end=\"150\"><strong data-start=\"67\" data-end=\"85\" data-is-only-node=\"\">Vie a pi\u00f9 tiri<\/strong>: allestisci le calate in corda doppia e assicurati alle soste.<\/p>\n<\/li>\n<li class=\"\" data-start=\"151\" data-end=\"250\">\n<p class=\"\" data-start=\"153\" data-end=\"250\"><strong data-start=\"153\" data-end=\"183\" data-is-only-node=\"\">Ghiacciaio e sci alpinismo<\/strong>: ideale per il recupero da crepaccio e per assicurarsi alle soste.<\/p>\n<\/li>\n<\/ul>\n<p class=\"\" data-start=\"683\" data-end=\"1191\">L\u2019<strong data-start=\"685\" data-end=\"701\">Expresso Fit<\/strong> combina una corda dinamica in poliammide da 9,5 mm con un anello in <strong data-start=\"770\" data-end=\"781\">Dyneema<\/strong>, offrendo prestazioni dinamiche, durabilit\u00e0 e leggerezza. Con un peso di soli <strong data-start=\"860\" data-end=\"869\">240 g<\/strong> e un sistema di regolazione ergonomico, consente di impostare con precisione e facilit\u00e0 la lunghezza della longe tra <strong data-start=\"987\" data-end=\"1005\">40 cm e 100 cm<\/strong>. Ideale per l\u2019arrampicata sportiva, le vie a pi\u00f9 tiri e le traversate su ghiacciaio, questa longe doppia regolabile \u00e8 pensata per gli arrampicatori che cercano <strong data-start=\"1166\" data-end=\"1190\">efficienza e comfort<\/strong>.<\/p>\n<\/div>\n<\/div>\n<\/div>\n<\/div>\n<p>&nbsp;<\/p>\n<p>&nbsp;<\/p>\n<p>Beal \u00e8 leader mondiale nella produzione di corde arrampicata da montagna grazie ad un avanzato sviluppo tecnologico nel processo \u00a0di fabbricazione che gli \u00e8 valso il certificato Iso 9001. Sempre attento alle esigenze degli arrampicatori, \u00e8 stata in grado di apportare dinamicit\u00e0 alla pratica dell\u2019arrampicata grazie ad un\u2019intensa attivit\u00e0 di ricerca. In particolare, Black Limit, Program System, trattamento Dry Cover, imbragature Aero, tecnologia Unicore.<\/p>","protected":false},"excerpt":{"rendered":"<p>Il Beal Expresso Fit \u00e8 la versione regolabile dell\u2019Expresso, l\u2019innovativa longe doppia di BEAL. Ha un dispositivo di regolazione rapida, [&hellip;]<\/p>\n","protected":false},"featured_media":188794,"comment_status":"open","ping_status":"closed","template":"","meta":{"_acf_changed":false},"product_brand":[84],"product_cat":[137],"product_tag":[],"class_list":{"0":"post-188779","1":"product","2":"type-product","3":"status-publish","4":"has-post-thumbnail","6":"product_brand-beal","7":"product_cat-fettucce-e-cordini","9":"first","10":"instock","11":"sale","12":"taxable","13":"shipping-taxable","14":"purchasable","15":"product-type-variable"},"acf":[],"yoast_head":"<!-- This site is optimized with the Yoast SEO plugin v26.4 - https:\/\/yoast.com\/wordpress\/plugins\/seo\/ -->\n<title>Beal Expresso FIT longe di auto assicurazione - Sestogrado<\/title>\n<meta name=\"description\" content=\"Il Beal Expresso Fit \u00e8 la versione regolabile dell\u2019Expresso, l\u2019innovativa longe doppia di BEAL. Ha un dispositivo di regolazione rapida, per definire la distanza dal punto di autoassicurazione e ha un secondo\u00a0ramo con un anello cucito in Dyneema. Questo design brevettato riduce l\u2019ingombro e semplifica la gestione, soprattutto durante l\u2019allestimento delle calate in corda doppia. Si fissa all\u2019imbrago con un nodo a bocca di lupo, in conformit\u00e0 con la norma EN17520, garantendo sicurezza e praticit\u00e0. Che tu stia cercando una longe regolabile o una doppia, Expresso Fit soddisfa tutte le tue esigenze.\" \/>\n<meta name=\"robots\" content=\"index, follow, max-snippet:-1, max-image-preview:large, max-video-preview:-1\" \/>\n<link rel=\"canonical\" href=\"https:\/\/www.sestogrado.it\/it\/prodotto\/beal-expresso-fit-longe-di-auto-assicurazione\/\" \/>\n<meta property=\"og:locale\" content=\"it_IT\" \/>\n<meta property=\"og:type\" content=\"article\" \/>\n<meta property=\"og:title\" content=\"Beal Expresso FIT longe di auto assicurazione - Sestogrado\" \/>\n<meta property=\"og:description\" content=\"Il Beal Expresso Fit \u00e8 la versione regolabile dell\u2019Expresso, l\u2019innovativa longe doppia di BEAL. Ha un dispositivo di regolazione rapida, per definire la distanza dal punto di autoassicurazione e ha un secondo\u00a0ramo con un anello cucito in Dyneema. Questo design brevettato riduce l\u2019ingombro e semplifica la gestione, soprattutto durante l\u2019allestimento delle calate in corda doppia. Si fissa all\u2019imbrago con un nodo a bocca di lupo, in conformit\u00e0 con la norma EN17520, garantendo sicurezza e praticit\u00e0. Che tu stia cercando una longe regolabile o una doppia, Expresso Fit soddisfa tutte le tue esigenze.\" \/>\n<meta property=\"og:url\" content=\"https:\/\/www.sestogrado.it\/it\/prodotto\/beal-expresso-fit-longe-di-auto-assicurazione\/\" \/>\n<meta property=\"og:site_name\" content=\"Sestogrado\" \/>\n<meta property=\"article:publisher\" content=\"https:\/\/www.facebook.com\/pages\/Sestogrado\/1542635979353017?ref=bookmarks\" \/>\n<meta property=\"article:modified_time\" content=\"2026-04-02T07:04:08+00:00\" \/>\n<meta property=\"og:image\" content=\"https:\/\/www.sestogrado.it\/wp-content\/uploads\/2025\/04\/blue.jpg\" \/>\n\t<meta property=\"og:image:width\" content=\"1500\" \/>\n\t<meta property=\"og:image:height\" content=\"1500\" \/>\n\t<meta property=\"og:image:type\" content=\"image\/jpeg\" \/>\n<meta name=\"twitter:label1\" content=\"Disponibilit\u00e0\" \/>\n\t<meta name=\"twitter:data1\" content=\"In stock\" \/>\n<script type=\"application\/ld+json\" class=\"yoast-schema-graph\">{\"@context\":\"https:\/\/schema.org\",\"@graph\":[{\"@type\":\"WebPage\",\"@id\":\"https:\/\/www.sestogrado.it\/it\/prodotto\/beal-expresso-fit-longe-di-auto-assicurazione\/\",\"url\":\"https:\/\/www.sestogrado.it\/it\/prodotto\/beal-expresso-fit-longe-di-auto-assicurazione\/\",\"name\":\"Beal Expresso FIT longe di auto assicurazione - Sestogrado\",\"isPartOf\":{\"@id\":\"https:\/\/www.sestogrado.it\/it\/#website\"},\"primaryImageOfPage\":{\"@id\":\"https:\/\/www.sestogrado.it\/it\/prodotto\/beal-expresso-fit-longe-di-auto-assicurazione\/#primaryimage\"},\"image\":{\"@id\":\"https:\/\/www.sestogrado.it\/prodotto\/beal-expresso-fit-longe-di-auto-assicurazione\/#primaryimage\"},\"thumbnailUrl\":\"https:\/\/www.sestogrado.it\/wp-content\/uploads\/2025\/04\/blue.jpg\",\"datePublished\":\"2025-04-10T06:35:20+00:00\",\"dateModified\":\"2026-04-02T07:04:08+00:00\",\"description\":\"Il Beal Expresso Fit \u00e8 la versione regolabile dell\u2019Expresso, l\u2019innovativa longe doppia di BEAL. Ha un dispositivo di regolazione rapida, per definire la distanza dal punto di autoassicurazione e ha un secondo\u00a0ramo con un anello cucito in Dyneema. Questo design brevettato riduce l\u2019ingombro e semplifica la gestione, soprattutto durante l\u2019allestimento delle calate in corda doppia. Si fissa all\u2019imbrago con un nodo a bocca di lupo, in conformit\u00e0 con la norma EN17520, garantendo sicurezza e praticit\u00e0. Che tu stia cercando una longe regolabile o una doppia, Expresso Fit soddisfa tutte le tue esigenze.\",\"breadcrumb\":{\"@id\":\"https:\/\/www.sestogrado.it\/it\/prodotto\/beal-expresso-fit-longe-di-auto-assicurazione\/#breadcrumb\"},\"inLanguage\":\"it-IT\",\"potentialAction\":[{\"@type\":\"ReadAction\",\"target\":[[\"https:\/\/www.sestogrado.it\/it\/prodotto\/beal-expresso-fit-longe-di-auto-assicurazione\/\"]]}]},{\"@type\":\"ImageObject\",\"inLanguage\":\"it-IT\",\"@id\":\"https:\/\/www.sestogrado.it\/it\/prodotto\/beal-expresso-fit-longe-di-auto-assicurazione\/#primaryimage\",\"url\":\"https:\/\/www.sestogrado.it\/wp-content\/uploads\/2025\/04\/blue.jpg\",\"contentUrl\":\"https:\/\/www.sestogrado.it\/wp-content\/uploads\/2025\/04\/blue.jpg\",\"width\":1500,\"height\":1500,\"caption\":\"expresso fit blue\"},{\"@type\":\"BreadcrumbList\",\"@id\":\"https:\/\/www.sestogrado.it\/it\/prodotto\/beal-expresso-fit-longe-di-auto-assicurazione\/#breadcrumb\",\"itemListElement\":[{\"@type\":\"ListItem\",\"position\":1,\"name\":\"Home\",\"item\":\"https:\/\/www.sestogrado.it\/it\/\"},{\"@type\":\"ListItem\",\"position\":2,\"name\":\"Shop\",\"item\":\"https:\/\/www.sestogrado.it\/it\/shop\/\"},{\"@type\":\"ListItem\",\"position\":3,\"name\":\"Beal Expresso FIT longe di auto assicurazione\"}]},{\"@type\":\"WebSite\",\"@id\":\"https:\/\/www.sestogrado.it\/it\/#website\",\"url\":\"https:\/\/www.sestogrado.it\/it\/\",\"name\":\"Sestogrado\",\"description\":\"yes we climb\",\"publisher\":{\"@id\":\"https:\/\/www.sestogrado.it\/it\/#organization\"},\"potentialAction\":[{\"@type\":\"SearchAction\",\"target\":{\"@type\":\"EntryPoint\",\"urlTemplate\":\"https:\/\/www.sestogrado.it\/it\/?s={search_term_string}\"},\"query-input\":{\"@type\":\"PropertyValueSpecification\",\"valueRequired\":true,\"valueName\":\"search_term_string\"}}],\"inLanguage\":\"it-IT\"},{\"@type\":\"Organization\",\"@id\":\"https:\/\/www.sestogrado.it\/it\/#organization\",\"name\":\"Sestogrado\",\"url\":\"https:\/\/www.sestogrado.it\/it\/\",\"logo\":{\"@type\":\"ImageObject\",\"inLanguage\":\"it-IT\",\"@id\":\"https:\/\/www.sestogrado.it\/it\/#\/schema\/logo\/image\/\",\"url\":\"https:\/\/www.sestogrado.it\/wp-content\/uploads\/2015\/03\/sestogrado-favicon.png\",\"contentUrl\":\"https:\/\/www.sestogrado.it\/wp-content\/uploads\/2015\/03\/sestogrado-favicon.png\",\"width\":260,\"height\":260,\"caption\":\"Sestogrado\"},\"image\":{\"@id\":\"https:\/\/www.sestogrado.it\/it\/#\/schema\/logo\/image\/\"},\"sameAs\":[\"https:\/\/www.facebook.com\/pages\/Sestogrado\/1542635979353017?ref=bookmarks\",\"https:\/\/www.youtube.com\/channel\/UC847kAfTkaJsWpc1jtQwr3Q\"],\"hasMerchantReturnPolicy\":{\"@type\":\"MerchantReturnPolicy\",\"merchantReturnLink\":\"https:\/\/www.sestogrado.it\/it\/termini-e-condizioni\/\"}}]}<\/script>\n<meta property=\"product:brand\" content=\"Beal\" \/>\n<meta property=\"og:availability\" content=\"instock\" \/>\n<meta property=\"product:availability\" content=\"instock\" \/>\n<meta property=\"product:condition\" content=\"new\" \/>\n<!-- \/ Yoast SEO plugin. -->","yoast_head_json":{"title":"Beal Expresso FIT longe di auto assicurazione - Sestogrado","description":"Il Beal Expresso Fit \u00e8 la versione regolabile dell\u2019Expresso, l\u2019innovativa longe doppia di BEAL. Ha un dispositivo di regolazione rapida, per definire la distanza dal punto di autoassicurazione e ha un secondo\u00a0ramo con un anello cucito in Dyneema. Questo design brevettato riduce l\u2019ingombro e semplifica la gestione, soprattutto durante l\u2019allestimento delle calate in corda doppia. Si fissa all\u2019imbrago con un nodo a bocca di lupo, in conformit\u00e0 con la norma EN17520, garantendo sicurezza e praticit\u00e0. Che tu stia cercando una longe regolabile o una doppia, Expresso Fit soddisfa tutte le tue esigenze.","robots":{"index":"index","follow":"follow","max-snippet":"max-snippet:-1","max-image-preview":"max-image-preview:large","max-video-preview":"max-video-preview:-1"},"canonical":"https:\/\/www.sestogrado.it\/it\/prodotto\/beal-expresso-fit-longe-di-auto-assicurazione\/","og_locale":"it_IT","og_type":"article","og_title":"Beal Expresso FIT longe di auto assicurazione - Sestogrado","og_description":"Il Beal Expresso Fit \u00e8 la versione regolabile dell\u2019Expresso, l\u2019innovativa longe doppia di BEAL. Ha un dispositivo di regolazione rapida, per definire la distanza dal punto di autoassicurazione e ha un secondo\u00a0ramo con un anello cucito in Dyneema. Questo design brevettato riduce l\u2019ingombro e semplifica la gestione, soprattutto durante l\u2019allestimento delle calate in corda doppia. Si fissa all\u2019imbrago con un nodo a bocca di lupo, in conformit\u00e0 con la norma EN17520, garantendo sicurezza e praticit\u00e0. Che tu stia cercando una longe regolabile o una doppia, Expresso Fit soddisfa tutte le tue esigenze.","og_url":"https:\/\/www.sestogrado.it\/it\/prodotto\/beal-expresso-fit-longe-di-auto-assicurazione\/","og_site_name":"Sestogrado","article_publisher":"https:\/\/www.facebook.com\/pages\/Sestogrado\/1542635979353017?ref=bookmarks","article_modified_time":"2026-04-02T07:04:08+00:00","og_image":[{"width":1500,"height":1500,"url":"https:\/\/www.sestogrado.it\/wp-content\/uploads\/2025\/04\/blue.jpg","type":"image\/jpeg"}],"twitter_misc":{"Disponibilit\u00e0":"In stock"},"schema":{"@context":"https:\/\/schema.org","@graph":[{"@type":"WebPage","@id":"https:\/\/www.sestogrado.it\/it\/prodotto\/beal-expresso-fit-longe-di-auto-assicurazione\/","url":"https:\/\/www.sestogrado.it\/it\/prodotto\/beal-expresso-fit-longe-di-auto-assicurazione\/","name":"Beal Expresso FIT longe di auto assicurazione - Sestogrado","isPartOf":{"@id":"https:\/\/www.sestogrado.it\/it\/#website"},"primaryImageOfPage":{"@id":"https:\/\/www.sestogrado.it\/it\/prodotto\/beal-expresso-fit-longe-di-auto-assicurazione\/#primaryimage"},"image":{"@id":"https:\/\/www.sestogrado.it\/prodotto\/beal-expresso-fit-longe-di-auto-assicurazione\/#primaryimage"},"thumbnailUrl":"https:\/\/www.sestogrado.it\/wp-content\/uploads\/2025\/04\/blue.jpg","datePublished":"2025-04-10T06:35:20+00:00","dateModified":"2026-04-02T07:04:08+00:00","description":"Il Beal Expresso Fit \u00e8 la versione regolabile dell\u2019Expresso, l\u2019innovativa longe doppia di BEAL. Ha un dispositivo di regolazione rapida, per definire la distanza dal punto di autoassicurazione e ha un secondo\u00a0ramo con un anello cucito in Dyneema. Questo design brevettato riduce l\u2019ingombro e semplifica la gestione, soprattutto durante l\u2019allestimento delle calate in corda doppia. Si fissa all\u2019imbrago con un nodo a bocca di lupo, in conformit\u00e0 con la norma EN17520, garantendo sicurezza e praticit\u00e0. Che tu stia cercando una longe regolabile o una doppia, Expresso Fit soddisfa tutte le tue esigenze.","breadcrumb":{"@id":"https:\/\/www.sestogrado.it\/it\/prodotto\/beal-expresso-fit-longe-di-auto-assicurazione\/#breadcrumb"},"inLanguage":"it-IT","potentialAction":[{"@type":"ReadAction","target":[["https:\/\/www.sestogrado.it\/it\/prodotto\/beal-expresso-fit-longe-di-auto-assicurazione\/"]]}]},{"@type":"ImageObject","inLanguage":"it-IT","@id":"https:\/\/www.sestogrado.it\/it\/prodotto\/beal-expresso-fit-longe-di-auto-assicurazione\/#primaryimage","url":"https:\/\/www.sestogrado.it\/wp-content\/uploads\/2025\/04\/blue.jpg","contentUrl":"https:\/\/www.sestogrado.it\/wp-content\/uploads\/2025\/04\/blue.jpg","width":1500,"height":1500,"caption":"expresso fit blue"},{"@type":"BreadcrumbList","@id":"https:\/\/www.sestogrado.it\/it\/prodotto\/beal-expresso-fit-longe-di-auto-assicurazione\/#breadcrumb","itemListElement":[{"@type":"ListItem","position":1,"name":"Home","item":"https:\/\/www.sestogrado.it\/it\/"},{"@type":"ListItem","position":2,"name":"Shop","item":"https:\/\/www.sestogrado.it\/it\/shop\/"},{"@type":"ListItem","position":3,"name":"Beal Expresso FIT longe di auto assicurazione"}]},{"@type":"WebSite","@id":"https:\/\/www.sestogrado.it\/it\/#website","url":"https:\/\/www.sestogrado.it\/it\/","name":"Sestogrado","description":"yes we climb","publisher":{"@id":"https:\/\/www.sestogrado.it\/it\/#organization"},"potentialAction":[{"@type":"SearchAction","target":{"@type":"EntryPoint","urlTemplate":"https:\/\/www.sestogrado.it\/it\/?s={search_term_string}"},"query-input":{"@type":"PropertyValueSpecification","valueRequired":true,"valueName":"search_term_string"}}],"inLanguage":"it-IT"},{"@type":"Organization","@id":"https:\/\/www.sestogrado.it\/it\/#organization","name":"Sestogrado","url":"https:\/\/www.sestogrado.it\/it\/","logo":{"@type":"ImageObject","inLanguage":"it-IT","@id":"https:\/\/www.sestogrado.it\/it\/#\/schema\/logo\/image\/","url":"https:\/\/www.sestogrado.it\/wp-content\/uploads\/2015\/03\/sestogrado-favicon.png","contentUrl":"https:\/\/www.sestogrado.it\/wp-content\/uploads\/2015\/03\/sestogrado-favicon.png","width":260,"height":260,"caption":"Sestogrado"},"image":{"@id":"https:\/\/www.sestogrado.it\/it\/#\/schema\/logo\/image\/"},"sameAs":["https:\/\/www.facebook.com\/pages\/Sestogrado\/1542635979353017?ref=bookmarks","https:\/\/www.youtube.com\/channel\/UC847kAfTkaJsWpc1jtQwr3Q"],"hasMerchantReturnPolicy":{"@type":"MerchantReturnPolicy","merchantReturnLink":"https:\/\/www.sestogrado.it\/it\/termini-e-condizioni\/"}}]},"product_brand":"Beal","og_availability":"instock","product_availability":"instock","product_condition":"new"},"_links":{"self":[{"href":"https:\/\/www.sestogrado.it\/it\/wp-json\/wp\/v2\/product\/188779","targetHints":{"allow":["GET"]}}],"collection":[{"href":"https:\/\/www.sestogrado.it\/it\/wp-json\/wp\/v2\/product"}],"about":[{"href":"https:\/\/www.sestogrado.it\/it\/wp-json\/wp\/v2\/types\/product"}],"replies":[{"embeddable":true,"href":"https:\/\/www.sestogrado.it\/it\/wp-json\/wp\/v2\/comments?post=188779"}],"wp:featuredmedia":[{"embeddable":true,"href":"https:\/\/www.sestogrado.it\/it\/wp-json\/wp\/v2\/media\/188794"}],"wp:attachment":[{"href":"https:\/\/www.sestogrado.it\/it\/wp-json\/wp\/v2\/media?parent=188779"}],"wp:term":[{"taxonomy":"product_brand","embeddable":true,"href":"https:\/\/www.sestogrado.it\/it\/wp-json\/wp\/v2\/product_brand?post=188779"},{"taxonomy":"product_cat","embeddable":true,"href":"https:\/\/www.sestogrado.it\/it\/wp-json\/wp\/v2\/product_cat?post=188779"},{"taxonomy":"product_tag","embeddable":true,"href":"https:\/\/www.sestogrado.it\/it\/wp-json\/wp\/v2\/product_tag?post=188779"}],"curies":[{"name":"wp","href":"https:\/\/api.w.org\/{rel}","templated":true}]}}