{"id":187883,"date":"2025-04-04T14:25:44","date_gmt":"2025-04-04T12:25:44","guid":{"rendered":"https:\/\/www.sestogrado.it\/?post_type=product&#038;p=187883"},"modified":"2026-03-24T16:47:03","modified_gmt":"2026-03-24T15:47:03","slug":"ct-climbing-technology-morfo-bg-brilock-gate-moschettone-con-ghiera-di-chiusura-semi-automatica","status":"publish","type":"product","link":"https:\/\/www.sestogrado.it\/it\/prodotto\/ct-climbing-technology-morfo-bg-brilock-gate-moschettone-con-ghiera-di-chiusura-semi-automatica\/","title":{"rendered":"CT Climbing Technology Morfo BG Brilock Gate moschettone con ghiera di chiusura semi-automatica"},"content":{"rendered":"<p>Il CT Climbing Technology Morfo BG \u00e8 un moschettone ergonomico in lega leggera con innovativo sistema di chiusura Brilock (BG), il sistema innovativo che lo rende antivibrante, praticamente impossibile l\u2019apertura accidentale e involontaria per impatti o movimenti della corda. Leggero e forgiato a caldo, \u00e8 ideale per la costruzione di soste, per il collegamento alle stesse e per connessioni critiche (es. longe di assicurazione, nodi autobloccanti, punti di ancoraggio lontani dalla vista etc.).<\/p>\n<p>Rivoluzionaria ghiera di chiusura semi-automatica per connettori. Unisce la semplicit\u00e0 d\u2019uso di una ghiera a vite alla sicurezza supplementare di un bloccaggio automatico.<\/p>\n<p>Modalit\u00e0 di apertura a tre movimenti:<\/p>\n<ul>\n<li>\u25cf spostare la ghiera verso il basso (Fig.1);<\/li>\n<li>\u25cf svitare la ghiera (Fig.2);<\/li>\n<li>\u25cf aprire la leva (Fig.3).<\/li>\n<\/ul>\n<p><img decoding=\"async\" class=\"img-fluid alignnone wp-image-187885 \" src=\"https:\/\/www.sestogrado.it\/wp-content\/uploads\/2025\/04\/MORFO_BG-Opening.jpg\" alt=\"Morfo BG\" width=\"555\" height=\"206\" srcset=\"https:\/\/www.sestogrado.it\/wp-content\/uploads\/2025\/04\/MORFO_BG-Opening.jpg 1323w, https:\/\/www.sestogrado.it\/wp-content\/uploads\/2025\/04\/MORFO_BG-Opening-300x111.jpg 300w, https:\/\/www.sestogrado.it\/wp-content\/uploads\/2025\/04\/MORFO_BG-Opening-1024x380.jpg 1024w, https:\/\/www.sestogrado.it\/wp-content\/uploads\/2025\/04\/MORFO_BG-Opening-768x285.jpg 768w, https:\/\/www.sestogrado.it\/wp-content\/uploads\/2025\/04\/MORFO_BG-Opening-160x59.jpg 160w, https:\/\/www.sestogrado.it\/wp-content\/uploads\/2025\/04\/MORFO_BG-Opening-750x278.jpg 750w, https:\/\/www.sestogrado.it\/wp-content\/uploads\/2025\/04\/MORFO_BG-Opening-162x60.jpg 162w, https:\/\/www.sestogrado.it\/wp-content\/uploads\/2025\/04\/MORFO_BG-Opening-243x90.jpg 243w\" sizes=\"(max-width: 555px) 100vw, 555px\" \/><\/p>\n<p>Modalit\u00e0 di chiusura a movimento singolo:<\/p>\n<ul>\n<li>\u25cf avvitare la ghiera (Fig.1) fino all\u2019attivazione del bloccaggio automatico (Fig.2).<\/li>\n<\/ul>\n<p><img decoding=\"async\" class=\"img-fluid alignnone wp-image-187886 \" src=\"https:\/\/www.sestogrado.it\/wp-content\/uploads\/2025\/04\/MORFO_BG-Closure.jpg\" alt=\"morfo BG\" width=\"518\" height=\"286\" srcset=\"https:\/\/www.sestogrado.it\/wp-content\/uploads\/2025\/04\/MORFO_BG-Closure.jpg 889w, https:\/\/www.sestogrado.it\/wp-content\/uploads\/2025\/04\/MORFO_BG-Closure-300x166.jpg 300w, https:\/\/www.sestogrado.it\/wp-content\/uploads\/2025\/04\/MORFO_BG-Closure-768x424.jpg 768w, https:\/\/www.sestogrado.it\/wp-content\/uploads\/2025\/04\/MORFO_BG-Closure-145x80.jpg 145w, https:\/\/www.sestogrado.it\/wp-content\/uploads\/2025\/04\/MORFO_BG-Closure-750x414.jpg 750w, https:\/\/www.sestogrado.it\/wp-content\/uploads\/2025\/04\/MORFO_BG-Closure-109x60.jpg 109w, https:\/\/www.sestogrado.it\/wp-content\/uploads\/2025\/04\/MORFO_BG-Closure-163x90.jpg 163w\" sizes=\"(max-width: 518px) 100vw, 518px\" \/><\/p>\n<p>Caratteristiche principali:<\/p>\n<ul>\n<li>dotato di sistema di chiusura Brilock (BG) che unisce la semplicit\u00e0 d\u2019uso di una ghiera a vite alla sicurezza supplementare di un bloccaggio automatico;<\/li>\n<li>nella modalit\u00e0 Neutral il connettore \u00e8 chiuso e la ghiera \u00e8 libera di ruotare su s\u00e9 stessa senza che la leva si apra ed evitando cos\u00ec il rischio di apertura accidentale dovuta a vibrazioni, sfregamenti, impatti etc.<\/li>\n<li>nella modalit\u00e0 Open la ghiera rimane aperta per facilitare l\u2019esecuzione di manovre;<\/li>\n<li>forma a D che garantisce la ripartizione ottimale degli alti carichi negli utilizzi monodirezionali (es. soste, collegamento a dispositivi etc.);<\/li>\n<li>forma snag free del becco del moschettone concepita per avere la massima libert\u00e0 di inserimento in ogni tipo di ancoraggio;<\/li>\n<li>forma curva del dorso per un\u2019ottimale impugnatura durante l\u2019uso;<\/li>\n<li>zone di contatto con ancoraggio e corda rinforzate per garantire la massima durata del moschettone anche in caso di utilizzo uso intenso;<\/li>\n<li>sezione variabile per un eccellente rapporto peso\/resistenza;<\/li>\n<li>ampia apertura ed elevati carichi di tenuta;<\/li>\n<li>profili esterno e interno senza discontinuit\u00e0 per evitare incastri;<\/li>\n<li>design dinamico e moderno.<\/li>\n<\/ul>\n<p><iframe src=\"\/\/www.youtube.com\/embed\/UzsuIQpBkUo?t=1s\" width=\"560\" height=\"314\" allowfullscreen=\"allowfullscreen\"><\/iframe><\/p>\n<p>Il MORFO BG BriLock Locking System, si \u00e8 meritato il premio ISPO Award 2024. Le motivazioni che hanno spinto la giuria ad assegnare il riconoscimento al nuovo attrezzo di casa CT sono da ricercare nei vantaggi che il moschettone MORFO BG BriLock Locking System offre all\u2019utilizzatore finale, a partire dalla funzionalit\u00e0 che, grazie ad un innovativo sistema che lo rende antivibrante, \u00e8 praticamente impossibile l\u2019apertura accidentale e involontaria per impatti o movimenti della corda.<\/p>","protected":false},"excerpt":{"rendered":"<p>Il CT Climbing Technology Morfo BG \u00e8 un moschettone ergonomico in lega leggera con innovativo sistema di chiusura Brilock (BG), [&hellip;]<\/p>\n","protected":false},"featured_media":187889,"comment_status":"open","ping_status":"closed","template":"","meta":{"_acf_changed":false},"product_brand":[55],"product_cat":[132],"product_tag":[],"class_list":{"0":"post-187883","1":"product","2":"type-product","3":"status-publish","4":"has-post-thumbnail","6":"product_brand-ct-climbing-technology","7":"product_cat-moschettoni","9":"first","10":"instock","11":"sale","12":"taxable","13":"shipping-taxable","14":"purchasable","15":"product-type-simple"},"acf":[],"yoast_head":"<!-- This site is optimized with the Yoast SEO plugin v26.4 - https:\/\/yoast.com\/wordpress\/plugins\/seo\/ -->\n<title>CT Climbing Technology Morfo BG Brilock Gate moschettone con ghiera di chiusura semi-automatica - Sestogrado<\/title>\n<meta name=\"description\" content=\"Il CT Climbing Technology Morfo BG \u00e8 un moschettone ergonomico in lega leggera con innovativo sistema di chiusura Brilock (BG), il sistema innovativo che lo rende antivibrante, praticamente impossibile l\u2019apertura accidentale e involontaria per impatti o movimenti della corda. Leggero e forgiato a caldo, \u00e8 ideale per la costruzione di soste, per il collegamento alle stesse e per connessioni critiche (es. longe di assicurazione, nodi autobloccanti, punti di ancoraggio lontani dalla vista etc.).\" \/>\n<meta name=\"robots\" content=\"index, follow, max-snippet:-1, max-image-preview:large, max-video-preview:-1\" \/>\n<link rel=\"canonical\" href=\"https:\/\/www.sestogrado.it\/it\/prodotto\/ct-climbing-technology-morfo-bg-brilock-gate-moschettone-con-ghiera-di-chiusura-semi-automatica\/\" \/>\n<meta property=\"og:locale\" content=\"it_IT\" \/>\n<meta property=\"og:type\" content=\"article\" \/>\n<meta property=\"og:title\" content=\"CT Climbing Technology Morfo BG Brilock Gate moschettone con ghiera di chiusura semi-automatica - Sestogrado\" \/>\n<meta property=\"og:description\" content=\"Il CT Climbing Technology Morfo BG \u00e8 un moschettone ergonomico in lega leggera con innovativo sistema di chiusura Brilock (BG), il sistema innovativo che lo rende antivibrante, praticamente impossibile l\u2019apertura accidentale e involontaria per impatti o movimenti della corda. Leggero e forgiato a caldo, \u00e8 ideale per la costruzione di soste, per il collegamento alle stesse e per connessioni critiche (es. longe di assicurazione, nodi autobloccanti, punti di ancoraggio lontani dalla vista etc.).\" \/>\n<meta property=\"og:url\" content=\"https:\/\/www.sestogrado.it\/it\/prodotto\/ct-climbing-technology-morfo-bg-brilock-gate-moschettone-con-ghiera-di-chiusura-semi-automatica\/\" \/>\n<meta property=\"og:site_name\" content=\"Sestogrado\" \/>\n<meta property=\"article:publisher\" content=\"https:\/\/www.facebook.com\/pages\/Sestogrado\/1542635979353017?ref=bookmarks\" \/>\n<meta property=\"article:modified_time\" content=\"2026-03-24T15:47:03+00:00\" \/>\n<meta property=\"og:image\" content=\"https:\/\/www.sestogrado.it\/wp-content\/uploads\/2025\/04\/01-1.jpg\" \/>\n\t<meta property=\"og:image:width\" content=\"1024\" \/>\n\t<meta property=\"og:image:height\" content=\"1024\" \/>\n\t<meta property=\"og:image:type\" content=\"image\/jpeg\" \/>\n<meta name=\"twitter:label1\" content=\"Prezzo\" \/>\n\t<meta name=\"twitter:data1\" content=\"&euro;&nbsp;17,90\" \/>\n\t<meta name=\"twitter:label2\" content=\"Disponibilit\u00e0\" \/>\n\t<meta name=\"twitter:data2\" content=\"In stock\" \/>\n<script type=\"application\/ld+json\" class=\"yoast-schema-graph\">{\"@context\":\"https:\/\/schema.org\",\"@graph\":[{\"@type\":\"WebPage\",\"@id\":\"https:\/\/www.sestogrado.it\/it\/prodotto\/ct-climbing-technology-morfo-bg-brilock-gate-moschettone-con-ghiera-di-chiusura-semi-automatica\/\",\"url\":\"https:\/\/www.sestogrado.it\/it\/prodotto\/ct-climbing-technology-morfo-bg-brilock-gate-moschettone-con-ghiera-di-chiusura-semi-automatica\/\",\"name\":\"CT Climbing Technology Morfo BG Brilock Gate moschettone con ghiera di chiusura semi-automatica - Sestogrado\",\"isPartOf\":{\"@id\":\"https:\/\/www.sestogrado.it\/it\/#website\"},\"primaryImageOfPage\":{\"@id\":\"https:\/\/www.sestogrado.it\/it\/prodotto\/ct-climbing-technology-morfo-bg-brilock-gate-moschettone-con-ghiera-di-chiusura-semi-automatica\/#primaryimage\"},\"image\":{\"@id\":\"https:\/\/www.sestogrado.it\/prodotto\/ct-climbing-technology-morfo-bg-brilock-gate-moschettone-con-ghiera-di-chiusura-semi-automatica\/#primaryimage\"},\"thumbnailUrl\":\"https:\/\/www.sestogrado.it\/wp-content\/uploads\/2025\/04\/01-1.jpg\",\"datePublished\":\"2025-04-04T12:25:44+00:00\",\"dateModified\":\"2026-03-24T15:47:03+00:00\",\"description\":\"Il CT Climbing Technology Morfo BG \u00e8 un moschettone ergonomico in lega leggera con innovativo sistema di chiusura Brilock (BG), il sistema innovativo che lo rende antivibrante, praticamente impossibile l\u2019apertura accidentale e involontaria per impatti o movimenti della corda. Leggero e forgiato a caldo, \u00e8 ideale per la costruzione di soste, per il collegamento alle stesse e per connessioni critiche (es. longe di assicurazione, nodi autobloccanti, punti di ancoraggio lontani dalla vista etc.).\",\"breadcrumb\":{\"@id\":\"https:\/\/www.sestogrado.it\/it\/prodotto\/ct-climbing-technology-morfo-bg-brilock-gate-moschettone-con-ghiera-di-chiusura-semi-automatica\/#breadcrumb\"},\"inLanguage\":\"it-IT\",\"potentialAction\":[{\"@type\":\"ReadAction\",\"target\":[[\"https:\/\/www.sestogrado.it\/it\/prodotto\/ct-climbing-technology-morfo-bg-brilock-gate-moschettone-con-ghiera-di-chiusura-semi-automatica\/\"]]}]},{\"@type\":\"ImageObject\",\"inLanguage\":\"it-IT\",\"@id\":\"https:\/\/www.sestogrado.it\/it\/prodotto\/ct-climbing-technology-morfo-bg-brilock-gate-moschettone-con-ghiera-di-chiusura-semi-automatica\/#primaryimage\",\"url\":\"https:\/\/www.sestogrado.it\/wp-content\/uploads\/2025\/04\/01-1.jpg\",\"contentUrl\":\"https:\/\/www.sestogrado.it\/wp-content\/uploads\/2025\/04\/01-1.jpg\",\"width\":1024,\"height\":1024,\"caption\":\"morfo BG\"},{\"@type\":\"BreadcrumbList\",\"@id\":\"https:\/\/www.sestogrado.it\/it\/prodotto\/ct-climbing-technology-morfo-bg-brilock-gate-moschettone-con-ghiera-di-chiusura-semi-automatica\/#breadcrumb\",\"itemListElement\":[{\"@type\":\"ListItem\",\"position\":1,\"name\":\"Home\",\"item\":\"https:\/\/www.sestogrado.it\/it\/\"},{\"@type\":\"ListItem\",\"position\":2,\"name\":\"Shop\",\"item\":\"https:\/\/www.sestogrado.it\/it\/shop\/\"},{\"@type\":\"ListItem\",\"position\":3,\"name\":\"CT Climbing Technology Morfo BG Brilock Gate moschettone con ghiera di chiusura semi-automatica\"}]},{\"@type\":\"WebSite\",\"@id\":\"https:\/\/www.sestogrado.it\/it\/#website\",\"url\":\"https:\/\/www.sestogrado.it\/it\/\",\"name\":\"Sestogrado\",\"description\":\"yes we climb\",\"publisher\":{\"@id\":\"https:\/\/www.sestogrado.it\/it\/#organization\"},\"potentialAction\":[{\"@type\":\"SearchAction\",\"target\":{\"@type\":\"EntryPoint\",\"urlTemplate\":\"https:\/\/www.sestogrado.it\/it\/?s={search_term_string}\"},\"query-input\":{\"@type\":\"PropertyValueSpecification\",\"valueRequired\":true,\"valueName\":\"search_term_string\"}}],\"inLanguage\":\"it-IT\"},{\"@type\":\"Organization\",\"@id\":\"https:\/\/www.sestogrado.it\/it\/#organization\",\"name\":\"Sestogrado\",\"url\":\"https:\/\/www.sestogrado.it\/it\/\",\"logo\":{\"@type\":\"ImageObject\",\"inLanguage\":\"it-IT\",\"@id\":\"https:\/\/www.sestogrado.it\/it\/#\/schema\/logo\/image\/\",\"url\":\"https:\/\/www.sestogrado.it\/wp-content\/uploads\/2015\/03\/sestogrado-favicon.png\",\"contentUrl\":\"https:\/\/www.sestogrado.it\/wp-content\/uploads\/2015\/03\/sestogrado-favicon.png\",\"width\":260,\"height\":260,\"caption\":\"Sestogrado\"},\"image\":{\"@id\":\"https:\/\/www.sestogrado.it\/it\/#\/schema\/logo\/image\/\"},\"sameAs\":[\"https:\/\/www.facebook.com\/pages\/Sestogrado\/1542635979353017?ref=bookmarks\",\"https:\/\/www.youtube.com\/channel\/UC847kAfTkaJsWpc1jtQwr3Q\"],\"hasMerchantReturnPolicy\":{\"@type\":\"MerchantReturnPolicy\",\"merchantReturnLink\":\"https:\/\/www.sestogrado.it\/it\/termini-e-condizioni\/\"}}]}<\/script>\n<meta property=\"product:brand\" content=\"CT Climbing Technlogy\" \/>\n<meta property=\"product:price:amount\" content=\"17.90\" \/>\n<meta property=\"product:price:currency\" content=\"EUR\" \/>\n<meta property=\"og:availability\" content=\"instock\" \/>\n<meta property=\"product:availability\" content=\"instock\" \/>\n<meta property=\"product:condition\" content=\"new\" \/>\n<!-- \/ Yoast SEO plugin. -->","yoast_head_json":{"title":"CT Climbing Technology Morfo BG Brilock Gate moschettone con ghiera di chiusura semi-automatica - Sestogrado","description":"Il CT Climbing Technology Morfo BG \u00e8 un moschettone ergonomico in lega leggera con innovativo sistema di chiusura Brilock (BG), il sistema innovativo che lo rende antivibrante, praticamente impossibile l\u2019apertura accidentale e involontaria per impatti o movimenti della corda. Leggero e forgiato a caldo, \u00e8 ideale per la costruzione di soste, per il collegamento alle stesse e per connessioni critiche (es. longe di assicurazione, nodi autobloccanti, punti di ancoraggio lontani dalla vista etc.).","robots":{"index":"index","follow":"follow","max-snippet":"max-snippet:-1","max-image-preview":"max-image-preview:large","max-video-preview":"max-video-preview:-1"},"canonical":"https:\/\/www.sestogrado.it\/it\/prodotto\/ct-climbing-technology-morfo-bg-brilock-gate-moschettone-con-ghiera-di-chiusura-semi-automatica\/","og_locale":"it_IT","og_type":"article","og_title":"CT Climbing Technology Morfo BG Brilock Gate moschettone con ghiera di chiusura semi-automatica - Sestogrado","og_description":"Il CT Climbing Technology Morfo BG \u00e8 un moschettone ergonomico in lega leggera con innovativo sistema di chiusura Brilock (BG), il sistema innovativo che lo rende antivibrante, praticamente impossibile l\u2019apertura accidentale e involontaria per impatti o movimenti della corda. Leggero e forgiato a caldo, \u00e8 ideale per la costruzione di soste, per il collegamento alle stesse e per connessioni critiche (es. longe di assicurazione, nodi autobloccanti, punti di ancoraggio lontani dalla vista etc.).","og_url":"https:\/\/www.sestogrado.it\/it\/prodotto\/ct-climbing-technology-morfo-bg-brilock-gate-moschettone-con-ghiera-di-chiusura-semi-automatica\/","og_site_name":"Sestogrado","article_publisher":"https:\/\/www.facebook.com\/pages\/Sestogrado\/1542635979353017?ref=bookmarks","article_modified_time":"2026-03-24T15:47:03+00:00","og_image":[{"width":1024,"height":1024,"url":"https:\/\/www.sestogrado.it\/wp-content\/uploads\/2025\/04\/01-1.jpg","type":"image\/jpeg"}],"twitter_misc":{"Prezzo":"&euro;&nbsp;17,90","Disponibilit\u00e0":"In stock"},"schema":{"@context":"https:\/\/schema.org","@graph":[{"@type":"WebPage","@id":"https:\/\/www.sestogrado.it\/it\/prodotto\/ct-climbing-technology-morfo-bg-brilock-gate-moschettone-con-ghiera-di-chiusura-semi-automatica\/","url":"https:\/\/www.sestogrado.it\/it\/prodotto\/ct-climbing-technology-morfo-bg-brilock-gate-moschettone-con-ghiera-di-chiusura-semi-automatica\/","name":"CT Climbing Technology Morfo BG Brilock Gate moschettone con ghiera di chiusura semi-automatica - Sestogrado","isPartOf":{"@id":"https:\/\/www.sestogrado.it\/it\/#website"},"primaryImageOfPage":{"@id":"https:\/\/www.sestogrado.it\/it\/prodotto\/ct-climbing-technology-morfo-bg-brilock-gate-moschettone-con-ghiera-di-chiusura-semi-automatica\/#primaryimage"},"image":{"@id":"https:\/\/www.sestogrado.it\/prodotto\/ct-climbing-technology-morfo-bg-brilock-gate-moschettone-con-ghiera-di-chiusura-semi-automatica\/#primaryimage"},"thumbnailUrl":"https:\/\/www.sestogrado.it\/wp-content\/uploads\/2025\/04\/01-1.jpg","datePublished":"2025-04-04T12:25:44+00:00","dateModified":"2026-03-24T15:47:03+00:00","description":"Il CT Climbing Technology Morfo BG \u00e8 un moschettone ergonomico in lega leggera con innovativo sistema di chiusura Brilock (BG), il sistema innovativo che lo rende antivibrante, praticamente impossibile l\u2019apertura accidentale e involontaria per impatti o movimenti della corda. Leggero e forgiato a caldo, \u00e8 ideale per la costruzione di soste, per il collegamento alle stesse e per connessioni critiche (es. longe di assicurazione, nodi autobloccanti, punti di ancoraggio lontani dalla vista etc.).","breadcrumb":{"@id":"https:\/\/www.sestogrado.it\/it\/prodotto\/ct-climbing-technology-morfo-bg-brilock-gate-moschettone-con-ghiera-di-chiusura-semi-automatica\/#breadcrumb"},"inLanguage":"it-IT","potentialAction":[{"@type":"ReadAction","target":[["https:\/\/www.sestogrado.it\/it\/prodotto\/ct-climbing-technology-morfo-bg-brilock-gate-moschettone-con-ghiera-di-chiusura-semi-automatica\/"]]}]},{"@type":"ImageObject","inLanguage":"it-IT","@id":"https:\/\/www.sestogrado.it\/it\/prodotto\/ct-climbing-technology-morfo-bg-brilock-gate-moschettone-con-ghiera-di-chiusura-semi-automatica\/#primaryimage","url":"https:\/\/www.sestogrado.it\/wp-content\/uploads\/2025\/04\/01-1.jpg","contentUrl":"https:\/\/www.sestogrado.it\/wp-content\/uploads\/2025\/04\/01-1.jpg","width":1024,"height":1024,"caption":"morfo BG"},{"@type":"BreadcrumbList","@id":"https:\/\/www.sestogrado.it\/it\/prodotto\/ct-climbing-technology-morfo-bg-brilock-gate-moschettone-con-ghiera-di-chiusura-semi-automatica\/#breadcrumb","itemListElement":[{"@type":"ListItem","position":1,"name":"Home","item":"https:\/\/www.sestogrado.it\/it\/"},{"@type":"ListItem","position":2,"name":"Shop","item":"https:\/\/www.sestogrado.it\/it\/shop\/"},{"@type":"ListItem","position":3,"name":"CT Climbing Technology Morfo BG Brilock Gate moschettone con ghiera di chiusura semi-automatica"}]},{"@type":"WebSite","@id":"https:\/\/www.sestogrado.it\/it\/#website","url":"https:\/\/www.sestogrado.it\/it\/","name":"Sestogrado","description":"yes we climb","publisher":{"@id":"https:\/\/www.sestogrado.it\/it\/#organization"},"potentialAction":[{"@type":"SearchAction","target":{"@type":"EntryPoint","urlTemplate":"https:\/\/www.sestogrado.it\/it\/?s={search_term_string}"},"query-input":{"@type":"PropertyValueSpecification","valueRequired":true,"valueName":"search_term_string"}}],"inLanguage":"it-IT"},{"@type":"Organization","@id":"https:\/\/www.sestogrado.it\/it\/#organization","name":"Sestogrado","url":"https:\/\/www.sestogrado.it\/it\/","logo":{"@type":"ImageObject","inLanguage":"it-IT","@id":"https:\/\/www.sestogrado.it\/it\/#\/schema\/logo\/image\/","url":"https:\/\/www.sestogrado.it\/wp-content\/uploads\/2015\/03\/sestogrado-favicon.png","contentUrl":"https:\/\/www.sestogrado.it\/wp-content\/uploads\/2015\/03\/sestogrado-favicon.png","width":260,"height":260,"caption":"Sestogrado"},"image":{"@id":"https:\/\/www.sestogrado.it\/it\/#\/schema\/logo\/image\/"},"sameAs":["https:\/\/www.facebook.com\/pages\/Sestogrado\/1542635979353017?ref=bookmarks","https:\/\/www.youtube.com\/channel\/UC847kAfTkaJsWpc1jtQwr3Q"],"hasMerchantReturnPolicy":{"@type":"MerchantReturnPolicy","merchantReturnLink":"https:\/\/www.sestogrado.it\/it\/termini-e-condizioni\/"}}]},"product_brand":"CT Climbing Technlogy","product_price_amount":"17.90","product_price_currency":"EUR","og_availability":"instock","product_availability":"instock","product_condition":"new"},"_links":{"self":[{"href":"https:\/\/www.sestogrado.it\/it\/wp-json\/wp\/v2\/product\/187883","targetHints":{"allow":["GET"]}}],"collection":[{"href":"https:\/\/www.sestogrado.it\/it\/wp-json\/wp\/v2\/product"}],"about":[{"href":"https:\/\/www.sestogrado.it\/it\/wp-json\/wp\/v2\/types\/product"}],"replies":[{"embeddable":true,"href":"https:\/\/www.sestogrado.it\/it\/wp-json\/wp\/v2\/comments?post=187883"}],"wp:featuredmedia":[{"embeddable":true,"href":"https:\/\/www.sestogrado.it\/it\/wp-json\/wp\/v2\/media\/187889"}],"wp:attachment":[{"href":"https:\/\/www.sestogrado.it\/it\/wp-json\/wp\/v2\/media?parent=187883"}],"wp:term":[{"taxonomy":"product_brand","embeddable":true,"href":"https:\/\/www.sestogrado.it\/it\/wp-json\/wp\/v2\/product_brand?post=187883"},{"taxonomy":"product_cat","embeddable":true,"href":"https:\/\/www.sestogrado.it\/it\/wp-json\/wp\/v2\/product_cat?post=187883"},{"taxonomy":"product_tag","embeddable":true,"href":"https:\/\/www.sestogrado.it\/it\/wp-json\/wp\/v2\/product_tag?post=187883"}],"curies":[{"name":"wp","href":"https:\/\/api.w.org\/{rel}","templated":true}]}}