{"id":186150,"date":"2025-03-19T10:27:35","date_gmt":"2025-03-19T09:27:35","guid":{"rendered":"https:\/\/www.sestogrado.it\/?post_type=product&#038;p=186150"},"modified":"2026-03-18T17:53:41","modified_gmt":"2026-03-18T16:53:41","slug":"ct-climbing-technology-cric-bloccante-multifunzione","status":"publish","type":"product","link":"https:\/\/www.sestogrado.it\/it\/prodotto\/ct-climbing-technology-cric-bloccante-multifunzione\/","title":{"rendered":"CT Climbing Technology Cric bloccante multifunzione"},"content":{"rendered":"<p>Il CT Climbing Technology Cric \u00e8 un bloccante multifunzione con carrucola per alpinismo, soccorso e lavoro su fune. Robusto, funzionale e intuitivo \u00e8 utilizzabile in quattro diverse modalit\u00e0: risalitore, carrucola, bloccante\/carrucola o carrucola da recupero.<\/p>\n<p>Caratteristiche principali:<\/p>\n<ul>\n<li>la sua polivalenza, compattezza e semplicit\u00e0 di utilizzo permettono la riduzione ai minimi termini delle tempistiche, del materiale e dello spazio utilizzati durante le manovre;<\/li>\n<li>permette la risalita di una corda in conformit\u00e0 alle norme EN 567 \/ EN 12841-B (modalit\u00e0 risalitore);<\/li>\n<li>pu\u00f2 essere utilizzato come carrucola semplice per il sollevamento o il trasferimento di un carico in conformit\u00e0 alla norma EN 12278 (modalit\u00e0 carrucola);<\/li>\n<li>la puleggia integrata con cuscinetti a sfera pu\u00f2 essere utilizzata come rimando diretto per la risalita agevolata di una corda o per il sollevamento di una persona senza l\u2019ausilio di connettori aggiuntivi (modalit\u00e0 bloccante\/carrucola);<\/li>\n<li>permette il recupero diretto di un carico, la creazione di paranchi e il sollevamento o l\u2019auto-sollevamento di una persona, ad esempio nel caso di caduta in un crepaccio (modalit\u00e0 carrucola da recupero);<\/li>\n<li>in modalit\u00e0 carrucola la corda \u00e8 libera di scorrere in entrambe le direzioni, mentre in modalit\u00e0 carrucola da recupero \u00e8 libera di scorrere in una direzione e si blocca in quella opposta;<\/li>\n<li>in modalit\u00e0 carrucola da recupero \u00e8 possibile calare il carico recuperato agendo sull\u2019apposito cordino collegato alla camma del dispositivo;<\/li>\n<li>l\u2019apertura ergonomica tramite un intuitivo pulsante ne consente una rapida installazione sulla corda nella modalit\u00e0 desiderata anche utilizzando i guanti o in condizioni avverse;<\/li>\n<li>dotato di camma in acciaio provvista di dentatura che preserva l\u2019usura della corda ma \u00e8 ugualmente efficace nel bloccaggio sulla stessa. La camma presenta inoltre due cave per ridurre l\u2019accumulo di fango e mantenere efficace il bloccaggio sulla corda in qualsiasi condizione (corda infangata, gelata etc).<\/li>\n<\/ul>\n<p><strong>Attenzione!<\/strong>\u00a0Questo prodotto non \u00e8 un dispositivo anticaduta (EN 353-2 \/ EN 12841-A) n\u00e9 pu\u00f2 essere utilizzato per l\u2019autoassicurazione in arrampicata.<\/p>","protected":false},"excerpt":{"rendered":"<p>Il CT Climbing Technology Cric \u00e8 un bloccante multifunzione con carrucola per alpinismo, soccorso e lavoro su fune. Robusto, funzionale [&hellip;]<\/p>\n","protected":false},"featured_media":186152,"comment_status":"open","ping_status":"closed","template":"","meta":{"_acf_changed":false},"product_brand":[55],"product_cat":[512],"product_tag":[],"class_list":{"0":"post-186150","1":"product","2":"type-product","3":"status-publish","4":"has-post-thumbnail","6":"product_brand-ct-climbing-technology","7":"product_cat-discensori-e-bloccanti","9":"first","10":"instock","11":"sale","12":"taxable","13":"shipping-taxable","14":"purchasable","15":"product-type-simple"},"acf":[],"yoast_head":"<!-- This site is optimized with the Yoast SEO plugin v26.4 - https:\/\/yoast.com\/wordpress\/plugins\/seo\/ -->\n<title>CT Climbing Technology Cric bloccante multifunzione  - Sestogrado<\/title>\n<meta name=\"description\" content=\"Il CT Climbing Technology Cric \u00e8 un bloccante multifunzione con carrucola per alpinismo, soccorso e lavoro su fune. Robusto, funzionale e intuitivo \u00e8 utilizzabile in quattro diverse modalit\u00e0: risalitore, carrucola, bloccante\/carrucola o carrucola da recupero.\" \/>\n<meta name=\"robots\" content=\"index, follow, max-snippet:-1, max-image-preview:large, max-video-preview:-1\" \/>\n<link rel=\"canonical\" href=\"https:\/\/www.sestogrado.it\/it\/prodotto\/ct-climbing-technology-cric-bloccante-multifunzione\/\" \/>\n<meta property=\"og:locale\" content=\"it_IT\" \/>\n<meta property=\"og:type\" content=\"article\" \/>\n<meta property=\"og:title\" content=\"CT Climbing Technology Cric bloccante multifunzione  - Sestogrado\" \/>\n<meta property=\"og:description\" content=\"Il CT Climbing Technology Cric \u00e8 un bloccante multifunzione con carrucola per alpinismo, soccorso e lavoro su fune. Robusto, funzionale e intuitivo \u00e8 utilizzabile in quattro diverse modalit\u00e0: risalitore, carrucola, bloccante\/carrucola o carrucola da recupero.\" \/>\n<meta property=\"og:url\" content=\"https:\/\/www.sestogrado.it\/it\/prodotto\/ct-climbing-technology-cric-bloccante-multifunzione\/\" \/>\n<meta property=\"og:site_name\" content=\"Sestogrado\" \/>\n<meta property=\"article:publisher\" content=\"https:\/\/www.facebook.com\/pages\/Sestogrado\/1542635979353017?ref=bookmarks\" \/>\n<meta property=\"article:modified_time\" content=\"2026-03-18T16:53:41+00:00\" \/>\n<meta property=\"og:image\" content=\"https:\/\/www.sestogrado.it\/wp-content\/uploads\/2025\/03\/01-14.jpg\" \/>\n\t<meta property=\"og:image:width\" content=\"1200\" \/>\n\t<meta property=\"og:image:height\" content=\"1200\" \/>\n\t<meta property=\"og:image:type\" content=\"image\/jpeg\" \/>\n<meta name=\"twitter:label1\" content=\"Prezzo\" \/>\n\t<meta name=\"twitter:data1\" content=\"&euro;&nbsp;84,90\" \/>\n\t<meta name=\"twitter:label2\" content=\"Disponibilit\u00e0\" \/>\n\t<meta name=\"twitter:data2\" content=\"In stock\" \/>\n<script type=\"application\/ld+json\" class=\"yoast-schema-graph\">{\"@context\":\"https:\/\/schema.org\",\"@graph\":[{\"@type\":\"WebPage\",\"@id\":\"https:\/\/www.sestogrado.it\/it\/prodotto\/ct-climbing-technology-cric-bloccante-multifunzione\/\",\"url\":\"https:\/\/www.sestogrado.it\/it\/prodotto\/ct-climbing-technology-cric-bloccante-multifunzione\/\",\"name\":\"CT Climbing Technology Cric bloccante multifunzione  - Sestogrado\",\"isPartOf\":{\"@id\":\"https:\/\/www.sestogrado.it\/it\/#website\"},\"primaryImageOfPage\":{\"@id\":\"https:\/\/www.sestogrado.it\/it\/prodotto\/ct-climbing-technology-cric-bloccante-multifunzione\/#primaryimage\"},\"image\":{\"@id\":\"https:\/\/www.sestogrado.it\/prodotto\/ct-climbing-technology-cric-bloccante-multifunzione\/#primaryimage\"},\"thumbnailUrl\":\"https:\/\/www.sestogrado.it\/wp-content\/uploads\/2025\/03\/01-14.jpg\",\"datePublished\":\"2025-03-19T09:27:35+00:00\",\"dateModified\":\"2026-03-18T16:53:41+00:00\",\"description\":\"Il CT Climbing Technology Cric \u00e8 un bloccante multifunzione con carrucola per alpinismo, soccorso e lavoro su fune. Robusto, funzionale e intuitivo \u00e8 utilizzabile in quattro diverse modalit\u00e0: risalitore, carrucola, bloccante\/carrucola o carrucola da recupero.\",\"breadcrumb\":{\"@id\":\"https:\/\/www.sestogrado.it\/it\/prodotto\/ct-climbing-technology-cric-bloccante-multifunzione\/#breadcrumb\"},\"inLanguage\":\"it-IT\",\"potentialAction\":[{\"@type\":\"ReadAction\",\"target\":[[\"https:\/\/www.sestogrado.it\/it\/prodotto\/ct-climbing-technology-cric-bloccante-multifunzione\/\"]]}]},{\"@type\":\"ImageObject\",\"inLanguage\":\"it-IT\",\"@id\":\"https:\/\/www.sestogrado.it\/it\/prodotto\/ct-climbing-technology-cric-bloccante-multifunzione\/#primaryimage\",\"url\":\"https:\/\/www.sestogrado.it\/wp-content\/uploads\/2025\/03\/01-14.jpg\",\"contentUrl\":\"https:\/\/www.sestogrado.it\/wp-content\/uploads\/2025\/03\/01-14.jpg\",\"width\":1200,\"height\":1200,\"caption\":\"cric\"},{\"@type\":\"BreadcrumbList\",\"@id\":\"https:\/\/www.sestogrado.it\/it\/prodotto\/ct-climbing-technology-cric-bloccante-multifunzione\/#breadcrumb\",\"itemListElement\":[{\"@type\":\"ListItem\",\"position\":1,\"name\":\"Home\",\"item\":\"https:\/\/www.sestogrado.it\/it\/\"},{\"@type\":\"ListItem\",\"position\":2,\"name\":\"Shop\",\"item\":\"https:\/\/www.sestogrado.it\/it\/shop\/\"},{\"@type\":\"ListItem\",\"position\":3,\"name\":\"CT Climbing Technology Cric bloccante multifunzione\"}]},{\"@type\":\"WebSite\",\"@id\":\"https:\/\/www.sestogrado.it\/it\/#website\",\"url\":\"https:\/\/www.sestogrado.it\/it\/\",\"name\":\"Sestogrado\",\"description\":\"yes we climb\",\"publisher\":{\"@id\":\"https:\/\/www.sestogrado.it\/it\/#organization\"},\"potentialAction\":[{\"@type\":\"SearchAction\",\"target\":{\"@type\":\"EntryPoint\",\"urlTemplate\":\"https:\/\/www.sestogrado.it\/it\/?s={search_term_string}\"},\"query-input\":{\"@type\":\"PropertyValueSpecification\",\"valueRequired\":true,\"valueName\":\"search_term_string\"}}],\"inLanguage\":\"it-IT\"},{\"@type\":\"Organization\",\"@id\":\"https:\/\/www.sestogrado.it\/it\/#organization\",\"name\":\"Sestogrado\",\"url\":\"https:\/\/www.sestogrado.it\/it\/\",\"logo\":{\"@type\":\"ImageObject\",\"inLanguage\":\"it-IT\",\"@id\":\"https:\/\/www.sestogrado.it\/it\/#\/schema\/logo\/image\/\",\"url\":\"https:\/\/www.sestogrado.it\/wp-content\/uploads\/2015\/03\/sestogrado-favicon.png\",\"contentUrl\":\"https:\/\/www.sestogrado.it\/wp-content\/uploads\/2015\/03\/sestogrado-favicon.png\",\"width\":260,\"height\":260,\"caption\":\"Sestogrado\"},\"image\":{\"@id\":\"https:\/\/www.sestogrado.it\/it\/#\/schema\/logo\/image\/\"},\"sameAs\":[\"https:\/\/www.facebook.com\/pages\/Sestogrado\/1542635979353017?ref=bookmarks\",\"https:\/\/www.youtube.com\/channel\/UC847kAfTkaJsWpc1jtQwr3Q\"],\"hasMerchantReturnPolicy\":{\"@type\":\"MerchantReturnPolicy\",\"merchantReturnLink\":\"https:\/\/www.sestogrado.it\/it\/termini-e-condizioni\/\"}}]}<\/script>\n<meta property=\"product:brand\" content=\"CT Climbing Technlogy\" \/>\n<meta property=\"product:price:amount\" content=\"84.90\" \/>\n<meta property=\"product:price:currency\" content=\"EUR\" \/>\n<meta property=\"og:availability\" content=\"instock\" \/>\n<meta property=\"product:availability\" content=\"instock\" \/>\n<meta property=\"product:condition\" content=\"new\" \/>\n<!-- \/ Yoast SEO plugin. -->","yoast_head_json":{"title":"CT Climbing Technology Cric bloccante multifunzione  - Sestogrado","description":"Il CT Climbing Technology Cric \u00e8 un bloccante multifunzione con carrucola per alpinismo, soccorso e lavoro su fune. Robusto, funzionale e intuitivo \u00e8 utilizzabile in quattro diverse modalit\u00e0: risalitore, carrucola, bloccante\/carrucola o carrucola da recupero.","robots":{"index":"index","follow":"follow","max-snippet":"max-snippet:-1","max-image-preview":"max-image-preview:large","max-video-preview":"max-video-preview:-1"},"canonical":"https:\/\/www.sestogrado.it\/it\/prodotto\/ct-climbing-technology-cric-bloccante-multifunzione\/","og_locale":"it_IT","og_type":"article","og_title":"CT Climbing Technology Cric bloccante multifunzione  - Sestogrado","og_description":"Il CT Climbing Technology Cric \u00e8 un bloccante multifunzione con carrucola per alpinismo, soccorso e lavoro su fune. Robusto, funzionale e intuitivo \u00e8 utilizzabile in quattro diverse modalit\u00e0: risalitore, carrucola, bloccante\/carrucola o carrucola da recupero.","og_url":"https:\/\/www.sestogrado.it\/it\/prodotto\/ct-climbing-technology-cric-bloccante-multifunzione\/","og_site_name":"Sestogrado","article_publisher":"https:\/\/www.facebook.com\/pages\/Sestogrado\/1542635979353017?ref=bookmarks","article_modified_time":"2026-03-18T16:53:41+00:00","og_image":[{"width":1200,"height":1200,"url":"https:\/\/www.sestogrado.it\/wp-content\/uploads\/2025\/03\/01-14.jpg","type":"image\/jpeg"}],"twitter_misc":{"Prezzo":"&euro;&nbsp;84,90","Disponibilit\u00e0":"In stock"},"schema":{"@context":"https:\/\/schema.org","@graph":[{"@type":"WebPage","@id":"https:\/\/www.sestogrado.it\/it\/prodotto\/ct-climbing-technology-cric-bloccante-multifunzione\/","url":"https:\/\/www.sestogrado.it\/it\/prodotto\/ct-climbing-technology-cric-bloccante-multifunzione\/","name":"CT Climbing Technology Cric bloccante multifunzione  - Sestogrado","isPartOf":{"@id":"https:\/\/www.sestogrado.it\/it\/#website"},"primaryImageOfPage":{"@id":"https:\/\/www.sestogrado.it\/it\/prodotto\/ct-climbing-technology-cric-bloccante-multifunzione\/#primaryimage"},"image":{"@id":"https:\/\/www.sestogrado.it\/prodotto\/ct-climbing-technology-cric-bloccante-multifunzione\/#primaryimage"},"thumbnailUrl":"https:\/\/www.sestogrado.it\/wp-content\/uploads\/2025\/03\/01-14.jpg","datePublished":"2025-03-19T09:27:35+00:00","dateModified":"2026-03-18T16:53:41+00:00","description":"Il CT Climbing Technology Cric \u00e8 un bloccante multifunzione con carrucola per alpinismo, soccorso e lavoro su fune. Robusto, funzionale e intuitivo \u00e8 utilizzabile in quattro diverse modalit\u00e0: risalitore, carrucola, bloccante\/carrucola o carrucola da recupero.","breadcrumb":{"@id":"https:\/\/www.sestogrado.it\/it\/prodotto\/ct-climbing-technology-cric-bloccante-multifunzione\/#breadcrumb"},"inLanguage":"it-IT","potentialAction":[{"@type":"ReadAction","target":[["https:\/\/www.sestogrado.it\/it\/prodotto\/ct-climbing-technology-cric-bloccante-multifunzione\/"]]}]},{"@type":"ImageObject","inLanguage":"it-IT","@id":"https:\/\/www.sestogrado.it\/it\/prodotto\/ct-climbing-technology-cric-bloccante-multifunzione\/#primaryimage","url":"https:\/\/www.sestogrado.it\/wp-content\/uploads\/2025\/03\/01-14.jpg","contentUrl":"https:\/\/www.sestogrado.it\/wp-content\/uploads\/2025\/03\/01-14.jpg","width":1200,"height":1200,"caption":"cric"},{"@type":"BreadcrumbList","@id":"https:\/\/www.sestogrado.it\/it\/prodotto\/ct-climbing-technology-cric-bloccante-multifunzione\/#breadcrumb","itemListElement":[{"@type":"ListItem","position":1,"name":"Home","item":"https:\/\/www.sestogrado.it\/it\/"},{"@type":"ListItem","position":2,"name":"Shop","item":"https:\/\/www.sestogrado.it\/it\/shop\/"},{"@type":"ListItem","position":3,"name":"CT Climbing Technology Cric bloccante multifunzione"}]},{"@type":"WebSite","@id":"https:\/\/www.sestogrado.it\/it\/#website","url":"https:\/\/www.sestogrado.it\/it\/","name":"Sestogrado","description":"yes we climb","publisher":{"@id":"https:\/\/www.sestogrado.it\/it\/#organization"},"potentialAction":[{"@type":"SearchAction","target":{"@type":"EntryPoint","urlTemplate":"https:\/\/www.sestogrado.it\/it\/?s={search_term_string}"},"query-input":{"@type":"PropertyValueSpecification","valueRequired":true,"valueName":"search_term_string"}}],"inLanguage":"it-IT"},{"@type":"Organization","@id":"https:\/\/www.sestogrado.it\/it\/#organization","name":"Sestogrado","url":"https:\/\/www.sestogrado.it\/it\/","logo":{"@type":"ImageObject","inLanguage":"it-IT","@id":"https:\/\/www.sestogrado.it\/it\/#\/schema\/logo\/image\/","url":"https:\/\/www.sestogrado.it\/wp-content\/uploads\/2015\/03\/sestogrado-favicon.png","contentUrl":"https:\/\/www.sestogrado.it\/wp-content\/uploads\/2015\/03\/sestogrado-favicon.png","width":260,"height":260,"caption":"Sestogrado"},"image":{"@id":"https:\/\/www.sestogrado.it\/it\/#\/schema\/logo\/image\/"},"sameAs":["https:\/\/www.facebook.com\/pages\/Sestogrado\/1542635979353017?ref=bookmarks","https:\/\/www.youtube.com\/channel\/UC847kAfTkaJsWpc1jtQwr3Q"],"hasMerchantReturnPolicy":{"@type":"MerchantReturnPolicy","merchantReturnLink":"https:\/\/www.sestogrado.it\/it\/termini-e-condizioni\/"}}]},"product_brand":"CT Climbing Technlogy","product_price_amount":"84.90","product_price_currency":"EUR","og_availability":"instock","product_availability":"instock","product_condition":"new"},"_links":{"self":[{"href":"https:\/\/www.sestogrado.it\/it\/wp-json\/wp\/v2\/product\/186150","targetHints":{"allow":["GET"]}}],"collection":[{"href":"https:\/\/www.sestogrado.it\/it\/wp-json\/wp\/v2\/product"}],"about":[{"href":"https:\/\/www.sestogrado.it\/it\/wp-json\/wp\/v2\/types\/product"}],"replies":[{"embeddable":true,"href":"https:\/\/www.sestogrado.it\/it\/wp-json\/wp\/v2\/comments?post=186150"}],"wp:featuredmedia":[{"embeddable":true,"href":"https:\/\/www.sestogrado.it\/it\/wp-json\/wp\/v2\/media\/186152"}],"wp:attachment":[{"href":"https:\/\/www.sestogrado.it\/it\/wp-json\/wp\/v2\/media?parent=186150"}],"wp:term":[{"taxonomy":"product_brand","embeddable":true,"href":"https:\/\/www.sestogrado.it\/it\/wp-json\/wp\/v2\/product_brand?post=186150"},{"taxonomy":"product_cat","embeddable":true,"href":"https:\/\/www.sestogrado.it\/it\/wp-json\/wp\/v2\/product_cat?post=186150"},{"taxonomy":"product_tag","embeddable":true,"href":"https:\/\/www.sestogrado.it\/it\/wp-json\/wp\/v2\/product_tag?post=186150"}],"curies":[{"name":"wp","href":"https:\/\/api.w.org\/{rel}","templated":true}]}}