{"id":18610,"date":"2018-11-28T08:57:33","date_gmt":"2018-11-28T07:57:33","guid":{"rendered":"https:\/\/www.sestogrado.it\/?post_type=product&#038;p=18610"},"modified":"2026-04-12T19:57:53","modified_gmt":"2026-04-12T17:57:53","slug":"totem-totem-cam-friend-set-arrampicata-tutte-le-misure","status":"publish","type":"product","link":"https:\/\/www.sestogrado.it\/it\/prodotto\/totem-totem-cam-friend-set-arrampicata-tutte-le-misure\/","title":{"rendered":"Totem Totem Cam friend set arrampicata singole misure"},"content":{"rendered":"<p>I Totem Cam sono dei friend da arrampicata che hanno introdotto una innovazione nel mercato delle protezioni veloci. Sviluppati e prodotti dalla Totem, un&#8217;azienda situata nei Paesi Baschi spagnoli i Totem Cam offrono\u00a0un\u2019eccezionale capacit\u00e0 di presa e versatilit\u00e0 di utilizzo grazie al suo brevettato sistema \u201cDirect Loading Camming Device:<\/p>\n<ul>\n<li>il friend pu\u00f2 essere piazzato anche solo su due camme, sfruttando fessure dove il friend non entrerebbe completamente con le tre camme<\/li>\n<\/ul>\n<p><img decoding=\"async\" class=\" wp-image-18612 alignnone\" src=\"https:\/\/www.sestogrado.it\/wp-content\/uploads\/2018\/11\/totem.jpg\" alt=\"totem cam\" width=\"605\" height=\"404\" srcset=\"https:\/\/www.sestogrado.it\/wp-content\/uploads\/2018\/11\/totem.jpg 900w, https:\/\/www.sestogrado.it\/wp-content\/uploads\/2018\/11\/totem-750x500.jpg 750w, https:\/\/www.sestogrado.it\/wp-content\/uploads\/2018\/11\/totem-300x200.jpg 300w, https:\/\/www.sestogrado.it\/wp-content\/uploads\/2018\/11\/totem-768x512.jpg 768w, https:\/\/www.sestogrado.it\/wp-content\/uploads\/2018\/11\/totem-635x423.jpg 635w, https:\/\/www.sestogrado.it\/wp-content\/uploads\/2018\/11\/totem-96x64.jpg 96w\" sizes=\"(max-width: 605px) 100vw, 605px\" \/><\/p>\n<p>Questa caratteristica conferisce al Totem Cam un&#8217;ampia gamma di piazzamenti, rendendolo il pi\u00f9 appropriato per i trad climbers pi\u00f9 esigenti.<\/p>\n<p>Il design esclusivo dei Totem Cam permette di creare una protezione all-round, da utilizzare in qualsiasi tipo di arrampicata. Le camme hanno una <strong>forma schiacciata<\/strong> e questo permette di posizionarle con maggiore facilit\u00e0 nelle tasche o nelle fessure meno profonde. Le camme sono collegate alla fettuccia tramite cavetti di acciaio, secondo la metodologia costruttiva tipica dei <a href=\"https:\/\/www.sestogrado.it\/it\/prodotto\/black-diamond-camalot-z4-friend-arrampicata-tutte-le-misure\/\" target=\"_blank\" rel=\"noopener\">Camalot Z4<\/a>, per cui il corpo dei Totem Cam \u00e8 <strong>molto flessibile<\/strong> per prevenire che il friend si muova da dove \u00e8 stato piazzato. La tenuta \u00e8 ottima anche se la protezione \u00e8 posizionata su due sole camme. Totem \u00e8 rinomata per la sua magnifica tenuta su calcare e su tutti i tipi di roccia che non offrono posizionamenti ideali.<\/p>\n<ul>\n<li><strong>Direct Loading Camming Device system (US patent 7,014,156)<\/strong>\u00a0permette di generare una forza perfettamente distribuita\u00a0 su ogni camma, eliminando la possibilit\u00e1 di avere camme non cariche\u00a0 e quindi forze mal distribuite\u00a0 che possano compromettere la stabilit\u00e1 del piazzamento. Quando piazzare correttamente tutte e quattro le camme a contatto con la roccia non \u00e9 possibile, Totem Cam permette comunque di piazzare la protezione con solo due camme sotto carico.<strong>Grande capacit\u00e1 di tenuta<\/strong>. Confrontato con i classici sistemi Spring Loaded Camming Device (sistema usato da molte delle altre marche), Totem Cam \u00e9 simile ad un\u00a0 SLCD con un angolo approssimativo di\u00a0 13 gradi in combinazione con\u00a0 camme in aluminio 7075-T6.<\/li>\n<\/ul>\n<ul>\n<li><strong>Caricabili anche solo su una camma<\/strong>, per l\u00b4utilizzo in fessure poco profonde od irregolari dove una o due camme non sono in grado di prendere contatto con la roccia. Per l\u00b4 utilizzo in questione, collegare il moschettone al punto\u00a0 dove la fettuccia e\u00b4 inserita (Vedi figura). Non utilizzare Totem in questa configurazione per proteggere una caduta. Questo tipo di piazzamento riduce la tenuta e dimezza la forza di rottura. Questo tipo di piazzamenti pu\u00f3 essere utilizzato per supportare il peso del corpo in alcune situazioni di arrampicata artificiale.<\/li>\n<li><strong>Migliori performances in fessure che si allargano verso il basso<\/strong>. In generale questo tipo di piazzamenti dovrebbe essere evitato perch\u00e9 le forze generate sui componenti delle camme e sulla roccia sono estremamente alte conducendo spesso alla fuoriuscita della protezione oppure alla rottura della stessa. Tuttavia, Totem Cam pu\u00f2 essere piazzato in fessure verticali che si allargano verso il basso con un angolo fino a 40 gradi.<\/li>\n<li>Facili da maneggiare anche con i <strong>guanti<\/strong><\/li>\n<\/ul>\n<p>&nbsp;<\/p>\n<p>I Totem Cam possono essere acquistati singolarmente. <strong>Se desideri acquistare il set completo con le 7 misure<\/strong>, puoi <a href=\"https:\/\/www.sestogrado.it\/it\/prodotto\/totem-cam-friend-serie-completa-7-misure\/\" target=\"_blank\" rel=\"noopener\">farlo qui<\/a> ad un prezzo scontato.<\/p>\n<p>Il Totem Cam \u00e9 un prodotto innovativo nel design meccanico delle componenti e nei dettagli. Un passo avanti nel mondo delle protezioni attive.<\/p>\n<p>&nbsp;<\/p>\n<p>La produzione dei Totem Cam \u00e8 interamente realizzata a Hernani (Gipuzkoa) con l&#8217;obiettivo di fornire alla comunit\u00e0 degli arrampicatori materiali di protezione mobili di qualit\u00e0.<\/p>\n<div class=\"embed-responsive embed-responsive-16by9\"><iframe title=\"Totem Cam two and three lobes placements\" width=\"500\" height=\"281\" src=\"https:\/\/www.youtube.com\/embed\/WbMSl2BCxpk?feature=oembed\" frameborder=\"0\" allow=\"accelerometer; autoplay; clipboard-write; encrypted-media; gyroscope; picture-in-picture; web-share\" referrerpolicy=\"strict-origin-when-cross-origin\" allowfullscreen><\/iframe><\/div>\n<div class=\"embed-responsive embed-responsive-16by9\"><iframe title=\"Totem Cams in horizontal placements\" width=\"500\" height=\"281\" src=\"https:\/\/www.youtube.com\/embed\/rsy8TT-nmSY?feature=oembed\" frameborder=\"0\" allow=\"accelerometer; autoplay; clipboard-write; encrypted-media; gyroscope; picture-in-picture; web-share\" referrerpolicy=\"strict-origin-when-cross-origin\" allowfullscreen><\/iframe><\/div>\n","protected":false},"excerpt":{"rendered":"<p>I Totem Cam sono dei friend da arrampicata che hanno introdotto una innovazione nel mercato delle protezioni veloci. Sviluppati e [&hellip;]<\/p>\n","protected":false},"featured_media":18613,"comment_status":"open","ping_status":"closed","template":"","meta":{"_acf_changed":false},"product_brand":[556],"product_cat":[135],"product_tag":[],"class_list":{"0":"post-18610","1":"product","2":"type-product","3":"status-publish","4":"has-post-thumbnail","6":"product_brand-totem","7":"product_cat-friends-e-nuts","9":"first","10":"instock","11":"featured","12":"taxable","13":"shipping-taxable","14":"purchasable","15":"product-type-variable"},"acf":[],"yoast_head":"<!-- This site is optimized with the Yoast SEO plugin v26.4 - https:\/\/yoast.com\/wordpress\/plugins\/seo\/ -->\n<title>Totem Totem Cam friend set arrampicata singole misure - Sestogrado<\/title>\n<meta name=\"description\" content=\"I Totem Cam sono dei friend da arrampicata che hanno introdotto una innovazione nel mercato delle protezioni veloci. Sviluppati e prodotti dalla Totem, un&#039;azienda situata nei Paesi Baschi spagnoli i Totem Cam offrono\u00a0un\u2019eccezionale capacit\u00e0 di presa e versatilit\u00e0 di utilizzo grazie al suo brevettato sistema.\" \/>\n<meta name=\"robots\" content=\"index, follow, max-snippet:-1, max-image-preview:large, max-video-preview:-1\" \/>\n<link rel=\"canonical\" href=\"https:\/\/www.sestogrado.it\/it\/prodotto\/totem-totem-cam-friend-set-arrampicata-tutte-le-misure\/\" \/>\n<meta property=\"og:locale\" content=\"it_IT\" \/>\n<meta property=\"og:type\" content=\"article\" \/>\n<meta property=\"og:title\" content=\"Totem Totem Cam friend set arrampicata singole misure - Sestogrado\" \/>\n<meta property=\"og:description\" content=\"I Totem Cam sono dei friend da arrampicata che hanno introdotto una innovazione nel mercato delle protezioni veloci. Sviluppati e prodotti dalla Totem, un&#039;azienda situata nei Paesi Baschi spagnoli i Totem Cam offrono\u00a0un\u2019eccezionale capacit\u00e0 di presa e versatilit\u00e0 di utilizzo grazie al suo brevettato sistema.\" \/>\n<meta property=\"og:url\" content=\"https:\/\/www.sestogrado.it\/it\/prodotto\/totem-totem-cam-friend-set-arrampicata-tutte-le-misure\/\" \/>\n<meta property=\"og:site_name\" content=\"Sestogrado\" \/>\n<meta property=\"article:publisher\" content=\"https:\/\/www.facebook.com\/pages\/Sestogrado\/1542635979353017?ref=bookmarks\" \/>\n<meta property=\"article:modified_time\" content=\"2026-04-12T17:57:53+00:00\" \/>\n<meta property=\"og:image\" content=\"https:\/\/www.sestogrado.it\/wp-content\/uploads\/2018\/11\/TotemCam080_product.jpg\" \/>\n\t<meta property=\"og:image:width\" content=\"768\" \/>\n\t<meta property=\"og:image:height\" content=\"768\" \/>\n\t<meta property=\"og:image:type\" content=\"image\/jpeg\" \/>\n<meta name=\"twitter:label1\" content=\"Disponibilit\u00e0\" \/>\n\t<meta name=\"twitter:data1\" content=\"In stock\" \/>\n<script type=\"application\/ld+json\" class=\"yoast-schema-graph\">{\"@context\":\"https:\/\/schema.org\",\"@graph\":[{\"@type\":\"WebPage\",\"@id\":\"https:\/\/www.sestogrado.it\/it\/prodotto\/totem-totem-cam-friend-set-arrampicata-tutte-le-misure\/\",\"url\":\"https:\/\/www.sestogrado.it\/it\/prodotto\/totem-totem-cam-friend-set-arrampicata-tutte-le-misure\/\",\"name\":\"Totem Totem Cam friend set arrampicata singole misure - Sestogrado\",\"isPartOf\":{\"@id\":\"https:\/\/www.sestogrado.it\/it\/#website\"},\"primaryImageOfPage\":{\"@id\":\"https:\/\/www.sestogrado.it\/it\/prodotto\/totem-totem-cam-friend-set-arrampicata-tutte-le-misure\/#primaryimage\"},\"image\":{\"@id\":\"https:\/\/www.sestogrado.it\/prodotto\/totem-totem-cam-friend-set-arrampicata-tutte-le-misure\/#primaryimage\"},\"thumbnailUrl\":\"https:\/\/www.sestogrado.it\/wp-content\/uploads\/2018\/11\/TotemCam080_product.jpg\",\"datePublished\":\"2018-11-28T07:57:33+00:00\",\"dateModified\":\"2026-04-12T17:57:53+00:00\",\"description\":\"I Totem Cam sono dei friend da arrampicata che hanno introdotto una innovazione nel mercato delle protezioni veloci. Sviluppati e prodotti dalla Totem, un'azienda situata nei Paesi Baschi spagnoli i Totem Cam offrono\u00a0un\u2019eccezionale capacit\u00e0 di presa e versatilit\u00e0 di utilizzo grazie al suo brevettato sistema.\",\"breadcrumb\":{\"@id\":\"https:\/\/www.sestogrado.it\/it\/prodotto\/totem-totem-cam-friend-set-arrampicata-tutte-le-misure\/#breadcrumb\"},\"inLanguage\":\"it-IT\",\"potentialAction\":[{\"@type\":\"ReadAction\",\"target\":[[\"https:\/\/www.sestogrado.it\/it\/prodotto\/totem-totem-cam-friend-set-arrampicata-tutte-le-misure\/\"]]}]},{\"@type\":\"ImageObject\",\"inLanguage\":\"it-IT\",\"@id\":\"https:\/\/www.sestogrado.it\/it\/prodotto\/totem-totem-cam-friend-set-arrampicata-tutte-le-misure\/#primaryimage\",\"url\":\"https:\/\/www.sestogrado.it\/wp-content\/uploads\/2018\/11\/TotemCam080_product.jpg\",\"contentUrl\":\"https:\/\/www.sestogrado.it\/wp-content\/uploads\/2018\/11\/TotemCam080_product.jpg\",\"width\":768,\"height\":768,\"caption\":\"TotemCam080_product\"},{\"@type\":\"BreadcrumbList\",\"@id\":\"https:\/\/www.sestogrado.it\/it\/prodotto\/totem-totem-cam-friend-set-arrampicata-tutte-le-misure\/#breadcrumb\",\"itemListElement\":[{\"@type\":\"ListItem\",\"position\":1,\"name\":\"Home\",\"item\":\"https:\/\/www.sestogrado.it\/it\/\"},{\"@type\":\"ListItem\",\"position\":2,\"name\":\"Shop\",\"item\":\"https:\/\/www.sestogrado.it\/it\/shop\/\"},{\"@type\":\"ListItem\",\"position\":3,\"name\":\"Totem Totem Cam friend set arrampicata singole misure\"}]},{\"@type\":\"WebSite\",\"@id\":\"https:\/\/www.sestogrado.it\/it\/#website\",\"url\":\"https:\/\/www.sestogrado.it\/it\/\",\"name\":\"Sestogrado\",\"description\":\"yes we climb\",\"publisher\":{\"@id\":\"https:\/\/www.sestogrado.it\/it\/#organization\"},\"potentialAction\":[{\"@type\":\"SearchAction\",\"target\":{\"@type\":\"EntryPoint\",\"urlTemplate\":\"https:\/\/www.sestogrado.it\/it\/?s={search_term_string}\"},\"query-input\":{\"@type\":\"PropertyValueSpecification\",\"valueRequired\":true,\"valueName\":\"search_term_string\"}}],\"inLanguage\":\"it-IT\"},{\"@type\":\"Organization\",\"@id\":\"https:\/\/www.sestogrado.it\/it\/#organization\",\"name\":\"Sestogrado\",\"url\":\"https:\/\/www.sestogrado.it\/it\/\",\"logo\":{\"@type\":\"ImageObject\",\"inLanguage\":\"it-IT\",\"@id\":\"https:\/\/www.sestogrado.it\/it\/#\/schema\/logo\/image\/\",\"url\":\"https:\/\/www.sestogrado.it\/wp-content\/uploads\/2015\/03\/sestogrado-favicon.png\",\"contentUrl\":\"https:\/\/www.sestogrado.it\/wp-content\/uploads\/2015\/03\/sestogrado-favicon.png\",\"width\":260,\"height\":260,\"caption\":\"Sestogrado\"},\"image\":{\"@id\":\"https:\/\/www.sestogrado.it\/it\/#\/schema\/logo\/image\/\"},\"sameAs\":[\"https:\/\/www.facebook.com\/pages\/Sestogrado\/1542635979353017?ref=bookmarks\",\"https:\/\/www.youtube.com\/channel\/UC847kAfTkaJsWpc1jtQwr3Q\"],\"hasMerchantReturnPolicy\":{\"@type\":\"MerchantReturnPolicy\",\"merchantReturnLink\":\"https:\/\/www.sestogrado.it\/it\/termini-e-condizioni\/\"}}]}<\/script>\n<meta property=\"product:brand\" content=\"Totem\" \/>\n<meta property=\"og:availability\" content=\"instock\" \/>\n<meta property=\"product:availability\" content=\"instock\" \/>\n<meta property=\"product:condition\" content=\"new\" \/>\n<!-- \/ Yoast SEO plugin. -->","yoast_head_json":{"title":"Totem Totem Cam friend set arrampicata singole misure - Sestogrado","description":"I Totem Cam sono dei friend da arrampicata che hanno introdotto una innovazione nel mercato delle protezioni veloci. Sviluppati e prodotti dalla Totem, un'azienda situata nei Paesi Baschi spagnoli i Totem Cam offrono\u00a0un\u2019eccezionale capacit\u00e0 di presa e versatilit\u00e0 di utilizzo grazie al suo brevettato sistema.","robots":{"index":"index","follow":"follow","max-snippet":"max-snippet:-1","max-image-preview":"max-image-preview:large","max-video-preview":"max-video-preview:-1"},"canonical":"https:\/\/www.sestogrado.it\/it\/prodotto\/totem-totem-cam-friend-set-arrampicata-tutte-le-misure\/","og_locale":"it_IT","og_type":"article","og_title":"Totem Totem Cam friend set arrampicata singole misure - Sestogrado","og_description":"I Totem Cam sono dei friend da arrampicata che hanno introdotto una innovazione nel mercato delle protezioni veloci. Sviluppati e prodotti dalla Totem, un'azienda situata nei Paesi Baschi spagnoli i Totem Cam offrono\u00a0un\u2019eccezionale capacit\u00e0 di presa e versatilit\u00e0 di utilizzo grazie al suo brevettato sistema.","og_url":"https:\/\/www.sestogrado.it\/it\/prodotto\/totem-totem-cam-friend-set-arrampicata-tutte-le-misure\/","og_site_name":"Sestogrado","article_publisher":"https:\/\/www.facebook.com\/pages\/Sestogrado\/1542635979353017?ref=bookmarks","article_modified_time":"2026-04-12T17:57:53+00:00","og_image":[{"width":768,"height":768,"url":"https:\/\/www.sestogrado.it\/wp-content\/uploads\/2018\/11\/TotemCam080_product.jpg","type":"image\/jpeg"}],"twitter_misc":{"Disponibilit\u00e0":"In stock"},"schema":{"@context":"https:\/\/schema.org","@graph":[{"@type":"WebPage","@id":"https:\/\/www.sestogrado.it\/it\/prodotto\/totem-totem-cam-friend-set-arrampicata-tutte-le-misure\/","url":"https:\/\/www.sestogrado.it\/it\/prodotto\/totem-totem-cam-friend-set-arrampicata-tutte-le-misure\/","name":"Totem Totem Cam friend set arrampicata singole misure - Sestogrado","isPartOf":{"@id":"https:\/\/www.sestogrado.it\/it\/#website"},"primaryImageOfPage":{"@id":"https:\/\/www.sestogrado.it\/it\/prodotto\/totem-totem-cam-friend-set-arrampicata-tutte-le-misure\/#primaryimage"},"image":{"@id":"https:\/\/www.sestogrado.it\/prodotto\/totem-totem-cam-friend-set-arrampicata-tutte-le-misure\/#primaryimage"},"thumbnailUrl":"https:\/\/www.sestogrado.it\/wp-content\/uploads\/2018\/11\/TotemCam080_product.jpg","datePublished":"2018-11-28T07:57:33+00:00","dateModified":"2026-04-12T17:57:53+00:00","description":"I Totem Cam sono dei friend da arrampicata che hanno introdotto una innovazione nel mercato delle protezioni veloci. Sviluppati e prodotti dalla Totem, un'azienda situata nei Paesi Baschi spagnoli i Totem Cam offrono\u00a0un\u2019eccezionale capacit\u00e0 di presa e versatilit\u00e0 di utilizzo grazie al suo brevettato sistema.","breadcrumb":{"@id":"https:\/\/www.sestogrado.it\/it\/prodotto\/totem-totem-cam-friend-set-arrampicata-tutte-le-misure\/#breadcrumb"},"inLanguage":"it-IT","potentialAction":[{"@type":"ReadAction","target":[["https:\/\/www.sestogrado.it\/it\/prodotto\/totem-totem-cam-friend-set-arrampicata-tutte-le-misure\/"]]}]},{"@type":"ImageObject","inLanguage":"it-IT","@id":"https:\/\/www.sestogrado.it\/it\/prodotto\/totem-totem-cam-friend-set-arrampicata-tutte-le-misure\/#primaryimage","url":"https:\/\/www.sestogrado.it\/wp-content\/uploads\/2018\/11\/TotemCam080_product.jpg","contentUrl":"https:\/\/www.sestogrado.it\/wp-content\/uploads\/2018\/11\/TotemCam080_product.jpg","width":768,"height":768,"caption":"TotemCam080_product"},{"@type":"BreadcrumbList","@id":"https:\/\/www.sestogrado.it\/it\/prodotto\/totem-totem-cam-friend-set-arrampicata-tutte-le-misure\/#breadcrumb","itemListElement":[{"@type":"ListItem","position":1,"name":"Home","item":"https:\/\/www.sestogrado.it\/it\/"},{"@type":"ListItem","position":2,"name":"Shop","item":"https:\/\/www.sestogrado.it\/it\/shop\/"},{"@type":"ListItem","position":3,"name":"Totem Totem Cam friend set arrampicata singole misure"}]},{"@type":"WebSite","@id":"https:\/\/www.sestogrado.it\/it\/#website","url":"https:\/\/www.sestogrado.it\/it\/","name":"Sestogrado","description":"yes we climb","publisher":{"@id":"https:\/\/www.sestogrado.it\/it\/#organization"},"potentialAction":[{"@type":"SearchAction","target":{"@type":"EntryPoint","urlTemplate":"https:\/\/www.sestogrado.it\/it\/?s={search_term_string}"},"query-input":{"@type":"PropertyValueSpecification","valueRequired":true,"valueName":"search_term_string"}}],"inLanguage":"it-IT"},{"@type":"Organization","@id":"https:\/\/www.sestogrado.it\/it\/#organization","name":"Sestogrado","url":"https:\/\/www.sestogrado.it\/it\/","logo":{"@type":"ImageObject","inLanguage":"it-IT","@id":"https:\/\/www.sestogrado.it\/it\/#\/schema\/logo\/image\/","url":"https:\/\/www.sestogrado.it\/wp-content\/uploads\/2015\/03\/sestogrado-favicon.png","contentUrl":"https:\/\/www.sestogrado.it\/wp-content\/uploads\/2015\/03\/sestogrado-favicon.png","width":260,"height":260,"caption":"Sestogrado"},"image":{"@id":"https:\/\/www.sestogrado.it\/it\/#\/schema\/logo\/image\/"},"sameAs":["https:\/\/www.facebook.com\/pages\/Sestogrado\/1542635979353017?ref=bookmarks","https:\/\/www.youtube.com\/channel\/UC847kAfTkaJsWpc1jtQwr3Q"],"hasMerchantReturnPolicy":{"@type":"MerchantReturnPolicy","merchantReturnLink":"https:\/\/www.sestogrado.it\/it\/termini-e-condizioni\/"}}]},"product_brand":"Totem","og_availability":"instock","product_availability":"instock","product_condition":"new"},"_links":{"self":[{"href":"https:\/\/www.sestogrado.it\/it\/wp-json\/wp\/v2\/product\/18610","targetHints":{"allow":["GET"]}}],"collection":[{"href":"https:\/\/www.sestogrado.it\/it\/wp-json\/wp\/v2\/product"}],"about":[{"href":"https:\/\/www.sestogrado.it\/it\/wp-json\/wp\/v2\/types\/product"}],"replies":[{"embeddable":true,"href":"https:\/\/www.sestogrado.it\/it\/wp-json\/wp\/v2\/comments?post=18610"}],"wp:featuredmedia":[{"embeddable":true,"href":"https:\/\/www.sestogrado.it\/it\/wp-json\/wp\/v2\/media\/18613"}],"wp:attachment":[{"href":"https:\/\/www.sestogrado.it\/it\/wp-json\/wp\/v2\/media?parent=18610"}],"wp:term":[{"taxonomy":"product_brand","embeddable":true,"href":"https:\/\/www.sestogrado.it\/it\/wp-json\/wp\/v2\/product_brand?post=18610"},{"taxonomy":"product_cat","embeddable":true,"href":"https:\/\/www.sestogrado.it\/it\/wp-json\/wp\/v2\/product_cat?post=18610"},{"taxonomy":"product_tag","embeddable":true,"href":"https:\/\/www.sestogrado.it\/it\/wp-json\/wp\/v2\/product_tag?post=18610"}],"curies":[{"name":"wp","href":"https:\/\/api.w.org\/{rel}","templated":true}]}}