{"id":184315,"date":"2025-02-25T11:32:29","date_gmt":"2025-02-25T10:32:29","guid":{"rendered":"https:\/\/www.sestogrado.it\/?post_type=product&#038;p=184315"},"modified":"2026-04-18T09:33:21","modified_gmt":"2026-04-18T07:33:21","slug":"leki-legacy-fx-ta-bastoncini-da-trekking","status":"publish","type":"product","link":"https:\/\/www.sestogrado.it\/it\/prodotto\/leki-legacy-fx-ta-bastoncini-da-trekking\/","title":{"rendered":"Leki Legacy FX TA bastoncini da trekking"},"content":{"rendered":"<p>Legacy FX TA \u00e8 un bastoncino pieghevole stabile, su cui contare in montagna. \u00c8 dotato dell&#8217;impugnatura da trekking EVOCON con forma anatomica, che presenta una superficie d&#8217;appoggio arrotondata per discese confortevoli. Lo Speed Lock plus si monta nel giro di pochi secondi ed il bastoncino ha un range regolabile tra 110 e 130cm.<\/p>\n<p>I bastoncini Legacy FX TA di Leki vi accompagnano in salita e in discesa. Sono realizzati in robusto alluminio HTS 6.0, con eccellenti valori di carico di rottura. Allo stesso tempo, \u00e8 piacevolmente leggero. I due morsetti SpeedLock plus assicurano una trasmissione stabile della potenza e funzionano perfettamente in qualsiasi condizione atmosferica. Inoltre, il sistema di ripiegamento a pulsante consente di ripiegare i bastoncini e di agganciarli a qualsiasi zaino. Le impugnature EVOCON sono state installate per garantire una presa ottimale anche su terreni accidentati. Sono state estese per garantire la massima stabilit\u00e0 sui terreni in pendenza o durante le arrampicate.<\/p>\n<div class=\"product-highlight-headline\">\n<ul>\n<li class=\"product-headline\">Evocon: <span style=\"font-size: 16px;\">Impugnatura versatile per svariate attivit\u00e0 sportive. Grazie alla sua superficie d\u2019appoggio arrotondata e all\u2019anello di sicurezza regolabile, si presta per svariate attivit\u00e0 sportive.<\/span><\/li>\n<li class=\"product-headline\">Lock System Strap Nylon: Anello regolabile individualmente. Robusto e traspirante, assicura il massimo del comfort.<\/li>\n<li class=\"product-headline\">Estensione dell\u2019impugnatura: Estensione dell\u2019impugnatura per una presa pi\u00f9 confortevole su terreni ripidi o scarpate.<\/li>\n<li class=\"product-headline\">Alluminio: Alluminio HTS (Heat Treated Shaft) 6.0<\/li>\n<li class=\"product-headline\">Push-Button: Il sistema Push Button consente di aprire e chiudere rapidamente i bastoni pieghevoli, premendo semplicemente un pulsante.<\/li>\n<\/ul>\n<\/div>\n<div class=\"product-highlight-content\">\n<div class=\"product-highlight-content\">\n<div class=\"product-highlight-content\">\n<div class=\"product-highlight-content\">\n<div class=\"product-highlight-headline\">\n<p>&nbsp;<\/p>\n<\/div>\n<\/div>\n<p>La LEKI ha le sue origini nell&#8217;impresa di tornitura fondata da Karl Lenhart a Dettingen\/Teck nel 1948. Karl Lenhart era una appassionato sciatore, tuttavia non era minimamente soddisfatto della qualit\u00e0 e della funzionalit\u00e0 dei bastoni da sci di allora. Cos\u00ec cominci\u00f2 a produrre impugnature e rotelle per bastoni da sci per conto proprio, con il parco macchine della propria officina. Gi\u00e0 negli anni &#8217;60 inizi\u00f2 la produzione in serie. Dato che Lenhart aveva maturato anche esperienze nella costruzione di aerei, sapeva come lavorare l&#8217;alluminio e i materiali compositi. Dal 1970 LEKI \u00e8 un nome di riferimento in tutto il mondo per la produzione di bastoncini da sci, trekking ed alpinismo.<\/p>\n<\/div>\n<\/div>\n<\/div>\n<p><\/p>","protected":false},"excerpt":{"rendered":"<p>Legacy FX TA \u00e8 un bastoncino pieghevole stabile, su cui contare in montagna. \u00c8 dotato dell&#8217;impugnatura da trekking EVOCON con [&hellip;]<\/p>\n","protected":false},"featured_media":184316,"comment_status":"open","ping_status":"closed","template":"","meta":{"_acf_changed":false},"product_brand":[735],"product_cat":[572],"product_tag":[],"class_list":{"0":"post-184315","1":"product","2":"type-product","3":"status-publish","4":"has-post-thumbnail","6":"product_brand-leki","7":"product_cat-bastoncini","9":"first","10":"instock","11":"sale","12":"taxable","13":"shipping-taxable","14":"purchasable","15":"product-type-simple"},"acf":[],"yoast_head":"<!-- This site is optimized with the Yoast SEO plugin v26.4 - https:\/\/yoast.com\/wordpress\/plugins\/seo\/ -->\n<title>Leki Legacy FX TA bastoncini da trekking - Sestogrado<\/title>\n<meta name=\"description\" content=\"Legacy FX TA \u00e8 un bastoncino pieghevole stabile, su cui contare in montagna. \u00c8 dotato dell&#039;impugnatura da trekking EVOCON con forma anatomica, che presenta una superficie d&#039;appoggio arrotondata per discese confortevoli. Lo Speed Lock plus si monta nel giro di pochi secondi ed il bastoncino ha un range regolabile tra 110 e 130cm.I bastoncini Legacy FX TA di Leki vi accompagnano in salita e in discesa. Sono realizzati in robusto alluminio HTS 6.0, con eccellenti valori di carico di rottura. Allo stesso tempo, \u00e8 piacevolmente leggero. I due morsetti SpeedLock plus assicurano una trasmissione stabile della potenza e funzionano perfettamente in qualsiasi condizione atmosferica. Inoltre, il sistema di ripiegamento a pulsante consente di ripiegare i bastoncini e di agganciarli a qualsiasi zaino. Le impugnature EVOCON sono state installate per garantire una presa ottimale anche su terreni accidentati. Sono state estese per garantire la massima stabilit\u00e0 sui terreni in pendenza o durante le arrampicate.\" \/>\n<meta name=\"robots\" content=\"index, follow, max-snippet:-1, max-image-preview:large, max-video-preview:-1\" \/>\n<link rel=\"canonical\" href=\"https:\/\/www.sestogrado.it\/it\/prodotto\/leki-legacy-fx-ta-bastoncini-da-trekking\/\" \/>\n<meta property=\"og:locale\" content=\"it_IT\" \/>\n<meta property=\"og:type\" content=\"article\" \/>\n<meta property=\"og:title\" content=\"Leki Legacy FX TA bastoncini da trekking - Sestogrado\" \/>\n<meta property=\"og:description\" content=\"Legacy FX TA \u00e8 un bastoncino pieghevole stabile, su cui contare in montagna. \u00c8 dotato dell&#039;impugnatura da trekking EVOCON con forma anatomica, che presenta una superficie d&#039;appoggio arrotondata per discese confortevoli. Lo Speed Lock plus si monta nel giro di pochi secondi ed il bastoncino ha un range regolabile tra 110 e 130cm.I bastoncini Legacy FX TA di Leki vi accompagnano in salita e in discesa. Sono realizzati in robusto alluminio HTS 6.0, con eccellenti valori di carico di rottura. Allo stesso tempo, \u00e8 piacevolmente leggero. I due morsetti SpeedLock plus assicurano una trasmissione stabile della potenza e funzionano perfettamente in qualsiasi condizione atmosferica. Inoltre, il sistema di ripiegamento a pulsante consente di ripiegare i bastoncini e di agganciarli a qualsiasi zaino. Le impugnature EVOCON sono state installate per garantire una presa ottimale anche su terreni accidentati. Sono state estese per garantire la massima stabilit\u00e0 sui terreni in pendenza o durante le arrampicate.\" \/>\n<meta property=\"og:url\" content=\"https:\/\/www.sestogrado.it\/it\/prodotto\/leki-legacy-fx-ta-bastoncini-da-trekking\/\" \/>\n<meta property=\"og:site_name\" content=\"Sestogrado\" \/>\n<meta property=\"article:publisher\" content=\"https:\/\/www.facebook.com\/pages\/Sestogrado\/1542635979353017?ref=bookmarks\" \/>\n<meta property=\"article:modified_time\" content=\"2026-04-18T07:33:21+00:00\" \/>\n<meta property=\"og:image\" content=\"https:\/\/www.sestogrado.it\/wp-content\/uploads\/2025\/02\/5048715-001_pic3.jpg\" \/>\n\t<meta property=\"og:image:width\" content=\"2400\" \/>\n\t<meta property=\"og:image:height\" content=\"2400\" \/>\n\t<meta property=\"og:image:type\" content=\"image\/jpeg\" \/>\n<meta name=\"twitter:label1\" content=\"Prezzo\" \/>\n\t<meta name=\"twitter:data1\" content=\"&euro;&nbsp;109,00\" \/>\n\t<meta name=\"twitter:label2\" content=\"Disponibilit\u00e0\" \/>\n\t<meta name=\"twitter:data2\" content=\"In stock\" \/>\n<script type=\"application\/ld+json\" class=\"yoast-schema-graph\">{\"@context\":\"https:\/\/schema.org\",\"@graph\":[{\"@type\":\"WebPage\",\"@id\":\"https:\/\/www.sestogrado.it\/it\/prodotto\/leki-legacy-fx-ta-bastoncini-da-trekking\/\",\"url\":\"https:\/\/www.sestogrado.it\/it\/prodotto\/leki-legacy-fx-ta-bastoncini-da-trekking\/\",\"name\":\"Leki Legacy FX TA bastoncini da trekking - Sestogrado\",\"isPartOf\":{\"@id\":\"https:\/\/www.sestogrado.it\/it\/#website\"},\"primaryImageOfPage\":{\"@id\":\"https:\/\/www.sestogrado.it\/it\/prodotto\/leki-legacy-fx-ta-bastoncini-da-trekking\/#primaryimage\"},\"image\":{\"@id\":\"https:\/\/www.sestogrado.it\/prodotto\/leki-legacy-fx-ta-bastoncini-da-trekking\/#primaryimage\"},\"thumbnailUrl\":\"https:\/\/www.sestogrado.it\/wp-content\/uploads\/2025\/02\/5048715-001_pic3.jpg\",\"datePublished\":\"2025-02-25T10:32:29+00:00\",\"dateModified\":\"2026-04-18T07:33:21+00:00\",\"description\":\"Legacy FX TA \u00e8 un bastoncino pieghevole stabile, su cui contare in montagna. \u00c8 dotato dell'impugnatura da trekking EVOCON con forma anatomica, che presenta una superficie d'appoggio arrotondata per discese confortevoli. Lo Speed Lock plus si monta nel giro di pochi secondi ed il bastoncino ha un range regolabile tra 110 e 130cm.I bastoncini Legacy FX TA di Leki vi accompagnano in salita e in discesa. Sono realizzati in robusto alluminio HTS 6.0, con eccellenti valori di carico di rottura. Allo stesso tempo, \u00e8 piacevolmente leggero. I due morsetti SpeedLock plus assicurano una trasmissione stabile della potenza e funzionano perfettamente in qualsiasi condizione atmosferica. Inoltre, il sistema di ripiegamento a pulsante consente di ripiegare i bastoncini e di agganciarli a qualsiasi zaino. Le impugnature EVOCON sono state installate per garantire una presa ottimale anche su terreni accidentati. Sono state estese per garantire la massima stabilit\u00e0 sui terreni in pendenza o durante le arrampicate.\",\"breadcrumb\":{\"@id\":\"https:\/\/www.sestogrado.it\/it\/prodotto\/leki-legacy-fx-ta-bastoncini-da-trekking\/#breadcrumb\"},\"inLanguage\":\"it-IT\",\"potentialAction\":[{\"@type\":\"ReadAction\",\"target\":[[\"https:\/\/www.sestogrado.it\/it\/prodotto\/leki-legacy-fx-ta-bastoncini-da-trekking\/\"]]}]},{\"@type\":\"ImageObject\",\"inLanguage\":\"it-IT\",\"@id\":\"https:\/\/www.sestogrado.it\/it\/prodotto\/leki-legacy-fx-ta-bastoncini-da-trekking\/#primaryimage\",\"url\":\"https:\/\/www.sestogrado.it\/wp-content\/uploads\/2025\/02\/5048715-001_pic3.jpg\",\"contentUrl\":\"https:\/\/www.sestogrado.it\/wp-content\/uploads\/2025\/02\/5048715-001_pic3.jpg\",\"width\":2400,\"height\":2400,\"caption\":\"legacy fx ta\"},{\"@type\":\"BreadcrumbList\",\"@id\":\"https:\/\/www.sestogrado.it\/it\/prodotto\/leki-legacy-fx-ta-bastoncini-da-trekking\/#breadcrumb\",\"itemListElement\":[{\"@type\":\"ListItem\",\"position\":1,\"name\":\"Home\",\"item\":\"https:\/\/www.sestogrado.it\/it\/\"},{\"@type\":\"ListItem\",\"position\":2,\"name\":\"Shop\",\"item\":\"https:\/\/www.sestogrado.it\/it\/shop\/\"},{\"@type\":\"ListItem\",\"position\":3,\"name\":\"Leki Legacy FX TA bastoncini da trekking\"}]},{\"@type\":\"WebSite\",\"@id\":\"https:\/\/www.sestogrado.it\/it\/#website\",\"url\":\"https:\/\/www.sestogrado.it\/it\/\",\"name\":\"Sestogrado\",\"description\":\"yes we climb\",\"publisher\":{\"@id\":\"https:\/\/www.sestogrado.it\/it\/#organization\"},\"potentialAction\":[{\"@type\":\"SearchAction\",\"target\":{\"@type\":\"EntryPoint\",\"urlTemplate\":\"https:\/\/www.sestogrado.it\/it\/?s={search_term_string}\"},\"query-input\":{\"@type\":\"PropertyValueSpecification\",\"valueRequired\":true,\"valueName\":\"search_term_string\"}}],\"inLanguage\":\"it-IT\"},{\"@type\":\"Organization\",\"@id\":\"https:\/\/www.sestogrado.it\/it\/#organization\",\"name\":\"Sestogrado\",\"url\":\"https:\/\/www.sestogrado.it\/it\/\",\"logo\":{\"@type\":\"ImageObject\",\"inLanguage\":\"it-IT\",\"@id\":\"https:\/\/www.sestogrado.it\/it\/#\/schema\/logo\/image\/\",\"url\":\"https:\/\/www.sestogrado.it\/wp-content\/uploads\/2015\/03\/sestogrado-favicon.png\",\"contentUrl\":\"https:\/\/www.sestogrado.it\/wp-content\/uploads\/2015\/03\/sestogrado-favicon.png\",\"width\":260,\"height\":260,\"caption\":\"Sestogrado\"},\"image\":{\"@id\":\"https:\/\/www.sestogrado.it\/it\/#\/schema\/logo\/image\/\"},\"sameAs\":[\"https:\/\/www.facebook.com\/pages\/Sestogrado\/1542635979353017?ref=bookmarks\",\"https:\/\/www.youtube.com\/channel\/UC847kAfTkaJsWpc1jtQwr3Q\"],\"hasMerchantReturnPolicy\":{\"@type\":\"MerchantReturnPolicy\",\"merchantReturnLink\":\"https:\/\/www.sestogrado.it\/it\/termini-e-condizioni\/\"}}]}<\/script>\n<meta property=\"product:brand\" content=\"Leki\" \/>\n<meta property=\"product:price:amount\" content=\"109.00\" \/>\n<meta property=\"product:price:currency\" content=\"EUR\" \/>\n<meta property=\"og:availability\" content=\"instock\" \/>\n<meta property=\"product:availability\" content=\"instock\" \/>\n<meta property=\"product:condition\" content=\"new\" \/>\n<!-- \/ Yoast SEO plugin. -->","yoast_head_json":{"title":"Leki Legacy FX TA bastoncini da trekking - Sestogrado","description":"Legacy FX TA \u00e8 un bastoncino pieghevole stabile, su cui contare in montagna. \u00c8 dotato dell'impugnatura da trekking EVOCON con forma anatomica, che presenta una superficie d'appoggio arrotondata per discese confortevoli. Lo Speed Lock plus si monta nel giro di pochi secondi ed il bastoncino ha un range regolabile tra 110 e 130cm.I bastoncini Legacy FX TA di Leki vi accompagnano in salita e in discesa. Sono realizzati in robusto alluminio HTS 6.0, con eccellenti valori di carico di rottura. Allo stesso tempo, \u00e8 piacevolmente leggero. I due morsetti SpeedLock plus assicurano una trasmissione stabile della potenza e funzionano perfettamente in qualsiasi condizione atmosferica. Inoltre, il sistema di ripiegamento a pulsante consente di ripiegare i bastoncini e di agganciarli a qualsiasi zaino. Le impugnature EVOCON sono state installate per garantire una presa ottimale anche su terreni accidentati. Sono state estese per garantire la massima stabilit\u00e0 sui terreni in pendenza o durante le arrampicate.","robots":{"index":"index","follow":"follow","max-snippet":"max-snippet:-1","max-image-preview":"max-image-preview:large","max-video-preview":"max-video-preview:-1"},"canonical":"https:\/\/www.sestogrado.it\/it\/prodotto\/leki-legacy-fx-ta-bastoncini-da-trekking\/","og_locale":"it_IT","og_type":"article","og_title":"Leki Legacy FX TA bastoncini da trekking - Sestogrado","og_description":"Legacy FX TA \u00e8 un bastoncino pieghevole stabile, su cui contare in montagna. \u00c8 dotato dell'impugnatura da trekking EVOCON con forma anatomica, che presenta una superficie d'appoggio arrotondata per discese confortevoli. Lo Speed Lock plus si monta nel giro di pochi secondi ed il bastoncino ha un range regolabile tra 110 e 130cm.I bastoncini Legacy FX TA di Leki vi accompagnano in salita e in discesa. Sono realizzati in robusto alluminio HTS 6.0, con eccellenti valori di carico di rottura. Allo stesso tempo, \u00e8 piacevolmente leggero. I due morsetti SpeedLock plus assicurano una trasmissione stabile della potenza e funzionano perfettamente in qualsiasi condizione atmosferica. Inoltre, il sistema di ripiegamento a pulsante consente di ripiegare i bastoncini e di agganciarli a qualsiasi zaino. Le impugnature EVOCON sono state installate per garantire una presa ottimale anche su terreni accidentati. Sono state estese per garantire la massima stabilit\u00e0 sui terreni in pendenza o durante le arrampicate.","og_url":"https:\/\/www.sestogrado.it\/it\/prodotto\/leki-legacy-fx-ta-bastoncini-da-trekking\/","og_site_name":"Sestogrado","article_publisher":"https:\/\/www.facebook.com\/pages\/Sestogrado\/1542635979353017?ref=bookmarks","article_modified_time":"2026-04-18T07:33:21+00:00","og_image":[{"width":2400,"height":2400,"url":"https:\/\/www.sestogrado.it\/wp-content\/uploads\/2025\/02\/5048715-001_pic3.jpg","type":"image\/jpeg"}],"twitter_misc":{"Prezzo":"&euro;&nbsp;109,00","Disponibilit\u00e0":"In stock"},"schema":{"@context":"https:\/\/schema.org","@graph":[{"@type":"WebPage","@id":"https:\/\/www.sestogrado.it\/it\/prodotto\/leki-legacy-fx-ta-bastoncini-da-trekking\/","url":"https:\/\/www.sestogrado.it\/it\/prodotto\/leki-legacy-fx-ta-bastoncini-da-trekking\/","name":"Leki Legacy FX TA bastoncini da trekking - Sestogrado","isPartOf":{"@id":"https:\/\/www.sestogrado.it\/it\/#website"},"primaryImageOfPage":{"@id":"https:\/\/www.sestogrado.it\/it\/prodotto\/leki-legacy-fx-ta-bastoncini-da-trekking\/#primaryimage"},"image":{"@id":"https:\/\/www.sestogrado.it\/prodotto\/leki-legacy-fx-ta-bastoncini-da-trekking\/#primaryimage"},"thumbnailUrl":"https:\/\/www.sestogrado.it\/wp-content\/uploads\/2025\/02\/5048715-001_pic3.jpg","datePublished":"2025-02-25T10:32:29+00:00","dateModified":"2026-04-18T07:33:21+00:00","description":"Legacy FX TA \u00e8 un bastoncino pieghevole stabile, su cui contare in montagna. \u00c8 dotato dell'impugnatura da trekking EVOCON con forma anatomica, che presenta una superficie d'appoggio arrotondata per discese confortevoli. Lo Speed Lock plus si monta nel giro di pochi secondi ed il bastoncino ha un range regolabile tra 110 e 130cm.I bastoncini Legacy FX TA di Leki vi accompagnano in salita e in discesa. Sono realizzati in robusto alluminio HTS 6.0, con eccellenti valori di carico di rottura. Allo stesso tempo, \u00e8 piacevolmente leggero. I due morsetti SpeedLock plus assicurano una trasmissione stabile della potenza e funzionano perfettamente in qualsiasi condizione atmosferica. Inoltre, il sistema di ripiegamento a pulsante consente di ripiegare i bastoncini e di agganciarli a qualsiasi zaino. Le impugnature EVOCON sono state installate per garantire una presa ottimale anche su terreni accidentati. Sono state estese per garantire la massima stabilit\u00e0 sui terreni in pendenza o durante le arrampicate.","breadcrumb":{"@id":"https:\/\/www.sestogrado.it\/it\/prodotto\/leki-legacy-fx-ta-bastoncini-da-trekking\/#breadcrumb"},"inLanguage":"it-IT","potentialAction":[{"@type":"ReadAction","target":[["https:\/\/www.sestogrado.it\/it\/prodotto\/leki-legacy-fx-ta-bastoncini-da-trekking\/"]]}]},{"@type":"ImageObject","inLanguage":"it-IT","@id":"https:\/\/www.sestogrado.it\/it\/prodotto\/leki-legacy-fx-ta-bastoncini-da-trekking\/#primaryimage","url":"https:\/\/www.sestogrado.it\/wp-content\/uploads\/2025\/02\/5048715-001_pic3.jpg","contentUrl":"https:\/\/www.sestogrado.it\/wp-content\/uploads\/2025\/02\/5048715-001_pic3.jpg","width":2400,"height":2400,"caption":"legacy fx ta"},{"@type":"BreadcrumbList","@id":"https:\/\/www.sestogrado.it\/it\/prodotto\/leki-legacy-fx-ta-bastoncini-da-trekking\/#breadcrumb","itemListElement":[{"@type":"ListItem","position":1,"name":"Home","item":"https:\/\/www.sestogrado.it\/it\/"},{"@type":"ListItem","position":2,"name":"Shop","item":"https:\/\/www.sestogrado.it\/it\/shop\/"},{"@type":"ListItem","position":3,"name":"Leki Legacy FX TA bastoncini da trekking"}]},{"@type":"WebSite","@id":"https:\/\/www.sestogrado.it\/it\/#website","url":"https:\/\/www.sestogrado.it\/it\/","name":"Sestogrado","description":"yes we climb","publisher":{"@id":"https:\/\/www.sestogrado.it\/it\/#organization"},"potentialAction":[{"@type":"SearchAction","target":{"@type":"EntryPoint","urlTemplate":"https:\/\/www.sestogrado.it\/it\/?s={search_term_string}"},"query-input":{"@type":"PropertyValueSpecification","valueRequired":true,"valueName":"search_term_string"}}],"inLanguage":"it-IT"},{"@type":"Organization","@id":"https:\/\/www.sestogrado.it\/it\/#organization","name":"Sestogrado","url":"https:\/\/www.sestogrado.it\/it\/","logo":{"@type":"ImageObject","inLanguage":"it-IT","@id":"https:\/\/www.sestogrado.it\/it\/#\/schema\/logo\/image\/","url":"https:\/\/www.sestogrado.it\/wp-content\/uploads\/2015\/03\/sestogrado-favicon.png","contentUrl":"https:\/\/www.sestogrado.it\/wp-content\/uploads\/2015\/03\/sestogrado-favicon.png","width":260,"height":260,"caption":"Sestogrado"},"image":{"@id":"https:\/\/www.sestogrado.it\/it\/#\/schema\/logo\/image\/"},"sameAs":["https:\/\/www.facebook.com\/pages\/Sestogrado\/1542635979353017?ref=bookmarks","https:\/\/www.youtube.com\/channel\/UC847kAfTkaJsWpc1jtQwr3Q"],"hasMerchantReturnPolicy":{"@type":"MerchantReturnPolicy","merchantReturnLink":"https:\/\/www.sestogrado.it\/it\/termini-e-condizioni\/"}}]},"product_brand":"Leki","product_price_amount":"109.00","product_price_currency":"EUR","og_availability":"instock","product_availability":"instock","product_condition":"new"},"_links":{"self":[{"href":"https:\/\/www.sestogrado.it\/it\/wp-json\/wp\/v2\/product\/184315","targetHints":{"allow":["GET"]}}],"collection":[{"href":"https:\/\/www.sestogrado.it\/it\/wp-json\/wp\/v2\/product"}],"about":[{"href":"https:\/\/www.sestogrado.it\/it\/wp-json\/wp\/v2\/types\/product"}],"replies":[{"embeddable":true,"href":"https:\/\/www.sestogrado.it\/it\/wp-json\/wp\/v2\/comments?post=184315"}],"wp:featuredmedia":[{"embeddable":true,"href":"https:\/\/www.sestogrado.it\/it\/wp-json\/wp\/v2\/media\/184316"}],"wp:attachment":[{"href":"https:\/\/www.sestogrado.it\/it\/wp-json\/wp\/v2\/media?parent=184315"}],"wp:term":[{"taxonomy":"product_brand","embeddable":true,"href":"https:\/\/www.sestogrado.it\/it\/wp-json\/wp\/v2\/product_brand?post=184315"},{"taxonomy":"product_cat","embeddable":true,"href":"https:\/\/www.sestogrado.it\/it\/wp-json\/wp\/v2\/product_cat?post=184315"},{"taxonomy":"product_tag","embeddable":true,"href":"https:\/\/www.sestogrado.it\/it\/wp-json\/wp\/v2\/product_tag?post=184315"}],"curies":[{"name":"wp","href":"https:\/\/api.w.org\/{rel}","templated":true}]}}