{"id":184220,"date":"2025-02-24T13:57:01","date_gmt":"2025-02-24T12:57:01","guid":{"rendered":"https:\/\/www.sestogrado.it\/?post_type=product&#038;p=184220"},"modified":"2025-11-10T22:26:31","modified_gmt":"2025-11-10T21:26:31","slug":"leki-skysolo-fx-one-carbon-bastoncini-da-trail-running","status":"publish","type":"product","link":"https:\/\/www.sestogrado.it\/it\/prodotto\/leki-skysolo-fx-one-carbon-bastoncini-da-trail-running\/","title":{"rendered":"Leki Skysolo FX One Carbon bastoncini da trail running"},"content":{"rendered":"<p>I bastoncini da trail running Skysolo FX.One Carbon di Leki sono la scelta ideale per i runner che privilegiano un design minimalista e la massima efficienza. Realizzati in carbonio di alta qualit\u00e0, offrono una combinazione ottimale di stabilit\u00e0 e peso ridotto, particolarmente vantaggiosa su percorsi lunghi e impegnativi.<\/p>\n<p>L&#8217;impugnatura ergonomica Verticon garantisce una gestione precisa e una trasmissione diretta della potenza. Grazie alla lunghezza fissa dell&#8217;asta, non \u00e8 necessario regolare la lunghezza, riducendo ulteriormente il peso. La struttura compatta e pieghevole li rende facili da stivare, mentre il design sofisticato assicura un&#8217;esperienza di camminata confortevole.<\/p>\n<p>Con i bastoncini da trail running Skysolo FX.One Carbon, Leki offre una soluzione di prima classe per gli atleti ambiziosi che apprezzano leggerezza, stabilit\u00e0 e comfort.<\/p>\n<p>&nbsp;<\/p>\n<p>&nbsp;<\/p>\n<p>La LEKI ha le sue origini nell&#8217;impresa di tornitura fondata da Karl Lenhart a Dettingen\/Teck nel 1948. Karl Lenhart era una appassionato sciatore, tuttavia non era minimamente soddisfatto della qualit\u00e0 e della funzionalit\u00e0 dei bastoni da sci di allora. Cos\u00ec cominci\u00f2 a produrre impugnature e rotelle per bastoni da sci per conto proprio, con il parco macchine della propria officina. Gi\u00e0 negli anni &#8217;60 inizi\u00f2 la produzione in serie. Dato che Lenhart aveva maturato anche esperienze nella costruzione di aerei, sapeva come lavorare l&#8217;alluminio e i materiali compositi. Dal 1970 LEKI \u00e8 un nome di riferimento in tutto il mondo per la produzione di bastoncini da sci, trekking ed alpinismo.<\/p>","protected":false},"excerpt":{"rendered":"<p>I bastoncini da trail running Skysolo FX.One Carbon di Leki sono la scelta ideale per i runner che privilegiano un [&hellip;]<\/p>\n","protected":false},"featured_media":184224,"comment_status":"open","ping_status":"closed","template":"","meta":{"_acf_changed":false},"product_brand":[735],"product_cat":[572],"product_tag":[],"class_list":{"0":"post-184220","1":"product","2":"type-product","3":"status-publish","4":"has-post-thumbnail","6":"product_brand-leki","7":"product_cat-bastoncini","9":"first","10":"instock","11":"sale","12":"taxable","13":"shipping-taxable","14":"purchasable","15":"product-type-variable"},"acf":[],"yoast_head":"<!-- This site is optimized with the Yoast SEO plugin v26.4 - https:\/\/yoast.com\/wordpress\/plugins\/seo\/ -->\n<title>Leki Skysolo FX One Carbon bastoncini da trail running - Sestogrado<\/title>\n<meta name=\"description\" content=\"I bastoncini da trail running Skysolo FX.One Carbon di Leki sono la scelta ideale per i runner che privilegiano un design minimalista e la massima efficienza. Realizzati in carbonio di alta qualit\u00e0, offrono una combinazione ottimale di stabilit\u00e0 e peso ridotto, particolarmente vantaggiosa su percorsi lunghi e impegnativi.L&#039;impugnatura ergonomica Verticon garantisce una gestione precisa e una trasmissione diretta della potenza. Grazie alla lunghezza fissa dell&#039;asta, non \u00e8 necessario regolare la lunghezza, riducendo ulteriormente il peso. La struttura compatta e pieghevole li rende facili da stivare, mentre il design sofisticato assicura un&#039;esperienza di camminata confortevole.Con i bastoncini da trail running Skysolo FX.One Carbon, Leki offre una soluzione di prima classe per gli atleti ambiziosi che apprezzano leggerezza, stabilit\u00e0 e comfort.\" \/>\n<meta name=\"robots\" content=\"index, follow, max-snippet:-1, max-image-preview:large, max-video-preview:-1\" \/>\n<link rel=\"canonical\" href=\"https:\/\/www.sestogrado.it\/it\/prodotto\/leki-skysolo-fx-one-carbon-bastoncini-da-trail-running\/\" \/>\n<meta property=\"og:locale\" content=\"it_IT\" \/>\n<meta property=\"og:type\" content=\"article\" \/>\n<meta property=\"og:title\" content=\"Leki Skysolo FX One Carbon bastoncini da trail running - Sestogrado\" \/>\n<meta property=\"og:description\" content=\"I bastoncini da trail running Skysolo FX.One Carbon di Leki sono la scelta ideale per i runner che privilegiano un design minimalista e la massima efficienza. Realizzati in carbonio di alta qualit\u00e0, offrono una combinazione ottimale di stabilit\u00e0 e peso ridotto, particolarmente vantaggiosa su percorsi lunghi e impegnativi.L&#039;impugnatura ergonomica Verticon garantisce una gestione precisa e una trasmissione diretta della potenza. Grazie alla lunghezza fissa dell&#039;asta, non \u00e8 necessario regolare la lunghezza, riducendo ulteriormente il peso. La struttura compatta e pieghevole li rende facili da stivare, mentre il design sofisticato assicura un&#039;esperienza di camminata confortevole.Con i bastoncini da trail running Skysolo FX.One Carbon, Leki offre una soluzione di prima classe per gli atleti ambiziosi che apprezzano leggerezza, stabilit\u00e0 e comfort.\" \/>\n<meta property=\"og:url\" content=\"https:\/\/www.sestogrado.it\/it\/prodotto\/leki-skysolo-fx-one-carbon-bastoncini-da-trail-running\/\" \/>\n<meta property=\"og:site_name\" content=\"Sestogrado\" \/>\n<meta property=\"article:publisher\" content=\"https:\/\/www.facebook.com\/pages\/Sestogrado\/1542635979353017?ref=bookmarks\" \/>\n<meta property=\"article:modified_time\" content=\"2025-11-10T21:26:31+00:00\" \/>\n<meta property=\"og:image\" content=\"https:\/\/www.sestogrado.it\/wp-content\/uploads\/2025\/02\/01-6.jpg\" \/>\n\t<meta property=\"og:image:width\" content=\"2400\" \/>\n\t<meta property=\"og:image:height\" content=\"2400\" \/>\n\t<meta property=\"og:image:type\" content=\"image\/jpeg\" \/>\n<meta name=\"twitter:label1\" content=\"Disponibilit\u00e0\" \/>\n\t<meta name=\"twitter:data1\" content=\"In stock\" \/>\n<script type=\"application\/ld+json\" class=\"yoast-schema-graph\">{\"@context\":\"https:\/\/schema.org\",\"@graph\":[{\"@type\":\"WebPage\",\"@id\":\"https:\/\/www.sestogrado.it\/it\/prodotto\/leki-skysolo-fx-one-carbon-bastoncini-da-trail-running\/\",\"url\":\"https:\/\/www.sestogrado.it\/it\/prodotto\/leki-skysolo-fx-one-carbon-bastoncini-da-trail-running\/\",\"name\":\"Leki Skysolo FX One Carbon bastoncini da trail running - Sestogrado\",\"isPartOf\":{\"@id\":\"https:\/\/www.sestogrado.it\/it\/#website\"},\"primaryImageOfPage\":{\"@id\":\"https:\/\/www.sestogrado.it\/it\/prodotto\/leki-skysolo-fx-one-carbon-bastoncini-da-trail-running\/#primaryimage\"},\"image\":{\"@id\":\"https:\/\/www.sestogrado.it\/prodotto\/leki-skysolo-fx-one-carbon-bastoncini-da-trail-running\/#primaryimage\"},\"thumbnailUrl\":\"https:\/\/www.sestogrado.it\/wp-content\/uploads\/2025\/02\/01-6.jpg\",\"datePublished\":\"2025-02-24T12:57:01+00:00\",\"dateModified\":\"2025-11-10T21:26:31+00:00\",\"description\":\"I bastoncini da trail running Skysolo FX.One Carbon di Leki sono la scelta ideale per i runner che privilegiano un design minimalista e la massima efficienza. Realizzati in carbonio di alta qualit\u00e0, offrono una combinazione ottimale di stabilit\u00e0 e peso ridotto, particolarmente vantaggiosa su percorsi lunghi e impegnativi.L'impugnatura ergonomica Verticon garantisce una gestione precisa e una trasmissione diretta della potenza. Grazie alla lunghezza fissa dell'asta, non \u00e8 necessario regolare la lunghezza, riducendo ulteriormente il peso. La struttura compatta e pieghevole li rende facili da stivare, mentre il design sofisticato assicura un'esperienza di camminata confortevole.Con i bastoncini da trail running Skysolo FX.One Carbon, Leki offre una soluzione di prima classe per gli atleti ambiziosi che apprezzano leggerezza, stabilit\u00e0 e comfort.\",\"breadcrumb\":{\"@id\":\"https:\/\/www.sestogrado.it\/it\/prodotto\/leki-skysolo-fx-one-carbon-bastoncini-da-trail-running\/#breadcrumb\"},\"inLanguage\":\"it-IT\",\"potentialAction\":[{\"@type\":\"ReadAction\",\"target\":[[\"https:\/\/www.sestogrado.it\/it\/prodotto\/leki-skysolo-fx-one-carbon-bastoncini-da-trail-running\/\"]]}]},{\"@type\":\"ImageObject\",\"inLanguage\":\"it-IT\",\"@id\":\"https:\/\/www.sestogrado.it\/it\/prodotto\/leki-skysolo-fx-one-carbon-bastoncini-da-trail-running\/#primaryimage\",\"url\":\"https:\/\/www.sestogrado.it\/wp-content\/uploads\/2025\/02\/01-6.jpg\",\"contentUrl\":\"https:\/\/www.sestogrado.it\/wp-content\/uploads\/2025\/02\/01-6.jpg\",\"width\":2400,\"height\":2400,\"caption\":\"leki skysolo\"},{\"@type\":\"BreadcrumbList\",\"@id\":\"https:\/\/www.sestogrado.it\/it\/prodotto\/leki-skysolo-fx-one-carbon-bastoncini-da-trail-running\/#breadcrumb\",\"itemListElement\":[{\"@type\":\"ListItem\",\"position\":1,\"name\":\"Home\",\"item\":\"https:\/\/www.sestogrado.it\/it\/\"},{\"@type\":\"ListItem\",\"position\":2,\"name\":\"Shop\",\"item\":\"https:\/\/www.sestogrado.it\/it\/shop\/\"},{\"@type\":\"ListItem\",\"position\":3,\"name\":\"Leki Skysolo FX One Carbon bastoncini da trail running\"}]},{\"@type\":\"WebSite\",\"@id\":\"https:\/\/www.sestogrado.it\/it\/#website\",\"url\":\"https:\/\/www.sestogrado.it\/it\/\",\"name\":\"Sestogrado\",\"description\":\"yes we climb\",\"publisher\":{\"@id\":\"https:\/\/www.sestogrado.it\/it\/#organization\"},\"potentialAction\":[{\"@type\":\"SearchAction\",\"target\":{\"@type\":\"EntryPoint\",\"urlTemplate\":\"https:\/\/www.sestogrado.it\/it\/?s={search_term_string}\"},\"query-input\":{\"@type\":\"PropertyValueSpecification\",\"valueRequired\":true,\"valueName\":\"search_term_string\"}}],\"inLanguage\":\"it-IT\"},{\"@type\":\"Organization\",\"@id\":\"https:\/\/www.sestogrado.it\/it\/#organization\",\"name\":\"Sestogrado\",\"url\":\"https:\/\/www.sestogrado.it\/it\/\",\"logo\":{\"@type\":\"ImageObject\",\"inLanguage\":\"it-IT\",\"@id\":\"https:\/\/www.sestogrado.it\/it\/#\/schema\/logo\/image\/\",\"url\":\"https:\/\/www.sestogrado.it\/wp-content\/uploads\/2015\/03\/sestogrado-favicon.png\",\"contentUrl\":\"https:\/\/www.sestogrado.it\/wp-content\/uploads\/2015\/03\/sestogrado-favicon.png\",\"width\":260,\"height\":260,\"caption\":\"Sestogrado\"},\"image\":{\"@id\":\"https:\/\/www.sestogrado.it\/it\/#\/schema\/logo\/image\/\"},\"sameAs\":[\"https:\/\/www.facebook.com\/pages\/Sestogrado\/1542635979353017?ref=bookmarks\",\"https:\/\/www.youtube.com\/channel\/UC847kAfTkaJsWpc1jtQwr3Q\"],\"hasMerchantReturnPolicy\":{\"@type\":\"MerchantReturnPolicy\",\"merchantReturnLink\":\"https:\/\/www.sestogrado.it\/it\/termini-e-condizioni\/\"}}]}<\/script>\n<meta property=\"product:brand\" content=\"Leki\" \/>\n<meta property=\"og:availability\" content=\"instock\" \/>\n<meta property=\"product:availability\" content=\"instock\" \/>\n<meta property=\"product:condition\" content=\"new\" \/>\n<!-- \/ Yoast SEO plugin. -->","yoast_head_json":{"title":"Leki Skysolo FX One Carbon bastoncini da trail running - Sestogrado","description":"I bastoncini da trail running Skysolo FX.One Carbon di Leki sono la scelta ideale per i runner che privilegiano un design minimalista e la massima efficienza. Realizzati in carbonio di alta qualit\u00e0, offrono una combinazione ottimale di stabilit\u00e0 e peso ridotto, particolarmente vantaggiosa su percorsi lunghi e impegnativi.L'impugnatura ergonomica Verticon garantisce una gestione precisa e una trasmissione diretta della potenza. Grazie alla lunghezza fissa dell'asta, non \u00e8 necessario regolare la lunghezza, riducendo ulteriormente il peso. La struttura compatta e pieghevole li rende facili da stivare, mentre il design sofisticato assicura un'esperienza di camminata confortevole.Con i bastoncini da trail running Skysolo FX.One Carbon, Leki offre una soluzione di prima classe per gli atleti ambiziosi che apprezzano leggerezza, stabilit\u00e0 e comfort.","robots":{"index":"index","follow":"follow","max-snippet":"max-snippet:-1","max-image-preview":"max-image-preview:large","max-video-preview":"max-video-preview:-1"},"canonical":"https:\/\/www.sestogrado.it\/it\/prodotto\/leki-skysolo-fx-one-carbon-bastoncini-da-trail-running\/","og_locale":"it_IT","og_type":"article","og_title":"Leki Skysolo FX One Carbon bastoncini da trail running - Sestogrado","og_description":"I bastoncini da trail running Skysolo FX.One Carbon di Leki sono la scelta ideale per i runner che privilegiano un design minimalista e la massima efficienza. Realizzati in carbonio di alta qualit\u00e0, offrono una combinazione ottimale di stabilit\u00e0 e peso ridotto, particolarmente vantaggiosa su percorsi lunghi e impegnativi.L'impugnatura ergonomica Verticon garantisce una gestione precisa e una trasmissione diretta della potenza. Grazie alla lunghezza fissa dell'asta, non \u00e8 necessario regolare la lunghezza, riducendo ulteriormente il peso. La struttura compatta e pieghevole li rende facili da stivare, mentre il design sofisticato assicura un'esperienza di camminata confortevole.Con i bastoncini da trail running Skysolo FX.One Carbon, Leki offre una soluzione di prima classe per gli atleti ambiziosi che apprezzano leggerezza, stabilit\u00e0 e comfort.","og_url":"https:\/\/www.sestogrado.it\/it\/prodotto\/leki-skysolo-fx-one-carbon-bastoncini-da-trail-running\/","og_site_name":"Sestogrado","article_publisher":"https:\/\/www.facebook.com\/pages\/Sestogrado\/1542635979353017?ref=bookmarks","article_modified_time":"2025-11-10T21:26:31+00:00","og_image":[{"width":2400,"height":2400,"url":"https:\/\/www.sestogrado.it\/wp-content\/uploads\/2025\/02\/01-6.jpg","type":"image\/jpeg"}],"twitter_misc":{"Disponibilit\u00e0":"In stock"},"schema":{"@context":"https:\/\/schema.org","@graph":[{"@type":"WebPage","@id":"https:\/\/www.sestogrado.it\/it\/prodotto\/leki-skysolo-fx-one-carbon-bastoncini-da-trail-running\/","url":"https:\/\/www.sestogrado.it\/it\/prodotto\/leki-skysolo-fx-one-carbon-bastoncini-da-trail-running\/","name":"Leki Skysolo FX One Carbon bastoncini da trail running - Sestogrado","isPartOf":{"@id":"https:\/\/www.sestogrado.it\/it\/#website"},"primaryImageOfPage":{"@id":"https:\/\/www.sestogrado.it\/it\/prodotto\/leki-skysolo-fx-one-carbon-bastoncini-da-trail-running\/#primaryimage"},"image":{"@id":"https:\/\/www.sestogrado.it\/prodotto\/leki-skysolo-fx-one-carbon-bastoncini-da-trail-running\/#primaryimage"},"thumbnailUrl":"https:\/\/www.sestogrado.it\/wp-content\/uploads\/2025\/02\/01-6.jpg","datePublished":"2025-02-24T12:57:01+00:00","dateModified":"2025-11-10T21:26:31+00:00","description":"I bastoncini da trail running Skysolo FX.One Carbon di Leki sono la scelta ideale per i runner che privilegiano un design minimalista e la massima efficienza. Realizzati in carbonio di alta qualit\u00e0, offrono una combinazione ottimale di stabilit\u00e0 e peso ridotto, particolarmente vantaggiosa su percorsi lunghi e impegnativi.L'impugnatura ergonomica Verticon garantisce una gestione precisa e una trasmissione diretta della potenza. Grazie alla lunghezza fissa dell'asta, non \u00e8 necessario regolare la lunghezza, riducendo ulteriormente il peso. La struttura compatta e pieghevole li rende facili da stivare, mentre il design sofisticato assicura un'esperienza di camminata confortevole.Con i bastoncini da trail running Skysolo FX.One Carbon, Leki offre una soluzione di prima classe per gli atleti ambiziosi che apprezzano leggerezza, stabilit\u00e0 e comfort.","breadcrumb":{"@id":"https:\/\/www.sestogrado.it\/it\/prodotto\/leki-skysolo-fx-one-carbon-bastoncini-da-trail-running\/#breadcrumb"},"inLanguage":"it-IT","potentialAction":[{"@type":"ReadAction","target":[["https:\/\/www.sestogrado.it\/it\/prodotto\/leki-skysolo-fx-one-carbon-bastoncini-da-trail-running\/"]]}]},{"@type":"ImageObject","inLanguage":"it-IT","@id":"https:\/\/www.sestogrado.it\/it\/prodotto\/leki-skysolo-fx-one-carbon-bastoncini-da-trail-running\/#primaryimage","url":"https:\/\/www.sestogrado.it\/wp-content\/uploads\/2025\/02\/01-6.jpg","contentUrl":"https:\/\/www.sestogrado.it\/wp-content\/uploads\/2025\/02\/01-6.jpg","width":2400,"height":2400,"caption":"leki skysolo"},{"@type":"BreadcrumbList","@id":"https:\/\/www.sestogrado.it\/it\/prodotto\/leki-skysolo-fx-one-carbon-bastoncini-da-trail-running\/#breadcrumb","itemListElement":[{"@type":"ListItem","position":1,"name":"Home","item":"https:\/\/www.sestogrado.it\/it\/"},{"@type":"ListItem","position":2,"name":"Shop","item":"https:\/\/www.sestogrado.it\/it\/shop\/"},{"@type":"ListItem","position":3,"name":"Leki Skysolo FX One Carbon bastoncini da trail running"}]},{"@type":"WebSite","@id":"https:\/\/www.sestogrado.it\/it\/#website","url":"https:\/\/www.sestogrado.it\/it\/","name":"Sestogrado","description":"yes we climb","publisher":{"@id":"https:\/\/www.sestogrado.it\/it\/#organization"},"potentialAction":[{"@type":"SearchAction","target":{"@type":"EntryPoint","urlTemplate":"https:\/\/www.sestogrado.it\/it\/?s={search_term_string}"},"query-input":{"@type":"PropertyValueSpecification","valueRequired":true,"valueName":"search_term_string"}}],"inLanguage":"it-IT"},{"@type":"Organization","@id":"https:\/\/www.sestogrado.it\/it\/#organization","name":"Sestogrado","url":"https:\/\/www.sestogrado.it\/it\/","logo":{"@type":"ImageObject","inLanguage":"it-IT","@id":"https:\/\/www.sestogrado.it\/it\/#\/schema\/logo\/image\/","url":"https:\/\/www.sestogrado.it\/wp-content\/uploads\/2015\/03\/sestogrado-favicon.png","contentUrl":"https:\/\/www.sestogrado.it\/wp-content\/uploads\/2015\/03\/sestogrado-favicon.png","width":260,"height":260,"caption":"Sestogrado"},"image":{"@id":"https:\/\/www.sestogrado.it\/it\/#\/schema\/logo\/image\/"},"sameAs":["https:\/\/www.facebook.com\/pages\/Sestogrado\/1542635979353017?ref=bookmarks","https:\/\/www.youtube.com\/channel\/UC847kAfTkaJsWpc1jtQwr3Q"],"hasMerchantReturnPolicy":{"@type":"MerchantReturnPolicy","merchantReturnLink":"https:\/\/www.sestogrado.it\/it\/termini-e-condizioni\/"}}]},"product_brand":"Leki","og_availability":"instock","product_availability":"instock","product_condition":"new"},"_links":{"self":[{"href":"https:\/\/www.sestogrado.it\/it\/wp-json\/wp\/v2\/product\/184220","targetHints":{"allow":["GET"]}}],"collection":[{"href":"https:\/\/www.sestogrado.it\/it\/wp-json\/wp\/v2\/product"}],"about":[{"href":"https:\/\/www.sestogrado.it\/it\/wp-json\/wp\/v2\/types\/product"}],"replies":[{"embeddable":true,"href":"https:\/\/www.sestogrado.it\/it\/wp-json\/wp\/v2\/comments?post=184220"}],"wp:featuredmedia":[{"embeddable":true,"href":"https:\/\/www.sestogrado.it\/it\/wp-json\/wp\/v2\/media\/184224"}],"wp:attachment":[{"href":"https:\/\/www.sestogrado.it\/it\/wp-json\/wp\/v2\/media?parent=184220"}],"wp:term":[{"taxonomy":"product_brand","embeddable":true,"href":"https:\/\/www.sestogrado.it\/it\/wp-json\/wp\/v2\/product_brand?post=184220"},{"taxonomy":"product_cat","embeddable":true,"href":"https:\/\/www.sestogrado.it\/it\/wp-json\/wp\/v2\/product_cat?post=184220"},{"taxonomy":"product_tag","embeddable":true,"href":"https:\/\/www.sestogrado.it\/it\/wp-json\/wp\/v2\/product_tag?post=184220"}],"curies":[{"name":"wp","href":"https:\/\/api.w.org\/{rel}","templated":true}]}}