{"id":183997,"date":"2025-02-21T11:32:33","date_gmt":"2025-02-21T10:32:33","guid":{"rendered":"https:\/\/www.sestogrado.it\/?post_type=product&#038;p=183997"},"modified":"2026-01-29T09:12:13","modified_gmt":"2026-01-29T08:12:13","slug":"idea-montagna-val-dadige-plaisir","status":"publish","type":"product","link":"https:\/\/www.sestogrado.it\/it\/prodotto\/idea-montagna-val-dadige-plaisir\/","title":{"rendered":"Idea Montagna Val d&#8217;Adige Plaisir"},"content":{"rendered":"<p>Gi\u00e0 da diversi decenni la Val d\u2019Adige riceve una buona frequentazione sulle pareti che sovrastano il grande fiume. Fino a non molti anni fa, per\u00f2, gli arrampicatori si soffermavano sulle pareti pi\u00f9 incombenti, quelle che, passando in autostrada o sulla statale, attirano l\u2019attenzione degli appassionati. Si tratta delle pareti sul Monte Cimo, sopra il paese di Brentino, dove gli itinerari aperti sono in genere di alto livello. Lo stesso si pu\u00f2 dire per le bellissime pareti sulla Chiusa di Ceraino. Il fiume, infatti, quasi alle porte di Verona abbandona la larga vallata per incunearsi in una stretta forra dove le pareti sono praticamente a pelo d\u2019acqua. Anche queste sono state scalate fin dagli anni \u201870.<br \/>\nStranamente non si \u00e8 mai data attenzione alle pareti, visibilmente pi\u00f9 abbattute quindi pi\u00f9 facili, che lambiscono il fiume poco pi\u00f9 a sud del Monte Cimo ed esattamente sul Monte Cordespino, sopra il paese di Tessari. Solo da meno di 10 anni a questa parte si \u00e8 iniziato a valutare che, proprio grazie alla facilit\u00e0 di accesso, di rientro, ma soprattutto di salita, queste pareti avevano la loro ragione di esistere. E cos\u00ec, alpinisti e arrampicatori, soprattutto veronesi, hanno trovato un terreno vergine tutto da esplorare. In pochi anni sono nate decine di vie adatte ai tanti che, per capacit\u00e0 o voglia, si divertono senza particolare stress, diventando ben frequentate anche dai corsi del CAI o delle Guide Alpine.<br \/>\nQuesta guida contiene le relazioni di pi\u00f9 di 150 vie di bassa e media difficolt\u00e0. Gli autori hanno messo il tetto degli itinerari con difficolt\u00e0 massima di 6b (a parte rari casi), e comunque bene attrezzate, per quelle sportive, o facilmente integrabili per quelle alpinistiche, con accesso e discesa comodi.<\/p>\n<p>&nbsp;<\/p>\n<p>&nbsp;<\/p>\n<p>Manuel Leorato dal 2023 Istruttore Nazionale di Alpinismo del CAI. I profili delle Piccole Dolomiti visti dalla mia Valdalpone mi hanno sempre attratto, e dal 2000 indosso le scarpette da arrampicata, cercando un equilibrio tra avventura, estetica e comunicazione. Questa passione mi ha ispirato a creare Vertical Age, un progetto che unisce la montagna allo sport, alla cultura e al digitale. Come alpinista e grafico, cerco di catturare l\u2019essenza delle esperienze in montagna attraverso progetti visivi. Con la mia esperienza di istruttore, aspiro a far scoprire la bellezza delle montagne e a superare i limiti in sicurezza senza sfide o atletismi, condividendo la mia passione per un alpinismo di ricerca ancora possibile.<\/p>","protected":false},"excerpt":{"rendered":"<p>Gi\u00e0 da diversi decenni la Val d\u2019Adige riceve una buona frequentazione sulle pareti che sovrastano il grande fiume. Fino a [&hellip;]<\/p>\n","protected":false},"featured_media":183998,"comment_status":"open","ping_status":"closed","template":"","meta":{"_acf_changed":false},"product_brand":[331],"product_cat":[98],"product_tag":[],"class_list":{"0":"post-183997","1":"product","2":"type-product","3":"status-publish","4":"has-post-thumbnail","6":"product_brand-idea-montagna","7":"product_cat-libri","9":"first","10":"instock","11":"taxable","12":"shipping-taxable","13":"purchasable","14":"product-type-simple"},"acf":[],"yoast_head":"<!-- This site is optimized with the Yoast SEO plugin v26.4 - https:\/\/yoast.com\/wordpress\/plugins\/seo\/ -->\n<title>Idea Montagna Val d&#039;Adige Plaisir - Sestogrado<\/title>\n<meta name=\"description\" content=\"Gi\u00e0 da diversi decenni la Val d\u2019Adige riceve una buona frequentazione sulle pareti che sovrastano il grande fiume. Fino a non molti anni fa, per\u00f2, gli arrampicatori si soffermavano sulle pareti pi\u00f9 incombenti, quelle che, passando in autostrada o sulla statale, attirano l\u2019attenzione degli appassionati. Si tratta delle pareti sul Monte Cimo, sopra il paese di Brentino, dove gli itinerari aperti sono in genere di alto livello. Lo stesso si pu\u00f2 dire per le bellissime pareti sulla Chiusa di Ceraino. Il fiume, infatti, quasi alle porte di Verona abbandona la larga vallata per incunearsi in una stretta forra dove le pareti sono praticamente a pelo d\u2019acqua. Anche queste sono state scalate fin dagli anni \u201870.\" \/>\n<meta name=\"robots\" content=\"index, follow, max-snippet:-1, max-image-preview:large, max-video-preview:-1\" \/>\n<link rel=\"canonical\" href=\"https:\/\/www.sestogrado.it\/it\/prodotto\/idea-montagna-val-dadige-plaisir\/\" \/>\n<meta property=\"og:locale\" content=\"it_IT\" \/>\n<meta property=\"og:type\" content=\"article\" \/>\n<meta property=\"og:title\" content=\"Idea Montagna Val d&#039;Adige Plaisir - Sestogrado\" \/>\n<meta property=\"og:description\" content=\"Gi\u00e0 da diversi decenni la Val d\u2019Adige riceve una buona frequentazione sulle pareti che sovrastano il grande fiume. Fino a non molti anni fa, per\u00f2, gli arrampicatori si soffermavano sulle pareti pi\u00f9 incombenti, quelle che, passando in autostrada o sulla statale, attirano l\u2019attenzione degli appassionati. Si tratta delle pareti sul Monte Cimo, sopra il paese di Brentino, dove gli itinerari aperti sono in genere di alto livello. Lo stesso si pu\u00f2 dire per le bellissime pareti sulla Chiusa di Ceraino. Il fiume, infatti, quasi alle porte di Verona abbandona la larga vallata per incunearsi in una stretta forra dove le pareti sono praticamente a pelo d\u2019acqua. Anche queste sono state scalate fin dagli anni \u201870.\" \/>\n<meta property=\"og:url\" content=\"https:\/\/www.sestogrado.it\/it\/prodotto\/idea-montagna-val-dadige-plaisir\/\" \/>\n<meta property=\"og:site_name\" content=\"Sestogrado\" \/>\n<meta property=\"article:publisher\" content=\"https:\/\/www.facebook.com\/pages\/Sestogrado\/1542635979353017?ref=bookmarks\" \/>\n<meta property=\"article:modified_time\" content=\"2026-01-29T08:12:13+00:00\" \/>\n<meta property=\"og:image\" content=\"https:\/\/www.sestogrado.it\/wp-content\/uploads\/2025\/02\/val.jpg\" \/>\n\t<meta property=\"og:image:width\" content=\"1142\" \/>\n\t<meta property=\"og:image:height\" content=\"1142\" \/>\n\t<meta property=\"og:image:type\" content=\"image\/jpeg\" \/>\n<meta name=\"twitter:label1\" content=\"Prezzo\" \/>\n\t<meta name=\"twitter:data1\" content=\"&euro;&nbsp;32,00\" \/>\n\t<meta name=\"twitter:label2\" content=\"Disponibilit\u00e0\" \/>\n\t<meta name=\"twitter:data2\" content=\"In stock\" \/>\n<script type=\"application\/ld+json\" class=\"yoast-schema-graph\">{\"@context\":\"https:\/\/schema.org\",\"@graph\":[{\"@type\":\"WebPage\",\"@id\":\"https:\/\/www.sestogrado.it\/it\/prodotto\/idea-montagna-val-dadige-plaisir\/\",\"url\":\"https:\/\/www.sestogrado.it\/it\/prodotto\/idea-montagna-val-dadige-plaisir\/\",\"name\":\"Idea Montagna Val d'Adige Plaisir - Sestogrado\",\"isPartOf\":{\"@id\":\"https:\/\/www.sestogrado.it\/it\/#website\"},\"primaryImageOfPage\":{\"@id\":\"https:\/\/www.sestogrado.it\/it\/prodotto\/idea-montagna-val-dadige-plaisir\/#primaryimage\"},\"image\":{\"@id\":\"https:\/\/www.sestogrado.it\/prodotto\/idea-montagna-val-dadige-plaisir\/#primaryimage\"},\"thumbnailUrl\":\"https:\/\/www.sestogrado.it\/wp-content\/uploads\/2025\/02\/val.jpg\",\"datePublished\":\"2025-02-21T10:32:33+00:00\",\"dateModified\":\"2026-01-29T08:12:13+00:00\",\"description\":\"Gi\u00e0 da diversi decenni la Val d\u2019Adige riceve una buona frequentazione sulle pareti che sovrastano il grande fiume. Fino a non molti anni fa, per\u00f2, gli arrampicatori si soffermavano sulle pareti pi\u00f9 incombenti, quelle che, passando in autostrada o sulla statale, attirano l\u2019attenzione degli appassionati. Si tratta delle pareti sul Monte Cimo, sopra il paese di Brentino, dove gli itinerari aperti sono in genere di alto livello. Lo stesso si pu\u00f2 dire per le bellissime pareti sulla Chiusa di Ceraino. Il fiume, infatti, quasi alle porte di Verona abbandona la larga vallata per incunearsi in una stretta forra dove le pareti sono praticamente a pelo d\u2019acqua. Anche queste sono state scalate fin dagli anni \u201870.\",\"breadcrumb\":{\"@id\":\"https:\/\/www.sestogrado.it\/it\/prodotto\/idea-montagna-val-dadige-plaisir\/#breadcrumb\"},\"inLanguage\":\"it-IT\",\"potentialAction\":[{\"@type\":\"ReadAction\",\"target\":[[\"https:\/\/www.sestogrado.it\/it\/prodotto\/idea-montagna-val-dadige-plaisir\/\"]]}]},{\"@type\":\"ImageObject\",\"inLanguage\":\"it-IT\",\"@id\":\"https:\/\/www.sestogrado.it\/it\/prodotto\/idea-montagna-val-dadige-plaisir\/#primaryimage\",\"url\":\"https:\/\/www.sestogrado.it\/wp-content\/uploads\/2025\/02\/val.jpg\",\"contentUrl\":\"https:\/\/www.sestogrado.it\/wp-content\/uploads\/2025\/02\/val.jpg\",\"width\":1142,\"height\":1142,\"caption\":\"val d'adige\"},{\"@type\":\"BreadcrumbList\",\"@id\":\"https:\/\/www.sestogrado.it\/it\/prodotto\/idea-montagna-val-dadige-plaisir\/#breadcrumb\",\"itemListElement\":[{\"@type\":\"ListItem\",\"position\":1,\"name\":\"Home\",\"item\":\"https:\/\/www.sestogrado.it\/it\/\"},{\"@type\":\"ListItem\",\"position\":2,\"name\":\"Shop\",\"item\":\"https:\/\/www.sestogrado.it\/it\/shop\/\"},{\"@type\":\"ListItem\",\"position\":3,\"name\":\"Idea Montagna Val d&#8217;Adige Plaisir\"}]},{\"@type\":\"WebSite\",\"@id\":\"https:\/\/www.sestogrado.it\/it\/#website\",\"url\":\"https:\/\/www.sestogrado.it\/it\/\",\"name\":\"Sestogrado\",\"description\":\"yes we climb\",\"publisher\":{\"@id\":\"https:\/\/www.sestogrado.it\/it\/#organization\"},\"potentialAction\":[{\"@type\":\"SearchAction\",\"target\":{\"@type\":\"EntryPoint\",\"urlTemplate\":\"https:\/\/www.sestogrado.it\/it\/?s={search_term_string}\"},\"query-input\":{\"@type\":\"PropertyValueSpecification\",\"valueRequired\":true,\"valueName\":\"search_term_string\"}}],\"inLanguage\":\"it-IT\"},{\"@type\":\"Organization\",\"@id\":\"https:\/\/www.sestogrado.it\/it\/#organization\",\"name\":\"Sestogrado\",\"url\":\"https:\/\/www.sestogrado.it\/it\/\",\"logo\":{\"@type\":\"ImageObject\",\"inLanguage\":\"it-IT\",\"@id\":\"https:\/\/www.sestogrado.it\/it\/#\/schema\/logo\/image\/\",\"url\":\"https:\/\/www.sestogrado.it\/wp-content\/uploads\/2015\/03\/sestogrado-favicon.png\",\"contentUrl\":\"https:\/\/www.sestogrado.it\/wp-content\/uploads\/2015\/03\/sestogrado-favicon.png\",\"width\":260,\"height\":260,\"caption\":\"Sestogrado\"},\"image\":{\"@id\":\"https:\/\/www.sestogrado.it\/it\/#\/schema\/logo\/image\/\"},\"sameAs\":[\"https:\/\/www.facebook.com\/pages\/Sestogrado\/1542635979353017?ref=bookmarks\",\"https:\/\/www.youtube.com\/channel\/UC847kAfTkaJsWpc1jtQwr3Q\"],\"hasMerchantReturnPolicy\":{\"@type\":\"MerchantReturnPolicy\",\"merchantReturnLink\":\"https:\/\/www.sestogrado.it\/it\/termini-e-condizioni\/\"}}]}<\/script>\n<meta property=\"product:brand\" content=\"Idea Montagna\" \/>\n<meta property=\"product:price:amount\" content=\"32.00\" \/>\n<meta property=\"product:price:currency\" content=\"EUR\" \/>\n<meta property=\"og:availability\" content=\"instock\" \/>\n<meta property=\"product:availability\" content=\"instock\" \/>\n<meta property=\"product:condition\" content=\"new\" \/>\n<!-- \/ Yoast SEO plugin. -->","yoast_head_json":{"title":"Idea Montagna Val d'Adige Plaisir - Sestogrado","description":"Gi\u00e0 da diversi decenni la Val d\u2019Adige riceve una buona frequentazione sulle pareti che sovrastano il grande fiume. Fino a non molti anni fa, per\u00f2, gli arrampicatori si soffermavano sulle pareti pi\u00f9 incombenti, quelle che, passando in autostrada o sulla statale, attirano l\u2019attenzione degli appassionati. Si tratta delle pareti sul Monte Cimo, sopra il paese di Brentino, dove gli itinerari aperti sono in genere di alto livello. Lo stesso si pu\u00f2 dire per le bellissime pareti sulla Chiusa di Ceraino. Il fiume, infatti, quasi alle porte di Verona abbandona la larga vallata per incunearsi in una stretta forra dove le pareti sono praticamente a pelo d\u2019acqua. Anche queste sono state scalate fin dagli anni \u201870.","robots":{"index":"index","follow":"follow","max-snippet":"max-snippet:-1","max-image-preview":"max-image-preview:large","max-video-preview":"max-video-preview:-1"},"canonical":"https:\/\/www.sestogrado.it\/it\/prodotto\/idea-montagna-val-dadige-plaisir\/","og_locale":"it_IT","og_type":"article","og_title":"Idea Montagna Val d'Adige Plaisir - Sestogrado","og_description":"Gi\u00e0 da diversi decenni la Val d\u2019Adige riceve una buona frequentazione sulle pareti che sovrastano il grande fiume. Fino a non molti anni fa, per\u00f2, gli arrampicatori si soffermavano sulle pareti pi\u00f9 incombenti, quelle che, passando in autostrada o sulla statale, attirano l\u2019attenzione degli appassionati. Si tratta delle pareti sul Monte Cimo, sopra il paese di Brentino, dove gli itinerari aperti sono in genere di alto livello. Lo stesso si pu\u00f2 dire per le bellissime pareti sulla Chiusa di Ceraino. Il fiume, infatti, quasi alle porte di Verona abbandona la larga vallata per incunearsi in una stretta forra dove le pareti sono praticamente a pelo d\u2019acqua. Anche queste sono state scalate fin dagli anni \u201870.","og_url":"https:\/\/www.sestogrado.it\/it\/prodotto\/idea-montagna-val-dadige-plaisir\/","og_site_name":"Sestogrado","article_publisher":"https:\/\/www.facebook.com\/pages\/Sestogrado\/1542635979353017?ref=bookmarks","article_modified_time":"2026-01-29T08:12:13+00:00","og_image":[{"width":1142,"height":1142,"url":"https:\/\/www.sestogrado.it\/wp-content\/uploads\/2025\/02\/val.jpg","type":"image\/jpeg"}],"twitter_misc":{"Prezzo":"&euro;&nbsp;32,00","Disponibilit\u00e0":"In stock"},"schema":{"@context":"https:\/\/schema.org","@graph":[{"@type":"WebPage","@id":"https:\/\/www.sestogrado.it\/it\/prodotto\/idea-montagna-val-dadige-plaisir\/","url":"https:\/\/www.sestogrado.it\/it\/prodotto\/idea-montagna-val-dadige-plaisir\/","name":"Idea Montagna Val d'Adige Plaisir - Sestogrado","isPartOf":{"@id":"https:\/\/www.sestogrado.it\/it\/#website"},"primaryImageOfPage":{"@id":"https:\/\/www.sestogrado.it\/it\/prodotto\/idea-montagna-val-dadige-plaisir\/#primaryimage"},"image":{"@id":"https:\/\/www.sestogrado.it\/prodotto\/idea-montagna-val-dadige-plaisir\/#primaryimage"},"thumbnailUrl":"https:\/\/www.sestogrado.it\/wp-content\/uploads\/2025\/02\/val.jpg","datePublished":"2025-02-21T10:32:33+00:00","dateModified":"2026-01-29T08:12:13+00:00","description":"Gi\u00e0 da diversi decenni la Val d\u2019Adige riceve una buona frequentazione sulle pareti che sovrastano il grande fiume. Fino a non molti anni fa, per\u00f2, gli arrampicatori si soffermavano sulle pareti pi\u00f9 incombenti, quelle che, passando in autostrada o sulla statale, attirano l\u2019attenzione degli appassionati. Si tratta delle pareti sul Monte Cimo, sopra il paese di Brentino, dove gli itinerari aperti sono in genere di alto livello. Lo stesso si pu\u00f2 dire per le bellissime pareti sulla Chiusa di Ceraino. Il fiume, infatti, quasi alle porte di Verona abbandona la larga vallata per incunearsi in una stretta forra dove le pareti sono praticamente a pelo d\u2019acqua. Anche queste sono state scalate fin dagli anni \u201870.","breadcrumb":{"@id":"https:\/\/www.sestogrado.it\/it\/prodotto\/idea-montagna-val-dadige-plaisir\/#breadcrumb"},"inLanguage":"it-IT","potentialAction":[{"@type":"ReadAction","target":[["https:\/\/www.sestogrado.it\/it\/prodotto\/idea-montagna-val-dadige-plaisir\/"]]}]},{"@type":"ImageObject","inLanguage":"it-IT","@id":"https:\/\/www.sestogrado.it\/it\/prodotto\/idea-montagna-val-dadige-plaisir\/#primaryimage","url":"https:\/\/www.sestogrado.it\/wp-content\/uploads\/2025\/02\/val.jpg","contentUrl":"https:\/\/www.sestogrado.it\/wp-content\/uploads\/2025\/02\/val.jpg","width":1142,"height":1142,"caption":"val d'adige"},{"@type":"BreadcrumbList","@id":"https:\/\/www.sestogrado.it\/it\/prodotto\/idea-montagna-val-dadige-plaisir\/#breadcrumb","itemListElement":[{"@type":"ListItem","position":1,"name":"Home","item":"https:\/\/www.sestogrado.it\/it\/"},{"@type":"ListItem","position":2,"name":"Shop","item":"https:\/\/www.sestogrado.it\/it\/shop\/"},{"@type":"ListItem","position":3,"name":"Idea Montagna Val d&#8217;Adige Plaisir"}]},{"@type":"WebSite","@id":"https:\/\/www.sestogrado.it\/it\/#website","url":"https:\/\/www.sestogrado.it\/it\/","name":"Sestogrado","description":"yes we climb","publisher":{"@id":"https:\/\/www.sestogrado.it\/it\/#organization"},"potentialAction":[{"@type":"SearchAction","target":{"@type":"EntryPoint","urlTemplate":"https:\/\/www.sestogrado.it\/it\/?s={search_term_string}"},"query-input":{"@type":"PropertyValueSpecification","valueRequired":true,"valueName":"search_term_string"}}],"inLanguage":"it-IT"},{"@type":"Organization","@id":"https:\/\/www.sestogrado.it\/it\/#organization","name":"Sestogrado","url":"https:\/\/www.sestogrado.it\/it\/","logo":{"@type":"ImageObject","inLanguage":"it-IT","@id":"https:\/\/www.sestogrado.it\/it\/#\/schema\/logo\/image\/","url":"https:\/\/www.sestogrado.it\/wp-content\/uploads\/2015\/03\/sestogrado-favicon.png","contentUrl":"https:\/\/www.sestogrado.it\/wp-content\/uploads\/2015\/03\/sestogrado-favicon.png","width":260,"height":260,"caption":"Sestogrado"},"image":{"@id":"https:\/\/www.sestogrado.it\/it\/#\/schema\/logo\/image\/"},"sameAs":["https:\/\/www.facebook.com\/pages\/Sestogrado\/1542635979353017?ref=bookmarks","https:\/\/www.youtube.com\/channel\/UC847kAfTkaJsWpc1jtQwr3Q"],"hasMerchantReturnPolicy":{"@type":"MerchantReturnPolicy","merchantReturnLink":"https:\/\/www.sestogrado.it\/it\/termini-e-condizioni\/"}}]},"product_brand":"Idea Montagna","product_price_amount":"32.00","product_price_currency":"EUR","og_availability":"instock","product_availability":"instock","product_condition":"new"},"_links":{"self":[{"href":"https:\/\/www.sestogrado.it\/it\/wp-json\/wp\/v2\/product\/183997","targetHints":{"allow":["GET"]}}],"collection":[{"href":"https:\/\/www.sestogrado.it\/it\/wp-json\/wp\/v2\/product"}],"about":[{"href":"https:\/\/www.sestogrado.it\/it\/wp-json\/wp\/v2\/types\/product"}],"replies":[{"embeddable":true,"href":"https:\/\/www.sestogrado.it\/it\/wp-json\/wp\/v2\/comments?post=183997"}],"wp:featuredmedia":[{"embeddable":true,"href":"https:\/\/www.sestogrado.it\/it\/wp-json\/wp\/v2\/media\/183998"}],"wp:attachment":[{"href":"https:\/\/www.sestogrado.it\/it\/wp-json\/wp\/v2\/media?parent=183997"}],"wp:term":[{"taxonomy":"product_brand","embeddable":true,"href":"https:\/\/www.sestogrado.it\/it\/wp-json\/wp\/v2\/product_brand?post=183997"},{"taxonomy":"product_cat","embeddable":true,"href":"https:\/\/www.sestogrado.it\/it\/wp-json\/wp\/v2\/product_cat?post=183997"},{"taxonomy":"product_tag","embeddable":true,"href":"https:\/\/www.sestogrado.it\/it\/wp-json\/wp\/v2\/product_tag?post=183997"}],"curies":[{"name":"wp","href":"https:\/\/api.w.org\/{rel}","templated":true}]}}