{"id":1837,"date":"2015-07-03T13:14:31","date_gmt":"2015-07-03T11:14:31","guid":{"rendered":"http:\/\/www.sestogrado.it\/?post_type=product&#038;p=1837"},"modified":"2025-10-11T18:19:16","modified_gmt":"2025-10-11T16:19:16","slug":"grivel-mega-k6g-moschettone-hms-arrampicata-doppia-leva","status":"publish","type":"product","link":"https:\/\/www.sestogrado.it\/it\/prodotto\/grivel-mega-k6g-moschettone-hms-arrampicata-doppia-leva\/","title":{"rendered":"Grivel Mega K6G moschettone HMS arrampicata doppia leva"},"content":{"rendered":"<p><\/p>\n<p class=\"p1\">Il Grivel Mega K6G \u00e8 un moschettone a pera\u00a0con doppia leva. Forma molto ampia per l&#8217;assicurazione con il mezzo barcaiolo e la discesa in corda doppia, con funi singole o doppie.<\/p>\n<p class=\"p1\">Il Grivel Mega K6G non \u00e8 il primo moschettone a doppia leva, ma \u00e8 il migliore. Mentre gli altri modelli sul mercato hanno le doppie leve che si aprono nello stesso senso, il Mega K6G ha le leve che si aprono in senso opposto, essenzialmente \u00e8 come avere due moschettoni girati al contrario.<\/p>\n<p class=\"p1\">La particolarit\u00e0 di questo moschettone \u00e8 l&#8217;impossibilit\u00e0 di uscita accidentale della corda, sia per sfregamento che per pressione, conferendo massima sicurezza alle manovre.<\/p>\n<p class=\"p1\">Nata nel 1818 a Courmayeur, la Grivel<b> <\/b>\u00e8 un&#8217;azienda italiana che produce attrezzature ed equipaggiamenti per alpinismo, arrampicata ed outdoor esportando in 26 paesi.\u00a0\u00a0L&#8217;azienda ha ottenuto la certificazione GS T\u00dcV dal 1992, ISO 9001 dal 1996, ISO 1400 dal 2004.\u00a0L&#8217;obiettivo di\u00a0Grivel \u00e8 di facilitare la vita agli alpinisti e agli amanti della montagna\u00a0con prodotti tecnologicamente avanzati.<\/p>\n<ul>\n<li>Attivit\u00e0: arrampicata, alpinismo<\/li>\n<li>Materiali \/ costruzione \/ tecnologie: alluminio forgiato, sistema\u00a0Twin gate\u00a0doppia leva<\/li>\n<li>Certificazione: CE EN 12275 &#8211; class H, UIAA 121, CE EN362<\/li>\n<li>Peso: 83g (2,9 once)<\/li>\n<li>Lunghezza-Larghezza-Apertura: 102-71-20 mm<\/li>\n<li>Resistenza:<br \/>\nforza cancello chiuso: 27<br \/>\nforza minore dell&#8217;asse: 10<br \/>\nforza cancello aperto: 10<\/li>\n<\/ul>\n<p class=\"p1\">Guarda il Grivel Mega K6G in azione:<\/p>\n<p>https:\/\/www.youtube.com\/watch?v=tPdSBA6Fjig<\/p>","protected":false},"excerpt":{"rendered":"<p>Il Grivel Mega K6G \u00e8 un moschettone a pera\u00a0con doppia leva. Forma molto ampia per l&#8217;assicurazione con il mezzo barcaiolo [&hellip;]<\/p>\n","protected":false},"featured_media":39386,"comment_status":"open","ping_status":"closed","template":"","meta":{"_acf_changed":false},"product_brand":[126],"product_cat":[17,132],"product_tag":[418],"class_list":{"0":"post-1837","1":"product","2":"type-product","3":"status-publish","4":"has-post-thumbnail","6":"product_brand-grivel","7":"product_cat-ferramenta","8":"product_cat-moschettoni","9":"product_tag-moschettoni","11":"first","12":"instock","13":"sale","14":"taxable","15":"shipping-taxable","16":"purchasable","17":"product-type-simple"},"acf":[],"yoast_head":"<!-- This site is optimized with the Yoast SEO plugin v26.4 - https:\/\/yoast.com\/wordpress\/plugins\/seo\/ -->\n<title>Grivel Mega K6G moschettone HMS arrampicata doppia leva - Sestogrado<\/title>\n<meta name=\"description\" content=\"Il Grivel Mega K6G \u00e8 un moschettone a leva doppia o twin gate che conferisce massima sicurezza impedendo la fuoriuscita della corda o dell&#039;assicuratore. La particolarit\u00e0 di questo moschettone \u00e8 l&#039;impossibilit\u00e0 di uscita accidentale della corda, sia per sfregamento che per pressione, conferendo massima sicurezza.Il Grivel Mega K6G \u00e8 un moschettone a leva doppia o twin gate che conferisce massima sicurezza impedendo la fuoriuscita della corda o dell&#039;assicuratore.\" \/>\n<meta name=\"robots\" content=\"index, follow, max-snippet:-1, max-image-preview:large, max-video-preview:-1\" \/>\n<link rel=\"canonical\" href=\"https:\/\/www.sestogrado.it\/it\/prodotto\/grivel-mega-k6g-moschettone-hms-arrampicata-doppia-leva\/\" \/>\n<meta property=\"og:locale\" content=\"it_IT\" \/>\n<meta property=\"og:type\" content=\"article\" \/>\n<meta property=\"og:title\" content=\"Grivel Mega K6G moschettone HMS arrampicata doppia leva - Sestogrado\" \/>\n<meta property=\"og:description\" content=\"Il Grivel Mega K6G \u00e8 un moschettone a leva doppia o twin gate che conferisce massima sicurezza impedendo la fuoriuscita della corda o dell&#039;assicuratore. La particolarit\u00e0 di questo moschettone \u00e8 l&#039;impossibilit\u00e0 di uscita accidentale della corda, sia per sfregamento che per pressione, conferendo massima sicurezza.Il Grivel Mega K6G \u00e8 un moschettone a leva doppia o twin gate che conferisce massima sicurezza impedendo la fuoriuscita della corda o dell&#039;assicuratore.\" \/>\n<meta property=\"og:url\" content=\"https:\/\/www.sestogrado.it\/it\/prodotto\/grivel-mega-k6g-moschettone-hms-arrampicata-doppia-leva\/\" \/>\n<meta property=\"og:site_name\" content=\"Sestogrado\" \/>\n<meta property=\"article:publisher\" content=\"https:\/\/www.facebook.com\/pages\/Sestogrado\/1542635979353017?ref=bookmarks\" \/>\n<meta property=\"article:modified_time\" content=\"2025-10-11T16:19:16+00:00\" \/>\n<meta property=\"og:image\" content=\"https:\/\/www.sestogrado.it\/wp-content\/uploads\/2015\/07\/k6g.jpg\" \/>\n\t<meta property=\"og:image:width\" content=\"1600\" \/>\n\t<meta property=\"og:image:height\" content=\"1600\" \/>\n\t<meta property=\"og:image:type\" content=\"image\/jpeg\" \/>\n<meta name=\"twitter:label1\" content=\"Prezzo\" \/>\n\t<meta name=\"twitter:data1\" content=\"&euro;&nbsp;17,90\" \/>\n\t<meta name=\"twitter:label2\" content=\"Disponibilit\u00e0\" \/>\n\t<meta name=\"twitter:data2\" content=\"In stock\" \/>\n<script type=\"application\/ld+json\" class=\"yoast-schema-graph\">{\"@context\":\"https:\/\/schema.org\",\"@graph\":[{\"@type\":\"WebPage\",\"@id\":\"https:\/\/www.sestogrado.it\/it\/prodotto\/grivel-mega-k6g-moschettone-hms-arrampicata-doppia-leva\/\",\"url\":\"https:\/\/www.sestogrado.it\/it\/prodotto\/grivel-mega-k6g-moschettone-hms-arrampicata-doppia-leva\/\",\"name\":\"Grivel Mega K6G moschettone HMS arrampicata doppia leva - Sestogrado\",\"isPartOf\":{\"@id\":\"https:\/\/www.sestogrado.it\/it\/#website\"},\"primaryImageOfPage\":{\"@id\":\"https:\/\/www.sestogrado.it\/it\/prodotto\/grivel-mega-k6g-moschettone-hms-arrampicata-doppia-leva\/#primaryimage\"},\"image\":{\"@id\":\"https:\/\/www.sestogrado.it\/prodotto\/grivel-mega-k6g-moschettone-hms-arrampicata-doppia-leva\/#primaryimage\"},\"thumbnailUrl\":\"https:\/\/www.sestogrado.it\/wp-content\/uploads\/2015\/07\/k6g.jpg\",\"datePublished\":\"2015-07-03T11:14:31+00:00\",\"dateModified\":\"2025-10-11T16:19:16+00:00\",\"description\":\"Il Grivel Mega K6G \u00e8 un moschettone a leva doppia o twin gate che conferisce massima sicurezza impedendo la fuoriuscita della corda o dell'assicuratore. La particolarit\u00e0 di questo moschettone \u00e8 l'impossibilit\u00e0 di uscita accidentale della corda, sia per sfregamento che per pressione, conferendo massima sicurezza.Il Grivel Mega K6G \u00e8 un moschettone a leva doppia o twin gate che conferisce massima sicurezza impedendo la fuoriuscita della corda o dell'assicuratore.\",\"breadcrumb\":{\"@id\":\"https:\/\/www.sestogrado.it\/it\/prodotto\/grivel-mega-k6g-moschettone-hms-arrampicata-doppia-leva\/#breadcrumb\"},\"inLanguage\":\"it-IT\",\"potentialAction\":[{\"@type\":\"ReadAction\",\"target\":[[\"https:\/\/www.sestogrado.it\/it\/prodotto\/grivel-mega-k6g-moschettone-hms-arrampicata-doppia-leva\/\"]]}]},{\"@type\":\"ImageObject\",\"inLanguage\":\"it-IT\",\"@id\":\"https:\/\/www.sestogrado.it\/it\/prodotto\/grivel-mega-k6g-moschettone-hms-arrampicata-doppia-leva\/#primaryimage\",\"url\":\"https:\/\/www.sestogrado.it\/wp-content\/uploads\/2015\/07\/k6g.jpg\",\"contentUrl\":\"https:\/\/www.sestogrado.it\/wp-content\/uploads\/2015\/07\/k6g.jpg\",\"width\":1600,\"height\":1600,\"caption\":\"grivel mega k6g\"},{\"@type\":\"BreadcrumbList\",\"@id\":\"https:\/\/www.sestogrado.it\/it\/prodotto\/grivel-mega-k6g-moschettone-hms-arrampicata-doppia-leva\/#breadcrumb\",\"itemListElement\":[{\"@type\":\"ListItem\",\"position\":1,\"name\":\"Home\",\"item\":\"https:\/\/www.sestogrado.it\/it\/\"},{\"@type\":\"ListItem\",\"position\":2,\"name\":\"Shop\",\"item\":\"https:\/\/www.sestogrado.it\/it\/shop\/\"},{\"@type\":\"ListItem\",\"position\":3,\"name\":\"Grivel Mega K6G moschettone HMS arrampicata doppia leva\"}]},{\"@type\":\"WebSite\",\"@id\":\"https:\/\/www.sestogrado.it\/it\/#website\",\"url\":\"https:\/\/www.sestogrado.it\/it\/\",\"name\":\"Sestogrado\",\"description\":\"yes we climb\",\"publisher\":{\"@id\":\"https:\/\/www.sestogrado.it\/it\/#organization\"},\"potentialAction\":[{\"@type\":\"SearchAction\",\"target\":{\"@type\":\"EntryPoint\",\"urlTemplate\":\"https:\/\/www.sestogrado.it\/it\/?s={search_term_string}\"},\"query-input\":{\"@type\":\"PropertyValueSpecification\",\"valueRequired\":true,\"valueName\":\"search_term_string\"}}],\"inLanguage\":\"it-IT\"},{\"@type\":\"Organization\",\"@id\":\"https:\/\/www.sestogrado.it\/it\/#organization\",\"name\":\"Sestogrado\",\"url\":\"https:\/\/www.sestogrado.it\/it\/\",\"logo\":{\"@type\":\"ImageObject\",\"inLanguage\":\"it-IT\",\"@id\":\"https:\/\/www.sestogrado.it\/it\/#\/schema\/logo\/image\/\",\"url\":\"https:\/\/www.sestogrado.it\/wp-content\/uploads\/2015\/03\/sestogrado-favicon.png\",\"contentUrl\":\"https:\/\/www.sestogrado.it\/wp-content\/uploads\/2015\/03\/sestogrado-favicon.png\",\"width\":260,\"height\":260,\"caption\":\"Sestogrado\"},\"image\":{\"@id\":\"https:\/\/www.sestogrado.it\/it\/#\/schema\/logo\/image\/\"},\"sameAs\":[\"https:\/\/www.facebook.com\/pages\/Sestogrado\/1542635979353017?ref=bookmarks\",\"https:\/\/www.youtube.com\/channel\/UC847kAfTkaJsWpc1jtQwr3Q\"],\"hasMerchantReturnPolicy\":{\"@type\":\"MerchantReturnPolicy\",\"merchantReturnLink\":\"https:\/\/www.sestogrado.it\/it\/termini-e-condizioni\/\"}}]}<\/script>\n<meta property=\"product:brand\" content=\"Grivel\" \/>\n<meta property=\"product:price:amount\" content=\"17.90\" \/>\n<meta property=\"product:price:currency\" content=\"EUR\" \/>\n<meta property=\"og:availability\" content=\"instock\" \/>\n<meta property=\"product:availability\" content=\"instock\" \/>\n<meta property=\"product:condition\" content=\"new\" \/>\n<!-- \/ Yoast SEO plugin. -->","yoast_head_json":{"title":"Grivel Mega K6G moschettone HMS arrampicata doppia leva - Sestogrado","description":"Il Grivel Mega K6G \u00e8 un moschettone a leva doppia o twin gate che conferisce massima sicurezza impedendo la fuoriuscita della corda o dell'assicuratore. La particolarit\u00e0 di questo moschettone \u00e8 l'impossibilit\u00e0 di uscita accidentale della corda, sia per sfregamento che per pressione, conferendo massima sicurezza.Il Grivel Mega K6G \u00e8 un moschettone a leva doppia o twin gate che conferisce massima sicurezza impedendo la fuoriuscita della corda o dell'assicuratore.","robots":{"index":"index","follow":"follow","max-snippet":"max-snippet:-1","max-image-preview":"max-image-preview:large","max-video-preview":"max-video-preview:-1"},"canonical":"https:\/\/www.sestogrado.it\/it\/prodotto\/grivel-mega-k6g-moschettone-hms-arrampicata-doppia-leva\/","og_locale":"it_IT","og_type":"article","og_title":"Grivel Mega K6G moschettone HMS arrampicata doppia leva - Sestogrado","og_description":"Il Grivel Mega K6G \u00e8 un moschettone a leva doppia o twin gate che conferisce massima sicurezza impedendo la fuoriuscita della corda o dell'assicuratore. La particolarit\u00e0 di questo moschettone \u00e8 l'impossibilit\u00e0 di uscita accidentale della corda, sia per sfregamento che per pressione, conferendo massima sicurezza.Il Grivel Mega K6G \u00e8 un moschettone a leva doppia o twin gate che conferisce massima sicurezza impedendo la fuoriuscita della corda o dell'assicuratore.","og_url":"https:\/\/www.sestogrado.it\/it\/prodotto\/grivel-mega-k6g-moschettone-hms-arrampicata-doppia-leva\/","og_site_name":"Sestogrado","article_publisher":"https:\/\/www.facebook.com\/pages\/Sestogrado\/1542635979353017?ref=bookmarks","article_modified_time":"2025-10-11T16:19:16+00:00","og_image":[{"width":1600,"height":1600,"url":"https:\/\/www.sestogrado.it\/wp-content\/uploads\/2015\/07\/k6g.jpg","type":"image\/jpeg"}],"twitter_misc":{"Prezzo":"&euro;&nbsp;17,90","Disponibilit\u00e0":"In stock"},"schema":{"@context":"https:\/\/schema.org","@graph":[{"@type":"WebPage","@id":"https:\/\/www.sestogrado.it\/it\/prodotto\/grivel-mega-k6g-moschettone-hms-arrampicata-doppia-leva\/","url":"https:\/\/www.sestogrado.it\/it\/prodotto\/grivel-mega-k6g-moschettone-hms-arrampicata-doppia-leva\/","name":"Grivel Mega K6G moschettone HMS arrampicata doppia leva - Sestogrado","isPartOf":{"@id":"https:\/\/www.sestogrado.it\/it\/#website"},"primaryImageOfPage":{"@id":"https:\/\/www.sestogrado.it\/it\/prodotto\/grivel-mega-k6g-moschettone-hms-arrampicata-doppia-leva\/#primaryimage"},"image":{"@id":"https:\/\/www.sestogrado.it\/prodotto\/grivel-mega-k6g-moschettone-hms-arrampicata-doppia-leva\/#primaryimage"},"thumbnailUrl":"https:\/\/www.sestogrado.it\/wp-content\/uploads\/2015\/07\/k6g.jpg","datePublished":"2015-07-03T11:14:31+00:00","dateModified":"2025-10-11T16:19:16+00:00","description":"Il Grivel Mega K6G \u00e8 un moschettone a leva doppia o twin gate che conferisce massima sicurezza impedendo la fuoriuscita della corda o dell'assicuratore. La particolarit\u00e0 di questo moschettone \u00e8 l'impossibilit\u00e0 di uscita accidentale della corda, sia per sfregamento che per pressione, conferendo massima sicurezza.Il Grivel Mega K6G \u00e8 un moschettone a leva doppia o twin gate che conferisce massima sicurezza impedendo la fuoriuscita della corda o dell'assicuratore.","breadcrumb":{"@id":"https:\/\/www.sestogrado.it\/it\/prodotto\/grivel-mega-k6g-moschettone-hms-arrampicata-doppia-leva\/#breadcrumb"},"inLanguage":"it-IT","potentialAction":[{"@type":"ReadAction","target":[["https:\/\/www.sestogrado.it\/it\/prodotto\/grivel-mega-k6g-moschettone-hms-arrampicata-doppia-leva\/"]]}]},{"@type":"ImageObject","inLanguage":"it-IT","@id":"https:\/\/www.sestogrado.it\/it\/prodotto\/grivel-mega-k6g-moschettone-hms-arrampicata-doppia-leva\/#primaryimage","url":"https:\/\/www.sestogrado.it\/wp-content\/uploads\/2015\/07\/k6g.jpg","contentUrl":"https:\/\/www.sestogrado.it\/wp-content\/uploads\/2015\/07\/k6g.jpg","width":1600,"height":1600,"caption":"grivel mega k6g"},{"@type":"BreadcrumbList","@id":"https:\/\/www.sestogrado.it\/it\/prodotto\/grivel-mega-k6g-moschettone-hms-arrampicata-doppia-leva\/#breadcrumb","itemListElement":[{"@type":"ListItem","position":1,"name":"Home","item":"https:\/\/www.sestogrado.it\/it\/"},{"@type":"ListItem","position":2,"name":"Shop","item":"https:\/\/www.sestogrado.it\/it\/shop\/"},{"@type":"ListItem","position":3,"name":"Grivel Mega K6G moschettone HMS arrampicata doppia leva"}]},{"@type":"WebSite","@id":"https:\/\/www.sestogrado.it\/it\/#website","url":"https:\/\/www.sestogrado.it\/it\/","name":"Sestogrado","description":"yes we climb","publisher":{"@id":"https:\/\/www.sestogrado.it\/it\/#organization"},"potentialAction":[{"@type":"SearchAction","target":{"@type":"EntryPoint","urlTemplate":"https:\/\/www.sestogrado.it\/it\/?s={search_term_string}"},"query-input":{"@type":"PropertyValueSpecification","valueRequired":true,"valueName":"search_term_string"}}],"inLanguage":"it-IT"},{"@type":"Organization","@id":"https:\/\/www.sestogrado.it\/it\/#organization","name":"Sestogrado","url":"https:\/\/www.sestogrado.it\/it\/","logo":{"@type":"ImageObject","inLanguage":"it-IT","@id":"https:\/\/www.sestogrado.it\/it\/#\/schema\/logo\/image\/","url":"https:\/\/www.sestogrado.it\/wp-content\/uploads\/2015\/03\/sestogrado-favicon.png","contentUrl":"https:\/\/www.sestogrado.it\/wp-content\/uploads\/2015\/03\/sestogrado-favicon.png","width":260,"height":260,"caption":"Sestogrado"},"image":{"@id":"https:\/\/www.sestogrado.it\/it\/#\/schema\/logo\/image\/"},"sameAs":["https:\/\/www.facebook.com\/pages\/Sestogrado\/1542635979353017?ref=bookmarks","https:\/\/www.youtube.com\/channel\/UC847kAfTkaJsWpc1jtQwr3Q"],"hasMerchantReturnPolicy":{"@type":"MerchantReturnPolicy","merchantReturnLink":"https:\/\/www.sestogrado.it\/it\/termini-e-condizioni\/"}}]},"product_brand":"Grivel","product_price_amount":"17.90","product_price_currency":"EUR","og_availability":"instock","product_availability":"instock","product_condition":"new"},"_links":{"self":[{"href":"https:\/\/www.sestogrado.it\/it\/wp-json\/wp\/v2\/product\/1837","targetHints":{"allow":["GET"]}}],"collection":[{"href":"https:\/\/www.sestogrado.it\/it\/wp-json\/wp\/v2\/product"}],"about":[{"href":"https:\/\/www.sestogrado.it\/it\/wp-json\/wp\/v2\/types\/product"}],"replies":[{"embeddable":true,"href":"https:\/\/www.sestogrado.it\/it\/wp-json\/wp\/v2\/comments?post=1837"}],"wp:featuredmedia":[{"embeddable":true,"href":"https:\/\/www.sestogrado.it\/it\/wp-json\/wp\/v2\/media\/39386"}],"wp:attachment":[{"href":"https:\/\/www.sestogrado.it\/it\/wp-json\/wp\/v2\/media?parent=1837"}],"wp:term":[{"taxonomy":"product_brand","embeddable":true,"href":"https:\/\/www.sestogrado.it\/it\/wp-json\/wp\/v2\/product_brand?post=1837"},{"taxonomy":"product_cat","embeddable":true,"href":"https:\/\/www.sestogrado.it\/it\/wp-json\/wp\/v2\/product_cat?post=1837"},{"taxonomy":"product_tag","embeddable":true,"href":"https:\/\/www.sestogrado.it\/it\/wp-json\/wp\/v2\/product_tag?post=1837"}],"curies":[{"name":"wp","href":"https:\/\/api.w.org\/{rel}","templated":true}]}}