{"id":18314,"date":"2018-10-24T14:36:25","date_gmt":"2018-10-24T12:36:25","guid":{"rendered":"https:\/\/www.sestogrado.it\/?post_type=product&#038;p=18314"},"modified":"2021-06-13T20:44:42","modified_gmt":"2021-06-13T18:44:42","slug":"idea-montagna-moiazza-roccia-tra-luce-e-mistero","status":"publish","type":"product","link":"https:\/\/www.sestogrado.it\/it\/prodotto\/idea-montagna-moiazza-roccia-tra-luce-e-mistero\/","title":{"rendered":"Idea Montagna Moiazza &#8211; Roccia tra luce e mistero"},"content":{"rendered":"<div id=\"slidedescr\">\n<div id=\"slidedescr-dx\">\n<div class=\"scrollervertdescrlibro\">\n<p>La Moiazza \u00e8 stata da sempre la montagna simbolo degli alpinisti di Agordo (riuniti perlopi\u00f9 nel gruppo rocciatori GIR), i quali generazione dopo generazione hanno saputo sempre con modestia e lontano da clamori mediatici, misurare il loro intuito e la loro bravura tracciandovi innumerevoli difficili salite. Anche il sottoscritto \u00e8 uno di loro.<\/p>\n<p>Avviato gi\u00e0 nei primi anni di vita sulle cime pi\u00f9 facili in groppa ai miei genitori, oggi, dopo pi\u00f9 di trent&#8217;anni, dopo aver percorso queste rocce in lungo e in largo, dopo averle salite e discese centinaia di volte, rivedo spesso frammenti della mia infanzia specchiarsi ed infrangersi su queste rocce. E sorprendentemente i ricordi pi\u00f9 forti non sono legati a corde, chiodi, moschettoni o a passaggi estremi e vie impossibili, ma ai raggi del sole che al mattino presto filtrano attraverso le strette fessure di un fienile svegliando i bambini, all&#8217;odore caratteristico dell&#8217;erba di montagna appena falciata, al battito ritmico di chi, dopo ore di duro lavoro, batteva affilando la lama della falce. D&#8217;estate si saliva faticosamente ai piedi della Moiazza, a Binatega, dove si rimaneva per una quindicina di giorni per fare il fieno che poi in autunno veniva portato a valle, che poi in inverno veniva dato alle mucche, e cos\u00ec ogni anno. E la Moiazza era l\u00ec, ogni giorno, che ci guardava, che ci ammirava, perch\u00e8 con le nostre fatiche rendevamo le sue vesti ancora pi\u00f9 belle; e noi bambini guardavamo Lei cercando di capire di che umore era, se splendeva il sole o se brontolava rumoreggiando con tuoni e fulmini.<\/p>\n<p>Oggi purtroppo quel mondo non esiste pi\u00f9. Gran parte di quel bucolico paesaggio costato tanto lavoro e fatica \u00e8 ormai abbandonato a se stesso, per colpa principalmente della politica che, incapace di scelte forti a favore delle comunit\u00e0 locali, ha lasciato a se stessa l&#8217;agricoltura di montagna.<br \/>\nMa anche avvicinandosi alle rocce la situazione \u00e8 pi\u00f9 o meno desolante. Nei pressi dell&#8217;attacco della Ferrata Costantini \u00e8 evidente un grande bollo rosso della misura circa di un frigorifero, per\u00f2 purtroppo niente birre fresche! Stessa sorte al sentiero che sale, gi\u00e0 evidente, attraverso gli Scalet delle Masenade dove un tempo si portavano a pascolare le pecore: una miriade di bolli rossi e frecce colorate indica agli alpinisti il giusto tracciato. Alla base di alcune pareti poi, ben visibili file di spit, catene, moschettoni e cordini che penzolano; una specie di &#8220;alpiconsumismo&#8221; che lentamente ma inesorabilmente sta sfruttando ed addomesticando le pareti.<\/p>\n<p>Per carit\u00e0, in montagna \u00e8 giusto che ognuno possa esprimersi come vuole, ma non dimentichiamoci che se noi oggi abbiamo l&#8217;opportunit\u00e0 di sviluppare i nostri sogni, magari piantando i nostri chiodi o i nostri spit, \u00e8 solo grazie alle generazioni precedenti che ci hanno lasciato spazi integri sulla roccia&#8230; Noi certo non stiamo ricambiando il favore!<\/p>\n<p>Mi domando che senso abbia continuare ad ammassare itinerari a pochi metri l&#8217;uno dall&#8217;altro o fare a gara per riuscire a tenere l&#8217;appiglio pi\u00f9 piccolo essendoci gi\u00e0 numerosi siti dove si pu\u00f2 arrampicare in tutta sicurezza o su alte difficolt\u00e0. Forse il bisogno primario dell&#8217;essere umano in questo particolare ambiente \u00e8 quello di vivere un&#8217;avventura al di fuori della solita quotidianit\u00e0. In un mondo dove tutto \u00e8 programmato e scandito, dove quasi nulla \u00e8 lasciato al caso, la montagna pu\u00f2 essere per molti un rifugio dove assaporare il gusto dell&#8217;avventura, immergendosi in spazi ancora selvaggi, spingendosi magari verso l&#8217;ignoto o ascoltando la cosa pi\u00f9 straordinaria dei monti e cio\u00e8 il silenzio. Sarebbe senz&#8217;altro pi\u00f9 saggio apprezzare e vivere le &#8220;terre alte&#8221; lasciandole come la natura in milioni di anni le ha formate e modellate, perch\u00e8 l&#8217;unica vera valorizzazione dei monti passa per la salvaguardia e il rispetto dell&#8217;ambiente al suo stato pi\u00f9 naturale.<\/p>\n<p>Mi rendo conto di aver contribuito in maniera sostanziale alla massiccia frequentazione di queste vette. L&#8217;intento, non potendo nascondere queste montagne in tasca, era quello di creare una certa tendenza riscoprendo le vecchie salite e valorizzando l&#8217;alpinismo pi\u00f9 tradizionale (che \u00e8 anche quello meno invasivo) che a me aveva in fondo dato tante soddisfazioni.<\/p>\n<p>Quello che ne \u00e8 uscito non \u00e8 la solita guida di arrampicata che solitamente propone ascensioni ben attrezzate e preconfezionate per il grande pubblico che evidenzia il &#8220;meglio del meglio&#8221; (o il &#8220;meglio del peggio&#8221;), bens\u00ec una raccolta di itinerari dove il primo criterio di scelta \u00e8 stato il valore alpinistico delle salite, dove nulla si deve dare per scontato e dove bisogna ancora conquistarsi la vetta con fatica, intuito ed esperienza. Perch\u00e8 questa, al di l\u00e0 delle mode che passano, \u00e8 l&#8217;unica e vera essenza dell&#8217;alpinismo.<\/p>\n<\/div>\n<\/div>\n<\/div>\n<div class=\"break\"><\/div>\n<p>Sfoglia il pdf:<\/p>\n<p><iframe style=\"border: 1px solid #CCC; border-width: 1px; margin-bottom: 5px; max-width: 100%;\" src=\"\/\/www.slideshare.net\/slideshow\/embed_code\/key\/3aA5nFFbPxa0eI\" width=\"595\" height=\"485\" frameborder=\"0\" marginwidth=\"0\" marginheight=\"0\" scrolling=\"no\" allowfullscreen=\"allowfullscreen\" data-mce-fragment=\"1\"> <\/iframe><\/p>\n","protected":false},"excerpt":{"rendered":"<p>La Moiazza \u00e8 stata da sempre la montagna simbolo degli alpinisti di Agordo (riuniti perlopi\u00f9 nel gruppo rocciatori GIR), i [&hellip;]<\/p>\n","protected":false},"featured_media":18316,"comment_status":"open","ping_status":"closed","template":"","meta":{"_acf_changed":false},"product_brand":[331],"product_cat":[98],"product_tag":[531,530],"class_list":{"0":"post-18314","1":"product","2":"type-product","3":"status-publish","4":"has-post-thumbnail","6":"product_brand-idea-montagna","7":"product_cat-libri","8":"product_tag-guide-montagna","9":"product_tag-libri-montagna","11":"first","12":"instock","13":"taxable","14":"shipping-taxable","15":"purchasable","16":"product-type-simple"},"acf":[],"yoast_head":"<!-- This site is optimized with the Yoast SEO plugin v26.4 - https:\/\/yoast.com\/wordpress\/plugins\/seo\/ -->\n<title>Idea Montagna Moiazza - Roccia tra luce e mistero - Sestogrado<\/title>\n<meta name=\"description\" content=\"La Moiazza \u00e8 stata da sempre la montagna simbolo degli alpinisti di Agordo (riuniti perlopi\u00f9 nel gruppo rocciatori GIR), i quali generazione dopo generazione hanno saputo sempre con modestia e lontano da clamori mediatici, misurare il loro intuito e la loro bravura tracciandovi innumerevoli difficili salite.\" \/>\n<meta name=\"robots\" content=\"index, follow, max-snippet:-1, max-image-preview:large, max-video-preview:-1\" \/>\n<link rel=\"canonical\" href=\"https:\/\/www.sestogrado.it\/it\/prodotto\/idea-montagna-moiazza-roccia-tra-luce-e-mistero\/\" \/>\n<meta property=\"og:locale\" content=\"it_IT\" \/>\n<meta property=\"og:type\" content=\"article\" \/>\n<meta property=\"og:title\" content=\"Idea Montagna Moiazza - Roccia tra luce e mistero - Sestogrado\" \/>\n<meta property=\"og:description\" content=\"La Moiazza \u00e8 stata da sempre la montagna simbolo degli alpinisti di Agordo (riuniti perlopi\u00f9 nel gruppo rocciatori GIR), i quali generazione dopo generazione hanno saputo sempre con modestia e lontano da clamori mediatici, misurare il loro intuito e la loro bravura tracciandovi innumerevoli difficili salite.\" \/>\n<meta property=\"og:url\" content=\"https:\/\/www.sestogrado.it\/it\/prodotto\/idea-montagna-moiazza-roccia-tra-luce-e-mistero\/\" \/>\n<meta property=\"og:site_name\" content=\"Sestogrado\" \/>\n<meta property=\"article:publisher\" content=\"https:\/\/www.facebook.com\/pages\/Sestogrado\/1542635979353017?ref=bookmarks\" \/>\n<meta property=\"article:modified_time\" content=\"2021-06-13T18:44:42+00:00\" \/>\n<meta property=\"og:image\" content=\"https:\/\/www.sestogrado.it\/wp-content\/uploads\/2018\/10\/moiazza.jpg\" \/>\n\t<meta property=\"og:image:width\" content=\"900\" \/>\n\t<meta property=\"og:image:height\" content=\"900\" \/>\n\t<meta property=\"og:image:type\" content=\"image\/jpeg\" \/>\n<meta name=\"twitter:label1\" content=\"Prezzo\" \/>\n\t<meta name=\"twitter:data1\" content=\"&euro;&nbsp;25,50\" \/>\n\t<meta name=\"twitter:label2\" content=\"Disponibilit\u00e0\" \/>\n\t<meta name=\"twitter:data2\" content=\"In stock\" \/>\n<script type=\"application\/ld+json\" class=\"yoast-schema-graph\">{\"@context\":\"https:\/\/schema.org\",\"@graph\":[{\"@type\":\"WebPage\",\"@id\":\"https:\/\/www.sestogrado.it\/it\/prodotto\/idea-montagna-moiazza-roccia-tra-luce-e-mistero\/\",\"url\":\"https:\/\/www.sestogrado.it\/it\/prodotto\/idea-montagna-moiazza-roccia-tra-luce-e-mistero\/\",\"name\":\"Idea Montagna Moiazza - Roccia tra luce e mistero - Sestogrado\",\"isPartOf\":{\"@id\":\"https:\/\/www.sestogrado.it\/it\/#website\"},\"primaryImageOfPage\":{\"@id\":\"https:\/\/www.sestogrado.it\/it\/prodotto\/idea-montagna-moiazza-roccia-tra-luce-e-mistero\/#primaryimage\"},\"image\":{\"@id\":\"https:\/\/www.sestogrado.it\/prodotto\/idea-montagna-moiazza-roccia-tra-luce-e-mistero\/#primaryimage\"},\"thumbnailUrl\":\"https:\/\/www.sestogrado.it\/wp-content\/uploads\/2018\/10\/moiazza.jpg\",\"datePublished\":\"2018-10-24T12:36:25+00:00\",\"dateModified\":\"2021-06-13T18:44:42+00:00\",\"description\":\"La Moiazza \u00e8 stata da sempre la montagna simbolo degli alpinisti di Agordo (riuniti perlopi\u00f9 nel gruppo rocciatori GIR), i quali generazione dopo generazione hanno saputo sempre con modestia e lontano da clamori mediatici, misurare il loro intuito e la loro bravura tracciandovi innumerevoli difficili salite.\",\"breadcrumb\":{\"@id\":\"https:\/\/www.sestogrado.it\/it\/prodotto\/idea-montagna-moiazza-roccia-tra-luce-e-mistero\/#breadcrumb\"},\"inLanguage\":\"it-IT\",\"potentialAction\":[{\"@type\":\"ReadAction\",\"target\":[[\"https:\/\/www.sestogrado.it\/it\/prodotto\/idea-montagna-moiazza-roccia-tra-luce-e-mistero\/\"]]}]},{\"@type\":\"ImageObject\",\"inLanguage\":\"it-IT\",\"@id\":\"https:\/\/www.sestogrado.it\/it\/prodotto\/idea-montagna-moiazza-roccia-tra-luce-e-mistero\/#primaryimage\",\"url\":\"https:\/\/www.sestogrado.it\/wp-content\/uploads\/2018\/10\/moiazza.jpg\",\"contentUrl\":\"https:\/\/www.sestogrado.it\/wp-content\/uploads\/2018\/10\/moiazza.jpg\",\"width\":900,\"height\":900,\"caption\":\"moiazza\"},{\"@type\":\"BreadcrumbList\",\"@id\":\"https:\/\/www.sestogrado.it\/it\/prodotto\/idea-montagna-moiazza-roccia-tra-luce-e-mistero\/#breadcrumb\",\"itemListElement\":[{\"@type\":\"ListItem\",\"position\":1,\"name\":\"Home\",\"item\":\"https:\/\/www.sestogrado.it\/it\/\"},{\"@type\":\"ListItem\",\"position\":2,\"name\":\"Shop\",\"item\":\"https:\/\/www.sestogrado.it\/it\/shop\/\"},{\"@type\":\"ListItem\",\"position\":3,\"name\":\"Idea Montagna Moiazza &#8211; Roccia tra luce e mistero\"}]},{\"@type\":\"WebSite\",\"@id\":\"https:\/\/www.sestogrado.it\/it\/#website\",\"url\":\"https:\/\/www.sestogrado.it\/it\/\",\"name\":\"Sestogrado\",\"description\":\"yes we climb\",\"publisher\":{\"@id\":\"https:\/\/www.sestogrado.it\/it\/#organization\"},\"potentialAction\":[{\"@type\":\"SearchAction\",\"target\":{\"@type\":\"EntryPoint\",\"urlTemplate\":\"https:\/\/www.sestogrado.it\/it\/?s={search_term_string}\"},\"query-input\":{\"@type\":\"PropertyValueSpecification\",\"valueRequired\":true,\"valueName\":\"search_term_string\"}}],\"inLanguage\":\"it-IT\"},{\"@type\":\"Organization\",\"@id\":\"https:\/\/www.sestogrado.it\/it\/#organization\",\"name\":\"Sestogrado\",\"url\":\"https:\/\/www.sestogrado.it\/it\/\",\"logo\":{\"@type\":\"ImageObject\",\"inLanguage\":\"it-IT\",\"@id\":\"https:\/\/www.sestogrado.it\/it\/#\/schema\/logo\/image\/\",\"url\":\"https:\/\/www.sestogrado.it\/wp-content\/uploads\/2015\/03\/sestogrado-favicon.png\",\"contentUrl\":\"https:\/\/www.sestogrado.it\/wp-content\/uploads\/2015\/03\/sestogrado-favicon.png\",\"width\":260,\"height\":260,\"caption\":\"Sestogrado\"},\"image\":{\"@id\":\"https:\/\/www.sestogrado.it\/it\/#\/schema\/logo\/image\/\"},\"sameAs\":[\"https:\/\/www.facebook.com\/pages\/Sestogrado\/1542635979353017?ref=bookmarks\",\"https:\/\/www.youtube.com\/channel\/UC847kAfTkaJsWpc1jtQwr3Q\"],\"hasMerchantReturnPolicy\":{\"@type\":\"MerchantReturnPolicy\",\"merchantReturnLink\":\"https:\/\/www.sestogrado.it\/it\/termini-e-condizioni\/\"}}]}<\/script>\n<meta property=\"product:brand\" content=\"Idea Montagna\" \/>\n<meta property=\"product:price:amount\" content=\"25.50\" \/>\n<meta property=\"product:price:currency\" content=\"EUR\" \/>\n<meta property=\"og:availability\" content=\"instock\" \/>\n<meta property=\"product:availability\" content=\"instock\" \/>\n<meta property=\"product:condition\" content=\"new\" \/>\n<!-- \/ Yoast SEO plugin. -->","yoast_head_json":{"title":"Idea Montagna Moiazza - Roccia tra luce e mistero - Sestogrado","description":"La Moiazza \u00e8 stata da sempre la montagna simbolo degli alpinisti di Agordo (riuniti perlopi\u00f9 nel gruppo rocciatori GIR), i quali generazione dopo generazione hanno saputo sempre con modestia e lontano da clamori mediatici, misurare il loro intuito e la loro bravura tracciandovi innumerevoli difficili salite.","robots":{"index":"index","follow":"follow","max-snippet":"max-snippet:-1","max-image-preview":"max-image-preview:large","max-video-preview":"max-video-preview:-1"},"canonical":"https:\/\/www.sestogrado.it\/it\/prodotto\/idea-montagna-moiazza-roccia-tra-luce-e-mistero\/","og_locale":"it_IT","og_type":"article","og_title":"Idea Montagna Moiazza - Roccia tra luce e mistero - Sestogrado","og_description":"La Moiazza \u00e8 stata da sempre la montagna simbolo degli alpinisti di Agordo (riuniti perlopi\u00f9 nel gruppo rocciatori GIR), i quali generazione dopo generazione hanno saputo sempre con modestia e lontano da clamori mediatici, misurare il loro intuito e la loro bravura tracciandovi innumerevoli difficili salite.","og_url":"https:\/\/www.sestogrado.it\/it\/prodotto\/idea-montagna-moiazza-roccia-tra-luce-e-mistero\/","og_site_name":"Sestogrado","article_publisher":"https:\/\/www.facebook.com\/pages\/Sestogrado\/1542635979353017?ref=bookmarks","article_modified_time":"2021-06-13T18:44:42+00:00","og_image":[{"width":900,"height":900,"url":"https:\/\/www.sestogrado.it\/wp-content\/uploads\/2018\/10\/moiazza.jpg","type":"image\/jpeg"}],"twitter_misc":{"Prezzo":"&euro;&nbsp;25,50","Disponibilit\u00e0":"In stock"},"schema":{"@context":"https:\/\/schema.org","@graph":[{"@type":"WebPage","@id":"https:\/\/www.sestogrado.it\/it\/prodotto\/idea-montagna-moiazza-roccia-tra-luce-e-mistero\/","url":"https:\/\/www.sestogrado.it\/it\/prodotto\/idea-montagna-moiazza-roccia-tra-luce-e-mistero\/","name":"Idea Montagna Moiazza - Roccia tra luce e mistero - Sestogrado","isPartOf":{"@id":"https:\/\/www.sestogrado.it\/it\/#website"},"primaryImageOfPage":{"@id":"https:\/\/www.sestogrado.it\/it\/prodotto\/idea-montagna-moiazza-roccia-tra-luce-e-mistero\/#primaryimage"},"image":{"@id":"https:\/\/www.sestogrado.it\/prodotto\/idea-montagna-moiazza-roccia-tra-luce-e-mistero\/#primaryimage"},"thumbnailUrl":"https:\/\/www.sestogrado.it\/wp-content\/uploads\/2018\/10\/moiazza.jpg","datePublished":"2018-10-24T12:36:25+00:00","dateModified":"2021-06-13T18:44:42+00:00","description":"La Moiazza \u00e8 stata da sempre la montagna simbolo degli alpinisti di Agordo (riuniti perlopi\u00f9 nel gruppo rocciatori GIR), i quali generazione dopo generazione hanno saputo sempre con modestia e lontano da clamori mediatici, misurare il loro intuito e la loro bravura tracciandovi innumerevoli difficili salite.","breadcrumb":{"@id":"https:\/\/www.sestogrado.it\/it\/prodotto\/idea-montagna-moiazza-roccia-tra-luce-e-mistero\/#breadcrumb"},"inLanguage":"it-IT","potentialAction":[{"@type":"ReadAction","target":[["https:\/\/www.sestogrado.it\/it\/prodotto\/idea-montagna-moiazza-roccia-tra-luce-e-mistero\/"]]}]},{"@type":"ImageObject","inLanguage":"it-IT","@id":"https:\/\/www.sestogrado.it\/it\/prodotto\/idea-montagna-moiazza-roccia-tra-luce-e-mistero\/#primaryimage","url":"https:\/\/www.sestogrado.it\/wp-content\/uploads\/2018\/10\/moiazza.jpg","contentUrl":"https:\/\/www.sestogrado.it\/wp-content\/uploads\/2018\/10\/moiazza.jpg","width":900,"height":900,"caption":"moiazza"},{"@type":"BreadcrumbList","@id":"https:\/\/www.sestogrado.it\/it\/prodotto\/idea-montagna-moiazza-roccia-tra-luce-e-mistero\/#breadcrumb","itemListElement":[{"@type":"ListItem","position":1,"name":"Home","item":"https:\/\/www.sestogrado.it\/it\/"},{"@type":"ListItem","position":2,"name":"Shop","item":"https:\/\/www.sestogrado.it\/it\/shop\/"},{"@type":"ListItem","position":3,"name":"Idea Montagna Moiazza &#8211; Roccia tra luce e mistero"}]},{"@type":"WebSite","@id":"https:\/\/www.sestogrado.it\/it\/#website","url":"https:\/\/www.sestogrado.it\/it\/","name":"Sestogrado","description":"yes we climb","publisher":{"@id":"https:\/\/www.sestogrado.it\/it\/#organization"},"potentialAction":[{"@type":"SearchAction","target":{"@type":"EntryPoint","urlTemplate":"https:\/\/www.sestogrado.it\/it\/?s={search_term_string}"},"query-input":{"@type":"PropertyValueSpecification","valueRequired":true,"valueName":"search_term_string"}}],"inLanguage":"it-IT"},{"@type":"Organization","@id":"https:\/\/www.sestogrado.it\/it\/#organization","name":"Sestogrado","url":"https:\/\/www.sestogrado.it\/it\/","logo":{"@type":"ImageObject","inLanguage":"it-IT","@id":"https:\/\/www.sestogrado.it\/it\/#\/schema\/logo\/image\/","url":"https:\/\/www.sestogrado.it\/wp-content\/uploads\/2015\/03\/sestogrado-favicon.png","contentUrl":"https:\/\/www.sestogrado.it\/wp-content\/uploads\/2015\/03\/sestogrado-favicon.png","width":260,"height":260,"caption":"Sestogrado"},"image":{"@id":"https:\/\/www.sestogrado.it\/it\/#\/schema\/logo\/image\/"},"sameAs":["https:\/\/www.facebook.com\/pages\/Sestogrado\/1542635979353017?ref=bookmarks","https:\/\/www.youtube.com\/channel\/UC847kAfTkaJsWpc1jtQwr3Q"],"hasMerchantReturnPolicy":{"@type":"MerchantReturnPolicy","merchantReturnLink":"https:\/\/www.sestogrado.it\/it\/termini-e-condizioni\/"}}]},"product_brand":"Idea Montagna","product_price_amount":"25.50","product_price_currency":"EUR","og_availability":"instock","product_availability":"instock","product_condition":"new"},"_links":{"self":[{"href":"https:\/\/www.sestogrado.it\/it\/wp-json\/wp\/v2\/product\/18314","targetHints":{"allow":["GET"]}}],"collection":[{"href":"https:\/\/www.sestogrado.it\/it\/wp-json\/wp\/v2\/product"}],"about":[{"href":"https:\/\/www.sestogrado.it\/it\/wp-json\/wp\/v2\/types\/product"}],"replies":[{"embeddable":true,"href":"https:\/\/www.sestogrado.it\/it\/wp-json\/wp\/v2\/comments?post=18314"}],"wp:featuredmedia":[{"embeddable":true,"href":"https:\/\/www.sestogrado.it\/it\/wp-json\/wp\/v2\/media\/18316"}],"wp:attachment":[{"href":"https:\/\/www.sestogrado.it\/it\/wp-json\/wp\/v2\/media?parent=18314"}],"wp:term":[{"taxonomy":"product_brand","embeddable":true,"href":"https:\/\/www.sestogrado.it\/it\/wp-json\/wp\/v2\/product_brand?post=18314"},{"taxonomy":"product_cat","embeddable":true,"href":"https:\/\/www.sestogrado.it\/it\/wp-json\/wp\/v2\/product_cat?post=18314"},{"taxonomy":"product_tag","embeddable":true,"href":"https:\/\/www.sestogrado.it\/it\/wp-json\/wp\/v2\/product_tag?post=18314"}],"curies":[{"name":"wp","href":"https:\/\/api.w.org\/{rel}","templated":true}]}}