{"id":182577,"date":"2025-02-12T09:34:17","date_gmt":"2025-02-12T08:34:17","guid":{"rendered":"https:\/\/www.sestogrado.it\/?post_type=product&#038;p=182577"},"modified":"2026-04-24T10:33:45","modified_gmt":"2026-04-24T08:33:45","slug":"beal-expresso-longe-di-auto-assicurazione","status":"publish","type":"product","link":"https:\/\/www.sestogrado.it\/it\/prodotto\/beal-expresso-longe-di-auto-assicurazione\/","title":{"rendered":"Beal Expresso longe di auto assicurazione"},"content":{"rendered":"<p>Il Beal Expresso \u00e8 una longe di auto assicurazione con doppio cordino con fettuccia in Dyneema. L&#8217;Expresso \u00e8 un doppio cordino progettato per alleggerire la tua attrezzatura da arrampicata e facilitare la discesa in corda doppia grazie alla sua fettuccia in Dyneema, leggera e compatta.<\/p>\n<p>L&#8217;Expresso pu\u00f2 essere utilizzato come cordino singolo per assicurarti durante l&#8217;arrampicata sportiva e come doppio cordino per l&#8217;arrampicata multipitch. \u00c8 inoltre adatto per il soccorso in crepaccio durante le escursioni su ghiacciaio e lo sci alpinismo.<\/p>\n<p>&nbsp;<\/p>\n<p>&nbsp;<\/p>\n<p>Beal \u00e8 leader mondiale nella produzione di corde arrampicata da montagna grazie ad un avanzato sviluppo tecnologico nel processo \u00a0di fabbricazione che gli \u00e8 valso il certificato Iso 9001. Sempre attento alle esigenze degli arrampicatori, \u00e8 stata in grado di apportare dinamicit\u00e0 alla pratica dell\u2019arrampicata grazie ad un\u2019intensa attivit\u00e0 di ricerca. In particolare, Black Limit, Program System, trattamento Dry Cover, imbragature Aero, tecnologia Unicore.<\/p>","protected":false},"excerpt":{"rendered":"<p>Il Beal Expresso \u00e8 una longe di auto assicurazione con doppio cordino con fettuccia in Dyneema. L&#8217;Expresso \u00e8 un doppio [&hellip;]<\/p>\n","protected":false},"featured_media":182578,"comment_status":"open","ping_status":"closed","template":"","meta":{"_acf_changed":false},"product_brand":[84],"product_cat":[137],"product_tag":[],"class_list":{"0":"post-182577","1":"product","2":"type-product","3":"status-publish","4":"has-post-thumbnail","6":"product_brand-beal","7":"product_cat-fettucce-e-cordini","9":"first","10":"instock","11":"sale","12":"taxable","13":"shipping-taxable","14":"purchasable","15":"product-type-simple"},"acf":[],"yoast_head":"<!-- This site is optimized with the Yoast SEO plugin v26.4 - https:\/\/yoast.com\/wordpress\/plugins\/seo\/ -->\n<title>Beal Expresso longe di auto assicurazione - Sestogrado<\/title>\n<meta name=\"description\" content=\"Il Beal Expresso \u00e8 una longe di auto assicurazione con doppio cordino con fettuccia in Dyneema. L&#039;Expresso \u00e8 un doppio cordino progettato per alleggerire la tua attrezzatura da arrampicata e facilitare la discesa in corda doppia grazie alla sua fettuccia in Dyneema, leggera e compatta.L&#039;Expresso pu\u00f2 essere utilizzato come cordino singolo per assicurarti durante l&#039;arrampicata sportiva e come doppio cordino per l&#039;arrampicata multipitch. \u00c8 inoltre adatto per il soccorso in crepaccio durante le escursioni su ghiacciaio e lo sci alpinismo.\" \/>\n<meta name=\"robots\" content=\"index, follow, max-snippet:-1, max-image-preview:large, max-video-preview:-1\" \/>\n<link rel=\"canonical\" href=\"https:\/\/www.sestogrado.it\/it\/prodotto\/beal-expresso-longe-di-auto-assicurazione\/\" \/>\n<meta property=\"og:locale\" content=\"it_IT\" \/>\n<meta property=\"og:type\" content=\"article\" \/>\n<meta property=\"og:title\" content=\"Beal Expresso longe di auto assicurazione - Sestogrado\" \/>\n<meta property=\"og:description\" content=\"Il Beal Expresso \u00e8 una longe di auto assicurazione con doppio cordino con fettuccia in Dyneema. L&#039;Expresso \u00e8 un doppio cordino progettato per alleggerire la tua attrezzatura da arrampicata e facilitare la discesa in corda doppia grazie alla sua fettuccia in Dyneema, leggera e compatta.L&#039;Expresso pu\u00f2 essere utilizzato come cordino singolo per assicurarti durante l&#039;arrampicata sportiva e come doppio cordino per l&#039;arrampicata multipitch. \u00c8 inoltre adatto per il soccorso in crepaccio durante le escursioni su ghiacciaio e lo sci alpinismo.\" \/>\n<meta property=\"og:url\" content=\"https:\/\/www.sestogrado.it\/it\/prodotto\/beal-expresso-longe-di-auto-assicurazione\/\" \/>\n<meta property=\"og:site_name\" content=\"Sestogrado\" \/>\n<meta property=\"article:publisher\" content=\"https:\/\/www.facebook.com\/pages\/Sestogrado\/1542635979353017?ref=bookmarks\" \/>\n<meta property=\"article:modified_time\" content=\"2026-04-24T08:33:45+00:00\" \/>\n<meta property=\"og:image\" content=\"https:\/\/www.sestogrado.it\/wp-content\/uploads\/2025\/02\/08.jpg\" \/>\n\t<meta property=\"og:image:width\" content=\"858\" \/>\n\t<meta property=\"og:image:height\" content=\"858\" \/>\n\t<meta property=\"og:image:type\" content=\"image\/jpeg\" \/>\n<meta name=\"twitter:label1\" content=\"Prezzo\" \/>\n\t<meta name=\"twitter:data1\" content=\"&euro;&nbsp;24,90\" \/>\n\t<meta name=\"twitter:label2\" content=\"Disponibilit\u00e0\" \/>\n\t<meta name=\"twitter:data2\" content=\"In stock\" \/>\n<script type=\"application\/ld+json\" class=\"yoast-schema-graph\">{\"@context\":\"https:\/\/schema.org\",\"@graph\":[{\"@type\":\"WebPage\",\"@id\":\"https:\/\/www.sestogrado.it\/it\/prodotto\/beal-expresso-longe-di-auto-assicurazione\/\",\"url\":\"https:\/\/www.sestogrado.it\/it\/prodotto\/beal-expresso-longe-di-auto-assicurazione\/\",\"name\":\"Beal Expresso longe di auto assicurazione - Sestogrado\",\"isPartOf\":{\"@id\":\"https:\/\/www.sestogrado.it\/it\/#website\"},\"primaryImageOfPage\":{\"@id\":\"https:\/\/www.sestogrado.it\/it\/prodotto\/beal-expresso-longe-di-auto-assicurazione\/#primaryimage\"},\"image\":{\"@id\":\"https:\/\/www.sestogrado.it\/prodotto\/beal-expresso-longe-di-auto-assicurazione\/#primaryimage\"},\"thumbnailUrl\":\"https:\/\/www.sestogrado.it\/wp-content\/uploads\/2025\/02\/08.jpg\",\"datePublished\":\"2025-02-12T08:34:17+00:00\",\"dateModified\":\"2026-04-24T08:33:45+00:00\",\"description\":\"Il Beal Expresso \u00e8 una longe di auto assicurazione con doppio cordino con fettuccia in Dyneema. L'Expresso \u00e8 un doppio cordino progettato per alleggerire la tua attrezzatura da arrampicata e facilitare la discesa in corda doppia grazie alla sua fettuccia in Dyneema, leggera e compatta.L'Expresso pu\u00f2 essere utilizzato come cordino singolo per assicurarti durante l'arrampicata sportiva e come doppio cordino per l'arrampicata multipitch. \u00c8 inoltre adatto per il soccorso in crepaccio durante le escursioni su ghiacciaio e lo sci alpinismo.\",\"breadcrumb\":{\"@id\":\"https:\/\/www.sestogrado.it\/it\/prodotto\/beal-expresso-longe-di-auto-assicurazione\/#breadcrumb\"},\"inLanguage\":\"it-IT\",\"potentialAction\":[{\"@type\":\"ReadAction\",\"target\":[[\"https:\/\/www.sestogrado.it\/it\/prodotto\/beal-expresso-longe-di-auto-assicurazione\/\"]]}]},{\"@type\":\"ImageObject\",\"inLanguage\":\"it-IT\",\"@id\":\"https:\/\/www.sestogrado.it\/it\/prodotto\/beal-expresso-longe-di-auto-assicurazione\/#primaryimage\",\"url\":\"https:\/\/www.sestogrado.it\/wp-content\/uploads\/2025\/02\/08.jpg\",\"contentUrl\":\"https:\/\/www.sestogrado.it\/wp-content\/uploads\/2025\/02\/08.jpg\",\"width\":858,\"height\":858,\"caption\":\"beal expresso\"},{\"@type\":\"BreadcrumbList\",\"@id\":\"https:\/\/www.sestogrado.it\/it\/prodotto\/beal-expresso-longe-di-auto-assicurazione\/#breadcrumb\",\"itemListElement\":[{\"@type\":\"ListItem\",\"position\":1,\"name\":\"Home\",\"item\":\"https:\/\/www.sestogrado.it\/it\/\"},{\"@type\":\"ListItem\",\"position\":2,\"name\":\"Shop\",\"item\":\"https:\/\/www.sestogrado.it\/it\/shop\/\"},{\"@type\":\"ListItem\",\"position\":3,\"name\":\"Beal Expresso longe di auto assicurazione\"}]},{\"@type\":\"WebSite\",\"@id\":\"https:\/\/www.sestogrado.it\/it\/#website\",\"url\":\"https:\/\/www.sestogrado.it\/it\/\",\"name\":\"Sestogrado\",\"description\":\"yes we climb\",\"publisher\":{\"@id\":\"https:\/\/www.sestogrado.it\/it\/#organization\"},\"potentialAction\":[{\"@type\":\"SearchAction\",\"target\":{\"@type\":\"EntryPoint\",\"urlTemplate\":\"https:\/\/www.sestogrado.it\/it\/?s={search_term_string}\"},\"query-input\":{\"@type\":\"PropertyValueSpecification\",\"valueRequired\":true,\"valueName\":\"search_term_string\"}}],\"inLanguage\":\"it-IT\"},{\"@type\":\"Organization\",\"@id\":\"https:\/\/www.sestogrado.it\/it\/#organization\",\"name\":\"Sestogrado\",\"url\":\"https:\/\/www.sestogrado.it\/it\/\",\"logo\":{\"@type\":\"ImageObject\",\"inLanguage\":\"it-IT\",\"@id\":\"https:\/\/www.sestogrado.it\/it\/#\/schema\/logo\/image\/\",\"url\":\"https:\/\/www.sestogrado.it\/wp-content\/uploads\/2015\/03\/sestogrado-favicon.png\",\"contentUrl\":\"https:\/\/www.sestogrado.it\/wp-content\/uploads\/2015\/03\/sestogrado-favicon.png\",\"width\":260,\"height\":260,\"caption\":\"Sestogrado\"},\"image\":{\"@id\":\"https:\/\/www.sestogrado.it\/it\/#\/schema\/logo\/image\/\"},\"sameAs\":[\"https:\/\/www.facebook.com\/pages\/Sestogrado\/1542635979353017?ref=bookmarks\",\"https:\/\/www.youtube.com\/channel\/UC847kAfTkaJsWpc1jtQwr3Q\"],\"hasMerchantReturnPolicy\":{\"@type\":\"MerchantReturnPolicy\",\"merchantReturnLink\":\"https:\/\/www.sestogrado.it\/it\/termini-e-condizioni\/\"}}]}<\/script>\n<meta property=\"product:brand\" content=\"Beal\" \/>\n<meta property=\"product:price:amount\" content=\"24.90\" \/>\n<meta property=\"product:price:currency\" content=\"EUR\" \/>\n<meta property=\"og:availability\" content=\"instock\" \/>\n<meta property=\"product:availability\" content=\"instock\" \/>\n<meta property=\"product:condition\" content=\"new\" \/>\n<!-- \/ Yoast SEO plugin. -->","yoast_head_json":{"title":"Beal Expresso longe di auto assicurazione - Sestogrado","description":"Il Beal Expresso \u00e8 una longe di auto assicurazione con doppio cordino con fettuccia in Dyneema. L'Expresso \u00e8 un doppio cordino progettato per alleggerire la tua attrezzatura da arrampicata e facilitare la discesa in corda doppia grazie alla sua fettuccia in Dyneema, leggera e compatta.L'Expresso pu\u00f2 essere utilizzato come cordino singolo per assicurarti durante l'arrampicata sportiva e come doppio cordino per l'arrampicata multipitch. \u00c8 inoltre adatto per il soccorso in crepaccio durante le escursioni su ghiacciaio e lo sci alpinismo.","robots":{"index":"index","follow":"follow","max-snippet":"max-snippet:-1","max-image-preview":"max-image-preview:large","max-video-preview":"max-video-preview:-1"},"canonical":"https:\/\/www.sestogrado.it\/it\/prodotto\/beal-expresso-longe-di-auto-assicurazione\/","og_locale":"it_IT","og_type":"article","og_title":"Beal Expresso longe di auto assicurazione - Sestogrado","og_description":"Il Beal Expresso \u00e8 una longe di auto assicurazione con doppio cordino con fettuccia in Dyneema. L'Expresso \u00e8 un doppio cordino progettato per alleggerire la tua attrezzatura da arrampicata e facilitare la discesa in corda doppia grazie alla sua fettuccia in Dyneema, leggera e compatta.L'Expresso pu\u00f2 essere utilizzato come cordino singolo per assicurarti durante l'arrampicata sportiva e come doppio cordino per l'arrampicata multipitch. \u00c8 inoltre adatto per il soccorso in crepaccio durante le escursioni su ghiacciaio e lo sci alpinismo.","og_url":"https:\/\/www.sestogrado.it\/it\/prodotto\/beal-expresso-longe-di-auto-assicurazione\/","og_site_name":"Sestogrado","article_publisher":"https:\/\/www.facebook.com\/pages\/Sestogrado\/1542635979353017?ref=bookmarks","article_modified_time":"2026-04-24T08:33:45+00:00","og_image":[{"width":858,"height":858,"url":"https:\/\/www.sestogrado.it\/wp-content\/uploads\/2025\/02\/08.jpg","type":"image\/jpeg"}],"twitter_misc":{"Prezzo":"&euro;&nbsp;24,90","Disponibilit\u00e0":"In stock"},"schema":{"@context":"https:\/\/schema.org","@graph":[{"@type":"WebPage","@id":"https:\/\/www.sestogrado.it\/it\/prodotto\/beal-expresso-longe-di-auto-assicurazione\/","url":"https:\/\/www.sestogrado.it\/it\/prodotto\/beal-expresso-longe-di-auto-assicurazione\/","name":"Beal Expresso longe di auto assicurazione - Sestogrado","isPartOf":{"@id":"https:\/\/www.sestogrado.it\/it\/#website"},"primaryImageOfPage":{"@id":"https:\/\/www.sestogrado.it\/it\/prodotto\/beal-expresso-longe-di-auto-assicurazione\/#primaryimage"},"image":{"@id":"https:\/\/www.sestogrado.it\/prodotto\/beal-expresso-longe-di-auto-assicurazione\/#primaryimage"},"thumbnailUrl":"https:\/\/www.sestogrado.it\/wp-content\/uploads\/2025\/02\/08.jpg","datePublished":"2025-02-12T08:34:17+00:00","dateModified":"2026-04-24T08:33:45+00:00","description":"Il Beal Expresso \u00e8 una longe di auto assicurazione con doppio cordino con fettuccia in Dyneema. L'Expresso \u00e8 un doppio cordino progettato per alleggerire la tua attrezzatura da arrampicata e facilitare la discesa in corda doppia grazie alla sua fettuccia in Dyneema, leggera e compatta.L'Expresso pu\u00f2 essere utilizzato come cordino singolo per assicurarti durante l'arrampicata sportiva e come doppio cordino per l'arrampicata multipitch. \u00c8 inoltre adatto per il soccorso in crepaccio durante le escursioni su ghiacciaio e lo sci alpinismo.","breadcrumb":{"@id":"https:\/\/www.sestogrado.it\/it\/prodotto\/beal-expresso-longe-di-auto-assicurazione\/#breadcrumb"},"inLanguage":"it-IT","potentialAction":[{"@type":"ReadAction","target":[["https:\/\/www.sestogrado.it\/it\/prodotto\/beal-expresso-longe-di-auto-assicurazione\/"]]}]},{"@type":"ImageObject","inLanguage":"it-IT","@id":"https:\/\/www.sestogrado.it\/it\/prodotto\/beal-expresso-longe-di-auto-assicurazione\/#primaryimage","url":"https:\/\/www.sestogrado.it\/wp-content\/uploads\/2025\/02\/08.jpg","contentUrl":"https:\/\/www.sestogrado.it\/wp-content\/uploads\/2025\/02\/08.jpg","width":858,"height":858,"caption":"beal expresso"},{"@type":"BreadcrumbList","@id":"https:\/\/www.sestogrado.it\/it\/prodotto\/beal-expresso-longe-di-auto-assicurazione\/#breadcrumb","itemListElement":[{"@type":"ListItem","position":1,"name":"Home","item":"https:\/\/www.sestogrado.it\/it\/"},{"@type":"ListItem","position":2,"name":"Shop","item":"https:\/\/www.sestogrado.it\/it\/shop\/"},{"@type":"ListItem","position":3,"name":"Beal Expresso longe di auto assicurazione"}]},{"@type":"WebSite","@id":"https:\/\/www.sestogrado.it\/it\/#website","url":"https:\/\/www.sestogrado.it\/it\/","name":"Sestogrado","description":"yes we climb","publisher":{"@id":"https:\/\/www.sestogrado.it\/it\/#organization"},"potentialAction":[{"@type":"SearchAction","target":{"@type":"EntryPoint","urlTemplate":"https:\/\/www.sestogrado.it\/it\/?s={search_term_string}"},"query-input":{"@type":"PropertyValueSpecification","valueRequired":true,"valueName":"search_term_string"}}],"inLanguage":"it-IT"},{"@type":"Organization","@id":"https:\/\/www.sestogrado.it\/it\/#organization","name":"Sestogrado","url":"https:\/\/www.sestogrado.it\/it\/","logo":{"@type":"ImageObject","inLanguage":"it-IT","@id":"https:\/\/www.sestogrado.it\/it\/#\/schema\/logo\/image\/","url":"https:\/\/www.sestogrado.it\/wp-content\/uploads\/2015\/03\/sestogrado-favicon.png","contentUrl":"https:\/\/www.sestogrado.it\/wp-content\/uploads\/2015\/03\/sestogrado-favicon.png","width":260,"height":260,"caption":"Sestogrado"},"image":{"@id":"https:\/\/www.sestogrado.it\/it\/#\/schema\/logo\/image\/"},"sameAs":["https:\/\/www.facebook.com\/pages\/Sestogrado\/1542635979353017?ref=bookmarks","https:\/\/www.youtube.com\/channel\/UC847kAfTkaJsWpc1jtQwr3Q"],"hasMerchantReturnPolicy":{"@type":"MerchantReturnPolicy","merchantReturnLink":"https:\/\/www.sestogrado.it\/it\/termini-e-condizioni\/"}}]},"product_brand":"Beal","product_price_amount":"24.90","product_price_currency":"EUR","og_availability":"instock","product_availability":"instock","product_condition":"new"},"_links":{"self":[{"href":"https:\/\/www.sestogrado.it\/it\/wp-json\/wp\/v2\/product\/182577","targetHints":{"allow":["GET"]}}],"collection":[{"href":"https:\/\/www.sestogrado.it\/it\/wp-json\/wp\/v2\/product"}],"about":[{"href":"https:\/\/www.sestogrado.it\/it\/wp-json\/wp\/v2\/types\/product"}],"replies":[{"embeddable":true,"href":"https:\/\/www.sestogrado.it\/it\/wp-json\/wp\/v2\/comments?post=182577"}],"wp:featuredmedia":[{"embeddable":true,"href":"https:\/\/www.sestogrado.it\/it\/wp-json\/wp\/v2\/media\/182578"}],"wp:attachment":[{"href":"https:\/\/www.sestogrado.it\/it\/wp-json\/wp\/v2\/media?parent=182577"}],"wp:term":[{"taxonomy":"product_brand","embeddable":true,"href":"https:\/\/www.sestogrado.it\/it\/wp-json\/wp\/v2\/product_brand?post=182577"},{"taxonomy":"product_cat","embeddable":true,"href":"https:\/\/www.sestogrado.it\/it\/wp-json\/wp\/v2\/product_cat?post=182577"},{"taxonomy":"product_tag","embeddable":true,"href":"https:\/\/www.sestogrado.it\/it\/wp-json\/wp\/v2\/product_tag?post=182577"}],"curies":[{"name":"wp","href":"https:\/\/api.w.org\/{rel}","templated":true}]}}