{"id":182498,"date":"2025-02-12T09:34:29","date_gmt":"2025-02-12T08:34:29","guid":{"rendered":"https:\/\/www.sestogrado.it\/?post_type=product&#038;p=182498"},"modified":"2026-04-22T09:50:46","modified_gmt":"2026-04-22T07:50:46","slug":"beal-indy-casco-alpinismo-arrampicata","status":"publish","type":"product","link":"https:\/\/www.sestogrado.it\/it\/prodotto\/beal-indy-casco-alpinismo-arrampicata\/","title":{"rendered":"Beal Indy casco alpinismo arrampicata"},"content":{"rendered":"<p>Il casco BEAL Indy \u00e8 progettato per risultare quasi impercettibile durante le tue sessioni di arrampicata o alpinismo. Il suo design leggero (250 g) e il sistema di ventilazione avanzato garantiscono un comfort impareggiabile, anche durante le ascese pi\u00f9 lunghe. Le cinghie regolabili sotto il mento e nella parte posteriore assicurano una vestibilit\u00e0 stabile e confortevole, anche sotto sforzo. Unisex e disponibile in taglia regolabile (55-61 cm), \u00e8 adatto a tutti gli scalatori. Con due opzioni di colore \u2013 un classico bianco e un audace viola \u2013 l\u2019Indy unisce stile e funzionalit\u00e0. Dotato di clip per fissare la lampada frontale, diventa un compagno essenziale per tutte le tue avventure verticali.<\/p>\n<p>Realizzato con una calotta in schiuma EPS e policarbonato, l\u2019Indy offre una protezione ottimale coprendo la parte superiore e i lati della testa, aumentando la sicurezza contro gli impatti. Grazie alla tecnologia in-mold, garantisce il perfetto equilibrio tra leggerezza e compattezza, rendendolo ideale per un utilizzo prolungato senza disagi. Con il suo design curato, il sistema di ventilazione efficace e le clip integrate per la lampada, l\u2019Indy soddisfa le esigenze di scalatori e alpinisti, sia su falesia che in alta montagna.<\/p>\n<p>&nbsp;<\/p>\n<p>Beal \u00e8 leader mondiale nella produzione di corde arrampicata da montagna grazie ad un avanzato sviluppo tecnologico nel processo \u00a0di fabbricazione che gli \u00e8 valso il certificato Iso 9001. Sempre attento alle esigenze degli arrampicatori, \u00e8 stata in grado di apportare dinamicit\u00e0 alla pratica dell\u2019arrampicata grazie ad un\u2019intensa attivit\u00e0 di ricerca. In particolare, Black Limit, Program System, trattamento Dry Cover, imbragature Aero, tecnologia Unicore.<\/p>","protected":false},"excerpt":{"rendered":"<p>Il casco BEAL Indy \u00e8 progettato per risultare quasi impercettibile durante le tue sessioni di arrampicata o alpinismo. Il suo [&hellip;]<\/p>\n","protected":false},"featured_media":182504,"comment_status":"open","ping_status":"closed","template":"","meta":{"_acf_changed":false},"product_brand":[84],"product_cat":[143],"product_tag":[],"class_list":{"0":"post-182498","1":"product","2":"type-product","3":"status-publish","4":"has-post-thumbnail","6":"product_brand-beal","7":"product_cat-caschi","9":"first","10":"instock","11":"sale","12":"taxable","13":"shipping-taxable","14":"purchasable","15":"product-type-variable"},"acf":[],"yoast_head":"<!-- This site is optimized with the Yoast SEO plugin v26.4 - https:\/\/yoast.com\/wordpress\/plugins\/seo\/ -->\n<title>Beal Indy casco alpinismo arrampicata - Sestogrado<\/title>\n<meta name=\"description\" content=\"Scopri l\u2019Indy, il casco da arrampicata e alpinismo di BEAL, dove il design leggero incontra la massima protezione. Dotato di pratiche clip per la lampada frontale e di un avanzato sistema di ventilazione, l\u2019Indy combina ergonomia e comfort, offrendoti un supporto impeccabile e risultando quasi impercettibile anche durante le tue scalate pi\u00f9 audaci.Comfort e adattabilit\u00e0 senza compromessiIl casco BEAL Indy \u00e8 progettato per risultare quasi impercettibile durante le tue sessioni di arrampicata o alpinismo. Il suo design leggero (250 g) e il sistema di ventilazione avanzato garantiscono un comfort impareggiabile, anche durante le ascese pi\u00f9 lunghe. Le cinghie regolabili sotto il mento e nella parte posteriore assicurano una vestibilit\u00e0 stabile e confortevole, anche sotto sforzo. Unisex e disponibile in taglia regolabile (55-61 cm), \u00e8 adatto a tutti gli scalatori. Con due opzioni di colore \u2013 un classico bianco e un audace viola \u2013 l\u2019Indy unisce stile e funzionalit\u00e0. Dotato di clip per fissare la lampada frontale, diventa un compagno essenziale per tutte le tue avventure verticali.\" \/>\n<meta name=\"robots\" content=\"index, follow, max-snippet:-1, max-image-preview:large, max-video-preview:-1\" \/>\n<link rel=\"canonical\" href=\"https:\/\/www.sestogrado.it\/it\/prodotto\/beal-indy-casco-alpinismo-arrampicata\/\" \/>\n<meta property=\"og:locale\" content=\"it_IT\" \/>\n<meta property=\"og:type\" content=\"article\" \/>\n<meta property=\"og:title\" content=\"Beal Indy casco alpinismo arrampicata - Sestogrado\" \/>\n<meta property=\"og:description\" content=\"Scopri l\u2019Indy, il casco da arrampicata e alpinismo di BEAL, dove il design leggero incontra la massima protezione. Dotato di pratiche clip per la lampada frontale e di un avanzato sistema di ventilazione, l\u2019Indy combina ergonomia e comfort, offrendoti un supporto impeccabile e risultando quasi impercettibile anche durante le tue scalate pi\u00f9 audaci.Comfort e adattabilit\u00e0 senza compromessiIl casco BEAL Indy \u00e8 progettato per risultare quasi impercettibile durante le tue sessioni di arrampicata o alpinismo. Il suo design leggero (250 g) e il sistema di ventilazione avanzato garantiscono un comfort impareggiabile, anche durante le ascese pi\u00f9 lunghe. Le cinghie regolabili sotto il mento e nella parte posteriore assicurano una vestibilit\u00e0 stabile e confortevole, anche sotto sforzo. Unisex e disponibile in taglia regolabile (55-61 cm), \u00e8 adatto a tutti gli scalatori. Con due opzioni di colore \u2013 un classico bianco e un audace viola \u2013 l\u2019Indy unisce stile e funzionalit\u00e0. Dotato di clip per fissare la lampada frontale, diventa un compagno essenziale per tutte le tue avventure verticali.\" \/>\n<meta property=\"og:url\" content=\"https:\/\/www.sestogrado.it\/it\/prodotto\/beal-indy-casco-alpinismo-arrampicata\/\" \/>\n<meta property=\"og:site_name\" content=\"Sestogrado\" \/>\n<meta property=\"article:publisher\" content=\"https:\/\/www.facebook.com\/pages\/Sestogrado\/1542635979353017?ref=bookmarks\" \/>\n<meta property=\"article:modified_time\" content=\"2026-04-22T07:50:46+00:00\" \/>\n<meta property=\"og:image\" content=\"https:\/\/www.sestogrado.it\/wp-content\/uploads\/2025\/02\/02.jpg\" \/>\n\t<meta property=\"og:image:width\" content=\"1200\" \/>\n\t<meta property=\"og:image:height\" content=\"1200\" \/>\n\t<meta property=\"og:image:type\" content=\"image\/jpeg\" \/>\n<meta name=\"twitter:label1\" content=\"Disponibilit\u00e0\" \/>\n\t<meta name=\"twitter:data1\" content=\"In stock\" \/>\n<script type=\"application\/ld+json\" class=\"yoast-schema-graph\">{\"@context\":\"https:\/\/schema.org\",\"@graph\":[{\"@type\":\"WebPage\",\"@id\":\"https:\/\/www.sestogrado.it\/it\/prodotto\/beal-indy-casco-alpinismo-arrampicata\/\",\"url\":\"https:\/\/www.sestogrado.it\/it\/prodotto\/beal-indy-casco-alpinismo-arrampicata\/\",\"name\":\"Beal Indy casco alpinismo arrampicata - Sestogrado\",\"isPartOf\":{\"@id\":\"https:\/\/www.sestogrado.it\/it\/#website\"},\"primaryImageOfPage\":{\"@id\":\"https:\/\/www.sestogrado.it\/it\/prodotto\/beal-indy-casco-alpinismo-arrampicata\/#primaryimage\"},\"image\":{\"@id\":\"https:\/\/www.sestogrado.it\/prodotto\/beal-indy-casco-alpinismo-arrampicata\/#primaryimage\"},\"thumbnailUrl\":\"https:\/\/www.sestogrado.it\/wp-content\/uploads\/2025\/02\/02.jpg\",\"datePublished\":\"2025-02-12T08:34:29+00:00\",\"dateModified\":\"2026-04-22T07:50:46+00:00\",\"description\":\"Scopri l\u2019Indy, il casco da arrampicata e alpinismo di BEAL, dove il design leggero incontra la massima protezione. Dotato di pratiche clip per la lampada frontale e di un avanzato sistema di ventilazione, l\u2019Indy combina ergonomia e comfort, offrendoti un supporto impeccabile e risultando quasi impercettibile anche durante le tue scalate pi\u00f9 audaci.Comfort e adattabilit\u00e0 senza compromessiIl casco BEAL Indy \u00e8 progettato per risultare quasi impercettibile durante le tue sessioni di arrampicata o alpinismo. Il suo design leggero (250 g) e il sistema di ventilazione avanzato garantiscono un comfort impareggiabile, anche durante le ascese pi\u00f9 lunghe. Le cinghie regolabili sotto il mento e nella parte posteriore assicurano una vestibilit\u00e0 stabile e confortevole, anche sotto sforzo. Unisex e disponibile in taglia regolabile (55-61 cm), \u00e8 adatto a tutti gli scalatori. Con due opzioni di colore \u2013 un classico bianco e un audace viola \u2013 l\u2019Indy unisce stile e funzionalit\u00e0. Dotato di clip per fissare la lampada frontale, diventa un compagno essenziale per tutte le tue avventure verticali.\",\"breadcrumb\":{\"@id\":\"https:\/\/www.sestogrado.it\/it\/prodotto\/beal-indy-casco-alpinismo-arrampicata\/#breadcrumb\"},\"inLanguage\":\"it-IT\",\"potentialAction\":[{\"@type\":\"ReadAction\",\"target\":[[\"https:\/\/www.sestogrado.it\/it\/prodotto\/beal-indy-casco-alpinismo-arrampicata\/\"]]}]},{\"@type\":\"ImageObject\",\"inLanguage\":\"it-IT\",\"@id\":\"https:\/\/www.sestogrado.it\/it\/prodotto\/beal-indy-casco-alpinismo-arrampicata\/#primaryimage\",\"url\":\"https:\/\/www.sestogrado.it\/wp-content\/uploads\/2025\/02\/02.jpg\",\"contentUrl\":\"https:\/\/www.sestogrado.it\/wp-content\/uploads\/2025\/02\/02.jpg\",\"width\":1200,\"height\":1200,\"caption\":\"beal indy viola\"},{\"@type\":\"BreadcrumbList\",\"@id\":\"https:\/\/www.sestogrado.it\/it\/prodotto\/beal-indy-casco-alpinismo-arrampicata\/#breadcrumb\",\"itemListElement\":[{\"@type\":\"ListItem\",\"position\":1,\"name\":\"Home\",\"item\":\"https:\/\/www.sestogrado.it\/it\/\"},{\"@type\":\"ListItem\",\"position\":2,\"name\":\"Shop\",\"item\":\"https:\/\/www.sestogrado.it\/it\/shop\/\"},{\"@type\":\"ListItem\",\"position\":3,\"name\":\"Beal Indy casco alpinismo arrampicata\"}]},{\"@type\":\"WebSite\",\"@id\":\"https:\/\/www.sestogrado.it\/it\/#website\",\"url\":\"https:\/\/www.sestogrado.it\/it\/\",\"name\":\"Sestogrado\",\"description\":\"yes we climb\",\"publisher\":{\"@id\":\"https:\/\/www.sestogrado.it\/it\/#organization\"},\"potentialAction\":[{\"@type\":\"SearchAction\",\"target\":{\"@type\":\"EntryPoint\",\"urlTemplate\":\"https:\/\/www.sestogrado.it\/it\/?s={search_term_string}\"},\"query-input\":{\"@type\":\"PropertyValueSpecification\",\"valueRequired\":true,\"valueName\":\"search_term_string\"}}],\"inLanguage\":\"it-IT\"},{\"@type\":\"Organization\",\"@id\":\"https:\/\/www.sestogrado.it\/it\/#organization\",\"name\":\"Sestogrado\",\"url\":\"https:\/\/www.sestogrado.it\/it\/\",\"logo\":{\"@type\":\"ImageObject\",\"inLanguage\":\"it-IT\",\"@id\":\"https:\/\/www.sestogrado.it\/it\/#\/schema\/logo\/image\/\",\"url\":\"https:\/\/www.sestogrado.it\/wp-content\/uploads\/2015\/03\/sestogrado-favicon.png\",\"contentUrl\":\"https:\/\/www.sestogrado.it\/wp-content\/uploads\/2015\/03\/sestogrado-favicon.png\",\"width\":260,\"height\":260,\"caption\":\"Sestogrado\"},\"image\":{\"@id\":\"https:\/\/www.sestogrado.it\/it\/#\/schema\/logo\/image\/\"},\"sameAs\":[\"https:\/\/www.facebook.com\/pages\/Sestogrado\/1542635979353017?ref=bookmarks\",\"https:\/\/www.youtube.com\/channel\/UC847kAfTkaJsWpc1jtQwr3Q\"],\"hasMerchantReturnPolicy\":{\"@type\":\"MerchantReturnPolicy\",\"merchantReturnLink\":\"https:\/\/www.sestogrado.it\/it\/termini-e-condizioni\/\"}}]}<\/script>\n<meta property=\"product:brand\" content=\"Beal\" \/>\n<meta property=\"og:availability\" content=\"instock\" \/>\n<meta property=\"product:availability\" content=\"instock\" \/>\n<meta property=\"product:condition\" content=\"new\" \/>\n<!-- \/ Yoast SEO plugin. -->","yoast_head_json":{"title":"Beal Indy casco alpinismo arrampicata - Sestogrado","description":"Scopri l\u2019Indy, il casco da arrampicata e alpinismo di BEAL, dove il design leggero incontra la massima protezione. Dotato di pratiche clip per la lampada frontale e di un avanzato sistema di ventilazione, l\u2019Indy combina ergonomia e comfort, offrendoti un supporto impeccabile e risultando quasi impercettibile anche durante le tue scalate pi\u00f9 audaci.Comfort e adattabilit\u00e0 senza compromessiIl casco BEAL Indy \u00e8 progettato per risultare quasi impercettibile durante le tue sessioni di arrampicata o alpinismo. Il suo design leggero (250 g) e il sistema di ventilazione avanzato garantiscono un comfort impareggiabile, anche durante le ascese pi\u00f9 lunghe. Le cinghie regolabili sotto il mento e nella parte posteriore assicurano una vestibilit\u00e0 stabile e confortevole, anche sotto sforzo. Unisex e disponibile in taglia regolabile (55-61 cm), \u00e8 adatto a tutti gli scalatori. Con due opzioni di colore \u2013 un classico bianco e un audace viola \u2013 l\u2019Indy unisce stile e funzionalit\u00e0. Dotato di clip per fissare la lampada frontale, diventa un compagno essenziale per tutte le tue avventure verticali.","robots":{"index":"index","follow":"follow","max-snippet":"max-snippet:-1","max-image-preview":"max-image-preview:large","max-video-preview":"max-video-preview:-1"},"canonical":"https:\/\/www.sestogrado.it\/it\/prodotto\/beal-indy-casco-alpinismo-arrampicata\/","og_locale":"it_IT","og_type":"article","og_title":"Beal Indy casco alpinismo arrampicata - Sestogrado","og_description":"Scopri l\u2019Indy, il casco da arrampicata e alpinismo di BEAL, dove il design leggero incontra la massima protezione. Dotato di pratiche clip per la lampada frontale e di un avanzato sistema di ventilazione, l\u2019Indy combina ergonomia e comfort, offrendoti un supporto impeccabile e risultando quasi impercettibile anche durante le tue scalate pi\u00f9 audaci.Comfort e adattabilit\u00e0 senza compromessiIl casco BEAL Indy \u00e8 progettato per risultare quasi impercettibile durante le tue sessioni di arrampicata o alpinismo. Il suo design leggero (250 g) e il sistema di ventilazione avanzato garantiscono un comfort impareggiabile, anche durante le ascese pi\u00f9 lunghe. Le cinghie regolabili sotto il mento e nella parte posteriore assicurano una vestibilit\u00e0 stabile e confortevole, anche sotto sforzo. Unisex e disponibile in taglia regolabile (55-61 cm), \u00e8 adatto a tutti gli scalatori. Con due opzioni di colore \u2013 un classico bianco e un audace viola \u2013 l\u2019Indy unisce stile e funzionalit\u00e0. Dotato di clip per fissare la lampada frontale, diventa un compagno essenziale per tutte le tue avventure verticali.","og_url":"https:\/\/www.sestogrado.it\/it\/prodotto\/beal-indy-casco-alpinismo-arrampicata\/","og_site_name":"Sestogrado","article_publisher":"https:\/\/www.facebook.com\/pages\/Sestogrado\/1542635979353017?ref=bookmarks","article_modified_time":"2026-04-22T07:50:46+00:00","og_image":[{"width":1200,"height":1200,"url":"https:\/\/www.sestogrado.it\/wp-content\/uploads\/2025\/02\/02.jpg","type":"image\/jpeg"}],"twitter_misc":{"Disponibilit\u00e0":"In stock"},"schema":{"@context":"https:\/\/schema.org","@graph":[{"@type":"WebPage","@id":"https:\/\/www.sestogrado.it\/it\/prodotto\/beal-indy-casco-alpinismo-arrampicata\/","url":"https:\/\/www.sestogrado.it\/it\/prodotto\/beal-indy-casco-alpinismo-arrampicata\/","name":"Beal Indy casco alpinismo arrampicata - Sestogrado","isPartOf":{"@id":"https:\/\/www.sestogrado.it\/it\/#website"},"primaryImageOfPage":{"@id":"https:\/\/www.sestogrado.it\/it\/prodotto\/beal-indy-casco-alpinismo-arrampicata\/#primaryimage"},"image":{"@id":"https:\/\/www.sestogrado.it\/prodotto\/beal-indy-casco-alpinismo-arrampicata\/#primaryimage"},"thumbnailUrl":"https:\/\/www.sestogrado.it\/wp-content\/uploads\/2025\/02\/02.jpg","datePublished":"2025-02-12T08:34:29+00:00","dateModified":"2026-04-22T07:50:46+00:00","description":"Scopri l\u2019Indy, il casco da arrampicata e alpinismo di BEAL, dove il design leggero incontra la massima protezione. Dotato di pratiche clip per la lampada frontale e di un avanzato sistema di ventilazione, l\u2019Indy combina ergonomia e comfort, offrendoti un supporto impeccabile e risultando quasi impercettibile anche durante le tue scalate pi\u00f9 audaci.Comfort e adattabilit\u00e0 senza compromessiIl casco BEAL Indy \u00e8 progettato per risultare quasi impercettibile durante le tue sessioni di arrampicata o alpinismo. Il suo design leggero (250 g) e il sistema di ventilazione avanzato garantiscono un comfort impareggiabile, anche durante le ascese pi\u00f9 lunghe. Le cinghie regolabili sotto il mento e nella parte posteriore assicurano una vestibilit\u00e0 stabile e confortevole, anche sotto sforzo. Unisex e disponibile in taglia regolabile (55-61 cm), \u00e8 adatto a tutti gli scalatori. Con due opzioni di colore \u2013 un classico bianco e un audace viola \u2013 l\u2019Indy unisce stile e funzionalit\u00e0. Dotato di clip per fissare la lampada frontale, diventa un compagno essenziale per tutte le tue avventure verticali.","breadcrumb":{"@id":"https:\/\/www.sestogrado.it\/it\/prodotto\/beal-indy-casco-alpinismo-arrampicata\/#breadcrumb"},"inLanguage":"it-IT","potentialAction":[{"@type":"ReadAction","target":[["https:\/\/www.sestogrado.it\/it\/prodotto\/beal-indy-casco-alpinismo-arrampicata\/"]]}]},{"@type":"ImageObject","inLanguage":"it-IT","@id":"https:\/\/www.sestogrado.it\/it\/prodotto\/beal-indy-casco-alpinismo-arrampicata\/#primaryimage","url":"https:\/\/www.sestogrado.it\/wp-content\/uploads\/2025\/02\/02.jpg","contentUrl":"https:\/\/www.sestogrado.it\/wp-content\/uploads\/2025\/02\/02.jpg","width":1200,"height":1200,"caption":"beal indy viola"},{"@type":"BreadcrumbList","@id":"https:\/\/www.sestogrado.it\/it\/prodotto\/beal-indy-casco-alpinismo-arrampicata\/#breadcrumb","itemListElement":[{"@type":"ListItem","position":1,"name":"Home","item":"https:\/\/www.sestogrado.it\/it\/"},{"@type":"ListItem","position":2,"name":"Shop","item":"https:\/\/www.sestogrado.it\/it\/shop\/"},{"@type":"ListItem","position":3,"name":"Beal Indy casco alpinismo arrampicata"}]},{"@type":"WebSite","@id":"https:\/\/www.sestogrado.it\/it\/#website","url":"https:\/\/www.sestogrado.it\/it\/","name":"Sestogrado","description":"yes we climb","publisher":{"@id":"https:\/\/www.sestogrado.it\/it\/#organization"},"potentialAction":[{"@type":"SearchAction","target":{"@type":"EntryPoint","urlTemplate":"https:\/\/www.sestogrado.it\/it\/?s={search_term_string}"},"query-input":{"@type":"PropertyValueSpecification","valueRequired":true,"valueName":"search_term_string"}}],"inLanguage":"it-IT"},{"@type":"Organization","@id":"https:\/\/www.sestogrado.it\/it\/#organization","name":"Sestogrado","url":"https:\/\/www.sestogrado.it\/it\/","logo":{"@type":"ImageObject","inLanguage":"it-IT","@id":"https:\/\/www.sestogrado.it\/it\/#\/schema\/logo\/image\/","url":"https:\/\/www.sestogrado.it\/wp-content\/uploads\/2015\/03\/sestogrado-favicon.png","contentUrl":"https:\/\/www.sestogrado.it\/wp-content\/uploads\/2015\/03\/sestogrado-favicon.png","width":260,"height":260,"caption":"Sestogrado"},"image":{"@id":"https:\/\/www.sestogrado.it\/it\/#\/schema\/logo\/image\/"},"sameAs":["https:\/\/www.facebook.com\/pages\/Sestogrado\/1542635979353017?ref=bookmarks","https:\/\/www.youtube.com\/channel\/UC847kAfTkaJsWpc1jtQwr3Q"],"hasMerchantReturnPolicy":{"@type":"MerchantReturnPolicy","merchantReturnLink":"https:\/\/www.sestogrado.it\/it\/termini-e-condizioni\/"}}]},"product_brand":"Beal","og_availability":"instock","product_availability":"instock","product_condition":"new"},"_links":{"self":[{"href":"https:\/\/www.sestogrado.it\/it\/wp-json\/wp\/v2\/product\/182498","targetHints":{"allow":["GET"]}}],"collection":[{"href":"https:\/\/www.sestogrado.it\/it\/wp-json\/wp\/v2\/product"}],"about":[{"href":"https:\/\/www.sestogrado.it\/it\/wp-json\/wp\/v2\/types\/product"}],"replies":[{"embeddable":true,"href":"https:\/\/www.sestogrado.it\/it\/wp-json\/wp\/v2\/comments?post=182498"}],"wp:featuredmedia":[{"embeddable":true,"href":"https:\/\/www.sestogrado.it\/it\/wp-json\/wp\/v2\/media\/182504"}],"wp:attachment":[{"href":"https:\/\/www.sestogrado.it\/it\/wp-json\/wp\/v2\/media?parent=182498"}],"wp:term":[{"taxonomy":"product_brand","embeddable":true,"href":"https:\/\/www.sestogrado.it\/it\/wp-json\/wp\/v2\/product_brand?post=182498"},{"taxonomy":"product_cat","embeddable":true,"href":"https:\/\/www.sestogrado.it\/it\/wp-json\/wp\/v2\/product_cat?post=182498"},{"taxonomy":"product_tag","embeddable":true,"href":"https:\/\/www.sestogrado.it\/it\/wp-json\/wp\/v2\/product_tag?post=182498"}],"curies":[{"name":"wp","href":"https:\/\/api.w.org\/{rel}","templated":true}]}}