{"id":18195,"date":"2023-10-04T11:02:19","date_gmt":"2023-10-04T09:02:19","guid":{"rendered":"https:\/\/www.sestogrado.it\/?post_type=product&#038;p=18195"},"modified":"2024-09-13T16:02:10","modified_gmt":"2024-09-13T14:02:10","slug":"kalymnos-guida-darrampicata-sportiva-vertical-life","status":"publish","type":"product","link":"https:\/\/www.sestogrado.it\/it\/prodotto\/kalymnos-guida-darrampicata-sportiva-vertical-life\/","title":{"rendered":"Kalymnos Guida d&#8217;arrampicata sportiva vertical life"},"content":{"rendered":"<p><\/p>\n<p style=\"font-weight: 500;\"><span style=\"font-weight: 400;\">Kalymnos Guida d&#8217;arrampicata sportiva nell&#8217;edizione 2023 \u00e8 la guida pi\u00f9 completa, con nuove falesie, nuove vie e informazioni aggiornate: in totale conta 100 pagine in pi\u00f9 rispetto all&#8217;edizione precedente. Come sempre, questa guida \u00e8 stata redatta con cura da Katie Roussos e Aris Theodoropoulos, che vivono in zona da tanti anni ormai.<\/span><\/p>\n<p style=\"font-weight: 500;\"><strong>\u00a0<\/strong><\/p>\n<p style=\"font-weight: 500;\"><span style=\"font-weight: 400;\">L&#8217;isola di Kalymnos, di una bellezza sconvolgente, non ha bisogno di presentazioni. \u00c8 senza dubbio una delle destinazioni pi\u00f9 adatta per gli arrampicatori, ora muniti di una guida di 600 pagine. Insieme alla versione digitale dell&#8217;app di Vertical-Life avrete contenuti sempre aggiornati su tutte le vie pi\u00f9 nuove e imperdibili, oltre ovviamente ai classici senza tempo. Se state cercando una scusa per rivisitare Kalymnos, o se non ci siete mai stati, regalatevi questa nuova guida e mettete in moto i vostri piani!<\/span><\/p>\n<p style=\"font-weight: 500;\"><span style=\"font-weight: 400;\">Questa guida con copertina morbida \u00e8 pubblicata da Vertical-Life, in formato A5, solo in inglese.<\/span><\/p>\n<p><iframe src=\"\/\/www.youtube.com\/embed\/PHdZz7aG-aA\" width=\"560\" height=\"314\" allowfullscreen=\"allowfullscreen\"><\/iframe><\/p>","protected":false},"excerpt":{"rendered":"<p>Kalymnos Guida d&#8217;arrampicata sportiva nell&#8217;edizione 2023 \u00e8 la guida pi\u00f9 completa, con nuove falesie, nuove vie e informazioni aggiornate: in [&hellip;]<\/p>\n","protected":false},"featured_media":143299,"comment_status":"open","ping_status":"closed","template":"","meta":{"_acf_changed":false},"product_brand":[511],"product_cat":[98],"product_tag":[510],"class_list":{"0":"post-18195","1":"product","2":"type-product","3":"status-publish","4":"has-post-thumbnail","6":"product_brand-vertical-life","7":"product_cat-libri","8":"product_tag-guida-arrampicata","10":"first","11":"outofstock","12":"sale","13":"taxable","14":"shipping-taxable","15":"purchasable","16":"product-type-simple"},"acf":[],"yoast_head":"<!-- This site is optimized with the Yoast SEO plugin v26.4 - https:\/\/yoast.com\/wordpress\/plugins\/seo\/ -->\n<title>Kalymnos Guida d&#039;arrampicata sportiva vertical life - Sestogrado<\/title>\n<meta name=\"description\" content=\"Kalymnos: Guida d&#039;arrampicata sportiva nell&#039;edizione 2023 \u00e8 la guida pi\u00f9 completa, con nuove falesie, nuove vie e informazioni aggiornate: in totale conta 100 pagine in pi\u00f9 rispetto all&#039;edizione precedente. Come sempre, questa guida \u00e8 stata redatta con cura da Katie Roussos e Aris Theodoropoulos, che vivono in zona da tanti anni ormai.\u00a0L&#039;isola di Kalymnos, di una bellezza sconvolgente, non ha bisogno di presentazioni. \u00c8 senza dubbio una delle destinazioni pi\u00f9 adatta per gli arrampicatori, ora muniti di una guida di 600 pagine. Insieme alla versione digitale dell&#039;app di Vertical-Life avrete contenuti sempre aggiornati su tutte le vie pi\u00f9 nuove e imperdibili, oltre ovviamente ai classici senza tempo. Se state cercando una scusa per rivisitare Kalymnos, o se non ci siete mai stati, regalatevi questa nuova guida e mettete in moto i vostri piani!Questa guida con copertina morbida \u00e8 pubblicata da Vertical-Life, in formato A5, solo in inglese.\" \/>\n<meta name=\"robots\" content=\"index, follow, max-snippet:-1, max-image-preview:large, max-video-preview:-1\" \/>\n<link rel=\"canonical\" href=\"https:\/\/www.sestogrado.it\/it\/prodotto\/kalymnos-guida-darrampicata-sportiva-vertical-life\/\" \/>\n<meta property=\"og:locale\" content=\"it_IT\" \/>\n<meta property=\"og:type\" content=\"article\" \/>\n<meta property=\"og:title\" content=\"Kalymnos Guida d&#039;arrampicata sportiva vertical life - Sestogrado\" \/>\n<meta property=\"og:description\" content=\"Kalymnos: Guida d&#039;arrampicata sportiva nell&#039;edizione 2023 \u00e8 la guida pi\u00f9 completa, con nuove falesie, nuove vie e informazioni aggiornate: in totale conta 100 pagine in pi\u00f9 rispetto all&#039;edizione precedente. Come sempre, questa guida \u00e8 stata redatta con cura da Katie Roussos e Aris Theodoropoulos, che vivono in zona da tanti anni ormai.\u00a0L&#039;isola di Kalymnos, di una bellezza sconvolgente, non ha bisogno di presentazioni. \u00c8 senza dubbio una delle destinazioni pi\u00f9 adatta per gli arrampicatori, ora muniti di una guida di 600 pagine. Insieme alla versione digitale dell&#039;app di Vertical-Life avrete contenuti sempre aggiornati su tutte le vie pi\u00f9 nuove e imperdibili, oltre ovviamente ai classici senza tempo. Se state cercando una scusa per rivisitare Kalymnos, o se non ci siete mai stati, regalatevi questa nuova guida e mettete in moto i vostri piani!Questa guida con copertina morbida \u00e8 pubblicata da Vertical-Life, in formato A5, solo in inglese.\" \/>\n<meta property=\"og:url\" content=\"https:\/\/www.sestogrado.it\/it\/prodotto\/kalymnos-guida-darrampicata-sportiva-vertical-life\/\" \/>\n<meta property=\"og:site_name\" content=\"Sestogrado\" \/>\n<meta property=\"article:publisher\" content=\"https:\/\/www.facebook.com\/pages\/Sestogrado\/1542635979353017?ref=bookmarks\" \/>\n<meta property=\"article:modified_time\" content=\"2024-09-13T14:02:10+00:00\" \/>\n<meta property=\"og:image\" content=\"https:\/\/www.sestogrado.it\/wp-content\/uploads\/2022\/06\/01-3.jpg\" \/>\n\t<meta property=\"og:image:width\" content=\"1340\" \/>\n\t<meta property=\"og:image:height\" content=\"1339\" \/>\n\t<meta property=\"og:image:type\" content=\"image\/jpeg\" \/>\n<meta name=\"twitter:label1\" content=\"Prezzo\" \/>\n\t<meta name=\"twitter:data1\" content=\"&euro;&nbsp;47,50\" \/>\n\t<meta name=\"twitter:label2\" content=\"Disponibilit\u00e0\" \/>\n\t<meta name=\"twitter:data2\" content=\"Esaurito\" \/>\n<script type=\"application\/ld+json\" class=\"yoast-schema-graph\">{\"@context\":\"https:\/\/schema.org\",\"@graph\":[{\"@type\":\"WebPage\",\"@id\":\"https:\/\/www.sestogrado.it\/it\/prodotto\/kalymnos-guida-darrampicata-sportiva-vertical-life\/\",\"url\":\"https:\/\/www.sestogrado.it\/it\/prodotto\/kalymnos-guida-darrampicata-sportiva-vertical-life\/\",\"name\":\"Kalymnos Guida d'arrampicata sportiva vertical life - Sestogrado\",\"isPartOf\":{\"@id\":\"https:\/\/www.sestogrado.it\/it\/#website\"},\"primaryImageOfPage\":{\"@id\":\"https:\/\/www.sestogrado.it\/it\/prodotto\/kalymnos-guida-darrampicata-sportiva-vertical-life\/#primaryimage\"},\"image\":{\"@id\":\"https:\/\/www.sestogrado.it\/prodotto\/kalymnos-guida-darrampicata-sportiva-vertical-life\/#primaryimage\"},\"thumbnailUrl\":\"https:\/\/www.sestogrado.it\/wp-content\/uploads\/2022\/06\/01-3.jpg\",\"datePublished\":\"2023-10-04T09:02:19+00:00\",\"dateModified\":\"2024-09-13T14:02:10+00:00\",\"description\":\"Kalymnos: Guida d'arrampicata sportiva nell'edizione 2023 \u00e8 la guida pi\u00f9 completa, con nuove falesie, nuove vie e informazioni aggiornate: in totale conta 100 pagine in pi\u00f9 rispetto all'edizione precedente. Come sempre, questa guida \u00e8 stata redatta con cura da Katie Roussos e Aris Theodoropoulos, che vivono in zona da tanti anni ormai.\u00a0L'isola di Kalymnos, di una bellezza sconvolgente, non ha bisogno di presentazioni. \u00c8 senza dubbio una delle destinazioni pi\u00f9 adatta per gli arrampicatori, ora muniti di una guida di 600 pagine. Insieme alla versione digitale dell'app di Vertical-Life avrete contenuti sempre aggiornati su tutte le vie pi\u00f9 nuove e imperdibili, oltre ovviamente ai classici senza tempo. Se state cercando una scusa per rivisitare Kalymnos, o se non ci siete mai stati, regalatevi questa nuova guida e mettete in moto i vostri piani!Questa guida con copertina morbida \u00e8 pubblicata da Vertical-Life, in formato A5, solo in inglese.\",\"breadcrumb\":{\"@id\":\"https:\/\/www.sestogrado.it\/it\/prodotto\/kalymnos-guida-darrampicata-sportiva-vertical-life\/#breadcrumb\"},\"inLanguage\":\"it-IT\",\"potentialAction\":[{\"@type\":\"ReadAction\",\"target\":[[\"https:\/\/www.sestogrado.it\/it\/prodotto\/kalymnos-guida-darrampicata-sportiva-vertical-life\/\"]]}]},{\"@type\":\"ImageObject\",\"inLanguage\":\"it-IT\",\"@id\":\"https:\/\/www.sestogrado.it\/it\/prodotto\/kalymnos-guida-darrampicata-sportiva-vertical-life\/#primaryimage\",\"url\":\"https:\/\/www.sestogrado.it\/wp-content\/uploads\/2022\/06\/01-3.jpg\",\"contentUrl\":\"https:\/\/www.sestogrado.it\/wp-content\/uploads\/2022\/06\/01-3.jpg\",\"width\":1340,\"height\":1339,\"caption\":\"kalymnos\"},{\"@type\":\"BreadcrumbList\",\"@id\":\"https:\/\/www.sestogrado.it\/it\/prodotto\/kalymnos-guida-darrampicata-sportiva-vertical-life\/#breadcrumb\",\"itemListElement\":[{\"@type\":\"ListItem\",\"position\":1,\"name\":\"Home\",\"item\":\"https:\/\/www.sestogrado.it\/it\/\"},{\"@type\":\"ListItem\",\"position\":2,\"name\":\"Shop\",\"item\":\"https:\/\/www.sestogrado.it\/it\/shop\/\"},{\"@type\":\"ListItem\",\"position\":3,\"name\":\"Kalymnos Guida d&#8217;arrampicata sportiva vertical life\"}]},{\"@type\":\"WebSite\",\"@id\":\"https:\/\/www.sestogrado.it\/it\/#website\",\"url\":\"https:\/\/www.sestogrado.it\/it\/\",\"name\":\"Sestogrado\",\"description\":\"yes we climb\",\"publisher\":{\"@id\":\"https:\/\/www.sestogrado.it\/it\/#organization\"},\"potentialAction\":[{\"@type\":\"SearchAction\",\"target\":{\"@type\":\"EntryPoint\",\"urlTemplate\":\"https:\/\/www.sestogrado.it\/it\/?s={search_term_string}\"},\"query-input\":{\"@type\":\"PropertyValueSpecification\",\"valueRequired\":true,\"valueName\":\"search_term_string\"}}],\"inLanguage\":\"it-IT\"},{\"@type\":\"Organization\",\"@id\":\"https:\/\/www.sestogrado.it\/it\/#organization\",\"name\":\"Sestogrado\",\"url\":\"https:\/\/www.sestogrado.it\/it\/\",\"logo\":{\"@type\":\"ImageObject\",\"inLanguage\":\"it-IT\",\"@id\":\"https:\/\/www.sestogrado.it\/it\/#\/schema\/logo\/image\/\",\"url\":\"https:\/\/www.sestogrado.it\/wp-content\/uploads\/2015\/03\/sestogrado-favicon.png\",\"contentUrl\":\"https:\/\/www.sestogrado.it\/wp-content\/uploads\/2015\/03\/sestogrado-favicon.png\",\"width\":260,\"height\":260,\"caption\":\"Sestogrado\"},\"image\":{\"@id\":\"https:\/\/www.sestogrado.it\/it\/#\/schema\/logo\/image\/\"},\"sameAs\":[\"https:\/\/www.facebook.com\/pages\/Sestogrado\/1542635979353017?ref=bookmarks\",\"https:\/\/www.youtube.com\/channel\/UC847kAfTkaJsWpc1jtQwr3Q\"],\"hasMerchantReturnPolicy\":{\"@type\":\"MerchantReturnPolicy\",\"merchantReturnLink\":\"https:\/\/www.sestogrado.it\/it\/termini-e-condizioni\/\"}}]}<\/script>\n<meta property=\"product:brand\" content=\"Vertical-Life\" \/>\n<meta property=\"product:price:amount\" content=\"47.50\" \/>\n<meta property=\"product:price:currency\" content=\"EUR\" \/>\n<meta property=\"og:availability\" content=\"out of stock\" \/>\n<meta property=\"product:availability\" content=\"out of stock\" \/>\n<meta property=\"product:condition\" content=\"new\" \/>\n<!-- \/ Yoast SEO plugin. -->","yoast_head_json":{"title":"Kalymnos Guida d'arrampicata sportiva vertical life - Sestogrado","description":"Kalymnos: Guida d'arrampicata sportiva nell'edizione 2023 \u00e8 la guida pi\u00f9 completa, con nuove falesie, nuove vie e informazioni aggiornate: in totale conta 100 pagine in pi\u00f9 rispetto all'edizione precedente. Come sempre, questa guida \u00e8 stata redatta con cura da Katie Roussos e Aris Theodoropoulos, che vivono in zona da tanti anni ormai.\u00a0L'isola di Kalymnos, di una bellezza sconvolgente, non ha bisogno di presentazioni. \u00c8 senza dubbio una delle destinazioni pi\u00f9 adatta per gli arrampicatori, ora muniti di una guida di 600 pagine. Insieme alla versione digitale dell'app di Vertical-Life avrete contenuti sempre aggiornati su tutte le vie pi\u00f9 nuove e imperdibili, oltre ovviamente ai classici senza tempo. Se state cercando una scusa per rivisitare Kalymnos, o se non ci siete mai stati, regalatevi questa nuova guida e mettete in moto i vostri piani!Questa guida con copertina morbida \u00e8 pubblicata da Vertical-Life, in formato A5, solo in inglese.","robots":{"index":"index","follow":"follow","max-snippet":"max-snippet:-1","max-image-preview":"max-image-preview:large","max-video-preview":"max-video-preview:-1"},"canonical":"https:\/\/www.sestogrado.it\/it\/prodotto\/kalymnos-guida-darrampicata-sportiva-vertical-life\/","og_locale":"it_IT","og_type":"article","og_title":"Kalymnos Guida d'arrampicata sportiva vertical life - Sestogrado","og_description":"Kalymnos: Guida d'arrampicata sportiva nell'edizione 2023 \u00e8 la guida pi\u00f9 completa, con nuove falesie, nuove vie e informazioni aggiornate: in totale conta 100 pagine in pi\u00f9 rispetto all'edizione precedente. Come sempre, questa guida \u00e8 stata redatta con cura da Katie Roussos e Aris Theodoropoulos, che vivono in zona da tanti anni ormai.\u00a0L'isola di Kalymnos, di una bellezza sconvolgente, non ha bisogno di presentazioni. \u00c8 senza dubbio una delle destinazioni pi\u00f9 adatta per gli arrampicatori, ora muniti di una guida di 600 pagine. Insieme alla versione digitale dell'app di Vertical-Life avrete contenuti sempre aggiornati su tutte le vie pi\u00f9 nuove e imperdibili, oltre ovviamente ai classici senza tempo. Se state cercando una scusa per rivisitare Kalymnos, o se non ci siete mai stati, regalatevi questa nuova guida e mettete in moto i vostri piani!Questa guida con copertina morbida \u00e8 pubblicata da Vertical-Life, in formato A5, solo in inglese.","og_url":"https:\/\/www.sestogrado.it\/it\/prodotto\/kalymnos-guida-darrampicata-sportiva-vertical-life\/","og_site_name":"Sestogrado","article_publisher":"https:\/\/www.facebook.com\/pages\/Sestogrado\/1542635979353017?ref=bookmarks","article_modified_time":"2024-09-13T14:02:10+00:00","og_image":[{"width":1340,"height":1339,"url":"https:\/\/www.sestogrado.it\/wp-content\/uploads\/2022\/06\/01-3.jpg","type":"image\/jpeg"}],"twitter_misc":{"Prezzo":"&euro;&nbsp;47,50","Disponibilit\u00e0":"Esaurito"},"schema":{"@context":"https:\/\/schema.org","@graph":[{"@type":"WebPage","@id":"https:\/\/www.sestogrado.it\/it\/prodotto\/kalymnos-guida-darrampicata-sportiva-vertical-life\/","url":"https:\/\/www.sestogrado.it\/it\/prodotto\/kalymnos-guida-darrampicata-sportiva-vertical-life\/","name":"Kalymnos Guida d'arrampicata sportiva vertical life - Sestogrado","isPartOf":{"@id":"https:\/\/www.sestogrado.it\/it\/#website"},"primaryImageOfPage":{"@id":"https:\/\/www.sestogrado.it\/it\/prodotto\/kalymnos-guida-darrampicata-sportiva-vertical-life\/#primaryimage"},"image":{"@id":"https:\/\/www.sestogrado.it\/prodotto\/kalymnos-guida-darrampicata-sportiva-vertical-life\/#primaryimage"},"thumbnailUrl":"https:\/\/www.sestogrado.it\/wp-content\/uploads\/2022\/06\/01-3.jpg","datePublished":"2023-10-04T09:02:19+00:00","dateModified":"2024-09-13T14:02:10+00:00","description":"Kalymnos: Guida d'arrampicata sportiva nell'edizione 2023 \u00e8 la guida pi\u00f9 completa, con nuove falesie, nuove vie e informazioni aggiornate: in totale conta 100 pagine in pi\u00f9 rispetto all'edizione precedente. Come sempre, questa guida \u00e8 stata redatta con cura da Katie Roussos e Aris Theodoropoulos, che vivono in zona da tanti anni ormai.\u00a0L'isola di Kalymnos, di una bellezza sconvolgente, non ha bisogno di presentazioni. \u00c8 senza dubbio una delle destinazioni pi\u00f9 adatta per gli arrampicatori, ora muniti di una guida di 600 pagine. Insieme alla versione digitale dell'app di Vertical-Life avrete contenuti sempre aggiornati su tutte le vie pi\u00f9 nuove e imperdibili, oltre ovviamente ai classici senza tempo. Se state cercando una scusa per rivisitare Kalymnos, o se non ci siete mai stati, regalatevi questa nuova guida e mettete in moto i vostri piani!Questa guida con copertina morbida \u00e8 pubblicata da Vertical-Life, in formato A5, solo in inglese.","breadcrumb":{"@id":"https:\/\/www.sestogrado.it\/it\/prodotto\/kalymnos-guida-darrampicata-sportiva-vertical-life\/#breadcrumb"},"inLanguage":"it-IT","potentialAction":[{"@type":"ReadAction","target":[["https:\/\/www.sestogrado.it\/it\/prodotto\/kalymnos-guida-darrampicata-sportiva-vertical-life\/"]]}]},{"@type":"ImageObject","inLanguage":"it-IT","@id":"https:\/\/www.sestogrado.it\/it\/prodotto\/kalymnos-guida-darrampicata-sportiva-vertical-life\/#primaryimage","url":"https:\/\/www.sestogrado.it\/wp-content\/uploads\/2022\/06\/01-3.jpg","contentUrl":"https:\/\/www.sestogrado.it\/wp-content\/uploads\/2022\/06\/01-3.jpg","width":1340,"height":1339,"caption":"kalymnos"},{"@type":"BreadcrumbList","@id":"https:\/\/www.sestogrado.it\/it\/prodotto\/kalymnos-guida-darrampicata-sportiva-vertical-life\/#breadcrumb","itemListElement":[{"@type":"ListItem","position":1,"name":"Home","item":"https:\/\/www.sestogrado.it\/it\/"},{"@type":"ListItem","position":2,"name":"Shop","item":"https:\/\/www.sestogrado.it\/it\/shop\/"},{"@type":"ListItem","position":3,"name":"Kalymnos Guida d&#8217;arrampicata sportiva vertical life"}]},{"@type":"WebSite","@id":"https:\/\/www.sestogrado.it\/it\/#website","url":"https:\/\/www.sestogrado.it\/it\/","name":"Sestogrado","description":"yes we climb","publisher":{"@id":"https:\/\/www.sestogrado.it\/it\/#organization"},"potentialAction":[{"@type":"SearchAction","target":{"@type":"EntryPoint","urlTemplate":"https:\/\/www.sestogrado.it\/it\/?s={search_term_string}"},"query-input":{"@type":"PropertyValueSpecification","valueRequired":true,"valueName":"search_term_string"}}],"inLanguage":"it-IT"},{"@type":"Organization","@id":"https:\/\/www.sestogrado.it\/it\/#organization","name":"Sestogrado","url":"https:\/\/www.sestogrado.it\/it\/","logo":{"@type":"ImageObject","inLanguage":"it-IT","@id":"https:\/\/www.sestogrado.it\/it\/#\/schema\/logo\/image\/","url":"https:\/\/www.sestogrado.it\/wp-content\/uploads\/2015\/03\/sestogrado-favicon.png","contentUrl":"https:\/\/www.sestogrado.it\/wp-content\/uploads\/2015\/03\/sestogrado-favicon.png","width":260,"height":260,"caption":"Sestogrado"},"image":{"@id":"https:\/\/www.sestogrado.it\/it\/#\/schema\/logo\/image\/"},"sameAs":["https:\/\/www.facebook.com\/pages\/Sestogrado\/1542635979353017?ref=bookmarks","https:\/\/www.youtube.com\/channel\/UC847kAfTkaJsWpc1jtQwr3Q"],"hasMerchantReturnPolicy":{"@type":"MerchantReturnPolicy","merchantReturnLink":"https:\/\/www.sestogrado.it\/it\/termini-e-condizioni\/"}}]},"product_brand":"Vertical-Life","product_price_amount":"47.50","product_price_currency":"EUR","og_availability":"out of stock","product_availability":"out of stock","product_condition":"new"},"_links":{"self":[{"href":"https:\/\/www.sestogrado.it\/it\/wp-json\/wp\/v2\/product\/18195","targetHints":{"allow":["GET"]}}],"collection":[{"href":"https:\/\/www.sestogrado.it\/it\/wp-json\/wp\/v2\/product"}],"about":[{"href":"https:\/\/www.sestogrado.it\/it\/wp-json\/wp\/v2\/types\/product"}],"replies":[{"embeddable":true,"href":"https:\/\/www.sestogrado.it\/it\/wp-json\/wp\/v2\/comments?post=18195"}],"wp:featuredmedia":[{"embeddable":true,"href":"https:\/\/www.sestogrado.it\/it\/wp-json\/wp\/v2\/media\/143299"}],"wp:attachment":[{"href":"https:\/\/www.sestogrado.it\/it\/wp-json\/wp\/v2\/media?parent=18195"}],"wp:term":[{"taxonomy":"product_brand","embeddable":true,"href":"https:\/\/www.sestogrado.it\/it\/wp-json\/wp\/v2\/product_brand?post=18195"},{"taxonomy":"product_cat","embeddable":true,"href":"https:\/\/www.sestogrado.it\/it\/wp-json\/wp\/v2\/product_cat?post=18195"},{"taxonomy":"product_tag","embeddable":true,"href":"https:\/\/www.sestogrado.it\/it\/wp-json\/wp\/v2\/product_tag?post=18195"}],"curies":[{"name":"wp","href":"https:\/\/api.w.org\/{rel}","templated":true}]}}