{"id":18192,"date":"2024-07-10T07:50:00","date_gmt":"2024-07-10T05:50:00","guid":{"rendered":"https:\/\/www.sestogrado.it\/?post_type=product&#038;p=18192"},"modified":"2025-07-11T11:16:15","modified_gmt":"2025-07-11T09:16:15","slug":"ceuse-guida-darrampicata-vertical-life","status":"publish","type":"product","link":"https:\/\/www.sestogrado.it\/it\/prodotto\/ceuse-guida-darrampicata-vertical-life\/","title":{"rendered":"C\u00e9\u00fcse guida d&#8217;arrampicata vertical life"},"content":{"rendered":"<p>C\u00c9\u00dcSE 2023: La guida che copre tutta l&#8217; arrampicata sportive nella zona, \u00e8 stata completamente rivista e aggiornata dall&#8217;edizione precedente del 2018. Lo sviluppo di nuove vie \u00e8 andato avanti costantemente. Questa nuova guida \u00e8 un altro grande contributo al costante sviluppo dell&#8217;arrampicata sportiva in una delle migliori zone di arrampicata sportiva al mondo.<\/p>\n<ul class=\"product--base-info list--unstyled\">\n<li class=\"base-info--entry entry-attribute\"><strong class=\"entry--label\">ISBN:<\/strong>\u00a0<span class=\"entry--content\">978-29-58860-50-9<\/span><\/li>\n<li class=\"base-info--entry entry-attribute\"><strong class=\"entry--label\">Edizione:<\/strong>\u00a0<span class=\"entry--content\">2023<\/span><\/li>\n<li class=\"base-info--entry entry-attribute\"><strong class=\"entry--label\">Autore\/i:<\/strong>\u00a0<span class=\"entry--content\">Rolland Marie, Laurent Girousse<\/span><\/li>\n<li class=\"base-info--entry entry-attribute\"><strong class=\"entry--label\">Casa editrice:<\/strong>\u00a0<span class=\"entry--content\">Autopubblicazione<\/span><\/li>\n<li class=\"base-info--entry entry-attribute\"><strong class=\"entry--label\">Lingua\/e:<\/strong>\u00a0<span class=\"entry--content\">Francese, Inglese<\/span><\/li>\n<li class=\"base-info--entry entry-attribute\"><strong class=\"entry--label\">Pagine:<\/strong>\u00a0<span class=\"entry--content\">168<\/span><\/li>\n<li class=\"base-info--entry entry-attribute\"><strong class=\"entry--label\">Formato:<\/strong>\u00a0<span class=\"entry--content\">A5, Soft cover<\/span><\/li>\n<li class=\"base-info--entry entry-attribute\"><strong class=\"entry--label\">App:<\/strong>\u00a0<span class=\"entry--content\">Vertical-Life\/Free download<\/span><\/li>\n<li class=\"base-info--entry entry-attribute\"><strong class=\"entry--label\">Autore\/i:<\/strong>\u00a0<span class=\"entry--content\">Rolland Marie, Laurent Girousse<\/span><\/li>\n<li class=\"base-info--entry entry-attribute\"><strong class=\"entry--label\">Peso (in kg):<\/strong>\u00a0<span class=\"entry--content\">0.3<\/span><\/li>\n<\/ul>\n<p><\/p>","protected":false},"excerpt":{"rendered":"<p>C\u00c9\u00dcSE 2023: La guida che copre tutta l&#8217; arrampicata sportive nella zona, \u00e8 stata completamente rivista e aggiornata dall&#8217;edizione precedente [&hellip;]<\/p>\n","protected":false},"featured_media":166324,"comment_status":"open","ping_status":"closed","template":"","meta":{"_acf_changed":false},"product_brand":[511],"product_cat":[98],"product_tag":[510],"class_list":{"0":"post-18192","1":"product","2":"type-product","3":"status-publish","4":"has-post-thumbnail","6":"product_brand-vertical-life","7":"product_cat-libri","8":"product_tag-guida-arrampicata","10":"first","11":"outofstock","12":"taxable","13":"shipping-taxable","14":"purchasable","15":"product-type-simple"},"acf":[],"yoast_head":"<!-- This site is optimized with the Yoast SEO plugin v26.4 - https:\/\/yoast.com\/wordpress\/plugins\/seo\/ -->\n<title>C\u00e9\u00fcse guida d&#039;arrampicata vertical life - Sestogrado<\/title>\n<meta name=\"description\" content=\"C\u00c9\u00dcSE 2023: La guida che copre tutta l&#039; arrampicata sportive nella zona, \u00e8 stata completamente rivista e aggiornata dall&#039;edizione precedente del 2018. Lo sviluppo di nuove vie \u00e8 andato avanti costantemente. Questa nuova guida \u00e8 un altro grande contributo al costante sviluppo dell&#039;arrampicata sportiva in una delle migliori zone di arrampicata sportiva al mondo.\" \/>\n<meta name=\"robots\" content=\"index, follow, max-snippet:-1, max-image-preview:large, max-video-preview:-1\" \/>\n<link rel=\"canonical\" href=\"https:\/\/www.sestogrado.it\/it\/prodotto\/ceuse-guida-darrampicata-vertical-life\/\" \/>\n<meta property=\"og:locale\" content=\"it_IT\" \/>\n<meta property=\"og:type\" content=\"article\" \/>\n<meta property=\"og:title\" content=\"C\u00e9\u00fcse guida d&#039;arrampicata vertical life - Sestogrado\" \/>\n<meta property=\"og:description\" content=\"C\u00c9\u00dcSE 2023: La guida che copre tutta l&#039; arrampicata sportive nella zona, \u00e8 stata completamente rivista e aggiornata dall&#039;edizione precedente del 2018. Lo sviluppo di nuove vie \u00e8 andato avanti costantemente. Questa nuova guida \u00e8 un altro grande contributo al costante sviluppo dell&#039;arrampicata sportiva in una delle migliori zone di arrampicata sportiva al mondo.\" \/>\n<meta property=\"og:url\" content=\"https:\/\/www.sestogrado.it\/it\/prodotto\/ceuse-guida-darrampicata-vertical-life\/\" \/>\n<meta property=\"og:site_name\" content=\"Sestogrado\" \/>\n<meta property=\"article:publisher\" content=\"https:\/\/www.facebook.com\/pages\/Sestogrado\/1542635979353017?ref=bookmarks\" \/>\n<meta property=\"article:modified_time\" content=\"2025-07-11T09:16:15+00:00\" \/>\n<meta property=\"og:image\" content=\"https:\/\/www.sestogrado.it\/wp-content\/uploads\/2018\/10\/ff.jpg\" \/>\n\t<meta property=\"og:image:width\" content=\"1000\" \/>\n\t<meta property=\"og:image:height\" content=\"1000\" \/>\n\t<meta property=\"og:image:type\" content=\"image\/jpeg\" \/>\n<meta name=\"twitter:label1\" content=\"Prezzo\" \/>\n\t<meta name=\"twitter:data1\" content=\"&euro;&nbsp;27,00\" \/>\n\t<meta name=\"twitter:label2\" content=\"Disponibilit\u00e0\" \/>\n\t<meta name=\"twitter:data2\" content=\"Esaurito\" \/>\n<script type=\"application\/ld+json\" class=\"yoast-schema-graph\">{\"@context\":\"https:\/\/schema.org\",\"@graph\":[{\"@type\":\"WebPage\",\"@id\":\"https:\/\/www.sestogrado.it\/it\/prodotto\/ceuse-guida-darrampicata-vertical-life\/\",\"url\":\"https:\/\/www.sestogrado.it\/it\/prodotto\/ceuse-guida-darrampicata-vertical-life\/\",\"name\":\"C\u00e9\u00fcse guida d'arrampicata vertical life - Sestogrado\",\"isPartOf\":{\"@id\":\"https:\/\/www.sestogrado.it\/it\/#website\"},\"primaryImageOfPage\":{\"@id\":\"https:\/\/www.sestogrado.it\/it\/prodotto\/ceuse-guida-darrampicata-vertical-life\/#primaryimage\"},\"image\":{\"@id\":\"https:\/\/www.sestogrado.it\/prodotto\/ceuse-guida-darrampicata-vertical-life\/#primaryimage\"},\"thumbnailUrl\":\"https:\/\/www.sestogrado.it\/wp-content\/uploads\/2018\/10\/ff.jpg\",\"datePublished\":\"2024-07-10T05:50:00+00:00\",\"dateModified\":\"2025-07-11T09:16:15+00:00\",\"description\":\"C\u00c9\u00dcSE 2023: La guida che copre tutta l' arrampicata sportive nella zona, \u00e8 stata completamente rivista e aggiornata dall'edizione precedente del 2018. Lo sviluppo di nuove vie \u00e8 andato avanti costantemente. Questa nuova guida \u00e8 un altro grande contributo al costante sviluppo dell'arrampicata sportiva in una delle migliori zone di arrampicata sportiva al mondo.\",\"breadcrumb\":{\"@id\":\"https:\/\/www.sestogrado.it\/it\/prodotto\/ceuse-guida-darrampicata-vertical-life\/#breadcrumb\"},\"inLanguage\":\"it-IT\",\"potentialAction\":[{\"@type\":\"ReadAction\",\"target\":[[\"https:\/\/www.sestogrado.it\/it\/prodotto\/ceuse-guida-darrampicata-vertical-life\/\"]]}]},{\"@type\":\"ImageObject\",\"inLanguage\":\"it-IT\",\"@id\":\"https:\/\/www.sestogrado.it\/it\/prodotto\/ceuse-guida-darrampicata-vertical-life\/#primaryimage\",\"url\":\"https:\/\/www.sestogrado.it\/wp-content\/uploads\/2018\/10\/ff.jpg\",\"contentUrl\":\"https:\/\/www.sestogrado.it\/wp-content\/uploads\/2018\/10\/ff.jpg\",\"width\":1000,\"height\":1000,\"caption\":\"ceuse\"},{\"@type\":\"BreadcrumbList\",\"@id\":\"https:\/\/www.sestogrado.it\/it\/prodotto\/ceuse-guida-darrampicata-vertical-life\/#breadcrumb\",\"itemListElement\":[{\"@type\":\"ListItem\",\"position\":1,\"name\":\"Home\",\"item\":\"https:\/\/www.sestogrado.it\/it\/\"},{\"@type\":\"ListItem\",\"position\":2,\"name\":\"Shop\",\"item\":\"https:\/\/www.sestogrado.it\/it\/shop\/\"},{\"@type\":\"ListItem\",\"position\":3,\"name\":\"C\u00e9\u00fcse guida d&#8217;arrampicata vertical life\"}]},{\"@type\":\"WebSite\",\"@id\":\"https:\/\/www.sestogrado.it\/it\/#website\",\"url\":\"https:\/\/www.sestogrado.it\/it\/\",\"name\":\"Sestogrado\",\"description\":\"yes we climb\",\"publisher\":{\"@id\":\"https:\/\/www.sestogrado.it\/it\/#organization\"},\"potentialAction\":[{\"@type\":\"SearchAction\",\"target\":{\"@type\":\"EntryPoint\",\"urlTemplate\":\"https:\/\/www.sestogrado.it\/it\/?s={search_term_string}\"},\"query-input\":{\"@type\":\"PropertyValueSpecification\",\"valueRequired\":true,\"valueName\":\"search_term_string\"}}],\"inLanguage\":\"it-IT\"},{\"@type\":\"Organization\",\"@id\":\"https:\/\/www.sestogrado.it\/it\/#organization\",\"name\":\"Sestogrado\",\"url\":\"https:\/\/www.sestogrado.it\/it\/\",\"logo\":{\"@type\":\"ImageObject\",\"inLanguage\":\"it-IT\",\"@id\":\"https:\/\/www.sestogrado.it\/it\/#\/schema\/logo\/image\/\",\"url\":\"https:\/\/www.sestogrado.it\/wp-content\/uploads\/2015\/03\/sestogrado-favicon.png\",\"contentUrl\":\"https:\/\/www.sestogrado.it\/wp-content\/uploads\/2015\/03\/sestogrado-favicon.png\",\"width\":260,\"height\":260,\"caption\":\"Sestogrado\"},\"image\":{\"@id\":\"https:\/\/www.sestogrado.it\/it\/#\/schema\/logo\/image\/\"},\"sameAs\":[\"https:\/\/www.facebook.com\/pages\/Sestogrado\/1542635979353017?ref=bookmarks\",\"https:\/\/www.youtube.com\/channel\/UC847kAfTkaJsWpc1jtQwr3Q\"],\"hasMerchantReturnPolicy\":{\"@type\":\"MerchantReturnPolicy\",\"merchantReturnLink\":\"https:\/\/www.sestogrado.it\/it\/termini-e-condizioni\/\"}}]}<\/script>\n<meta property=\"product:brand\" content=\"Vertical-Life\" \/>\n<meta property=\"product:price:amount\" content=\"27.00\" \/>\n<meta property=\"product:price:currency\" content=\"EUR\" \/>\n<meta property=\"og:availability\" content=\"out of stock\" \/>\n<meta property=\"product:availability\" content=\"out of stock\" \/>\n<meta property=\"product:condition\" content=\"new\" \/>\n<!-- \/ Yoast SEO plugin. -->","yoast_head_json":{"title":"C\u00e9\u00fcse guida d'arrampicata vertical life - Sestogrado","description":"C\u00c9\u00dcSE 2023: La guida che copre tutta l' arrampicata sportive nella zona, \u00e8 stata completamente rivista e aggiornata dall'edizione precedente del 2018. Lo sviluppo di nuove vie \u00e8 andato avanti costantemente. Questa nuova guida \u00e8 un altro grande contributo al costante sviluppo dell'arrampicata sportiva in una delle migliori zone di arrampicata sportiva al mondo.","robots":{"index":"index","follow":"follow","max-snippet":"max-snippet:-1","max-image-preview":"max-image-preview:large","max-video-preview":"max-video-preview:-1"},"canonical":"https:\/\/www.sestogrado.it\/it\/prodotto\/ceuse-guida-darrampicata-vertical-life\/","og_locale":"it_IT","og_type":"article","og_title":"C\u00e9\u00fcse guida d'arrampicata vertical life - Sestogrado","og_description":"C\u00c9\u00dcSE 2023: La guida che copre tutta l' arrampicata sportive nella zona, \u00e8 stata completamente rivista e aggiornata dall'edizione precedente del 2018. Lo sviluppo di nuove vie \u00e8 andato avanti costantemente. Questa nuova guida \u00e8 un altro grande contributo al costante sviluppo dell'arrampicata sportiva in una delle migliori zone di arrampicata sportiva al mondo.","og_url":"https:\/\/www.sestogrado.it\/it\/prodotto\/ceuse-guida-darrampicata-vertical-life\/","og_site_name":"Sestogrado","article_publisher":"https:\/\/www.facebook.com\/pages\/Sestogrado\/1542635979353017?ref=bookmarks","article_modified_time":"2025-07-11T09:16:15+00:00","og_image":[{"width":1000,"height":1000,"url":"https:\/\/www.sestogrado.it\/wp-content\/uploads\/2018\/10\/ff.jpg","type":"image\/jpeg"}],"twitter_misc":{"Prezzo":"&euro;&nbsp;27,00","Disponibilit\u00e0":"Esaurito"},"schema":{"@context":"https:\/\/schema.org","@graph":[{"@type":"WebPage","@id":"https:\/\/www.sestogrado.it\/it\/prodotto\/ceuse-guida-darrampicata-vertical-life\/","url":"https:\/\/www.sestogrado.it\/it\/prodotto\/ceuse-guida-darrampicata-vertical-life\/","name":"C\u00e9\u00fcse guida d'arrampicata vertical life - Sestogrado","isPartOf":{"@id":"https:\/\/www.sestogrado.it\/it\/#website"},"primaryImageOfPage":{"@id":"https:\/\/www.sestogrado.it\/it\/prodotto\/ceuse-guida-darrampicata-vertical-life\/#primaryimage"},"image":{"@id":"https:\/\/www.sestogrado.it\/prodotto\/ceuse-guida-darrampicata-vertical-life\/#primaryimage"},"thumbnailUrl":"https:\/\/www.sestogrado.it\/wp-content\/uploads\/2018\/10\/ff.jpg","datePublished":"2024-07-10T05:50:00+00:00","dateModified":"2025-07-11T09:16:15+00:00","description":"C\u00c9\u00dcSE 2023: La guida che copre tutta l' arrampicata sportive nella zona, \u00e8 stata completamente rivista e aggiornata dall'edizione precedente del 2018. Lo sviluppo di nuove vie \u00e8 andato avanti costantemente. Questa nuova guida \u00e8 un altro grande contributo al costante sviluppo dell'arrampicata sportiva in una delle migliori zone di arrampicata sportiva al mondo.","breadcrumb":{"@id":"https:\/\/www.sestogrado.it\/it\/prodotto\/ceuse-guida-darrampicata-vertical-life\/#breadcrumb"},"inLanguage":"it-IT","potentialAction":[{"@type":"ReadAction","target":[["https:\/\/www.sestogrado.it\/it\/prodotto\/ceuse-guida-darrampicata-vertical-life\/"]]}]},{"@type":"ImageObject","inLanguage":"it-IT","@id":"https:\/\/www.sestogrado.it\/it\/prodotto\/ceuse-guida-darrampicata-vertical-life\/#primaryimage","url":"https:\/\/www.sestogrado.it\/wp-content\/uploads\/2018\/10\/ff.jpg","contentUrl":"https:\/\/www.sestogrado.it\/wp-content\/uploads\/2018\/10\/ff.jpg","width":1000,"height":1000,"caption":"ceuse"},{"@type":"BreadcrumbList","@id":"https:\/\/www.sestogrado.it\/it\/prodotto\/ceuse-guida-darrampicata-vertical-life\/#breadcrumb","itemListElement":[{"@type":"ListItem","position":1,"name":"Home","item":"https:\/\/www.sestogrado.it\/it\/"},{"@type":"ListItem","position":2,"name":"Shop","item":"https:\/\/www.sestogrado.it\/it\/shop\/"},{"@type":"ListItem","position":3,"name":"C\u00e9\u00fcse guida d&#8217;arrampicata vertical life"}]},{"@type":"WebSite","@id":"https:\/\/www.sestogrado.it\/it\/#website","url":"https:\/\/www.sestogrado.it\/it\/","name":"Sestogrado","description":"yes we climb","publisher":{"@id":"https:\/\/www.sestogrado.it\/it\/#organization"},"potentialAction":[{"@type":"SearchAction","target":{"@type":"EntryPoint","urlTemplate":"https:\/\/www.sestogrado.it\/it\/?s={search_term_string}"},"query-input":{"@type":"PropertyValueSpecification","valueRequired":true,"valueName":"search_term_string"}}],"inLanguage":"it-IT"},{"@type":"Organization","@id":"https:\/\/www.sestogrado.it\/it\/#organization","name":"Sestogrado","url":"https:\/\/www.sestogrado.it\/it\/","logo":{"@type":"ImageObject","inLanguage":"it-IT","@id":"https:\/\/www.sestogrado.it\/it\/#\/schema\/logo\/image\/","url":"https:\/\/www.sestogrado.it\/wp-content\/uploads\/2015\/03\/sestogrado-favicon.png","contentUrl":"https:\/\/www.sestogrado.it\/wp-content\/uploads\/2015\/03\/sestogrado-favicon.png","width":260,"height":260,"caption":"Sestogrado"},"image":{"@id":"https:\/\/www.sestogrado.it\/it\/#\/schema\/logo\/image\/"},"sameAs":["https:\/\/www.facebook.com\/pages\/Sestogrado\/1542635979353017?ref=bookmarks","https:\/\/www.youtube.com\/channel\/UC847kAfTkaJsWpc1jtQwr3Q"],"hasMerchantReturnPolicy":{"@type":"MerchantReturnPolicy","merchantReturnLink":"https:\/\/www.sestogrado.it\/it\/termini-e-condizioni\/"}}]},"product_brand":"Vertical-Life","product_price_amount":"27.00","product_price_currency":"EUR","og_availability":"out of stock","product_availability":"out of stock","product_condition":"new"},"_links":{"self":[{"href":"https:\/\/www.sestogrado.it\/it\/wp-json\/wp\/v2\/product\/18192","targetHints":{"allow":["GET"]}}],"collection":[{"href":"https:\/\/www.sestogrado.it\/it\/wp-json\/wp\/v2\/product"}],"about":[{"href":"https:\/\/www.sestogrado.it\/it\/wp-json\/wp\/v2\/types\/product"}],"replies":[{"embeddable":true,"href":"https:\/\/www.sestogrado.it\/it\/wp-json\/wp\/v2\/comments?post=18192"}],"wp:featuredmedia":[{"embeddable":true,"href":"https:\/\/www.sestogrado.it\/it\/wp-json\/wp\/v2\/media\/166324"}],"wp:attachment":[{"href":"https:\/\/www.sestogrado.it\/it\/wp-json\/wp\/v2\/media?parent=18192"}],"wp:term":[{"taxonomy":"product_brand","embeddable":true,"href":"https:\/\/www.sestogrado.it\/it\/wp-json\/wp\/v2\/product_brand?post=18192"},{"taxonomy":"product_cat","embeddable":true,"href":"https:\/\/www.sestogrado.it\/it\/wp-json\/wp\/v2\/product_cat?post=18192"},{"taxonomy":"product_tag","embeddable":true,"href":"https:\/\/www.sestogrado.it\/it\/wp-json\/wp\/v2\/product_tag?post=18192"}],"curies":[{"name":"wp","href":"https:\/\/api.w.org\/{rel}","templated":true}]}}