{"id":18115,"date":"2024-04-09T13:00:52","date_gmt":"2024-04-09T11:00:52","guid":{"rendered":"https:\/\/www.sestogrado.it\/?post_type=product&#038;p=18115"},"modified":"2026-04-28T11:02:16","modified_gmt":"2026-04-28T09:02:16","slug":"camp-chunky-chalk-fustino-di-magnesite-in-polvere-650g","status":"publish","type":"product","link":"https:\/\/www.sestogrado.it\/it\/prodotto\/camp-chunky-chalk-fustino-di-magnesite-in-polvere-650g\/","title":{"rendered":"Camp Chunky Chalk fustino di magnesite in polvere 650g"},"content":{"rendered":"<p>Il Camp Chunky Chalk fustino di magnesite \u00e8 un fustino contenente 650 di\u00a0magnesite in polvere di alta qualit\u00e0 che garantisce una copertura durevole in tutte le situazioni. Il fustino ha una maniglia che lo rende pratico per il trasporto.<\/p>\n<ul>\n<li>Carbonato di magnesio: la materia prima \u00e8 ricavata da minerali con il pi\u00f9 basso livello di sostanze nocive o tossiche; viene lavorata in Europa con processi ad alto contenuto tecnologico.<\/li>\n<li>Senza metalli pesanti, allergeni e glutine: pensiamo alla tua salute e sicurezza, la magnesite CAMP \u00e8 priva di metalli pesanti, allergeni e glutine.<\/li>\n<li>Confezione riciclabile<\/li>\n<li>Formato: fustino da 650g<\/li>\n<\/ul>\n<p>&nbsp;<\/p>\n<p><strong>Chalkemy<\/strong>, la nuova linea di magnesite CAMP: una selezione di carbonato di magnesio (4Mg CO3 Mg(OH)2 5H20) purissimo e di alta qualit\u00e0.<br \/>\nIn molte situazioni la magnesite fa davvero la differenza, come sa bene chi scala al limite e deve scegliere ogni volta cosa mettere sulle mani: \u00e8 una vera alchimia per avere sempre il massimo grip. La linea \u201cChalkemy\u201d &#8211; che sta proprio per \u201cChalk\u201d + \u201cAlchemy\u201d &#8211; \u00e8 la nostra risposta a una delle esigenze pi\u00f9 sentite dai climber, un\u2019offerta diversificata perch\u00e9 ogni attivit\u00e0 abbia finalmente la sua magnesite. Polvere fine, polvere grezza, panetti, palline, magnesite liquida: \u201cChalkemy\u201d \u00e8 una gamma completa per soddisfare ogni necessit\u00e0 e preferenza.<\/p>\n<p>&nbsp;<\/p>\n<p>Passione, lavoro e semplicit\u00e0 sono alcune delle parole chiave che da sempre hanno contraddistinto il modo di essere di C.A.M.P. La passione \u00e8 quella per la montagna e per i prodotti che aiutano a realizzare i sogni ed i progetti di tutti coloro che la frequentano; il lavoro \u00e8 quello tramandato da oltre 115 anni in quattro distinte generazioni succedutesi alla guida dell\u2019azienda e la semplicit\u00e0 \u00e8 quella che contraddistingue un modo di essere e relazionarsi basato sulla seriet\u00e0 e lealt\u00e0.<\/p>","protected":false},"excerpt":{"rendered":"<p>Il Camp Chunky Chalk fustino di magnesite \u00e8 un fustino contenente 650 di\u00a0magnesite in polvere di alta qualit\u00e0 che garantisce [&hellip;]<\/p>\n","protected":false},"featured_media":105034,"comment_status":"open","ping_status":"closed","template":"","meta":{"_acf_changed":false},"product_brand":[31],"product_cat":[140],"product_tag":[523,433],"class_list":{"0":"post-18115","1":"product","2":"type-product","3":"status-publish","4":"has-post-thumbnail","6":"product_brand-camp","7":"product_cat-magnesite","8":"product_tag-magnesio","9":"product_tag-magnesite","11":"first","12":"instock","13":"sale","14":"taxable","15":"shipping-taxable","16":"purchasable","17":"product-type-simple"},"acf":[],"yoast_head":"<!-- This site is optimized with the Yoast SEO plugin v26.4 - https:\/\/yoast.com\/wordpress\/plugins\/seo\/ -->\n<title>Camp Chunky Chalk fustino di magnesite in polvere 650g - Sestogrado<\/title>\n<meta name=\"description\" content=\"Il Camp Chunky Chalk fustino di magnesite \u00e8 un fustino contenente 650 di\u00a0magnesite in polvere di alta qualit\u00e0 che garantisce una copertura durevole in tutte le situazioni. Il fustino ha una maniglia che lo rende pratico per il trasporto.Carbonato di magnesio: la materia prima \u00e8 ricavata da minerali con il pi\u00f9 basso livello di sostanze nocive o tossiche; viene lavorata in Europa con processi ad alto contenuto tecnologico.Senza metalli pesanti, allergeni e glutine: pensiamo alla tua salute e sicurezza, la magnesite CAMP \u00e8 priva di metalli pesanti, allergeni e glutine.Confezione riciclabileFormato: fustino da 650g\" \/>\n<meta name=\"robots\" content=\"index, follow, max-snippet:-1, max-image-preview:large, max-video-preview:-1\" \/>\n<link rel=\"canonical\" href=\"https:\/\/www.sestogrado.it\/it\/prodotto\/camp-chunky-chalk-fustino-di-magnesite-in-polvere-650g\/\" \/>\n<meta property=\"og:locale\" content=\"it_IT\" \/>\n<meta property=\"og:type\" content=\"article\" \/>\n<meta property=\"og:title\" content=\"Camp Chunky Chalk fustino di magnesite in polvere 650g - Sestogrado\" \/>\n<meta property=\"og:description\" content=\"Il Camp Chunky Chalk fustino di magnesite \u00e8 un fustino contenente 650 di\u00a0magnesite in polvere di alta qualit\u00e0 che garantisce una copertura durevole in tutte le situazioni. Il fustino ha una maniglia che lo rende pratico per il trasporto.Carbonato di magnesio: la materia prima \u00e8 ricavata da minerali con il pi\u00f9 basso livello di sostanze nocive o tossiche; viene lavorata in Europa con processi ad alto contenuto tecnologico.Senza metalli pesanti, allergeni e glutine: pensiamo alla tua salute e sicurezza, la magnesite CAMP \u00e8 priva di metalli pesanti, allergeni e glutine.Confezione riciclabileFormato: fustino da 650g\" \/>\n<meta property=\"og:url\" content=\"https:\/\/www.sestogrado.it\/it\/prodotto\/camp-chunky-chalk-fustino-di-magnesite-in-polvere-650g\/\" \/>\n<meta property=\"og:site_name\" content=\"Sestogrado\" \/>\n<meta property=\"article:publisher\" content=\"https:\/\/www.facebook.com\/pages\/Sestogrado\/1542635979353017?ref=bookmarks\" \/>\n<meta property=\"article:modified_time\" content=\"2026-04-28T09:02:16+00:00\" \/>\n<meta property=\"og:image\" content=\"https:\/\/www.sestogrado.it\/wp-content\/uploads\/2021\/04\/311103-scaled.jpg\" \/>\n\t<meta property=\"og:image:width\" content=\"2560\" \/>\n\t<meta property=\"og:image:height\" content=\"2560\" \/>\n\t<meta property=\"og:image:type\" content=\"image\/jpeg\" \/>\n<meta name=\"twitter:label1\" content=\"Prezzo\" \/>\n\t<meta name=\"twitter:data1\" content=\"&euro;&nbsp;17,90\" \/>\n\t<meta name=\"twitter:label2\" content=\"Disponibilit\u00e0\" \/>\n\t<meta name=\"twitter:data2\" content=\"In stock\" \/>\n<script type=\"application\/ld+json\" class=\"yoast-schema-graph\">{\"@context\":\"https:\/\/schema.org\",\"@graph\":[{\"@type\":\"WebPage\",\"@id\":\"https:\/\/www.sestogrado.it\/it\/prodotto\/camp-chunky-chalk-fustino-di-magnesite-in-polvere-650g\/\",\"url\":\"https:\/\/www.sestogrado.it\/it\/prodotto\/camp-chunky-chalk-fustino-di-magnesite-in-polvere-650g\/\",\"name\":\"Camp Chunky Chalk fustino di magnesite in polvere 650g - Sestogrado\",\"isPartOf\":{\"@id\":\"https:\/\/www.sestogrado.it\/it\/#website\"},\"primaryImageOfPage\":{\"@id\":\"https:\/\/www.sestogrado.it\/it\/prodotto\/camp-chunky-chalk-fustino-di-magnesite-in-polvere-650g\/#primaryimage\"},\"image\":{\"@id\":\"https:\/\/www.sestogrado.it\/prodotto\/camp-chunky-chalk-fustino-di-magnesite-in-polvere-650g\/#primaryimage\"},\"thumbnailUrl\":\"https:\/\/www.sestogrado.it\/wp-content\/uploads\/2021\/04\/311103-scaled.jpg\",\"datePublished\":\"2024-04-09T11:00:52+00:00\",\"dateModified\":\"2026-04-28T09:02:16+00:00\",\"description\":\"Il Camp Chunky Chalk fustino di magnesite \u00e8 un fustino contenente 650 di\u00a0magnesite in polvere di alta qualit\u00e0 che garantisce una copertura durevole in tutte le situazioni. Il fustino ha una maniglia che lo rende pratico per il trasporto.Carbonato di magnesio: la materia prima \u00e8 ricavata da minerali con il pi\u00f9 basso livello di sostanze nocive o tossiche; viene lavorata in Europa con processi ad alto contenuto tecnologico.Senza metalli pesanti, allergeni e glutine: pensiamo alla tua salute e sicurezza, la magnesite CAMP \u00e8 priva di metalli pesanti, allergeni e glutine.Confezione riciclabileFormato: fustino da 650g\",\"breadcrumb\":{\"@id\":\"https:\/\/www.sestogrado.it\/it\/prodotto\/camp-chunky-chalk-fustino-di-magnesite-in-polvere-650g\/#breadcrumb\"},\"inLanguage\":\"it-IT\",\"potentialAction\":[{\"@type\":\"ReadAction\",\"target\":[[\"https:\/\/www.sestogrado.it\/it\/prodotto\/camp-chunky-chalk-fustino-di-magnesite-in-polvere-650g\/\"]]}]},{\"@type\":\"ImageObject\",\"inLanguage\":\"it-IT\",\"@id\":\"https:\/\/www.sestogrado.it\/it\/prodotto\/camp-chunky-chalk-fustino-di-magnesite-in-polvere-650g\/#primaryimage\",\"url\":\"https:\/\/www.sestogrado.it\/wp-content\/uploads\/2021\/04\/311103-scaled.jpg\",\"contentUrl\":\"https:\/\/www.sestogrado.it\/wp-content\/uploads\/2021\/04\/311103-scaled.jpg\",\"width\":2560,\"height\":2560,\"caption\":\"CAMP chunky chalk fustino 650\"},{\"@type\":\"BreadcrumbList\",\"@id\":\"https:\/\/www.sestogrado.it\/it\/prodotto\/camp-chunky-chalk-fustino-di-magnesite-in-polvere-650g\/#breadcrumb\",\"itemListElement\":[{\"@type\":\"ListItem\",\"position\":1,\"name\":\"Home\",\"item\":\"https:\/\/www.sestogrado.it\/it\/\"},{\"@type\":\"ListItem\",\"position\":2,\"name\":\"Shop\",\"item\":\"https:\/\/www.sestogrado.it\/it\/shop\/\"},{\"@type\":\"ListItem\",\"position\":3,\"name\":\"Camp Chunky Chalk fustino di magnesite in polvere 650g\"}]},{\"@type\":\"WebSite\",\"@id\":\"https:\/\/www.sestogrado.it\/it\/#website\",\"url\":\"https:\/\/www.sestogrado.it\/it\/\",\"name\":\"Sestogrado\",\"description\":\"yes we climb\",\"publisher\":{\"@id\":\"https:\/\/www.sestogrado.it\/it\/#organization\"},\"potentialAction\":[{\"@type\":\"SearchAction\",\"target\":{\"@type\":\"EntryPoint\",\"urlTemplate\":\"https:\/\/www.sestogrado.it\/it\/?s={search_term_string}\"},\"query-input\":{\"@type\":\"PropertyValueSpecification\",\"valueRequired\":true,\"valueName\":\"search_term_string\"}}],\"inLanguage\":\"it-IT\"},{\"@type\":\"Organization\",\"@id\":\"https:\/\/www.sestogrado.it\/it\/#organization\",\"name\":\"Sestogrado\",\"url\":\"https:\/\/www.sestogrado.it\/it\/\",\"logo\":{\"@type\":\"ImageObject\",\"inLanguage\":\"it-IT\",\"@id\":\"https:\/\/www.sestogrado.it\/it\/#\/schema\/logo\/image\/\",\"url\":\"https:\/\/www.sestogrado.it\/wp-content\/uploads\/2015\/03\/sestogrado-favicon.png\",\"contentUrl\":\"https:\/\/www.sestogrado.it\/wp-content\/uploads\/2015\/03\/sestogrado-favicon.png\",\"width\":260,\"height\":260,\"caption\":\"Sestogrado\"},\"image\":{\"@id\":\"https:\/\/www.sestogrado.it\/it\/#\/schema\/logo\/image\/\"},\"sameAs\":[\"https:\/\/www.facebook.com\/pages\/Sestogrado\/1542635979353017?ref=bookmarks\",\"https:\/\/www.youtube.com\/channel\/UC847kAfTkaJsWpc1jtQwr3Q\"],\"hasMerchantReturnPolicy\":{\"@type\":\"MerchantReturnPolicy\",\"merchantReturnLink\":\"https:\/\/www.sestogrado.it\/it\/termini-e-condizioni\/\"}}]}<\/script>\n<meta property=\"product:brand\" content=\"Camp\" \/>\n<meta property=\"product:price:amount\" content=\"17.90\" \/>\n<meta property=\"product:price:currency\" content=\"EUR\" \/>\n<meta property=\"og:availability\" content=\"instock\" \/>\n<meta property=\"product:availability\" content=\"instock\" \/>\n<meta property=\"product:condition\" content=\"new\" \/>\n<!-- \/ Yoast SEO plugin. -->","yoast_head_json":{"title":"Camp Chunky Chalk fustino di magnesite in polvere 650g - Sestogrado","description":"Il Camp Chunky Chalk fustino di magnesite \u00e8 un fustino contenente 650 di\u00a0magnesite in polvere di alta qualit\u00e0 che garantisce una copertura durevole in tutte le situazioni. Il fustino ha una maniglia che lo rende pratico per il trasporto.Carbonato di magnesio: la materia prima \u00e8 ricavata da minerali con il pi\u00f9 basso livello di sostanze nocive o tossiche; viene lavorata in Europa con processi ad alto contenuto tecnologico.Senza metalli pesanti, allergeni e glutine: pensiamo alla tua salute e sicurezza, la magnesite CAMP \u00e8 priva di metalli pesanti, allergeni e glutine.Confezione riciclabileFormato: fustino da 650g","robots":{"index":"index","follow":"follow","max-snippet":"max-snippet:-1","max-image-preview":"max-image-preview:large","max-video-preview":"max-video-preview:-1"},"canonical":"https:\/\/www.sestogrado.it\/it\/prodotto\/camp-chunky-chalk-fustino-di-magnesite-in-polvere-650g\/","og_locale":"it_IT","og_type":"article","og_title":"Camp Chunky Chalk fustino di magnesite in polvere 650g - Sestogrado","og_description":"Il Camp Chunky Chalk fustino di magnesite \u00e8 un fustino contenente 650 di\u00a0magnesite in polvere di alta qualit\u00e0 che garantisce una copertura durevole in tutte le situazioni. Il fustino ha una maniglia che lo rende pratico per il trasporto.Carbonato di magnesio: la materia prima \u00e8 ricavata da minerali con il pi\u00f9 basso livello di sostanze nocive o tossiche; viene lavorata in Europa con processi ad alto contenuto tecnologico.Senza metalli pesanti, allergeni e glutine: pensiamo alla tua salute e sicurezza, la magnesite CAMP \u00e8 priva di metalli pesanti, allergeni e glutine.Confezione riciclabileFormato: fustino da 650g","og_url":"https:\/\/www.sestogrado.it\/it\/prodotto\/camp-chunky-chalk-fustino-di-magnesite-in-polvere-650g\/","og_site_name":"Sestogrado","article_publisher":"https:\/\/www.facebook.com\/pages\/Sestogrado\/1542635979353017?ref=bookmarks","article_modified_time":"2026-04-28T09:02:16+00:00","og_image":[{"width":2560,"height":2560,"url":"https:\/\/www.sestogrado.it\/wp-content\/uploads\/2021\/04\/311103-scaled.jpg","type":"image\/jpeg"}],"twitter_misc":{"Prezzo":"&euro;&nbsp;17,90","Disponibilit\u00e0":"In stock"},"schema":{"@context":"https:\/\/schema.org","@graph":[{"@type":"WebPage","@id":"https:\/\/www.sestogrado.it\/it\/prodotto\/camp-chunky-chalk-fustino-di-magnesite-in-polvere-650g\/","url":"https:\/\/www.sestogrado.it\/it\/prodotto\/camp-chunky-chalk-fustino-di-magnesite-in-polvere-650g\/","name":"Camp Chunky Chalk fustino di magnesite in polvere 650g - Sestogrado","isPartOf":{"@id":"https:\/\/www.sestogrado.it\/it\/#website"},"primaryImageOfPage":{"@id":"https:\/\/www.sestogrado.it\/it\/prodotto\/camp-chunky-chalk-fustino-di-magnesite-in-polvere-650g\/#primaryimage"},"image":{"@id":"https:\/\/www.sestogrado.it\/prodotto\/camp-chunky-chalk-fustino-di-magnesite-in-polvere-650g\/#primaryimage"},"thumbnailUrl":"https:\/\/www.sestogrado.it\/wp-content\/uploads\/2021\/04\/311103-scaled.jpg","datePublished":"2024-04-09T11:00:52+00:00","dateModified":"2026-04-28T09:02:16+00:00","description":"Il Camp Chunky Chalk fustino di magnesite \u00e8 un fustino contenente 650 di\u00a0magnesite in polvere di alta qualit\u00e0 che garantisce una copertura durevole in tutte le situazioni. Il fustino ha una maniglia che lo rende pratico per il trasporto.Carbonato di magnesio: la materia prima \u00e8 ricavata da minerali con il pi\u00f9 basso livello di sostanze nocive o tossiche; viene lavorata in Europa con processi ad alto contenuto tecnologico.Senza metalli pesanti, allergeni e glutine: pensiamo alla tua salute e sicurezza, la magnesite CAMP \u00e8 priva di metalli pesanti, allergeni e glutine.Confezione riciclabileFormato: fustino da 650g","breadcrumb":{"@id":"https:\/\/www.sestogrado.it\/it\/prodotto\/camp-chunky-chalk-fustino-di-magnesite-in-polvere-650g\/#breadcrumb"},"inLanguage":"it-IT","potentialAction":[{"@type":"ReadAction","target":[["https:\/\/www.sestogrado.it\/it\/prodotto\/camp-chunky-chalk-fustino-di-magnesite-in-polvere-650g\/"]]}]},{"@type":"ImageObject","inLanguage":"it-IT","@id":"https:\/\/www.sestogrado.it\/it\/prodotto\/camp-chunky-chalk-fustino-di-magnesite-in-polvere-650g\/#primaryimage","url":"https:\/\/www.sestogrado.it\/wp-content\/uploads\/2021\/04\/311103-scaled.jpg","contentUrl":"https:\/\/www.sestogrado.it\/wp-content\/uploads\/2021\/04\/311103-scaled.jpg","width":2560,"height":2560,"caption":"CAMP chunky chalk fustino 650"},{"@type":"BreadcrumbList","@id":"https:\/\/www.sestogrado.it\/it\/prodotto\/camp-chunky-chalk-fustino-di-magnesite-in-polvere-650g\/#breadcrumb","itemListElement":[{"@type":"ListItem","position":1,"name":"Home","item":"https:\/\/www.sestogrado.it\/it\/"},{"@type":"ListItem","position":2,"name":"Shop","item":"https:\/\/www.sestogrado.it\/it\/shop\/"},{"@type":"ListItem","position":3,"name":"Camp Chunky Chalk fustino di magnesite in polvere 650g"}]},{"@type":"WebSite","@id":"https:\/\/www.sestogrado.it\/it\/#website","url":"https:\/\/www.sestogrado.it\/it\/","name":"Sestogrado","description":"yes we climb","publisher":{"@id":"https:\/\/www.sestogrado.it\/it\/#organization"},"potentialAction":[{"@type":"SearchAction","target":{"@type":"EntryPoint","urlTemplate":"https:\/\/www.sestogrado.it\/it\/?s={search_term_string}"},"query-input":{"@type":"PropertyValueSpecification","valueRequired":true,"valueName":"search_term_string"}}],"inLanguage":"it-IT"},{"@type":"Organization","@id":"https:\/\/www.sestogrado.it\/it\/#organization","name":"Sestogrado","url":"https:\/\/www.sestogrado.it\/it\/","logo":{"@type":"ImageObject","inLanguage":"it-IT","@id":"https:\/\/www.sestogrado.it\/it\/#\/schema\/logo\/image\/","url":"https:\/\/www.sestogrado.it\/wp-content\/uploads\/2015\/03\/sestogrado-favicon.png","contentUrl":"https:\/\/www.sestogrado.it\/wp-content\/uploads\/2015\/03\/sestogrado-favicon.png","width":260,"height":260,"caption":"Sestogrado"},"image":{"@id":"https:\/\/www.sestogrado.it\/it\/#\/schema\/logo\/image\/"},"sameAs":["https:\/\/www.facebook.com\/pages\/Sestogrado\/1542635979353017?ref=bookmarks","https:\/\/www.youtube.com\/channel\/UC847kAfTkaJsWpc1jtQwr3Q"],"hasMerchantReturnPolicy":{"@type":"MerchantReturnPolicy","merchantReturnLink":"https:\/\/www.sestogrado.it\/it\/termini-e-condizioni\/"}}]},"product_brand":"Camp","product_price_amount":"17.90","product_price_currency":"EUR","og_availability":"instock","product_availability":"instock","product_condition":"new"},"_links":{"self":[{"href":"https:\/\/www.sestogrado.it\/it\/wp-json\/wp\/v2\/product\/18115","targetHints":{"allow":["GET"]}}],"collection":[{"href":"https:\/\/www.sestogrado.it\/it\/wp-json\/wp\/v2\/product"}],"about":[{"href":"https:\/\/www.sestogrado.it\/it\/wp-json\/wp\/v2\/types\/product"}],"replies":[{"embeddable":true,"href":"https:\/\/www.sestogrado.it\/it\/wp-json\/wp\/v2\/comments?post=18115"}],"wp:featuredmedia":[{"embeddable":true,"href":"https:\/\/www.sestogrado.it\/it\/wp-json\/wp\/v2\/media\/105034"}],"wp:attachment":[{"href":"https:\/\/www.sestogrado.it\/it\/wp-json\/wp\/v2\/media?parent=18115"}],"wp:term":[{"taxonomy":"product_brand","embeddable":true,"href":"https:\/\/www.sestogrado.it\/it\/wp-json\/wp\/v2\/product_brand?post=18115"},{"taxonomy":"product_cat","embeddable":true,"href":"https:\/\/www.sestogrado.it\/it\/wp-json\/wp\/v2\/product_cat?post=18115"},{"taxonomy":"product_tag","embeddable":true,"href":"https:\/\/www.sestogrado.it\/it\/wp-json\/wp\/v2\/product_tag?post=18115"}],"curies":[{"name":"wp","href":"https:\/\/api.w.org\/{rel}","templated":true}]}}