{"id":17991,"date":"2018-10-02T12:08:53","date_gmt":"2018-10-02T10:08:53","guid":{"rendered":"https:\/\/www.sestogrado.it\/?post_type=product&#038;p=17991"},"modified":"2026-03-24T09:18:58","modified_gmt":"2026-03-24T08:18:58","slug":"manuali-del-cai-materiali-lalpinismo-le-relative-norme","status":"publish","type":"product","link":"https:\/\/www.sestogrado.it\/it\/prodotto\/manuali-del-cai-materiali-lalpinismo-le-relative-norme\/","title":{"rendered":"Manuali del CAI I materiali per l&#8217;alpinismo e le relative norme"},"content":{"rendered":"<p><strong>I materiali per l&#8217;alpinismo e le relative norme<\/strong> \u00e8 un manuale dedicato\u00a0dedicato a\u00a0materiali\u00a0ed\u00a0attrezzi\u00a0impiegati in\u00a0alpinismo.<strong>\u00a0<\/strong>Vengono affrontati i\u00a0\u00a0problemi della loro idoneit\u00e0, descrivendo le prove che portano alla omologazione secondo le norme UIAA ed EN. Le analisi di queste prove suggeriscono utili considerazioni sulle corrette modalit\u00e0 d&#8217;impiego e sui limiti che ogni materiale o attrezzo pu\u00f2 presentare. L&#8217;esperienza del CAI in questo campo si deve alla dedizione e professionalit\u00e0 di molti suoi soci: a loro si deve anche la realizzazione del centro sperimentale del CAI &#8220;Materiale e tecniche&#8221; a Padova, che consiste in una struttura meccanica per prove di caduta e in un laboratorio per la ricerca sperimentale, sedute dimostrative e di studio.<\/p>","protected":false},"excerpt":{"rendered":"<p>I materiali per l&#8217;alpinismo e le relative norme \u00e8 un manuale dedicato\u00a0dedicato a\u00a0materiali\u00a0ed\u00a0attrezzi\u00a0impiegati in\u00a0alpinismo.\u00a0Vengono affrontati i\u00a0\u00a0problemi della loro idoneit\u00e0, descrivendo [&hellip;]<\/p>\n","protected":false},"featured_media":17992,"comment_status":"open","ping_status":"closed","template":"","meta":{"_acf_changed":false},"product_brand":[522],"product_cat":[98],"product_tag":[520],"class_list":{"0":"post-17991","1":"product","2":"type-product","3":"status-publish","4":"has-post-thumbnail","6":"product_brand-cai","7":"product_cat-libri","8":"product_tag-manuali-del-cai","10":"first","11":"instock","12":"taxable","13":"shipping-taxable","14":"purchasable","15":"product-type-simple"},"acf":[],"yoast_head":"<!-- This site is optimized with the Yoast SEO plugin v26.4 - https:\/\/yoast.com\/wordpress\/plugins\/seo\/ -->\n<title>Manuali del CAI I materiali per l&#039;alpinismo e le relative norme - Sestogrado<\/title>\n<meta name=\"description\" content=\"I materiali per l&#039;alpinismo e le relative norme \u00e8 un manuale dedicato\u00a0dedicato a\u00a0materiali\u00a0ed\u00a0attrezzi\u00a0impiegati in\u00a0alpinismo.\u00a0Vengono affrontati i\u00a0\u00a0problemi della loro idoneit\u00e0, descrivendo le prove che portano alla omologazione secondo le norme UIAA ed EN.\" \/>\n<meta name=\"robots\" content=\"index, follow, max-snippet:-1, max-image-preview:large, max-video-preview:-1\" \/>\n<link rel=\"canonical\" href=\"https:\/\/www.sestogrado.it\/it\/prodotto\/manuali-del-cai-materiali-lalpinismo-le-relative-norme\/\" \/>\n<meta property=\"og:locale\" content=\"it_IT\" \/>\n<meta property=\"og:type\" content=\"article\" \/>\n<meta property=\"og:title\" content=\"Manuali del CAI I materiali per l&#039;alpinismo e le relative norme - Sestogrado\" \/>\n<meta property=\"og:description\" content=\"I materiali per l&#039;alpinismo e le relative norme \u00e8 un manuale dedicato\u00a0dedicato a\u00a0materiali\u00a0ed\u00a0attrezzi\u00a0impiegati in\u00a0alpinismo.\u00a0Vengono affrontati i\u00a0\u00a0problemi della loro idoneit\u00e0, descrivendo le prove che portano alla omologazione secondo le norme UIAA ed EN.\" \/>\n<meta property=\"og:url\" content=\"https:\/\/www.sestogrado.it\/it\/prodotto\/manuali-del-cai-materiali-lalpinismo-le-relative-norme\/\" \/>\n<meta property=\"og:site_name\" content=\"Sestogrado\" \/>\n<meta property=\"article:publisher\" content=\"https:\/\/www.facebook.com\/pages\/Sestogrado\/1542635979353017?ref=bookmarks\" \/>\n<meta property=\"article:modified_time\" content=\"2026-03-24T08:18:58+00:00\" \/>\n<meta property=\"og:image\" content=\"https:\/\/www.sestogrado.it\/wp-content\/uploads\/2018\/09\/i-materiali-per-l-alpinismo-e-le-relative-norme.jpg\" \/>\n\t<meta property=\"og:image:width\" content=\"800\" \/>\n\t<meta property=\"og:image:height\" content=\"800\" \/>\n\t<meta property=\"og:image:type\" content=\"image\/jpeg\" \/>\n<meta name=\"twitter:label1\" content=\"Prezzo\" \/>\n\t<meta name=\"twitter:data1\" content=\"&euro;&nbsp;22,00\" \/>\n\t<meta name=\"twitter:label2\" content=\"Disponibilit\u00e0\" \/>\n\t<meta name=\"twitter:data2\" content=\"In stock\" \/>\n<script type=\"application\/ld+json\" class=\"yoast-schema-graph\">{\"@context\":\"https:\/\/schema.org\",\"@graph\":[{\"@type\":\"WebPage\",\"@id\":\"https:\/\/www.sestogrado.it\/it\/prodotto\/manuali-del-cai-materiali-lalpinismo-le-relative-norme\/\",\"url\":\"https:\/\/www.sestogrado.it\/it\/prodotto\/manuali-del-cai-materiali-lalpinismo-le-relative-norme\/\",\"name\":\"Manuali del CAI I materiali per l'alpinismo e le relative norme - Sestogrado\",\"isPartOf\":{\"@id\":\"https:\/\/www.sestogrado.it\/it\/#website\"},\"primaryImageOfPage\":{\"@id\":\"https:\/\/www.sestogrado.it\/it\/prodotto\/manuali-del-cai-materiali-lalpinismo-le-relative-norme\/#primaryimage\"},\"image\":{\"@id\":\"https:\/\/www.sestogrado.it\/prodotto\/manuali-del-cai-materiali-lalpinismo-le-relative-norme\/#primaryimage\"},\"thumbnailUrl\":\"https:\/\/www.sestogrado.it\/wp-content\/uploads\/2018\/09\/i-materiali-per-l-alpinismo-e-le-relative-norme.jpg\",\"datePublished\":\"2018-10-02T10:08:53+00:00\",\"dateModified\":\"2026-03-24T08:18:58+00:00\",\"description\":\"I materiali per l'alpinismo e le relative norme \u00e8 un manuale dedicato\u00a0dedicato a\u00a0materiali\u00a0ed\u00a0attrezzi\u00a0impiegati in\u00a0alpinismo.\u00a0Vengono affrontati i\u00a0\u00a0problemi della loro idoneit\u00e0, descrivendo le prove che portano alla omologazione secondo le norme UIAA ed EN.\",\"breadcrumb\":{\"@id\":\"https:\/\/www.sestogrado.it\/it\/prodotto\/manuali-del-cai-materiali-lalpinismo-le-relative-norme\/#breadcrumb\"},\"inLanguage\":\"it-IT\",\"potentialAction\":[{\"@type\":\"ReadAction\",\"target\":[[\"https:\/\/www.sestogrado.it\/it\/prodotto\/manuali-del-cai-materiali-lalpinismo-le-relative-norme\/\"]]}]},{\"@type\":\"ImageObject\",\"inLanguage\":\"it-IT\",\"@id\":\"https:\/\/www.sestogrado.it\/it\/prodotto\/manuali-del-cai-materiali-lalpinismo-le-relative-norme\/#primaryimage\",\"url\":\"https:\/\/www.sestogrado.it\/wp-content\/uploads\/2018\/09\/i-materiali-per-l-alpinismo-e-le-relative-norme.jpg\",\"contentUrl\":\"https:\/\/www.sestogrado.it\/wp-content\/uploads\/2018\/09\/i-materiali-per-l-alpinismo-e-le-relative-norme.jpg\",\"width\":800,\"height\":800,\"caption\":\"i-materiali-per-l-alpinismo-e-le-relative-norme\"},{\"@type\":\"BreadcrumbList\",\"@id\":\"https:\/\/www.sestogrado.it\/it\/prodotto\/manuali-del-cai-materiali-lalpinismo-le-relative-norme\/#breadcrumb\",\"itemListElement\":[{\"@type\":\"ListItem\",\"position\":1,\"name\":\"Home\",\"item\":\"https:\/\/www.sestogrado.it\/it\/\"},{\"@type\":\"ListItem\",\"position\":2,\"name\":\"Shop\",\"item\":\"https:\/\/www.sestogrado.it\/it\/shop\/\"},{\"@type\":\"ListItem\",\"position\":3,\"name\":\"Manuali del CAI I materiali per l&#8217;alpinismo e le relative norme\"}]},{\"@type\":\"WebSite\",\"@id\":\"https:\/\/www.sestogrado.it\/it\/#website\",\"url\":\"https:\/\/www.sestogrado.it\/it\/\",\"name\":\"Sestogrado\",\"description\":\"yes we climb\",\"publisher\":{\"@id\":\"https:\/\/www.sestogrado.it\/it\/#organization\"},\"potentialAction\":[{\"@type\":\"SearchAction\",\"target\":{\"@type\":\"EntryPoint\",\"urlTemplate\":\"https:\/\/www.sestogrado.it\/it\/?s={search_term_string}\"},\"query-input\":{\"@type\":\"PropertyValueSpecification\",\"valueRequired\":true,\"valueName\":\"search_term_string\"}}],\"inLanguage\":\"it-IT\"},{\"@type\":\"Organization\",\"@id\":\"https:\/\/www.sestogrado.it\/it\/#organization\",\"name\":\"Sestogrado\",\"url\":\"https:\/\/www.sestogrado.it\/it\/\",\"logo\":{\"@type\":\"ImageObject\",\"inLanguage\":\"it-IT\",\"@id\":\"https:\/\/www.sestogrado.it\/it\/#\/schema\/logo\/image\/\",\"url\":\"https:\/\/www.sestogrado.it\/wp-content\/uploads\/2015\/03\/sestogrado-favicon.png\",\"contentUrl\":\"https:\/\/www.sestogrado.it\/wp-content\/uploads\/2015\/03\/sestogrado-favicon.png\",\"width\":260,\"height\":260,\"caption\":\"Sestogrado\"},\"image\":{\"@id\":\"https:\/\/www.sestogrado.it\/it\/#\/schema\/logo\/image\/\"},\"sameAs\":[\"https:\/\/www.facebook.com\/pages\/Sestogrado\/1542635979353017?ref=bookmarks\",\"https:\/\/www.youtube.com\/channel\/UC847kAfTkaJsWpc1jtQwr3Q\"],\"hasMerchantReturnPolicy\":{\"@type\":\"MerchantReturnPolicy\",\"merchantReturnLink\":\"https:\/\/www.sestogrado.it\/it\/termini-e-condizioni\/\"}}]}<\/script>\n<meta property=\"product:brand\" content=\"CAI\" \/>\n<meta property=\"product:price:amount\" content=\"22.00\" \/>\n<meta property=\"product:price:currency\" content=\"EUR\" \/>\n<meta property=\"og:availability\" content=\"instock\" \/>\n<meta property=\"product:availability\" content=\"instock\" \/>\n<meta property=\"product:condition\" content=\"new\" \/>\n<!-- \/ Yoast SEO plugin. -->","yoast_head_json":{"title":"Manuali del CAI I materiali per l'alpinismo e le relative norme - Sestogrado","description":"I materiali per l'alpinismo e le relative norme \u00e8 un manuale dedicato\u00a0dedicato a\u00a0materiali\u00a0ed\u00a0attrezzi\u00a0impiegati in\u00a0alpinismo.\u00a0Vengono affrontati i\u00a0\u00a0problemi della loro idoneit\u00e0, descrivendo le prove che portano alla omologazione secondo le norme UIAA ed EN.","robots":{"index":"index","follow":"follow","max-snippet":"max-snippet:-1","max-image-preview":"max-image-preview:large","max-video-preview":"max-video-preview:-1"},"canonical":"https:\/\/www.sestogrado.it\/it\/prodotto\/manuali-del-cai-materiali-lalpinismo-le-relative-norme\/","og_locale":"it_IT","og_type":"article","og_title":"Manuali del CAI I materiali per l'alpinismo e le relative norme - Sestogrado","og_description":"I materiali per l'alpinismo e le relative norme \u00e8 un manuale dedicato\u00a0dedicato a\u00a0materiali\u00a0ed\u00a0attrezzi\u00a0impiegati in\u00a0alpinismo.\u00a0Vengono affrontati i\u00a0\u00a0problemi della loro idoneit\u00e0, descrivendo le prove che portano alla omologazione secondo le norme UIAA ed EN.","og_url":"https:\/\/www.sestogrado.it\/it\/prodotto\/manuali-del-cai-materiali-lalpinismo-le-relative-norme\/","og_site_name":"Sestogrado","article_publisher":"https:\/\/www.facebook.com\/pages\/Sestogrado\/1542635979353017?ref=bookmarks","article_modified_time":"2026-03-24T08:18:58+00:00","og_image":[{"width":800,"height":800,"url":"https:\/\/www.sestogrado.it\/wp-content\/uploads\/2018\/09\/i-materiali-per-l-alpinismo-e-le-relative-norme.jpg","type":"image\/jpeg"}],"twitter_misc":{"Prezzo":"&euro;&nbsp;22,00","Disponibilit\u00e0":"In stock"},"schema":{"@context":"https:\/\/schema.org","@graph":[{"@type":"WebPage","@id":"https:\/\/www.sestogrado.it\/it\/prodotto\/manuali-del-cai-materiali-lalpinismo-le-relative-norme\/","url":"https:\/\/www.sestogrado.it\/it\/prodotto\/manuali-del-cai-materiali-lalpinismo-le-relative-norme\/","name":"Manuali del CAI I materiali per l'alpinismo e le relative norme - Sestogrado","isPartOf":{"@id":"https:\/\/www.sestogrado.it\/it\/#website"},"primaryImageOfPage":{"@id":"https:\/\/www.sestogrado.it\/it\/prodotto\/manuali-del-cai-materiali-lalpinismo-le-relative-norme\/#primaryimage"},"image":{"@id":"https:\/\/www.sestogrado.it\/prodotto\/manuali-del-cai-materiali-lalpinismo-le-relative-norme\/#primaryimage"},"thumbnailUrl":"https:\/\/www.sestogrado.it\/wp-content\/uploads\/2018\/09\/i-materiali-per-l-alpinismo-e-le-relative-norme.jpg","datePublished":"2018-10-02T10:08:53+00:00","dateModified":"2026-03-24T08:18:58+00:00","description":"I materiali per l'alpinismo e le relative norme \u00e8 un manuale dedicato\u00a0dedicato a\u00a0materiali\u00a0ed\u00a0attrezzi\u00a0impiegati in\u00a0alpinismo.\u00a0Vengono affrontati i\u00a0\u00a0problemi della loro idoneit\u00e0, descrivendo le prove che portano alla omologazione secondo le norme UIAA ed EN.","breadcrumb":{"@id":"https:\/\/www.sestogrado.it\/it\/prodotto\/manuali-del-cai-materiali-lalpinismo-le-relative-norme\/#breadcrumb"},"inLanguage":"it-IT","potentialAction":[{"@type":"ReadAction","target":[["https:\/\/www.sestogrado.it\/it\/prodotto\/manuali-del-cai-materiali-lalpinismo-le-relative-norme\/"]]}]},{"@type":"ImageObject","inLanguage":"it-IT","@id":"https:\/\/www.sestogrado.it\/it\/prodotto\/manuali-del-cai-materiali-lalpinismo-le-relative-norme\/#primaryimage","url":"https:\/\/www.sestogrado.it\/wp-content\/uploads\/2018\/09\/i-materiali-per-l-alpinismo-e-le-relative-norme.jpg","contentUrl":"https:\/\/www.sestogrado.it\/wp-content\/uploads\/2018\/09\/i-materiali-per-l-alpinismo-e-le-relative-norme.jpg","width":800,"height":800,"caption":"i-materiali-per-l-alpinismo-e-le-relative-norme"},{"@type":"BreadcrumbList","@id":"https:\/\/www.sestogrado.it\/it\/prodotto\/manuali-del-cai-materiali-lalpinismo-le-relative-norme\/#breadcrumb","itemListElement":[{"@type":"ListItem","position":1,"name":"Home","item":"https:\/\/www.sestogrado.it\/it\/"},{"@type":"ListItem","position":2,"name":"Shop","item":"https:\/\/www.sestogrado.it\/it\/shop\/"},{"@type":"ListItem","position":3,"name":"Manuali del CAI I materiali per l&#8217;alpinismo e le relative norme"}]},{"@type":"WebSite","@id":"https:\/\/www.sestogrado.it\/it\/#website","url":"https:\/\/www.sestogrado.it\/it\/","name":"Sestogrado","description":"yes we climb","publisher":{"@id":"https:\/\/www.sestogrado.it\/it\/#organization"},"potentialAction":[{"@type":"SearchAction","target":{"@type":"EntryPoint","urlTemplate":"https:\/\/www.sestogrado.it\/it\/?s={search_term_string}"},"query-input":{"@type":"PropertyValueSpecification","valueRequired":true,"valueName":"search_term_string"}}],"inLanguage":"it-IT"},{"@type":"Organization","@id":"https:\/\/www.sestogrado.it\/it\/#organization","name":"Sestogrado","url":"https:\/\/www.sestogrado.it\/it\/","logo":{"@type":"ImageObject","inLanguage":"it-IT","@id":"https:\/\/www.sestogrado.it\/it\/#\/schema\/logo\/image\/","url":"https:\/\/www.sestogrado.it\/wp-content\/uploads\/2015\/03\/sestogrado-favicon.png","contentUrl":"https:\/\/www.sestogrado.it\/wp-content\/uploads\/2015\/03\/sestogrado-favicon.png","width":260,"height":260,"caption":"Sestogrado"},"image":{"@id":"https:\/\/www.sestogrado.it\/it\/#\/schema\/logo\/image\/"},"sameAs":["https:\/\/www.facebook.com\/pages\/Sestogrado\/1542635979353017?ref=bookmarks","https:\/\/www.youtube.com\/channel\/UC847kAfTkaJsWpc1jtQwr3Q"],"hasMerchantReturnPolicy":{"@type":"MerchantReturnPolicy","merchantReturnLink":"https:\/\/www.sestogrado.it\/it\/termini-e-condizioni\/"}}]},"product_brand":"CAI","product_price_amount":"22.00","product_price_currency":"EUR","og_availability":"instock","product_availability":"instock","product_condition":"new"},"_links":{"self":[{"href":"https:\/\/www.sestogrado.it\/it\/wp-json\/wp\/v2\/product\/17991","targetHints":{"allow":["GET"]}}],"collection":[{"href":"https:\/\/www.sestogrado.it\/it\/wp-json\/wp\/v2\/product"}],"about":[{"href":"https:\/\/www.sestogrado.it\/it\/wp-json\/wp\/v2\/types\/product"}],"replies":[{"embeddable":true,"href":"https:\/\/www.sestogrado.it\/it\/wp-json\/wp\/v2\/comments?post=17991"}],"wp:featuredmedia":[{"embeddable":true,"href":"https:\/\/www.sestogrado.it\/it\/wp-json\/wp\/v2\/media\/17992"}],"wp:attachment":[{"href":"https:\/\/www.sestogrado.it\/it\/wp-json\/wp\/v2\/media?parent=17991"}],"wp:term":[{"taxonomy":"product_brand","embeddable":true,"href":"https:\/\/www.sestogrado.it\/it\/wp-json\/wp\/v2\/product_brand?post=17991"},{"taxonomy":"product_cat","embeddable":true,"href":"https:\/\/www.sestogrado.it\/it\/wp-json\/wp\/v2\/product_cat?post=17991"},{"taxonomy":"product_tag","embeddable":true,"href":"https:\/\/www.sestogrado.it\/it\/wp-json\/wp\/v2\/product_tag?post=17991"}],"curies":[{"name":"wp","href":"https:\/\/api.w.org\/{rel}","templated":true}]}}