{"id":17981,"date":"2024-07-02T12:07:46","date_gmt":"2024-07-02T10:07:46","guid":{"rendered":"https:\/\/www.sestogrado.it\/?post_type=product&#038;p=17981"},"modified":"2025-12-19T11:51:04","modified_gmt":"2025-12-19T10:51:04","slug":"manuali-del-cai-alpinismo-ghiaccio-misto","status":"publish","type":"product","link":"https:\/\/www.sestogrado.it\/it\/prodotto\/manuali-del-cai-alpinismo-ghiaccio-misto\/","title":{"rendered":"Manuali del CAI Alpinismo su ghiaccio e misto"},"content":{"rendered":"<p>Alpinismo su Ghiaccio e misto \u00e8 il manuale del CAI che, giunto alla terza edizione,\u00a0si rivolge agli allievi che partecipano ai corsi base e avanzati organizzati dalle scuole di alpinismo e scialpinismo del CAI e a tutti gli istruttori come riferimento essenziale ai fini dell&#8217;uniformit\u00e0 didattica.<\/p>\n<p class=\"bodytext\">Il manuale \u00e8 anche rivolto a tutti coloro che gi\u00e0 svolgendo questa attivit\u00e0 vogliono approfondire la loro preparazione sulle tematiche inerenti le tecniche di progressione, l&#8217;attrezzatura alpinistica, i sistemi di assicurazione e la preparazione e condotta della salita.<\/p>\n<p class=\"bodytext\">Il testo \u00e8 accompagnato in ogni pagina da numerosi disegni e immagini, che rendono estremamente dettagliata la descrizione delle conoscenze tecniche.<\/p>\n<p>Gli effetti dei cambiamenti climatici e la continua ricerca di nuove opportunit\u00e0 supportata dall\u2019evoluzione sempre pi\u00f9 spinta dei materiali hanno portato negli ultimi anni a rivedere e a interpretare l\u2019attivit\u00e0 alpinistica su ghiaccio e misto con occhi diversi. Da un lato una sofisticata preparazione tecnica e fisica ha consentito agli alpinisti di alto livello di percorrere linee prima impensabili, dove l\u2019alternanza di tratti ghiacciati e rocciosi si susseguono su linee evanescenti e difficili. Dall\u2019altro, la facilit\u00e0 degli accessi e l\u2019enorme disponibilit\u00e0 di informazioni disponibili in internet invoglia una notevole numero di persone ad affrontare l\u2019ambiente dell\u2019alta montagna senza un\u2019adeguata preparazione e conoscenza dei rischi. Questa revisione del Manuale di Alpinismo su Ghiaccio e Misto presenta in modo organico e aggiornato i materiali necessari, le tecniche di progressione, di assicurazione e di autosoccorso che consentono di affrontare il terreno tipico dell\u2019ambiente di Alta Montagna, nei sui vari e caratteristici aspetti, con la piena consapevolezza che i rischi intrinseci di questa splendida attivit\u00e0 non potranno essere completamente annullati, ma potranno essere sicuramente molto contenuti con un\u2019adeguata preparazione.<\/p>","protected":false},"excerpt":{"rendered":"<p>Alpinismo su Ghiaccio e misto \u00e8 il manuale del CAI che, giunto alla terza edizione,\u00a0si rivolge agli allievi che partecipano [&hellip;]<\/p>\n","protected":false},"featured_media":197235,"comment_status":"open","ping_status":"closed","template":"","meta":{"_acf_changed":false},"product_brand":[522],"product_cat":[98],"product_tag":[],"class_list":{"0":"post-17981","1":"product","2":"type-product","3":"status-publish","4":"has-post-thumbnail","6":"product_brand-cai","7":"product_cat-libri","9":"first","10":"outofstock","11":"taxable","12":"shipping-taxable","13":"purchasable","14":"product-type-simple"},"acf":[],"yoast_head":"<!-- This site is optimized with the Yoast SEO plugin v26.4 - https:\/\/yoast.com\/wordpress\/plugins\/seo\/ -->\n<title>Manuali del CAI Alpinismo su ghiaccio e misto - Sestogrado<\/title>\n<meta name=\"description\" content=\"Alpinismo su Ghiaccio e misto \u00e8 il manuale del CAI che, giunto alla terza edizione,\u00a0si rivolge agli allievi che partecipano ai corsi base e avanzati organizzati dalle scuole di alpinismo e scialpinismo del CAI e a tutti gli istruttori come riferimento essenziale ai fini dell&#039;uniformit\u00e0 didattica.\" \/>\n<meta name=\"robots\" content=\"index, follow, max-snippet:-1, max-image-preview:large, max-video-preview:-1\" \/>\n<link rel=\"canonical\" href=\"https:\/\/www.sestogrado.it\/it\/prodotto\/manuali-del-cai-alpinismo-ghiaccio-misto\/\" \/>\n<meta property=\"og:locale\" content=\"it_IT\" \/>\n<meta property=\"og:type\" content=\"article\" \/>\n<meta property=\"og:title\" content=\"Manuali del CAI Alpinismo su ghiaccio e misto - Sestogrado\" \/>\n<meta property=\"og:description\" content=\"Alpinismo su Ghiaccio e misto \u00e8 il manuale del CAI che, giunto alla terza edizione,\u00a0si rivolge agli allievi che partecipano ai corsi base e avanzati organizzati dalle scuole di alpinismo e scialpinismo del CAI e a tutti gli istruttori come riferimento essenziale ai fini dell&#039;uniformit\u00e0 didattica.\" \/>\n<meta property=\"og:url\" content=\"https:\/\/www.sestogrado.it\/it\/prodotto\/manuali-del-cai-alpinismo-ghiaccio-misto\/\" \/>\n<meta property=\"og:site_name\" content=\"Sestogrado\" \/>\n<meta property=\"article:publisher\" content=\"https:\/\/www.facebook.com\/pages\/Sestogrado\/1542635979353017?ref=bookmarks\" \/>\n<meta property=\"article:modified_time\" content=\"2025-12-19T10:51:04+00:00\" \/>\n<meta property=\"og:image\" content=\"https:\/\/www.sestogrado.it\/wp-content\/uploads\/2018\/10\/tttttt.jpg\" \/>\n\t<meta property=\"og:image:width\" content=\"800\" \/>\n\t<meta property=\"og:image:height\" content=\"800\" \/>\n\t<meta property=\"og:image:type\" content=\"image\/jpeg\" \/>\n<meta name=\"twitter:label1\" content=\"Prezzo\" \/>\n\t<meta name=\"twitter:data1\" content=\"&euro;&nbsp;31,00\" \/>\n\t<meta name=\"twitter:label2\" content=\"Disponibilit\u00e0\" \/>\n\t<meta name=\"twitter:data2\" content=\"Esaurito\" \/>\n<script type=\"application\/ld+json\" class=\"yoast-schema-graph\">{\"@context\":\"https:\/\/schema.org\",\"@graph\":[{\"@type\":\"WebPage\",\"@id\":\"https:\/\/www.sestogrado.it\/it\/prodotto\/manuali-del-cai-alpinismo-ghiaccio-misto\/\",\"url\":\"https:\/\/www.sestogrado.it\/it\/prodotto\/manuali-del-cai-alpinismo-ghiaccio-misto\/\",\"name\":\"Manuali del CAI Alpinismo su ghiaccio e misto - Sestogrado\",\"isPartOf\":{\"@id\":\"https:\/\/www.sestogrado.it\/it\/#website\"},\"primaryImageOfPage\":{\"@id\":\"https:\/\/www.sestogrado.it\/it\/prodotto\/manuali-del-cai-alpinismo-ghiaccio-misto\/#primaryimage\"},\"image\":{\"@id\":\"https:\/\/www.sestogrado.it\/prodotto\/manuali-del-cai-alpinismo-ghiaccio-misto\/#primaryimage\"},\"thumbnailUrl\":\"https:\/\/www.sestogrado.it\/wp-content\/uploads\/2018\/10\/tttttt.jpg\",\"datePublished\":\"2024-07-02T10:07:46+00:00\",\"dateModified\":\"2025-12-19T10:51:04+00:00\",\"description\":\"Alpinismo su Ghiaccio e misto \u00e8 il manuale del CAI che, giunto alla terza edizione,\u00a0si rivolge agli allievi che partecipano ai corsi base e avanzati organizzati dalle scuole di alpinismo e scialpinismo del CAI e a tutti gli istruttori come riferimento essenziale ai fini dell'uniformit\u00e0 didattica.\",\"breadcrumb\":{\"@id\":\"https:\/\/www.sestogrado.it\/it\/prodotto\/manuali-del-cai-alpinismo-ghiaccio-misto\/#breadcrumb\"},\"inLanguage\":\"it-IT\",\"potentialAction\":[{\"@type\":\"ReadAction\",\"target\":[[\"https:\/\/www.sestogrado.it\/it\/prodotto\/manuali-del-cai-alpinismo-ghiaccio-misto\/\"]]}]},{\"@type\":\"ImageObject\",\"inLanguage\":\"it-IT\",\"@id\":\"https:\/\/www.sestogrado.it\/it\/prodotto\/manuali-del-cai-alpinismo-ghiaccio-misto\/#primaryimage\",\"url\":\"https:\/\/www.sestogrado.it\/wp-content\/uploads\/2018\/10\/tttttt.jpg\",\"contentUrl\":\"https:\/\/www.sestogrado.it\/wp-content\/uploads\/2018\/10\/tttttt.jpg\",\"width\":800,\"height\":800,\"caption\":\"alpinismo su ghiaccio e misto\"},{\"@type\":\"BreadcrumbList\",\"@id\":\"https:\/\/www.sestogrado.it\/it\/prodotto\/manuali-del-cai-alpinismo-ghiaccio-misto\/#breadcrumb\",\"itemListElement\":[{\"@type\":\"ListItem\",\"position\":1,\"name\":\"Home\",\"item\":\"https:\/\/www.sestogrado.it\/it\/\"},{\"@type\":\"ListItem\",\"position\":2,\"name\":\"Shop\",\"item\":\"https:\/\/www.sestogrado.it\/it\/shop\/\"},{\"@type\":\"ListItem\",\"position\":3,\"name\":\"Manuali del CAI Alpinismo su ghiaccio e misto\"}]},{\"@type\":\"WebSite\",\"@id\":\"https:\/\/www.sestogrado.it\/it\/#website\",\"url\":\"https:\/\/www.sestogrado.it\/it\/\",\"name\":\"Sestogrado\",\"description\":\"yes we climb\",\"publisher\":{\"@id\":\"https:\/\/www.sestogrado.it\/it\/#organization\"},\"potentialAction\":[{\"@type\":\"SearchAction\",\"target\":{\"@type\":\"EntryPoint\",\"urlTemplate\":\"https:\/\/www.sestogrado.it\/it\/?s={search_term_string}\"},\"query-input\":{\"@type\":\"PropertyValueSpecification\",\"valueRequired\":true,\"valueName\":\"search_term_string\"}}],\"inLanguage\":\"it-IT\"},{\"@type\":\"Organization\",\"@id\":\"https:\/\/www.sestogrado.it\/it\/#organization\",\"name\":\"Sestogrado\",\"url\":\"https:\/\/www.sestogrado.it\/it\/\",\"logo\":{\"@type\":\"ImageObject\",\"inLanguage\":\"it-IT\",\"@id\":\"https:\/\/www.sestogrado.it\/it\/#\/schema\/logo\/image\/\",\"url\":\"https:\/\/www.sestogrado.it\/wp-content\/uploads\/2015\/03\/sestogrado-favicon.png\",\"contentUrl\":\"https:\/\/www.sestogrado.it\/wp-content\/uploads\/2015\/03\/sestogrado-favicon.png\",\"width\":260,\"height\":260,\"caption\":\"Sestogrado\"},\"image\":{\"@id\":\"https:\/\/www.sestogrado.it\/it\/#\/schema\/logo\/image\/\"},\"sameAs\":[\"https:\/\/www.facebook.com\/pages\/Sestogrado\/1542635979353017?ref=bookmarks\",\"https:\/\/www.youtube.com\/channel\/UC847kAfTkaJsWpc1jtQwr3Q\"],\"hasMerchantReturnPolicy\":{\"@type\":\"MerchantReturnPolicy\",\"merchantReturnLink\":\"https:\/\/www.sestogrado.it\/it\/termini-e-condizioni\/\"}}]}<\/script>\n<meta property=\"product:brand\" content=\"CAI\" \/>\n<meta property=\"product:price:amount\" content=\"31.00\" \/>\n<meta property=\"product:price:currency\" content=\"EUR\" \/>\n<meta property=\"og:availability\" content=\"out of stock\" \/>\n<meta property=\"product:availability\" content=\"out of stock\" \/>\n<meta property=\"product:condition\" content=\"new\" \/>\n<!-- \/ Yoast SEO plugin. -->","yoast_head_json":{"title":"Manuali del CAI Alpinismo su ghiaccio e misto - Sestogrado","description":"Alpinismo su Ghiaccio e misto \u00e8 il manuale del CAI che, giunto alla terza edizione,\u00a0si rivolge agli allievi che partecipano ai corsi base e avanzati organizzati dalle scuole di alpinismo e scialpinismo del CAI e a tutti gli istruttori come riferimento essenziale ai fini dell'uniformit\u00e0 didattica.","robots":{"index":"index","follow":"follow","max-snippet":"max-snippet:-1","max-image-preview":"max-image-preview:large","max-video-preview":"max-video-preview:-1"},"canonical":"https:\/\/www.sestogrado.it\/it\/prodotto\/manuali-del-cai-alpinismo-ghiaccio-misto\/","og_locale":"it_IT","og_type":"article","og_title":"Manuali del CAI Alpinismo su ghiaccio e misto - Sestogrado","og_description":"Alpinismo su Ghiaccio e misto \u00e8 il manuale del CAI che, giunto alla terza edizione,\u00a0si rivolge agli allievi che partecipano ai corsi base e avanzati organizzati dalle scuole di alpinismo e scialpinismo del CAI e a tutti gli istruttori come riferimento essenziale ai fini dell'uniformit\u00e0 didattica.","og_url":"https:\/\/www.sestogrado.it\/it\/prodotto\/manuali-del-cai-alpinismo-ghiaccio-misto\/","og_site_name":"Sestogrado","article_publisher":"https:\/\/www.facebook.com\/pages\/Sestogrado\/1542635979353017?ref=bookmarks","article_modified_time":"2025-12-19T10:51:04+00:00","og_image":[{"width":800,"height":800,"url":"https:\/\/www.sestogrado.it\/wp-content\/uploads\/2018\/10\/tttttt.jpg","type":"image\/jpeg"}],"twitter_misc":{"Prezzo":"&euro;&nbsp;31,00","Disponibilit\u00e0":"Esaurito"},"schema":{"@context":"https:\/\/schema.org","@graph":[{"@type":"WebPage","@id":"https:\/\/www.sestogrado.it\/it\/prodotto\/manuali-del-cai-alpinismo-ghiaccio-misto\/","url":"https:\/\/www.sestogrado.it\/it\/prodotto\/manuali-del-cai-alpinismo-ghiaccio-misto\/","name":"Manuali del CAI Alpinismo su ghiaccio e misto - Sestogrado","isPartOf":{"@id":"https:\/\/www.sestogrado.it\/it\/#website"},"primaryImageOfPage":{"@id":"https:\/\/www.sestogrado.it\/it\/prodotto\/manuali-del-cai-alpinismo-ghiaccio-misto\/#primaryimage"},"image":{"@id":"https:\/\/www.sestogrado.it\/prodotto\/manuali-del-cai-alpinismo-ghiaccio-misto\/#primaryimage"},"thumbnailUrl":"https:\/\/www.sestogrado.it\/wp-content\/uploads\/2018\/10\/tttttt.jpg","datePublished":"2024-07-02T10:07:46+00:00","dateModified":"2025-12-19T10:51:04+00:00","description":"Alpinismo su Ghiaccio e misto \u00e8 il manuale del CAI che, giunto alla terza edizione,\u00a0si rivolge agli allievi che partecipano ai corsi base e avanzati organizzati dalle scuole di alpinismo e scialpinismo del CAI e a tutti gli istruttori come riferimento essenziale ai fini dell'uniformit\u00e0 didattica.","breadcrumb":{"@id":"https:\/\/www.sestogrado.it\/it\/prodotto\/manuali-del-cai-alpinismo-ghiaccio-misto\/#breadcrumb"},"inLanguage":"it-IT","potentialAction":[{"@type":"ReadAction","target":[["https:\/\/www.sestogrado.it\/it\/prodotto\/manuali-del-cai-alpinismo-ghiaccio-misto\/"]]}]},{"@type":"ImageObject","inLanguage":"it-IT","@id":"https:\/\/www.sestogrado.it\/it\/prodotto\/manuali-del-cai-alpinismo-ghiaccio-misto\/#primaryimage","url":"https:\/\/www.sestogrado.it\/wp-content\/uploads\/2018\/10\/tttttt.jpg","contentUrl":"https:\/\/www.sestogrado.it\/wp-content\/uploads\/2018\/10\/tttttt.jpg","width":800,"height":800,"caption":"alpinismo su ghiaccio e misto"},{"@type":"BreadcrumbList","@id":"https:\/\/www.sestogrado.it\/it\/prodotto\/manuali-del-cai-alpinismo-ghiaccio-misto\/#breadcrumb","itemListElement":[{"@type":"ListItem","position":1,"name":"Home","item":"https:\/\/www.sestogrado.it\/it\/"},{"@type":"ListItem","position":2,"name":"Shop","item":"https:\/\/www.sestogrado.it\/it\/shop\/"},{"@type":"ListItem","position":3,"name":"Manuali del CAI Alpinismo su ghiaccio e misto"}]},{"@type":"WebSite","@id":"https:\/\/www.sestogrado.it\/it\/#website","url":"https:\/\/www.sestogrado.it\/it\/","name":"Sestogrado","description":"yes we climb","publisher":{"@id":"https:\/\/www.sestogrado.it\/it\/#organization"},"potentialAction":[{"@type":"SearchAction","target":{"@type":"EntryPoint","urlTemplate":"https:\/\/www.sestogrado.it\/it\/?s={search_term_string}"},"query-input":{"@type":"PropertyValueSpecification","valueRequired":true,"valueName":"search_term_string"}}],"inLanguage":"it-IT"},{"@type":"Organization","@id":"https:\/\/www.sestogrado.it\/it\/#organization","name":"Sestogrado","url":"https:\/\/www.sestogrado.it\/it\/","logo":{"@type":"ImageObject","inLanguage":"it-IT","@id":"https:\/\/www.sestogrado.it\/it\/#\/schema\/logo\/image\/","url":"https:\/\/www.sestogrado.it\/wp-content\/uploads\/2015\/03\/sestogrado-favicon.png","contentUrl":"https:\/\/www.sestogrado.it\/wp-content\/uploads\/2015\/03\/sestogrado-favicon.png","width":260,"height":260,"caption":"Sestogrado"},"image":{"@id":"https:\/\/www.sestogrado.it\/it\/#\/schema\/logo\/image\/"},"sameAs":["https:\/\/www.facebook.com\/pages\/Sestogrado\/1542635979353017?ref=bookmarks","https:\/\/www.youtube.com\/channel\/UC847kAfTkaJsWpc1jtQwr3Q"],"hasMerchantReturnPolicy":{"@type":"MerchantReturnPolicy","merchantReturnLink":"https:\/\/www.sestogrado.it\/it\/termini-e-condizioni\/"}}]},"product_brand":"CAI","product_price_amount":"31.00","product_price_currency":"EUR","og_availability":"out of stock","product_availability":"out of stock","product_condition":"new"},"_links":{"self":[{"href":"https:\/\/www.sestogrado.it\/it\/wp-json\/wp\/v2\/product\/17981","targetHints":{"allow":["GET"]}}],"collection":[{"href":"https:\/\/www.sestogrado.it\/it\/wp-json\/wp\/v2\/product"}],"about":[{"href":"https:\/\/www.sestogrado.it\/it\/wp-json\/wp\/v2\/types\/product"}],"replies":[{"embeddable":true,"href":"https:\/\/www.sestogrado.it\/it\/wp-json\/wp\/v2\/comments?post=17981"}],"wp:featuredmedia":[{"embeddable":true,"href":"https:\/\/www.sestogrado.it\/it\/wp-json\/wp\/v2\/media\/197235"}],"wp:attachment":[{"href":"https:\/\/www.sestogrado.it\/it\/wp-json\/wp\/v2\/media?parent=17981"}],"wp:term":[{"taxonomy":"product_brand","embeddable":true,"href":"https:\/\/www.sestogrado.it\/it\/wp-json\/wp\/v2\/product_brand?post=17981"},{"taxonomy":"product_cat","embeddable":true,"href":"https:\/\/www.sestogrado.it\/it\/wp-json\/wp\/v2\/product_cat?post=17981"},{"taxonomy":"product_tag","embeddable":true,"href":"https:\/\/www.sestogrado.it\/it\/wp-json\/wp\/v2\/product_tag?post=17981"}],"curies":[{"name":"wp","href":"https:\/\/api.w.org\/{rel}","templated":true}]}}