{"id":17855,"date":"2025-07-01T10:00:24","date_gmt":"2025-07-01T08:00:24","guid":{"rendered":"https:\/\/www.sestogrado.it\/?post_type=product&#038;p=17855"},"modified":"2026-03-31T12:59:55","modified_gmt":"2026-03-31T10:59:55","slug":"petzl-scorpio-eashook-set-via-ferrata","status":"publish","type":"product","link":"https:\/\/www.sestogrado.it\/it\/prodotto\/petzl-scorpio-eashook-set-via-ferrata\/","title":{"rendered":"Petzl Scorpio Eashook set via ferrata"},"content":{"rendered":"<p>Il PETZL SCORPIO EASHOOK \u00e8 un seta da via ferrata di alta gamma di recente progettazione omologato secondo la recente normativa e destinato ad utilizzatori di peso compreso tra 40 e 120 kg. E&#8217; disponibile in due versioni: con o senza GIRELLO antiattorcigliamento dei bracci.<\/p>\n<p>Leggero e compatto, il cordino SCORPIO EASHOOK \u00e8 destinato alla pratica regolare della via ferrata. Grazie all\u2019assorbitore ultracompatto e ai due capi elastici, ci si sposta agevolmente lungo il percorso. Adatti a tutte le misure di mano, i moschettoni ergonomici EASHOOK assicurano una prensilit\u00e0 ottimale, per facilitare le manovre nel superamento di frazionamenti. Il cordino \u00e8 dotato di un capo corto per installare un moschettone (non fornito) per riposarsi pi\u00f9 facilmente alle barre durante il percorso.<\/p>\n<p>La versione con GIRELLO \u00e8 molto comoda da utilizzare. Con il girello, i capi non si aggrovigliano, per garantire un maggiore comfort durante la progressione.<\/p>\n<div class=\"list\">\n<ul>\n<li>Cordino leggero, compatto e comodo da utilizzare:<br \/>\n&#8211; soltanto 440 g o 460g nella versione con girello<br \/>\n&#8211; ingombro minimo e spostamenti facilitati, grazie all\u2019assorbitore di energia ultracompatto,<br \/>\n&#8211; grande capacit\u00e0 di allungamento dei capi elastici per facilitare la progressione e adattarsi a tutte le corporature,<br \/>\n&#8211; capo corto per riposarsi facilmente alle barre (moschettone non fornito).<\/li>\n<li>Moschettoni ergonomici EASHOOK che garantiscono una prensilit\u00e0 ottimale e facilitano le manovre nel passaggio di frazionamenti:<br \/>\n&#8211; prensilit\u00e0 ottimale, grazie alla forma ergonomica dei moschettoni EASHOOK, adatti a tutte le misure di mani,<br \/>\n&#8211; sistema di bloccaggio automatico doppia azione di facile utilizzo, anche con i guanti,<br \/>\n&#8211; moschettone a grande apertura per agganciare\/sganciare facilmente i cavi,<br \/>\n&#8211; sistema Keylock per evitare l\u2019aggancio involontario del moschettone.<\/li>\n<li>Gestione del materiale facilitata per il supervisore e l\u2019operatore:<br \/>\n&#8211; cordino adatto ad un\u2019ampia gamma di pesi degli utilizzatori, da 40 a 120 kg,<br \/>\n&#8211; facilit\u00e0 di identificazione grazie alla zona di marcatura specifica,<br \/>\n&#8211; cartoncino d\u2019identificazione individuale integrato al cordino per controllare l\u2019attrezzatura per tutta la sua durata.<\/li>\n<\/ul>\n<\/div>\n<div class=\"list\">\n<ul>\n<li>Materiali: polietilene ad alta densit\u00e0, poliestere, alluminio<\/li>\n<li>Certificazione(i): CE EN 958, UIAA<\/li>\n<li>Lunghezza del cordino: in posizione retratta: 72 cm, in posizione estesa: 108 cm, capo corto (senza moschettone): 22 cm.<\/li>\n<li>Fornito in una custodia di sistemazione realizzata con il 100 % di tessuto poliestere riciclato<\/li>\n<\/ul>\n<\/div>\n<p>Il set da ferrata Petzl Scorpio Eashook \u00e8 particolarmente consigliato per utilizzatori che rientrano nei valori limite di peso della omologazione, per cui, bambini, donne o uomini di peso particolarmente ridotto, che si avvicina ai 40kg o individui di peso particolarmente elevato che \u201cin configurazione alpinistica\u201d si avvicinano ai 120kg.<\/p>\n<p>E&#8217; un set completo e resistente, adatto ad utilizzo intensivo. La sua resistenza lo rende idoneo ad utilizzo in gruppi (noleggio, parchi avventura, etc.)<\/p>\n<p>&nbsp;<\/p>\n<p>L\u2019avventura Petzl \u00e8 iniziata con la passione di Fernand Petzl per la speleologia, passione al servizio della quale ha saputo mettere il suo talento di artigiano. Ne \u00e8 nata una competenza per la progettazione e la realizzazione di soluzioni per salire, calarsi, assicurarsi e avanzare nell\u2019oscurit\u00e0. Nel 1970, i primi prodotti marcati \u201cFernand Petzl\u201d sono realizzati nel laboratorio di Saint-Nazaire-les-Eymes (Is\u00e8re, Francia). Da allora, l\u2019azienda Petzl, creata nel 1975, \u00e8 riuscita a crescere e diventare un gruppo internazionale, conservando una dimensione familiare e la passione che animava Fernand Petzl.<\/p>","protected":false},"excerpt":{"rendered":"<p>Il PETZL SCORPIO EASHOOK \u00e8 un seta da via ferrata di alta gamma di recente progettazione omologato secondo la recente [&hellip;]<\/p>\n","protected":false},"featured_media":194676,"comment_status":"open","ping_status":"closed","template":"","meta":{"_acf_changed":false},"product_brand":[50],"product_cat":[179],"product_tag":[429,516],"class_list":{"0":"post-17855","1":"product","2":"type-product","3":"status-publish","4":"has-post-thumbnail","6":"product_brand-petzl","7":"product_cat-set-ferrata","8":"product_tag-set-ferrata","9":"product_tag-via-ferrata","11":"first","12":"instock","13":"sale","14":"taxable","15":"shipping-taxable","16":"purchasable","17":"product-type-variable"},"acf":[],"yoast_head":"<!-- This site is optimized with the Yoast SEO plugin v26.4 - https:\/\/yoast.com\/wordpress\/plugins\/seo\/ -->\n<title>Petzl Scorpio Eashook set via ferrata - Sestogrado<\/title>\n<meta name=\"description\" content=\"Il PETZL SCORPIO EASHOOK \u00e8 un seta da via ferrata di alta gamma di recente progettazione omologato secondo la recente normativa e destinato ad utilizzatori di peso compreso tra 40 e 120 kg. E&#039; disponibile in due versioni: con o senza GIRELLO antiattorcigliamento dei bracci.Leggero e compatto, il cordino SCORPIO EASHOOK \u00e8 destinato alla pratica regolare della via ferrata. Grazie all\u2019assorbitore ultracompatto e ai due capi elastici, ci si sposta agevolmente lungo il percorso. Adatti a tutte le misure di mano, i moschettoni ergonomici EASHOOK assicurano una prensilit\u00e0 ottimale, per facilitare le manovre nel superamento di frazionamenti. Il cordino \u00e8 dotato di un capo corto per installare un moschettone (non fornito) per riposarsi pi\u00f9 facilmente alle barre durante il percorso.\" \/>\n<meta name=\"robots\" content=\"index, follow, max-snippet:-1, max-image-preview:large, max-video-preview:-1\" \/>\n<link rel=\"canonical\" href=\"https:\/\/www.sestogrado.it\/it\/prodotto\/petzl-scorpio-eashook-set-via-ferrata\/\" \/>\n<meta property=\"og:locale\" content=\"it_IT\" \/>\n<meta property=\"og:type\" content=\"article\" \/>\n<meta property=\"og:title\" content=\"Petzl Scorpio Eashook set via ferrata - Sestogrado\" \/>\n<meta property=\"og:description\" content=\"Il PETZL SCORPIO EASHOOK \u00e8 un seta da via ferrata di alta gamma di recente progettazione omologato secondo la recente normativa e destinato ad utilizzatori di peso compreso tra 40 e 120 kg. E&#039; disponibile in due versioni: con o senza GIRELLO antiattorcigliamento dei bracci.Leggero e compatto, il cordino SCORPIO EASHOOK \u00e8 destinato alla pratica regolare della via ferrata. Grazie all\u2019assorbitore ultracompatto e ai due capi elastici, ci si sposta agevolmente lungo il percorso. Adatti a tutte le misure di mano, i moschettoni ergonomici EASHOOK assicurano una prensilit\u00e0 ottimale, per facilitare le manovre nel superamento di frazionamenti. Il cordino \u00e8 dotato di un capo corto per installare un moschettone (non fornito) per riposarsi pi\u00f9 facilmente alle barre durante il percorso.\" \/>\n<meta property=\"og:url\" content=\"https:\/\/www.sestogrado.it\/it\/prodotto\/petzl-scorpio-eashook-set-via-ferrata\/\" \/>\n<meta property=\"og:site_name\" content=\"Sestogrado\" \/>\n<meta property=\"article:publisher\" content=\"https:\/\/www.facebook.com\/pages\/Sestogrado\/1542635979353017?ref=bookmarks\" \/>\n<meta property=\"article:modified_time\" content=\"2026-03-31T10:59:55+00:00\" \/>\n<meta property=\"og:image\" content=\"https:\/\/www.sestogrado.it\/wp-content\/uploads\/2022\/03\/01-9.jpg\" \/>\n\t<meta property=\"og:image:width\" content=\"1200\" \/>\n\t<meta property=\"og:image:height\" content=\"1200\" \/>\n\t<meta property=\"og:image:type\" content=\"image\/jpeg\" \/>\n<meta name=\"twitter:label1\" content=\"Disponibilit\u00e0\" \/>\n\t<meta name=\"twitter:data1\" content=\"In stock\" \/>\n<script type=\"application\/ld+json\" class=\"yoast-schema-graph\">{\"@context\":\"https:\/\/schema.org\",\"@graph\":[{\"@type\":\"WebPage\",\"@id\":\"https:\/\/www.sestogrado.it\/it\/prodotto\/petzl-scorpio-eashook-set-via-ferrata\/\",\"url\":\"https:\/\/www.sestogrado.it\/it\/prodotto\/petzl-scorpio-eashook-set-via-ferrata\/\",\"name\":\"Petzl Scorpio Eashook set via ferrata - Sestogrado\",\"isPartOf\":{\"@id\":\"https:\/\/www.sestogrado.it\/it\/#website\"},\"primaryImageOfPage\":{\"@id\":\"https:\/\/www.sestogrado.it\/it\/prodotto\/petzl-scorpio-eashook-set-via-ferrata\/#primaryimage\"},\"image\":{\"@id\":\"https:\/\/www.sestogrado.it\/prodotto\/petzl-scorpio-eashook-set-via-ferrata\/#primaryimage\"},\"thumbnailUrl\":\"https:\/\/www.sestogrado.it\/wp-content\/uploads\/2022\/03\/01-9.jpg\",\"datePublished\":\"2025-07-01T08:00:24+00:00\",\"dateModified\":\"2026-03-31T10:59:55+00:00\",\"description\":\"Il PETZL SCORPIO EASHOOK \u00e8 un seta da via ferrata di alta gamma di recente progettazione omologato secondo la recente normativa e destinato ad utilizzatori di peso compreso tra 40 e 120 kg. E' disponibile in due versioni: con o senza GIRELLO antiattorcigliamento dei bracci.Leggero e compatto, il cordino SCORPIO EASHOOK \u00e8 destinato alla pratica regolare della via ferrata. Grazie all\u2019assorbitore ultracompatto e ai due capi elastici, ci si sposta agevolmente lungo il percorso. Adatti a tutte le misure di mano, i moschettoni ergonomici EASHOOK assicurano una prensilit\u00e0 ottimale, per facilitare le manovre nel superamento di frazionamenti. Il cordino \u00e8 dotato di un capo corto per installare un moschettone (non fornito) per riposarsi pi\u00f9 facilmente alle barre durante il percorso.\",\"breadcrumb\":{\"@id\":\"https:\/\/www.sestogrado.it\/it\/prodotto\/petzl-scorpio-eashook-set-via-ferrata\/#breadcrumb\"},\"inLanguage\":\"it-IT\",\"potentialAction\":[{\"@type\":\"ReadAction\",\"target\":[[\"https:\/\/www.sestogrado.it\/it\/prodotto\/petzl-scorpio-eashook-set-via-ferrata\/\"]]}]},{\"@type\":\"ImageObject\",\"inLanguage\":\"it-IT\",\"@id\":\"https:\/\/www.sestogrado.it\/it\/prodotto\/petzl-scorpio-eashook-set-via-ferrata\/#primaryimage\",\"url\":\"https:\/\/www.sestogrado.it\/wp-content\/uploads\/2022\/03\/01-9.jpg\",\"contentUrl\":\"https:\/\/www.sestogrado.it\/wp-content\/uploads\/2022\/03\/01-9.jpg\",\"width\":1200,\"height\":1200,\"caption\":\"eashook con girello\"},{\"@type\":\"BreadcrumbList\",\"@id\":\"https:\/\/www.sestogrado.it\/it\/prodotto\/petzl-scorpio-eashook-set-via-ferrata\/#breadcrumb\",\"itemListElement\":[{\"@type\":\"ListItem\",\"position\":1,\"name\":\"Home\",\"item\":\"https:\/\/www.sestogrado.it\/it\/\"},{\"@type\":\"ListItem\",\"position\":2,\"name\":\"Shop\",\"item\":\"https:\/\/www.sestogrado.it\/it\/shop\/\"},{\"@type\":\"ListItem\",\"position\":3,\"name\":\"Petzl Scorpio Eashook set via ferrata\"}]},{\"@type\":\"WebSite\",\"@id\":\"https:\/\/www.sestogrado.it\/it\/#website\",\"url\":\"https:\/\/www.sestogrado.it\/it\/\",\"name\":\"Sestogrado\",\"description\":\"yes we climb\",\"publisher\":{\"@id\":\"https:\/\/www.sestogrado.it\/it\/#organization\"},\"potentialAction\":[{\"@type\":\"SearchAction\",\"target\":{\"@type\":\"EntryPoint\",\"urlTemplate\":\"https:\/\/www.sestogrado.it\/it\/?s={search_term_string}\"},\"query-input\":{\"@type\":\"PropertyValueSpecification\",\"valueRequired\":true,\"valueName\":\"search_term_string\"}}],\"inLanguage\":\"it-IT\"},{\"@type\":\"Organization\",\"@id\":\"https:\/\/www.sestogrado.it\/it\/#organization\",\"name\":\"Sestogrado\",\"url\":\"https:\/\/www.sestogrado.it\/it\/\",\"logo\":{\"@type\":\"ImageObject\",\"inLanguage\":\"it-IT\",\"@id\":\"https:\/\/www.sestogrado.it\/it\/#\/schema\/logo\/image\/\",\"url\":\"https:\/\/www.sestogrado.it\/wp-content\/uploads\/2015\/03\/sestogrado-favicon.png\",\"contentUrl\":\"https:\/\/www.sestogrado.it\/wp-content\/uploads\/2015\/03\/sestogrado-favicon.png\",\"width\":260,\"height\":260,\"caption\":\"Sestogrado\"},\"image\":{\"@id\":\"https:\/\/www.sestogrado.it\/it\/#\/schema\/logo\/image\/\"},\"sameAs\":[\"https:\/\/www.facebook.com\/pages\/Sestogrado\/1542635979353017?ref=bookmarks\",\"https:\/\/www.youtube.com\/channel\/UC847kAfTkaJsWpc1jtQwr3Q\"],\"hasMerchantReturnPolicy\":{\"@type\":\"MerchantReturnPolicy\",\"merchantReturnLink\":\"https:\/\/www.sestogrado.it\/it\/termini-e-condizioni\/\"}}]}<\/script>\n<meta property=\"product:brand\" content=\"Petzl\" \/>\n<meta property=\"og:availability\" content=\"instock\" \/>\n<meta property=\"product:availability\" content=\"instock\" \/>\n<meta property=\"product:condition\" content=\"new\" \/>\n<!-- \/ Yoast SEO plugin. -->","yoast_head_json":{"title":"Petzl Scorpio Eashook set via ferrata - Sestogrado","description":"Il PETZL SCORPIO EASHOOK \u00e8 un seta da via ferrata di alta gamma di recente progettazione omologato secondo la recente normativa e destinato ad utilizzatori di peso compreso tra 40 e 120 kg. E' disponibile in due versioni: con o senza GIRELLO antiattorcigliamento dei bracci.Leggero e compatto, il cordino SCORPIO EASHOOK \u00e8 destinato alla pratica regolare della via ferrata. Grazie all\u2019assorbitore ultracompatto e ai due capi elastici, ci si sposta agevolmente lungo il percorso. Adatti a tutte le misure di mano, i moschettoni ergonomici EASHOOK assicurano una prensilit\u00e0 ottimale, per facilitare le manovre nel superamento di frazionamenti. Il cordino \u00e8 dotato di un capo corto per installare un moschettone (non fornito) per riposarsi pi\u00f9 facilmente alle barre durante il percorso.","robots":{"index":"index","follow":"follow","max-snippet":"max-snippet:-1","max-image-preview":"max-image-preview:large","max-video-preview":"max-video-preview:-1"},"canonical":"https:\/\/www.sestogrado.it\/it\/prodotto\/petzl-scorpio-eashook-set-via-ferrata\/","og_locale":"it_IT","og_type":"article","og_title":"Petzl Scorpio Eashook set via ferrata - Sestogrado","og_description":"Il PETZL SCORPIO EASHOOK \u00e8 un seta da via ferrata di alta gamma di recente progettazione omologato secondo la recente normativa e destinato ad utilizzatori di peso compreso tra 40 e 120 kg. E' disponibile in due versioni: con o senza GIRELLO antiattorcigliamento dei bracci.Leggero e compatto, il cordino SCORPIO EASHOOK \u00e8 destinato alla pratica regolare della via ferrata. Grazie all\u2019assorbitore ultracompatto e ai due capi elastici, ci si sposta agevolmente lungo il percorso. Adatti a tutte le misure di mano, i moschettoni ergonomici EASHOOK assicurano una prensilit\u00e0 ottimale, per facilitare le manovre nel superamento di frazionamenti. Il cordino \u00e8 dotato di un capo corto per installare un moschettone (non fornito) per riposarsi pi\u00f9 facilmente alle barre durante il percorso.","og_url":"https:\/\/www.sestogrado.it\/it\/prodotto\/petzl-scorpio-eashook-set-via-ferrata\/","og_site_name":"Sestogrado","article_publisher":"https:\/\/www.facebook.com\/pages\/Sestogrado\/1542635979353017?ref=bookmarks","article_modified_time":"2026-03-31T10:59:55+00:00","og_image":[{"width":1200,"height":1200,"url":"https:\/\/www.sestogrado.it\/wp-content\/uploads\/2022\/03\/01-9.jpg","type":"image\/jpeg"}],"twitter_misc":{"Disponibilit\u00e0":"In stock"},"schema":{"@context":"https:\/\/schema.org","@graph":[{"@type":"WebPage","@id":"https:\/\/www.sestogrado.it\/it\/prodotto\/petzl-scorpio-eashook-set-via-ferrata\/","url":"https:\/\/www.sestogrado.it\/it\/prodotto\/petzl-scorpio-eashook-set-via-ferrata\/","name":"Petzl Scorpio Eashook set via ferrata - Sestogrado","isPartOf":{"@id":"https:\/\/www.sestogrado.it\/it\/#website"},"primaryImageOfPage":{"@id":"https:\/\/www.sestogrado.it\/it\/prodotto\/petzl-scorpio-eashook-set-via-ferrata\/#primaryimage"},"image":{"@id":"https:\/\/www.sestogrado.it\/prodotto\/petzl-scorpio-eashook-set-via-ferrata\/#primaryimage"},"thumbnailUrl":"https:\/\/www.sestogrado.it\/wp-content\/uploads\/2022\/03\/01-9.jpg","datePublished":"2025-07-01T08:00:24+00:00","dateModified":"2026-03-31T10:59:55+00:00","description":"Il PETZL SCORPIO EASHOOK \u00e8 un seta da via ferrata di alta gamma di recente progettazione omologato secondo la recente normativa e destinato ad utilizzatori di peso compreso tra 40 e 120 kg. E' disponibile in due versioni: con o senza GIRELLO antiattorcigliamento dei bracci.Leggero e compatto, il cordino SCORPIO EASHOOK \u00e8 destinato alla pratica regolare della via ferrata. Grazie all\u2019assorbitore ultracompatto e ai due capi elastici, ci si sposta agevolmente lungo il percorso. Adatti a tutte le misure di mano, i moschettoni ergonomici EASHOOK assicurano una prensilit\u00e0 ottimale, per facilitare le manovre nel superamento di frazionamenti. Il cordino \u00e8 dotato di un capo corto per installare un moschettone (non fornito) per riposarsi pi\u00f9 facilmente alle barre durante il percorso.","breadcrumb":{"@id":"https:\/\/www.sestogrado.it\/it\/prodotto\/petzl-scorpio-eashook-set-via-ferrata\/#breadcrumb"},"inLanguage":"it-IT","potentialAction":[{"@type":"ReadAction","target":[["https:\/\/www.sestogrado.it\/it\/prodotto\/petzl-scorpio-eashook-set-via-ferrata\/"]]}]},{"@type":"ImageObject","inLanguage":"it-IT","@id":"https:\/\/www.sestogrado.it\/it\/prodotto\/petzl-scorpio-eashook-set-via-ferrata\/#primaryimage","url":"https:\/\/www.sestogrado.it\/wp-content\/uploads\/2022\/03\/01-9.jpg","contentUrl":"https:\/\/www.sestogrado.it\/wp-content\/uploads\/2022\/03\/01-9.jpg","width":1200,"height":1200,"caption":"eashook con girello"},{"@type":"BreadcrumbList","@id":"https:\/\/www.sestogrado.it\/it\/prodotto\/petzl-scorpio-eashook-set-via-ferrata\/#breadcrumb","itemListElement":[{"@type":"ListItem","position":1,"name":"Home","item":"https:\/\/www.sestogrado.it\/it\/"},{"@type":"ListItem","position":2,"name":"Shop","item":"https:\/\/www.sestogrado.it\/it\/shop\/"},{"@type":"ListItem","position":3,"name":"Petzl Scorpio Eashook set via ferrata"}]},{"@type":"WebSite","@id":"https:\/\/www.sestogrado.it\/it\/#website","url":"https:\/\/www.sestogrado.it\/it\/","name":"Sestogrado","description":"yes we climb","publisher":{"@id":"https:\/\/www.sestogrado.it\/it\/#organization"},"potentialAction":[{"@type":"SearchAction","target":{"@type":"EntryPoint","urlTemplate":"https:\/\/www.sestogrado.it\/it\/?s={search_term_string}"},"query-input":{"@type":"PropertyValueSpecification","valueRequired":true,"valueName":"search_term_string"}}],"inLanguage":"it-IT"},{"@type":"Organization","@id":"https:\/\/www.sestogrado.it\/it\/#organization","name":"Sestogrado","url":"https:\/\/www.sestogrado.it\/it\/","logo":{"@type":"ImageObject","inLanguage":"it-IT","@id":"https:\/\/www.sestogrado.it\/it\/#\/schema\/logo\/image\/","url":"https:\/\/www.sestogrado.it\/wp-content\/uploads\/2015\/03\/sestogrado-favicon.png","contentUrl":"https:\/\/www.sestogrado.it\/wp-content\/uploads\/2015\/03\/sestogrado-favicon.png","width":260,"height":260,"caption":"Sestogrado"},"image":{"@id":"https:\/\/www.sestogrado.it\/it\/#\/schema\/logo\/image\/"},"sameAs":["https:\/\/www.facebook.com\/pages\/Sestogrado\/1542635979353017?ref=bookmarks","https:\/\/www.youtube.com\/channel\/UC847kAfTkaJsWpc1jtQwr3Q"],"hasMerchantReturnPolicy":{"@type":"MerchantReturnPolicy","merchantReturnLink":"https:\/\/www.sestogrado.it\/it\/termini-e-condizioni\/"}}]},"product_brand":"Petzl","og_availability":"instock","product_availability":"instock","product_condition":"new"},"_links":{"self":[{"href":"https:\/\/www.sestogrado.it\/it\/wp-json\/wp\/v2\/product\/17855","targetHints":{"allow":["GET"]}}],"collection":[{"href":"https:\/\/www.sestogrado.it\/it\/wp-json\/wp\/v2\/product"}],"about":[{"href":"https:\/\/www.sestogrado.it\/it\/wp-json\/wp\/v2\/types\/product"}],"replies":[{"embeddable":true,"href":"https:\/\/www.sestogrado.it\/it\/wp-json\/wp\/v2\/comments?post=17855"}],"wp:featuredmedia":[{"embeddable":true,"href":"https:\/\/www.sestogrado.it\/it\/wp-json\/wp\/v2\/media\/194676"}],"wp:attachment":[{"href":"https:\/\/www.sestogrado.it\/it\/wp-json\/wp\/v2\/media?parent=17855"}],"wp:term":[{"taxonomy":"product_brand","embeddable":true,"href":"https:\/\/www.sestogrado.it\/it\/wp-json\/wp\/v2\/product_brand?post=17855"},{"taxonomy":"product_cat","embeddable":true,"href":"https:\/\/www.sestogrado.it\/it\/wp-json\/wp\/v2\/product_cat?post=17855"},{"taxonomy":"product_tag","embeddable":true,"href":"https:\/\/www.sestogrado.it\/it\/wp-json\/wp\/v2\/product_tag?post=17855"}],"curies":[{"name":"wp","href":"https:\/\/api.w.org\/{rel}","templated":true}]}}