{"id":17665,"date":"2018-09-04T09:17:10","date_gmt":"2018-09-04T07:17:10","guid":{"rendered":"https:\/\/www.sestogrado.it\/?post_type=product&#038;p=17665"},"modified":"2026-03-24T13:27:07","modified_gmt":"2026-03-24T12:27:07","slug":"metolius-wood-grips-deluxe-ii-trave-arrampicata-legno","status":"publish","type":"product","link":"https:\/\/www.sestogrado.it\/it\/prodotto\/metolius-wood-grips-deluxe-ii-trave-arrampicata-legno\/","title":{"rendered":"Metolius Wood Grips Deluxe II trave arrampicata legno"},"content":{"rendered":"<p>Il\u00a0Metolius Wood Grips Deluxe II \u00e8 la versione pi\u00f9 completa di trave da arrampicata in legno.<\/p>\n<p>E&#8217; una trave dal design semplice in grado di offrire un&#8217;ampia quantit\u00e0 di prese per rafforzare\u00a0dita, mani, avambracci e l&#8217;intera parte alta del corpo.<\/p>\n<p>Il Metolius Wood Grips Deluxe II \u00e8 realizzato in legno di ontano, non gratta e non irrita la pelle, \u00e8 piuttosto sottile, \u00e8 facile da montare e non \u00e8 &#8220;invadente&#8221; da un punto di vista estetico.<\/p>\n<p>Ha delle prese ampie nella parte ampia, in grado di far scaldare per bene un esperto o di allenare un principiante, mentre nella parte centrale e parte bassa ha una variet\u00e0 di prese per ingaggiare i tuoi avambracci.<\/p>\n<p>&nbsp;<\/p>\n<ul>\n<li>realizzato in legno di ontano<\/li>\n<li>la confezione contiene viti e bulloni per il fissaggio<\/li>\n<li>misure: 610 mm x 216 mm<\/li>\n<\/ul>\n<p>&nbsp;<\/p>\n<p>Il Metolius Wood Grips Deluxe II \u00e8\u00a0adatto a tutti gli arrampicatori, ed \u00e8 un trave completo in grado di allenarti per tutta la tua &#8220;carriera&#8221; di climber.<\/p>\n<div class=\"embed-responsive embed-responsive-16by9\"><iframe title=\"Wood Grips II Training boards\" width=\"500\" height=\"281\" src=\"https:\/\/www.youtube.com\/embed\/5gzIgmXAZX0?start=3&#038;feature=oembed\" frameborder=\"0\" allow=\"accelerometer; autoplay; clipboard-write; encrypted-media; gyroscope; picture-in-picture; web-share\" referrerpolicy=\"strict-origin-when-cross-origin\" allowfullscreen><\/iframe><\/div>\n<p>&nbsp;<\/p>\n<p>Metolius \u00e8 un\u2019azienda americana nata negli anni 80\u2019 da un gruppo di appassionati climber dello Smith Rock. Riunitisi in un garage nel nord America, nelle vicinanze del Metolius River, cominciarono a concretizzare le loro idee fino ad ottenere dei prodotti che oggi sono sinonimo di qualit\u00e0, sicurezza ed eccellenza. Metolius \u00e8 nota per la produzione di attrezzatura per allenamento all\u2019arrampicata, come travi e prese, di cui \u00e8 tuttora leader mondiale.<\/p>\n<p>&nbsp;<\/p>","protected":false},"excerpt":{"rendered":"<p>Il\u00a0Metolius Wood Grips Deluxe II \u00e8 la versione pi\u00f9 completa di trave da arrampicata in legno. E&#8217; una trave dal [&hellip;]<\/p>\n","protected":false},"featured_media":17666,"comment_status":"open","ping_status":"closed","template":"","meta":{"_acf_changed":false},"product_brand":[304],"product_cat":[303],"product_tag":[437,436],"class_list":{"0":"post-17665","1":"product","2":"type-product","3":"status-publish","4":"has-post-thumbnail","6":"product_brand-metolius","7":"product_cat-allenamento","8":"product_tag-trave-allenamento","9":"product_tag-trave-arrampicata","11":"first","12":"instock","13":"sale","14":"taxable","15":"shipping-taxable","16":"purchasable","17":"product-type-simple"},"acf":[],"yoast_head":"<!-- This site is optimized with the Yoast SEO plugin v26.4 - https:\/\/yoast.com\/wordpress\/plugins\/seo\/ -->\n<title>Metolius Wood Grips Deluxe II trave arrampicata legno - Sestogrado<\/title>\n<meta name=\"description\" content=\"Il\u00a0Metolius Wood Grips Deluxe II \u00e8 la versione pi\u00f9 completa di trave da arrampicata in legno.E&#039; una trave dal design semplice in grado di offrire un&#039;ampia quantit\u00e0 di prese per rafforzare\u00a0dita, mani, avambracci e l&#039;intera parte alta del corpo.Il Metolius Wood Grips Deluxe II \u00e8 realizzato in legno di ontano, non gratta e non irrita la pelle, \u00e8 piuttosto sottile, \u00e8 facile da montare e non \u00e8 &quot;invadente&quot; da un punto di vista estetico.Ha delle prese ampie nella parte ampia, in grado di far scaldare per bene un esperto o di allenare un principiante, mentre nella parte centrale e parte bassa ha una variet\u00e0 di prese per ingaggiare i tuoi avambracci.\" \/>\n<meta name=\"robots\" content=\"index, follow, max-snippet:-1, max-image-preview:large, max-video-preview:-1\" \/>\n<link rel=\"canonical\" href=\"https:\/\/www.sestogrado.it\/it\/prodotto\/metolius-wood-grips-deluxe-ii-trave-arrampicata-legno\/\" \/>\n<meta property=\"og:locale\" content=\"it_IT\" \/>\n<meta property=\"og:type\" content=\"article\" \/>\n<meta property=\"og:title\" content=\"Metolius Wood Grips Deluxe II trave arrampicata legno - Sestogrado\" \/>\n<meta property=\"og:description\" content=\"Il\u00a0Metolius Wood Grips Deluxe II \u00e8 la versione pi\u00f9 completa di trave da arrampicata in legno.E&#039; una trave dal design semplice in grado di offrire un&#039;ampia quantit\u00e0 di prese per rafforzare\u00a0dita, mani, avambracci e l&#039;intera parte alta del corpo.Il Metolius Wood Grips Deluxe II \u00e8 realizzato in legno di ontano, non gratta e non irrita la pelle, \u00e8 piuttosto sottile, \u00e8 facile da montare e non \u00e8 &quot;invadente&quot; da un punto di vista estetico.Ha delle prese ampie nella parte ampia, in grado di far scaldare per bene un esperto o di allenare un principiante, mentre nella parte centrale e parte bassa ha una variet\u00e0 di prese per ingaggiare i tuoi avambracci.\" \/>\n<meta property=\"og:url\" content=\"https:\/\/www.sestogrado.it\/it\/prodotto\/metolius-wood-grips-deluxe-ii-trave-arrampicata-legno\/\" \/>\n<meta property=\"og:site_name\" content=\"Sestogrado\" \/>\n<meta property=\"article:publisher\" content=\"https:\/\/www.facebook.com\/pages\/Sestogrado\/1542635979353017?ref=bookmarks\" \/>\n<meta property=\"article:modified_time\" content=\"2026-03-24T12:27:07+00:00\" \/>\n<meta property=\"og:image\" content=\"https:\/\/www.sestogrado.it\/wp-content\/uploads\/2018\/09\/deluxe.jpg\" \/>\n\t<meta property=\"og:image:width\" content=\"1000\" \/>\n\t<meta property=\"og:image:height\" content=\"1000\" \/>\n\t<meta property=\"og:image:type\" content=\"image\/jpeg\" \/>\n<meta name=\"twitter:label1\" content=\"Prezzo\" \/>\n\t<meta name=\"twitter:data1\" content=\"&euro;&nbsp;109,00\" \/>\n\t<meta name=\"twitter:label2\" content=\"Disponibilit\u00e0\" \/>\n\t<meta name=\"twitter:data2\" content=\"In stock\" \/>\n<script type=\"application\/ld+json\" class=\"yoast-schema-graph\">{\"@context\":\"https:\/\/schema.org\",\"@graph\":[{\"@type\":\"WebPage\",\"@id\":\"https:\/\/www.sestogrado.it\/it\/prodotto\/metolius-wood-grips-deluxe-ii-trave-arrampicata-legno\/\",\"url\":\"https:\/\/www.sestogrado.it\/it\/prodotto\/metolius-wood-grips-deluxe-ii-trave-arrampicata-legno\/\",\"name\":\"Metolius Wood Grips Deluxe II trave arrampicata legno - Sestogrado\",\"isPartOf\":{\"@id\":\"https:\/\/www.sestogrado.it\/it\/#website\"},\"primaryImageOfPage\":{\"@id\":\"https:\/\/www.sestogrado.it\/it\/prodotto\/metolius-wood-grips-deluxe-ii-trave-arrampicata-legno\/#primaryimage\"},\"image\":{\"@id\":\"https:\/\/www.sestogrado.it\/prodotto\/metolius-wood-grips-deluxe-ii-trave-arrampicata-legno\/#primaryimage\"},\"thumbnailUrl\":\"https:\/\/www.sestogrado.it\/wp-content\/uploads\/2018\/09\/deluxe.jpg\",\"datePublished\":\"2018-09-04T07:17:10+00:00\",\"dateModified\":\"2026-03-24T12:27:07+00:00\",\"description\":\"Il\u00a0Metolius Wood Grips Deluxe II \u00e8 la versione pi\u00f9 completa di trave da arrampicata in legno.E' una trave dal design semplice in grado di offrire un'ampia quantit\u00e0 di prese per rafforzare\u00a0dita, mani, avambracci e l'intera parte alta del corpo.Il Metolius Wood Grips Deluxe II \u00e8 realizzato in legno di ontano, non gratta e non irrita la pelle, \u00e8 piuttosto sottile, \u00e8 facile da montare e non \u00e8 \\\"invadente\\\" da un punto di vista estetico.Ha delle prese ampie nella parte ampia, in grado di far scaldare per bene un esperto o di allenare un principiante, mentre nella parte centrale e parte bassa ha una variet\u00e0 di prese per ingaggiare i tuoi avambracci.\",\"breadcrumb\":{\"@id\":\"https:\/\/www.sestogrado.it\/it\/prodotto\/metolius-wood-grips-deluxe-ii-trave-arrampicata-legno\/#breadcrumb\"},\"inLanguage\":\"it-IT\",\"potentialAction\":[{\"@type\":\"ReadAction\",\"target\":[[\"https:\/\/www.sestogrado.it\/it\/prodotto\/metolius-wood-grips-deluxe-ii-trave-arrampicata-legno\/\"]]}]},{\"@type\":\"ImageObject\",\"inLanguage\":\"it-IT\",\"@id\":\"https:\/\/www.sestogrado.it\/it\/prodotto\/metolius-wood-grips-deluxe-ii-trave-arrampicata-legno\/#primaryimage\",\"url\":\"https:\/\/www.sestogrado.it\/wp-content\/uploads\/2018\/09\/deluxe.jpg\",\"contentUrl\":\"https:\/\/www.sestogrado.it\/wp-content\/uploads\/2018\/09\/deluxe.jpg\",\"width\":1000,\"height\":1000,\"caption\":\"wood grips deluxe II\"},{\"@type\":\"BreadcrumbList\",\"@id\":\"https:\/\/www.sestogrado.it\/it\/prodotto\/metolius-wood-grips-deluxe-ii-trave-arrampicata-legno\/#breadcrumb\",\"itemListElement\":[{\"@type\":\"ListItem\",\"position\":1,\"name\":\"Home\",\"item\":\"https:\/\/www.sestogrado.it\/it\/\"},{\"@type\":\"ListItem\",\"position\":2,\"name\":\"Shop\",\"item\":\"https:\/\/www.sestogrado.it\/it\/shop\/\"},{\"@type\":\"ListItem\",\"position\":3,\"name\":\"Metolius Wood Grips Deluxe II trave arrampicata legno\"}]},{\"@type\":\"WebSite\",\"@id\":\"https:\/\/www.sestogrado.it\/it\/#website\",\"url\":\"https:\/\/www.sestogrado.it\/it\/\",\"name\":\"Sestogrado\",\"description\":\"yes we climb\",\"publisher\":{\"@id\":\"https:\/\/www.sestogrado.it\/it\/#organization\"},\"potentialAction\":[{\"@type\":\"SearchAction\",\"target\":{\"@type\":\"EntryPoint\",\"urlTemplate\":\"https:\/\/www.sestogrado.it\/it\/?s={search_term_string}\"},\"query-input\":{\"@type\":\"PropertyValueSpecification\",\"valueRequired\":true,\"valueName\":\"search_term_string\"}}],\"inLanguage\":\"it-IT\"},{\"@type\":\"Organization\",\"@id\":\"https:\/\/www.sestogrado.it\/it\/#organization\",\"name\":\"Sestogrado\",\"url\":\"https:\/\/www.sestogrado.it\/it\/\",\"logo\":{\"@type\":\"ImageObject\",\"inLanguage\":\"it-IT\",\"@id\":\"https:\/\/www.sestogrado.it\/it\/#\/schema\/logo\/image\/\",\"url\":\"https:\/\/www.sestogrado.it\/wp-content\/uploads\/2015\/03\/sestogrado-favicon.png\",\"contentUrl\":\"https:\/\/www.sestogrado.it\/wp-content\/uploads\/2015\/03\/sestogrado-favicon.png\",\"width\":260,\"height\":260,\"caption\":\"Sestogrado\"},\"image\":{\"@id\":\"https:\/\/www.sestogrado.it\/it\/#\/schema\/logo\/image\/\"},\"sameAs\":[\"https:\/\/www.facebook.com\/pages\/Sestogrado\/1542635979353017?ref=bookmarks\",\"https:\/\/www.youtube.com\/channel\/UC847kAfTkaJsWpc1jtQwr3Q\"],\"hasMerchantReturnPolicy\":{\"@type\":\"MerchantReturnPolicy\",\"merchantReturnLink\":\"https:\/\/www.sestogrado.it\/it\/termini-e-condizioni\/\"}}]}<\/script>\n<meta property=\"product:brand\" content=\"Metolius\" \/>\n<meta property=\"product:price:amount\" content=\"109.00\" \/>\n<meta property=\"product:price:currency\" content=\"EUR\" \/>\n<meta property=\"og:availability\" content=\"instock\" \/>\n<meta property=\"product:availability\" content=\"instock\" \/>\n<meta property=\"product:condition\" content=\"new\" \/>\n<!-- \/ Yoast SEO plugin. -->","yoast_head_json":{"title":"Metolius Wood Grips Deluxe II trave arrampicata legno - Sestogrado","description":"Il\u00a0Metolius Wood Grips Deluxe II \u00e8 la versione pi\u00f9 completa di trave da arrampicata in legno.E' una trave dal design semplice in grado di offrire un'ampia quantit\u00e0 di prese per rafforzare\u00a0dita, mani, avambracci e l'intera parte alta del corpo.Il Metolius Wood Grips Deluxe II \u00e8 realizzato in legno di ontano, non gratta e non irrita la pelle, \u00e8 piuttosto sottile, \u00e8 facile da montare e non \u00e8 \"invadente\" da un punto di vista estetico.Ha delle prese ampie nella parte ampia, in grado di far scaldare per bene un esperto o di allenare un principiante, mentre nella parte centrale e parte bassa ha una variet\u00e0 di prese per ingaggiare i tuoi avambracci.","robots":{"index":"index","follow":"follow","max-snippet":"max-snippet:-1","max-image-preview":"max-image-preview:large","max-video-preview":"max-video-preview:-1"},"canonical":"https:\/\/www.sestogrado.it\/it\/prodotto\/metolius-wood-grips-deluxe-ii-trave-arrampicata-legno\/","og_locale":"it_IT","og_type":"article","og_title":"Metolius Wood Grips Deluxe II trave arrampicata legno - Sestogrado","og_description":"Il\u00a0Metolius Wood Grips Deluxe II \u00e8 la versione pi\u00f9 completa di trave da arrampicata in legno.E' una trave dal design semplice in grado di offrire un'ampia quantit\u00e0 di prese per rafforzare\u00a0dita, mani, avambracci e l'intera parte alta del corpo.Il Metolius Wood Grips Deluxe II \u00e8 realizzato in legno di ontano, non gratta e non irrita la pelle, \u00e8 piuttosto sottile, \u00e8 facile da montare e non \u00e8 \"invadente\" da un punto di vista estetico.Ha delle prese ampie nella parte ampia, in grado di far scaldare per bene un esperto o di allenare un principiante, mentre nella parte centrale e parte bassa ha una variet\u00e0 di prese per ingaggiare i tuoi avambracci.","og_url":"https:\/\/www.sestogrado.it\/it\/prodotto\/metolius-wood-grips-deluxe-ii-trave-arrampicata-legno\/","og_site_name":"Sestogrado","article_publisher":"https:\/\/www.facebook.com\/pages\/Sestogrado\/1542635979353017?ref=bookmarks","article_modified_time":"2026-03-24T12:27:07+00:00","og_image":[{"width":1000,"height":1000,"url":"https:\/\/www.sestogrado.it\/wp-content\/uploads\/2018\/09\/deluxe.jpg","type":"image\/jpeg"}],"twitter_misc":{"Prezzo":"&euro;&nbsp;109,00","Disponibilit\u00e0":"In stock"},"schema":{"@context":"https:\/\/schema.org","@graph":[{"@type":"WebPage","@id":"https:\/\/www.sestogrado.it\/it\/prodotto\/metolius-wood-grips-deluxe-ii-trave-arrampicata-legno\/","url":"https:\/\/www.sestogrado.it\/it\/prodotto\/metolius-wood-grips-deluxe-ii-trave-arrampicata-legno\/","name":"Metolius Wood Grips Deluxe II trave arrampicata legno - Sestogrado","isPartOf":{"@id":"https:\/\/www.sestogrado.it\/it\/#website"},"primaryImageOfPage":{"@id":"https:\/\/www.sestogrado.it\/it\/prodotto\/metolius-wood-grips-deluxe-ii-trave-arrampicata-legno\/#primaryimage"},"image":{"@id":"https:\/\/www.sestogrado.it\/prodotto\/metolius-wood-grips-deluxe-ii-trave-arrampicata-legno\/#primaryimage"},"thumbnailUrl":"https:\/\/www.sestogrado.it\/wp-content\/uploads\/2018\/09\/deluxe.jpg","datePublished":"2018-09-04T07:17:10+00:00","dateModified":"2026-03-24T12:27:07+00:00","description":"Il\u00a0Metolius Wood Grips Deluxe II \u00e8 la versione pi\u00f9 completa di trave da arrampicata in legno.E' una trave dal design semplice in grado di offrire un'ampia quantit\u00e0 di prese per rafforzare\u00a0dita, mani, avambracci e l'intera parte alta del corpo.Il Metolius Wood Grips Deluxe II \u00e8 realizzato in legno di ontano, non gratta e non irrita la pelle, \u00e8 piuttosto sottile, \u00e8 facile da montare e non \u00e8 \"invadente\" da un punto di vista estetico.Ha delle prese ampie nella parte ampia, in grado di far scaldare per bene un esperto o di allenare un principiante, mentre nella parte centrale e parte bassa ha una variet\u00e0 di prese per ingaggiare i tuoi avambracci.","breadcrumb":{"@id":"https:\/\/www.sestogrado.it\/it\/prodotto\/metolius-wood-grips-deluxe-ii-trave-arrampicata-legno\/#breadcrumb"},"inLanguage":"it-IT","potentialAction":[{"@type":"ReadAction","target":[["https:\/\/www.sestogrado.it\/it\/prodotto\/metolius-wood-grips-deluxe-ii-trave-arrampicata-legno\/"]]}]},{"@type":"ImageObject","inLanguage":"it-IT","@id":"https:\/\/www.sestogrado.it\/it\/prodotto\/metolius-wood-grips-deluxe-ii-trave-arrampicata-legno\/#primaryimage","url":"https:\/\/www.sestogrado.it\/wp-content\/uploads\/2018\/09\/deluxe.jpg","contentUrl":"https:\/\/www.sestogrado.it\/wp-content\/uploads\/2018\/09\/deluxe.jpg","width":1000,"height":1000,"caption":"wood grips deluxe II"},{"@type":"BreadcrumbList","@id":"https:\/\/www.sestogrado.it\/it\/prodotto\/metolius-wood-grips-deluxe-ii-trave-arrampicata-legno\/#breadcrumb","itemListElement":[{"@type":"ListItem","position":1,"name":"Home","item":"https:\/\/www.sestogrado.it\/it\/"},{"@type":"ListItem","position":2,"name":"Shop","item":"https:\/\/www.sestogrado.it\/it\/shop\/"},{"@type":"ListItem","position":3,"name":"Metolius Wood Grips Deluxe II trave arrampicata legno"}]},{"@type":"WebSite","@id":"https:\/\/www.sestogrado.it\/it\/#website","url":"https:\/\/www.sestogrado.it\/it\/","name":"Sestogrado","description":"yes we climb","publisher":{"@id":"https:\/\/www.sestogrado.it\/it\/#organization"},"potentialAction":[{"@type":"SearchAction","target":{"@type":"EntryPoint","urlTemplate":"https:\/\/www.sestogrado.it\/it\/?s={search_term_string}"},"query-input":{"@type":"PropertyValueSpecification","valueRequired":true,"valueName":"search_term_string"}}],"inLanguage":"it-IT"},{"@type":"Organization","@id":"https:\/\/www.sestogrado.it\/it\/#organization","name":"Sestogrado","url":"https:\/\/www.sestogrado.it\/it\/","logo":{"@type":"ImageObject","inLanguage":"it-IT","@id":"https:\/\/www.sestogrado.it\/it\/#\/schema\/logo\/image\/","url":"https:\/\/www.sestogrado.it\/wp-content\/uploads\/2015\/03\/sestogrado-favicon.png","contentUrl":"https:\/\/www.sestogrado.it\/wp-content\/uploads\/2015\/03\/sestogrado-favicon.png","width":260,"height":260,"caption":"Sestogrado"},"image":{"@id":"https:\/\/www.sestogrado.it\/it\/#\/schema\/logo\/image\/"},"sameAs":["https:\/\/www.facebook.com\/pages\/Sestogrado\/1542635979353017?ref=bookmarks","https:\/\/www.youtube.com\/channel\/UC847kAfTkaJsWpc1jtQwr3Q"],"hasMerchantReturnPolicy":{"@type":"MerchantReturnPolicy","merchantReturnLink":"https:\/\/www.sestogrado.it\/it\/termini-e-condizioni\/"}}]},"product_brand":"Metolius","product_price_amount":"109.00","product_price_currency":"EUR","og_availability":"instock","product_availability":"instock","product_condition":"new"},"_links":{"self":[{"href":"https:\/\/www.sestogrado.it\/it\/wp-json\/wp\/v2\/product\/17665","targetHints":{"allow":["GET"]}}],"collection":[{"href":"https:\/\/www.sestogrado.it\/it\/wp-json\/wp\/v2\/product"}],"about":[{"href":"https:\/\/www.sestogrado.it\/it\/wp-json\/wp\/v2\/types\/product"}],"replies":[{"embeddable":true,"href":"https:\/\/www.sestogrado.it\/it\/wp-json\/wp\/v2\/comments?post=17665"}],"wp:featuredmedia":[{"embeddable":true,"href":"https:\/\/www.sestogrado.it\/it\/wp-json\/wp\/v2\/media\/17666"}],"wp:attachment":[{"href":"https:\/\/www.sestogrado.it\/it\/wp-json\/wp\/v2\/media?parent=17665"}],"wp:term":[{"taxonomy":"product_brand","embeddable":true,"href":"https:\/\/www.sestogrado.it\/it\/wp-json\/wp\/v2\/product_brand?post=17665"},{"taxonomy":"product_cat","embeddable":true,"href":"https:\/\/www.sestogrado.it\/it\/wp-json\/wp\/v2\/product_cat?post=17665"},{"taxonomy":"product_tag","embeddable":true,"href":"https:\/\/www.sestogrado.it\/it\/wp-json\/wp\/v2\/product_tag?post=17665"}],"curies":[{"name":"wp","href":"https:\/\/api.w.org\/{rel}","templated":true}]}}