{"id":17554,"date":"2025-02-03T09:00:59","date_gmt":"2025-02-03T08:00:59","guid":{"rendered":"https:\/\/www.sestogrado.it\/?post_type=product&#038;p=17554"},"modified":"2026-03-21T01:10:41","modified_gmt":"2026-03-21T00:10:41","slug":"grivel-the-north-machine-carbon-piccozza-da-ghiaccio","status":"publish","type":"product","link":"https:\/\/www.sestogrado.it\/it\/prodotto\/grivel-the-north-machine-carbon-piccozza-da-ghiaccio\/","title":{"rendered":"Grivel The North Machine Carbon piccozza da ghiaccio"},"content":{"rendered":"<p>La Grivel North Machine Carbon \u00e8 una piccozza con manico super resistente e super leggero in carbon composite. La North Machine \u00e8 la versione pi\u00f9 leggera della <a href=\"https:\/\/www.sestogrado.it\/it\/prodotto\/grivel-the-tech-machine-piccozza-ghiaccio\/\" target=\"_blank\" rel=\"noopener noreferrer\">Tech Machine<\/a>, in versione sia paletta sia martello \u00e8 concepita per affrontare le pareti nord pi\u00f9 ambizione, misto alternato, cascate di ghiaccio, dry tooling ed alpinismo tecnico.<\/p>\n<p>North Machine \u00e8 una piccozza tecnica progettata per l&#8217;alpinismo di alto livello, le pareti nord e l&#8217;arrampicata sul ghiaccio. Molto polivalente, seguir\u00e0 anche l&#8217;alpinista pi\u00f9 esigente nelle sue avventure. Il\u00a0Vario system\u00a0consente la scelta di varie lame e vari accessori, adatti ad ogni esigenza. Manico in carbon composite (alluminio + carbonio) per ridurre il peso e forma G bone con scanalature laterali per consentire una maggiore resistenza e rigidit\u00e0 con uno spessore inferiore. \u00a0Dispone di un&#8217;impugnatura ergonomica e la sua forma aiuta \u00a0a proteggere le dita. Puntale in widia.<\/p>\n<ul>\n<li>Attivit\u00e0: Alpinismo tecnico \/ arrampicata sul ghiaccio \/ Alpinismo classico<\/li>\n<li>Materiali \/ costruzione \/ tecnologie: lame e accessori in\u00a0acciaio, manico in carbon composite (alluminio + carbonio)<\/li>\n<li>Certificazione: CE EN 13089, type 2, UIAA 152<\/li>\n<li>Lame consigliate:\u00a0Ice Vario,\u00a0Total Ice\u00a0Vario,\u00a0Total Dry Vario,\u00a0Katana Ice Vario,\u00a0Dry Plus,\u00a0Ice Blade,\u00a0Ice Plus Blade<\/li>\n<li>Peso: 495 g (17,5 once)<\/li>\n<li>Misura:\u00a047 cm<\/li>\n<\/ul>\n<ul>\n<li>la lama da 4,2 mm \u00e8 ideale per agganciarsi sia alla roccia che al ghiaccio in maniera sicura<\/li>\n<li>versione con paletta o martello<\/li>\n<li>impugnatura ergonomica e protezione per le dita<\/li>\n<li>lama intercambiabile<\/li>\n<li>certificazione CEN T<\/li>\n<\/ul>\n<p>&nbsp;<\/p>\n<p><em>L&#8217;arma definitiva per alpinisti polivalenti. Abbiamo combinato le migliori lame, realizzate con il miglior acciaio, con un manico composito in carbonio leggero e ben bilanciato. Si pianta senza sforzo, presa intuitiva<\/em><\/p>","protected":false},"excerpt":{"rendered":"<p>La Grivel North Machine Carbon \u00e8 una piccozza con manico super resistente e super leggero in carbon composite. La North [&hellip;]<\/p>\n","protected":false},"featured_media":182249,"comment_status":"open","ping_status":"closed","template":"","meta":{"_acf_changed":false},"product_brand":[126],"product_cat":[152],"product_tag":[414],"class_list":{"0":"post-17554","1":"product","2":"type-product","3":"status-publish","4":"has-post-thumbnail","6":"product_brand-grivel","7":"product_cat-piccozze","8":"product_tag-piccozza-da-ghiaccio","10":"first","11":"instock","12":"sale","13":"taxable","14":"shipping-taxable","15":"purchasable","16":"product-type-variable"},"acf":[],"yoast_head":"<!-- This site is optimized with the Yoast SEO plugin v26.4 - https:\/\/yoast.com\/wordpress\/plugins\/seo\/ -->\n<title>Grivel The North Machine Carbon piccozza da ghiaccio - Sestogrado<\/title>\n<meta name=\"description\" content=\"La Grivel North Machine Carbon \u00e8 una piccozza con manico super resistente e super leggero in carbon composite. La North Machine \u00e8 la versione pi\u00f9 leggera della Tech Machine, in versione sia paletta sia martello \u00e8 concepita per affrontare le pareti nord pi\u00f9 ambizione, misto alternato, cascate di ghiaccio, dry tooling ed alpinismo tecnico.North Machine \u00e8 una piccozza tecnica progettata per l&#039;alpinismo di alto livello, le pareti nord e l&#039;arrampicata sul ghiaccio. Molto polivalente, seguir\u00e0 anche l&#039;alpinista pi\u00f9 esigente nelle sue avventure. Il\u00a0Vario system\u00a0consente la scelta di varie lame e vari accessori, adatti ad ogni esigenza. Manico in carbon composite (alluminio + carbonio) per ridurre il peso e forma G bone con scanalature laterali per consentire una maggiore resistenza e rigidit\u00e0 con uno spessore inferiore. \u00a0Dispone di un&#039;impugnatura ergonomica e la sua forma aiuta \u00a0a proteggere le dita. Puntale in widia.\" \/>\n<meta name=\"robots\" content=\"index, follow, max-snippet:-1, max-image-preview:large, max-video-preview:-1\" \/>\n<link rel=\"canonical\" href=\"https:\/\/www.sestogrado.it\/it\/prodotto\/grivel-the-north-machine-carbon-piccozza-da-ghiaccio\/\" \/>\n<meta property=\"og:locale\" content=\"it_IT\" \/>\n<meta property=\"og:type\" content=\"article\" \/>\n<meta property=\"og:title\" content=\"Grivel The North Machine Carbon piccozza da ghiaccio - Sestogrado\" \/>\n<meta property=\"og:description\" content=\"La Grivel North Machine Carbon \u00e8 una piccozza con manico super resistente e super leggero in carbon composite. La North Machine \u00e8 la versione pi\u00f9 leggera della Tech Machine, in versione sia paletta sia martello \u00e8 concepita per affrontare le pareti nord pi\u00f9 ambizione, misto alternato, cascate di ghiaccio, dry tooling ed alpinismo tecnico.North Machine \u00e8 una piccozza tecnica progettata per l&#039;alpinismo di alto livello, le pareti nord e l&#039;arrampicata sul ghiaccio. Molto polivalente, seguir\u00e0 anche l&#039;alpinista pi\u00f9 esigente nelle sue avventure. Il\u00a0Vario system\u00a0consente la scelta di varie lame e vari accessori, adatti ad ogni esigenza. Manico in carbon composite (alluminio + carbonio) per ridurre il peso e forma G bone con scanalature laterali per consentire una maggiore resistenza e rigidit\u00e0 con uno spessore inferiore. \u00a0Dispone di un&#039;impugnatura ergonomica e la sua forma aiuta \u00a0a proteggere le dita. Puntale in widia.\" \/>\n<meta property=\"og:url\" content=\"https:\/\/www.sestogrado.it\/it\/prodotto\/grivel-the-north-machine-carbon-piccozza-da-ghiaccio\/\" \/>\n<meta property=\"og:site_name\" content=\"Sestogrado\" \/>\n<meta property=\"article:publisher\" content=\"https:\/\/www.facebook.com\/pages\/Sestogrado\/1542635979353017?ref=bookmarks\" \/>\n<meta property=\"article:modified_time\" content=\"2026-03-21T00:10:41+00:00\" \/>\n<meta property=\"og:image\" content=\"https:\/\/www.sestogrado.it\/wp-content\/uploads\/2018\/09\/01-15.jpg\" \/>\n\t<meta property=\"og:image:width\" content=\"1205\" \/>\n\t<meta property=\"og:image:height\" content=\"1205\" \/>\n\t<meta property=\"og:image:type\" content=\"image\/jpeg\" \/>\n<meta name=\"twitter:label1\" content=\"Disponibilit\u00e0\" \/>\n\t<meta name=\"twitter:data1\" content=\"In stock\" \/>\n<script type=\"application\/ld+json\" class=\"yoast-schema-graph\">{\"@context\":\"https:\/\/schema.org\",\"@graph\":[{\"@type\":\"WebPage\",\"@id\":\"https:\/\/www.sestogrado.it\/it\/prodotto\/grivel-the-north-machine-carbon-piccozza-da-ghiaccio\/\",\"url\":\"https:\/\/www.sestogrado.it\/it\/prodotto\/grivel-the-north-machine-carbon-piccozza-da-ghiaccio\/\",\"name\":\"Grivel The North Machine Carbon piccozza da ghiaccio - Sestogrado\",\"isPartOf\":{\"@id\":\"https:\/\/www.sestogrado.it\/it\/#website\"},\"primaryImageOfPage\":{\"@id\":\"https:\/\/www.sestogrado.it\/it\/prodotto\/grivel-the-north-machine-carbon-piccozza-da-ghiaccio\/#primaryimage\"},\"image\":{\"@id\":\"https:\/\/www.sestogrado.it\/prodotto\/grivel-the-north-machine-carbon-piccozza-da-ghiaccio\/#primaryimage\"},\"thumbnailUrl\":\"https:\/\/www.sestogrado.it\/wp-content\/uploads\/2018\/09\/01-15.jpg\",\"datePublished\":\"2025-02-03T08:00:59+00:00\",\"dateModified\":\"2026-03-21T00:10:41+00:00\",\"description\":\"La Grivel North Machine Carbon \u00e8 una piccozza con manico super resistente e super leggero in carbon composite. La North Machine \u00e8 la versione pi\u00f9 leggera della Tech Machine, in versione sia paletta sia martello \u00e8 concepita per affrontare le pareti nord pi\u00f9 ambizione, misto alternato, cascate di ghiaccio, dry tooling ed alpinismo tecnico.North Machine \u00e8 una piccozza tecnica progettata per l'alpinismo di alto livello, le pareti nord e l'arrampicata sul ghiaccio. Molto polivalente, seguir\u00e0 anche l'alpinista pi\u00f9 esigente nelle sue avventure. Il\u00a0Vario system\u00a0consente la scelta di varie lame e vari accessori, adatti ad ogni esigenza. Manico in carbon composite (alluminio + carbonio) per ridurre il peso e forma G bone con scanalature laterali per consentire una maggiore resistenza e rigidit\u00e0 con uno spessore inferiore. \u00a0Dispone di un'impugnatura ergonomica e la sua forma aiuta \u00a0a proteggere le dita. Puntale in widia.\",\"breadcrumb\":{\"@id\":\"https:\/\/www.sestogrado.it\/it\/prodotto\/grivel-the-north-machine-carbon-piccozza-da-ghiaccio\/#breadcrumb\"},\"inLanguage\":\"it-IT\",\"potentialAction\":[{\"@type\":\"ReadAction\",\"target\":[[\"https:\/\/www.sestogrado.it\/it\/prodotto\/grivel-the-north-machine-carbon-piccozza-da-ghiaccio\/\"]]}]},{\"@type\":\"ImageObject\",\"inLanguage\":\"it-IT\",\"@id\":\"https:\/\/www.sestogrado.it\/it\/prodotto\/grivel-the-north-machine-carbon-piccozza-da-ghiaccio\/#primaryimage\",\"url\":\"https:\/\/www.sestogrado.it\/wp-content\/uploads\/2018\/09\/01-15.jpg\",\"contentUrl\":\"https:\/\/www.sestogrado.it\/wp-content\/uploads\/2018\/09\/01-15.jpg\",\"width\":1205,\"height\":1205,\"caption\":\"north machine carbon paletta\"},{\"@type\":\"BreadcrumbList\",\"@id\":\"https:\/\/www.sestogrado.it\/it\/prodotto\/grivel-the-north-machine-carbon-piccozza-da-ghiaccio\/#breadcrumb\",\"itemListElement\":[{\"@type\":\"ListItem\",\"position\":1,\"name\":\"Home\",\"item\":\"https:\/\/www.sestogrado.it\/it\/\"},{\"@type\":\"ListItem\",\"position\":2,\"name\":\"Shop\",\"item\":\"https:\/\/www.sestogrado.it\/it\/shop\/\"},{\"@type\":\"ListItem\",\"position\":3,\"name\":\"Grivel The North Machine Carbon piccozza da ghiaccio\"}]},{\"@type\":\"WebSite\",\"@id\":\"https:\/\/www.sestogrado.it\/it\/#website\",\"url\":\"https:\/\/www.sestogrado.it\/it\/\",\"name\":\"Sestogrado\",\"description\":\"yes we climb\",\"publisher\":{\"@id\":\"https:\/\/www.sestogrado.it\/it\/#organization\"},\"potentialAction\":[{\"@type\":\"SearchAction\",\"target\":{\"@type\":\"EntryPoint\",\"urlTemplate\":\"https:\/\/www.sestogrado.it\/it\/?s={search_term_string}\"},\"query-input\":{\"@type\":\"PropertyValueSpecification\",\"valueRequired\":true,\"valueName\":\"search_term_string\"}}],\"inLanguage\":\"it-IT\"},{\"@type\":\"Organization\",\"@id\":\"https:\/\/www.sestogrado.it\/it\/#organization\",\"name\":\"Sestogrado\",\"url\":\"https:\/\/www.sestogrado.it\/it\/\",\"logo\":{\"@type\":\"ImageObject\",\"inLanguage\":\"it-IT\",\"@id\":\"https:\/\/www.sestogrado.it\/it\/#\/schema\/logo\/image\/\",\"url\":\"https:\/\/www.sestogrado.it\/wp-content\/uploads\/2015\/03\/sestogrado-favicon.png\",\"contentUrl\":\"https:\/\/www.sestogrado.it\/wp-content\/uploads\/2015\/03\/sestogrado-favicon.png\",\"width\":260,\"height\":260,\"caption\":\"Sestogrado\"},\"image\":{\"@id\":\"https:\/\/www.sestogrado.it\/it\/#\/schema\/logo\/image\/\"},\"sameAs\":[\"https:\/\/www.facebook.com\/pages\/Sestogrado\/1542635979353017?ref=bookmarks\",\"https:\/\/www.youtube.com\/channel\/UC847kAfTkaJsWpc1jtQwr3Q\"],\"hasMerchantReturnPolicy\":{\"@type\":\"MerchantReturnPolicy\",\"merchantReturnLink\":\"https:\/\/www.sestogrado.it\/it\/termini-e-condizioni\/\"}}]}<\/script>\n<meta property=\"product:brand\" content=\"Grivel\" \/>\n<meta property=\"og:availability\" content=\"instock\" \/>\n<meta property=\"product:availability\" content=\"instock\" \/>\n<meta property=\"product:condition\" content=\"new\" \/>\n<!-- \/ Yoast SEO plugin. -->","yoast_head_json":{"title":"Grivel The North Machine Carbon piccozza da ghiaccio - Sestogrado","description":"La Grivel North Machine Carbon \u00e8 una piccozza con manico super resistente e super leggero in carbon composite. La North Machine \u00e8 la versione pi\u00f9 leggera della Tech Machine, in versione sia paletta sia martello \u00e8 concepita per affrontare le pareti nord pi\u00f9 ambizione, misto alternato, cascate di ghiaccio, dry tooling ed alpinismo tecnico.North Machine \u00e8 una piccozza tecnica progettata per l'alpinismo di alto livello, le pareti nord e l'arrampicata sul ghiaccio. Molto polivalente, seguir\u00e0 anche l'alpinista pi\u00f9 esigente nelle sue avventure. Il\u00a0Vario system\u00a0consente la scelta di varie lame e vari accessori, adatti ad ogni esigenza. Manico in carbon composite (alluminio + carbonio) per ridurre il peso e forma G bone con scanalature laterali per consentire una maggiore resistenza e rigidit\u00e0 con uno spessore inferiore. \u00a0Dispone di un'impugnatura ergonomica e la sua forma aiuta \u00a0a proteggere le dita. Puntale in widia.","robots":{"index":"index","follow":"follow","max-snippet":"max-snippet:-1","max-image-preview":"max-image-preview:large","max-video-preview":"max-video-preview:-1"},"canonical":"https:\/\/www.sestogrado.it\/it\/prodotto\/grivel-the-north-machine-carbon-piccozza-da-ghiaccio\/","og_locale":"it_IT","og_type":"article","og_title":"Grivel The North Machine Carbon piccozza da ghiaccio - Sestogrado","og_description":"La Grivel North Machine Carbon \u00e8 una piccozza con manico super resistente e super leggero in carbon composite. La North Machine \u00e8 la versione pi\u00f9 leggera della Tech Machine, in versione sia paletta sia martello \u00e8 concepita per affrontare le pareti nord pi\u00f9 ambizione, misto alternato, cascate di ghiaccio, dry tooling ed alpinismo tecnico.North Machine \u00e8 una piccozza tecnica progettata per l'alpinismo di alto livello, le pareti nord e l'arrampicata sul ghiaccio. Molto polivalente, seguir\u00e0 anche l'alpinista pi\u00f9 esigente nelle sue avventure. Il\u00a0Vario system\u00a0consente la scelta di varie lame e vari accessori, adatti ad ogni esigenza. Manico in carbon composite (alluminio + carbonio) per ridurre il peso e forma G bone con scanalature laterali per consentire una maggiore resistenza e rigidit\u00e0 con uno spessore inferiore. \u00a0Dispone di un'impugnatura ergonomica e la sua forma aiuta \u00a0a proteggere le dita. Puntale in widia.","og_url":"https:\/\/www.sestogrado.it\/it\/prodotto\/grivel-the-north-machine-carbon-piccozza-da-ghiaccio\/","og_site_name":"Sestogrado","article_publisher":"https:\/\/www.facebook.com\/pages\/Sestogrado\/1542635979353017?ref=bookmarks","article_modified_time":"2026-03-21T00:10:41+00:00","og_image":[{"width":1205,"height":1205,"url":"https:\/\/www.sestogrado.it\/wp-content\/uploads\/2018\/09\/01-15.jpg","type":"image\/jpeg"}],"twitter_misc":{"Disponibilit\u00e0":"In stock"},"schema":{"@context":"https:\/\/schema.org","@graph":[{"@type":"WebPage","@id":"https:\/\/www.sestogrado.it\/it\/prodotto\/grivel-the-north-machine-carbon-piccozza-da-ghiaccio\/","url":"https:\/\/www.sestogrado.it\/it\/prodotto\/grivel-the-north-machine-carbon-piccozza-da-ghiaccio\/","name":"Grivel The North Machine Carbon piccozza da ghiaccio - Sestogrado","isPartOf":{"@id":"https:\/\/www.sestogrado.it\/it\/#website"},"primaryImageOfPage":{"@id":"https:\/\/www.sestogrado.it\/it\/prodotto\/grivel-the-north-machine-carbon-piccozza-da-ghiaccio\/#primaryimage"},"image":{"@id":"https:\/\/www.sestogrado.it\/prodotto\/grivel-the-north-machine-carbon-piccozza-da-ghiaccio\/#primaryimage"},"thumbnailUrl":"https:\/\/www.sestogrado.it\/wp-content\/uploads\/2018\/09\/01-15.jpg","datePublished":"2025-02-03T08:00:59+00:00","dateModified":"2026-03-21T00:10:41+00:00","description":"La Grivel North Machine Carbon \u00e8 una piccozza con manico super resistente e super leggero in carbon composite. La North Machine \u00e8 la versione pi\u00f9 leggera della Tech Machine, in versione sia paletta sia martello \u00e8 concepita per affrontare le pareti nord pi\u00f9 ambizione, misto alternato, cascate di ghiaccio, dry tooling ed alpinismo tecnico.North Machine \u00e8 una piccozza tecnica progettata per l'alpinismo di alto livello, le pareti nord e l'arrampicata sul ghiaccio. Molto polivalente, seguir\u00e0 anche l'alpinista pi\u00f9 esigente nelle sue avventure. Il\u00a0Vario system\u00a0consente la scelta di varie lame e vari accessori, adatti ad ogni esigenza. Manico in carbon composite (alluminio + carbonio) per ridurre il peso e forma G bone con scanalature laterali per consentire una maggiore resistenza e rigidit\u00e0 con uno spessore inferiore. \u00a0Dispone di un'impugnatura ergonomica e la sua forma aiuta \u00a0a proteggere le dita. Puntale in widia.","breadcrumb":{"@id":"https:\/\/www.sestogrado.it\/it\/prodotto\/grivel-the-north-machine-carbon-piccozza-da-ghiaccio\/#breadcrumb"},"inLanguage":"it-IT","potentialAction":[{"@type":"ReadAction","target":[["https:\/\/www.sestogrado.it\/it\/prodotto\/grivel-the-north-machine-carbon-piccozza-da-ghiaccio\/"]]}]},{"@type":"ImageObject","inLanguage":"it-IT","@id":"https:\/\/www.sestogrado.it\/it\/prodotto\/grivel-the-north-machine-carbon-piccozza-da-ghiaccio\/#primaryimage","url":"https:\/\/www.sestogrado.it\/wp-content\/uploads\/2018\/09\/01-15.jpg","contentUrl":"https:\/\/www.sestogrado.it\/wp-content\/uploads\/2018\/09\/01-15.jpg","width":1205,"height":1205,"caption":"north machine carbon paletta"},{"@type":"BreadcrumbList","@id":"https:\/\/www.sestogrado.it\/it\/prodotto\/grivel-the-north-machine-carbon-piccozza-da-ghiaccio\/#breadcrumb","itemListElement":[{"@type":"ListItem","position":1,"name":"Home","item":"https:\/\/www.sestogrado.it\/it\/"},{"@type":"ListItem","position":2,"name":"Shop","item":"https:\/\/www.sestogrado.it\/it\/shop\/"},{"@type":"ListItem","position":3,"name":"Grivel The North Machine Carbon piccozza da ghiaccio"}]},{"@type":"WebSite","@id":"https:\/\/www.sestogrado.it\/it\/#website","url":"https:\/\/www.sestogrado.it\/it\/","name":"Sestogrado","description":"yes we climb","publisher":{"@id":"https:\/\/www.sestogrado.it\/it\/#organization"},"potentialAction":[{"@type":"SearchAction","target":{"@type":"EntryPoint","urlTemplate":"https:\/\/www.sestogrado.it\/it\/?s={search_term_string}"},"query-input":{"@type":"PropertyValueSpecification","valueRequired":true,"valueName":"search_term_string"}}],"inLanguage":"it-IT"},{"@type":"Organization","@id":"https:\/\/www.sestogrado.it\/it\/#organization","name":"Sestogrado","url":"https:\/\/www.sestogrado.it\/it\/","logo":{"@type":"ImageObject","inLanguage":"it-IT","@id":"https:\/\/www.sestogrado.it\/it\/#\/schema\/logo\/image\/","url":"https:\/\/www.sestogrado.it\/wp-content\/uploads\/2015\/03\/sestogrado-favicon.png","contentUrl":"https:\/\/www.sestogrado.it\/wp-content\/uploads\/2015\/03\/sestogrado-favicon.png","width":260,"height":260,"caption":"Sestogrado"},"image":{"@id":"https:\/\/www.sestogrado.it\/it\/#\/schema\/logo\/image\/"},"sameAs":["https:\/\/www.facebook.com\/pages\/Sestogrado\/1542635979353017?ref=bookmarks","https:\/\/www.youtube.com\/channel\/UC847kAfTkaJsWpc1jtQwr3Q"],"hasMerchantReturnPolicy":{"@type":"MerchantReturnPolicy","merchantReturnLink":"https:\/\/www.sestogrado.it\/it\/termini-e-condizioni\/"}}]},"product_brand":"Grivel","og_availability":"instock","product_availability":"instock","product_condition":"new"},"_links":{"self":[{"href":"https:\/\/www.sestogrado.it\/it\/wp-json\/wp\/v2\/product\/17554","targetHints":{"allow":["GET"]}}],"collection":[{"href":"https:\/\/www.sestogrado.it\/it\/wp-json\/wp\/v2\/product"}],"about":[{"href":"https:\/\/www.sestogrado.it\/it\/wp-json\/wp\/v2\/types\/product"}],"replies":[{"embeddable":true,"href":"https:\/\/www.sestogrado.it\/it\/wp-json\/wp\/v2\/comments?post=17554"}],"wp:featuredmedia":[{"embeddable":true,"href":"https:\/\/www.sestogrado.it\/it\/wp-json\/wp\/v2\/media\/182249"}],"wp:attachment":[{"href":"https:\/\/www.sestogrado.it\/it\/wp-json\/wp\/v2\/media?parent=17554"}],"wp:term":[{"taxonomy":"product_brand","embeddable":true,"href":"https:\/\/www.sestogrado.it\/it\/wp-json\/wp\/v2\/product_brand?post=17554"},{"taxonomy":"product_cat","embeddable":true,"href":"https:\/\/www.sestogrado.it\/it\/wp-json\/wp\/v2\/product_cat?post=17554"},{"taxonomy":"product_tag","embeddable":true,"href":"https:\/\/www.sestogrado.it\/it\/wp-json\/wp\/v2\/product_tag?post=17554"}],"curies":[{"name":"wp","href":"https:\/\/api.w.org\/{rel}","templated":true}]}}