{"id":17550,"date":"2018-09-10T12:40:20","date_gmt":"2018-09-10T10:40:20","guid":{"rendered":"https:\/\/www.sestogrado.it\/?post_type=product&#038;p=17550"},"modified":"2026-03-25T15:20:23","modified_gmt":"2026-03-25T14:20:23","slug":"grivel-the-tech-machine-piccozza-ghiaccio","status":"publish","type":"product","link":"https:\/\/www.sestogrado.it\/it\/prodotto\/grivel-the-tech-machine-piccozza-ghiaccio\/","title":{"rendered":"Grivel The Tech Machine piccozza da ghiaccio"},"content":{"rendered":"<p>La Grivel The Tech Machine \u00e8 la piccozza di alta gamma di Grivel dedicata all&#8217;arrampicata su ghiaccio e per il dry tooling. E&#8217; dotata di un manico\u00a0radicalmente angolato idoneo a superare facilmente rigonfiamenti e i cosiddetti &#8220;cavolfiori&#8221;, permettendo posizionamenti sicuri anche nel ghiaccio pi\u00f9 irregolare.<\/p>\n<p>The Tech Machine, grazie alla lama ICE specificatamente progettata per il ghiaccio ed affinata alle estremit\u00e0, conferisce una penetrazione eccezionale nel ghiaccio pi\u00f9 freddo. Una ulteriore dentatura lungo la parte Tech Machine \u00e8 pronta per scalare sul ghiaccio. Lame intercambiabili con\u00a0Vario System. Manico G bone curvo con resa ottimale su ghiaccio ripido e su cavolfiori. L&#8217;impugnatura disossata in bi-componente per massimo confort.<\/p>\n<ul>\n<li>Attivit\u00e0: arrampicata sul ghiaccio<\/li>\n<li>Materiali \/ costruzione \/ tecnologie: \u00a0testa in\u00a0acciaio, manico in alluminio, impugnatura in gomma e plastica<\/li>\n<li>Certificazione: CE EN 13089, type 2, UIAA 152<\/li>\n<li>Lama in dotazione: Ice Vario<\/li>\n<li>Lame utilizzabili: Total Ice\u00a0Vario,\u00a0Total Dry Vario<\/li>\n<li>Peso: 635 g (22,4 once)<\/li>\n<li>Misura:\u00a049 cm<\/li>\n<\/ul>\n<p>La Grivel The Tech Machine \u00e8 un prodotto tecnico di nuova generazione con una distribuzione del peso eccellente, in grado di far lavorare bene la piccozza in aggancio, tecnica e presa.<\/p>\n<p>&nbsp;<\/p>","protected":false},"excerpt":{"rendered":"<p>La Grivel The Tech Machine \u00e8 la piccozza di alta gamma di Grivel dedicata all&#8217;arrampicata su ghiaccio e per il [&hellip;]<\/p>\n","protected":false},"featured_media":47678,"comment_status":"open","ping_status":"closed","template":"","meta":{"_acf_changed":false},"product_brand":[126],"product_cat":[152],"product_tag":[414],"class_list":{"0":"post-17550","1":"product","2":"type-product","3":"status-publish","4":"has-post-thumbnail","6":"product_brand-grivel","7":"product_cat-piccozze","8":"product_tag-piccozza-da-ghiaccio","10":"first","11":"instock","12":"sale","13":"taxable","14":"shipping-taxable","15":"purchasable","16":"product-type-simple"},"acf":[],"yoast_head":"<!-- This site is optimized with the Yoast SEO plugin v26.4 - https:\/\/yoast.com\/wordpress\/plugins\/seo\/ -->\n<title>Grivel The Tech Machine piccozza da ghiaccio - Sestogrado<\/title>\n<meta name=\"description\" content=\"La Grivel The Tech Machine \u00e8 la piccozza di alta gamma di Grivel dedicata all&#039;arrampicata su ghiaccio e per il dry tooling. E&#039; dotata di un manico\u00a0radicalmente angolato idoneo a superare facilmente rigonfiamenti e i cosiddetti &quot;cavolfiori&quot;, permettendo posizionamenti sicuri anche nel ghiaccio pi\u00f9 irregolare.\" \/>\n<meta name=\"robots\" content=\"index, follow, max-snippet:-1, max-image-preview:large, max-video-preview:-1\" \/>\n<link rel=\"canonical\" href=\"https:\/\/www.sestogrado.it\/it\/prodotto\/grivel-the-tech-machine-piccozza-ghiaccio\/\" \/>\n<meta property=\"og:locale\" content=\"it_IT\" \/>\n<meta property=\"og:type\" content=\"article\" \/>\n<meta property=\"og:title\" content=\"Grivel The Tech Machine piccozza da ghiaccio - Sestogrado\" \/>\n<meta property=\"og:description\" content=\"La Grivel The Tech Machine \u00e8 la piccozza di alta gamma di Grivel dedicata all&#039;arrampicata su ghiaccio e per il dry tooling. E&#039; dotata di un manico\u00a0radicalmente angolato idoneo a superare facilmente rigonfiamenti e i cosiddetti &quot;cavolfiori&quot;, permettendo posizionamenti sicuri anche nel ghiaccio pi\u00f9 irregolare.\" \/>\n<meta property=\"og:url\" content=\"https:\/\/www.sestogrado.it\/it\/prodotto\/grivel-the-tech-machine-piccozza-ghiaccio\/\" \/>\n<meta property=\"og:site_name\" content=\"Sestogrado\" \/>\n<meta property=\"article:publisher\" content=\"https:\/\/www.facebook.com\/pages\/Sestogrado\/1542635979353017?ref=bookmarks\" \/>\n<meta property=\"article:modified_time\" content=\"2026-03-25T14:20:23+00:00\" \/>\n<meta property=\"og:image\" content=\"https:\/\/www.sestogrado.it\/wp-content\/uploads\/2018\/09\/01-tech.jpg\" \/>\n\t<meta property=\"og:image:width\" content=\"1406\" \/>\n\t<meta property=\"og:image:height\" content=\"1407\" \/>\n\t<meta property=\"og:image:type\" content=\"image\/jpeg\" \/>\n<meta name=\"twitter:label1\" content=\"Prezzo\" \/>\n\t<meta name=\"twitter:data1\" content=\"&euro;&nbsp;207,90\" \/>\n\t<meta name=\"twitter:label2\" content=\"Disponibilit\u00e0\" \/>\n\t<meta name=\"twitter:data2\" content=\"In stock\" \/>\n<script type=\"application\/ld+json\" class=\"yoast-schema-graph\">{\"@context\":\"https:\/\/schema.org\",\"@graph\":[{\"@type\":\"WebPage\",\"@id\":\"https:\/\/www.sestogrado.it\/it\/prodotto\/grivel-the-tech-machine-piccozza-ghiaccio\/\",\"url\":\"https:\/\/www.sestogrado.it\/it\/prodotto\/grivel-the-tech-machine-piccozza-ghiaccio\/\",\"name\":\"Grivel The Tech Machine piccozza da ghiaccio - Sestogrado\",\"isPartOf\":{\"@id\":\"https:\/\/www.sestogrado.it\/it\/#website\"},\"primaryImageOfPage\":{\"@id\":\"https:\/\/www.sestogrado.it\/it\/prodotto\/grivel-the-tech-machine-piccozza-ghiaccio\/#primaryimage\"},\"image\":{\"@id\":\"https:\/\/www.sestogrado.it\/prodotto\/grivel-the-tech-machine-piccozza-ghiaccio\/#primaryimage\"},\"thumbnailUrl\":\"https:\/\/www.sestogrado.it\/wp-content\/uploads\/2018\/09\/01-tech.jpg\",\"datePublished\":\"2018-09-10T10:40:20+00:00\",\"dateModified\":\"2026-03-25T14:20:23+00:00\",\"description\":\"La Grivel The Tech Machine \u00e8 la piccozza di alta gamma di Grivel dedicata all'arrampicata su ghiaccio e per il dry tooling. E' dotata di un manico\u00a0radicalmente angolato idoneo a superare facilmente rigonfiamenti e i cosiddetti \\\"cavolfiori\\\", permettendo posizionamenti sicuri anche nel ghiaccio pi\u00f9 irregolare.\",\"breadcrumb\":{\"@id\":\"https:\/\/www.sestogrado.it\/it\/prodotto\/grivel-the-tech-machine-piccozza-ghiaccio\/#breadcrumb\"},\"inLanguage\":\"it-IT\",\"potentialAction\":[{\"@type\":\"ReadAction\",\"target\":[[\"https:\/\/www.sestogrado.it\/it\/prodotto\/grivel-the-tech-machine-piccozza-ghiaccio\/\"]]}]},{\"@type\":\"ImageObject\",\"inLanguage\":\"it-IT\",\"@id\":\"https:\/\/www.sestogrado.it\/it\/prodotto\/grivel-the-tech-machine-piccozza-ghiaccio\/#primaryimage\",\"url\":\"https:\/\/www.sestogrado.it\/wp-content\/uploads\/2018\/09\/01-tech.jpg\",\"contentUrl\":\"https:\/\/www.sestogrado.it\/wp-content\/uploads\/2018\/09\/01-tech.jpg\",\"width\":1406,\"height\":1407,\"caption\":\"the tech machine\"},{\"@type\":\"BreadcrumbList\",\"@id\":\"https:\/\/www.sestogrado.it\/it\/prodotto\/grivel-the-tech-machine-piccozza-ghiaccio\/#breadcrumb\",\"itemListElement\":[{\"@type\":\"ListItem\",\"position\":1,\"name\":\"Home\",\"item\":\"https:\/\/www.sestogrado.it\/it\/\"},{\"@type\":\"ListItem\",\"position\":2,\"name\":\"Shop\",\"item\":\"https:\/\/www.sestogrado.it\/it\/shop\/\"},{\"@type\":\"ListItem\",\"position\":3,\"name\":\"Grivel The Tech Machine piccozza da ghiaccio\"}]},{\"@type\":\"WebSite\",\"@id\":\"https:\/\/www.sestogrado.it\/it\/#website\",\"url\":\"https:\/\/www.sestogrado.it\/it\/\",\"name\":\"Sestogrado\",\"description\":\"yes we climb\",\"publisher\":{\"@id\":\"https:\/\/www.sestogrado.it\/it\/#organization\"},\"potentialAction\":[{\"@type\":\"SearchAction\",\"target\":{\"@type\":\"EntryPoint\",\"urlTemplate\":\"https:\/\/www.sestogrado.it\/it\/?s={search_term_string}\"},\"query-input\":{\"@type\":\"PropertyValueSpecification\",\"valueRequired\":true,\"valueName\":\"search_term_string\"}}],\"inLanguage\":\"it-IT\"},{\"@type\":\"Organization\",\"@id\":\"https:\/\/www.sestogrado.it\/it\/#organization\",\"name\":\"Sestogrado\",\"url\":\"https:\/\/www.sestogrado.it\/it\/\",\"logo\":{\"@type\":\"ImageObject\",\"inLanguage\":\"it-IT\",\"@id\":\"https:\/\/www.sestogrado.it\/it\/#\/schema\/logo\/image\/\",\"url\":\"https:\/\/www.sestogrado.it\/wp-content\/uploads\/2015\/03\/sestogrado-favicon.png\",\"contentUrl\":\"https:\/\/www.sestogrado.it\/wp-content\/uploads\/2015\/03\/sestogrado-favicon.png\",\"width\":260,\"height\":260,\"caption\":\"Sestogrado\"},\"image\":{\"@id\":\"https:\/\/www.sestogrado.it\/it\/#\/schema\/logo\/image\/\"},\"sameAs\":[\"https:\/\/www.facebook.com\/pages\/Sestogrado\/1542635979353017?ref=bookmarks\",\"https:\/\/www.youtube.com\/channel\/UC847kAfTkaJsWpc1jtQwr3Q\"],\"hasMerchantReturnPolicy\":{\"@type\":\"MerchantReturnPolicy\",\"merchantReturnLink\":\"https:\/\/www.sestogrado.it\/it\/termini-e-condizioni\/\"}}]}<\/script>\n<meta property=\"product:brand\" content=\"Grivel\" \/>\n<meta property=\"product:price:amount\" content=\"207.90\" \/>\n<meta property=\"product:price:currency\" content=\"EUR\" \/>\n<meta property=\"og:availability\" content=\"instock\" \/>\n<meta property=\"product:availability\" content=\"instock\" \/>\n<meta property=\"product:condition\" content=\"new\" \/>\n<!-- \/ Yoast SEO plugin. -->","yoast_head_json":{"title":"Grivel The Tech Machine piccozza da ghiaccio - Sestogrado","description":"La Grivel The Tech Machine \u00e8 la piccozza di alta gamma di Grivel dedicata all'arrampicata su ghiaccio e per il dry tooling. E' dotata di un manico\u00a0radicalmente angolato idoneo a superare facilmente rigonfiamenti e i cosiddetti \"cavolfiori\", permettendo posizionamenti sicuri anche nel ghiaccio pi\u00f9 irregolare.","robots":{"index":"index","follow":"follow","max-snippet":"max-snippet:-1","max-image-preview":"max-image-preview:large","max-video-preview":"max-video-preview:-1"},"canonical":"https:\/\/www.sestogrado.it\/it\/prodotto\/grivel-the-tech-machine-piccozza-ghiaccio\/","og_locale":"it_IT","og_type":"article","og_title":"Grivel The Tech Machine piccozza da ghiaccio - Sestogrado","og_description":"La Grivel The Tech Machine \u00e8 la piccozza di alta gamma di Grivel dedicata all'arrampicata su ghiaccio e per il dry tooling. E' dotata di un manico\u00a0radicalmente angolato idoneo a superare facilmente rigonfiamenti e i cosiddetti \"cavolfiori\", permettendo posizionamenti sicuri anche nel ghiaccio pi\u00f9 irregolare.","og_url":"https:\/\/www.sestogrado.it\/it\/prodotto\/grivel-the-tech-machine-piccozza-ghiaccio\/","og_site_name":"Sestogrado","article_publisher":"https:\/\/www.facebook.com\/pages\/Sestogrado\/1542635979353017?ref=bookmarks","article_modified_time":"2026-03-25T14:20:23+00:00","og_image":[{"width":1406,"height":1407,"url":"https:\/\/www.sestogrado.it\/wp-content\/uploads\/2018\/09\/01-tech.jpg","type":"image\/jpeg"}],"twitter_misc":{"Prezzo":"&euro;&nbsp;207,90","Disponibilit\u00e0":"In stock"},"schema":{"@context":"https:\/\/schema.org","@graph":[{"@type":"WebPage","@id":"https:\/\/www.sestogrado.it\/it\/prodotto\/grivel-the-tech-machine-piccozza-ghiaccio\/","url":"https:\/\/www.sestogrado.it\/it\/prodotto\/grivel-the-tech-machine-piccozza-ghiaccio\/","name":"Grivel The Tech Machine piccozza da ghiaccio - Sestogrado","isPartOf":{"@id":"https:\/\/www.sestogrado.it\/it\/#website"},"primaryImageOfPage":{"@id":"https:\/\/www.sestogrado.it\/it\/prodotto\/grivel-the-tech-machine-piccozza-ghiaccio\/#primaryimage"},"image":{"@id":"https:\/\/www.sestogrado.it\/prodotto\/grivel-the-tech-machine-piccozza-ghiaccio\/#primaryimage"},"thumbnailUrl":"https:\/\/www.sestogrado.it\/wp-content\/uploads\/2018\/09\/01-tech.jpg","datePublished":"2018-09-10T10:40:20+00:00","dateModified":"2026-03-25T14:20:23+00:00","description":"La Grivel The Tech Machine \u00e8 la piccozza di alta gamma di Grivel dedicata all'arrampicata su ghiaccio e per il dry tooling. E' dotata di un manico\u00a0radicalmente angolato idoneo a superare facilmente rigonfiamenti e i cosiddetti \"cavolfiori\", permettendo posizionamenti sicuri anche nel ghiaccio pi\u00f9 irregolare.","breadcrumb":{"@id":"https:\/\/www.sestogrado.it\/it\/prodotto\/grivel-the-tech-machine-piccozza-ghiaccio\/#breadcrumb"},"inLanguage":"it-IT","potentialAction":[{"@type":"ReadAction","target":[["https:\/\/www.sestogrado.it\/it\/prodotto\/grivel-the-tech-machine-piccozza-ghiaccio\/"]]}]},{"@type":"ImageObject","inLanguage":"it-IT","@id":"https:\/\/www.sestogrado.it\/it\/prodotto\/grivel-the-tech-machine-piccozza-ghiaccio\/#primaryimage","url":"https:\/\/www.sestogrado.it\/wp-content\/uploads\/2018\/09\/01-tech.jpg","contentUrl":"https:\/\/www.sestogrado.it\/wp-content\/uploads\/2018\/09\/01-tech.jpg","width":1406,"height":1407,"caption":"the tech machine"},{"@type":"BreadcrumbList","@id":"https:\/\/www.sestogrado.it\/it\/prodotto\/grivel-the-tech-machine-piccozza-ghiaccio\/#breadcrumb","itemListElement":[{"@type":"ListItem","position":1,"name":"Home","item":"https:\/\/www.sestogrado.it\/it\/"},{"@type":"ListItem","position":2,"name":"Shop","item":"https:\/\/www.sestogrado.it\/it\/shop\/"},{"@type":"ListItem","position":3,"name":"Grivel The Tech Machine piccozza da ghiaccio"}]},{"@type":"WebSite","@id":"https:\/\/www.sestogrado.it\/it\/#website","url":"https:\/\/www.sestogrado.it\/it\/","name":"Sestogrado","description":"yes we climb","publisher":{"@id":"https:\/\/www.sestogrado.it\/it\/#organization"},"potentialAction":[{"@type":"SearchAction","target":{"@type":"EntryPoint","urlTemplate":"https:\/\/www.sestogrado.it\/it\/?s={search_term_string}"},"query-input":{"@type":"PropertyValueSpecification","valueRequired":true,"valueName":"search_term_string"}}],"inLanguage":"it-IT"},{"@type":"Organization","@id":"https:\/\/www.sestogrado.it\/it\/#organization","name":"Sestogrado","url":"https:\/\/www.sestogrado.it\/it\/","logo":{"@type":"ImageObject","inLanguage":"it-IT","@id":"https:\/\/www.sestogrado.it\/it\/#\/schema\/logo\/image\/","url":"https:\/\/www.sestogrado.it\/wp-content\/uploads\/2015\/03\/sestogrado-favicon.png","contentUrl":"https:\/\/www.sestogrado.it\/wp-content\/uploads\/2015\/03\/sestogrado-favicon.png","width":260,"height":260,"caption":"Sestogrado"},"image":{"@id":"https:\/\/www.sestogrado.it\/it\/#\/schema\/logo\/image\/"},"sameAs":["https:\/\/www.facebook.com\/pages\/Sestogrado\/1542635979353017?ref=bookmarks","https:\/\/www.youtube.com\/channel\/UC847kAfTkaJsWpc1jtQwr3Q"],"hasMerchantReturnPolicy":{"@type":"MerchantReturnPolicy","merchantReturnLink":"https:\/\/www.sestogrado.it\/it\/termini-e-condizioni\/"}}]},"product_brand":"Grivel","product_price_amount":"207.90","product_price_currency":"EUR","og_availability":"instock","product_availability":"instock","product_condition":"new"},"_links":{"self":[{"href":"https:\/\/www.sestogrado.it\/it\/wp-json\/wp\/v2\/product\/17550","targetHints":{"allow":["GET"]}}],"collection":[{"href":"https:\/\/www.sestogrado.it\/it\/wp-json\/wp\/v2\/product"}],"about":[{"href":"https:\/\/www.sestogrado.it\/it\/wp-json\/wp\/v2\/types\/product"}],"replies":[{"embeddable":true,"href":"https:\/\/www.sestogrado.it\/it\/wp-json\/wp\/v2\/comments?post=17550"}],"wp:featuredmedia":[{"embeddable":true,"href":"https:\/\/www.sestogrado.it\/it\/wp-json\/wp\/v2\/media\/47678"}],"wp:attachment":[{"href":"https:\/\/www.sestogrado.it\/it\/wp-json\/wp\/v2\/media?parent=17550"}],"wp:term":[{"taxonomy":"product_brand","embeddable":true,"href":"https:\/\/www.sestogrado.it\/it\/wp-json\/wp\/v2\/product_brand?post=17550"},{"taxonomy":"product_cat","embeddable":true,"href":"https:\/\/www.sestogrado.it\/it\/wp-json\/wp\/v2\/product_cat?post=17550"},{"taxonomy":"product_tag","embeddable":true,"href":"https:\/\/www.sestogrado.it\/it\/wp-json\/wp\/v2\/product_tag?post=17550"}],"curies":[{"name":"wp","href":"https:\/\/api.w.org\/{rel}","templated":true}]}}