{"id":175100,"date":"2024-11-26T08:55:27","date_gmt":"2024-11-26T07:55:27","guid":{"rendered":"https:\/\/www.sestogrado.it\/?post_type=product&#038;p=175100"},"modified":"2026-01-07T13:31:24","modified_gmt":"2026-01-07T12:31:24","slug":"ferrate-in-lombardia","status":"publish","type":"product","link":"https:\/\/www.sestogrado.it\/it\/prodotto\/ferrate-in-lombardia\/","title":{"rendered":"Ferrate in Lombardia"},"content":{"rendered":"<p><em>40 itinerari sulle Alpi e Prealpi di Varese, Lecco, Como, Sondrio, Bergamo e Brescia + Traversata alta delle Grigne e Sentiero Roma<\/em><\/p>\n<p>C\u2019\u00e8 un pubblico di appassionati di montagna, che ama le vie ferrate: percorsi attrezzati con cavi metallici, ancoraggi fissi di vario genere, scalette e ponti sospesi che rendono pi\u00f9 abbordabile agli alpinisti una parete rocciosa, consentendo di percorrerla con maggiore facilit\u00e0 e di raggiungere vette pi\u00f9 o meno elevate.\u00a0<strong>Le vie ferrate hanno un passato glorioso e sono state rivalutate notevolmente dal turismo legato all\u2019arrampicata con il trascorrere del tempo<\/strong>.<\/p>\n<p><strong>Oggi le vie ferrate rappresentano un\u2019attivit\u00e0 ricreativa accessibile a molti sportivi<\/strong>\u00a0e, con questo libro, l\u2019autore, esperta Guida Alpina,\u00a0<strong>presenta e descrive in modo accurato tutti gli itinerari lombardi, andando a descriverne oltre alle necessarie informazioni logistiche anche lo stato di attrezzatura e manutenzione<\/strong>. Nella guida inoltre sono presenti\u00a0<strong>preziosi consigli sulle corrette tecniche di sicurezza e di progressione<\/strong>, espresse in modo chiaro e semplice, per permettere anche all\u2019utente meno esperto di eseguirle in modo corretto.<\/p>\n<p>L\u2019obiettivo \u00e8 quello di\u00a0<strong>offrire al pubblico informazioni di qualit\u00e0, liberandolo dalle incertezze di una ricerca sul web<\/strong>, fino a oggi principale fonte di informazioni. Non tutti infatti sono in grado di discernere la qualit\u00e0 delle informazioni su internet,\u00a0<strong>in una attivit\u00e0 il cui margine di rischio \u00e8 reale come in tutte le attivit\u00e0 alpinistiche<\/strong>, in particolare in questa che pare (e in parte lo \u00e8) abbordabile da un pubblico di alpinisti meno esperti.<\/p>\n<p><strong>Andrea \u201cBedoii\u201d Car\u00ec<\/strong>. Finiti gli studi in Psicologia e Psicoterapia, trasforma la passione per la montagna, avuta fin dalla nascita e trasmessa dal padre, in professione diventando Guida Alpina e fondando il gruppo\u00a0<em>Mountain Dream Guide<\/em>\u00a0in Valsassina. Il passaggio era obbligato perch\u00e9 come ama dire Andrea \u201calcune professioni\u201d non le scegliamo ma le abbiamo scritte direttamente nel DNA. Ha arrampicato e scalato montagne in giro per il mondo, ma quelle di casa ovvero le Orobie e le Grigne sono il suo terreno di gioco preferito, aprendo molte nuove vie di arrampicata e falesie, negli angoli pi\u00f9 selvaggi e nascosti.<br \/>\nA 18 anni, seguendo sempre le impronte del padre e della sorella \u00e8 entrato nel Soccorso Alpino e in 25 anni di interventi e soccorsi, ha messo a disposizione le competenze frutto sia degli studi universitari che della passione per la cinofilia, facendo il formatore psicologo e l\u2019elisoccorritore cinofilo da valanga. Negli ultimi anni presso la sede del Gruppo Mountain Dream Guide insieme ad altri colleghi si \u00e8 specializzato nella creazione e risistemazione di vie ferrate e in \u00a0orsi di formazione per nuovi appassionati di questa disciplina.<\/p>\n<div class=\"embed-responsive embed-responsive-16by9\"><iframe title=\"FERRATE in LOMBARDIA\" src=\"https:\/\/e.issuu.com\/embed.html?u=edizioni_versante_sud&#038;d=ferrateinlombardia_ita_issuu\" style=\"border:none; width: 500px; height: 383px;\" allow=\"clipboard-write,allow-top-navigation,allow-top-navigation-by-user-activation,allow-downloads,allow-scripts,allow-same-origin,allow-popups,allow-modals,allow-popups-to-escape-sandbox,allow-forms\"  allowfullscreen=\"true\"><\/iframe><\/div>\n<p>Questa guida, una volta acquistata, \u00e8 scaricabile in pdf:<\/p>\n<p><img decoding=\"async\" class=\"img-fluid alignnone wp-image-152760 \" src=\"https:\/\/www.sestogrado.it\/wp-content\/uploads\/2024\/01\/02-1.jpg\" alt=\"guida pdf\" width=\"1063\" height=\"612\" srcset=\"https:\/\/www.sestogrado.it\/wp-content\/uploads\/2024\/01\/02-1.jpg 1200w, https:\/\/www.sestogrado.it\/wp-content\/uploads\/2024\/01\/02-1-750x432.jpg 750w, https:\/\/www.sestogrado.it\/wp-content\/uploads\/2024\/01\/02-1-300x173.jpg 300w, https:\/\/www.sestogrado.it\/wp-content\/uploads\/2024\/01\/02-1-1024x590.jpg 1024w, https:\/\/www.sestogrado.it\/wp-content\/uploads\/2024\/01\/02-1-768x442.jpg 768w, https:\/\/www.sestogrado.it\/wp-content\/uploads\/2024\/01\/02-1-139x80.jpg 139w, https:\/\/www.sestogrado.it\/wp-content\/uploads\/2024\/01\/02-1-104x60.jpg 104w, https:\/\/www.sestogrado.it\/wp-content\/uploads\/2024\/01\/02-1-156x90.jpg 156w\" sizes=\"(max-width: 1063px) 100vw, 1063px\" \/><\/p>\n<p>&nbsp;<\/p>\n<p>Versante Sud \u00e8 una casa editrice specializzata in guide di arrampicata, alpinismo, escursionismo, mtb e outdoor. Centinaia di titoli e libri sui migliori spot di arrampicata in Italia e nel mondo.<\/p>","protected":false},"excerpt":{"rendered":"<p>40 itinerari sulle Alpi e Prealpi di Varese, Lecco, Como, Sondrio, Bergamo e Brescia + Traversata alta delle Grigne e [&hellip;]<\/p>\n","protected":false},"featured_media":175101,"comment_status":"open","ping_status":"closed","template":"","meta":{"_acf_changed":false},"product_brand":[99],"product_cat":[98],"product_tag":[],"class_list":{"0":"post-175100","1":"product","2":"type-product","3":"status-publish","4":"has-post-thumbnail","6":"product_brand-versante-sud","7":"product_cat-libri","9":"first","10":"instock","11":"taxable","12":"shipping-taxable","13":"purchasable","14":"product-type-simple"},"acf":[],"yoast_head":"<!-- This site is optimized with the Yoast SEO plugin v26.4 - https:\/\/yoast.com\/wordpress\/plugins\/seo\/ -->\n<title>Ferrate in Lombardia - Sestogrado<\/title>\n<meta name=\"description\" content=\"40 itinerari sulle Alpi e Prealpi di Varese, Lecco, Como, Sondrio, Bergamo e Brescia + Traversata alta delle Grigne e Sentiero RomaC\u2019\u00e8 un pubblico di appassionati di montagna, che ama le vie ferrate: percorsi attrezzati con cavi metallici, ancoraggi fissi di vario genere, scalette e ponti sospesi che rendono pi\u00f9 abbordabile agli alpinisti una parete rocciosa, consentendo di percorrerla con maggiore facilit\u00e0 e di raggiungere vette pi\u00f9 o meno elevate.\u00a0Le vie ferrate hanno un passato glorioso e sono state rivalutate notevolmente dal turismo legato all\u2019arrampicata con il trascorrere del tempo.Oggi le vie ferrate rappresentano un\u2019attivit\u00e0 ricreativa accessibile a molti sportivi\u00a0e, con questo libro, l\u2019autore, esperta Guida Alpina,\u00a0presenta e descrive in modo accurato tutti gli itinerari lombardi, andando a descriverne oltre alle necessarie informazioni logistiche anche lo stato di attrezzatura e manutenzione. Nella guida inoltre sono presenti\u00a0preziosi consigli sulle corrette tecniche di sicurezza e di progressione, espresse in modo chiaro e semplice, per permettere anche all\u2019utente meno esperto di eseguirle in modo corretto.\" \/>\n<meta name=\"robots\" content=\"index, follow, max-snippet:-1, max-image-preview:large, max-video-preview:-1\" \/>\n<link rel=\"canonical\" href=\"https:\/\/www.sestogrado.it\/it\/prodotto\/ferrate-in-lombardia\/\" \/>\n<meta property=\"og:locale\" content=\"it_IT\" \/>\n<meta property=\"og:type\" content=\"article\" \/>\n<meta property=\"og:title\" content=\"Ferrate in Lombardia - Sestogrado\" \/>\n<meta property=\"og:description\" content=\"40 itinerari sulle Alpi e Prealpi di Varese, Lecco, Como, Sondrio, Bergamo e Brescia + Traversata alta delle Grigne e Sentiero RomaC\u2019\u00e8 un pubblico di appassionati di montagna, che ama le vie ferrate: percorsi attrezzati con cavi metallici, ancoraggi fissi di vario genere, scalette e ponti sospesi che rendono pi\u00f9 abbordabile agli alpinisti una parete rocciosa, consentendo di percorrerla con maggiore facilit\u00e0 e di raggiungere vette pi\u00f9 o meno elevate.\u00a0Le vie ferrate hanno un passato glorioso e sono state rivalutate notevolmente dal turismo legato all\u2019arrampicata con il trascorrere del tempo.Oggi le vie ferrate rappresentano un\u2019attivit\u00e0 ricreativa accessibile a molti sportivi\u00a0e, con questo libro, l\u2019autore, esperta Guida Alpina,\u00a0presenta e descrive in modo accurato tutti gli itinerari lombardi, andando a descriverne oltre alle necessarie informazioni logistiche anche lo stato di attrezzatura e manutenzione. Nella guida inoltre sono presenti\u00a0preziosi consigli sulle corrette tecniche di sicurezza e di progressione, espresse in modo chiaro e semplice, per permettere anche all\u2019utente meno esperto di eseguirle in modo corretto.\" \/>\n<meta property=\"og:url\" content=\"https:\/\/www.sestogrado.it\/it\/prodotto\/ferrate-in-lombardia\/\" \/>\n<meta property=\"og:site_name\" content=\"Sestogrado\" \/>\n<meta property=\"article:publisher\" content=\"https:\/\/www.facebook.com\/pages\/Sestogrado\/1542635979353017?ref=bookmarks\" \/>\n<meta property=\"article:modified_time\" content=\"2026-01-07T12:31:24+00:00\" \/>\n<meta property=\"og:image\" content=\"https:\/\/www.sestogrado.it\/wp-content\/uploads\/2024\/11\/lombardia.jpg\" \/>\n\t<meta property=\"og:image:width\" content=\"900\" \/>\n\t<meta property=\"og:image:height\" content=\"900\" \/>\n\t<meta property=\"og:image:type\" content=\"image\/jpeg\" \/>\n<meta name=\"twitter:label1\" content=\"Prezzo\" \/>\n\t<meta name=\"twitter:data1\" content=\"&euro;&nbsp;32,00\" \/>\n\t<meta name=\"twitter:label2\" content=\"Disponibilit\u00e0\" \/>\n\t<meta name=\"twitter:data2\" content=\"In stock\" \/>\n<script type=\"application\/ld+json\" class=\"yoast-schema-graph\">{\"@context\":\"https:\/\/schema.org\",\"@graph\":[{\"@type\":\"WebPage\",\"@id\":\"https:\/\/www.sestogrado.it\/it\/prodotto\/ferrate-in-lombardia\/\",\"url\":\"https:\/\/www.sestogrado.it\/it\/prodotto\/ferrate-in-lombardia\/\",\"name\":\"Ferrate in Lombardia - Sestogrado\",\"isPartOf\":{\"@id\":\"https:\/\/www.sestogrado.it\/it\/#website\"},\"primaryImageOfPage\":{\"@id\":\"https:\/\/www.sestogrado.it\/it\/prodotto\/ferrate-in-lombardia\/#primaryimage\"},\"image\":{\"@id\":\"https:\/\/www.sestogrado.it\/prodotto\/ferrate-in-lombardia\/#primaryimage\"},\"thumbnailUrl\":\"https:\/\/www.sestogrado.it\/wp-content\/uploads\/2024\/11\/lombardia.jpg\",\"datePublished\":\"2024-11-26T07:55:27+00:00\",\"dateModified\":\"2026-01-07T12:31:24+00:00\",\"description\":\"40 itinerari sulle Alpi e Prealpi di Varese, Lecco, Como, Sondrio, Bergamo e Brescia + Traversata alta delle Grigne e Sentiero RomaC\u2019\u00e8 un pubblico di appassionati di montagna, che ama le vie ferrate: percorsi attrezzati con cavi metallici, ancoraggi fissi di vario genere, scalette e ponti sospesi che rendono pi\u00f9 abbordabile agli alpinisti una parete rocciosa, consentendo di percorrerla con maggiore facilit\u00e0 e di raggiungere vette pi\u00f9 o meno elevate.\u00a0Le vie ferrate hanno un passato glorioso e sono state rivalutate notevolmente dal turismo legato all\u2019arrampicata con il trascorrere del tempo.Oggi le vie ferrate rappresentano un\u2019attivit\u00e0 ricreativa accessibile a molti sportivi\u00a0e, con questo libro, l\u2019autore, esperta Guida Alpina,\u00a0presenta e descrive in modo accurato tutti gli itinerari lombardi, andando a descriverne oltre alle necessarie informazioni logistiche anche lo stato di attrezzatura e manutenzione. Nella guida inoltre sono presenti\u00a0preziosi consigli sulle corrette tecniche di sicurezza e di progressione, espresse in modo chiaro e semplice, per permettere anche all\u2019utente meno esperto di eseguirle in modo corretto.\",\"breadcrumb\":{\"@id\":\"https:\/\/www.sestogrado.it\/it\/prodotto\/ferrate-in-lombardia\/#breadcrumb\"},\"inLanguage\":\"it-IT\",\"potentialAction\":[{\"@type\":\"ReadAction\",\"target\":[[\"https:\/\/www.sestogrado.it\/it\/prodotto\/ferrate-in-lombardia\/\"]]}]},{\"@type\":\"ImageObject\",\"inLanguage\":\"it-IT\",\"@id\":\"https:\/\/www.sestogrado.it\/it\/prodotto\/ferrate-in-lombardia\/#primaryimage\",\"url\":\"https:\/\/www.sestogrado.it\/wp-content\/uploads\/2024\/11\/lombardia.jpg\",\"contentUrl\":\"https:\/\/www.sestogrado.it\/wp-content\/uploads\/2024\/11\/lombardia.jpg\",\"width\":900,\"height\":900,\"caption\":\"ferrate in lombardia\"},{\"@type\":\"BreadcrumbList\",\"@id\":\"https:\/\/www.sestogrado.it\/it\/prodotto\/ferrate-in-lombardia\/#breadcrumb\",\"itemListElement\":[{\"@type\":\"ListItem\",\"position\":1,\"name\":\"Home\",\"item\":\"https:\/\/www.sestogrado.it\/it\/\"},{\"@type\":\"ListItem\",\"position\":2,\"name\":\"Shop\",\"item\":\"https:\/\/www.sestogrado.it\/it\/shop\/\"},{\"@type\":\"ListItem\",\"position\":3,\"name\":\"Ferrate in Lombardia\"}]},{\"@type\":\"WebSite\",\"@id\":\"https:\/\/www.sestogrado.it\/it\/#website\",\"url\":\"https:\/\/www.sestogrado.it\/it\/\",\"name\":\"Sestogrado\",\"description\":\"yes we climb\",\"publisher\":{\"@id\":\"https:\/\/www.sestogrado.it\/it\/#organization\"},\"potentialAction\":[{\"@type\":\"SearchAction\",\"target\":{\"@type\":\"EntryPoint\",\"urlTemplate\":\"https:\/\/www.sestogrado.it\/it\/?s={search_term_string}\"},\"query-input\":{\"@type\":\"PropertyValueSpecification\",\"valueRequired\":true,\"valueName\":\"search_term_string\"}}],\"inLanguage\":\"it-IT\"},{\"@type\":\"Organization\",\"@id\":\"https:\/\/www.sestogrado.it\/it\/#organization\",\"name\":\"Sestogrado\",\"url\":\"https:\/\/www.sestogrado.it\/it\/\",\"logo\":{\"@type\":\"ImageObject\",\"inLanguage\":\"it-IT\",\"@id\":\"https:\/\/www.sestogrado.it\/it\/#\/schema\/logo\/image\/\",\"url\":\"https:\/\/www.sestogrado.it\/wp-content\/uploads\/2015\/03\/sestogrado-favicon.png\",\"contentUrl\":\"https:\/\/www.sestogrado.it\/wp-content\/uploads\/2015\/03\/sestogrado-favicon.png\",\"width\":260,\"height\":260,\"caption\":\"Sestogrado\"},\"image\":{\"@id\":\"https:\/\/www.sestogrado.it\/it\/#\/schema\/logo\/image\/\"},\"sameAs\":[\"https:\/\/www.facebook.com\/pages\/Sestogrado\/1542635979353017?ref=bookmarks\",\"https:\/\/www.youtube.com\/channel\/UC847kAfTkaJsWpc1jtQwr3Q\"],\"hasMerchantReturnPolicy\":{\"@type\":\"MerchantReturnPolicy\",\"merchantReturnLink\":\"https:\/\/www.sestogrado.it\/it\/termini-e-condizioni\/\"}}]}<\/script>\n<meta property=\"product:brand\" content=\"Versante Sud\" \/>\n<meta property=\"product:price:amount\" content=\"32.00\" \/>\n<meta property=\"product:price:currency\" content=\"EUR\" \/>\n<meta property=\"og:availability\" content=\"instock\" \/>\n<meta property=\"product:availability\" content=\"instock\" \/>\n<meta property=\"product:condition\" content=\"new\" \/>\n<!-- \/ Yoast SEO plugin. -->","yoast_head_json":{"title":"Ferrate in Lombardia - Sestogrado","description":"40 itinerari sulle Alpi e Prealpi di Varese, Lecco, Como, Sondrio, Bergamo e Brescia + Traversata alta delle Grigne e Sentiero RomaC\u2019\u00e8 un pubblico di appassionati di montagna, che ama le vie ferrate: percorsi attrezzati con cavi metallici, ancoraggi fissi di vario genere, scalette e ponti sospesi che rendono pi\u00f9 abbordabile agli alpinisti una parete rocciosa, consentendo di percorrerla con maggiore facilit\u00e0 e di raggiungere vette pi\u00f9 o meno elevate.\u00a0Le vie ferrate hanno un passato glorioso e sono state rivalutate notevolmente dal turismo legato all\u2019arrampicata con il trascorrere del tempo.Oggi le vie ferrate rappresentano un\u2019attivit\u00e0 ricreativa accessibile a molti sportivi\u00a0e, con questo libro, l\u2019autore, esperta Guida Alpina,\u00a0presenta e descrive in modo accurato tutti gli itinerari lombardi, andando a descriverne oltre alle necessarie informazioni logistiche anche lo stato di attrezzatura e manutenzione. Nella guida inoltre sono presenti\u00a0preziosi consigli sulle corrette tecniche di sicurezza e di progressione, espresse in modo chiaro e semplice, per permettere anche all\u2019utente meno esperto di eseguirle in modo corretto.","robots":{"index":"index","follow":"follow","max-snippet":"max-snippet:-1","max-image-preview":"max-image-preview:large","max-video-preview":"max-video-preview:-1"},"canonical":"https:\/\/www.sestogrado.it\/it\/prodotto\/ferrate-in-lombardia\/","og_locale":"it_IT","og_type":"article","og_title":"Ferrate in Lombardia - Sestogrado","og_description":"40 itinerari sulle Alpi e Prealpi di Varese, Lecco, Como, Sondrio, Bergamo e Brescia + Traversata alta delle Grigne e Sentiero RomaC\u2019\u00e8 un pubblico di appassionati di montagna, che ama le vie ferrate: percorsi attrezzati con cavi metallici, ancoraggi fissi di vario genere, scalette e ponti sospesi che rendono pi\u00f9 abbordabile agli alpinisti una parete rocciosa, consentendo di percorrerla con maggiore facilit\u00e0 e di raggiungere vette pi\u00f9 o meno elevate.\u00a0Le vie ferrate hanno un passato glorioso e sono state rivalutate notevolmente dal turismo legato all\u2019arrampicata con il trascorrere del tempo.Oggi le vie ferrate rappresentano un\u2019attivit\u00e0 ricreativa accessibile a molti sportivi\u00a0e, con questo libro, l\u2019autore, esperta Guida Alpina,\u00a0presenta e descrive in modo accurato tutti gli itinerari lombardi, andando a descriverne oltre alle necessarie informazioni logistiche anche lo stato di attrezzatura e manutenzione. Nella guida inoltre sono presenti\u00a0preziosi consigli sulle corrette tecniche di sicurezza e di progressione, espresse in modo chiaro e semplice, per permettere anche all\u2019utente meno esperto di eseguirle in modo corretto.","og_url":"https:\/\/www.sestogrado.it\/it\/prodotto\/ferrate-in-lombardia\/","og_site_name":"Sestogrado","article_publisher":"https:\/\/www.facebook.com\/pages\/Sestogrado\/1542635979353017?ref=bookmarks","article_modified_time":"2026-01-07T12:31:24+00:00","og_image":[{"width":900,"height":900,"url":"https:\/\/www.sestogrado.it\/wp-content\/uploads\/2024\/11\/lombardia.jpg","type":"image\/jpeg"}],"twitter_misc":{"Prezzo":"&euro;&nbsp;32,00","Disponibilit\u00e0":"In stock"},"schema":{"@context":"https:\/\/schema.org","@graph":[{"@type":"WebPage","@id":"https:\/\/www.sestogrado.it\/it\/prodotto\/ferrate-in-lombardia\/","url":"https:\/\/www.sestogrado.it\/it\/prodotto\/ferrate-in-lombardia\/","name":"Ferrate in Lombardia - Sestogrado","isPartOf":{"@id":"https:\/\/www.sestogrado.it\/it\/#website"},"primaryImageOfPage":{"@id":"https:\/\/www.sestogrado.it\/it\/prodotto\/ferrate-in-lombardia\/#primaryimage"},"image":{"@id":"https:\/\/www.sestogrado.it\/prodotto\/ferrate-in-lombardia\/#primaryimage"},"thumbnailUrl":"https:\/\/www.sestogrado.it\/wp-content\/uploads\/2024\/11\/lombardia.jpg","datePublished":"2024-11-26T07:55:27+00:00","dateModified":"2026-01-07T12:31:24+00:00","description":"40 itinerari sulle Alpi e Prealpi di Varese, Lecco, Como, Sondrio, Bergamo e Brescia + Traversata alta delle Grigne e Sentiero RomaC\u2019\u00e8 un pubblico di appassionati di montagna, che ama le vie ferrate: percorsi attrezzati con cavi metallici, ancoraggi fissi di vario genere, scalette e ponti sospesi che rendono pi\u00f9 abbordabile agli alpinisti una parete rocciosa, consentendo di percorrerla con maggiore facilit\u00e0 e di raggiungere vette pi\u00f9 o meno elevate.\u00a0Le vie ferrate hanno un passato glorioso e sono state rivalutate notevolmente dal turismo legato all\u2019arrampicata con il trascorrere del tempo.Oggi le vie ferrate rappresentano un\u2019attivit\u00e0 ricreativa accessibile a molti sportivi\u00a0e, con questo libro, l\u2019autore, esperta Guida Alpina,\u00a0presenta e descrive in modo accurato tutti gli itinerari lombardi, andando a descriverne oltre alle necessarie informazioni logistiche anche lo stato di attrezzatura e manutenzione. Nella guida inoltre sono presenti\u00a0preziosi consigli sulle corrette tecniche di sicurezza e di progressione, espresse in modo chiaro e semplice, per permettere anche all\u2019utente meno esperto di eseguirle in modo corretto.","breadcrumb":{"@id":"https:\/\/www.sestogrado.it\/it\/prodotto\/ferrate-in-lombardia\/#breadcrumb"},"inLanguage":"it-IT","potentialAction":[{"@type":"ReadAction","target":[["https:\/\/www.sestogrado.it\/it\/prodotto\/ferrate-in-lombardia\/"]]}]},{"@type":"ImageObject","inLanguage":"it-IT","@id":"https:\/\/www.sestogrado.it\/it\/prodotto\/ferrate-in-lombardia\/#primaryimage","url":"https:\/\/www.sestogrado.it\/wp-content\/uploads\/2024\/11\/lombardia.jpg","contentUrl":"https:\/\/www.sestogrado.it\/wp-content\/uploads\/2024\/11\/lombardia.jpg","width":900,"height":900,"caption":"ferrate in lombardia"},{"@type":"BreadcrumbList","@id":"https:\/\/www.sestogrado.it\/it\/prodotto\/ferrate-in-lombardia\/#breadcrumb","itemListElement":[{"@type":"ListItem","position":1,"name":"Home","item":"https:\/\/www.sestogrado.it\/it\/"},{"@type":"ListItem","position":2,"name":"Shop","item":"https:\/\/www.sestogrado.it\/it\/shop\/"},{"@type":"ListItem","position":3,"name":"Ferrate in Lombardia"}]},{"@type":"WebSite","@id":"https:\/\/www.sestogrado.it\/it\/#website","url":"https:\/\/www.sestogrado.it\/it\/","name":"Sestogrado","description":"yes we climb","publisher":{"@id":"https:\/\/www.sestogrado.it\/it\/#organization"},"potentialAction":[{"@type":"SearchAction","target":{"@type":"EntryPoint","urlTemplate":"https:\/\/www.sestogrado.it\/it\/?s={search_term_string}"},"query-input":{"@type":"PropertyValueSpecification","valueRequired":true,"valueName":"search_term_string"}}],"inLanguage":"it-IT"},{"@type":"Organization","@id":"https:\/\/www.sestogrado.it\/it\/#organization","name":"Sestogrado","url":"https:\/\/www.sestogrado.it\/it\/","logo":{"@type":"ImageObject","inLanguage":"it-IT","@id":"https:\/\/www.sestogrado.it\/it\/#\/schema\/logo\/image\/","url":"https:\/\/www.sestogrado.it\/wp-content\/uploads\/2015\/03\/sestogrado-favicon.png","contentUrl":"https:\/\/www.sestogrado.it\/wp-content\/uploads\/2015\/03\/sestogrado-favicon.png","width":260,"height":260,"caption":"Sestogrado"},"image":{"@id":"https:\/\/www.sestogrado.it\/it\/#\/schema\/logo\/image\/"},"sameAs":["https:\/\/www.facebook.com\/pages\/Sestogrado\/1542635979353017?ref=bookmarks","https:\/\/www.youtube.com\/channel\/UC847kAfTkaJsWpc1jtQwr3Q"],"hasMerchantReturnPolicy":{"@type":"MerchantReturnPolicy","merchantReturnLink":"https:\/\/www.sestogrado.it\/it\/termini-e-condizioni\/"}}]},"product_brand":"Versante Sud","product_price_amount":"32.00","product_price_currency":"EUR","og_availability":"instock","product_availability":"instock","product_condition":"new"},"_links":{"self":[{"href":"https:\/\/www.sestogrado.it\/it\/wp-json\/wp\/v2\/product\/175100","targetHints":{"allow":["GET"]}}],"collection":[{"href":"https:\/\/www.sestogrado.it\/it\/wp-json\/wp\/v2\/product"}],"about":[{"href":"https:\/\/www.sestogrado.it\/it\/wp-json\/wp\/v2\/types\/product"}],"replies":[{"embeddable":true,"href":"https:\/\/www.sestogrado.it\/it\/wp-json\/wp\/v2\/comments?post=175100"}],"wp:featuredmedia":[{"embeddable":true,"href":"https:\/\/www.sestogrado.it\/it\/wp-json\/wp\/v2\/media\/175101"}],"wp:attachment":[{"href":"https:\/\/www.sestogrado.it\/it\/wp-json\/wp\/v2\/media?parent=175100"}],"wp:term":[{"taxonomy":"product_brand","embeddable":true,"href":"https:\/\/www.sestogrado.it\/it\/wp-json\/wp\/v2\/product_brand?post=175100"},{"taxonomy":"product_cat","embeddable":true,"href":"https:\/\/www.sestogrado.it\/it\/wp-json\/wp\/v2\/product_cat?post=175100"},{"taxonomy":"product_tag","embeddable":true,"href":"https:\/\/www.sestogrado.it\/it\/wp-json\/wp\/v2\/product_tag?post=175100"}],"curies":[{"name":"wp","href":"https:\/\/api.w.org\/{rel}","templated":true}]}}