{"id":17463,"date":"2022-12-27T11:27:42","date_gmt":"2022-12-27T10:27:42","guid":{"rendered":"https:\/\/www.sestogrado.it\/?post_type=product&#038;p=17463"},"modified":"2026-04-22T09:21:23","modified_gmt":"2026-04-22T07:21:23","slug":"black-diamond-pipe-dream-45-zaino-porta-materiale-materassino-incorporato","status":"publish","type":"product","link":"https:\/\/www.sestogrado.it\/it\/prodotto\/black-diamond-pipe-dream-45-zaino-porta-materiale-materassino-incorporato\/","title":{"rendered":"Black Diamond Pipe Dream 45 zaino porta materiale con materassino incorporato"},"content":{"rendered":"<p>Il Black Diamond Pipe Dream 45\u00a0 \u00e8 uno zaino appositamente realizzato per la falesia, estremamente capiente, con i suoi 45 litri \u00e8 in grado di portare tutto il materiale necessario per arrampicare. E&#8217; costruito &#8220;intorno&#8221; ad un crash pad, che una volta srotolato, \u00e8 in grado di fornire un comodo piano di seduta e di riposo tra un tiro e l&#8217;altro.<\/p>\n<p>Con il Pipe Dream 45 le giornate in falesia non sono mai state cos\u00ec comode.\u00a0Lo zaino ha tre punti di chiusura che lo rendono facile da regolare, tasche interne con zip per mettere al sicuro le tue cose pi\u00f9 importanti e alcuni anelli a cui agganciare tutto il tuo materiale. Non \u00e8 certo un crashpad da highball, ma ti protegger\u00e0 quanto basta sui sassi pi\u00f9 bassi, oppure ottimo come rafforzo tra un crashpad voluminoso e l&#8217;altro.<\/p>\n<ul>\n<li>spallacci imbottiti e cintura<\/li>\n<li>sistema di chiusura a tre punti per una facile e sicura regolazione<\/li>\n<li>coperchio removibile<\/li>\n<li>tasca superiore con zip<\/li>\n<li>tasca interna in rete con gancio portachiavi<\/li>\n<li>due portamateriali interni<\/li>\n<li>materassino incorporato<\/li>\n<\/ul>\n<p>&nbsp;<\/p>\n<p>Ideale per chi \u00e8 alla ricerca di uno zaino definitivo da falesia, in grado di farti trascorrere nel maggior comfort possibile le tue giornate in falesia, il Black Diamond Pipe Dream 45 \u00e8 un vero mulo da lavoro, instancabile e ultra resistente.<\/p>\n<p>&nbsp;<\/p>","protected":false},"excerpt":{"rendered":"<p>Il Black Diamond Pipe Dream 45\u00a0 \u00e8 uno zaino appositamente realizzato per la falesia, estremamente capiente, con i suoi 45 [&hellip;]<\/p>\n","protected":false},"featured_media":132741,"comment_status":"open","ping_status":"closed","template":"","meta":{"_acf_changed":false},"product_brand":[121],"product_cat":[390,392],"product_tag":[501,425],"class_list":{"0":"post-17463","1":"product","2":"type-product","3":"status-publish","4":"has-post-thumbnail","6":"product_brand-black-diamond","7":"product_cat-zaini-e-borse-portacorda","8":"product_cat-borse-portacorda","9":"product_tag-crash-pad","10":"product_tag-zaino-portacorda","12":"first","13":"outofstock","14":"sale","15":"taxable","16":"shipping-taxable","17":"purchasable","18":"product-type-simple"},"acf":[],"yoast_head":"<!-- This site is optimized with the Yoast SEO plugin v26.4 - https:\/\/yoast.com\/wordpress\/plugins\/seo\/ -->\n<title>Black Diamond Pipe Dream 45 zaino porta materiale con materassino incorporato - Sestogrado<\/title>\n<meta name=\"description\" content=\"Il Black Diamond Pipe Dream 45\u00a0 \u00e8 uno zaino appositamente realizzato per la falesia, estremamente capiente, con i suoi 45 litri \u00e8 in grado di portare tutto il materiale necessario per arrampicare. E&#039; costruito &quot;intorno&quot; ad un crash pad, che una volta srotolato, \u00e8 in grado di fornire un comodo piano di seduta.\" \/>\n<meta name=\"robots\" content=\"index, follow, max-snippet:-1, max-image-preview:large, max-video-preview:-1\" \/>\n<link rel=\"canonical\" href=\"https:\/\/www.sestogrado.it\/it\/prodotto\/black-diamond-pipe-dream-45-zaino-porta-materiale-materassino-incorporato\/\" \/>\n<meta property=\"og:locale\" content=\"it_IT\" \/>\n<meta property=\"og:type\" content=\"article\" \/>\n<meta property=\"og:title\" content=\"Black Diamond Pipe Dream 45 zaino porta materiale con materassino incorporato - Sestogrado\" \/>\n<meta property=\"og:description\" content=\"Il Black Diamond Pipe Dream 45\u00a0 \u00e8 uno zaino appositamente realizzato per la falesia, estremamente capiente, con i suoi 45 litri \u00e8 in grado di portare tutto il materiale necessario per arrampicare. E&#039; costruito &quot;intorno&quot; ad un crash pad, che una volta srotolato, \u00e8 in grado di fornire un comodo piano di seduta.\" \/>\n<meta property=\"og:url\" content=\"https:\/\/www.sestogrado.it\/it\/prodotto\/black-diamond-pipe-dream-45-zaino-porta-materiale-materassino-incorporato\/\" \/>\n<meta property=\"og:site_name\" content=\"Sestogrado\" \/>\n<meta property=\"article:publisher\" content=\"https:\/\/www.facebook.com\/pages\/Sestogrado\/1542635979353017?ref=bookmarks\" \/>\n<meta property=\"article:modified_time\" content=\"2026-04-22T07:21:23+00:00\" \/>\n<meta property=\"og:image\" content=\"https:\/\/www.sestogrado.it\/wp-content\/uploads\/2022\/12\/01-3.jpg\" \/>\n\t<meta property=\"og:image:width\" content=\"1000\" \/>\n\t<meta property=\"og:image:height\" content=\"1000\" \/>\n\t<meta property=\"og:image:type\" content=\"image\/jpeg\" \/>\n<meta name=\"twitter:label1\" content=\"Prezzo\" \/>\n\t<meta name=\"twitter:data1\" content=\"&euro;&nbsp;119,00\" \/>\n\t<meta name=\"twitter:label2\" content=\"Disponibilit\u00e0\" \/>\n\t<meta name=\"twitter:data2\" content=\"Esaurito\" \/>\n<script type=\"application\/ld+json\" class=\"yoast-schema-graph\">{\"@context\":\"https:\/\/schema.org\",\"@graph\":[{\"@type\":\"WebPage\",\"@id\":\"https:\/\/www.sestogrado.it\/it\/prodotto\/black-diamond-pipe-dream-45-zaino-porta-materiale-materassino-incorporato\/\",\"url\":\"https:\/\/www.sestogrado.it\/it\/prodotto\/black-diamond-pipe-dream-45-zaino-porta-materiale-materassino-incorporato\/\",\"name\":\"Black Diamond Pipe Dream 45 zaino porta materiale con materassino incorporato - Sestogrado\",\"isPartOf\":{\"@id\":\"https:\/\/www.sestogrado.it\/it\/#website\"},\"primaryImageOfPage\":{\"@id\":\"https:\/\/www.sestogrado.it\/it\/prodotto\/black-diamond-pipe-dream-45-zaino-porta-materiale-materassino-incorporato\/#primaryimage\"},\"image\":{\"@id\":\"https:\/\/www.sestogrado.it\/prodotto\/black-diamond-pipe-dream-45-zaino-porta-materiale-materassino-incorporato\/#primaryimage\"},\"thumbnailUrl\":\"https:\/\/www.sestogrado.it\/wp-content\/uploads\/2022\/12\/01-3.jpg\",\"datePublished\":\"2022-12-27T10:27:42+00:00\",\"dateModified\":\"2026-04-22T07:21:23+00:00\",\"description\":\"Il Black Diamond Pipe Dream 45\u00a0 \u00e8 uno zaino appositamente realizzato per la falesia, estremamente capiente, con i suoi 45 litri \u00e8 in grado di portare tutto il materiale necessario per arrampicare. E' costruito \\\"intorno\\\" ad un crash pad, che una volta srotolato, \u00e8 in grado di fornire un comodo piano di seduta.\",\"breadcrumb\":{\"@id\":\"https:\/\/www.sestogrado.it\/it\/prodotto\/black-diamond-pipe-dream-45-zaino-porta-materiale-materassino-incorporato\/#breadcrumb\"},\"inLanguage\":\"it-IT\",\"potentialAction\":[{\"@type\":\"ReadAction\",\"target\":[[\"https:\/\/www.sestogrado.it\/it\/prodotto\/black-diamond-pipe-dream-45-zaino-porta-materiale-materassino-incorporato\/\"]]}]},{\"@type\":\"ImageObject\",\"inLanguage\":\"it-IT\",\"@id\":\"https:\/\/www.sestogrado.it\/it\/prodotto\/black-diamond-pipe-dream-45-zaino-porta-materiale-materassino-incorporato\/#primaryimage\",\"url\":\"https:\/\/www.sestogrado.it\/wp-content\/uploads\/2022\/12\/01-3.jpg\",\"contentUrl\":\"https:\/\/www.sestogrado.it\/wp-content\/uploads\/2022\/12\/01-3.jpg\",\"width\":1000,\"height\":1000,\"caption\":\"pipe dream\"},{\"@type\":\"BreadcrumbList\",\"@id\":\"https:\/\/www.sestogrado.it\/it\/prodotto\/black-diamond-pipe-dream-45-zaino-porta-materiale-materassino-incorporato\/#breadcrumb\",\"itemListElement\":[{\"@type\":\"ListItem\",\"position\":1,\"name\":\"Home\",\"item\":\"https:\/\/www.sestogrado.it\/it\/\"},{\"@type\":\"ListItem\",\"position\":2,\"name\":\"Shop\",\"item\":\"https:\/\/www.sestogrado.it\/it\/shop\/\"},{\"@type\":\"ListItem\",\"position\":3,\"name\":\"Black Diamond Pipe Dream 45 zaino porta materiale con materassino incorporato\"}]},{\"@type\":\"WebSite\",\"@id\":\"https:\/\/www.sestogrado.it\/it\/#website\",\"url\":\"https:\/\/www.sestogrado.it\/it\/\",\"name\":\"Sestogrado\",\"description\":\"yes we climb\",\"publisher\":{\"@id\":\"https:\/\/www.sestogrado.it\/it\/#organization\"},\"potentialAction\":[{\"@type\":\"SearchAction\",\"target\":{\"@type\":\"EntryPoint\",\"urlTemplate\":\"https:\/\/www.sestogrado.it\/it\/?s={search_term_string}\"},\"query-input\":{\"@type\":\"PropertyValueSpecification\",\"valueRequired\":true,\"valueName\":\"search_term_string\"}}],\"inLanguage\":\"it-IT\"},{\"@type\":\"Organization\",\"@id\":\"https:\/\/www.sestogrado.it\/it\/#organization\",\"name\":\"Sestogrado\",\"url\":\"https:\/\/www.sestogrado.it\/it\/\",\"logo\":{\"@type\":\"ImageObject\",\"inLanguage\":\"it-IT\",\"@id\":\"https:\/\/www.sestogrado.it\/it\/#\/schema\/logo\/image\/\",\"url\":\"https:\/\/www.sestogrado.it\/wp-content\/uploads\/2015\/03\/sestogrado-favicon.png\",\"contentUrl\":\"https:\/\/www.sestogrado.it\/wp-content\/uploads\/2015\/03\/sestogrado-favicon.png\",\"width\":260,\"height\":260,\"caption\":\"Sestogrado\"},\"image\":{\"@id\":\"https:\/\/www.sestogrado.it\/it\/#\/schema\/logo\/image\/\"},\"sameAs\":[\"https:\/\/www.facebook.com\/pages\/Sestogrado\/1542635979353017?ref=bookmarks\",\"https:\/\/www.youtube.com\/channel\/UC847kAfTkaJsWpc1jtQwr3Q\"],\"hasMerchantReturnPolicy\":{\"@type\":\"MerchantReturnPolicy\",\"merchantReturnLink\":\"https:\/\/www.sestogrado.it\/it\/termini-e-condizioni\/\"}}]}<\/script>\n<meta property=\"product:brand\" content=\"Black Diamond\" \/>\n<meta property=\"product:price:amount\" content=\"119.00\" \/>\n<meta property=\"product:price:currency\" content=\"EUR\" \/>\n<meta property=\"og:availability\" content=\"out of stock\" \/>\n<meta property=\"product:availability\" content=\"out of stock\" \/>\n<meta property=\"product:condition\" content=\"new\" \/>\n<!-- \/ Yoast SEO plugin. -->","yoast_head_json":{"title":"Black Diamond Pipe Dream 45 zaino porta materiale con materassino incorporato - Sestogrado","description":"Il Black Diamond Pipe Dream 45\u00a0 \u00e8 uno zaino appositamente realizzato per la falesia, estremamente capiente, con i suoi 45 litri \u00e8 in grado di portare tutto il materiale necessario per arrampicare. E' costruito \"intorno\" ad un crash pad, che una volta srotolato, \u00e8 in grado di fornire un comodo piano di seduta.","robots":{"index":"index","follow":"follow","max-snippet":"max-snippet:-1","max-image-preview":"max-image-preview:large","max-video-preview":"max-video-preview:-1"},"canonical":"https:\/\/www.sestogrado.it\/it\/prodotto\/black-diamond-pipe-dream-45-zaino-porta-materiale-materassino-incorporato\/","og_locale":"it_IT","og_type":"article","og_title":"Black Diamond Pipe Dream 45 zaino porta materiale con materassino incorporato - Sestogrado","og_description":"Il Black Diamond Pipe Dream 45\u00a0 \u00e8 uno zaino appositamente realizzato per la falesia, estremamente capiente, con i suoi 45 litri \u00e8 in grado di portare tutto il materiale necessario per arrampicare. E' costruito \"intorno\" ad un crash pad, che una volta srotolato, \u00e8 in grado di fornire un comodo piano di seduta.","og_url":"https:\/\/www.sestogrado.it\/it\/prodotto\/black-diamond-pipe-dream-45-zaino-porta-materiale-materassino-incorporato\/","og_site_name":"Sestogrado","article_publisher":"https:\/\/www.facebook.com\/pages\/Sestogrado\/1542635979353017?ref=bookmarks","article_modified_time":"2026-04-22T07:21:23+00:00","og_image":[{"width":1000,"height":1000,"url":"https:\/\/www.sestogrado.it\/wp-content\/uploads\/2022\/12\/01-3.jpg","type":"image\/jpeg"}],"twitter_misc":{"Prezzo":"&euro;&nbsp;119,00","Disponibilit\u00e0":"Esaurito"},"schema":{"@context":"https:\/\/schema.org","@graph":[{"@type":"WebPage","@id":"https:\/\/www.sestogrado.it\/it\/prodotto\/black-diamond-pipe-dream-45-zaino-porta-materiale-materassino-incorporato\/","url":"https:\/\/www.sestogrado.it\/it\/prodotto\/black-diamond-pipe-dream-45-zaino-porta-materiale-materassino-incorporato\/","name":"Black Diamond Pipe Dream 45 zaino porta materiale con materassino incorporato - Sestogrado","isPartOf":{"@id":"https:\/\/www.sestogrado.it\/it\/#website"},"primaryImageOfPage":{"@id":"https:\/\/www.sestogrado.it\/it\/prodotto\/black-diamond-pipe-dream-45-zaino-porta-materiale-materassino-incorporato\/#primaryimage"},"image":{"@id":"https:\/\/www.sestogrado.it\/prodotto\/black-diamond-pipe-dream-45-zaino-porta-materiale-materassino-incorporato\/#primaryimage"},"thumbnailUrl":"https:\/\/www.sestogrado.it\/wp-content\/uploads\/2022\/12\/01-3.jpg","datePublished":"2022-12-27T10:27:42+00:00","dateModified":"2026-04-22T07:21:23+00:00","description":"Il Black Diamond Pipe Dream 45\u00a0 \u00e8 uno zaino appositamente realizzato per la falesia, estremamente capiente, con i suoi 45 litri \u00e8 in grado di portare tutto il materiale necessario per arrampicare. E' costruito \"intorno\" ad un crash pad, che una volta srotolato, \u00e8 in grado di fornire un comodo piano di seduta.","breadcrumb":{"@id":"https:\/\/www.sestogrado.it\/it\/prodotto\/black-diamond-pipe-dream-45-zaino-porta-materiale-materassino-incorporato\/#breadcrumb"},"inLanguage":"it-IT","potentialAction":[{"@type":"ReadAction","target":[["https:\/\/www.sestogrado.it\/it\/prodotto\/black-diamond-pipe-dream-45-zaino-porta-materiale-materassino-incorporato\/"]]}]},{"@type":"ImageObject","inLanguage":"it-IT","@id":"https:\/\/www.sestogrado.it\/it\/prodotto\/black-diamond-pipe-dream-45-zaino-porta-materiale-materassino-incorporato\/#primaryimage","url":"https:\/\/www.sestogrado.it\/wp-content\/uploads\/2022\/12\/01-3.jpg","contentUrl":"https:\/\/www.sestogrado.it\/wp-content\/uploads\/2022\/12\/01-3.jpg","width":1000,"height":1000,"caption":"pipe dream"},{"@type":"BreadcrumbList","@id":"https:\/\/www.sestogrado.it\/it\/prodotto\/black-diamond-pipe-dream-45-zaino-porta-materiale-materassino-incorporato\/#breadcrumb","itemListElement":[{"@type":"ListItem","position":1,"name":"Home","item":"https:\/\/www.sestogrado.it\/it\/"},{"@type":"ListItem","position":2,"name":"Shop","item":"https:\/\/www.sestogrado.it\/it\/shop\/"},{"@type":"ListItem","position":3,"name":"Black Diamond Pipe Dream 45 zaino porta materiale con materassino incorporato"}]},{"@type":"WebSite","@id":"https:\/\/www.sestogrado.it\/it\/#website","url":"https:\/\/www.sestogrado.it\/it\/","name":"Sestogrado","description":"yes we climb","publisher":{"@id":"https:\/\/www.sestogrado.it\/it\/#organization"},"potentialAction":[{"@type":"SearchAction","target":{"@type":"EntryPoint","urlTemplate":"https:\/\/www.sestogrado.it\/it\/?s={search_term_string}"},"query-input":{"@type":"PropertyValueSpecification","valueRequired":true,"valueName":"search_term_string"}}],"inLanguage":"it-IT"},{"@type":"Organization","@id":"https:\/\/www.sestogrado.it\/it\/#organization","name":"Sestogrado","url":"https:\/\/www.sestogrado.it\/it\/","logo":{"@type":"ImageObject","inLanguage":"it-IT","@id":"https:\/\/www.sestogrado.it\/it\/#\/schema\/logo\/image\/","url":"https:\/\/www.sestogrado.it\/wp-content\/uploads\/2015\/03\/sestogrado-favicon.png","contentUrl":"https:\/\/www.sestogrado.it\/wp-content\/uploads\/2015\/03\/sestogrado-favicon.png","width":260,"height":260,"caption":"Sestogrado"},"image":{"@id":"https:\/\/www.sestogrado.it\/it\/#\/schema\/logo\/image\/"},"sameAs":["https:\/\/www.facebook.com\/pages\/Sestogrado\/1542635979353017?ref=bookmarks","https:\/\/www.youtube.com\/channel\/UC847kAfTkaJsWpc1jtQwr3Q"],"hasMerchantReturnPolicy":{"@type":"MerchantReturnPolicy","merchantReturnLink":"https:\/\/www.sestogrado.it\/it\/termini-e-condizioni\/"}}]},"product_brand":"Black Diamond","product_price_amount":"119.00","product_price_currency":"EUR","og_availability":"out of stock","product_availability":"out of stock","product_condition":"new"},"_links":{"self":[{"href":"https:\/\/www.sestogrado.it\/it\/wp-json\/wp\/v2\/product\/17463","targetHints":{"allow":["GET"]}}],"collection":[{"href":"https:\/\/www.sestogrado.it\/it\/wp-json\/wp\/v2\/product"}],"about":[{"href":"https:\/\/www.sestogrado.it\/it\/wp-json\/wp\/v2\/types\/product"}],"replies":[{"embeddable":true,"href":"https:\/\/www.sestogrado.it\/it\/wp-json\/wp\/v2\/comments?post=17463"}],"wp:featuredmedia":[{"embeddable":true,"href":"https:\/\/www.sestogrado.it\/it\/wp-json\/wp\/v2\/media\/132741"}],"wp:attachment":[{"href":"https:\/\/www.sestogrado.it\/it\/wp-json\/wp\/v2\/media?parent=17463"}],"wp:term":[{"taxonomy":"product_brand","embeddable":true,"href":"https:\/\/www.sestogrado.it\/it\/wp-json\/wp\/v2\/product_brand?post=17463"},{"taxonomy":"product_cat","embeddable":true,"href":"https:\/\/www.sestogrado.it\/it\/wp-json\/wp\/v2\/product_cat?post=17463"},{"taxonomy":"product_tag","embeddable":true,"href":"https:\/\/www.sestogrado.it\/it\/wp-json\/wp\/v2\/product_tag?post=17463"}],"curies":[{"name":"wp","href":"https:\/\/api.w.org\/{rel}","templated":true}]}}